{"id":98548,"date":"2015-06-03T09:03:13","date_gmt":"2015-06-03T07:03:13","guid":{"rendered":"https:\/\/www.geostru.eu\/shop\/fara-categorie\/geological-geotechnical-formula-2\/"},"modified":"2025-11-05T11:24:57","modified_gmt":"2025-11-05T10:24:57","slug":"formular-geologie-geotehnica","status":"publish","type":"product","link":"https:\/\/www.geostru.eu\/ro\/shop\/software-ro\/formular-geologie-geotehnica\/","title":{"rendered":"Formularul de Geologie \u0219i Geotehnic\u0103 &#8211; Geostru Formula"},"content":{"rendered":"<div class=\"wpb-content-wrapper\"><p>[vc_row][vc_column][vc_column_text]<\/p>\n<p style=\"text-align: justify;\"><strong>Formularul de Geologie \u0219i Geotehnic\u0103 &#8211; Geostru Formula<\/strong> este un software care include un set foarte larg de subiecte.<br \/>\n<strong>Geostru Formula<\/strong> este un instrument practic \u0219i de ajutor pentru liberi profesionisti. Formularul de geologie \u0219i geotehnic\u0103 permite rezolvarea oric\u0103rui tip de problem\u0103, de exemplu, este necesar s\u0103 se cunoasc\u0103 coeficien\u021bii de consolidare unidimensionali.<br \/>\n<strong>Geostru Formula<\/strong> le caut\u0103 \u00een baza de date integrat\u0103 sau ofer\u0103 corela\u021bii pentru a le calcula.<br \/>\n\u00cen stabilitatea taluzurilor, este necesar s\u0103 se calculeze stabilitatea unei pante nedefinite? Sau este necesar s\u0103 se ob\u021bin\u0103 parametri geotehnici specifici din testele in situ, etc.<br \/>\nToate acestea \u0219i multe altele au fost incluse \u00een formular cu peste 100 de corela\u021bii disponibile cu formule \u0219i grafice extinse pentru comparare, zeci de formule de calcul \u0219i o baz\u0103 de date care con\u021bine zeci de propriet\u0103\u021bi geotehnice \u0219i sute de materiale.<\/p>\n<p style=\"text-align: justify;\">Se compune dintr-o vast\u0103 colec\u021bie de corela\u021bii pentru:<\/p>\n<ul style=\"text-align: justify;\">\n<li>Parametrii geotehnici cum ar fi unghiul de rezisten\u021b\u0103 la coeziune \u0219i forfecare, corela\u021biile dintre propriet\u0103\u021bile indicelui de sol<\/li>\n<li>Anchete \u0219i teste de teren: <a href=\"https:\/\/www.geostru.eu\/ro\/shop\/software-ro\/incercari-in-situ\/dynamic-probing-incercari-de-penetrometrie-dinamica\/\" target=\"_blank\" rel=\"noopener\">SPT<\/a>, <a href=\"https:\/\/www.geostru.eu\/ro\/shop\/software-ro\/incercari-in-situ\/static-probing-incercari-de-penetrometrie-statica\/\" target=\"_blank\" rel=\"noopener\">CPT<\/a>, DMT<\/li>\n<li>Ap\u0103sarea pe teren: odihn\u0103, activ\u0103, pasiv\u0103 \u00een condi\u021bii statice \u0219i dinamice<\/li>\n<li>Parametrii de consolidare<\/li>\n<li>Mecanica rocilor<\/li>\n<li>Teste de permeabilitate<\/li>\n<li><a href=\"https:\/\/www.geostru.eu\/ro\/shop\/geotehnica-si-geologie\/stabilitatea-taluzurilor-slope\/\" target=\"_blank\" rel=\"noopener\">Stabilitatea taluzurilor<\/a><\/li>\n<\/ul>\n<p style=\"text-align: justify;\">Baza de date poate fi personalizat\u0103 de utilizator, dar este distribuit\u0103 \u00een baza central\u0103 de date Geostru. Ori de c\u00e2te ori este integrat cu elemente noi, serverul nostru le notific\u0103 \u0219i le transfer\u0103 utilizatorului final. Sistemul de transfer nu se limiteaz\u0103 la \u00eenlocuirea fi\u0219ierului, ci integreaz\u0103 baza de date personalizat\u0103 a utilizatorului.<\/p>\n<p style=\"text-align: justify;\">Aceea\u0219i baz\u0103 de date este \u00eemp\u0103rt\u0103\u0219it\u0103 de toate aplica\u021biile Geostru.<\/p>\n<p style=\"text-align: justify;\">Formularul de geotehnic\u0103 \u0219i geologie constituie un instrument de utilitate apreciabil\u0103 \u00een toate circumstan\u021bele \u00een care utilizatorul are pu\u021bine informa\u021bii despre terenul care urmeaz\u0103 s\u0103 fie caracterizat \u0219i trebuie s\u0103 cunoasc\u0103 formula aplicat\u0103 pentru a determina parametrul de interes.<\/p>\n<p style=\"text-align: justify;\">Geostru Formula este o resurs\u0103 indispensabil\u0103 \u0219i imediat\u0103 de utilizare.<\/p>\n<p>[\/vc_column_text][\/vc_column][\/vc_row]<\/p>\n<\/div>","protected":false},"excerpt":{"rendered":"<p style=\"text-align: justify;\"><strong>Formularul de Geologie si Geotehnic\u0103 &#8211; Geostru Formula<\/strong> este un instrument practic \u0219i de ajutor pentru liberi profesioni\u0219ti.<\/p>\n<p style=\"text-align: justify;\">Geostru Formula permite rezolvarea oric\u0103rui tip de problem\u0103 din clasificarea terenurilor,\u00a0interpretarea testelor statice \u0219i dinamice la calculul for\u021bei terestre.<\/p>\n<p style=\"text-align: justify;\">Sute de corela\u021bii cu formule extinse \u0219i diagrame de compara\u021bie au fost incluse \u00een formular.<\/p>\n<p style=\"text-align: justify;\">Formularul are, de asemenea, o baz\u0103 de date grafic\u0103 care poate fi \u00eemp\u0103r\u021bit\u0103 \u00eentre utilizatori, care con\u021bine zeci de propriet\u0103\u021bi geotehnice \u0219i sute de materiale.<\/p>\n<p>&nbsp;<\/p>\n","protected":false},"featured_media":15310,"comment_status":"open","ping_status":"closed","template":"","meta":[],"product_cat":[202,530,85,201],"product_tag":[1522],"class_list":{"0":"post-98548","1":"product","2":"type-product","3":"status-publish","4":"has-post-thumbnail","6":"product_cat-software-ro","7":"product_cat-software-geologia-ro-2","8":"product_cat-geotehnica-si-geologie","9":"product_cat-free-ro","10":"product_tag-formula-ro","11":"description-off","13":"first","14":"instock","15":"sale","16":"downloadable","17":"virtual","18":"sold-individually","19":"taxable","20":"purchasable","21":"product-type-licensed"},"yoast_head":"<!-- This site is optimized with the Yoast SEO Premium plugin v25.0 (Yoast SEO v25.0) - https:\/\/yoast.com\/wordpress\/plugins\/seo\/ -->\n<title>Formularul de Geologie \u0219i Geotehnic\u0103 - Geostru Formula<\/title>\n<meta name=\"description\" content=\"Formularul de Geologie si Geotehnic\u0103 - Geostru Formula\u00a0este un instrument practic \u0219i de ajutor pentru liberi profesioni\u0219ti.\" \/>\n<meta name=\"robots\" content=\"index, follow, max-snippet:-1, max-image-preview:large, max-video-preview:-1\" \/>\n<link rel=\"canonical\" href=\"https:\/\/www.geostru.eu\/ro\/shop\/software-ro\/formular-geologie-geotehnica\/\" \/>\n<meta property=\"og:locale\" content=\"ro_RO\" \/>\n<meta property=\"og:type\" content=\"article\" \/>\n<meta property=\"og:title\" content=\"Formularul de Geologie \u0219i Geotehnic\u0103 - Geostru Formula\" \/>\n<meta property=\"og:description\" content=\"Formularul de Geologie si Geotehnic\u0103 - Geostru Formula\u00a0este un instrument practic \u0219i de ajutor pentru liberi profesioni\u0219ti.\" \/>\n<meta property=\"og:url\" content=\"https:\/\/www.geostru.eu\/ro\/shop\/software-ro\/formular-geologie-geotehnica\/\" \/>\n<meta property=\"og:site_name\" content=\"GeoStru EU\" \/>\n<meta property=\"article:publisher\" content=\"https:\/\/www.facebook.com\/GeoStruSoftware\/\" \/>\n<meta property=\"article:modified_time\" content=\"2025-11-05T10:24:57+00:00\" \/>\n<meta property=\"og:image\" content=\"https:\/\/www.geostru.eu\/wp-content\/uploads\/2015\/06\/snip_formula.png\" \/>\n\t<meta property=\"og:image:width\" content=\"2875\" \/>\n\t<meta property=\"og:image:height\" content=\"1303\" \/>\n\t<meta property=\"og:image:type\" content=\"image\/png\" \/>\n<meta name=\"twitter:card\" content=\"summary_large_image\" \/>\n<meta name=\"twitter:site\" content=\"@geostru\" \/>\n<meta name=\"twitter:label1\" content=\"Pre\u021b\" \/>\n\t<meta name=\"twitter:data1\" content=\"&euro;290.00 f\u0103r\u0103 TVA\" \/>\n\t<meta name=\"twitter:label2\" content=\"Disponibilitate\" \/>\n\t<meta name=\"twitter:data2\" content=\"\u00cen stoc\" \/>\n<script type=\"application\/ld+json\" class=\"yoast-schema-graph\">{\"@context\":\"https:\/\/schema.org\",\"@graph\":[{\"@type\":\"WebPage\",\"@id\":\"https:\/\/www.geostru.eu\/ro\/shop\/software-ro\/formular-geologie-geotehnica\/\",\"url\":\"https:\/\/www.geostru.eu\/ro\/shop\/software-ro\/formular-geologie-geotehnica\/\",\"name\":\"Formularul de Geologie \u0219i Geotehnic\u0103 - Geostru Formula\",\"isPartOf\":{\"@id\":\"https:\/\/www.geostru.eu\/ro\/#website\"},\"primaryImageOfPage\":{\"@id\":\"https:\/\/www.geostru.eu\/ro\/shop\/software-ro\/formular-geologie-geotehnica\/#primaryimage\"},\"image\":{\"@id\":\"https:\/\/www.geostru.eu\/ro\/shop\/software-ro\/formular-geologie-geotehnica\/#primaryimage\"},\"thumbnailUrl\":\"https:\/\/www.geostru.eu\/wp-content\/uploads\/2015\/06\/penetrometr.png\",\"datePublished\":\"2015-06-03T07:03:13+00:00\",\"dateModified\":\"2025-11-05T10:24:57+00:00\",\"description\":\"Formularul de Geologie si Geotehnic\u0103 - Geostru Formula\u00a0este un instrument practic \u0219i de ajutor pentru liberi profesioni\u0219ti.\",\"breadcrumb\":{\"@id\":\"https:\/\/www.geostru.eu\/ro\/shop\/software-ro\/formular-geologie-geotehnica\/#breadcrumb\"},\"inLanguage\":\"ro-RO\",\"potentialAction\":[{\"@type\":\"ReadAction\",\"target\":[\"https:\/\/www.geostru.eu\/ro\/shop\/software-ro\/formular-geologie-geotehnica\/\"]}]},{\"@type\":\"ImageObject\",\"inLanguage\":\"ro-RO\",\"@id\":\"https:\/\/www.geostru.eu\/ro\/shop\/software-ro\/formular-geologie-geotehnica\/#primaryimage\",\"url\":\"https:\/\/www.geostru.eu\/wp-content\/uploads\/2015\/06\/penetrometr.png\",\"contentUrl\":\"https:\/\/www.geostru.eu\/wp-content\/uploads\/2015\/06\/penetrometr.png\",\"width\":1921,\"height\":1040},{\"@type\":\"BreadcrumbList\",\"@id\":\"https:\/\/www.geostru.eu\/ro\/shop\/software-ro\/formular-geologie-geotehnica\/#breadcrumb\",\"itemListElement\":[{\"@type\":\"ListItem\",\"position\":1,\"name\":\"Home\",\"item\":\"https:\/\/www.geostru.eu\/ro\/\"},{\"@type\":\"ListItem\",\"position\":2,\"name\":\"Shop\",\"item\":\"https:\/\/www.geostru.eu\/shop\/?lang=ro\"},{\"@type\":\"ListItem\",\"position\":3,\"name\":\"Formularul de Geologie \u0219i Geotehnic\u0103 &#8211; Geostru Formula\"}]},{\"@type\":\"WebSite\",\"@id\":\"https:\/\/www.geostru.eu\/ro\/#website\",\"url\":\"https:\/\/www.geostru.eu\/ro\/\",\"name\":\"GeoStru EU\",\"description\":\"Professionals at your service\",\"publisher\":{\"@id\":\"https:\/\/www.geostru.eu\/ro\/#organization\"},\"potentialAction\":[{\"@type\":\"SearchAction\",\"target\":{\"@type\":\"EntryPoint\",\"urlTemplate\":\"https:\/\/www.geostru.eu\/ro\/?s={search_term_string}\"},\"query-input\":{\"@type\":\"PropertyValueSpecification\",\"valueRequired\":true,\"valueName\":\"search_term_string\"}}],\"inLanguage\":\"ro-RO\"},{\"@type\":\"Organization\",\"@id\":\"https:\/\/www.geostru.eu\/ro\/#organization\",\"name\":\"GeoStru EU\",\"url\":\"https:\/\/www.geostru.eu\/ro\/\",\"logo\":{\"@type\":\"ImageObject\",\"inLanguage\":\"ro-RO\",\"@id\":\"https:\/\/www.geostru.eu\/ro\/#\/schema\/logo\/image\/\",\"url\":\"https:\/\/www.geostru.eu\/wp-content\/uploads\/2023\/02\/LOGO_GEOSTRU_educational_banner.png\",\"contentUrl\":\"https:\/\/www.geostru.eu\/wp-content\/uploads\/2023\/02\/LOGO_GEOSTRU_educational_banner.png\",\"width\":363,\"height\":115,\"caption\":\"GeoStru EU\"},\"image\":{\"@id\":\"https:\/\/www.geostru.eu\/ro\/#\/schema\/logo\/image\/\"},\"sameAs\":[\"https:\/\/www.facebook.com\/GeoStruSoftware\/\",\"https:\/\/x.com\/geostru\",\"https:\/\/www.linkedin.com\/company\/2462488\/admin\/\",\"https:\/\/www.instagram.com\/geostru\/\"]}]}<\/script>\n<meta property=\"product:brand\" content=\"Software\" \/>\n<meta property=\"product:price:amount\" content=\"290.00\" \/>\n<meta property=\"product:price:currency\" content=\"EUR\" \/>\n<meta property=\"og:availability\" content=\"instock\" \/>\n<meta property=\"product:availability\" content=\"instock\" \/>\n<meta property=\"product:retailer_item_id\" content=\"456\" \/>\n<meta property=\"product:condition\" content=\"new\" \/>\n<!-- \/ Yoast SEO Premium plugin. -->","yoast_head_json":{"title":"Formularul de Geologie \u0219i Geotehnic\u0103 - Geostru Formula","description":"Formularul de Geologie si Geotehnic\u0103 - Geostru Formula\u00a0este un instrument practic \u0219i de ajutor pentru liberi profesioni\u0219ti.","robots":{"index":"index","follow":"follow","max-snippet":"max-snippet:-1","max-image-preview":"max-image-preview:large","max-video-preview":"max-video-preview:-1"},"canonical":"https:\/\/www.geostru.eu\/ro\/shop\/software-ro\/formular-geologie-geotehnica\/","og_locale":"ro_RO","og_type":"article","og_title":"Formularul de Geologie \u0219i Geotehnic\u0103 - Geostru Formula","og_description":"Formularul de Geologie si Geotehnic\u0103 - Geostru Formula\u00a0este un instrument practic \u0219i de ajutor pentru liberi profesioni\u0219ti.","og_url":"https:\/\/www.geostru.eu\/ro\/shop\/software-ro\/formular-geologie-geotehnica\/","og_site_name":"GeoStru EU","article_publisher":"https:\/\/www.facebook.com\/GeoStruSoftware\/","article_modified_time":"2025-11-05T10:24:57+00:00","og_image":[{"width":2875,"height":1303,"url":"https:\/\/www.geostru.eu\/wp-content\/uploads\/2015\/06\/snip_formula.png","type":"image\/png"}],"twitter_card":"summary_large_image","twitter_site":"@geostru","twitter_misc":{"Pre\u021b":"&euro;290.00 f\u0103r\u0103 TVA","Disponibilitate":"\u00cen stoc"},"schema":{"@context":"https:\/\/schema.org","@graph":[{"@type":"WebPage","@id":"https:\/\/www.geostru.eu\/ro\/shop\/software-ro\/formular-geologie-geotehnica\/","url":"https:\/\/www.geostru.eu\/ro\/shop\/software-ro\/formular-geologie-geotehnica\/","name":"Formularul de Geologie \u0219i Geotehnic\u0103 - Geostru Formula","isPartOf":{"@id":"https:\/\/www.geostru.eu\/ro\/#website"},"primaryImageOfPage":{"@id":"https:\/\/www.geostru.eu\/ro\/shop\/software-ro\/formular-geologie-geotehnica\/#primaryimage"},"image":{"@id":"https:\/\/www.geostru.eu\/ro\/shop\/software-ro\/formular-geologie-geotehnica\/#primaryimage"},"thumbnailUrl":"https:\/\/www.geostru.eu\/wp-content\/uploads\/2015\/06\/penetrometr.png","datePublished":"2015-06-03T07:03:13+00:00","dateModified":"2025-11-05T10:24:57+00:00","description":"Formularul de Geologie si Geotehnic\u0103 - Geostru Formula\u00a0este un instrument practic \u0219i de ajutor pentru liberi profesioni\u0219ti.","breadcrumb":{"@id":"https:\/\/www.geostru.eu\/ro\/shop\/software-ro\/formular-geologie-geotehnica\/#breadcrumb"},"inLanguage":"ro-RO","potentialAction":[{"@type":"ReadAction","target":["https:\/\/www.geostru.eu\/ro\/shop\/software-ro\/formular-geologie-geotehnica\/"]}]},{"@type":"ImageObject","inLanguage":"ro-RO","@id":"https:\/\/www.geostru.eu\/ro\/shop\/software-ro\/formular-geologie-geotehnica\/#primaryimage","url":"https:\/\/www.geostru.eu\/wp-content\/uploads\/2015\/06\/penetrometr.png","contentUrl":"https:\/\/www.geostru.eu\/wp-content\/uploads\/2015\/06\/penetrometr.png","width":1921,"height":1040},{"@type":"BreadcrumbList","@id":"https:\/\/www.geostru.eu\/ro\/shop\/software-ro\/formular-geologie-geotehnica\/#breadcrumb","itemListElement":[{"@type":"ListItem","position":1,"name":"Home","item":"https:\/\/www.geostru.eu\/ro\/"},{"@type":"ListItem","position":2,"name":"Shop","item":"https:\/\/www.geostru.eu\/shop\/?lang=ro"},{"@type":"ListItem","position":3,"name":"Formularul de Geologie \u0219i Geotehnic\u0103 &#8211; Geostru Formula"}]},{"@type":"WebSite","@id":"https:\/\/www.geostru.eu\/ro\/#website","url":"https:\/\/www.geostru.eu\/ro\/","name":"GeoStru EU","description":"Professionals at your service","publisher":{"@id":"https:\/\/www.geostru.eu\/ro\/#organization"},"potentialAction":[{"@type":"SearchAction","target":{"@type":"EntryPoint","urlTemplate":"https:\/\/www.geostru.eu\/ro\/?s={search_term_string}"},"query-input":{"@type":"PropertyValueSpecification","valueRequired":true,"valueName":"search_term_string"}}],"inLanguage":"ro-RO"},{"@type":"Organization","@id":"https:\/\/www.geostru.eu\/ro\/#organization","name":"GeoStru EU","url":"https:\/\/www.geostru.eu\/ro\/","logo":{"@type":"ImageObject","inLanguage":"ro-RO","@id":"https:\/\/www.geostru.eu\/ro\/#\/schema\/logo\/image\/","url":"https:\/\/www.geostru.eu\/wp-content\/uploads\/2023\/02\/LOGO_GEOSTRU_educational_banner.png","contentUrl":"https:\/\/www.geostru.eu\/wp-content\/uploads\/2023\/02\/LOGO_GEOSTRU_educational_banner.png","width":363,"height":115,"caption":"GeoStru EU"},"image":{"@id":"https:\/\/www.geostru.eu\/ro\/#\/schema\/logo\/image\/"},"sameAs":["https:\/\/www.facebook.com\/GeoStruSoftware\/","https:\/\/x.com\/geostru","https:\/\/www.linkedin.com\/company\/2462488\/admin\/","https:\/\/www.instagram.com\/geostru\/"]}]},"product_brand":"Software","product_price_amount":"290.00","product_price_currency":"EUR","og_availability":"instock","product_availability":"instock","product_retailer_item_id":"456","product_condition":"new"},"_links":{"self":[{"href":"https:\/\/www.geostru.eu\/ro\/wp-json\/wp\/v2\/product\/98548"}],"collection":[{"href":"https:\/\/www.geostru.eu\/ro\/wp-json\/wp\/v2\/product"}],"about":[{"href":"https:\/\/www.geostru.eu\/ro\/wp-json\/wp\/v2\/types\/product"}],"replies":[{"embeddable":true,"href":"https:\/\/www.geostru.eu\/ro\/wp-json\/wp\/v2\/comments?post=98548"}],"wp:featuredmedia":[{"embeddable":true,"href":"https:\/\/www.geostru.eu\/ro\/wp-json\/wp\/v2\/media\/15310"}],"wp:attachment":[{"href":"https:\/\/www.geostru.eu\/ro\/wp-json\/wp\/v2\/media?parent=98548"}],"wp:term":[{"taxonomy":"product_cat","embeddable":true,"href":"https:\/\/www.geostru.eu\/ro\/wp-json\/wp\/v2\/product_cat?post=98548"},{"taxonomy":"product_tag","embeddable":true,"href":"https:\/\/www.geostru.eu\/ro\/wp-json\/wp\/v2\/product_tag?post=98548"}],"curies":[{"name":"wp","href":"https:\/\/api.w.org\/{rel}","templated":true}]}}