{"id":89424,"date":"2018-03-31T07:12:26","date_gmt":"2018-03-31T05:12:26","guid":{"rendered":"https:\/\/www.geostru.eu\/shop\/fara-categorie\/stratigrapher-3d-2\/"},"modified":"2025-02-05T15:41:41","modified_gmt":"2025-02-05T14:41:41","slug":"modelare-geologica-3d","status":"publish","type":"product","link":"https:\/\/www.geostru.eu\/ro\/shop\/software-ro\/modelare-geologica-3d\/","title":{"rendered":"Modelare geologic\u0103 si geotehnic\u0103 3D &#8211; GM3D"},"content":{"rendered":"<p>Prin intermediul unor algoritmi sofistica\u021bi de modelare digital\u0103 3D, programul GM3D reconstruie\u0219te modelul stratigrafic tridimensional al subsolului.<\/p>\n<p>GM3D este solu\u021bia optim\u0103 pentru modelarea BIM geologic\u0103 \u0219i geotehnic\u0103, permi\u021b\u00e2nd utilizatorului s\u0103 creeze \u0219i s\u0103 exporte modele BIM tridimensionale ale subsolului \u0219i ale sec\u021biunilor geotehnice \u00eentr-un mod rapid \u0219i simplu.<\/p>\n<p>Datorit\u0103 algoritmilor s\u0103i de modelare 3D, GM3D ofer\u0103 diferite abord\u0103ri de modelare, prin care este capabil s\u0103 reconstruiasc\u0103 modelul stratigrafic al terenului \u0219i sec\u021biunile geologice. Modelul tridimensional al subsolului poate fi combinat cu modele 3D ale structurilor de toate tipurile.<\/p>\n<p>GM3D este un software versatil, care accept\u0103 importul \u0219i exportul \u00een format EDP, un format de schimb de date bine cunoscut \u00een cadrul programelor GeoStru, utilizat pentru \u00eencerc\u0103rile in situ de penetrare static\u0103 \u0219i dinamic\u0103 \u0219i testele geofizice, precum \u0219i \u00een format PDF, DWG\/DXF \u0219i \u00een formate standard BIM ICF \u0219i AGS.<\/p>\n<p>&nbsp;<\/p>\n<blockquote><p>Sondajele pot fi importate din: fi\u0219ier text TXT, AGS4 (standard BIM), EDP cunoscut format de schimb de date GeoStru.<br \/>\nDup\u0103 procesarea modelului 3D, se pot crea sec\u021biuni bidimensionale care pot fi exportate pentru elabor\u0103ri viitoare,<br \/>\npentru diferire cazuri :analiza stabilit\u0103\u021bii, mecanica rocilor , etc..<\/p><\/blockquote>\n","protected":false},"excerpt":{"rendered":"<p style=\"text-align: justify;\"><strong>Modelare geologic\u0103 3D &#8211; GM3D<\/strong> software pentru modelarea geologic\u0103 \u0219i geotehnic\u0103 BIM 2D \u0219i 3D. \u00cen acest <a href=\"https:\/\/www.youtube.com\/watch?v=dzQjuit9I6I\" target=\"_blank\" rel=\"noopener noreferrer\">videoclip<\/a> sunt prezentate c\u00e2teva caracteristici ale software-ului.<\/p>\n<p>GM3D permite importul de date din: ags, ifc, dxf, obj, fbx, 3ds, c4d, dwg, csv, sondaje, teste de penetrare static\u0103 \u0219i dinamic\u0103, teste geofizice \u0219i crearea de sec\u021biuni, 2D \u0219i 3D.<\/p>\n","protected":false},"featured_media":127562,"comment_status":"closed","ping_status":"closed","template":"","meta":[],"product_cat":[202,530,85,87,84],"product_tag":[1719,1720],"class_list":{"0":"post-89424","1":"product","2":"type-product","3":"status-publish","4":"has-post-thumbnail","6":"product_cat-software-ro","7":"product_cat-software-geologia-ro-2","8":"product_cat-geotehnica-si-geologie","9":"product_cat-incercari-in-situ","10":"product_cat-geofizica","11":"product_tag-3d-modelling-ro","12":"product_tag-stratigrapher-3d-ro","13":"description-off","15":"first","16":"instock","17":"downloadable","18":"virtual","19":"sold-individually","20":"taxable","21":"purchasable","22":"product-type-licensed"},"yoast_head":"<!-- This site is optimized with the Yoast SEO Premium plugin v25.0 (Yoast SEO v25.0) - https:\/\/yoast.com\/wordpress\/plugins\/seo\/ -->\n<title>Modelare geologic\u0103 si geotehnic\u0103 3D - GM3D - GeoStru EU<\/title>\n<meta name=\"description\" content=\"Modellazione geologica e geotecnica 3D - GM3D\u00a0software per la modellazione BIM geologica e geotecnica 2D-3D.\u00a0 GM3D tramite sofisticati algoritmi di modellazione 3D digitale ricostruisce il modello stratigrafico tridimensionale del sottosuolo. GM3D consente di importare i sondaggi da: prove penetrometriche statiche e dinamiche, prove geofisiche e di creare sezioni 2D e 3D.\" \/>\n<meta name=\"robots\" content=\"index, follow, max-snippet:-1, max-image-preview:large, max-video-preview:-1\" \/>\n<link rel=\"canonical\" href=\"https:\/\/www.geostru.eu\/ro\/shop\/software-ro\/modelare-geologica-3d\/\" \/>\n<meta property=\"og:locale\" content=\"ro_RO\" \/>\n<meta property=\"og:type\" content=\"article\" \/>\n<meta property=\"og:title\" content=\"Modelare geologic\u0103 si geotehnic\u0103 3D - GM3D\" \/>\n<meta property=\"og:description\" content=\"Modellazione geologica e geotecnica 3D - GM3D\u00a0software per la modellazione BIM geologica e geotecnica 2D-3D.\u00a0 GM3D tramite sofisticati algoritmi di modellazione 3D digitale ricostruisce il modello stratigrafico tridimensionale del sottosuolo. GM3D consente di importare i sondaggi da: prove penetrometriche statiche e dinamiche, prove geofisiche e di creare sezioni 2D e 3D.\" \/>\n<meta property=\"og:url\" content=\"https:\/\/www.geostru.eu\/ro\/shop\/software-ro\/modelare-geologica-3d\/\" \/>\n<meta property=\"og:site_name\" content=\"GeoStru EU\" \/>\n<meta property=\"article:publisher\" content=\"https:\/\/www.facebook.com\/GeoStruSoftware\/\" \/>\n<meta property=\"article:modified_time\" content=\"2025-02-05T14:41:41+00:00\" \/>\n<meta property=\"og:image\" content=\"https:\/\/www.geostru.eu\/wp-content\/uploads\/2018\/03\/screen_1_gm3d_ro.png\" \/>\n\t<meta property=\"og:image:width\" content=\"1920\" \/>\n\t<meta property=\"og:image:height\" content=\"1080\" \/>\n\t<meta property=\"og:image:type\" content=\"image\/png\" \/>\n<meta name=\"twitter:card\" content=\"summary_large_image\" \/>\n<meta name=\"twitter:site\" content=\"@geostru\" \/>\n<meta name=\"twitter:label1\" content=\"Pre\u021b\" \/>\n\t<meta name=\"twitter:data1\" content=\"&euro;590.00 f\u0103r\u0103 TVA\" \/>\n\t<meta name=\"twitter:label2\" content=\"Disponibilitate\" \/>\n\t<meta name=\"twitter:data2\" content=\"\u00cen stoc\" \/>\n<script type=\"application\/ld+json\" class=\"yoast-schema-graph\">{\"@context\":\"https:\/\/schema.org\",\"@graph\":[{\"@type\":\"WebPage\",\"@id\":\"https:\/\/www.geostru.eu\/ro\/shop\/software-ro\/modelare-geologica-3d\/\",\"url\":\"https:\/\/www.geostru.eu\/ro\/shop\/software-ro\/modelare-geologica-3d\/\",\"name\":\"Modelare geologic\u0103 si geotehnic\u0103 3D - GM3D - GeoStru EU\",\"isPartOf\":{\"@id\":\"https:\/\/www.geostru.eu\/ro\/#website\"},\"primaryImageOfPage\":{\"@id\":\"https:\/\/www.geostru.eu\/ro\/shop\/software-ro\/modelare-geologica-3d\/#primaryimage\"},\"image\":{\"@id\":\"https:\/\/www.geostru.eu\/ro\/shop\/software-ro\/modelare-geologica-3d\/#primaryimage\"},\"thumbnailUrl\":\"https:\/\/www.geostru.eu\/wp-content\/uploads\/2018\/03\/screen_1_gm3d_ro.png\",\"datePublished\":\"2018-03-31T05:12:26+00:00\",\"dateModified\":\"2025-02-05T14:41:41+00:00\",\"description\":\"Modellazione geologica e geotecnica 3D - GM3D\u00a0software per la modellazione BIM geologica e geotecnica 2D-3D.\u00a0 GM3D tramite sofisticati algoritmi di modellazione 3D digitale ricostruisce il modello stratigrafico tridimensionale del sottosuolo. GM3D consente di importare i sondaggi da: prove penetrometriche statiche e dinamiche, prove geofisiche e di creare sezioni 2D e 3D.\",\"breadcrumb\":{\"@id\":\"https:\/\/www.geostru.eu\/ro\/shop\/software-ro\/modelare-geologica-3d\/#breadcrumb\"},\"inLanguage\":\"ro-RO\",\"potentialAction\":[{\"@type\":\"ReadAction\",\"target\":[\"https:\/\/www.geostru.eu\/ro\/shop\/software-ro\/modelare-geologica-3d\/\"]}]},{\"@type\":\"ImageObject\",\"inLanguage\":\"ro-RO\",\"@id\":\"https:\/\/www.geostru.eu\/ro\/shop\/software-ro\/modelare-geologica-3d\/#primaryimage\",\"url\":\"https:\/\/www.geostru.eu\/wp-content\/uploads\/2018\/03\/screen_1_gm3d_ro.png\",\"contentUrl\":\"https:\/\/www.geostru.eu\/wp-content\/uploads\/2018\/03\/screen_1_gm3d_ro.png\",\"width\":1920,\"height\":1080},{\"@type\":\"BreadcrumbList\",\"@id\":\"https:\/\/www.geostru.eu\/ro\/shop\/software-ro\/modelare-geologica-3d\/#breadcrumb\",\"itemListElement\":[{\"@type\":\"ListItem\",\"position\":1,\"name\":\"Home\",\"item\":\"https:\/\/www.geostru.eu\/ro\/\"},{\"@type\":\"ListItem\",\"position\":2,\"name\":\"Shop\",\"item\":\"https:\/\/www.geostru.eu\/shop\/?lang=ro\"},{\"@type\":\"ListItem\",\"position\":3,\"name\":\"Modelare geologic\u0103 si geotehnic\u0103 3D &#8211; GM3D\"}]},{\"@type\":\"WebSite\",\"@id\":\"https:\/\/www.geostru.eu\/ro\/#website\",\"url\":\"https:\/\/www.geostru.eu\/ro\/\",\"name\":\"GeoStru EU\",\"description\":\"Professionals at your service\",\"publisher\":{\"@id\":\"https:\/\/www.geostru.eu\/ro\/#organization\"},\"potentialAction\":[{\"@type\":\"SearchAction\",\"target\":{\"@type\":\"EntryPoint\",\"urlTemplate\":\"https:\/\/www.geostru.eu\/ro\/?s={search_term_string}\"},\"query-input\":{\"@type\":\"PropertyValueSpecification\",\"valueRequired\":true,\"valueName\":\"search_term_string\"}}],\"inLanguage\":\"ro-RO\"},{\"@type\":\"Organization\",\"@id\":\"https:\/\/www.geostru.eu\/ro\/#organization\",\"name\":\"GeoStru EU\",\"url\":\"https:\/\/www.geostru.eu\/ro\/\",\"logo\":{\"@type\":\"ImageObject\",\"inLanguage\":\"ro-RO\",\"@id\":\"https:\/\/www.geostru.eu\/ro\/#\/schema\/logo\/image\/\",\"url\":\"https:\/\/www.geostru.eu\/wp-content\/uploads\/2023\/02\/LOGO_GEOSTRU_educational_banner.png\",\"contentUrl\":\"https:\/\/www.geostru.eu\/wp-content\/uploads\/2023\/02\/LOGO_GEOSTRU_educational_banner.png\",\"width\":363,\"height\":115,\"caption\":\"GeoStru EU\"},\"image\":{\"@id\":\"https:\/\/www.geostru.eu\/ro\/#\/schema\/logo\/image\/\"},\"sameAs\":[\"https:\/\/www.facebook.com\/GeoStruSoftware\/\",\"https:\/\/x.com\/geostru\",\"https:\/\/www.linkedin.com\/company\/2462488\/admin\/\",\"https:\/\/www.instagram.com\/geostru\/\"]}]}<\/script>\n<meta property=\"product:brand\" content=\"Software\" \/>\n<meta property=\"product:price:amount\" content=\"590.00\" \/>\n<meta property=\"product:price:currency\" content=\"EUR\" \/>\n<meta property=\"og:availability\" content=\"instock\" \/>\n<meta property=\"product:availability\" content=\"instock\" \/>\n<meta property=\"product:retailer_item_id\" content=\"84\" \/>\n<meta property=\"product:condition\" content=\"new\" \/>\n<!-- \/ Yoast SEO Premium plugin. -->","yoast_head_json":{"title":"Modelare geologic\u0103 si geotehnic\u0103 3D - GM3D - GeoStru EU","description":"Modellazione geologica e geotecnica 3D - GM3D\u00a0software per la modellazione BIM geologica e geotecnica 2D-3D.\u00a0 GM3D tramite sofisticati algoritmi di modellazione 3D digitale ricostruisce il modello stratigrafico tridimensionale del sottosuolo. GM3D consente di importare i sondaggi da: prove penetrometriche statiche e dinamiche, prove geofisiche e di creare sezioni 2D e 3D.","robots":{"index":"index","follow":"follow","max-snippet":"max-snippet:-1","max-image-preview":"max-image-preview:large","max-video-preview":"max-video-preview:-1"},"canonical":"https:\/\/www.geostru.eu\/ro\/shop\/software-ro\/modelare-geologica-3d\/","og_locale":"ro_RO","og_type":"article","og_title":"Modelare geologic\u0103 si geotehnic\u0103 3D - GM3D","og_description":"Modellazione geologica e geotecnica 3D - GM3D\u00a0software per la modellazione BIM geologica e geotecnica 2D-3D.\u00a0 GM3D tramite sofisticati algoritmi di modellazione 3D digitale ricostruisce il modello stratigrafico tridimensionale del sottosuolo. GM3D consente di importare i sondaggi da: prove penetrometriche statiche e dinamiche, prove geofisiche e di creare sezioni 2D e 3D.","og_url":"https:\/\/www.geostru.eu\/ro\/shop\/software-ro\/modelare-geologica-3d\/","og_site_name":"GeoStru EU","article_publisher":"https:\/\/www.facebook.com\/GeoStruSoftware\/","article_modified_time":"2025-02-05T14:41:41+00:00","og_image":[{"width":1920,"height":1080,"url":"https:\/\/www.geostru.eu\/wp-content\/uploads\/2018\/03\/screen_1_gm3d_ro.png","type":"image\/png"}],"twitter_card":"summary_large_image","twitter_site":"@geostru","twitter_misc":{"Pre\u021b":"&euro;590.00 f\u0103r\u0103 TVA","Disponibilitate":"\u00cen stoc"},"schema":{"@context":"https:\/\/schema.org","@graph":[{"@type":"WebPage","@id":"https:\/\/www.geostru.eu\/ro\/shop\/software-ro\/modelare-geologica-3d\/","url":"https:\/\/www.geostru.eu\/ro\/shop\/software-ro\/modelare-geologica-3d\/","name":"Modelare geologic\u0103 si geotehnic\u0103 3D - GM3D - GeoStru EU","isPartOf":{"@id":"https:\/\/www.geostru.eu\/ro\/#website"},"primaryImageOfPage":{"@id":"https:\/\/www.geostru.eu\/ro\/shop\/software-ro\/modelare-geologica-3d\/#primaryimage"},"image":{"@id":"https:\/\/www.geostru.eu\/ro\/shop\/software-ro\/modelare-geologica-3d\/#primaryimage"},"thumbnailUrl":"https:\/\/www.geostru.eu\/wp-content\/uploads\/2018\/03\/screen_1_gm3d_ro.png","datePublished":"2018-03-31T05:12:26+00:00","dateModified":"2025-02-05T14:41:41+00:00","description":"Modellazione geologica e geotecnica 3D - GM3D\u00a0software per la modellazione BIM geologica e geotecnica 2D-3D.\u00a0 GM3D tramite sofisticati algoritmi di modellazione 3D digitale ricostruisce il modello stratigrafico tridimensionale del sottosuolo. GM3D consente di importare i sondaggi da: prove penetrometriche statiche e dinamiche, prove geofisiche e di creare sezioni 2D e 3D.","breadcrumb":{"@id":"https:\/\/www.geostru.eu\/ro\/shop\/software-ro\/modelare-geologica-3d\/#breadcrumb"},"inLanguage":"ro-RO","potentialAction":[{"@type":"ReadAction","target":["https:\/\/www.geostru.eu\/ro\/shop\/software-ro\/modelare-geologica-3d\/"]}]},{"@type":"ImageObject","inLanguage":"ro-RO","@id":"https:\/\/www.geostru.eu\/ro\/shop\/software-ro\/modelare-geologica-3d\/#primaryimage","url":"https:\/\/www.geostru.eu\/wp-content\/uploads\/2018\/03\/screen_1_gm3d_ro.png","contentUrl":"https:\/\/www.geostru.eu\/wp-content\/uploads\/2018\/03\/screen_1_gm3d_ro.png","width":1920,"height":1080},{"@type":"BreadcrumbList","@id":"https:\/\/www.geostru.eu\/ro\/shop\/software-ro\/modelare-geologica-3d\/#breadcrumb","itemListElement":[{"@type":"ListItem","position":1,"name":"Home","item":"https:\/\/www.geostru.eu\/ro\/"},{"@type":"ListItem","position":2,"name":"Shop","item":"https:\/\/www.geostru.eu\/shop\/?lang=ro"},{"@type":"ListItem","position":3,"name":"Modelare geologic\u0103 si geotehnic\u0103 3D &#8211; GM3D"}]},{"@type":"WebSite","@id":"https:\/\/www.geostru.eu\/ro\/#website","url":"https:\/\/www.geostru.eu\/ro\/","name":"GeoStru EU","description":"Professionals at your service","publisher":{"@id":"https:\/\/www.geostru.eu\/ro\/#organization"},"potentialAction":[{"@type":"SearchAction","target":{"@type":"EntryPoint","urlTemplate":"https:\/\/www.geostru.eu\/ro\/?s={search_term_string}"},"query-input":{"@type":"PropertyValueSpecification","valueRequired":true,"valueName":"search_term_string"}}],"inLanguage":"ro-RO"},{"@type":"Organization","@id":"https:\/\/www.geostru.eu\/ro\/#organization","name":"GeoStru EU","url":"https:\/\/www.geostru.eu\/ro\/","logo":{"@type":"ImageObject","inLanguage":"ro-RO","@id":"https:\/\/www.geostru.eu\/ro\/#\/schema\/logo\/image\/","url":"https:\/\/www.geostru.eu\/wp-content\/uploads\/2023\/02\/LOGO_GEOSTRU_educational_banner.png","contentUrl":"https:\/\/www.geostru.eu\/wp-content\/uploads\/2023\/02\/LOGO_GEOSTRU_educational_banner.png","width":363,"height":115,"caption":"GeoStru EU"},"image":{"@id":"https:\/\/www.geostru.eu\/ro\/#\/schema\/logo\/image\/"},"sameAs":["https:\/\/www.facebook.com\/GeoStruSoftware\/","https:\/\/x.com\/geostru","https:\/\/www.linkedin.com\/company\/2462488\/admin\/","https:\/\/www.instagram.com\/geostru\/"]}]},"product_brand":"Software","product_price_amount":"590.00","product_price_currency":"EUR","og_availability":"instock","product_availability":"instock","product_retailer_item_id":"84","product_condition":"new"},"_links":{"self":[{"href":"https:\/\/www.geostru.eu\/ro\/wp-json\/wp\/v2\/product\/89424"}],"collection":[{"href":"https:\/\/www.geostru.eu\/ro\/wp-json\/wp\/v2\/product"}],"about":[{"href":"https:\/\/www.geostru.eu\/ro\/wp-json\/wp\/v2\/types\/product"}],"replies":[{"embeddable":true,"href":"https:\/\/www.geostru.eu\/ro\/wp-json\/wp\/v2\/comments?post=89424"}],"wp:featuredmedia":[{"embeddable":true,"href":"https:\/\/www.geostru.eu\/ro\/wp-json\/wp\/v2\/media\/127562"}],"wp:attachment":[{"href":"https:\/\/www.geostru.eu\/ro\/wp-json\/wp\/v2\/media?parent=89424"}],"wp:term":[{"taxonomy":"product_cat","embeddable":true,"href":"https:\/\/www.geostru.eu\/ro\/wp-json\/wp\/v2\/product_cat?post=89424"},{"taxonomy":"product_tag","embeddable":true,"href":"https:\/\/www.geostru.eu\/ro\/wp-json\/wp\/v2\/product_tag?post=89424"}],"curies":[{"name":"wp","href":"https:\/\/api.w.org\/{rel}","templated":true}]}}