{"id":49847,"date":"2022-06-12T08:51:05","date_gmt":"2022-06-12T06:51:05","guid":{"rendered":"https:\/\/www.geostru.eu\/shop\/fara-categorie\/calcolo-di-pavimentazioni-stradali\/"},"modified":"2026-04-15T02:18:13","modified_gmt":"2026-04-15T00:18:13","slug":"calcul-structuri-rutiere","status":"publish","type":"product","link":"https:\/\/www.geostru.eu\/ro\/shop\/software-ro\/structuri\/calcul-structuri-rutiere\/","title":{"rendered":"Calcul structuri rutiere flexibile \u0219i semirigide &#8211; RPD"},"content":{"rendered":"<p style=\"text-align: justify;\">RPD \u201cRoad Pavement Design\u201d \u2013 Software de calcul pentru structuri rutiere flexibile \u0219i semirigide.<\/p>\n<p style=\"text-align: justify;\">RPD este un software ce implementeaz\u0103 proceduri automate pentru calculul \u0219i verificarea straturilor sistemelor rutiere flexibile \u0219i semirigide. Cu RPD pot fi efectuate proceduri de verificare conform metodelor empirice (precum cea propusa de AASHTO \u00een documentul GUIDE FOR DESIGN OF PAVEMENT STRUCTURES) \u0219i a celor ra\u021bionale.<\/p>\n<p style=\"text-align: justify;\">Dintre metodele ra\u021bionale sunt implementate cea a deforma\u021biei maxime (sau a lui Ivanov) sau cea a lui Westergaard, finalizata cu calculul deforma\u021biilor\u00a0\u00een structura multistrat.<\/p>\n<p style=\"text-align: justify;\"><strong>AASHTO GUIDE FOR DESIGN OF PAVEMENT STRUCTURES<\/strong><\/p>\n<p style=\"text-align: justify;\">Metoda se bazeaz\u0103 pe considera\u021biile ce rezulta din testele experimentale. Principiul general al metodei este acela de a m\u0103sura cat de adecvata este structura rutiera \u00een ceea ce prive\u0219te num\u0103rul de vehicule (osii standard de 82 kN) la care sistemul rutier poate rezista, men\u021bin\u00e2ndu-\u0219i func\u021bionalitatea dorita, pentru un anumit num\u0103r de ani (stabilit ca date de proiectare egale, \u00een cele mai multe cazuri, cu via\u021ba utila a str\u0103zii).<\/p>\n<p style=\"text-align: justify;\"><strong>Westergaard<\/strong><\/p>\n<p style=\"text-align: justify;\">Se bazeaz\u0103 pe solu\u021bia ecua\u021biei Lagrange pentru placi sub\u021biri. Din punct de vedere general metoda este un instrument pentru calcularea deforma\u021biei maxime la care este supusa o placa sub\u021bire (la care este aproximata structura rutiera). Criteriul de verificare (sau de proiectare) este similar cu cel pe care se bazeaz\u0103 metoda de deforma\u021bie maxima.<\/p>\n<p style=\"text-align: justify;\"><strong>Ivanon<\/strong><\/p>\n<p style=\"text-align: justify;\">Metoda de deforma\u021bie maxima (sau Ivanon) se bazeaz\u0103 pe stabilirea problemei elastice \u00een terenuri data de Boussinesq. Criteriul se bazeaz\u0103 pe limitarea deforma\u021biei maxime care are loc la sf\u00e2r\u0219itul duratei de via\u021ba utila a sistemului rutier.<\/p>\n<p style=\"text-align: justify;\"><strong>RPD Caracteristici: Calcul parametric \u2013 Vizualizare imediata a rezultatelor \u2013 Calculul automat al: Traficului de proiectare, Traficului maxim suportat, Structural number al sistemului rutier, Coeficien\u021bilor de structura a stratului, Coeficien\u021bilor de drenaj ai straturilor.<\/strong><\/p>\n<p style=\"text-align: justify;\">RPD utilizeaz\u0103 cele mai moderne standarde de dezvoltare. Programul permite efectuarea unei ANALIZE PARAMETRICE fata de orice parametru ce intervine \u00een calcul permi\u021b\u00e2nd, de asemenea, generarea unui raport de calcul detaliat.<\/p>\n<p style=\"text-align: justify;\">RPD vine cu o interfa\u021ba intuitiva care simplifica utilizarea, fiecare parametru fiind detaliat \u0219i verificat. RPD ofer\u0103 un raport de calcul detaliat complet incluz\u00e2nd\u00a0\u0219i referin\u021bele teoretice.<\/p>\n<p style=\"text-align: justify;\">RPD este util pentru calcularea, verificarea \u0219i optimizarea structurilor rutiere flexibile \u0219i semirigide.<\/p>\n","protected":false},"excerpt":{"rendered":"<p style=\"text-align: justify;\">RPD \u201cRoad Pavement Design\u201d \u2013 Software de calcul pentru structuri rutiere flexibile \u0219i semirigide.<\/p>\n<p style=\"text-align: justify;\">RPD este un software ce implementeaz\u0103 proceduri automate pentru calculul \u0218i verificarea straturilor sistemelor rutiere suple \u0218i semirigide. Cu RPD pot fi efectuate proceduri de verificare conform metodelor empirice (precum cea propusa de AASHTO \u00een documentul GUIDE FOR DESIGN OF PAVEMENT STRUCTURES) \u0219i a celor ra\u021bionale.<\/p>\n<p>&nbsp;<\/p>\n","protected":false},"featured_media":49840,"comment_status":"open","ping_status":"closed","template":"","meta":[],"product_cat":[89,85],"product_tag":[798],"class_list":{"0":"post-49847","1":"product","2":"type-product","3":"status-publish","4":"has-post-thumbnail","6":"product_cat-structuri","7":"product_cat-geotehnica-si-geologie","8":"product_tag-strade-ro","9":"description-off","11":"first","12":"instock","13":"sale","14":"downloadable","15":"virtual","16":"sold-individually","17":"taxable","18":"purchasable","19":"product-type-licensed"},"yoast_head":"<!-- This site is optimized with the Yoast SEO Premium plugin v25.0 (Yoast SEO v25.0) - https:\/\/yoast.com\/wordpress\/plugins\/seo\/ -->\n<title>Calcul structuri rutiere flexibile \u0219i semirigide - RPD - GeoStru EU<\/title>\n<meta name=\"robots\" content=\"index, follow, max-snippet:-1, max-image-preview:large, max-video-preview:-1\" \/>\n<link rel=\"canonical\" href=\"https:\/\/www.geostru.eu\/ro\/shop\/software-ro\/structuri\/calcul-structuri-rutiere\/\" \/>\n<meta property=\"og:locale\" content=\"ro_RO\" \/>\n<meta property=\"og:type\" content=\"article\" \/>\n<meta property=\"og:title\" content=\"Calcul structuri rutiere flexibile \u0219i semirigide - RPD\" \/>\n<meta property=\"og:description\" content=\"RPD \u201cRoad Pavement Design\u201d \u2013 Software de calcul pentru structuri rutiere flexibile \u0219i semirigide. RPD este un software ce implementeaz\u0103 proceduri automate pentru calculul \u0218i verificarea straturilor sistemelor rutiere suple \u0218i semirigide. Cu RPD pot fi efectuate proceduri de verificare conform metodelor empirice (precum cea propusa de AASHTO \u00een documentul GUIDE FOR DESIGN OF PAVEMENT STRUCTURES) \u0219i a celor ra\u021bionale. &nbsp;\" \/>\n<meta property=\"og:url\" content=\"https:\/\/www.geostru.eu\/ro\/shop\/software-ro\/structuri\/calcul-structuri-rutiere\/\" \/>\n<meta property=\"og:site_name\" content=\"GeoStru EU\" \/>\n<meta property=\"article:publisher\" content=\"https:\/\/www.facebook.com\/GeoStruSoftware\/\" \/>\n<meta property=\"article:modified_time\" content=\"2026-04-15T00:18:13+00:00\" \/>\n<meta property=\"og:image\" content=\"https:\/\/www.geostru.eu\/wp-content\/uploads\/2017\/10\/rpd-geostru.jpg\" \/>\n\t<meta property=\"og:image:width\" content=\"1208\" \/>\n\t<meta property=\"og:image:height\" content=\"656\" \/>\n\t<meta property=\"og:image:type\" content=\"image\/jpeg\" \/>\n<meta name=\"twitter:card\" content=\"summary_large_image\" \/>\n<meta name=\"twitter:site\" content=\"@geostru\" \/>\n<meta name=\"twitter:label1\" content=\"Pre\u021b\" \/>\n\t<meta name=\"twitter:data1\" content=\"&euro;390.00 f\u0103r\u0103 TVA\" \/>\n\t<meta name=\"twitter:label2\" content=\"Disponibilitate\" \/>\n\t<meta name=\"twitter:data2\" content=\"\u00cen stoc\" \/>\n<script type=\"application\/ld+json\" class=\"yoast-schema-graph\">{\"@context\":\"https:\/\/schema.org\",\"@graph\":[{\"@type\":\"WebPage\",\"@id\":\"https:\/\/www.geostru.eu\/ro\/shop\/software-ro\/structuri\/calcul-structuri-rutiere\/\",\"url\":\"https:\/\/www.geostru.eu\/ro\/shop\/software-ro\/structuri\/calcul-structuri-rutiere\/\",\"name\":\"Calcul structuri rutiere flexibile \u0219i semirigide - RPD - GeoStru EU\",\"isPartOf\":{\"@id\":\"https:\/\/www.geostru.eu\/ro\/#website\"},\"primaryImageOfPage\":{\"@id\":\"https:\/\/www.geostru.eu\/ro\/shop\/software-ro\/structuri\/calcul-structuri-rutiere\/#primaryimage\"},\"image\":{\"@id\":\"https:\/\/www.geostru.eu\/ro\/shop\/software-ro\/structuri\/calcul-structuri-rutiere\/#primaryimage\"},\"thumbnailUrl\":\"https:\/\/www.geostru.eu\/wp-content\/uploads\/2017\/10\/rpd-geostru.jpg\",\"datePublished\":\"2022-06-12T06:51:05+00:00\",\"dateModified\":\"2026-04-15T00:18:13+00:00\",\"breadcrumb\":{\"@id\":\"https:\/\/www.geostru.eu\/ro\/shop\/software-ro\/structuri\/calcul-structuri-rutiere\/#breadcrumb\"},\"inLanguage\":\"ro-RO\",\"potentialAction\":[{\"@type\":\"ReadAction\",\"target\":[\"https:\/\/www.geostru.eu\/ro\/shop\/software-ro\/structuri\/calcul-structuri-rutiere\/\"]}]},{\"@type\":\"ImageObject\",\"inLanguage\":\"ro-RO\",\"@id\":\"https:\/\/www.geostru.eu\/ro\/shop\/software-ro\/structuri\/calcul-structuri-rutiere\/#primaryimage\",\"url\":\"https:\/\/www.geostru.eu\/wp-content\/uploads\/2017\/10\/rpd-geostru.jpg\",\"contentUrl\":\"https:\/\/www.geostru.eu\/wp-content\/uploads\/2017\/10\/rpd-geostru.jpg\",\"width\":1208,\"height\":656},{\"@type\":\"BreadcrumbList\",\"@id\":\"https:\/\/www.geostru.eu\/ro\/shop\/software-ro\/structuri\/calcul-structuri-rutiere\/#breadcrumb\",\"itemListElement\":[{\"@type\":\"ListItem\",\"position\":1,\"name\":\"Home\",\"item\":\"https:\/\/www.geostru.eu\/ro\/\"},{\"@type\":\"ListItem\",\"position\":2,\"name\":\"Shop\",\"item\":\"https:\/\/www.geostru.eu\/shop\/?lang=ro\"},{\"@type\":\"ListItem\",\"position\":3,\"name\":\"Calcul structuri rutiere flexibile \u0219i semirigide &#8211; RPD\"}]},{\"@type\":\"WebSite\",\"@id\":\"https:\/\/www.geostru.eu\/ro\/#website\",\"url\":\"https:\/\/www.geostru.eu\/ro\/\",\"name\":\"GeoStru EU\",\"description\":\"Professionals at your service\",\"publisher\":{\"@id\":\"https:\/\/www.geostru.eu\/ro\/#organization\"},\"potentialAction\":[{\"@type\":\"SearchAction\",\"target\":{\"@type\":\"EntryPoint\",\"urlTemplate\":\"https:\/\/www.geostru.eu\/ro\/?s={search_term_string}\"},\"query-input\":{\"@type\":\"PropertyValueSpecification\",\"valueRequired\":true,\"valueName\":\"search_term_string\"}}],\"inLanguage\":\"ro-RO\"},{\"@type\":\"Organization\",\"@id\":\"https:\/\/www.geostru.eu\/ro\/#organization\",\"name\":\"GeoStru EU\",\"url\":\"https:\/\/www.geostru.eu\/ro\/\",\"logo\":{\"@type\":\"ImageObject\",\"inLanguage\":\"ro-RO\",\"@id\":\"https:\/\/www.geostru.eu\/ro\/#\/schema\/logo\/image\/\",\"url\":\"https:\/\/www.geostru.eu\/wp-content\/uploads\/2023\/02\/LOGO_GEOSTRU_educational_banner.png\",\"contentUrl\":\"https:\/\/www.geostru.eu\/wp-content\/uploads\/2023\/02\/LOGO_GEOSTRU_educational_banner.png\",\"width\":363,\"height\":115,\"caption\":\"GeoStru EU\"},\"image\":{\"@id\":\"https:\/\/www.geostru.eu\/ro\/#\/schema\/logo\/image\/\"},\"sameAs\":[\"https:\/\/www.facebook.com\/GeoStruSoftware\/\",\"https:\/\/x.com\/geostru\",\"https:\/\/www.linkedin.com\/company\/2462488\/admin\/\",\"https:\/\/www.instagram.com\/geostru\/\"]}]}<\/script>\n<meta property=\"product:brand\" content=\"Structuri\" \/>\n<meta property=\"product:price:amount\" content=\"390.00\" \/>\n<meta property=\"product:price:currency\" content=\"EUR\" \/>\n<meta property=\"og:availability\" content=\"instock\" \/>\n<meta property=\"product:availability\" content=\"instock\" \/>\n<meta property=\"product:retailer_item_id\" content=\"104\" \/>\n<meta property=\"product:condition\" content=\"new\" \/>\n<!-- \/ Yoast SEO Premium plugin. -->","yoast_head_json":{"title":"Calcul structuri rutiere flexibile \u0219i semirigide - RPD - GeoStru EU","robots":{"index":"index","follow":"follow","max-snippet":"max-snippet:-1","max-image-preview":"max-image-preview:large","max-video-preview":"max-video-preview:-1"},"canonical":"https:\/\/www.geostru.eu\/ro\/shop\/software-ro\/structuri\/calcul-structuri-rutiere\/","og_locale":"ro_RO","og_type":"article","og_title":"Calcul structuri rutiere flexibile \u0219i semirigide - RPD","og_description":"RPD \u201cRoad Pavement Design\u201d \u2013 Software de calcul pentru structuri rutiere flexibile \u0219i semirigide. RPD este un software ce implementeaz\u0103 proceduri automate pentru calculul \u0218i verificarea straturilor sistemelor rutiere suple \u0218i semirigide. Cu RPD pot fi efectuate proceduri de verificare conform metodelor empirice (precum cea propusa de AASHTO \u00een documentul GUIDE FOR DESIGN OF PAVEMENT STRUCTURES) \u0219i a celor ra\u021bionale. &nbsp;","og_url":"https:\/\/www.geostru.eu\/ro\/shop\/software-ro\/structuri\/calcul-structuri-rutiere\/","og_site_name":"GeoStru EU","article_publisher":"https:\/\/www.facebook.com\/GeoStruSoftware\/","article_modified_time":"2026-04-15T00:18:13+00:00","og_image":[{"width":1208,"height":656,"url":"https:\/\/www.geostru.eu\/wp-content\/uploads\/2017\/10\/rpd-geostru.jpg","type":"image\/jpeg"}],"twitter_card":"summary_large_image","twitter_site":"@geostru","twitter_misc":{"Pre\u021b":"&euro;390.00 f\u0103r\u0103 TVA","Disponibilitate":"\u00cen stoc"},"schema":{"@context":"https:\/\/schema.org","@graph":[{"@type":"WebPage","@id":"https:\/\/www.geostru.eu\/ro\/shop\/software-ro\/structuri\/calcul-structuri-rutiere\/","url":"https:\/\/www.geostru.eu\/ro\/shop\/software-ro\/structuri\/calcul-structuri-rutiere\/","name":"Calcul structuri rutiere flexibile \u0219i semirigide - RPD - GeoStru EU","isPartOf":{"@id":"https:\/\/www.geostru.eu\/ro\/#website"},"primaryImageOfPage":{"@id":"https:\/\/www.geostru.eu\/ro\/shop\/software-ro\/structuri\/calcul-structuri-rutiere\/#primaryimage"},"image":{"@id":"https:\/\/www.geostru.eu\/ro\/shop\/software-ro\/structuri\/calcul-structuri-rutiere\/#primaryimage"},"thumbnailUrl":"https:\/\/www.geostru.eu\/wp-content\/uploads\/2017\/10\/rpd-geostru.jpg","datePublished":"2022-06-12T06:51:05+00:00","dateModified":"2026-04-15T00:18:13+00:00","breadcrumb":{"@id":"https:\/\/www.geostru.eu\/ro\/shop\/software-ro\/structuri\/calcul-structuri-rutiere\/#breadcrumb"},"inLanguage":"ro-RO","potentialAction":[{"@type":"ReadAction","target":["https:\/\/www.geostru.eu\/ro\/shop\/software-ro\/structuri\/calcul-structuri-rutiere\/"]}]},{"@type":"ImageObject","inLanguage":"ro-RO","@id":"https:\/\/www.geostru.eu\/ro\/shop\/software-ro\/structuri\/calcul-structuri-rutiere\/#primaryimage","url":"https:\/\/www.geostru.eu\/wp-content\/uploads\/2017\/10\/rpd-geostru.jpg","contentUrl":"https:\/\/www.geostru.eu\/wp-content\/uploads\/2017\/10\/rpd-geostru.jpg","width":1208,"height":656},{"@type":"BreadcrumbList","@id":"https:\/\/www.geostru.eu\/ro\/shop\/software-ro\/structuri\/calcul-structuri-rutiere\/#breadcrumb","itemListElement":[{"@type":"ListItem","position":1,"name":"Home","item":"https:\/\/www.geostru.eu\/ro\/"},{"@type":"ListItem","position":2,"name":"Shop","item":"https:\/\/www.geostru.eu\/shop\/?lang=ro"},{"@type":"ListItem","position":3,"name":"Calcul structuri rutiere flexibile \u0219i semirigide &#8211; RPD"}]},{"@type":"WebSite","@id":"https:\/\/www.geostru.eu\/ro\/#website","url":"https:\/\/www.geostru.eu\/ro\/","name":"GeoStru EU","description":"Professionals at your service","publisher":{"@id":"https:\/\/www.geostru.eu\/ro\/#organization"},"potentialAction":[{"@type":"SearchAction","target":{"@type":"EntryPoint","urlTemplate":"https:\/\/www.geostru.eu\/ro\/?s={search_term_string}"},"query-input":{"@type":"PropertyValueSpecification","valueRequired":true,"valueName":"search_term_string"}}],"inLanguage":"ro-RO"},{"@type":"Organization","@id":"https:\/\/www.geostru.eu\/ro\/#organization","name":"GeoStru EU","url":"https:\/\/www.geostru.eu\/ro\/","logo":{"@type":"ImageObject","inLanguage":"ro-RO","@id":"https:\/\/www.geostru.eu\/ro\/#\/schema\/logo\/image\/","url":"https:\/\/www.geostru.eu\/wp-content\/uploads\/2023\/02\/LOGO_GEOSTRU_educational_banner.png","contentUrl":"https:\/\/www.geostru.eu\/wp-content\/uploads\/2023\/02\/LOGO_GEOSTRU_educational_banner.png","width":363,"height":115,"caption":"GeoStru EU"},"image":{"@id":"https:\/\/www.geostru.eu\/ro\/#\/schema\/logo\/image\/"},"sameAs":["https:\/\/www.facebook.com\/GeoStruSoftware\/","https:\/\/x.com\/geostru","https:\/\/www.linkedin.com\/company\/2462488\/admin\/","https:\/\/www.instagram.com\/geostru\/"]}]},"product_brand":"Structuri","product_price_amount":"390.00","product_price_currency":"EUR","og_availability":"instock","product_availability":"instock","product_retailer_item_id":"104","product_condition":"new"},"_links":{"self":[{"href":"https:\/\/www.geostru.eu\/ro\/wp-json\/wp\/v2\/product\/49847"}],"collection":[{"href":"https:\/\/www.geostru.eu\/ro\/wp-json\/wp\/v2\/product"}],"about":[{"href":"https:\/\/www.geostru.eu\/ro\/wp-json\/wp\/v2\/types\/product"}],"replies":[{"embeddable":true,"href":"https:\/\/www.geostru.eu\/ro\/wp-json\/wp\/v2\/comments?post=49847"}],"wp:featuredmedia":[{"embeddable":true,"href":"https:\/\/www.geostru.eu\/ro\/wp-json\/wp\/v2\/media\/49840"}],"wp:attachment":[{"href":"https:\/\/www.geostru.eu\/ro\/wp-json\/wp\/v2\/media?parent=49847"}],"wp:term":[{"taxonomy":"product_cat","embeddable":true,"href":"https:\/\/www.geostru.eu\/ro\/wp-json\/wp\/v2\/product_cat?post=49847"},{"taxonomy":"product_tag","embeddable":true,"href":"https:\/\/www.geostru.eu\/ro\/wp-json\/wp\/v2\/product_tag?post=49847"}],"curies":[{"name":"wp","href":"https:\/\/api.w.org\/{rel}","templated":true}]}}