{"id":3806,"date":"2022-06-20T15:45:48","date_gmt":"2022-06-20T13:45:48","guid":{"rendered":"https:\/\/www.geostru.eu\/?post_type=product&#038;p=3806"},"modified":"2025-02-20T15:10:22","modified_gmt":"2025-02-20T14:10:22","slug":"calcularea-sectiunii-din-beton-armat-conform-ec-rc-sec-en","status":"publish","type":"product","link":"https:\/\/www.geostru.eu\/ro\/shop\/software-ro\/structuri\/calcularea-sectiunii-din-beton-armat-conform-ec-rc-sec-en\/","title":{"rendered":"Calcularea sec\u021biunii din beton armat conform EC &#8211; RC-SEC-EN"},"content":{"rendered":"<p>Calcularea sec\u021biunii din beton armat conform Ec &#8211;<strong>RC-SEC-EN\u00a0<\/strong>\u00a0este un software pentru calculul sec\u021biunii din beton armat \u00een conformitate cu<a href=\"http:\/\/www.mdrap.ro\/userfiles\/constructii_lista_eurocoduri.pdf\" target=\"_blank\" rel=\"noopener noreferrer\"><strong> EN 1992-1-1 \u0219i EN 1998-1<\/strong><\/a> \u0219i eventualele anexe na\u021bionale de aplicare.<\/p>\n<h6 style=\"text-align: justify\"><span style=\"font-size: 12pt\"><strong>RC-SEC-EN efectueaz\u0103 verific\u0103ri pentru:<\/strong><\/span><\/h6>\n<ul>\n<li style=\"text-align: justify\">Starea limit\u0103 ultim\u0103 (ULS)<\/li>\n<li style=\"text-align: justify\">\u00cencovoiere uniaxal\u0103 sau biaxal\u0103 cu sau f\u0103r\u0103 for\u021b\u0103 axial\u0103 (\u00a76.1 EC2-\u00a75.4.3 EC8). Este de asemenea prev\u0103zut\u0103 proiectarea eventual\u0103 a arm\u0103turii longitudinale \u0219i \/ sau transversale.<\/li>\n<li style=\"text-align: justify\">Domeniile de interac\u021biuni N-Mx, Mx-My, N-Mx, My, cu rezultate numerice \u0219i reprezentare grafic\u0103<\/li>\n<li style=\"text-align: justify\">For\u021ba t\u0103ietoare cu \u00eencovoiere uniaxal\u0103 \u0219i biaxial\u0103 (\u00a76.2 EC2-\u00a75.4.3 EC8) \u0219i For\u021ba de torsiune (\u00a76.3 EC2), cu eventuala proiectare a etrierilor.<\/li>\n<li style=\"text-align: justify\">Instabilitatea prin metoda bazat\u0103 pe curbur\u0103 nominal\u0103 cu \u00eencovoiere uniaxal\u0103 sau biaxial\u0103. Calculul curburii se efectueaz\u0103 conform ecua\u021biei (5.34) EC2 sau prin curbur\u0103 moment-diagram\u0103 (de asemenea \u00een \u00eencovoierea biaxial\u0103).<\/li>\n<\/ul>\n<p><strong>Starea limit\u0103 de serviciu (SLS):<\/strong><\/p>\n<ul>\n<li style=\"text-align: justify\">Limitarea eforturilor unitare (\u00a77.2 EC2) din momente de \u00eencovoiere \u0219i \/ sau for\u021b\u0103 axial\u0103 (metode realizate: simplificate, AAEM, EM).<\/li>\n<li style=\"text-align: justify\">Limitarea deschiderii fisurilor prin calcularea direct\u0103 conform \u00a77.3.4 EC2..<\/li>\n<li style=\"text-align: justify\">Limitarea deforma\u021biilor unei grinzi (izolate sau extrase dintr-un cadru) prin dubla integrare a curburilor \u0219i luarea \u00een considerare a fisurilor, a fluajului \u0219i a contrac\u021biei.<\/li>\n<\/ul>\n<p><strong>Controlul ductilit\u0103\u021bii\u00a0<\/strong><\/p>\n<ul>\n<li style=\"text-align: justify\">Verificarea direct\u0103 a factorului de ductilitate a curburii (\u00a75.2.3.4 EC8) prin diagrama moment-curbur\u0103 (uniaxial sau biaxial) lu\u00e2nd \u00een considerare (sau nu) eventualul efect de confinare cu etrieri.<\/li>\n<\/ul>\n<p><strong>CROSS-SECTION TYPE<\/strong><br \/>\nSe poate folosi un set de sec\u021biuni practice (&#8222;predefinite&#8221;), cum ar fi dreptunghiulara, T, L, I \u0219i circulara, precum \u0219i o sec\u021biune transversal\u0103 (&#8222;General\u0103&#8221;) format\u0103 din una sau mai multe zone concrete (poligonale sau circulare , plin sau gol) cu pozi\u021bionarea liber\u0103 a arm\u0103turilor longitudinale \u0219i a etrierilor.<br \/>\nPentru sec\u021biunile transversale predefinite este prev\u0103zut\u0103 o introducere mai rapid\u0103 \u0219i capacitatea de a efectua verific\u0103rile, dar \u0219i un prim proiect automat de armare (pentru momente de \u00eencovoiere \u0219i \/ sau for\u021be forfecare) pentru un set de combina\u021bii de eforturi (p\u00e2n\u0103 la 60) . O introducere special\u0103 este prev\u0103zut\u0103 pentru st\u00e2lpi \u0219i pere\u021bi cu sec\u021biune dreptunghiular\u0103 (\u00een special pentru verific\u0103ri seismice).<br \/>\nPentru sec\u021biunile generale este posibil\u0103, odat\u0103 definit\u0103 geometria sec\u021biunii, s\u0103 verifica\u021bi sau s\u0103 proiecta\u021bi \u00eenf\u0103\u0219ur\u0103toarea arm\u0103rii \u00eentr-un singur ciclu de calcul, p\u00e2n\u0103 la 60 de combina\u021bii pentru fiecare dintre tipurile de combina\u021bii de mai sus (ULS \u0219i SLS).<br \/>\nPentru tipul sec\u021biunii generale este de asemenea posibil s\u0103 importa\u021bi geometria sec\u021biunii de beton \u0219i a arm\u0103turilor longitudinale (diametre \u0219i pozi\u021bii) dintr-un fi\u0219ier * .dxf file.<\/p>\n<p><b>Verific\u0103ri<\/b><br \/>\nVerific\u0103rile <strong>ULS<\/strong> se realizeaz\u0103 prin determinarea domeniului de rezisten\u021b\u0103 bidimensional \u00een cazul solicit\u0103rii dreptei N-Mx sau tridimensional \u00een cazul solicit\u0103rii derivatei N-Mx-My. Pentru fiecare combina\u021bie din proiect, programul calculeaz\u0103:<\/p>\n<ul>\n<li style=\"text-align: justify\">Efort normal final, momente de \u00eencovoiere finale \u0219i m\u0103sura de siguran\u021b\u0103 aferent\u0103;<\/li>\n<li style=\"text-align: justify\">Pozi\u021bia axei neutre la starea final\u0103;<\/li>\n<li style=\"text-align: justify\">Tensiuni \u0219i deforma\u021bii unitare la starea ultim\u0103 a v\u00e2rfurilor sec\u021biunii \u0219i a tuturor barelor;<\/li>\n<li style=\"text-align: justify\">Verificarea la t\u0103iere-torsiune cu calcularea arm\u0103turii relative;<\/li>\n<li style=\"text-align: justify\">Curbele de interac\u021biune;<\/li>\n<li style=\"text-align: justify\">Verificarea instabilit\u0103\u021bii st\u00e2lpilor cu sec\u021biune dreptunghiular\u0103 \u00een conformitate cu metoda simplificat\u0103 a &#8221; coloanei model&#8221;.<\/li>\n<\/ul>\n<p>Verific\u0103rile <strong>SLS<\/strong> implic\u0103 determinarea urm\u0103toarelor rezultate:<\/p>\n<ul>\n<li style=\"text-align: justify\">Tensiuni normale \u00een toate v\u00e2rfurile sec\u021biunii \u0219i \u00een toate barele de arm\u0103tur\u0103;<\/li>\n<li style=\"text-align: justify\">Pozi\u021bia axei neutre;<\/li>\n<li style=\"text-align: justify\">Deschiderea maxim\u0103 a fisurilor.<\/li>\n<li style=\"text-align: justify\">Deformarea axial\u0103 \u0219i de curbur\u0103 a sec\u021biunii evaluat\u0103 cu ajutorul metodei (metoda AAEM (Age Adjusted Effective Modulus) sau metoda EM;<\/li>\n<li style=\"text-align: justify\">S\u0103ge\u021bi \u0219i deplas\u0103ri axiale ale unei grinzi apar\u021bin\u00e2nd unui cadru.<\/li>\n<\/ul>\n<p><strong>INSTRUMENTE INTEGRATE<\/strong><br \/>\n\u00cen ferestre separate este posibil s\u0103 executa\u021bi urm\u0103toarele instrumente pentru a efectua:<\/p>\n<ul>\n<li style=\"text-align: justify\">Definirea coeficien\u021bilor de curgere lent\u0103 \u0219i contrac\u021bie \u00een conformitate cu \u00a73.1.4 EN 1992-1-1 pentru a fi folosi\u021bi cu metode AAEM sau EM \u00een cadrul verific\u0103rilor ULS.<\/li>\n<li style=\"text-align: justify\">Definirea acoperirii cu beton \u00een conformitate cu \u00a74.4.1 EC2-1<\/li>\n<\/ul>\n","protected":false},"excerpt":{"rendered":"<div id=\"gt-src-c\" class=\"g-unit\">\n<div id=\"gt-src-p\">\n<div id=\"gt-src-wrap\" class=\"\">\n<div id=\"gt-src-c\" class=\"g-unit\">\n<div id=\"gt-src-p\">\n<div id=\"gt-src-wrap\" class=\"\" style=\"text-align: justify\">\n<p>Software destinat <strong>calcului sec\u021biunii din beton armat<\/strong> \u00een conformitate cu EN 1992-1-1 \u0219i EN 1998-1 \u0219i eventualele anexe na\u021bionale de aplicare.<\/p>\n<p>Acest software este o aplica\u021bie independent\u0103 pentru verificarea sec\u021biunilor armate care apar\u021bin grinzilor, st\u00e2lpilor \u0219i pere\u021bilor.<\/p>\n<p>La verific\u0103rile seismice se consider\u0103 clasa cererii de ductilitate (DCL, DCM sau DCH) \u0219i dac\u0103 sec\u021biunea se afl\u0103 sau nu \u00eentr-o regiune critic\u0103 a membrului.<\/p>\n<p>Dac\u0103 verific\u0103rile nu sunt seismice, trebuie s\u0103 selecta\u021bi clasa de ductilitate sc\u0103zut\u0103 (DCL) \u0219i astfel se aplic\u0103 doar <a href=\"http:\/\/www.mdrap.ro\/userfiles\/constructii_lista_eurocoduri.pdf\" target=\"_blank\" rel=\"noopener noreferrer\">EN 1992-1-1<\/a>.<\/p>\n<\/div>\n<\/div>\n<\/div>\n<\/div>\n<\/div>\n<\/div>\n<blockquote>\n<p style=\"text-align: justify\">Versiunea interna\u021bional\u0103 a sofware-ului<\/p>\n<\/blockquote>\n","protected":false},"featured_media":31196,"comment_status":"open","ping_status":"closed","template":"","meta":[],"product_cat":[89],"product_tag":[827],"class_list":{"0":"post-3806","1":"product","2":"type-product","3":"status-publish","4":"has-post-thumbnail","6":"product_cat-structuri","7":"product_tag-software-strutturale-ro","8":"pa_product-professional-ro-2","9":"pa_product-subscription-1-year1","10":"description-off","12":"first","13":"instock","14":"downloadable","15":"virtual","16":"sold-individually","17":"taxable","18":"purchasable","19":"product-type-licensed"},"yoast_head":"<!-- This site is optimized with the Yoast SEO Premium plugin v25.0 (Yoast SEO v25.0) - https:\/\/yoast.com\/wordpress\/plugins\/seo\/ -->\n<title>Calcularea sec\u021biunii din beton armat conform EC - RC-SEC-EN -<\/title>\n<meta name=\"description\" content=\"Este un software pentru calculul sec\u021biunii din beton armat \u00een conformitate cu EN 1992-1-1 \u0219i EN 1998-1 \u0219i eventualele anexe na\u021bionale de aplicare.\" \/>\n<meta name=\"robots\" content=\"index, follow, max-snippet:-1, max-image-preview:large, max-video-preview:-1\" \/>\n<link rel=\"canonical\" href=\"https:\/\/www.geostru.eu\/ro\/shop\/software-ro\/structuri\/calcularea-sectiunii-din-beton-armat-conform-ec-rc-sec-en\/\" \/>\n<meta property=\"og:locale\" content=\"ro_RO\" \/>\n<meta property=\"og:type\" content=\"article\" \/>\n<meta property=\"og:title\" content=\"Calcularea sec\u021biunii din beton armat conform EC - RC-SEC-EN\" \/>\n<meta property=\"og:description\" content=\"Este un software pentru calculul sec\u021biunii din beton armat \u00een conformitate cu EN 1992-1-1 \u0219i EN 1998-1 \u0219i eventualele anexe na\u021bionale de aplicare.\" \/>\n<meta property=\"og:url\" content=\"https:\/\/www.geostru.eu\/ro\/shop\/software-ro\/structuri\/calcularea-sectiunii-din-beton-armat-conform-ec-rc-sec-en\/\" \/>\n<meta property=\"og:site_name\" content=\"GeoStru EU\" \/>\n<meta property=\"article:publisher\" content=\"https:\/\/www.facebook.com\/GeoStruSoftware\/\" \/>\n<meta property=\"article:modified_time\" content=\"2025-02-20T14:10:22+00:00\" \/>\n<meta property=\"og:image\" content=\"https:\/\/www.geostru.eu\/wp-content\/uploads\/2013\/12\/rc_sec_en_3.jpg\" \/>\n\t<meta property=\"og:image:width\" content=\"1915\" \/>\n\t<meta property=\"og:image:height\" content=\"1039\" \/>\n\t<meta property=\"og:image:type\" content=\"image\/jpeg\" \/>\n<meta name=\"twitter:card\" content=\"summary_large_image\" \/>\n<meta name=\"twitter:site\" content=\"@geostru\" \/>\n<meta name=\"twitter:label1\" content=\"Pre\u021b\" \/>\n\t<meta name=\"twitter:data1\" content=\"&euro;390.00 f\u0103r\u0103 TVA\" \/>\n\t<meta name=\"twitter:label2\" content=\"Disponibilitate\" \/>\n\t<meta name=\"twitter:data2\" content=\"\u00cen stoc\" \/>\n<script type=\"application\/ld+json\" class=\"yoast-schema-graph\">{\"@context\":\"https:\/\/schema.org\",\"@graph\":[{\"@type\":\"WebPage\",\"@id\":\"https:\/\/www.geostru.eu\/ro\/shop\/software-ro\/structuri\/calcularea-sectiunii-din-beton-armat-conform-ec-rc-sec-en\/\",\"url\":\"https:\/\/www.geostru.eu\/ro\/shop\/software-ro\/structuri\/calcularea-sectiunii-din-beton-armat-conform-ec-rc-sec-en\/\",\"name\":\"Calcularea sec\u021biunii din beton armat conform EC - RC-SEC-EN -\",\"isPartOf\":{\"@id\":\"https:\/\/www.geostru.eu\/ro\/#website\"},\"primaryImageOfPage\":{\"@id\":\"https:\/\/www.geostru.eu\/ro\/shop\/software-ro\/structuri\/calcularea-sectiunii-din-beton-armat-conform-ec-rc-sec-en\/#primaryimage\"},\"image\":{\"@id\":\"https:\/\/www.geostru.eu\/ro\/shop\/software-ro\/structuri\/calcularea-sectiunii-din-beton-armat-conform-ec-rc-sec-en\/#primaryimage\"},\"thumbnailUrl\":\"https:\/\/www.geostru.eu\/wp-content\/uploads\/2013\/12\/rc_sec_en_3.jpg\",\"datePublished\":\"2022-06-20T13:45:48+00:00\",\"dateModified\":\"2025-02-20T14:10:22+00:00\",\"description\":\"Este un software pentru calculul sec\u021biunii din beton armat \u00een conformitate cu EN 1992-1-1 \u0219i EN 1998-1 \u0219i eventualele anexe na\u021bionale de aplicare.\",\"breadcrumb\":{\"@id\":\"https:\/\/www.geostru.eu\/ro\/shop\/software-ro\/structuri\/calcularea-sectiunii-din-beton-armat-conform-ec-rc-sec-en\/#breadcrumb\"},\"inLanguage\":\"ro-RO\",\"potentialAction\":[{\"@type\":\"ReadAction\",\"target\":[\"https:\/\/www.geostru.eu\/ro\/shop\/software-ro\/structuri\/calcularea-sectiunii-din-beton-armat-conform-ec-rc-sec-en\/\"]}]},{\"@type\":\"ImageObject\",\"inLanguage\":\"ro-RO\",\"@id\":\"https:\/\/www.geostru.eu\/ro\/shop\/software-ro\/structuri\/calcularea-sectiunii-din-beton-armat-conform-ec-rc-sec-en\/#primaryimage\",\"url\":\"https:\/\/www.geostru.eu\/wp-content\/uploads\/2013\/12\/rc_sec_en_3.jpg\",\"contentUrl\":\"https:\/\/www.geostru.eu\/wp-content\/uploads\/2013\/12\/rc_sec_en_3.jpg\",\"width\":1915,\"height\":1039,\"caption\":\"Calcularea sec\u021biunii din beton armat conform Ec -RC-SEC-EN\u00a0\"},{\"@type\":\"BreadcrumbList\",\"@id\":\"https:\/\/www.geostru.eu\/ro\/shop\/software-ro\/structuri\/calcularea-sectiunii-din-beton-armat-conform-ec-rc-sec-en\/#breadcrumb\",\"itemListElement\":[{\"@type\":\"ListItem\",\"position\":1,\"name\":\"Home\",\"item\":\"https:\/\/www.geostru.eu\/ro\/\"},{\"@type\":\"ListItem\",\"position\":2,\"name\":\"Shop\",\"item\":\"https:\/\/www.geostru.eu\/shop\/?lang=ro\"},{\"@type\":\"ListItem\",\"position\":3,\"name\":\"Calcularea sec\u021biunii din beton armat conform EC &#8211; RC-SEC-EN\"}]},{\"@type\":\"WebSite\",\"@id\":\"https:\/\/www.geostru.eu\/ro\/#website\",\"url\":\"https:\/\/www.geostru.eu\/ro\/\",\"name\":\"GeoStru EU\",\"description\":\"Professionals at your service\",\"publisher\":{\"@id\":\"https:\/\/www.geostru.eu\/ro\/#organization\"},\"potentialAction\":[{\"@type\":\"SearchAction\",\"target\":{\"@type\":\"EntryPoint\",\"urlTemplate\":\"https:\/\/www.geostru.eu\/ro\/?s={search_term_string}\"},\"query-input\":{\"@type\":\"PropertyValueSpecification\",\"valueRequired\":true,\"valueName\":\"search_term_string\"}}],\"inLanguage\":\"ro-RO\"},{\"@type\":\"Organization\",\"@id\":\"https:\/\/www.geostru.eu\/ro\/#organization\",\"name\":\"GeoStru EU\",\"url\":\"https:\/\/www.geostru.eu\/ro\/\",\"logo\":{\"@type\":\"ImageObject\",\"inLanguage\":\"ro-RO\",\"@id\":\"https:\/\/www.geostru.eu\/ro\/#\/schema\/logo\/image\/\",\"url\":\"https:\/\/www.geostru.eu\/wp-content\/uploads\/2023\/02\/LOGO_GEOSTRU_educational_banner.png\",\"contentUrl\":\"https:\/\/www.geostru.eu\/wp-content\/uploads\/2023\/02\/LOGO_GEOSTRU_educational_banner.png\",\"width\":363,\"height\":115,\"caption\":\"GeoStru EU\"},\"image\":{\"@id\":\"https:\/\/www.geostru.eu\/ro\/#\/schema\/logo\/image\/\"},\"sameAs\":[\"https:\/\/www.facebook.com\/GeoStruSoftware\/\",\"https:\/\/x.com\/geostru\",\"https:\/\/www.linkedin.com\/company\/2462488\/admin\/\",\"https:\/\/www.instagram.com\/geostru\/\"]}]}<\/script>\n<meta property=\"product:brand\" content=\"Structuri\" \/>\n<meta property=\"product:price:amount\" content=\"390.00\" \/>\n<meta property=\"product:price:currency\" content=\"EUR\" \/>\n<meta property=\"og:availability\" content=\"instock\" \/>\n<meta property=\"product:availability\" content=\"instock\" \/>\n<meta property=\"product:retailer_item_id\" content=\"50\" \/>\n<meta property=\"product:condition\" content=\"new\" \/>\n<!-- \/ Yoast SEO Premium plugin. -->","yoast_head_json":{"title":"Calcularea sec\u021biunii din beton armat conform EC - RC-SEC-EN -","description":"Este un software pentru calculul sec\u021biunii din beton armat \u00een conformitate cu EN 1992-1-1 \u0219i EN 1998-1 \u0219i eventualele anexe na\u021bionale de aplicare.","robots":{"index":"index","follow":"follow","max-snippet":"max-snippet:-1","max-image-preview":"max-image-preview:large","max-video-preview":"max-video-preview:-1"},"canonical":"https:\/\/www.geostru.eu\/ro\/shop\/software-ro\/structuri\/calcularea-sectiunii-din-beton-armat-conform-ec-rc-sec-en\/","og_locale":"ro_RO","og_type":"article","og_title":"Calcularea sec\u021biunii din beton armat conform EC - RC-SEC-EN","og_description":"Este un software pentru calculul sec\u021biunii din beton armat \u00een conformitate cu EN 1992-1-1 \u0219i EN 1998-1 \u0219i eventualele anexe na\u021bionale de aplicare.","og_url":"https:\/\/www.geostru.eu\/ro\/shop\/software-ro\/structuri\/calcularea-sectiunii-din-beton-armat-conform-ec-rc-sec-en\/","og_site_name":"GeoStru EU","article_publisher":"https:\/\/www.facebook.com\/GeoStruSoftware\/","article_modified_time":"2025-02-20T14:10:22+00:00","og_image":[{"width":1915,"height":1039,"url":"https:\/\/www.geostru.eu\/wp-content\/uploads\/2013\/12\/rc_sec_en_3.jpg","type":"image\/jpeg"}],"twitter_card":"summary_large_image","twitter_site":"@geostru","twitter_misc":{"Pre\u021b":"&euro;390.00 f\u0103r\u0103 TVA","Disponibilitate":"\u00cen stoc"},"schema":{"@context":"https:\/\/schema.org","@graph":[{"@type":"WebPage","@id":"https:\/\/www.geostru.eu\/ro\/shop\/software-ro\/structuri\/calcularea-sectiunii-din-beton-armat-conform-ec-rc-sec-en\/","url":"https:\/\/www.geostru.eu\/ro\/shop\/software-ro\/structuri\/calcularea-sectiunii-din-beton-armat-conform-ec-rc-sec-en\/","name":"Calcularea sec\u021biunii din beton armat conform EC - RC-SEC-EN -","isPartOf":{"@id":"https:\/\/www.geostru.eu\/ro\/#website"},"primaryImageOfPage":{"@id":"https:\/\/www.geostru.eu\/ro\/shop\/software-ro\/structuri\/calcularea-sectiunii-din-beton-armat-conform-ec-rc-sec-en\/#primaryimage"},"image":{"@id":"https:\/\/www.geostru.eu\/ro\/shop\/software-ro\/structuri\/calcularea-sectiunii-din-beton-armat-conform-ec-rc-sec-en\/#primaryimage"},"thumbnailUrl":"https:\/\/www.geostru.eu\/wp-content\/uploads\/2013\/12\/rc_sec_en_3.jpg","datePublished":"2022-06-20T13:45:48+00:00","dateModified":"2025-02-20T14:10:22+00:00","description":"Este un software pentru calculul sec\u021biunii din beton armat \u00een conformitate cu EN 1992-1-1 \u0219i EN 1998-1 \u0219i eventualele anexe na\u021bionale de aplicare.","breadcrumb":{"@id":"https:\/\/www.geostru.eu\/ro\/shop\/software-ro\/structuri\/calcularea-sectiunii-din-beton-armat-conform-ec-rc-sec-en\/#breadcrumb"},"inLanguage":"ro-RO","potentialAction":[{"@type":"ReadAction","target":["https:\/\/www.geostru.eu\/ro\/shop\/software-ro\/structuri\/calcularea-sectiunii-din-beton-armat-conform-ec-rc-sec-en\/"]}]},{"@type":"ImageObject","inLanguage":"ro-RO","@id":"https:\/\/www.geostru.eu\/ro\/shop\/software-ro\/structuri\/calcularea-sectiunii-din-beton-armat-conform-ec-rc-sec-en\/#primaryimage","url":"https:\/\/www.geostru.eu\/wp-content\/uploads\/2013\/12\/rc_sec_en_3.jpg","contentUrl":"https:\/\/www.geostru.eu\/wp-content\/uploads\/2013\/12\/rc_sec_en_3.jpg","width":1915,"height":1039,"caption":"Calcularea sec\u021biunii din beton armat conform Ec -RC-SEC-EN\u00a0"},{"@type":"BreadcrumbList","@id":"https:\/\/www.geostru.eu\/ro\/shop\/software-ro\/structuri\/calcularea-sectiunii-din-beton-armat-conform-ec-rc-sec-en\/#breadcrumb","itemListElement":[{"@type":"ListItem","position":1,"name":"Home","item":"https:\/\/www.geostru.eu\/ro\/"},{"@type":"ListItem","position":2,"name":"Shop","item":"https:\/\/www.geostru.eu\/shop\/?lang=ro"},{"@type":"ListItem","position":3,"name":"Calcularea sec\u021biunii din beton armat conform EC &#8211; RC-SEC-EN"}]},{"@type":"WebSite","@id":"https:\/\/www.geostru.eu\/ro\/#website","url":"https:\/\/www.geostru.eu\/ro\/","name":"GeoStru EU","description":"Professionals at your service","publisher":{"@id":"https:\/\/www.geostru.eu\/ro\/#organization"},"potentialAction":[{"@type":"SearchAction","target":{"@type":"EntryPoint","urlTemplate":"https:\/\/www.geostru.eu\/ro\/?s={search_term_string}"},"query-input":{"@type":"PropertyValueSpecification","valueRequired":true,"valueName":"search_term_string"}}],"inLanguage":"ro-RO"},{"@type":"Organization","@id":"https:\/\/www.geostru.eu\/ro\/#organization","name":"GeoStru EU","url":"https:\/\/www.geostru.eu\/ro\/","logo":{"@type":"ImageObject","inLanguage":"ro-RO","@id":"https:\/\/www.geostru.eu\/ro\/#\/schema\/logo\/image\/","url":"https:\/\/www.geostru.eu\/wp-content\/uploads\/2023\/02\/LOGO_GEOSTRU_educational_banner.png","contentUrl":"https:\/\/www.geostru.eu\/wp-content\/uploads\/2023\/02\/LOGO_GEOSTRU_educational_banner.png","width":363,"height":115,"caption":"GeoStru EU"},"image":{"@id":"https:\/\/www.geostru.eu\/ro\/#\/schema\/logo\/image\/"},"sameAs":["https:\/\/www.facebook.com\/GeoStruSoftware\/","https:\/\/x.com\/geostru","https:\/\/www.linkedin.com\/company\/2462488\/admin\/","https:\/\/www.instagram.com\/geostru\/"]}]},"product_brand":"Structuri","product_price_amount":"390.00","product_price_currency":"EUR","og_availability":"instock","product_availability":"instock","product_retailer_item_id":"50","product_condition":"new"},"_links":{"self":[{"href":"https:\/\/www.geostru.eu\/ro\/wp-json\/wp\/v2\/product\/3806"}],"collection":[{"href":"https:\/\/www.geostru.eu\/ro\/wp-json\/wp\/v2\/product"}],"about":[{"href":"https:\/\/www.geostru.eu\/ro\/wp-json\/wp\/v2\/types\/product"}],"replies":[{"embeddable":true,"href":"https:\/\/www.geostru.eu\/ro\/wp-json\/wp\/v2\/comments?post=3806"}],"wp:featuredmedia":[{"embeddable":true,"href":"https:\/\/www.geostru.eu\/ro\/wp-json\/wp\/v2\/media\/31196"}],"wp:attachment":[{"href":"https:\/\/www.geostru.eu\/ro\/wp-json\/wp\/v2\/media?parent=3806"}],"wp:term":[{"taxonomy":"product_cat","embeddable":true,"href":"https:\/\/www.geostru.eu\/ro\/wp-json\/wp\/v2\/product_cat?post=3806"},{"taxonomy":"product_tag","embeddable":true,"href":"https:\/\/www.geostru.eu\/ro\/wp-json\/wp\/v2\/product_tag?post=3806"}],"curies":[{"name":"wp","href":"https:\/\/api.w.org\/{rel}","templated":true}]}}