{"id":3787,"date":"2022-06-20T15:37:06","date_gmt":"2022-06-20T13:37:06","guid":{"rendered":"https:\/\/www.geostru.eu\/?post_type=product&#038;p=3787"},"modified":"2026-02-20T15:11:23","modified_gmt":"2026-02-20T14:11:23","slug":"hydrologic-risk-evaluarea-riscului-hidrologic-2","status":"publish","type":"product","link":"https:\/\/www.geostru.eu\/ro\/shop\/software-ro\/hydrologic-risk-evaluarea-riscului-hidrologic-2\/","title":{"rendered":"Evaluarea riscului hidrologic &#8211; Hydrologic Risk"},"content":{"rendered":"<h2><span style=\"font-size: 12pt;\"><strong>Caracteristici<\/strong><\/span><\/h2>\n<ul>\n<li>Import raster la scar\u0103<\/li>\n<li>Definirea bazinului \u0219i a axelor fluviale pe imagine raster<\/li>\n<li>Calcularea ariei, a altitudinii medii (din curba hipsografic\u0103 modelul DEM), \u00eenclina\u021bia bazinului, etc.<\/li>\n<li>Coeficientul de scurgere Kennessey (1930)<\/li>\n<li>Bilan\u021bul hidrologic<\/li>\n<li>Elaborarea datelor pluviometrice<\/li>\n<li>Introducerea unui num\u0103r oarecare de sec\u021biuni de \u00eenchidere chiar \u0219i de form\u0103 generic\u0103<\/li>\n<li>Determinarea debitelor maxime de viitur\u0103 cu metode cinematice \u0219i statistice<\/li>\n<li>Hidrograma de viitur\u0103<\/li>\n<li>Verificarea hidraulic\u0103 pentru fiecare sec\u021biune transversal\u0103 de \u00eenchidere \u00een regim de mi\u0219care permanent\u0103 sau uniform\u0103<\/li>\n<li>Redactarea h\u0103r\u021bii de inunda\u021bie<\/li>\n<li>Realizarea rapoartelor \u00een format RTF<\/li>\n<\/ul>\n<p><strong>Coeficient de scurgere Kennessey (1930)<\/strong><br \/>\nCalcularea coeficientului de scurgere \u00een func\u021bie de caracteristicile vegetale, topografice, de permeabilitate \u0219i clim\u0103 ale zonei studiate.<\/p>\n<p><strong>Introducerea datelor<\/strong><br \/>\nProgramul este caracterizat de un sistem de introducere a datelor care faciliteaz\u0103 lucrul: este suficient s\u0103 se importe o imagine raster \u0219i s\u0103 se delimiteze pe aceasta bazinul hidrografic, re\u021beaua hidrografic\u0103 \u0219i sec\u021biunile de \u00eenchidere care se examineaz\u0103.<\/p>\n<p><strong>Elaborarea datelor pluviometrice<\/strong><br \/>\nPentru fiecare sec\u021biune transversal\u0103 programul calculeaz\u0103: aria bazinului, altitudinea medie a bazinului, \u00eenclina\u021bia medie a axei principale, lungime ax\u0103 principal\u0103, diferen\u021ba medie de nivel ax\u0103 principal\u0103 etc. Fiecare input poate fi modificat de c\u0103tre utilizator pentru elabor\u0103ri ulterioare cu ajutorul comenzii de \u00eenmagazinare a datelor.<br \/>\nElaborarea datelor pluviometrice se realizeaz\u0103 cu Metoda Gumbel.<\/p>\n<p><strong>Debitul maxim de viitur\u0103<\/strong><br \/>\nDebitele maxime de viitur\u0103 sunt calculate cu metode pluviometrice \u0219i statistice (ra\u021bionale, TCEV).<br \/>\nMai mult, pentru fiecare sec\u021biune transversal\u0103 de \u00eenchidere se poate construi evolu\u021bia undei de viitur\u0103 cu metoda Nash sau Mc Sparran.<\/p>\n<p><strong>Verificarea sec\u021biunilor<\/strong><br \/>\nVerific\u0103rile hidraulice ale sec\u021biunilor pot fi realizate \u00een regim de scurgere uniform\u0103 sau permanent\u0103.<\/p>\n<p><strong>Elaborarea h\u0103r\u021bii de viitur\u0103.<\/strong><br \/>\nRezultatul este o cartografie tematic\u0103 cu o hart\u0103 de viitur\u0103 care define\u0219te posibilitatea inund\u0103rii \u00een func\u021bie de diver\u0219ii timpi de \u00eentoarcere calcula\u021bi, cu rezultatul grafic ce restituie pe o baz\u0103 raster pericolul viiturii reale.<\/p>\n","protected":false},"excerpt":{"rendered":"<p style=\"text-align: justify;\">Programul Hydrologic Risk permite determinarea riscului hidrologic-hidraulic al unui bazin sau al unei serii de bazine.<br \/>\nDelimit\u00e2nd bazinele sau bazinul se pot defini caracteristicile coeficien\u021bilor de scurgere \u0219i timpii de corec\u021bie ai bazinului unic \u0219i, prin urmare, debitele maxime de viitur\u0103 ale sec\u021biunilor luate \u00een considerare.<\/p>\n<p>Video tutorial <a href=\"https:\/\/www.youtube.com\/watch?v=oTbJr9mduUA\">1<\/a> <a href=\"https:\/\/www.youtube.com\/watch?v=9aq61gfYhM4\">2<\/a><\/p>\n","protected":false},"featured_media":15153,"comment_status":"open","ping_status":"closed","template":"","meta":[],"product_cat":[13321,202,530,86,90],"product_tag":[],"class_list":{"0":"post-3787","1":"product","2":"type-product","3":"status-publish","4":"has-post-thumbnail","6":"product_cat-pachet-software-ro","7":"product_cat-software-ro","8":"product_cat-software-geologia-ro-2","9":"product_cat-hidrologie-si-hidraulica","10":"product_cat-topografie","11":"pa_product-professional-ro-2","12":"pa_product-subscription-1-year1","13":"description-off","15":"first","16":"instock","17":"downloadable","18":"virtual","19":"sold-individually","20":"taxable","21":"purchasable","22":"product-type-licensed"},"yoast_head":"<!-- This site is optimized with the Yoast SEO Premium plugin v25.0 (Yoast SEO v25.0) - https:\/\/yoast.com\/wordpress\/plugins\/seo\/ -->\n<title>Evaluarea riscului hidrologic - Hydrologic Risk - GeoStru EU<\/title>\n<meta name=\"description\" content=\"Delimit\u00e2nd bazinele sau bazinul se pot defini caracteristicile coeficien\u021bilor de scurgere \u0219i timpii de corec\u021bie ai bazinului unic \u0219i, prin urmare, debitele maxime de viitur\u0103 ale sec\u021biunilor luate \u00een considerare.\" \/>\n<meta name=\"robots\" content=\"index, follow, max-snippet:-1, max-image-preview:large, max-video-preview:-1\" \/>\n<link rel=\"canonical\" href=\"https:\/\/www.geostru.eu\/ro\/shop\/software-ro\/hydrologic-risk-evaluarea-riscului-hidrologic-2\/\" \/>\n<meta property=\"og:locale\" content=\"ro_RO\" \/>\n<meta property=\"og:type\" content=\"article\" \/>\n<meta property=\"og:title\" content=\"Evaluarea riscului hidrologic - Hydrologic Risk\" \/>\n<meta property=\"og:description\" content=\"Delimit\u00e2nd bazinele sau bazinul se pot defini caracteristicile coeficien\u021bilor de scurgere \u0219i timpii de corec\u021bie ai bazinului unic \u0219i, prin urmare, debitele maxime de viitur\u0103 ale sec\u021biunilor luate \u00een considerare.\" \/>\n<meta property=\"og:url\" content=\"https:\/\/www.geostru.eu\/ro\/shop\/software-ro\/hydrologic-risk-evaluarea-riscului-hidrologic-2\/\" \/>\n<meta property=\"og:site_name\" content=\"GeoStru EU\" \/>\n<meta property=\"article:publisher\" content=\"https:\/\/www.facebook.com\/GeoStruSoftware\/\" \/>\n<meta property=\"article:modified_time\" content=\"2026-02-20T14:11:23+00:00\" \/>\n<meta property=\"og:image\" content=\"https:\/\/www.geostru.eu\/wp-content\/uploads\/2013\/12\/Hydrologicjpg.png\" \/>\n\t<meta property=\"og:image:width\" content=\"1923\" \/>\n\t<meta property=\"og:image:height\" content=\"1021\" \/>\n\t<meta property=\"og:image:type\" content=\"image\/png\" \/>\n<meta name=\"twitter:card\" content=\"summary_large_image\" \/>\n<meta name=\"twitter:site\" content=\"@geostru\" \/>\n<meta name=\"twitter:label1\" content=\"Pre\u021b\" \/>\n\t<meta name=\"twitter:data1\" content=\"&euro;490.00 f\u0103r\u0103 TVA\" \/>\n\t<meta name=\"twitter:label2\" content=\"Disponibilitate\" \/>\n\t<meta name=\"twitter:data2\" content=\"\u00cen stoc\" \/>\n<script type=\"application\/ld+json\" class=\"yoast-schema-graph\">{\"@context\":\"https:\/\/schema.org\",\"@graph\":[{\"@type\":\"WebPage\",\"@id\":\"https:\/\/www.geostru.eu\/ro\/shop\/software-ro\/hydrologic-risk-evaluarea-riscului-hidrologic-2\/\",\"url\":\"https:\/\/www.geostru.eu\/ro\/shop\/software-ro\/hydrologic-risk-evaluarea-riscului-hidrologic-2\/\",\"name\":\"Evaluarea riscului hidrologic - Hydrologic Risk - GeoStru EU\",\"isPartOf\":{\"@id\":\"https:\/\/www.geostru.eu\/ro\/#website\"},\"primaryImageOfPage\":{\"@id\":\"https:\/\/www.geostru.eu\/ro\/shop\/software-ro\/hydrologic-risk-evaluarea-riscului-hidrologic-2\/#primaryimage\"},\"image\":{\"@id\":\"https:\/\/www.geostru.eu\/ro\/shop\/software-ro\/hydrologic-risk-evaluarea-riscului-hidrologic-2\/#primaryimage\"},\"thumbnailUrl\":\"https:\/\/www.geostru.eu\/wp-content\/uploads\/2013\/12\/Hydrologicjpg.png\",\"datePublished\":\"2022-06-20T13:37:06+00:00\",\"dateModified\":\"2026-02-20T14:11:23+00:00\",\"description\":\"Delimit\u00e2nd bazinele sau bazinul se pot defini caracteristicile coeficien\u021bilor de scurgere \u0219i timpii de corec\u021bie ai bazinului unic \u0219i, prin urmare, debitele maxime de viitur\u0103 ale sec\u021biunilor luate \u00een considerare.\",\"breadcrumb\":{\"@id\":\"https:\/\/www.geostru.eu\/ro\/shop\/software-ro\/hydrologic-risk-evaluarea-riscului-hidrologic-2\/#breadcrumb\"},\"inLanguage\":\"ro-RO\",\"potentialAction\":[{\"@type\":\"ReadAction\",\"target\":[\"https:\/\/www.geostru.eu\/ro\/shop\/software-ro\/hydrologic-risk-evaluarea-riscului-hidrologic-2\/\"]}]},{\"@type\":\"ImageObject\",\"inLanguage\":\"ro-RO\",\"@id\":\"https:\/\/www.geostru.eu\/ro\/shop\/software-ro\/hydrologic-risk-evaluarea-riscului-hidrologic-2\/#primaryimage\",\"url\":\"https:\/\/www.geostru.eu\/wp-content\/uploads\/2013\/12\/Hydrologicjpg.png\",\"contentUrl\":\"https:\/\/www.geostru.eu\/wp-content\/uploads\/2013\/12\/Hydrologicjpg.png\",\"width\":1923,\"height\":1021,\"caption\":\"Hydrologic Risk Geostru\"},{\"@type\":\"BreadcrumbList\",\"@id\":\"https:\/\/www.geostru.eu\/ro\/shop\/software-ro\/hydrologic-risk-evaluarea-riscului-hidrologic-2\/#breadcrumb\",\"itemListElement\":[{\"@type\":\"ListItem\",\"position\":1,\"name\":\"Home\",\"item\":\"https:\/\/www.geostru.eu\/ro\/\"},{\"@type\":\"ListItem\",\"position\":2,\"name\":\"Shop\",\"item\":\"https:\/\/www.geostru.eu\/shop\/?lang=ro\"},{\"@type\":\"ListItem\",\"position\":3,\"name\":\"Evaluarea riscului hidrologic &#8211; Hydrologic Risk\"}]},{\"@type\":\"WebSite\",\"@id\":\"https:\/\/www.geostru.eu\/ro\/#website\",\"url\":\"https:\/\/www.geostru.eu\/ro\/\",\"name\":\"GeoStru EU\",\"description\":\"Professionals at your service\",\"publisher\":{\"@id\":\"https:\/\/www.geostru.eu\/ro\/#organization\"},\"potentialAction\":[{\"@type\":\"SearchAction\",\"target\":{\"@type\":\"EntryPoint\",\"urlTemplate\":\"https:\/\/www.geostru.eu\/ro\/?s={search_term_string}\"},\"query-input\":{\"@type\":\"PropertyValueSpecification\",\"valueRequired\":true,\"valueName\":\"search_term_string\"}}],\"inLanguage\":\"ro-RO\"},{\"@type\":\"Organization\",\"@id\":\"https:\/\/www.geostru.eu\/ro\/#organization\",\"name\":\"GeoStru EU\",\"url\":\"https:\/\/www.geostru.eu\/ro\/\",\"logo\":{\"@type\":\"ImageObject\",\"inLanguage\":\"ro-RO\",\"@id\":\"https:\/\/www.geostru.eu\/ro\/#\/schema\/logo\/image\/\",\"url\":\"https:\/\/www.geostru.eu\/wp-content\/uploads\/2023\/02\/LOGO_GEOSTRU_educational_banner.png\",\"contentUrl\":\"https:\/\/www.geostru.eu\/wp-content\/uploads\/2023\/02\/LOGO_GEOSTRU_educational_banner.png\",\"width\":363,\"height\":115,\"caption\":\"GeoStru EU\"},\"image\":{\"@id\":\"https:\/\/www.geostru.eu\/ro\/#\/schema\/logo\/image\/\"},\"sameAs\":[\"https:\/\/www.facebook.com\/GeoStruSoftware\/\",\"https:\/\/x.com\/geostru\",\"https:\/\/www.linkedin.com\/company\/2462488\/admin\/\",\"https:\/\/www.instagram.com\/geostru\/\"]}]}<\/script>\n<meta property=\"product:brand\" content=\"Software\" \/>\n<meta property=\"product:price:amount\" content=\"490.00\" \/>\n<meta property=\"product:price:currency\" content=\"EUR\" \/>\n<meta property=\"og:availability\" content=\"instock\" \/>\n<meta property=\"product:availability\" content=\"instock\" \/>\n<meta property=\"product:retailer_item_id\" content=\"23\" \/>\n<meta property=\"product:condition\" content=\"new\" \/>\n<!-- \/ Yoast SEO Premium plugin. -->","yoast_head_json":{"title":"Evaluarea riscului hidrologic - Hydrologic Risk - GeoStru EU","description":"Delimit\u00e2nd bazinele sau bazinul se pot defini caracteristicile coeficien\u021bilor de scurgere \u0219i timpii de corec\u021bie ai bazinului unic \u0219i, prin urmare, debitele maxime de viitur\u0103 ale sec\u021biunilor luate \u00een considerare.","robots":{"index":"index","follow":"follow","max-snippet":"max-snippet:-1","max-image-preview":"max-image-preview:large","max-video-preview":"max-video-preview:-1"},"canonical":"https:\/\/www.geostru.eu\/ro\/shop\/software-ro\/hydrologic-risk-evaluarea-riscului-hidrologic-2\/","og_locale":"ro_RO","og_type":"article","og_title":"Evaluarea riscului hidrologic - Hydrologic Risk","og_description":"Delimit\u00e2nd bazinele sau bazinul se pot defini caracteristicile coeficien\u021bilor de scurgere \u0219i timpii de corec\u021bie ai bazinului unic \u0219i, prin urmare, debitele maxime de viitur\u0103 ale sec\u021biunilor luate \u00een considerare.","og_url":"https:\/\/www.geostru.eu\/ro\/shop\/software-ro\/hydrologic-risk-evaluarea-riscului-hidrologic-2\/","og_site_name":"GeoStru EU","article_publisher":"https:\/\/www.facebook.com\/GeoStruSoftware\/","article_modified_time":"2026-02-20T14:11:23+00:00","og_image":[{"width":1923,"height":1021,"url":"https:\/\/www.geostru.eu\/wp-content\/uploads\/2013\/12\/Hydrologicjpg.png","type":"image\/png"}],"twitter_card":"summary_large_image","twitter_site":"@geostru","twitter_misc":{"Pre\u021b":"&euro;490.00 f\u0103r\u0103 TVA","Disponibilitate":"\u00cen stoc"},"schema":{"@context":"https:\/\/schema.org","@graph":[{"@type":"WebPage","@id":"https:\/\/www.geostru.eu\/ro\/shop\/software-ro\/hydrologic-risk-evaluarea-riscului-hidrologic-2\/","url":"https:\/\/www.geostru.eu\/ro\/shop\/software-ro\/hydrologic-risk-evaluarea-riscului-hidrologic-2\/","name":"Evaluarea riscului hidrologic - Hydrologic Risk - GeoStru EU","isPartOf":{"@id":"https:\/\/www.geostru.eu\/ro\/#website"},"primaryImageOfPage":{"@id":"https:\/\/www.geostru.eu\/ro\/shop\/software-ro\/hydrologic-risk-evaluarea-riscului-hidrologic-2\/#primaryimage"},"image":{"@id":"https:\/\/www.geostru.eu\/ro\/shop\/software-ro\/hydrologic-risk-evaluarea-riscului-hidrologic-2\/#primaryimage"},"thumbnailUrl":"https:\/\/www.geostru.eu\/wp-content\/uploads\/2013\/12\/Hydrologicjpg.png","datePublished":"2022-06-20T13:37:06+00:00","dateModified":"2026-02-20T14:11:23+00:00","description":"Delimit\u00e2nd bazinele sau bazinul se pot defini caracteristicile coeficien\u021bilor de scurgere \u0219i timpii de corec\u021bie ai bazinului unic \u0219i, prin urmare, debitele maxime de viitur\u0103 ale sec\u021biunilor luate \u00een considerare.","breadcrumb":{"@id":"https:\/\/www.geostru.eu\/ro\/shop\/software-ro\/hydrologic-risk-evaluarea-riscului-hidrologic-2\/#breadcrumb"},"inLanguage":"ro-RO","potentialAction":[{"@type":"ReadAction","target":["https:\/\/www.geostru.eu\/ro\/shop\/software-ro\/hydrologic-risk-evaluarea-riscului-hidrologic-2\/"]}]},{"@type":"ImageObject","inLanguage":"ro-RO","@id":"https:\/\/www.geostru.eu\/ro\/shop\/software-ro\/hydrologic-risk-evaluarea-riscului-hidrologic-2\/#primaryimage","url":"https:\/\/www.geostru.eu\/wp-content\/uploads\/2013\/12\/Hydrologicjpg.png","contentUrl":"https:\/\/www.geostru.eu\/wp-content\/uploads\/2013\/12\/Hydrologicjpg.png","width":1923,"height":1021,"caption":"Hydrologic Risk Geostru"},{"@type":"BreadcrumbList","@id":"https:\/\/www.geostru.eu\/ro\/shop\/software-ro\/hydrologic-risk-evaluarea-riscului-hidrologic-2\/#breadcrumb","itemListElement":[{"@type":"ListItem","position":1,"name":"Home","item":"https:\/\/www.geostru.eu\/ro\/"},{"@type":"ListItem","position":2,"name":"Shop","item":"https:\/\/www.geostru.eu\/shop\/?lang=ro"},{"@type":"ListItem","position":3,"name":"Evaluarea riscului hidrologic &#8211; Hydrologic Risk"}]},{"@type":"WebSite","@id":"https:\/\/www.geostru.eu\/ro\/#website","url":"https:\/\/www.geostru.eu\/ro\/","name":"GeoStru EU","description":"Professionals at your service","publisher":{"@id":"https:\/\/www.geostru.eu\/ro\/#organization"},"potentialAction":[{"@type":"SearchAction","target":{"@type":"EntryPoint","urlTemplate":"https:\/\/www.geostru.eu\/ro\/?s={search_term_string}"},"query-input":{"@type":"PropertyValueSpecification","valueRequired":true,"valueName":"search_term_string"}}],"inLanguage":"ro-RO"},{"@type":"Organization","@id":"https:\/\/www.geostru.eu\/ro\/#organization","name":"GeoStru EU","url":"https:\/\/www.geostru.eu\/ro\/","logo":{"@type":"ImageObject","inLanguage":"ro-RO","@id":"https:\/\/www.geostru.eu\/ro\/#\/schema\/logo\/image\/","url":"https:\/\/www.geostru.eu\/wp-content\/uploads\/2023\/02\/LOGO_GEOSTRU_educational_banner.png","contentUrl":"https:\/\/www.geostru.eu\/wp-content\/uploads\/2023\/02\/LOGO_GEOSTRU_educational_banner.png","width":363,"height":115,"caption":"GeoStru EU"},"image":{"@id":"https:\/\/www.geostru.eu\/ro\/#\/schema\/logo\/image\/"},"sameAs":["https:\/\/www.facebook.com\/GeoStruSoftware\/","https:\/\/x.com\/geostru","https:\/\/www.linkedin.com\/company\/2462488\/admin\/","https:\/\/www.instagram.com\/geostru\/"]}]},"product_brand":"Software","product_price_amount":"490.00","product_price_currency":"EUR","og_availability":"instock","product_availability":"instock","product_retailer_item_id":"23","product_condition":"new"},"_links":{"self":[{"href":"https:\/\/www.geostru.eu\/ro\/wp-json\/wp\/v2\/product\/3787"}],"collection":[{"href":"https:\/\/www.geostru.eu\/ro\/wp-json\/wp\/v2\/product"}],"about":[{"href":"https:\/\/www.geostru.eu\/ro\/wp-json\/wp\/v2\/types\/product"}],"replies":[{"embeddable":true,"href":"https:\/\/www.geostru.eu\/ro\/wp-json\/wp\/v2\/comments?post=3787"}],"wp:featuredmedia":[{"embeddable":true,"href":"https:\/\/www.geostru.eu\/ro\/wp-json\/wp\/v2\/media\/15153"}],"wp:attachment":[{"href":"https:\/\/www.geostru.eu\/ro\/wp-json\/wp\/v2\/media?parent=3787"}],"wp:term":[{"taxonomy":"product_cat","embeddable":true,"href":"https:\/\/www.geostru.eu\/ro\/wp-json\/wp\/v2\/product_cat?post=3787"},{"taxonomy":"product_tag","embeddable":true,"href":"https:\/\/www.geostru.eu\/ro\/wp-json\/wp\/v2\/product_tag?post=3787"}],"curies":[{"name":"wp","href":"https:\/\/api.w.org\/{rel}","templated":true}]}}