{"id":3751,"date":"2014-11-20T11:42:27","date_gmt":"2014-11-20T09:42:27","guid":{"rendered":"https:\/\/www.geostru.eu\/?post_type=product&#038;p=3751"},"modified":"2026-01-21T09:44:04","modified_gmt":"2026-01-21T08:44:04","slug":"easy-hvsr-software-hvsr-processing","status":"publish","type":"product","link":"https:\/\/www.geostru.eu\/ro\/shop\/software-ro\/geofizica\/easy-hvsr-software-hvsr-processing\/","title":{"rendered":"Raport spectral vertical orizontal &#8211; Easy HVSR"},"content":{"rendered":"<div class=\"wpb-content-wrapper\"><p>[vc_row][vc_column][vc_column_text]<\/p>\n<p style=\"text-align: justify;\"><strong>PERSONALIZAREA ANALIZEI<\/strong><\/p>\n<p style=\"text-align: justify;\">Utilizatorul poate alege diferite modalit\u0103\u021bi de prelucrare a datelor, aleg\u00e2nd cele mai potrivite metode pentru suma direc\u021bional\u0103 a urmelor pe direc\u021biile orizontale, pentru netezire \u0219i pentru banda de frecven\u021b\u0103 de analizat.\u00a0Utilizatorul poate alege de la cea mai simpl\u0103 medie aritmetic\u0103 p\u00e2n\u0103 la media p\u0103tratic\u0103 sau medie geometric\u0103 dintre sumele direc\u021bionale disponibile.\u00a0Dintre metodele de netezire a datelor sugerate de proiectul SESAME pot fi alese: de Konno &amp; Ohmachi, constant\u0103 triunghiular\u0103 \u0219i propor\u021bie triunghiular\u0103.\u00a0Utilizatorul poate alege ferestrele de timp pe care s\u0103 le includ\u0103 sau s\u0103 le exclud\u0103 printr-o simpl\u0103 bif\u0103, v\u0103z\u00e2nd \u00een timp real modific\u0103rile efectuate.\u00a0Datele de intrare pot fi filtrate automat.<\/p>\n<p style=\"text-align: justify;\"><strong>AFI\u0218AREA DATELOR<\/strong><\/p>\n<p style=\"text-align: justify;\">Toate rezultatele sunt afi\u0219ate \u00een diagramele personalizabile. Graficele disponibile sunt urmele \u00een cele trei direc\u021bii analizate cu reprezentarea ferestrelor de timp alese;\u00a0spectrul mediu al urmelor;\u00a0harta pentru verificarea sta\u021bionarit\u0103\u021bii \u00eenregistr\u0103rii;\u00a0harta pentru verificarea izotropiei direc\u021bionale a \u00eenregistr\u0103rii;\u00a0Raportul spectral H\/V cu intervalul s\u0103u de \u00eencredere, av\u00e2nd posibilitatea de a suprapune curba de elipticitate a mai multor modele stratigrafice nu numai ale modului fundamental, ci \u0219i a celor superioare;\u00a0reprezentarea grafic\u0103 a profilului stratigrafic;\u00a0profilul de vitez\u0103 asociat stratigrafiei.<\/p>\n<p style=\"text-align: justify;\"><strong>REZULTATE<\/strong><\/p>\n<p style=\"text-align: justify;\">Software-ul evalueaz\u0103 automat o prim\u0103 estimare a modelului stratigrafic care aproximeaz\u0103 cel mai bine comportamentul spectral H\/V \u00eenregistrat in situ \u0219i analizat, astfel \u00eenc\u00e2t utilizatorul s\u0103 \u00eel poat\u0103 rafina mai rapid.\u00a0Se ob\u021bine astfel, pe l\u00e2ng\u0103 frecven\u021ba natural\u0103 de vibra\u021bie a stratigrafiei tipice tehnicii HVSR, evaluarea imediat\u0103 a Vs30 \u0219i profilul vitezei undei de forfecare a modelului stratigrafic presupus.\u00a0Pe diagrama raportului spectral, sunt vizibile H\/V;\u00a0pe l\u00e2ng\u0103 curba H\/V cu intervalul s\u0103u de \u00eencredere, toate curbele de elipticitate ale diferitelor moduri ale fiec\u0103rui model stratigrafic pe care utilizatorul le poate decide s\u0103 le adauge.\u00a0\u00cen acest fel, se pot compara diferen\u021bele din punct de vedere calitativ \u0219i, \u00een plus,\u00a0de asemenea, o compara\u021bie cantitativ\u0103 cu estimarea func\u021biei de nepotrivire \u00eentre curba de elipticitate \u201efundamental\u0103\u201d \u0219i curba raportului spectral H\/V.\u00a0Verific\u0103rile \u00eenso\u021besc totul asupra fiabilit\u0103\u021bii curbei H\/V \u0219i a v\u00e2rfului acesteia sugerat de <strong>Proiectul SESAME<\/strong>.<\/p>\n<p>[\/vc_column_text][\/vc_column][\/vc_row]<\/p>\n<\/div>","protected":false},"excerpt":{"rendered":"<p style=\"text-align: justify;\"><strong>Raport spectral vertical orizontal \u2013 EASY HVSR<\/strong> permite analiza raportului spectral al microtremorurilor \u00eenregistrate cu o singur\u0103 sta\u021bie.<\/p>\n<p style=\"text-align: justify;\">Simplitatea utiliz\u0103rii \u0219i viteza de execu\u021bie a calculelor permit utilizatorului s\u0103 ob\u021bin\u0103 rezultate imediate \u00een estimarea frecven\u021bei de rezonan\u021b\u0103, a profilului stratigrafic \u0219i a vitezei echivalente a undei de forfecare Vs, eq, toate \u00een conformitate cu liniile directoare sugerate de proiectul <strong><a href=\"https:\/\/cordis.europa.eu\/project\/id\/EVG1-CT-2000-00026\">SESAME<\/a>.<\/strong><\/p>\n<p style=\"text-align: justify;\">Software-ul import\u0103 fi\u0219iere SEG2, SAF \u0219i ASCII.<\/p>\n","protected":false},"featured_media":15314,"comment_status":"open","ping_status":"closed","template":"","meta":[],"product_cat":[84],"product_tag":[440],"class_list":{"0":"post-3751","1":"product","2":"type-product","3":"status-publish","4":"has-post-thumbnail","6":"product_cat-geofizica","7":"product_tag-frecuencia-de-resonancia-de-del-suelo-ro","8":"pa_product-professional-ro-2","9":"pa_product-subscription-1-year1","10":"description-off","12":"first","13":"instock","14":"downloadable","15":"virtual","16":"sold-individually","17":"taxable","18":"purchasable","19":"product-type-licensed"},"yoast_head":"<!-- This site is optimized with the Yoast SEO Premium plugin v25.0 (Yoast SEO v25.0) - https:\/\/yoast.com\/wordpress\/plugins\/seo\/ -->\n<title>Raport spectral vertical orizontal - Easy HVSR - GeoStru EU<\/title>\n<meta name=\"description\" content=\"Easy HVSR permite analiza raportului spectral al microtremourilor \u00eenregistrate cu o singur\u0103 sta\u021bie.\" \/>\n<meta name=\"robots\" content=\"index, follow, max-snippet:-1, max-image-preview:large, max-video-preview:-1\" \/>\n<link rel=\"canonical\" href=\"https:\/\/www.geostru.eu\/ro\/shop\/software-ro\/geofizica\/easy-hvsr-software-hvsr-processing\/\" \/>\n<meta property=\"og:locale\" content=\"ro_RO\" \/>\n<meta property=\"og:type\" content=\"article\" \/>\n<meta property=\"og:title\" content=\"Raport spectral vertical orizontal - Easy HVSR\" \/>\n<meta property=\"og:description\" content=\"Easy HVSR permite analiza raportului spectral al microtremourilor \u00eenregistrate cu o singur\u0103 sta\u021bie.\" \/>\n<meta property=\"og:url\" content=\"https:\/\/www.geostru.eu\/ro\/shop\/software-ro\/geofizica\/easy-hvsr-software-hvsr-processing\/\" \/>\n<meta property=\"og:site_name\" content=\"GeoStru EU\" \/>\n<meta property=\"article:publisher\" content=\"https:\/\/www.facebook.com\/GeoStruSoftware\/\" \/>\n<meta property=\"article:modified_time\" content=\"2026-01-21T08:44:04+00:00\" \/>\n<meta property=\"og:image\" content=\"https:\/\/www.geostru.eu\/wp-content\/uploads\/2013\/12\/HVSR.png\" \/>\n\t<meta property=\"og:image:width\" content=\"1920\" \/>\n\t<meta property=\"og:image:height\" content=\"1040\" \/>\n\t<meta property=\"og:image:type\" content=\"image\/png\" \/>\n<meta name=\"twitter:card\" content=\"summary_large_image\" \/>\n<meta name=\"twitter:site\" content=\"@geostru\" \/>\n<meta name=\"twitter:label1\" content=\"Pre\u021b\" \/>\n\t<meta name=\"twitter:data1\" content=\"&euro;590.00 f\u0103r\u0103 TVA\" \/>\n\t<meta name=\"twitter:label2\" content=\"Disponibilitate\" \/>\n\t<meta name=\"twitter:data2\" content=\"\u00cen stoc\" \/>\n<script type=\"application\/ld+json\" class=\"yoast-schema-graph\">{\"@context\":\"https:\/\/schema.org\",\"@graph\":[{\"@type\":\"WebPage\",\"@id\":\"https:\/\/www.geostru.eu\/ro\/shop\/software-ro\/geofizica\/easy-hvsr-software-hvsr-processing\/\",\"url\":\"https:\/\/www.geostru.eu\/ro\/shop\/software-ro\/geofizica\/easy-hvsr-software-hvsr-processing\/\",\"name\":\"Raport spectral vertical orizontal - Easy HVSR - GeoStru EU\",\"isPartOf\":{\"@id\":\"https:\/\/www.geostru.eu\/ro\/#website\"},\"primaryImageOfPage\":{\"@id\":\"https:\/\/www.geostru.eu\/ro\/shop\/software-ro\/geofizica\/easy-hvsr-software-hvsr-processing\/#primaryimage\"},\"image\":{\"@id\":\"https:\/\/www.geostru.eu\/ro\/shop\/software-ro\/geofizica\/easy-hvsr-software-hvsr-processing\/#primaryimage\"},\"thumbnailUrl\":\"https:\/\/www.geostru.eu\/wp-content\/uploads\/2013\/12\/HVSR.png\",\"datePublished\":\"2014-11-20T09:42:27+00:00\",\"dateModified\":\"2026-01-21T08:44:04+00:00\",\"description\":\"Easy HVSR permite analiza raportului spectral al microtremourilor \u00eenregistrate cu o singur\u0103 sta\u021bie.\",\"breadcrumb\":{\"@id\":\"https:\/\/www.geostru.eu\/ro\/shop\/software-ro\/geofizica\/easy-hvsr-software-hvsr-processing\/#breadcrumb\"},\"inLanguage\":\"ro-RO\",\"potentialAction\":[{\"@type\":\"ReadAction\",\"target\":[\"https:\/\/www.geostru.eu\/ro\/shop\/software-ro\/geofizica\/easy-hvsr-software-hvsr-processing\/\"]}]},{\"@type\":\"ImageObject\",\"inLanguage\":\"ro-RO\",\"@id\":\"https:\/\/www.geostru.eu\/ro\/shop\/software-ro\/geofizica\/easy-hvsr-software-hvsr-processing\/#primaryimage\",\"url\":\"https:\/\/www.geostru.eu\/wp-content\/uploads\/2013\/12\/HVSR.png\",\"contentUrl\":\"https:\/\/www.geostru.eu\/wp-content\/uploads\/2013\/12\/HVSR.png\",\"width\":1920,\"height\":1040},{\"@type\":\"BreadcrumbList\",\"@id\":\"https:\/\/www.geostru.eu\/ro\/shop\/software-ro\/geofizica\/easy-hvsr-software-hvsr-processing\/#breadcrumb\",\"itemListElement\":[{\"@type\":\"ListItem\",\"position\":1,\"name\":\"Home\",\"item\":\"https:\/\/www.geostru.eu\/ro\/\"},{\"@type\":\"ListItem\",\"position\":2,\"name\":\"Shop\",\"item\":\"https:\/\/www.geostru.eu\/shop\/?lang=ro\"},{\"@type\":\"ListItem\",\"position\":3,\"name\":\"Raport spectral vertical orizontal &#8211; Easy HVSR\"}]},{\"@type\":\"WebSite\",\"@id\":\"https:\/\/www.geostru.eu\/ro\/#website\",\"url\":\"https:\/\/www.geostru.eu\/ro\/\",\"name\":\"GeoStru EU\",\"description\":\"Professionals at your service\",\"publisher\":{\"@id\":\"https:\/\/www.geostru.eu\/ro\/#organization\"},\"potentialAction\":[{\"@type\":\"SearchAction\",\"target\":{\"@type\":\"EntryPoint\",\"urlTemplate\":\"https:\/\/www.geostru.eu\/ro\/?s={search_term_string}\"},\"query-input\":{\"@type\":\"PropertyValueSpecification\",\"valueRequired\":true,\"valueName\":\"search_term_string\"}}],\"inLanguage\":\"ro-RO\"},{\"@type\":\"Organization\",\"@id\":\"https:\/\/www.geostru.eu\/ro\/#organization\",\"name\":\"GeoStru EU\",\"url\":\"https:\/\/www.geostru.eu\/ro\/\",\"logo\":{\"@type\":\"ImageObject\",\"inLanguage\":\"ro-RO\",\"@id\":\"https:\/\/www.geostru.eu\/ro\/#\/schema\/logo\/image\/\",\"url\":\"https:\/\/www.geostru.eu\/wp-content\/uploads\/2023\/02\/LOGO_GEOSTRU_educational_banner.png\",\"contentUrl\":\"https:\/\/www.geostru.eu\/wp-content\/uploads\/2023\/02\/LOGO_GEOSTRU_educational_banner.png\",\"width\":363,\"height\":115,\"caption\":\"GeoStru EU\"},\"image\":{\"@id\":\"https:\/\/www.geostru.eu\/ro\/#\/schema\/logo\/image\/\"},\"sameAs\":[\"https:\/\/www.facebook.com\/GeoStruSoftware\/\",\"https:\/\/x.com\/geostru\",\"https:\/\/www.linkedin.com\/company\/2462488\/admin\/\",\"https:\/\/www.instagram.com\/geostru\/\"]}]}<\/script>\n<meta property=\"product:brand\" content=\"Geofizic\u0103\" \/>\n<meta property=\"product:price:amount\" content=\"590.00\" \/>\n<meta property=\"product:price:currency\" content=\"EUR\" \/>\n<meta property=\"og:availability\" content=\"instock\" \/>\n<meta property=\"product:availability\" content=\"instock\" \/>\n<meta property=\"product:retailer_item_id\" content=\"36\" \/>\n<meta property=\"product:condition\" content=\"new\" \/>\n<!-- \/ Yoast SEO Premium plugin. -->","yoast_head_json":{"title":"Raport spectral vertical orizontal - Easy HVSR - GeoStru EU","description":"Easy HVSR permite analiza raportului spectral al microtremourilor \u00eenregistrate cu o singur\u0103 sta\u021bie.","robots":{"index":"index","follow":"follow","max-snippet":"max-snippet:-1","max-image-preview":"max-image-preview:large","max-video-preview":"max-video-preview:-1"},"canonical":"https:\/\/www.geostru.eu\/ro\/shop\/software-ro\/geofizica\/easy-hvsr-software-hvsr-processing\/","og_locale":"ro_RO","og_type":"article","og_title":"Raport spectral vertical orizontal - Easy HVSR","og_description":"Easy HVSR permite analiza raportului spectral al microtremourilor \u00eenregistrate cu o singur\u0103 sta\u021bie.","og_url":"https:\/\/www.geostru.eu\/ro\/shop\/software-ro\/geofizica\/easy-hvsr-software-hvsr-processing\/","og_site_name":"GeoStru EU","article_publisher":"https:\/\/www.facebook.com\/GeoStruSoftware\/","article_modified_time":"2026-01-21T08:44:04+00:00","og_image":[{"width":1920,"height":1040,"url":"https:\/\/www.geostru.eu\/wp-content\/uploads\/2013\/12\/HVSR.png","type":"image\/png"}],"twitter_card":"summary_large_image","twitter_site":"@geostru","twitter_misc":{"Pre\u021b":"&euro;590.00 f\u0103r\u0103 TVA","Disponibilitate":"\u00cen stoc"},"schema":{"@context":"https:\/\/schema.org","@graph":[{"@type":"WebPage","@id":"https:\/\/www.geostru.eu\/ro\/shop\/software-ro\/geofizica\/easy-hvsr-software-hvsr-processing\/","url":"https:\/\/www.geostru.eu\/ro\/shop\/software-ro\/geofizica\/easy-hvsr-software-hvsr-processing\/","name":"Raport spectral vertical orizontal - Easy HVSR - GeoStru EU","isPartOf":{"@id":"https:\/\/www.geostru.eu\/ro\/#website"},"primaryImageOfPage":{"@id":"https:\/\/www.geostru.eu\/ro\/shop\/software-ro\/geofizica\/easy-hvsr-software-hvsr-processing\/#primaryimage"},"image":{"@id":"https:\/\/www.geostru.eu\/ro\/shop\/software-ro\/geofizica\/easy-hvsr-software-hvsr-processing\/#primaryimage"},"thumbnailUrl":"https:\/\/www.geostru.eu\/wp-content\/uploads\/2013\/12\/HVSR.png","datePublished":"2014-11-20T09:42:27+00:00","dateModified":"2026-01-21T08:44:04+00:00","description":"Easy HVSR permite analiza raportului spectral al microtremourilor \u00eenregistrate cu o singur\u0103 sta\u021bie.","breadcrumb":{"@id":"https:\/\/www.geostru.eu\/ro\/shop\/software-ro\/geofizica\/easy-hvsr-software-hvsr-processing\/#breadcrumb"},"inLanguage":"ro-RO","potentialAction":[{"@type":"ReadAction","target":["https:\/\/www.geostru.eu\/ro\/shop\/software-ro\/geofizica\/easy-hvsr-software-hvsr-processing\/"]}]},{"@type":"ImageObject","inLanguage":"ro-RO","@id":"https:\/\/www.geostru.eu\/ro\/shop\/software-ro\/geofizica\/easy-hvsr-software-hvsr-processing\/#primaryimage","url":"https:\/\/www.geostru.eu\/wp-content\/uploads\/2013\/12\/HVSR.png","contentUrl":"https:\/\/www.geostru.eu\/wp-content\/uploads\/2013\/12\/HVSR.png","width":1920,"height":1040},{"@type":"BreadcrumbList","@id":"https:\/\/www.geostru.eu\/ro\/shop\/software-ro\/geofizica\/easy-hvsr-software-hvsr-processing\/#breadcrumb","itemListElement":[{"@type":"ListItem","position":1,"name":"Home","item":"https:\/\/www.geostru.eu\/ro\/"},{"@type":"ListItem","position":2,"name":"Shop","item":"https:\/\/www.geostru.eu\/shop\/?lang=ro"},{"@type":"ListItem","position":3,"name":"Raport spectral vertical orizontal &#8211; Easy HVSR"}]},{"@type":"WebSite","@id":"https:\/\/www.geostru.eu\/ro\/#website","url":"https:\/\/www.geostru.eu\/ro\/","name":"GeoStru EU","description":"Professionals at your service","publisher":{"@id":"https:\/\/www.geostru.eu\/ro\/#organization"},"potentialAction":[{"@type":"SearchAction","target":{"@type":"EntryPoint","urlTemplate":"https:\/\/www.geostru.eu\/ro\/?s={search_term_string}"},"query-input":{"@type":"PropertyValueSpecification","valueRequired":true,"valueName":"search_term_string"}}],"inLanguage":"ro-RO"},{"@type":"Organization","@id":"https:\/\/www.geostru.eu\/ro\/#organization","name":"GeoStru EU","url":"https:\/\/www.geostru.eu\/ro\/","logo":{"@type":"ImageObject","inLanguage":"ro-RO","@id":"https:\/\/www.geostru.eu\/ro\/#\/schema\/logo\/image\/","url":"https:\/\/www.geostru.eu\/wp-content\/uploads\/2023\/02\/LOGO_GEOSTRU_educational_banner.png","contentUrl":"https:\/\/www.geostru.eu\/wp-content\/uploads\/2023\/02\/LOGO_GEOSTRU_educational_banner.png","width":363,"height":115,"caption":"GeoStru EU"},"image":{"@id":"https:\/\/www.geostru.eu\/ro\/#\/schema\/logo\/image\/"},"sameAs":["https:\/\/www.facebook.com\/GeoStruSoftware\/","https:\/\/x.com\/geostru","https:\/\/www.linkedin.com\/company\/2462488\/admin\/","https:\/\/www.instagram.com\/geostru\/"]}]},"product_brand":"Geofizic\u0103","product_price_amount":"590.00","product_price_currency":"EUR","og_availability":"instock","product_availability":"instock","product_retailer_item_id":"36","product_condition":"new"},"_links":{"self":[{"href":"https:\/\/www.geostru.eu\/ro\/wp-json\/wp\/v2\/product\/3751"}],"collection":[{"href":"https:\/\/www.geostru.eu\/ro\/wp-json\/wp\/v2\/product"}],"about":[{"href":"https:\/\/www.geostru.eu\/ro\/wp-json\/wp\/v2\/types\/product"}],"replies":[{"embeddable":true,"href":"https:\/\/www.geostru.eu\/ro\/wp-json\/wp\/v2\/comments?post=3751"}],"wp:featuredmedia":[{"embeddable":true,"href":"https:\/\/www.geostru.eu\/ro\/wp-json\/wp\/v2\/media\/15314"}],"wp:attachment":[{"href":"https:\/\/www.geostru.eu\/ro\/wp-json\/wp\/v2\/media?parent=3751"}],"wp:term":[{"taxonomy":"product_cat","embeddable":true,"href":"https:\/\/www.geostru.eu\/ro\/wp-json\/wp\/v2\/product_cat?post=3751"},{"taxonomy":"product_tag","embeddable":true,"href":"https:\/\/www.geostru.eu\/ro\/wp-json\/wp\/v2\/product_tag?post=3751"}],"curies":[{"name":"wp","href":"https:\/\/api.w.org\/{rel}","templated":true}]}}