{"id":3723,"date":"2022-06-20T10:41:11","date_gmt":"2022-06-20T08:41:11","guid":{"rendered":"https:\/\/www.geostru.eu\/?post_type=product&#038;p=3723"},"modified":"2026-01-21T15:28:26","modified_gmt":"2026-01-21T14:28:26","slug":"downhole-metoda-seismica-downhole","status":"publish","type":"product","link":"https:\/\/www.geostru.eu\/ro\/shop\/pachet-software-ro\/downhole-metoda-seismica-downhole\/","title":{"rendered":"Downhole &#8211; Metoda seismic\u0103 Downhole"},"content":{"rendered":"<div class=\"wpb-content-wrapper\"><p>[vc_row][vc_column][vc_column_text]<\/p>\n<p style=\"text-align: justify;\">\u00centroduc\u00e2nd datele de proiect, ad\u00e2ncimile\u00a0\u0219i timpii de parcurs m\u0103sura\u021bi, se pot ob\u021bine:<\/p>\n<ul>\n<li style=\"list-style-type: none;\">\n<ul style=\"text-align: justify;\">\n<li>distan\u021bele \u00eentre surs\u0103 \u0219i receptor;<\/li>\n<li>timpii de parcurs corecta\u021bi;<\/li>\n<li>vitez\u0103 undelor P \u0219i S;<\/li>\n<li>importan\u021bi parametrii geotehnici;<\/li>\n<li>graficul timpilor de parcurs cu stratele seismice, de unde se poate deduce vitez\u0103 medie pentru fiecare strat seismic, anumi\u021bi parametrii geotehnici medii \u0219i VS30;<\/li>\n<li>graficul vitezelor de interval P \u0219i S \u00eempreuna cu definirea stratelor seismice;<\/li>\n<li>graficele relative parametrilor geotehnici deriva\u021bi pentru fiecare interval;<\/li>\n<li>stratigrafia forajului;<\/li>\n<li>raportul de calcul.<\/li>\n<\/ul>\n<\/li>\n<\/ul>\n<p style=\"text-align: justify;\">Importul fi\u0219ierelor SEG2 garanteaz\u0103 programului un grad foarte ridicat de compatibilitate cu instrumentele de lucru.<\/p>\n<h4 style=\"text-align: justify;\"><strong>Interpretare cu metod\u0103 direct\u0103<\/strong><\/h4>\n<p style=\"text-align: justify;\">Cu metod\u0103 direct\u0103, ini\u021bial, se corecteaz\u0103 timpii de parcurs (t) m\u0103sura\u021bi de-a lungul traseului surs\u0103-receptor pentru a \u021bine cont de inclina\u021bia traseului undelor \u0219i apoi se realizeaz\u0103 graficul (tcor, z), at\u00e2t pentru undele P c\u00e2t \u0219i pentru undele S. Astfel vitez\u0103 medie a undelor seismice \u00een strate omogene de teren este reprezentat\u0103 de inclina\u021bia segmentelor de dreapta de-a lungul c\u0103rora se aliniaz\u0103 datele experimentale.<\/p>\n<p style=\"text-align: justify;\">O dat\u0103 ob\u021binute grafic stratele seismice se pot ob\u021bine: densitatea medie, \u00een func\u021bie de vitez\u0103 \u0219i ad\u00e2ncime, coeficientul lui Poisson, modulul de compresibilitate edometrica, modulul lui Young, modulul de compresibilitate volumica \u0219i VS30.<\/p>\n<h4 style=\"text-align: justify;\"><strong>Interpretare cu metod\u0103 interval<\/strong><\/h4>\n<p style=\"text-align: justify;\">Cu metod\u0103 interval timpii de parcurs ai undei seismice se m\u0103soar\u0103\u00a0\u00eentre doi receptori consecutivi plasa\u021bi la ad\u00e2ncimi diferite, permi\u021b\u00e2nd astfel \u00eembun\u0103t\u0103\u021birea calit\u0103\u021bii m\u0103sur\u0103torilor (vitez\u0103 de interval).<\/p>\n<p style=\"text-align: justify;\">C\u00e2nd se dispune de un singur receptor, adic\u0103\u00a0\u00een cazul \u00een care cuplurile \u00eenregistr\u0103rilor nu corespund aceluia\u0219i impuls, valorile determinate ale vitezei sunt definite de pseudo-intervale, permi\u021b\u00e2nd doar o aparent\u0103 definire mai bun\u0103 a profilului de vitez\u0103.<\/p>\n<p style=\"text-align: justify;\">O dat\u0103 ob\u021binute m\u0103sur\u0103torile se pot calcula timpii corecta\u021bi\u00a0\u0219i vitez\u0103 interval a undelor P \u0219i S, cu graficul aferent.<\/p>\n<p style=\"text-align: justify;\">Ob\u021binute vitezele interval se calculeaz\u0103 densitatea, coeficientul lui Poisson, modulul de deforma\u021bie la forfecare, modulul de compresibilitate edometrica, modulul lui Young, modulul de compresibilitate volumica pentru fiecare interval \u0219i VS30.<\/p>\n<p>[\/vc_column_text][\/vc_column][\/vc_row]<\/p>\n<\/div>","protected":false},"excerpt":{"rendered":"<p style=\"text-align: justify;\">Cu metoda seismic\u0103 downhole (DH) este m\u0103surat timpul necesar undelor P \u0219i S s\u0103 se deplaseze de la sursa seismic\u0103, amplasat\u0103 la suprafa\u021ba solului, la receptori, amplasa\u021bi \u00eentr-un foraj.<\/p>\n","protected":false},"featured_media":17620,"comment_status":"open","ping_status":"closed","template":"","meta":[],"product_cat":[13321,202,87,84],"product_tag":[409],"class_list":{"0":"post-3723","1":"product","2":"type-product","3":"status-publish","4":"has-post-thumbnail","6":"product_cat-pachet-software-ro","7":"product_cat-software-ro","8":"product_cat-incercari-in-situ","9":"product_cat-geofizica","10":"product_tag-downhole-ro","11":"pa_product-professional-ro-2","12":"pa_product-subscription-1-year1","13":"description-off","15":"first","16":"instock","17":"downloadable","18":"virtual","19":"sold-individually","20":"taxable","21":"purchasable","22":"product-type-licensed"},"yoast_head":"<!-- This site is optimized with the Yoast SEO Premium plugin v25.0 (Yoast SEO v25.0) - https:\/\/yoast.com\/wordpress\/plugins\/seo\/ -->\n<title>Downhole - Metoda seismic\u0103 Downhole - GeoStru EU<\/title>\n<meta name=\"description\" content=\"Software pentru procesarea datelor seismice folosind metoda Downhole.\" \/>\n<meta name=\"robots\" content=\"index, follow, max-snippet:-1, max-image-preview:large, max-video-preview:-1\" \/>\n<link rel=\"canonical\" href=\"https:\/\/www.geostru.eu\/ro\/shop\/pachet-software-ro\/downhole-metoda-seismica-downhole\/\" \/>\n<meta property=\"og:locale\" content=\"ro_RO\" \/>\n<meta property=\"og:type\" content=\"article\" \/>\n<meta property=\"og:title\" content=\"Downhole - Metoda seismic\u0103 Downhole\" \/>\n<meta property=\"og:description\" content=\"Software pentru procesarea datelor seismice folosind metoda Downhole.\" \/>\n<meta property=\"og:url\" content=\"https:\/\/www.geostru.eu\/ro\/shop\/pachet-software-ro\/downhole-metoda-seismica-downhole\/\" \/>\n<meta property=\"og:site_name\" content=\"GeoStru EU\" \/>\n<meta property=\"article:publisher\" content=\"https:\/\/www.facebook.com\/GeoStruSoftware\/\" \/>\n<meta property=\"article:modified_time\" content=\"2026-01-21T14:28:26+00:00\" \/>\n<meta property=\"og:image\" content=\"https:\/\/www.geostru.eu\/wp-content\/uploads\/2013\/12\/DOWNHOLE1.jpg\" \/>\n\t<meta property=\"og:image:width\" content=\"488\" \/>\n\t<meta property=\"og:image:height\" content=\"265\" \/>\n\t<meta property=\"og:image:type\" content=\"image\/jpeg\" \/>\n<meta name=\"twitter:card\" content=\"summary_large_image\" \/>\n<meta name=\"twitter:site\" content=\"@geostru\" \/>\n<meta name=\"twitter:label1\" content=\"Pre\u021b\" \/>\n\t<meta name=\"twitter:data1\" content=\"&euro;490.00 f\u0103r\u0103 TVA\" \/>\n\t<meta name=\"twitter:label2\" content=\"Disponibilitate\" \/>\n\t<meta name=\"twitter:data2\" content=\"\u00cen stoc\" \/>\n<script type=\"application\/ld+json\" class=\"yoast-schema-graph\">{\"@context\":\"https:\/\/schema.org\",\"@graph\":[{\"@type\":\"WebPage\",\"@id\":\"https:\/\/www.geostru.eu\/ro\/shop\/pachet-software-ro\/downhole-metoda-seismica-downhole\/\",\"url\":\"https:\/\/www.geostru.eu\/ro\/shop\/pachet-software-ro\/downhole-metoda-seismica-downhole\/\",\"name\":\"Downhole - Metoda seismic\u0103 Downhole - GeoStru EU\",\"isPartOf\":{\"@id\":\"https:\/\/www.geostru.eu\/ro\/#website\"},\"primaryImageOfPage\":{\"@id\":\"https:\/\/www.geostru.eu\/ro\/shop\/pachet-software-ro\/downhole-metoda-seismica-downhole\/#primaryimage\"},\"image\":{\"@id\":\"https:\/\/www.geostru.eu\/ro\/shop\/pachet-software-ro\/downhole-metoda-seismica-downhole\/#primaryimage\"},\"thumbnailUrl\":\"https:\/\/www.geostru.eu\/wp-content\/uploads\/2013\/12\/DOWNHOLE1.jpg\",\"datePublished\":\"2022-06-20T08:41:11+00:00\",\"dateModified\":\"2026-01-21T14:28:26+00:00\",\"description\":\"Software pentru procesarea datelor seismice folosind metoda Downhole.\",\"breadcrumb\":{\"@id\":\"https:\/\/www.geostru.eu\/ro\/shop\/pachet-software-ro\/downhole-metoda-seismica-downhole\/#breadcrumb\"},\"inLanguage\":\"ro-RO\",\"potentialAction\":[{\"@type\":\"ReadAction\",\"target\":[\"https:\/\/www.geostru.eu\/ro\/shop\/pachet-software-ro\/downhole-metoda-seismica-downhole\/\"]}]},{\"@type\":\"ImageObject\",\"inLanguage\":\"ro-RO\",\"@id\":\"https:\/\/www.geostru.eu\/ro\/shop\/pachet-software-ro\/downhole-metoda-seismica-downhole\/#primaryimage\",\"url\":\"https:\/\/www.geostru.eu\/wp-content\/uploads\/2013\/12\/DOWNHOLE1.jpg\",\"contentUrl\":\"https:\/\/www.geostru.eu\/wp-content\/uploads\/2013\/12\/DOWNHOLE1.jpg\",\"width\":488,\"height\":265,\"caption\":\"interpretazione delle prove downhole - geostru\"},{\"@type\":\"BreadcrumbList\",\"@id\":\"https:\/\/www.geostru.eu\/ro\/shop\/pachet-software-ro\/downhole-metoda-seismica-downhole\/#breadcrumb\",\"itemListElement\":[{\"@type\":\"ListItem\",\"position\":1,\"name\":\"Home\",\"item\":\"https:\/\/www.geostru.eu\/ro\/\"},{\"@type\":\"ListItem\",\"position\":2,\"name\":\"Shop\",\"item\":\"https:\/\/www.geostru.eu\/shop\/?lang=ro\"},{\"@type\":\"ListItem\",\"position\":3,\"name\":\"Downhole &#8211; Metoda seismic\u0103 Downhole\"}]},{\"@type\":\"WebSite\",\"@id\":\"https:\/\/www.geostru.eu\/ro\/#website\",\"url\":\"https:\/\/www.geostru.eu\/ro\/\",\"name\":\"GeoStru EU\",\"description\":\"Professionals at your service\",\"publisher\":{\"@id\":\"https:\/\/www.geostru.eu\/ro\/#organization\"},\"potentialAction\":[{\"@type\":\"SearchAction\",\"target\":{\"@type\":\"EntryPoint\",\"urlTemplate\":\"https:\/\/www.geostru.eu\/ro\/?s={search_term_string}\"},\"query-input\":{\"@type\":\"PropertyValueSpecification\",\"valueRequired\":true,\"valueName\":\"search_term_string\"}}],\"inLanguage\":\"ro-RO\"},{\"@type\":\"Organization\",\"@id\":\"https:\/\/www.geostru.eu\/ro\/#organization\",\"name\":\"GeoStru EU\",\"url\":\"https:\/\/www.geostru.eu\/ro\/\",\"logo\":{\"@type\":\"ImageObject\",\"inLanguage\":\"ro-RO\",\"@id\":\"https:\/\/www.geostru.eu\/ro\/#\/schema\/logo\/image\/\",\"url\":\"https:\/\/www.geostru.eu\/wp-content\/uploads\/2023\/02\/LOGO_GEOSTRU_educational_banner.png\",\"contentUrl\":\"https:\/\/www.geostru.eu\/wp-content\/uploads\/2023\/02\/LOGO_GEOSTRU_educational_banner.png\",\"width\":363,\"height\":115,\"caption\":\"GeoStru EU\"},\"image\":{\"@id\":\"https:\/\/www.geostru.eu\/ro\/#\/schema\/logo\/image\/\"},\"sameAs\":[\"https:\/\/www.facebook.com\/GeoStruSoftware\/\",\"https:\/\/x.com\/geostru\",\"https:\/\/www.linkedin.com\/company\/2462488\/admin\/\",\"https:\/\/www.instagram.com\/geostru\/\"]}]}<\/script>\n<meta property=\"product:brand\" content=\"Pachet software\" \/>\n<meta property=\"product:price:amount\" content=\"490.00\" \/>\n<meta property=\"product:price:currency\" content=\"EUR\" \/>\n<meta property=\"og:availability\" content=\"instock\" \/>\n<meta property=\"product:availability\" content=\"instock\" \/>\n<meta property=\"product:retailer_item_id\" content=\"21\" \/>\n<meta property=\"product:condition\" content=\"new\" \/>\n<!-- \/ Yoast SEO Premium plugin. -->","yoast_head_json":{"title":"Downhole - Metoda seismic\u0103 Downhole - GeoStru EU","description":"Software pentru procesarea datelor seismice folosind metoda Downhole.","robots":{"index":"index","follow":"follow","max-snippet":"max-snippet:-1","max-image-preview":"max-image-preview:large","max-video-preview":"max-video-preview:-1"},"canonical":"https:\/\/www.geostru.eu\/ro\/shop\/pachet-software-ro\/downhole-metoda-seismica-downhole\/","og_locale":"ro_RO","og_type":"article","og_title":"Downhole - Metoda seismic\u0103 Downhole","og_description":"Software pentru procesarea datelor seismice folosind metoda Downhole.","og_url":"https:\/\/www.geostru.eu\/ro\/shop\/pachet-software-ro\/downhole-metoda-seismica-downhole\/","og_site_name":"GeoStru EU","article_publisher":"https:\/\/www.facebook.com\/GeoStruSoftware\/","article_modified_time":"2026-01-21T14:28:26+00:00","og_image":[{"width":488,"height":265,"url":"https:\/\/www.geostru.eu\/wp-content\/uploads\/2013\/12\/DOWNHOLE1.jpg","type":"image\/jpeg"}],"twitter_card":"summary_large_image","twitter_site":"@geostru","twitter_misc":{"Pre\u021b":"&euro;490.00 f\u0103r\u0103 TVA","Disponibilitate":"\u00cen stoc"},"schema":{"@context":"https:\/\/schema.org","@graph":[{"@type":"WebPage","@id":"https:\/\/www.geostru.eu\/ro\/shop\/pachet-software-ro\/downhole-metoda-seismica-downhole\/","url":"https:\/\/www.geostru.eu\/ro\/shop\/pachet-software-ro\/downhole-metoda-seismica-downhole\/","name":"Downhole - Metoda seismic\u0103 Downhole - GeoStru EU","isPartOf":{"@id":"https:\/\/www.geostru.eu\/ro\/#website"},"primaryImageOfPage":{"@id":"https:\/\/www.geostru.eu\/ro\/shop\/pachet-software-ro\/downhole-metoda-seismica-downhole\/#primaryimage"},"image":{"@id":"https:\/\/www.geostru.eu\/ro\/shop\/pachet-software-ro\/downhole-metoda-seismica-downhole\/#primaryimage"},"thumbnailUrl":"https:\/\/www.geostru.eu\/wp-content\/uploads\/2013\/12\/DOWNHOLE1.jpg","datePublished":"2022-06-20T08:41:11+00:00","dateModified":"2026-01-21T14:28:26+00:00","description":"Software pentru procesarea datelor seismice folosind metoda Downhole.","breadcrumb":{"@id":"https:\/\/www.geostru.eu\/ro\/shop\/pachet-software-ro\/downhole-metoda-seismica-downhole\/#breadcrumb"},"inLanguage":"ro-RO","potentialAction":[{"@type":"ReadAction","target":["https:\/\/www.geostru.eu\/ro\/shop\/pachet-software-ro\/downhole-metoda-seismica-downhole\/"]}]},{"@type":"ImageObject","inLanguage":"ro-RO","@id":"https:\/\/www.geostru.eu\/ro\/shop\/pachet-software-ro\/downhole-metoda-seismica-downhole\/#primaryimage","url":"https:\/\/www.geostru.eu\/wp-content\/uploads\/2013\/12\/DOWNHOLE1.jpg","contentUrl":"https:\/\/www.geostru.eu\/wp-content\/uploads\/2013\/12\/DOWNHOLE1.jpg","width":488,"height":265,"caption":"interpretazione delle prove downhole - geostru"},{"@type":"BreadcrumbList","@id":"https:\/\/www.geostru.eu\/ro\/shop\/pachet-software-ro\/downhole-metoda-seismica-downhole\/#breadcrumb","itemListElement":[{"@type":"ListItem","position":1,"name":"Home","item":"https:\/\/www.geostru.eu\/ro\/"},{"@type":"ListItem","position":2,"name":"Shop","item":"https:\/\/www.geostru.eu\/shop\/?lang=ro"},{"@type":"ListItem","position":3,"name":"Downhole &#8211; Metoda seismic\u0103 Downhole"}]},{"@type":"WebSite","@id":"https:\/\/www.geostru.eu\/ro\/#website","url":"https:\/\/www.geostru.eu\/ro\/","name":"GeoStru EU","description":"Professionals at your service","publisher":{"@id":"https:\/\/www.geostru.eu\/ro\/#organization"},"potentialAction":[{"@type":"SearchAction","target":{"@type":"EntryPoint","urlTemplate":"https:\/\/www.geostru.eu\/ro\/?s={search_term_string}"},"query-input":{"@type":"PropertyValueSpecification","valueRequired":true,"valueName":"search_term_string"}}],"inLanguage":"ro-RO"},{"@type":"Organization","@id":"https:\/\/www.geostru.eu\/ro\/#organization","name":"GeoStru EU","url":"https:\/\/www.geostru.eu\/ro\/","logo":{"@type":"ImageObject","inLanguage":"ro-RO","@id":"https:\/\/www.geostru.eu\/ro\/#\/schema\/logo\/image\/","url":"https:\/\/www.geostru.eu\/wp-content\/uploads\/2023\/02\/LOGO_GEOSTRU_educational_banner.png","contentUrl":"https:\/\/www.geostru.eu\/wp-content\/uploads\/2023\/02\/LOGO_GEOSTRU_educational_banner.png","width":363,"height":115,"caption":"GeoStru EU"},"image":{"@id":"https:\/\/www.geostru.eu\/ro\/#\/schema\/logo\/image\/"},"sameAs":["https:\/\/www.facebook.com\/GeoStruSoftware\/","https:\/\/x.com\/geostru","https:\/\/www.linkedin.com\/company\/2462488\/admin\/","https:\/\/www.instagram.com\/geostru\/"]}]},"product_brand":"Pachet software","product_price_amount":"490.00","product_price_currency":"EUR","og_availability":"instock","product_availability":"instock","product_retailer_item_id":"21","product_condition":"new"},"_links":{"self":[{"href":"https:\/\/www.geostru.eu\/ro\/wp-json\/wp\/v2\/product\/3723"}],"collection":[{"href":"https:\/\/www.geostru.eu\/ro\/wp-json\/wp\/v2\/product"}],"about":[{"href":"https:\/\/www.geostru.eu\/ro\/wp-json\/wp\/v2\/types\/product"}],"replies":[{"embeddable":true,"href":"https:\/\/www.geostru.eu\/ro\/wp-json\/wp\/v2\/comments?post=3723"}],"wp:featuredmedia":[{"embeddable":true,"href":"https:\/\/www.geostru.eu\/ro\/wp-json\/wp\/v2\/media\/17620"}],"wp:attachment":[{"href":"https:\/\/www.geostru.eu\/ro\/wp-json\/wp\/v2\/media?parent=3723"}],"wp:term":[{"taxonomy":"product_cat","embeddable":true,"href":"https:\/\/www.geostru.eu\/ro\/wp-json\/wp\/v2\/product_cat?post=3723"},{"taxonomy":"product_tag","embeddable":true,"href":"https:\/\/www.geostru.eu\/ro\/wp-json\/wp\/v2\/product_tag?post=3723"}],"curies":[{"name":"wp","href":"https:\/\/api.w.org\/{rel}","templated":true}]}}