{"id":3699,"date":"2022-06-19T20:23:26","date_gmt":"2022-06-19T18:23:26","guid":{"rendered":"https:\/\/www.geostru.eu\/?post_type=product&#038;p=3699"},"modified":"2026-04-17T08:14:51","modified_gmt":"2026-04-17T06:14:51","slug":"dynamic-probing-incercari-de-penetrometrie-dinamica","status":"publish","type":"product","link":"https:\/\/www.geostru.eu\/ro\/shop\/software-ro\/incercari-in-situ\/dynamic-probing-incercari-de-penetrometrie-dinamica\/","title":{"rendered":"\u00cencerc\u0103ri de penetrometrie dinamica &#8211; Dynamic Probing"},"content":{"rendered":"<div class=\"wpb-content-wrapper\"><p>[vc_row][vc_column][vc_column_text]<\/p>\n<p style=\"text-align: justify;\"><strong>Dynamic Probing<\/strong> realizeaz\u0103 prelucrarea \u00eencerc\u0103rilor pentru calculul capacit\u0103\u021bii portante pentru funda\u021bii de suprafa\u021ba cu diverse metode.<br \/>\nPentru diverse geometrii (talp\u0103 continu\u0103, radier general, funda\u021bie izolat\u0103, etc.) \u0219i a tas\u0103rilor relative precum \u0219i verificarea pilo\u021bilor b\u0103tu\u021bi \u0219i specificarea poten\u021bialului de lichefiere al solurilor avute \u00een vedere \u00een schem\u0103 seismic\u0103.<br \/>\nGraficele coloanelor stratigrafice pot fi exportate \u00een Slope, LoadCap \u0219i MP (Re\u021bele de Micropilo\u021bi \u0219i Pilo\u021bi); \u00een particular, pentru ultimele dou\u0103 aplica\u021bii sunt exporta\u021bi \u0219i parametrii geotehnici a\u0219a cum rezult\u0103 din raport.<\/p>\n<p style=\"text-align: justify;\">Prelucrarea datelor este imediat\u0103 \u0219i este posibil\u0103 gestionarea valorilor reprezentative Ndp \u0219i Rd ale stratului cu vizualizare grafic\u0103 direct\u0103.<\/p>\n<p style=\"text-align: justify;\">Programul realizeaz\u0103 \u0219i discretizarea automat\u0103 a profilelor cu posibilitatea de introducere a imaginilor bitmap \u0219i a texturilor pentru interpret\u0103rile litologice.<\/p>\n<p style=\"text-align: justify;\">Prelucr\u0103rile geotehnice sunt efectuate pentru terenuri coezive \u0219i necoezive cu numeroase corela\u021bii disponibile pentru diversele tipologii litologice, care permit o \u201ecaracterizare geotehnic\u0103\u201d mai precis\u0103 \u0219i semnificativ\u0103, specific\u0103 zonei, cu referin\u021b\u0103 la tipul litologic definit.<\/p>\n<p>Reglement\u0103ri tehnice:<\/p>\n<ul>\n<li>SR EN ISO 22476-2:2006<\/li>\n<li>C159-89<\/li>\n<li>DIN 4094-3:2002-01<\/li>\n<li>ASTM D6951-03:2006<\/li>\n<li>SR EN 1997-2:2007<\/li>\n<\/ul>\n<p style=\"text-align: justify;\">Programul dispune de o baz\u0103 de date de instrumente de uz comun:<\/p>\n<ul>\n<li style=\"list-style-type: none;\">\n<ul style=\"text-align: justify;\">\n<li>Borro<\/li>\n<li>DIN 4<\/li>\n<li>DPM (DL030 10) (Medium)<\/li>\n<li>DPM (DL030 16) (Medium)<\/li>\n<li>DPA<\/li>\n<li>DPL (Light)<\/li>\n<li>DPSH (Dynamic Probing Super Heavy)<\/li>\n<li>SCPT (Standard Cone Penetration Test)<\/li>\n<li>SPT (Standard Penetration Test)<\/li>\n<li>DPSH TG 63-X\u00a0<a href=\"http:\/\/www.pagani-geotechnical.com\/\" target=\"_blank\" rel=\"noopener noreferrer\">PAGANI<br \/>\n<\/a><\/li>\n<li>TG 73-X\u00a0<a href=\"http:\/\/www.pagani-geotechnical.com\/\" target=\"_blank\" rel=\"noopener noreferrer\">PAGANI<\/a><\/li>\n<li>SCPT TG 63-X\u00a0<a href=\"http:\/\/www.pagani-geotechnical.com\/\" target=\"_blank\" rel=\"noopener noreferrer\">PAGANI<\/a><\/li>\n<li>DPM (DL 030 SUNDA)<\/li>\n<li>RAYMOND<\/li>\n<li><a href=\"http:\/\/www.compacsrl.it\/it\/prodotti\/settore-geologia\" target=\"_blank\" rel=\"noopener noreferrer\">PENNY 30<br \/>\n<\/a><\/li>\n<li><a href=\"http:\/\/www.geodeepdrill.it\/\" target=\"_blank\" rel=\"noopener noreferrer\">Geo Deep Drill (DPH50, DPSH63-73), GeoDeepDrill DM30<br \/>\n<\/a><\/li>\n<li><a href=\"http:\/\/www.nordmeyer-geotool.de\/en\" target=\"_blank\" rel=\"noopener noreferrer\">Nordmeyer\u00a0<\/a>(<b>LMSR-X model<\/b>)<\/li>\n<li><a href=\"https:\/\/www.stitz-gmbh.de\/\" target=\"_blank\" rel=\"noopener noreferrer\">STITZ gmbh Germany<\/a>: Pneumatic operated lightweight penetrometer DPL, Pneumatic operated lightweight penetrometer E-DPL. Pneumatic operated heavyweight penetrometer DPH, Pneumatic operated heavyweight penetrometer E-DPH<\/li>\n<li><a href=\"https:\/\/www.comacchio.com\/it\/prodotti\/geotecnica-and-esplorazioni\/geotecnica\/perforatrici-su-cingolo\/geo-pc.html\" target=\"_blank\" rel=\"noopener\">GEOPC Comacchio<\/a>\u00a0SPT (Standard Penetration Test), DPH (Dynamic Heavy Probes) e DPSH-A (Dynamic Super Heavy Probes)<\/li>\n<\/ul>\n<\/li>\n<\/ul>\n<blockquote><p>Este posibil\u0103 introducerea de noi sonde penetrometrice \u0219i\/sau \u0219tergerea celor existente. Pentru fiecare sond\u0103 definit\u0103 coeficientul de corela\u021bie este calculat automat; este, de asemenea, posibil\u0103 inserarea imaginii bitmap a instrumentului folosit.<\/p><\/blockquote>\n<p style=\"text-align: justify;\"><strong>EXPORT ARHIV\u00c3 INSTRUMENTE<\/strong><\/p>\n<p style=\"text-align: justify;\">Lista instrumentelor poate fi exportat\u0103 \u00een format xml sau txt \u0219i importat\u0103 \u00een loca\u021bii de instalare diferite de calculatorul local.<\/p>\n<p style=\"text-align: justify;\"><strong>INTRODUCERE DATE \u0218I GESTIUNE STRATE<\/strong><\/p>\n<p style=\"text-align: justify;\">Dynamic Probing se caracterizeaz\u0103 prin rapiditatea introducerii datelor \u0219i a specific\u0103rii stratigrafiei.<\/p>\n<p style=\"text-align: justify;\"><strong>Introducere date<\/strong><\/p>\n<p style=\"text-align: justify;\">Pe m\u0103sur\u0103 ce utilizatorul introduce num\u0103rul de lovituri pentru fiecare pas, sunt calculate coeficientul sondei folosite \u0219i rezisten\u021ba dinamic\u0103, redus\u0103 \u0219i neredus\u0103, pe strat; de asemenea se vizualizeaz\u0103 diagram\u0103 cu bare a num\u0103rului de lovituri \u0219i graficul evolu\u021biei rezisten\u021bei dinamice.<\/p>\n<p style=\"text-align: justify;\"><strong>Gestiune strate<\/strong><\/p>\n<p style=\"text-align: justify;\">E mai simpl\u0103 \u0219i este definirea stratelor; utilizatorul poate defini stratigrafia (ad\u00e2ncimea stratului \u0219i caracterizarea litologic\u0103) numeric \u0219i grafic prin intermediul interactivit\u0103\u021bii permise de c\u0103tre program prin ferestrele de dialog vizualizate.<\/p>\n<p style=\"text-align: justify;\"><strong>GESTIUNE \u00ceNCERC\u00c3RI<\/strong><br \/>\nDynamic Probing d\u0103 posibilitatea unei gestiuni simple \u0219i imediate a \u00eencerc\u0103rilor realizate pe \u0219antier: este posibil\u0103 introducerea de noi \u00eencerc\u0103ri \u00een orice punct, desemn\u00e2nd pozi\u021bia X \u0219i Y, ad\u00e2ncimea ini\u021biala Z \u0219i cea final\u0103, precum \u0219i ad\u00e2ncimea la care a fost \u00eent\u00e2lnit\u0103 p\u00e2nza freatic\u0103 \u0219i dat\u0103. Pentru fiecare \u0219antier este posibil\u0103 arhivarea unui num\u0103r nedeterminat de \u00eencerc\u0103ri \u0219i pentru fiecare dintre acestea se poate realiza prelucrarea cu diferite corela\u021bii propuse. Fiecare \u00eencercare va fi individualizat\u0103 pe ecran u\u0219or cu ajutorul legendei \u0219i vizualiz\u0103rea graficelor de rezisten\u021b\u0103 dinamic\u0103 \u0219i a num\u0103rului de lovituri.<\/p>\n<p style=\"text-align: justify;\"><strong>CORELA\u021aII<\/strong><br \/>\nProgramul permite determinarea parametrilor geotehnici cei mai semnificativi \u00een caracterizarea solurilor. Litologiile care se reg\u0103sesc \u00een numeroasele corela\u021bii propuse, fie pentru terenuri coezive, fie pentru cele necoezive, dau utilizatorului posibilitatea de a caracteriza o mare varietate de terenuri. Totu\u0219i, printre numeroasele op\u021biuni, se d\u0103 posibilitatea utilizatorului de a alege pentru prelucrare corela\u021biile considerate cele mai relevante pentru litotipii prezen\u021bi. Parametrii care deriv\u0103 din prelucrarea datelor sunt:<\/p>\n<p style=\"text-align: justify;\"><strong>Terenuri coezive<\/strong><\/p>\n<ul style=\"text-align: justify;\">\n<li>Coeziune nedrenat\u0103: Terzaghi-Peck (1948), SUNDA (1983), Benassi Vannelli, Sanglerat, U.S.D.M.S.M., Schmertmann (1975), Fletcher (1965), Houston (1960), Shioi \u2013 Fukui (1982), Begemann, De Beer, Robertson (1983)<\/li>\n<li>Modulul edometric: Stroud \u0219i Butler (1975), Vesic (1970), Trofimenkov (1974), Mitchell \u0219i Gardner, Buisman-Sanglerat;<\/li>\n<li>Modulul lui Young: Schultze-Menzenbach, D\u2019Appollonia \u0219i al\u021bii 1983<\/li>\n<li>Greutatea unit\u00e3\u021bii de volum: Meyerhof \u0219i al\u021bii<\/li>\n<li>Clasificare: A.G.I.<\/li>\n<li>The new empirical formul\u0103 based on dynamic probing test \u00een fine coesive soil (M. Khodaparast1,*, A.M. Rajabi2, M. Mohammadi3): Cu, undrained shear strength, MR is the resilient modulus, CBR, California bearing ratio for: Soft Clay, Hard Clay, Clay, Fine soil.<\/li>\n<li>Altele<\/li>\n<\/ul>\n<p style=\"text-align: justify;\"><strong>Terenuri necoezive<\/strong><\/p>\n<ul style=\"text-align: justify;\">\n<li>Densitatea relativ\u0103: Gibbs &amp; Holtz (1957), Meyerhof (1957), Skempton (1986), Schultze &amp; Menzenbach (1961)<\/li>\n<li>Unghi de frecare: Peck-Hanson-Thornburn-Meyerhof (1956), Meyerhof (1956), Sowers (1961), Malcev (1964), Meyerhof (1965), Schmertmann (1977), Mitchell &amp; Katti (1981), Shioi-Fukuni (1982), Japanese Na\u021bional Railway, De Mello, Owasaki &amp; Iwasaki<\/li>\n<li>Modulul edometric: Buisman-Sanglerat, Begemann (1974), Farrent (1963), Menzenbach \u0219i Malcev<\/li>\n<li>Modulul lui Young: Terzaghi, Schmertmann (1978), Schultze-Menzenbach, D\u2019Appollonia \u0219i al\u021bii (1970), Bowles (1982)<\/li>\n<li>Modulul lui Poisson: A.G.I.<\/li>\n<li>Modulul dinamic de deforma\u021bie: Ohsaki &amp; Iwasaki, Robertson \u0219i Campanella (1983)<\/li>\n<li>Greutatea volumic\u0103: Meyerhof \u0219i al\u021bii<\/li>\n<li>Clasificare: A.G.I.<\/li>\n<li>Vitez\u0103 unde de forfecare: Seed (1979)<\/li>\n<li>Modulul Ko: Navfac (1971-1982)<\/li>\n<li>Altele<\/li>\n<\/ul>\n<p style=\"text-align: justify;\"><strong>CLASIFICAREA SOLURILOR<\/strong><br \/>\nIdentificarea categoriei de sol (A,B,C,D,E, S1,S2) se realizeaz\u0103 pe baza parametrilor echivalen\u021bi: Nspt,30\/Cu,30\/Vs,30.<br \/>\nProgramul dispune de un sofisticat model ce permite efectuarea analizei la fiecare pas al instrumentului, pe stratigrafia utilizatorului, pe parametrii direc\u021bi \u0219i indirec\u021bi.<\/p>\n<p style=\"text-align: justify;\"><strong>EXPORT REZULTATE<\/strong><br \/>\nRezultatele prelucr\u0103rii sunt exportate sub form\u0103 tabelar\u0103 \u0219i grafic\u0103. Pentru fiecare \u00eencercare se constituie tabelele \u00een care se raporteaz\u0103 rezultatele prelucr\u0103rilor alese de c\u0103tre utilizator precedate de datele de identificare ale \u00eencerc\u0103rii (num\u0103rul de ordine, dat\u0103, etc.) \u0219i de caracteristicile sondei penetrometrice folosite, precum \u0219i de datele care se refer\u0103 la \u0219antier (titlu proiect, localitate, tehnician, etc.). Tabelelor le pot fi asociate graficele num\u0103rului de lovituri \u0219i ale rezisten\u021bei dinamice, iar pentru completarea grafic\u0103 este posibil\u0103 constituirea coloanei stratigrafice corespondent\u0103 fiec\u0103rei \u00eencerc\u0103ri.<\/p>\n<p style=\"text-align: justify;\"><strong>CAPACITATE PORTANT\u0102 \u0218I LICHEFIERE<\/strong><br \/>\nDynamic Probing realizeaz\u0103 \u0219i calculul capacit\u0103\u021bii portante \u0219i al tas\u0103rilor funda\u021biilor de suprafa\u021ba \u0219i de ad\u00e2ncime cu diverse metode, precum \u0219i calculul poten\u021bialului de lichefiere pentru stra\u021bele necoezive.<\/p>\n<p style=\"text-align: justify;\"><strong>SEC\u021aIUNI cu DYNAMIC PROBING<\/strong><br \/>\nDynamic Probing permite realizarea, \u00een mod automat, a sec\u021biunilor \u00eentre \u00eencerc\u0103ri cu ajutorul modulului adi\u021bional Sec\u021biuni. O comand\u0103 special\u0103 va permite alegerea \u00eencerc\u0103rilor de inclus \u00een generarea sec\u021biunii \u0219i deschiderea noii aplica\u021bii. Aceea\u0219i procedur\u0103 poate fi folosit\u0103 \u0219i de Static Probing (software pentru prelucrarea \u00eencerc\u0103rilor de penetrometrie static\u0103). Modulul Sec\u021biuni este o aplica\u021bie autonom\u0103 c\u0103 editor de sec\u021biuni \u0219i permite deci realizarea acestora \u0219i f\u0103r\u0103 ajutorul programului Dymanic; de asemenea, permite importarea coloanelor stratigrafice realizate cu Stratigrapher.<br \/>\nProgramul are interfa\u021ba comun\u0103 cu aplica\u021bia Slope, astfel \u00eenc\u00e2t sec\u021biunile realizate cu acest modul pot fi citite c\u0103 input pentru analiz\u0103 stabilit\u0103\u021bii taluzurilor.<\/p>\n<p style=\"text-align: justify;\"><strong>SEC\u021aIUNI 3D<\/strong><br \/>\nPentru un minim de trei \u00eencerc\u0103ri inserate Dynamic probing realizeaz\u0103 reconstruc\u021bia tridimensional\u0103 a stratigrafiei.<\/p>\n<p>[\/vc_column_text][\/vc_column][\/vc_row]<\/p>\n<\/div>","protected":false},"excerpt":{"rendered":"<p style=\"text-align: justify;\">Program de prelucrare a \u00eencerc\u0103rilor de penetrometrie dinamica, cu gestiune \u0219i arhivare a oric\u0103rui tip de penetrometru (chiar \u0219i a unuia nou sau personalizat) \u0219i \u00eencerc\u0103ri SPT \u00een foraj. Dynamic Probing d\u0103 posibilitatea de arhivare a tuturor \u00eencerc\u0103rilor din \u0219antier \u0219i de calculare automat\u0103 a energiei reale transmise (cu reducere pentru &#8222;mi\u0219carea lateral\u0103 a pr\u0103jinilor&#8221;) \u0219i a coeficientului de corela\u021bie cu SPT (\u00eencercare standard de referin\u021b\u0103 pentru calculele geomecanice \u0219i corela\u021biile geotehnice).<\/p>\n<table style=\"border-collapse: collapse; width: 100%;\">\n<tbody>\n<tr>\n<td style=\"width: 100%;\"><strong><a href=\"https:\/\/youtu.be\/QgNeeuaRPpM\" target=\"_blank\" rel=\"noopener\">Video Tutorial<\/a><\/strong><\/td>\n<\/tr>\n<\/tbody>\n<\/table>\n","protected":false},"featured_media":15067,"comment_status":"open","ping_status":"closed","template":"","meta":[],"product_cat":[13321,202,87],"product_tag":[448],"class_list":{"0":"post-3699","1":"product","2":"type-product","3":"status-publish","4":"has-post-thumbnail","6":"product_cat-pachet-software-ro","7":"product_cat-software-ro","8":"product_cat-incercari-in-situ","9":"product_tag-incercari-de-penetrometrie-dinamica","10":"pa_product-professional-ro-2","11":"pa_product-subscription-1-year1","12":"description-off","14":"first","15":"instock","16":"downloadable","17":"virtual","18":"sold-individually","19":"taxable","20":"purchasable","21":"product-type-licensed"},"yoast_head":"<!-- This site is optimized with the Yoast SEO Premium plugin v25.0 (Yoast SEO v25.0) - https:\/\/yoast.com\/wordpress\/plugins\/seo\/ -->\n<title>\u00cencerc\u0103ri de penetrometrie dinamica - Dynamic Probing - GeoStru EU<\/title>\n<meta name=\"description\" content=\"Program de prelucrare a \u00eencerc\u00e3rilor de penetrometrie dinamica, cu gestiune si arhivare a oric\u00e3rui tip de penetrometru si \u00eencerc\u00e3ri SPT \u00een foraj.\" \/>\n<meta name=\"robots\" content=\"index, follow, max-snippet:-1, max-image-preview:large, max-video-preview:-1\" \/>\n<link rel=\"canonical\" href=\"https:\/\/www.geostru.eu\/ro\/shop\/software-ro\/incercari-in-situ\/dynamic-probing-incercari-de-penetrometrie-dinamica\/\" \/>\n<meta property=\"og:locale\" content=\"ro_RO\" \/>\n<meta property=\"og:type\" content=\"article\" \/>\n<meta property=\"og:title\" content=\"\u00cencerc\u0103ri de penetrometrie dinamica - Dynamic Probing\" \/>\n<meta property=\"og:description\" content=\"Program de prelucrare a \u00eencerc\u00e3rilor de penetrometrie dinamica, cu gestiune si arhivare a oric\u00e3rui tip de penetrometru si \u00eencerc\u00e3ri SPT \u00een foraj.\" \/>\n<meta property=\"og:url\" content=\"https:\/\/www.geostru.eu\/ro\/shop\/software-ro\/incercari-in-situ\/dynamic-probing-incercari-de-penetrometrie-dinamica\/\" \/>\n<meta property=\"og:site_name\" content=\"GeoStru EU\" \/>\n<meta property=\"article:publisher\" content=\"https:\/\/www.facebook.com\/GeoStruSoftware\/\" \/>\n<meta property=\"article:modified_time\" content=\"2026-04-17T06:14:51+00:00\" \/>\n<meta property=\"og:image\" content=\"https:\/\/www.geostru.eu\/wp-content\/uploads\/2022\/06\/Risorsa-164.jpg\" \/>\n\t<meta property=\"og:image:width\" content=\"1200\" \/>\n\t<meta property=\"og:image:height\" content=\"630\" \/>\n\t<meta property=\"og:image:type\" content=\"image\/jpeg\" \/>\n<meta name=\"twitter:card\" content=\"summary_large_image\" \/>\n<meta name=\"twitter:site\" content=\"@geostru\" \/>\n<meta name=\"twitter:label1\" content=\"Pre\u021b\" \/>\n\t<meta name=\"twitter:data1\" content=\"&euro;490.00 f\u0103r\u0103 TVA\" \/>\n\t<meta name=\"twitter:label2\" content=\"Disponibilitate\" \/>\n\t<meta name=\"twitter:data2\" content=\"\u00cen stoc\" \/>\n<script type=\"application\/ld+json\" class=\"yoast-schema-graph\">{\"@context\":\"https:\/\/schema.org\",\"@graph\":[{\"@type\":\"WebPage\",\"@id\":\"https:\/\/www.geostru.eu\/ro\/shop\/software-ro\/incercari-in-situ\/dynamic-probing-incercari-de-penetrometrie-dinamica\/\",\"url\":\"https:\/\/www.geostru.eu\/ro\/shop\/software-ro\/incercari-in-situ\/dynamic-probing-incercari-de-penetrometrie-dinamica\/\",\"name\":\"\u00cencerc\u0103ri de penetrometrie dinamica - Dynamic Probing - GeoStru EU\",\"isPartOf\":{\"@id\":\"https:\/\/www.geostru.eu\/ro\/#website\"},\"primaryImageOfPage\":{\"@id\":\"https:\/\/www.geostru.eu\/ro\/shop\/software-ro\/incercari-in-situ\/dynamic-probing-incercari-de-penetrometrie-dinamica\/#primaryimage\"},\"image\":{\"@id\":\"https:\/\/www.geostru.eu\/ro\/shop\/software-ro\/incercari-in-situ\/dynamic-probing-incercari-de-penetrometrie-dinamica\/#primaryimage\"},\"thumbnailUrl\":\"https:\/\/www.geostru.eu\/wp-content\/uploads\/2013\/12\/Dynamic_1.jpg\",\"datePublished\":\"2022-06-19T18:23:26+00:00\",\"dateModified\":\"2026-04-17T06:14:51+00:00\",\"description\":\"Program de prelucrare a \u00eencerc\u00e3rilor de penetrometrie dinamica, cu gestiune si arhivare a oric\u00e3rui tip de penetrometru si \u00eencerc\u00e3ri SPT \u00een foraj.\",\"breadcrumb\":{\"@id\":\"https:\/\/www.geostru.eu\/ro\/shop\/software-ro\/incercari-in-situ\/dynamic-probing-incercari-de-penetrometrie-dinamica\/#breadcrumb\"},\"inLanguage\":\"ro-RO\",\"potentialAction\":[{\"@type\":\"ReadAction\",\"target\":[\"https:\/\/www.geostru.eu\/ro\/shop\/software-ro\/incercari-in-situ\/dynamic-probing-incercari-de-penetrometrie-dinamica\/\"]}]},{\"@type\":\"ImageObject\",\"inLanguage\":\"ro-RO\",\"@id\":\"https:\/\/www.geostru.eu\/ro\/shop\/software-ro\/incercari-in-situ\/dynamic-probing-incercari-de-penetrometrie-dinamica\/#primaryimage\",\"url\":\"https:\/\/www.geostru.eu\/wp-content\/uploads\/2013\/12\/Dynamic_1.jpg\",\"contentUrl\":\"https:\/\/www.geostru.eu\/wp-content\/uploads\/2013\/12\/Dynamic_1.jpg\",\"width\":1925,\"height\":1038},{\"@type\":\"BreadcrumbList\",\"@id\":\"https:\/\/www.geostru.eu\/ro\/shop\/software-ro\/incercari-in-situ\/dynamic-probing-incercari-de-penetrometrie-dinamica\/#breadcrumb\",\"itemListElement\":[{\"@type\":\"ListItem\",\"position\":1,\"name\":\"Home\",\"item\":\"https:\/\/www.geostru.eu\/ro\/\"},{\"@type\":\"ListItem\",\"position\":2,\"name\":\"Shop\",\"item\":\"https:\/\/www.geostru.eu\/shop\/?lang=ro\"},{\"@type\":\"ListItem\",\"position\":3,\"name\":\"\u00cencerc\u0103ri de penetrometrie dinamica &#8211; Dynamic Probing\"}]},{\"@type\":\"WebSite\",\"@id\":\"https:\/\/www.geostru.eu\/ro\/#website\",\"url\":\"https:\/\/www.geostru.eu\/ro\/\",\"name\":\"GeoStru EU\",\"description\":\"Professionals at your service\",\"publisher\":{\"@id\":\"https:\/\/www.geostru.eu\/ro\/#organization\"},\"potentialAction\":[{\"@type\":\"SearchAction\",\"target\":{\"@type\":\"EntryPoint\",\"urlTemplate\":\"https:\/\/www.geostru.eu\/ro\/?s={search_term_string}\"},\"query-input\":{\"@type\":\"PropertyValueSpecification\",\"valueRequired\":true,\"valueName\":\"search_term_string\"}}],\"inLanguage\":\"ro-RO\"},{\"@type\":\"Organization\",\"@id\":\"https:\/\/www.geostru.eu\/ro\/#organization\",\"name\":\"GeoStru EU\",\"url\":\"https:\/\/www.geostru.eu\/ro\/\",\"logo\":{\"@type\":\"ImageObject\",\"inLanguage\":\"ro-RO\",\"@id\":\"https:\/\/www.geostru.eu\/ro\/#\/schema\/logo\/image\/\",\"url\":\"https:\/\/www.geostru.eu\/wp-content\/uploads\/2023\/02\/LOGO_GEOSTRU_educational_banner.png\",\"contentUrl\":\"https:\/\/www.geostru.eu\/wp-content\/uploads\/2023\/02\/LOGO_GEOSTRU_educational_banner.png\",\"width\":363,\"height\":115,\"caption\":\"GeoStru EU\"},\"image\":{\"@id\":\"https:\/\/www.geostru.eu\/ro\/#\/schema\/logo\/image\/\"},\"sameAs\":[\"https:\/\/www.facebook.com\/GeoStruSoftware\/\",\"https:\/\/x.com\/geostru\",\"https:\/\/www.linkedin.com\/company\/2462488\/admin\/\",\"https:\/\/www.instagram.com\/geostru\/\"]}]}<\/script>\n<meta property=\"product:brand\" content=\"\u00cencerc\u0103ri in situ\" \/>\n<meta property=\"product:price:amount\" content=\"490.00\" \/>\n<meta property=\"product:price:currency\" content=\"EUR\" \/>\n<meta property=\"og:availability\" content=\"instock\" \/>\n<meta property=\"product:availability\" content=\"instock\" \/>\n<meta property=\"product:retailer_item_id\" content=\"19\" \/>\n<meta property=\"product:condition\" content=\"new\" \/>\n<!-- \/ Yoast SEO Premium plugin. -->","yoast_head_json":{"title":"\u00cencerc\u0103ri de penetrometrie dinamica - Dynamic Probing - GeoStru EU","description":"Program de prelucrare a \u00eencerc\u00e3rilor de penetrometrie dinamica, cu gestiune si arhivare a oric\u00e3rui tip de penetrometru si \u00eencerc\u00e3ri SPT \u00een foraj.","robots":{"index":"index","follow":"follow","max-snippet":"max-snippet:-1","max-image-preview":"max-image-preview:large","max-video-preview":"max-video-preview:-1"},"canonical":"https:\/\/www.geostru.eu\/ro\/shop\/software-ro\/incercari-in-situ\/dynamic-probing-incercari-de-penetrometrie-dinamica\/","og_locale":"ro_RO","og_type":"article","og_title":"\u00cencerc\u0103ri de penetrometrie dinamica - Dynamic Probing","og_description":"Program de prelucrare a \u00eencerc\u00e3rilor de penetrometrie dinamica, cu gestiune si arhivare a oric\u00e3rui tip de penetrometru si \u00eencerc\u00e3ri SPT \u00een foraj.","og_url":"https:\/\/www.geostru.eu\/ro\/shop\/software-ro\/incercari-in-situ\/dynamic-probing-incercari-de-penetrometrie-dinamica\/","og_site_name":"GeoStru EU","article_publisher":"https:\/\/www.facebook.com\/GeoStruSoftware\/","article_modified_time":"2026-04-17T06:14:51+00:00","og_image":[{"width":1200,"height":630,"url":"https:\/\/www.geostru.eu\/wp-content\/uploads\/2022\/06\/Risorsa-164.jpg","type":"image\/jpeg"}],"twitter_card":"summary_large_image","twitter_site":"@geostru","twitter_misc":{"Pre\u021b":"&euro;490.00 f\u0103r\u0103 TVA","Disponibilitate":"\u00cen stoc"},"schema":{"@context":"https:\/\/schema.org","@graph":[{"@type":"WebPage","@id":"https:\/\/www.geostru.eu\/ro\/shop\/software-ro\/incercari-in-situ\/dynamic-probing-incercari-de-penetrometrie-dinamica\/","url":"https:\/\/www.geostru.eu\/ro\/shop\/software-ro\/incercari-in-situ\/dynamic-probing-incercari-de-penetrometrie-dinamica\/","name":"\u00cencerc\u0103ri de penetrometrie dinamica - Dynamic Probing - GeoStru EU","isPartOf":{"@id":"https:\/\/www.geostru.eu\/ro\/#website"},"primaryImageOfPage":{"@id":"https:\/\/www.geostru.eu\/ro\/shop\/software-ro\/incercari-in-situ\/dynamic-probing-incercari-de-penetrometrie-dinamica\/#primaryimage"},"image":{"@id":"https:\/\/www.geostru.eu\/ro\/shop\/software-ro\/incercari-in-situ\/dynamic-probing-incercari-de-penetrometrie-dinamica\/#primaryimage"},"thumbnailUrl":"https:\/\/www.geostru.eu\/wp-content\/uploads\/2013\/12\/Dynamic_1.jpg","datePublished":"2022-06-19T18:23:26+00:00","dateModified":"2026-04-17T06:14:51+00:00","description":"Program de prelucrare a \u00eencerc\u00e3rilor de penetrometrie dinamica, cu gestiune si arhivare a oric\u00e3rui tip de penetrometru si \u00eencerc\u00e3ri SPT \u00een foraj.","breadcrumb":{"@id":"https:\/\/www.geostru.eu\/ro\/shop\/software-ro\/incercari-in-situ\/dynamic-probing-incercari-de-penetrometrie-dinamica\/#breadcrumb"},"inLanguage":"ro-RO","potentialAction":[{"@type":"ReadAction","target":["https:\/\/www.geostru.eu\/ro\/shop\/software-ro\/incercari-in-situ\/dynamic-probing-incercari-de-penetrometrie-dinamica\/"]}]},{"@type":"ImageObject","inLanguage":"ro-RO","@id":"https:\/\/www.geostru.eu\/ro\/shop\/software-ro\/incercari-in-situ\/dynamic-probing-incercari-de-penetrometrie-dinamica\/#primaryimage","url":"https:\/\/www.geostru.eu\/wp-content\/uploads\/2013\/12\/Dynamic_1.jpg","contentUrl":"https:\/\/www.geostru.eu\/wp-content\/uploads\/2013\/12\/Dynamic_1.jpg","width":1925,"height":1038},{"@type":"BreadcrumbList","@id":"https:\/\/www.geostru.eu\/ro\/shop\/software-ro\/incercari-in-situ\/dynamic-probing-incercari-de-penetrometrie-dinamica\/#breadcrumb","itemListElement":[{"@type":"ListItem","position":1,"name":"Home","item":"https:\/\/www.geostru.eu\/ro\/"},{"@type":"ListItem","position":2,"name":"Shop","item":"https:\/\/www.geostru.eu\/shop\/?lang=ro"},{"@type":"ListItem","position":3,"name":"\u00cencerc\u0103ri de penetrometrie dinamica &#8211; Dynamic Probing"}]},{"@type":"WebSite","@id":"https:\/\/www.geostru.eu\/ro\/#website","url":"https:\/\/www.geostru.eu\/ro\/","name":"GeoStru EU","description":"Professionals at your service","publisher":{"@id":"https:\/\/www.geostru.eu\/ro\/#organization"},"potentialAction":[{"@type":"SearchAction","target":{"@type":"EntryPoint","urlTemplate":"https:\/\/www.geostru.eu\/ro\/?s={search_term_string}"},"query-input":{"@type":"PropertyValueSpecification","valueRequired":true,"valueName":"search_term_string"}}],"inLanguage":"ro-RO"},{"@type":"Organization","@id":"https:\/\/www.geostru.eu\/ro\/#organization","name":"GeoStru EU","url":"https:\/\/www.geostru.eu\/ro\/","logo":{"@type":"ImageObject","inLanguage":"ro-RO","@id":"https:\/\/www.geostru.eu\/ro\/#\/schema\/logo\/image\/","url":"https:\/\/www.geostru.eu\/wp-content\/uploads\/2023\/02\/LOGO_GEOSTRU_educational_banner.png","contentUrl":"https:\/\/www.geostru.eu\/wp-content\/uploads\/2023\/02\/LOGO_GEOSTRU_educational_banner.png","width":363,"height":115,"caption":"GeoStru EU"},"image":{"@id":"https:\/\/www.geostru.eu\/ro\/#\/schema\/logo\/image\/"},"sameAs":["https:\/\/www.facebook.com\/GeoStruSoftware\/","https:\/\/x.com\/geostru","https:\/\/www.linkedin.com\/company\/2462488\/admin\/","https:\/\/www.instagram.com\/geostru\/"]}]},"product_brand":"\u00cencerc\u0103ri in situ","product_price_amount":"490.00","product_price_currency":"EUR","og_availability":"instock","product_availability":"instock","product_retailer_item_id":"19","product_condition":"new"},"_links":{"self":[{"href":"https:\/\/www.geostru.eu\/ro\/wp-json\/wp\/v2\/product\/3699"}],"collection":[{"href":"https:\/\/www.geostru.eu\/ro\/wp-json\/wp\/v2\/product"}],"about":[{"href":"https:\/\/www.geostru.eu\/ro\/wp-json\/wp\/v2\/types\/product"}],"replies":[{"embeddable":true,"href":"https:\/\/www.geostru.eu\/ro\/wp-json\/wp\/v2\/comments?post=3699"}],"wp:featuredmedia":[{"embeddable":true,"href":"https:\/\/www.geostru.eu\/ro\/wp-json\/wp\/v2\/media\/15067"}],"wp:attachment":[{"href":"https:\/\/www.geostru.eu\/ro\/wp-json\/wp\/v2\/media?parent=3699"}],"wp:term":[{"taxonomy":"product_cat","embeddable":true,"href":"https:\/\/www.geostru.eu\/ro\/wp-json\/wp\/v2\/product_cat?post=3699"},{"taxonomy":"product_tag","embeddable":true,"href":"https:\/\/www.geostru.eu\/ro\/wp-json\/wp\/v2\/product_tag?post=3699"}],"curies":[{"name":"wp","href":"https:\/\/api.w.org\/{rel}","templated":true}]}}