{"id":3687,"date":"2022-06-19T19:58:07","date_gmt":"2022-06-19T17:58:07","guid":{"rendered":"https:\/\/www.geostru.eu\/?post_type=product&#038;p=3687"},"modified":"2025-02-20T18:15:20","modified_gmt":"2025-02-20T17:15:20","slug":"parametrii-geotehnici-caracteristici-cvsoil","status":"publish","type":"product","link":"https:\/\/www.geostru.eu\/ro\/shop\/software-ro\/geotehnica-si-geologie\/parametrii-geotehnici-caracteristici-cvsoil\/","title":{"rendered":"Parametrii geotehnici caracteristici &#8211; CVSoil"},"content":{"rendered":"<p><strong>Parametrii geotehnici caracteristici<\/strong><br \/>\nValoarea caracteristic\u0103, \u00een\u021beleas\u0103 ca un calcul precaut a parametrului care influen\u021beaz\u0103 starea limit\u0103 considerat\u0103, trebuie folosit\u0103 \u00een orice tip de verificare geotehnic\u0103. Lucr\u0103rile trebuie verificate la st\u0103ri limit\u0103 ultime ce pot ap\u0103rea ca o consecin\u021ba a diverselor ac\u021biuni, \u0219i la st\u0103ri limit\u0103 de exploatare, definite \u00een raport cu performanta a\u0219teptat\u0103.<\/p>\n<p><strong>NORME DE REFERINT\u00c3<\/strong><br \/>\nEurocod 7<br \/>\nProgramul permite calcularea valorilor caracteristice ale terenului analiz\u00e2nd parametrii ob\u021binu\u021bi din sondaje. Parametrii geotehnici sunt trata\u021bi ca variabile aleatoare iar setul de valori ale parametrilor ca o popula\u021bie statistic\u0103.<br \/>\nCu CVSoil se pot importa date din mai multe sondaje \u00een interiorul aceleia\u0219i zone. Inserarea datelor este simpl\u0103 \u0219i intuitiv\u0103.<br \/>\nAria de cercetare poate fi vizualizat\u0103 pe Google Maps.<\/p>\n<p><strong>Parametrii ce pot fi analiza\u021bi statistic sunt:<\/strong><br \/>\n\u2022 Unghi de frecare intern\u0103<br \/>\n\u2022 Coeziune drenat\u0103<br \/>\n\u2022 Coeziune nedrenat\u0103<br \/>\n\u2022 Densitate relativ\u0103<br \/>\n\u2022 Indice de consistent\u0103<br \/>\n\u2022 Modul de compresibilitate edometric\u0103<br \/>\n\u2022 Modul de forfecare<br \/>\n\u2022 Modulul lui Young<br \/>\n\u2022 Nspt<br \/>\n\u2022 Greutate volumic\u0103 natural\u0103<br \/>\n\u2022 Greutate volumic\u0103 saturat\u0103<br \/>\n\u2022 Pocket penetrometre<br \/>\n\u2022 Modulul lui Poison<br \/>\n\u2022 Rezistenta la compresiune uniaxial\u0103<br \/>\n\u2022 Rezisten\u021b\u0103 v\u00e2rf static<br \/>\n\u2022 Viteza undelor de forfecare<br \/>\n\u2022 Parametrii personaliza\u021bi<\/p>\n<p><strong>ABORDARE STATISTIC\u00c3<\/strong><br \/>\n\u2022 Distribu\u021bie Normal\u0103<br \/>\n\u2022 Distribu\u021bie Lognormal\u0103<br \/>\n\u2022 Distribu\u021bie Student<br \/>\n\u2022 Teorema lui Bayes e\u0219antioane mici<\/p>\n<p>Calculul parametrilor geotehnici conform criteriului rezistentelor compensate \u0219i necompensate.<\/p>\n<p><strong>PARTAJARE SONDAJE PE WEB<\/strong><br \/>\nCVSoil nu este un simplu software pentru determinarea parametrilor caracteristici, arhitectura sa a fost g\u00e2ndit\u0103 pentru organizarea generalizat\u0103 a \u00eencerc\u0103rilor geotehnice.<br \/>\nUtilizatorul poate decide partajarea propriilor \u00eencerc\u0103ri pe web. Publicarea se va face \u00eempreun\u0103 cu datele titularului licen\u021bei programului, asigur\u00e2nd astfel un instrument publicitar titularului licen\u021bei.<br \/>\nSe pot, de asemenea, efectua c\u0103ut\u0103ri ale \u00eencerc\u0103rilor partajate cu filtre de c\u0103utare avansate bazate pe zon\u0103 \u0219i distant\u0103 de la loca\u021bia de cercetare.<\/p>\n<p><strong>SCHIMB DE DATE CU ALTE APLICATII GEOSTRU<\/strong><br \/>\nCVSoil permite importul automat de date din Static \u0219i Dynamic Probing. Datele prelucrate pot fi automat trimise c\u0103tre alte programe GeoStru.<\/p>\n<p><strong>Rezultate<\/strong><br \/>\nCVSoil creeaz\u0103 un raport de calcul ce poate fi exportat \u00een formate RTF, DOC, DOCX, PDF, HTM, JPEG etc..<\/p>\n","protected":false},"excerpt":{"rendered":"<p style=\"text-align: justify\">Programul <strong>CVSoil<\/strong> este un instrument complet \u0219i inovativ folosit pentru a determina parametrii geotehnici caracteristici conform unei abord\u0103ri probabilistice, consider\u00e2nd cantit\u0103\u021bile statistice ob\u021binute dintr-un e\u0219antion reprezentativ de probe.<br \/>\nOdat\u0103 cu introducerea conceptului de stare limit\u0103 s-a dezvoltat \u00een paralel \u0219i cel de valoare caracteristic\u0103.<br \/>\nEurocodul 7, privind proiectarea geotehnic\u0103, introduce pentru prima data valorile caracteristice ale parametrilor geotehnici.<\/p>\n<p>&nbsp;<\/p>\n","protected":false},"featured_media":3692,"comment_status":"open","ping_status":"closed","template":"","meta":[],"product_cat":[530,85,87],"product_tag":[447],"class_list":{"0":"post-3687","1":"product","2":"type-product","3":"status-publish","4":"has-post-thumbnail","6":"product_cat-software-geologia-ro-2","7":"product_cat-geotehnica-si-geologie","8":"product_cat-incercari-in-situ","9":"product_tag-parametri-geotehnici-caracteristici","10":"pa_product-professional-ro-2","11":"pa_product-subscription-1-year1","12":"description-off","14":"first","15":"instock","16":"downloadable","17":"virtual","18":"sold-individually","19":"taxable","20":"purchasable","21":"product-type-licensed"},"yoast_head":"<!-- This site is optimized with the Yoast SEO Premium plugin v25.0 (Yoast SEO v25.0) - https:\/\/yoast.com\/wordpress\/plugins\/seo\/ -->\n<title>Parametrii geotehnici caracteristici - CVSoil - Geostru<\/title>\n<meta name=\"description\" content=\"Pogramul CVSoil este un istrument complet si inovativ folosit pentru a determina parametrii geotehnici caracteristici conform unei abord\u00e3ri probabilistice.\" \/>\n<meta name=\"robots\" content=\"index, follow, max-snippet:-1, max-image-preview:large, max-video-preview:-1\" \/>\n<link rel=\"canonical\" href=\"https:\/\/www.geostru.eu\/ro\/shop\/software-ro\/geotehnica-si-geologie\/parametrii-geotehnici-caracteristici-cvsoil\/\" \/>\n<meta property=\"og:locale\" content=\"ro_RO\" \/>\n<meta property=\"og:type\" content=\"article\" \/>\n<meta property=\"og:title\" content=\"Parametrii geotehnici caracteristici - CVSoil\" \/>\n<meta property=\"og:description\" content=\"Pogramul CVSoil este un istrument complet si inovativ folosit pentru a determina parametrii geotehnici caracteristici conform unei abord\u00e3ri probabilistice.\" \/>\n<meta property=\"og:url\" content=\"https:\/\/www.geostru.eu\/ro\/shop\/software-ro\/geotehnica-si-geologie\/parametrii-geotehnici-caracteristici-cvsoil\/\" \/>\n<meta property=\"og:site_name\" content=\"GeoStru EU\" \/>\n<meta property=\"article:publisher\" content=\"https:\/\/www.facebook.com\/GeoStruSoftware\/\" \/>\n<meta property=\"article:modified_time\" content=\"2025-02-20T17:15:20+00:00\" \/>\n<meta property=\"og:image\" content=\"https:\/\/www.geostru.eu\/wp-content\/uploads\/2013\/12\/cvsoil2_275.jpg\" \/>\n\t<meta property=\"og:image:width\" content=\"275\" \/>\n\t<meta property=\"og:image:height\" content=\"149\" \/>\n\t<meta property=\"og:image:type\" content=\"image\/jpeg\" \/>\n<meta name=\"twitter:card\" content=\"summary_large_image\" \/>\n<meta name=\"twitter:site\" content=\"@geostru\" \/>\n<meta name=\"twitter:label1\" content=\"Pre\u021b\" \/>\n\t<meta name=\"twitter:data1\" content=\"&euro;390.00 f\u0103r\u0103 TVA\" \/>\n\t<meta name=\"twitter:label2\" content=\"Disponibilitate\" \/>\n\t<meta name=\"twitter:data2\" content=\"\u00cen stoc\" \/>\n<script type=\"application\/ld+json\" class=\"yoast-schema-graph\">{\"@context\":\"https:\/\/schema.org\",\"@graph\":[{\"@type\":\"WebPage\",\"@id\":\"https:\/\/www.geostru.eu\/ro\/shop\/software-ro\/geotehnica-si-geologie\/parametrii-geotehnici-caracteristici-cvsoil\/\",\"url\":\"https:\/\/www.geostru.eu\/ro\/shop\/software-ro\/geotehnica-si-geologie\/parametrii-geotehnici-caracteristici-cvsoil\/\",\"name\":\"Parametrii geotehnici caracteristici - CVSoil - Geostru\",\"isPartOf\":{\"@id\":\"https:\/\/www.geostru.eu\/ro\/#website\"},\"primaryImageOfPage\":{\"@id\":\"https:\/\/www.geostru.eu\/ro\/shop\/software-ro\/geotehnica-si-geologie\/parametrii-geotehnici-caracteristici-cvsoil\/#primaryimage\"},\"image\":{\"@id\":\"https:\/\/www.geostru.eu\/ro\/shop\/software-ro\/geotehnica-si-geologie\/parametrii-geotehnici-caracteristici-cvsoil\/#primaryimage\"},\"thumbnailUrl\":\"https:\/\/www.geostru.eu\/wp-content\/uploads\/2013\/12\/cvsoil2_275.jpg\",\"datePublished\":\"2022-06-19T17:58:07+00:00\",\"dateModified\":\"2025-02-20T17:15:20+00:00\",\"description\":\"Pogramul CVSoil este un istrument complet si inovativ folosit pentru a determina parametrii geotehnici caracteristici conform unei abord\u00e3ri probabilistice.\",\"breadcrumb\":{\"@id\":\"https:\/\/www.geostru.eu\/ro\/shop\/software-ro\/geotehnica-si-geologie\/parametrii-geotehnici-caracteristici-cvsoil\/#breadcrumb\"},\"inLanguage\":\"ro-RO\",\"potentialAction\":[{\"@type\":\"ReadAction\",\"target\":[\"https:\/\/www.geostru.eu\/ro\/shop\/software-ro\/geotehnica-si-geologie\/parametrii-geotehnici-caracteristici-cvsoil\/\"]}]},{\"@type\":\"ImageObject\",\"inLanguage\":\"ro-RO\",\"@id\":\"https:\/\/www.geostru.eu\/ro\/shop\/software-ro\/geotehnica-si-geologie\/parametrii-geotehnici-caracteristici-cvsoil\/#primaryimage\",\"url\":\"https:\/\/www.geostru.eu\/wp-content\/uploads\/2013\/12\/cvsoil2_275.jpg\",\"contentUrl\":\"https:\/\/www.geostru.eu\/wp-content\/uploads\/2013\/12\/cvsoil2_275.jpg\",\"width\":275,\"height\":149},{\"@type\":\"BreadcrumbList\",\"@id\":\"https:\/\/www.geostru.eu\/ro\/shop\/software-ro\/geotehnica-si-geologie\/parametrii-geotehnici-caracteristici-cvsoil\/#breadcrumb\",\"itemListElement\":[{\"@type\":\"ListItem\",\"position\":1,\"name\":\"Home\",\"item\":\"https:\/\/www.geostru.eu\/ro\/\"},{\"@type\":\"ListItem\",\"position\":2,\"name\":\"Shop\",\"item\":\"https:\/\/www.geostru.eu\/shop\/?lang=ro\"},{\"@type\":\"ListItem\",\"position\":3,\"name\":\"Parametrii geotehnici caracteristici &#8211; CVSoil\"}]},{\"@type\":\"WebSite\",\"@id\":\"https:\/\/www.geostru.eu\/ro\/#website\",\"url\":\"https:\/\/www.geostru.eu\/ro\/\",\"name\":\"GeoStru EU\",\"description\":\"Professionals at your service\",\"publisher\":{\"@id\":\"https:\/\/www.geostru.eu\/ro\/#organization\"},\"potentialAction\":[{\"@type\":\"SearchAction\",\"target\":{\"@type\":\"EntryPoint\",\"urlTemplate\":\"https:\/\/www.geostru.eu\/ro\/?s={search_term_string}\"},\"query-input\":{\"@type\":\"PropertyValueSpecification\",\"valueRequired\":true,\"valueName\":\"search_term_string\"}}],\"inLanguage\":\"ro-RO\"},{\"@type\":\"Organization\",\"@id\":\"https:\/\/www.geostru.eu\/ro\/#organization\",\"name\":\"GeoStru EU\",\"url\":\"https:\/\/www.geostru.eu\/ro\/\",\"logo\":{\"@type\":\"ImageObject\",\"inLanguage\":\"ro-RO\",\"@id\":\"https:\/\/www.geostru.eu\/ro\/#\/schema\/logo\/image\/\",\"url\":\"https:\/\/www.geostru.eu\/wp-content\/uploads\/2023\/02\/LOGO_GEOSTRU_educational_banner.png\",\"contentUrl\":\"https:\/\/www.geostru.eu\/wp-content\/uploads\/2023\/02\/LOGO_GEOSTRU_educational_banner.png\",\"width\":363,\"height\":115,\"caption\":\"GeoStru EU\"},\"image\":{\"@id\":\"https:\/\/www.geostru.eu\/ro\/#\/schema\/logo\/image\/\"},\"sameAs\":[\"https:\/\/www.facebook.com\/GeoStruSoftware\/\",\"https:\/\/x.com\/geostru\",\"https:\/\/www.linkedin.com\/company\/2462488\/admin\/\",\"https:\/\/www.instagram.com\/geostru\/\"]}]}<\/script>\n<meta property=\"product:brand\" content=\"Geologie\" \/>\n<meta property=\"product:price:amount\" content=\"390.00\" \/>\n<meta property=\"product:price:currency\" content=\"EUR\" \/>\n<meta property=\"og:availability\" content=\"instock\" \/>\n<meta property=\"product:availability\" content=\"instock\" \/>\n<meta property=\"product:retailer_item_id\" content=\"30\" \/>\n<meta property=\"product:condition\" content=\"new\" \/>\n<!-- \/ Yoast SEO Premium plugin. -->","yoast_head_json":{"title":"Parametrii geotehnici caracteristici - CVSoil - Geostru","description":"Pogramul CVSoil este un istrument complet si inovativ folosit pentru a determina parametrii geotehnici caracteristici conform unei abord\u00e3ri probabilistice.","robots":{"index":"index","follow":"follow","max-snippet":"max-snippet:-1","max-image-preview":"max-image-preview:large","max-video-preview":"max-video-preview:-1"},"canonical":"https:\/\/www.geostru.eu\/ro\/shop\/software-ro\/geotehnica-si-geologie\/parametrii-geotehnici-caracteristici-cvsoil\/","og_locale":"ro_RO","og_type":"article","og_title":"Parametrii geotehnici caracteristici - CVSoil","og_description":"Pogramul CVSoil este un istrument complet si inovativ folosit pentru a determina parametrii geotehnici caracteristici conform unei abord\u00e3ri probabilistice.","og_url":"https:\/\/www.geostru.eu\/ro\/shop\/software-ro\/geotehnica-si-geologie\/parametrii-geotehnici-caracteristici-cvsoil\/","og_site_name":"GeoStru EU","article_publisher":"https:\/\/www.facebook.com\/GeoStruSoftware\/","article_modified_time":"2025-02-20T17:15:20+00:00","og_image":[{"width":275,"height":149,"url":"https:\/\/www.geostru.eu\/wp-content\/uploads\/2013\/12\/cvsoil2_275.jpg","type":"image\/jpeg"}],"twitter_card":"summary_large_image","twitter_site":"@geostru","twitter_misc":{"Pre\u021b":"&euro;390.00 f\u0103r\u0103 TVA","Disponibilitate":"\u00cen stoc"},"schema":{"@context":"https:\/\/schema.org","@graph":[{"@type":"WebPage","@id":"https:\/\/www.geostru.eu\/ro\/shop\/software-ro\/geotehnica-si-geologie\/parametrii-geotehnici-caracteristici-cvsoil\/","url":"https:\/\/www.geostru.eu\/ro\/shop\/software-ro\/geotehnica-si-geologie\/parametrii-geotehnici-caracteristici-cvsoil\/","name":"Parametrii geotehnici caracteristici - CVSoil - Geostru","isPartOf":{"@id":"https:\/\/www.geostru.eu\/ro\/#website"},"primaryImageOfPage":{"@id":"https:\/\/www.geostru.eu\/ro\/shop\/software-ro\/geotehnica-si-geologie\/parametrii-geotehnici-caracteristici-cvsoil\/#primaryimage"},"image":{"@id":"https:\/\/www.geostru.eu\/ro\/shop\/software-ro\/geotehnica-si-geologie\/parametrii-geotehnici-caracteristici-cvsoil\/#primaryimage"},"thumbnailUrl":"https:\/\/www.geostru.eu\/wp-content\/uploads\/2013\/12\/cvsoil2_275.jpg","datePublished":"2022-06-19T17:58:07+00:00","dateModified":"2025-02-20T17:15:20+00:00","description":"Pogramul CVSoil este un istrument complet si inovativ folosit pentru a determina parametrii geotehnici caracteristici conform unei abord\u00e3ri probabilistice.","breadcrumb":{"@id":"https:\/\/www.geostru.eu\/ro\/shop\/software-ro\/geotehnica-si-geologie\/parametrii-geotehnici-caracteristici-cvsoil\/#breadcrumb"},"inLanguage":"ro-RO","potentialAction":[{"@type":"ReadAction","target":["https:\/\/www.geostru.eu\/ro\/shop\/software-ro\/geotehnica-si-geologie\/parametrii-geotehnici-caracteristici-cvsoil\/"]}]},{"@type":"ImageObject","inLanguage":"ro-RO","@id":"https:\/\/www.geostru.eu\/ro\/shop\/software-ro\/geotehnica-si-geologie\/parametrii-geotehnici-caracteristici-cvsoil\/#primaryimage","url":"https:\/\/www.geostru.eu\/wp-content\/uploads\/2013\/12\/cvsoil2_275.jpg","contentUrl":"https:\/\/www.geostru.eu\/wp-content\/uploads\/2013\/12\/cvsoil2_275.jpg","width":275,"height":149},{"@type":"BreadcrumbList","@id":"https:\/\/www.geostru.eu\/ro\/shop\/software-ro\/geotehnica-si-geologie\/parametrii-geotehnici-caracteristici-cvsoil\/#breadcrumb","itemListElement":[{"@type":"ListItem","position":1,"name":"Home","item":"https:\/\/www.geostru.eu\/ro\/"},{"@type":"ListItem","position":2,"name":"Shop","item":"https:\/\/www.geostru.eu\/shop\/?lang=ro"},{"@type":"ListItem","position":3,"name":"Parametrii geotehnici caracteristici &#8211; CVSoil"}]},{"@type":"WebSite","@id":"https:\/\/www.geostru.eu\/ro\/#website","url":"https:\/\/www.geostru.eu\/ro\/","name":"GeoStru EU","description":"Professionals at your service","publisher":{"@id":"https:\/\/www.geostru.eu\/ro\/#organization"},"potentialAction":[{"@type":"SearchAction","target":{"@type":"EntryPoint","urlTemplate":"https:\/\/www.geostru.eu\/ro\/?s={search_term_string}"},"query-input":{"@type":"PropertyValueSpecification","valueRequired":true,"valueName":"search_term_string"}}],"inLanguage":"ro-RO"},{"@type":"Organization","@id":"https:\/\/www.geostru.eu\/ro\/#organization","name":"GeoStru EU","url":"https:\/\/www.geostru.eu\/ro\/","logo":{"@type":"ImageObject","inLanguage":"ro-RO","@id":"https:\/\/www.geostru.eu\/ro\/#\/schema\/logo\/image\/","url":"https:\/\/www.geostru.eu\/wp-content\/uploads\/2023\/02\/LOGO_GEOSTRU_educational_banner.png","contentUrl":"https:\/\/www.geostru.eu\/wp-content\/uploads\/2023\/02\/LOGO_GEOSTRU_educational_banner.png","width":363,"height":115,"caption":"GeoStru EU"},"image":{"@id":"https:\/\/www.geostru.eu\/ro\/#\/schema\/logo\/image\/"},"sameAs":["https:\/\/www.facebook.com\/GeoStruSoftware\/","https:\/\/x.com\/geostru","https:\/\/www.linkedin.com\/company\/2462488\/admin\/","https:\/\/www.instagram.com\/geostru\/"]}]},"product_brand":"Geologie","product_price_amount":"390.00","product_price_currency":"EUR","og_availability":"instock","product_availability":"instock","product_retailer_item_id":"30","product_condition":"new"},"_links":{"self":[{"href":"https:\/\/www.geostru.eu\/ro\/wp-json\/wp\/v2\/product\/3687"}],"collection":[{"href":"https:\/\/www.geostru.eu\/ro\/wp-json\/wp\/v2\/product"}],"about":[{"href":"https:\/\/www.geostru.eu\/ro\/wp-json\/wp\/v2\/types\/product"}],"replies":[{"embeddable":true,"href":"https:\/\/www.geostru.eu\/ro\/wp-json\/wp\/v2\/comments?post=3687"}],"wp:featuredmedia":[{"embeddable":true,"href":"https:\/\/www.geostru.eu\/ro\/wp-json\/wp\/v2\/media\/3692"}],"wp:attachment":[{"href":"https:\/\/www.geostru.eu\/ro\/wp-json\/wp\/v2\/media?parent=3687"}],"wp:term":[{"taxonomy":"product_cat","embeddable":true,"href":"https:\/\/www.geostru.eu\/ro\/wp-json\/wp\/v2\/product_cat?post=3687"},{"taxonomy":"product_tag","embeddable":true,"href":"https:\/\/www.geostru.eu\/ro\/wp-json\/wp\/v2\/product_tag?post=3687"}],"curies":[{"name":"wp","href":"https:\/\/api.w.org\/{rel}","templated":true}]}}