{"id":3681,"date":"2022-06-19T19:41:11","date_gmt":"2022-06-19T17:41:11","guid":{"rendered":"https:\/\/www.geostru.eu\/?post_type=product&#038;p=3681"},"modified":"2025-02-21T20:18:18","modified_gmt":"2025-02-21T19:18:18","slug":"rocklab-hoek-brown-failure-criterion-rock-mass","status":"publish","type":"product","link":"https:\/\/www.geostru.eu\/ro\/shop\/software-ro\/rocklab-hoek-brown-failure-criterion-rock-mass\/","title":{"rendered":"Criterii de rupere al unei mase de roc\u0103, conform lui Hoek Brown \u2013 Rocklab"},"content":{"rendered":"<p><strong>Criteriul de rupere conform Hoek \u2013 Brown<\/strong><br \/>\nFolosind o aproximare a interpol\u0103rii liniare a criteriului de rupere conform <em><strong>Hoek \u0219i Brown<\/strong><\/em>, \u00eentr-un domeniu de c\u00e2mp de solicitare, se pot ob\u021bine parametrii de coeziune \u0219i unghiul de forfecare <em>Mohr-Coulomb<\/em>.<\/p>\n<p><strong>DATE NECESARE<\/strong><br \/>\nRezisten\u021ba la compresiune a rocii intacte, GSI (Geological Strength Index), parametrii specifici masei rocii, factorul de perturbare, modulul de deformare.<br \/>\nUnii dintre parametri, cum ar fi GSI, \u0219i parametrii proprii sunt identifica\u021bi direct de software prin proceduri grafice interactive.<\/p>\n<p><strong>DATE CALCULATE<\/strong><br \/>\nConstantele masei rocilor s \u0219i a, rezisten\u021ba la trac\u021biune, limita superioar\u0103 a tensiunii de confinare relativ la tuneluri \u0219i versan\u021bi, rezisten\u021ba global\u0103 a masei rocilor, coeziunea \u0219i unghiul de rezisten\u021b\u0103 la forfecare. Parametrii geotehnici calcula\u021bi sunt \u00eemp\u0103r\u021bi\u021bi \u00een parametri de calcul \u0219i de proiectare.<\/p>\n<p><strong>CALCULUL PARAMETRILOR DIN TESTE TRIAXIALE<\/strong><br \/>\nPrin teste de laborator, de tip triaxial, efectuate cu o celul\u0103 Hoek \u0219i Brown, \u00een care rezisten\u021ba v\u00e2rfului la rupere este m\u0103surat\u0103 pe m\u0103sur\u0103 ce tensiunea de confinare variaz\u0103. Este posibil s\u0103 se calculeze rezisten\u021ba la compresiune a rocii \u0219i parametrul mi.<\/p>\n<p><strong>CAPACITATE PORTANT\u0102 A FUNDA\u021aIILOR<\/strong><br \/>\n<strong>RockLab<\/strong> permite ob\u021binerea parametrilor de calcul geotehnic \u0219i de proiectare \u00een func\u021bie de calea de proiectare urmat\u0103. Verificarea st\u0103rilor limit\u0103 finale ale complexului sol-funda\u021bie prive\u0219te mecanismele de e\u0219ec determinate de mobilizarea rezisten\u021bei globale a materialelor.<br \/>\nCapacitatea portant\u0103 final\u0103 a masei de roc\u0103 este calculat\u0103 cu metodele: Carter-Kulhawy \u0219i Serrano-Olalla-Gonzales. Folosind capacitatea portant\u0103 ultim\u0103 se calculeaz\u0103 rezisten\u021ba de proiect.<\/p>\n<p><strong>REZULTATE<\/strong><br \/>\nRezultatele sunt afi\u0219ate at\u00e2t numeric, c\u00e2t \u0219i grafic. Software-ul produce un raport detaliat de calcul.<\/p>\n","protected":false},"excerpt":{"rendered":"<p style=\"text-align: justify;\">Software pentru determinarea criteriului de rupere al unei mase de roc\u0103 conform modelului lui <strong>Hoek-Brown (2002)<\/strong>. Software-ul, pe l\u00e2ng\u0103 calcularea parametrilor de rezisten\u021b\u0103 a masei de roc\u0103, permite calcularea capacit\u0103\u021bii portante a funda\u021biilor pe roc\u0103 \u00een conformitate cu metodele <strong>Carter &#8211; Kulhawy, Serrano &#8211; Olalla &#8211; Gonzales.<\/strong><\/p>\n","protected":false},"featured_media":14646,"comment_status":"open","ping_status":"closed","template":"","meta":[],"product_cat":[202,83],"product_tag":[],"class_list":{"0":"post-3681","1":"product","2":"type-product","3":"status-publish","4":"has-post-thumbnail","6":"product_cat-software-ro","7":"product_cat-geomecanica","8":"description-off","10":"first","11":"instock","12":"downloadable","13":"virtual","14":"sold-individually","15":"taxable","16":"purchasable","17":"product-type-licensed"},"yoast_head":"<!-- This site is optimized with the Yoast SEO Premium plugin v25.0 (Yoast SEO v25.0) - https:\/\/yoast.com\/wordpress\/plugins\/seo\/ -->\n<title>Criterii de rupere al unei mase de roc\u0103, conform lui Hoek Brown \u2013 Rocklab - GeoStru EU<\/title>\n<meta name=\"description\" content=\"Failure criteria of a rock mass according to Hoek-Brown\" \/>\n<meta name=\"robots\" content=\"index, follow, max-snippet:-1, max-image-preview:large, max-video-preview:-1\" \/>\n<link rel=\"canonical\" href=\"https:\/\/www.geostru.eu\/ro\/shop\/software-ro\/rocklab-hoek-brown-failure-criterion-rock-mass\/\" \/>\n<meta property=\"og:locale\" content=\"ro_RO\" \/>\n<meta property=\"og:type\" content=\"article\" \/>\n<meta property=\"og:title\" content=\"Criterii de rupere al unei mase de roc\u0103, conform lui Hoek Brown \u2013 Rocklab\" \/>\n<meta property=\"og:description\" content=\"Failure criteria of a rock mass according to Hoek-Brown\" \/>\n<meta property=\"og:url\" content=\"https:\/\/www.geostru.eu\/ro\/shop\/software-ro\/rocklab-hoek-brown-failure-criterion-rock-mass\/\" \/>\n<meta property=\"og:site_name\" content=\"GeoStru EU\" \/>\n<meta property=\"article:publisher\" content=\"https:\/\/www.facebook.com\/GeoStruSoftware\/\" \/>\n<meta property=\"article:modified_time\" content=\"2025-02-21T19:18:18+00:00\" \/>\n<meta property=\"og:image\" content=\"https:\/\/www.geostru.eu\/wp-content\/uploads\/2014\/06\/RockLab2.jpg\" \/>\n\t<meta property=\"og:image:width\" content=\"1919\" \/>\n\t<meta property=\"og:image:height\" content=\"1040\" \/>\n\t<meta property=\"og:image:type\" content=\"image\/jpeg\" \/>\n<meta name=\"twitter:card\" content=\"summary_large_image\" \/>\n<meta name=\"twitter:site\" content=\"@geostru\" \/>\n<meta name=\"twitter:label1\" content=\"Pre\u021b\" \/>\n\t<meta name=\"twitter:data1\" content=\"&euro;350.00 f\u0103r\u0103 TVA\" \/>\n\t<meta name=\"twitter:label2\" content=\"Disponibilitate\" \/>\n\t<meta name=\"twitter:data2\" content=\"\u00cen stoc\" \/>\n<script type=\"application\/ld+json\" class=\"yoast-schema-graph\">{\"@context\":\"https:\/\/schema.org\",\"@graph\":[{\"@type\":\"WebPage\",\"@id\":\"https:\/\/www.geostru.eu\/ro\/shop\/software-ro\/rocklab-hoek-brown-failure-criterion-rock-mass\/\",\"url\":\"https:\/\/www.geostru.eu\/ro\/shop\/software-ro\/rocklab-hoek-brown-failure-criterion-rock-mass\/\",\"name\":\"Criterii de rupere al unei mase de roc\u0103, conform lui Hoek Brown \u2013 Rocklab - GeoStru EU\",\"isPartOf\":{\"@id\":\"https:\/\/www.geostru.eu\/ro\/#website\"},\"primaryImageOfPage\":{\"@id\":\"https:\/\/www.geostru.eu\/ro\/shop\/software-ro\/rocklab-hoek-brown-failure-criterion-rock-mass\/#primaryimage\"},\"image\":{\"@id\":\"https:\/\/www.geostru.eu\/ro\/shop\/software-ro\/rocklab-hoek-brown-failure-criterion-rock-mass\/#primaryimage\"},\"thumbnailUrl\":\"https:\/\/www.geostru.eu\/wp-content\/uploads\/2014\/06\/RockLab2.jpg\",\"datePublished\":\"2022-06-19T17:41:11+00:00\",\"dateModified\":\"2025-02-21T19:18:18+00:00\",\"description\":\"Failure criteria of a rock mass according to Hoek-Brown\",\"breadcrumb\":{\"@id\":\"https:\/\/www.geostru.eu\/ro\/shop\/software-ro\/rocklab-hoek-brown-failure-criterion-rock-mass\/#breadcrumb\"},\"inLanguage\":\"ro-RO\",\"potentialAction\":[{\"@type\":\"ReadAction\",\"target\":[\"https:\/\/www.geostru.eu\/ro\/shop\/software-ro\/rocklab-hoek-brown-failure-criterion-rock-mass\/\"]}]},{\"@type\":\"ImageObject\",\"inLanguage\":\"ro-RO\",\"@id\":\"https:\/\/www.geostru.eu\/ro\/shop\/software-ro\/rocklab-hoek-brown-failure-criterion-rock-mass\/#primaryimage\",\"url\":\"https:\/\/www.geostru.eu\/wp-content\/uploads\/2014\/06\/RockLab2.jpg\",\"contentUrl\":\"https:\/\/www.geostru.eu\/wp-content\/uploads\/2014\/06\/RockLab2.jpg\",\"width\":1919,\"height\":1040,\"caption\":\"Rocklab\"},{\"@type\":\"BreadcrumbList\",\"@id\":\"https:\/\/www.geostru.eu\/ro\/shop\/software-ro\/rocklab-hoek-brown-failure-criterion-rock-mass\/#breadcrumb\",\"itemListElement\":[{\"@type\":\"ListItem\",\"position\":1,\"name\":\"Home\",\"item\":\"https:\/\/www.geostru.eu\/ro\/\"},{\"@type\":\"ListItem\",\"position\":2,\"name\":\"Shop\",\"item\":\"https:\/\/www.geostru.eu\/shop\/?lang=ro\"},{\"@type\":\"ListItem\",\"position\":3,\"name\":\"Criterii de rupere al unei mase de roc\u0103, conform lui Hoek Brown \u2013 Rocklab\"}]},{\"@type\":\"WebSite\",\"@id\":\"https:\/\/www.geostru.eu\/ro\/#website\",\"url\":\"https:\/\/www.geostru.eu\/ro\/\",\"name\":\"GeoStru EU\",\"description\":\"Professionals at your service\",\"publisher\":{\"@id\":\"https:\/\/www.geostru.eu\/ro\/#organization\"},\"potentialAction\":[{\"@type\":\"SearchAction\",\"target\":{\"@type\":\"EntryPoint\",\"urlTemplate\":\"https:\/\/www.geostru.eu\/ro\/?s={search_term_string}\"},\"query-input\":{\"@type\":\"PropertyValueSpecification\",\"valueRequired\":true,\"valueName\":\"search_term_string\"}}],\"inLanguage\":\"ro-RO\"},{\"@type\":\"Organization\",\"@id\":\"https:\/\/www.geostru.eu\/ro\/#organization\",\"name\":\"GeoStru EU\",\"url\":\"https:\/\/www.geostru.eu\/ro\/\",\"logo\":{\"@type\":\"ImageObject\",\"inLanguage\":\"ro-RO\",\"@id\":\"https:\/\/www.geostru.eu\/ro\/#\/schema\/logo\/image\/\",\"url\":\"https:\/\/www.geostru.eu\/wp-content\/uploads\/2023\/02\/LOGO_GEOSTRU_educational_banner.png\",\"contentUrl\":\"https:\/\/www.geostru.eu\/wp-content\/uploads\/2023\/02\/LOGO_GEOSTRU_educational_banner.png\",\"width\":363,\"height\":115,\"caption\":\"GeoStru EU\"},\"image\":{\"@id\":\"https:\/\/www.geostru.eu\/ro\/#\/schema\/logo\/image\/\"},\"sameAs\":[\"https:\/\/www.facebook.com\/GeoStruSoftware\/\",\"https:\/\/x.com\/geostru\",\"https:\/\/www.linkedin.com\/company\/2462488\/admin\/\",\"https:\/\/www.instagram.com\/geostru\/\"]}]}<\/script>\n<meta property=\"product:brand\" content=\"Software\" \/>\n<meta property=\"product:price:amount\" content=\"350.00\" \/>\n<meta property=\"product:price:currency\" content=\"EUR\" \/>\n<meta property=\"og:availability\" content=\"instock\" \/>\n<meta property=\"product:availability\" content=\"instock\" \/>\n<meta property=\"product:retailer_item_id\" content=\"37\" \/>\n<meta property=\"product:condition\" content=\"new\" \/>\n<!-- \/ Yoast SEO Premium plugin. -->","yoast_head_json":{"title":"Criterii de rupere al unei mase de roc\u0103, conform lui Hoek Brown \u2013 Rocklab - GeoStru EU","description":"Failure criteria of a rock mass according to Hoek-Brown","robots":{"index":"index","follow":"follow","max-snippet":"max-snippet:-1","max-image-preview":"max-image-preview:large","max-video-preview":"max-video-preview:-1"},"canonical":"https:\/\/www.geostru.eu\/ro\/shop\/software-ro\/rocklab-hoek-brown-failure-criterion-rock-mass\/","og_locale":"ro_RO","og_type":"article","og_title":"Criterii de rupere al unei mase de roc\u0103, conform lui Hoek Brown \u2013 Rocklab","og_description":"Failure criteria of a rock mass according to Hoek-Brown","og_url":"https:\/\/www.geostru.eu\/ro\/shop\/software-ro\/rocklab-hoek-brown-failure-criterion-rock-mass\/","og_site_name":"GeoStru EU","article_publisher":"https:\/\/www.facebook.com\/GeoStruSoftware\/","article_modified_time":"2025-02-21T19:18:18+00:00","og_image":[{"width":1919,"height":1040,"url":"https:\/\/www.geostru.eu\/wp-content\/uploads\/2014\/06\/RockLab2.jpg","type":"image\/jpeg"}],"twitter_card":"summary_large_image","twitter_site":"@geostru","twitter_misc":{"Pre\u021b":"&euro;350.00 f\u0103r\u0103 TVA","Disponibilitate":"\u00cen stoc"},"schema":{"@context":"https:\/\/schema.org","@graph":[{"@type":"WebPage","@id":"https:\/\/www.geostru.eu\/ro\/shop\/software-ro\/rocklab-hoek-brown-failure-criterion-rock-mass\/","url":"https:\/\/www.geostru.eu\/ro\/shop\/software-ro\/rocklab-hoek-brown-failure-criterion-rock-mass\/","name":"Criterii de rupere al unei mase de roc\u0103, conform lui Hoek Brown \u2013 Rocklab - GeoStru EU","isPartOf":{"@id":"https:\/\/www.geostru.eu\/ro\/#website"},"primaryImageOfPage":{"@id":"https:\/\/www.geostru.eu\/ro\/shop\/software-ro\/rocklab-hoek-brown-failure-criterion-rock-mass\/#primaryimage"},"image":{"@id":"https:\/\/www.geostru.eu\/ro\/shop\/software-ro\/rocklab-hoek-brown-failure-criterion-rock-mass\/#primaryimage"},"thumbnailUrl":"https:\/\/www.geostru.eu\/wp-content\/uploads\/2014\/06\/RockLab2.jpg","datePublished":"2022-06-19T17:41:11+00:00","dateModified":"2025-02-21T19:18:18+00:00","description":"Failure criteria of a rock mass according to Hoek-Brown","breadcrumb":{"@id":"https:\/\/www.geostru.eu\/ro\/shop\/software-ro\/rocklab-hoek-brown-failure-criterion-rock-mass\/#breadcrumb"},"inLanguage":"ro-RO","potentialAction":[{"@type":"ReadAction","target":["https:\/\/www.geostru.eu\/ro\/shop\/software-ro\/rocklab-hoek-brown-failure-criterion-rock-mass\/"]}]},{"@type":"ImageObject","inLanguage":"ro-RO","@id":"https:\/\/www.geostru.eu\/ro\/shop\/software-ro\/rocklab-hoek-brown-failure-criterion-rock-mass\/#primaryimage","url":"https:\/\/www.geostru.eu\/wp-content\/uploads\/2014\/06\/RockLab2.jpg","contentUrl":"https:\/\/www.geostru.eu\/wp-content\/uploads\/2014\/06\/RockLab2.jpg","width":1919,"height":1040,"caption":"Rocklab"},{"@type":"BreadcrumbList","@id":"https:\/\/www.geostru.eu\/ro\/shop\/software-ro\/rocklab-hoek-brown-failure-criterion-rock-mass\/#breadcrumb","itemListElement":[{"@type":"ListItem","position":1,"name":"Home","item":"https:\/\/www.geostru.eu\/ro\/"},{"@type":"ListItem","position":2,"name":"Shop","item":"https:\/\/www.geostru.eu\/shop\/?lang=ro"},{"@type":"ListItem","position":3,"name":"Criterii de rupere al unei mase de roc\u0103, conform lui Hoek Brown \u2013 Rocklab"}]},{"@type":"WebSite","@id":"https:\/\/www.geostru.eu\/ro\/#website","url":"https:\/\/www.geostru.eu\/ro\/","name":"GeoStru EU","description":"Professionals at your service","publisher":{"@id":"https:\/\/www.geostru.eu\/ro\/#organization"},"potentialAction":[{"@type":"SearchAction","target":{"@type":"EntryPoint","urlTemplate":"https:\/\/www.geostru.eu\/ro\/?s={search_term_string}"},"query-input":{"@type":"PropertyValueSpecification","valueRequired":true,"valueName":"search_term_string"}}],"inLanguage":"ro-RO"},{"@type":"Organization","@id":"https:\/\/www.geostru.eu\/ro\/#organization","name":"GeoStru EU","url":"https:\/\/www.geostru.eu\/ro\/","logo":{"@type":"ImageObject","inLanguage":"ro-RO","@id":"https:\/\/www.geostru.eu\/ro\/#\/schema\/logo\/image\/","url":"https:\/\/www.geostru.eu\/wp-content\/uploads\/2023\/02\/LOGO_GEOSTRU_educational_banner.png","contentUrl":"https:\/\/www.geostru.eu\/wp-content\/uploads\/2023\/02\/LOGO_GEOSTRU_educational_banner.png","width":363,"height":115,"caption":"GeoStru EU"},"image":{"@id":"https:\/\/www.geostru.eu\/ro\/#\/schema\/logo\/image\/"},"sameAs":["https:\/\/www.facebook.com\/GeoStruSoftware\/","https:\/\/x.com\/geostru","https:\/\/www.linkedin.com\/company\/2462488\/admin\/","https:\/\/www.instagram.com\/geostru\/"]}]},"product_brand":"Software","product_price_amount":"350.00","product_price_currency":"EUR","og_availability":"instock","product_availability":"instock","product_retailer_item_id":"37","product_condition":"new"},"_links":{"self":[{"href":"https:\/\/www.geostru.eu\/ro\/wp-json\/wp\/v2\/product\/3681"}],"collection":[{"href":"https:\/\/www.geostru.eu\/ro\/wp-json\/wp\/v2\/product"}],"about":[{"href":"https:\/\/www.geostru.eu\/ro\/wp-json\/wp\/v2\/types\/product"}],"replies":[{"embeddable":true,"href":"https:\/\/www.geostru.eu\/ro\/wp-json\/wp\/v2\/comments?post=3681"}],"wp:featuredmedia":[{"embeddable":true,"href":"https:\/\/www.geostru.eu\/ro\/wp-json\/wp\/v2\/media\/14646"}],"wp:attachment":[{"href":"https:\/\/www.geostru.eu\/ro\/wp-json\/wp\/v2\/media?parent=3681"}],"wp:term":[{"taxonomy":"product_cat","embeddable":true,"href":"https:\/\/www.geostru.eu\/ro\/wp-json\/wp\/v2\/product_cat?post=3681"},{"taxonomy":"product_tag","embeddable":true,"href":"https:\/\/www.geostru.eu\/ro\/wp-json\/wp\/v2\/product_tag?post=3681"}],"curies":[{"name":"wp","href":"https:\/\/api.w.org\/{rel}","templated":true}]}}