{"id":3664,"date":"2014-11-19T19:30:03","date_gmt":"2014-11-19T17:30:03","guid":{"rendered":"https:\/\/www.geostru.eu\/?post_type=product&#038;p=3664"},"modified":"2026-04-11T07:24:20","modified_gmt":"2026-04-11T05:24:20","slug":"proiectii-stereografice-de-mecanica-a-rocilor","status":"publish","type":"product","link":"https:\/\/www.geostru.eu\/ro\/shop\/software-ro\/geomecanica\/proiectii-stereografice-de-mecanica-a-rocilor\/","title":{"rendered":"Proiec\u021bii stereografice de mecanic\u0103 a rocilor &#8211; GMS"},"content":{"rendered":"<div class=\"wpb-content-wrapper\"><p>[vc_row][vc_column][vc_column_text]<\/p>\n<p style=\"text-align: justify;\">Pentru determinarea modelului geotehnic al rocii, vor fi apoi ilustrate etapele de supraveghere a rosturilor, cu referire la condi\u021biile geostructurale (spa\u021biere, deschidere, persisten\u021b\u0103) \u0219i la condi\u021biile hidraulice \u0219i de rezisten\u021b\u0103 ale rosturilor (rugozitate, rezisten\u021ba pere\u021bilor, gradul de alterare, materiale de umplutur\u0103).<br \/>\nProcedura utilizat\u0103 pentru efectuarea studiului este descris\u0103 \u00een recomand\u0103rile ISRM, &#8222;Suggested Methods for the Quantitative Description of Discontinuities in Rock Masses&#8221;.<\/p>\n<p style=\"text-align: justify;\"><strong>PROIEC\u021aII \u0218I TRASEE<\/strong><\/p>\n<p style=\"text-align: justify;\">WULFF GRID. Reprezint\u0103 proiec\u021bia stereografic\u0103 a meridianelor \u0219i paralelelor P\u0103m\u00e2ntului pe un plan care trece prin centru \u0219i prin cei doi poli. Este o proiec\u021bie izogonal\u0103, \u00een care unghiurile dintre planurile individuale sunt men\u021binute pe proiec\u021biile relative, astfel \u00eenc\u00e2t zonele definite de intersec\u021bia a dou\u0103 paralele \u0219i a dou\u0103 meridiane sunt puternic distorsionate dinspre centrul reticulului spre margini.<br \/>\nGRATICULA SCHMIDT-LAMBERT. Se utilizeaz\u0103 pentru a evita distorsiunile de suprafa\u021b\u0103 ale re\u021belei Wulff \u0219i, prin urmare, este adecvat\u0103 pentru interpret\u0103ri statistice.<br \/>\nRETICUL STEREOGRAFIC POLAR EQUIANGULAR \u0218I ECHIAREAL. Acestea sunt reprezent\u0103ri similare cu cele anterioare, \u00een care sunt reprezenta\u021bi polii de discontinuitate.<br \/>\nDIAGRAMA STELAR\u0102. Reprezint\u0103 date de pozi\u021bie: observa\u021biile sunt prezentate pe o referin\u021b\u0103 circular\u0103 marcat\u0103 de la 0\u00b0 la 360\u00b0, cu linii radiale la intervale de 10\u00b0. Observa\u021biile sunt grupate \u00een sectorul de 10\u00b0 din care fac parte. Num\u0103rul de observa\u021bii este reprezentat \u00een direc\u021bia radial\u0103, cu cercuri concentrice numerotate, fiecare corespunz\u00e2nd la 5, 10 \u0219i 15 observa\u021bii.<br \/>\nDIAGRAMA DE IZODENSITATE. Din distribu\u021bia pe gril\u0103 a polilor corespunz\u0103tori unui set semnificativ de date, este posibil\u0103 recunoa\u0219terea unei serii de familii de discontinuit\u0103\u021bi. Pentru a realiza acest lucru, se traseaz\u0103 diagrame de izodensitate, loca\u021bia centrelor suprafe\u021belor unitare con\u021bin\u00e2nd un num\u0103r egal de poli. Metoda utilizat\u0103 pentru a g\u0103si distribu\u021bia densit\u0103\u021bii polilor este cea dezvoltat\u0103 de Denness, care a \u00eemp\u0103r\u021bit sfera de referin\u021b\u0103 \u00een 100 de celule elementare.<\/p>\n<p style=\"text-align: justify;\"><strong>REZULTATE GRAFICE<\/strong><\/p>\n<p style=\"text-align: justify;\">GRAFICE PERCENTAJ Un tip de grafic (histogram\u0103) \u00een care toate apari\u021biile discontinuit\u0103\u021bii care trebuie reprezentate (deschidere, distan\u021bare sau persisten\u021b\u0103) sunt reprezentate sub form\u0103 de procente.<br \/>\nVALOAREA MODAL\u0102. \u00centr-o diagram\u0103 (histogram\u0103) este reprezentat\u0103 distribu\u021bia caracteristicilor (deschidere, spa\u021biere \u0219i persisten\u021b\u0103) pentru fiecare familie de discontinuitate: familiile m\u0103surate pot fi reprezentate secven\u021bial.<\/p>\n<p>[\/vc_column_text][\/vc_column][\/vc_row]<\/p>\n<\/div>","protected":false},"excerpt":{"rendered":"<p style=\"text-align: justify;\">Software-ul GMS (GeoMechanical Survey) are ca scop reprezentarea \u0219i procesarea studiului geostructural al \u00eembin\u0103rilor de masiv de roc\u0103 realizat in situ prin metoda compasului \u0219i clinometrului, \u00een conformitate cu recomand\u0103rile ISRM.<\/p>\n<p style=\"text-align: justify;\">Articula\u021biile dintr-un masiv de roc\u0103 influen\u021beaz\u0103, \u00eentr-o m\u0103sur\u0103 mai mare sau mai mic\u0103, comportamentul mecanic al rocii \u0219i modelul geotehnic care st\u0103 la baza oric\u0103rui calcul.<\/p>\n<p style=\"text-align: justify;\">Este important s\u0103 se evalueze corect starea de stabilitate \u0219i s\u0103 se descrie cu exactitate structura \u0219i articula\u021biile rocilor, at\u00e2t din punct de vedere calitativ, c\u00e2t \u0219i cantitativ.<\/p>\n<p style=\"text-align: justify;\">GMS interac\u021bioneaz\u0103 cu aplica\u021bia gratuit\u0103 pentru smartphone eGeoCompass prin generarea unui fi\u0219ier cu o extensie compatibil\u0103 cu GMS.<\/p>\n","protected":false},"featured_media":15220,"comment_status":"open","ping_status":"closed","template":"","meta":[],"product_cat":[530,83],"product_tag":[],"class_list":{"0":"post-3664","1":"product","2":"type-product","3":"status-publish","4":"has-post-thumbnail","6":"product_cat-software-geologia-ro-2","7":"product_cat-geomecanica","8":"pa_product-professional-ro-2","9":"pa_product-subscription-1-year1","10":"description-off","12":"first","13":"instock","14":"downloadable","15":"virtual","16":"sold-individually","17":"taxable","18":"purchasable","19":"product-type-licensed"},"yoast_head":"<!-- This site is optimized with the Yoast SEO Premium plugin v25.0 (Yoast SEO v25.0) - https:\/\/yoast.com\/wordpress\/plugins\/seo\/ -->\n<title>Proiec\u021bii stereografice de mecanic\u0103 a rocilor - GMS - GeoStru EU<\/title>\n<meta name=\"description\" content=\"GeoMechanical Survey reprezint\u0103 \u0219i proceseaz\u0103 studiul geostructural al articula\u021biilor masivelor de roc\u0103 realizat in-situ \u00een conformitate cu recomand\u0103rile ISRM.\" \/>\n<meta name=\"robots\" content=\"index, follow, max-snippet:-1, max-image-preview:large, max-video-preview:-1\" \/>\n<link rel=\"canonical\" href=\"https:\/\/www.geostru.eu\/ro\/shop\/software-ro\/geomecanica\/proiectii-stereografice-de-mecanica-a-rocilor\/\" \/>\n<meta property=\"og:locale\" content=\"ro_RO\" \/>\n<meta property=\"og:type\" content=\"article\" \/>\n<meta property=\"og:title\" content=\"Proiec\u021bii stereografice de mecanic\u0103 a rocilor - GMS\" \/>\n<meta property=\"og:description\" content=\"GeoMechanical Survey reprezint\u0103 \u0219i proceseaz\u0103 studiul geostructural al articula\u021biilor masivelor de roc\u0103 realizat in-situ \u00een conformitate cu recomand\u0103rile ISRM.\" \/>\n<meta property=\"og:url\" content=\"https:\/\/www.geostru.eu\/ro\/shop\/software-ro\/geomecanica\/proiectii-stereografice-de-mecanica-a-rocilor\/\" \/>\n<meta property=\"og:site_name\" content=\"GeoStru EU\" \/>\n<meta property=\"article:publisher\" content=\"https:\/\/www.facebook.com\/GeoStruSoftware\/\" \/>\n<meta property=\"article:modified_time\" content=\"2026-04-11T05:24:20+00:00\" \/>\n<meta property=\"og:image\" content=\"https:\/\/www.geostru.eu\/wp-content\/uploads\/2013\/12\/GMS.png\" \/>\n\t<meta property=\"og:image:width\" content=\"1936\" \/>\n\t<meta property=\"og:image:height\" content=\"1040\" \/>\n\t<meta property=\"og:image:type\" content=\"image\/png\" \/>\n<meta name=\"twitter:card\" content=\"summary_large_image\" \/>\n<meta name=\"twitter:site\" content=\"@geostru\" \/>\n<meta name=\"twitter:label1\" content=\"Pre\u021b\" \/>\n\t<meta name=\"twitter:data1\" content=\"&euro;290.00 f\u0103r\u0103 TVA\" \/>\n\t<meta name=\"twitter:label2\" content=\"Disponibilitate\" \/>\n\t<meta name=\"twitter:data2\" content=\"\u00cen stoc\" \/>\n<script type=\"application\/ld+json\" class=\"yoast-schema-graph\">{\"@context\":\"https:\/\/schema.org\",\"@graph\":[{\"@type\":\"WebPage\",\"@id\":\"https:\/\/www.geostru.eu\/ro\/shop\/software-ro\/geomecanica\/proiectii-stereografice-de-mecanica-a-rocilor\/\",\"url\":\"https:\/\/www.geostru.eu\/ro\/shop\/software-ro\/geomecanica\/proiectii-stereografice-de-mecanica-a-rocilor\/\",\"name\":\"Proiec\u021bii stereografice de mecanic\u0103 a rocilor - GMS - GeoStru EU\",\"isPartOf\":{\"@id\":\"https:\/\/www.geostru.eu\/ro\/#website\"},\"primaryImageOfPage\":{\"@id\":\"https:\/\/www.geostru.eu\/ro\/shop\/software-ro\/geomecanica\/proiectii-stereografice-de-mecanica-a-rocilor\/#primaryimage\"},\"image\":{\"@id\":\"https:\/\/www.geostru.eu\/ro\/shop\/software-ro\/geomecanica\/proiectii-stereografice-de-mecanica-a-rocilor\/#primaryimage\"},\"thumbnailUrl\":\"https:\/\/www.geostru.eu\/wp-content\/uploads\/2013\/12\/GMS.png\",\"datePublished\":\"2014-11-19T17:30:03+00:00\",\"dateModified\":\"2026-04-11T05:24:20+00:00\",\"description\":\"GeoMechanical Survey reprezint\u0103 \u0219i proceseaz\u0103 studiul geostructural al articula\u021biilor masivelor de roc\u0103 realizat in-situ \u00een conformitate cu recomand\u0103rile ISRM.\",\"breadcrumb\":{\"@id\":\"https:\/\/www.geostru.eu\/ro\/shop\/software-ro\/geomecanica\/proiectii-stereografice-de-mecanica-a-rocilor\/#breadcrumb\"},\"inLanguage\":\"ro-RO\",\"potentialAction\":[{\"@type\":\"ReadAction\",\"target\":[\"https:\/\/www.geostru.eu\/ro\/shop\/software-ro\/geomecanica\/proiectii-stereografice-de-mecanica-a-rocilor\/\"]}]},{\"@type\":\"ImageObject\",\"inLanguage\":\"ro-RO\",\"@id\":\"https:\/\/www.geostru.eu\/ro\/shop\/software-ro\/geomecanica\/proiectii-stereografice-de-mecanica-a-rocilor\/#primaryimage\",\"url\":\"https:\/\/www.geostru.eu\/wp-content\/uploads\/2013\/12\/GMS.png\",\"contentUrl\":\"https:\/\/www.geostru.eu\/wp-content\/uploads\/2013\/12\/GMS.png\",\"width\":1936,\"height\":1040},{\"@type\":\"BreadcrumbList\",\"@id\":\"https:\/\/www.geostru.eu\/ro\/shop\/software-ro\/geomecanica\/proiectii-stereografice-de-mecanica-a-rocilor\/#breadcrumb\",\"itemListElement\":[{\"@type\":\"ListItem\",\"position\":1,\"name\":\"Home\",\"item\":\"https:\/\/www.geostru.eu\/ro\/\"},{\"@type\":\"ListItem\",\"position\":2,\"name\":\"Shop\",\"item\":\"https:\/\/www.geostru.eu\/shop\/?lang=ro\"},{\"@type\":\"ListItem\",\"position\":3,\"name\":\"Proiec\u021bii stereografice de mecanic\u0103 a rocilor &#8211; GMS\"}]},{\"@type\":\"WebSite\",\"@id\":\"https:\/\/www.geostru.eu\/ro\/#website\",\"url\":\"https:\/\/www.geostru.eu\/ro\/\",\"name\":\"GeoStru EU\",\"description\":\"Professionals at your service\",\"publisher\":{\"@id\":\"https:\/\/www.geostru.eu\/ro\/#organization\"},\"potentialAction\":[{\"@type\":\"SearchAction\",\"target\":{\"@type\":\"EntryPoint\",\"urlTemplate\":\"https:\/\/www.geostru.eu\/ro\/?s={search_term_string}\"},\"query-input\":{\"@type\":\"PropertyValueSpecification\",\"valueRequired\":true,\"valueName\":\"search_term_string\"}}],\"inLanguage\":\"ro-RO\"},{\"@type\":\"Organization\",\"@id\":\"https:\/\/www.geostru.eu\/ro\/#organization\",\"name\":\"GeoStru EU\",\"url\":\"https:\/\/www.geostru.eu\/ro\/\",\"logo\":{\"@type\":\"ImageObject\",\"inLanguage\":\"ro-RO\",\"@id\":\"https:\/\/www.geostru.eu\/ro\/#\/schema\/logo\/image\/\",\"url\":\"https:\/\/www.geostru.eu\/wp-content\/uploads\/2023\/02\/LOGO_GEOSTRU_educational_banner.png\",\"contentUrl\":\"https:\/\/www.geostru.eu\/wp-content\/uploads\/2023\/02\/LOGO_GEOSTRU_educational_banner.png\",\"width\":363,\"height\":115,\"caption\":\"GeoStru EU\"},\"image\":{\"@id\":\"https:\/\/www.geostru.eu\/ro\/#\/schema\/logo\/image\/\"},\"sameAs\":[\"https:\/\/www.facebook.com\/GeoStruSoftware\/\",\"https:\/\/x.com\/geostru\",\"https:\/\/www.linkedin.com\/company\/2462488\/admin\/\",\"https:\/\/www.instagram.com\/geostru\/\"]}]}<\/script>\n<meta property=\"product:brand\" content=\"Geologie\" \/>\n<meta property=\"product:price:amount\" content=\"290.00\" \/>\n<meta property=\"product:price:currency\" content=\"EUR\" \/>\n<meta property=\"og:availability\" content=\"instock\" \/>\n<meta property=\"product:availability\" content=\"instock\" \/>\n<meta property=\"product:retailer_item_id\" content=\"52\" \/>\n<meta property=\"product:condition\" content=\"new\" \/>\n<!-- \/ Yoast SEO Premium plugin. -->","yoast_head_json":{"title":"Proiec\u021bii stereografice de mecanic\u0103 a rocilor - GMS - GeoStru EU","description":"GeoMechanical Survey reprezint\u0103 \u0219i proceseaz\u0103 studiul geostructural al articula\u021biilor masivelor de roc\u0103 realizat in-situ \u00een conformitate cu recomand\u0103rile ISRM.","robots":{"index":"index","follow":"follow","max-snippet":"max-snippet:-1","max-image-preview":"max-image-preview:large","max-video-preview":"max-video-preview:-1"},"canonical":"https:\/\/www.geostru.eu\/ro\/shop\/software-ro\/geomecanica\/proiectii-stereografice-de-mecanica-a-rocilor\/","og_locale":"ro_RO","og_type":"article","og_title":"Proiec\u021bii stereografice de mecanic\u0103 a rocilor - GMS","og_description":"GeoMechanical Survey reprezint\u0103 \u0219i proceseaz\u0103 studiul geostructural al articula\u021biilor masivelor de roc\u0103 realizat in-situ \u00een conformitate cu recomand\u0103rile ISRM.","og_url":"https:\/\/www.geostru.eu\/ro\/shop\/software-ro\/geomecanica\/proiectii-stereografice-de-mecanica-a-rocilor\/","og_site_name":"GeoStru EU","article_publisher":"https:\/\/www.facebook.com\/GeoStruSoftware\/","article_modified_time":"2026-04-11T05:24:20+00:00","og_image":[{"width":1936,"height":1040,"url":"https:\/\/www.geostru.eu\/wp-content\/uploads\/2013\/12\/GMS.png","type":"image\/png"}],"twitter_card":"summary_large_image","twitter_site":"@geostru","twitter_misc":{"Pre\u021b":"&euro;290.00 f\u0103r\u0103 TVA","Disponibilitate":"\u00cen stoc"},"schema":{"@context":"https:\/\/schema.org","@graph":[{"@type":"WebPage","@id":"https:\/\/www.geostru.eu\/ro\/shop\/software-ro\/geomecanica\/proiectii-stereografice-de-mecanica-a-rocilor\/","url":"https:\/\/www.geostru.eu\/ro\/shop\/software-ro\/geomecanica\/proiectii-stereografice-de-mecanica-a-rocilor\/","name":"Proiec\u021bii stereografice de mecanic\u0103 a rocilor - GMS - GeoStru EU","isPartOf":{"@id":"https:\/\/www.geostru.eu\/ro\/#website"},"primaryImageOfPage":{"@id":"https:\/\/www.geostru.eu\/ro\/shop\/software-ro\/geomecanica\/proiectii-stereografice-de-mecanica-a-rocilor\/#primaryimage"},"image":{"@id":"https:\/\/www.geostru.eu\/ro\/shop\/software-ro\/geomecanica\/proiectii-stereografice-de-mecanica-a-rocilor\/#primaryimage"},"thumbnailUrl":"https:\/\/www.geostru.eu\/wp-content\/uploads\/2013\/12\/GMS.png","datePublished":"2014-11-19T17:30:03+00:00","dateModified":"2026-04-11T05:24:20+00:00","description":"GeoMechanical Survey reprezint\u0103 \u0219i proceseaz\u0103 studiul geostructural al articula\u021biilor masivelor de roc\u0103 realizat in-situ \u00een conformitate cu recomand\u0103rile ISRM.","breadcrumb":{"@id":"https:\/\/www.geostru.eu\/ro\/shop\/software-ro\/geomecanica\/proiectii-stereografice-de-mecanica-a-rocilor\/#breadcrumb"},"inLanguage":"ro-RO","potentialAction":[{"@type":"ReadAction","target":["https:\/\/www.geostru.eu\/ro\/shop\/software-ro\/geomecanica\/proiectii-stereografice-de-mecanica-a-rocilor\/"]}]},{"@type":"ImageObject","inLanguage":"ro-RO","@id":"https:\/\/www.geostru.eu\/ro\/shop\/software-ro\/geomecanica\/proiectii-stereografice-de-mecanica-a-rocilor\/#primaryimage","url":"https:\/\/www.geostru.eu\/wp-content\/uploads\/2013\/12\/GMS.png","contentUrl":"https:\/\/www.geostru.eu\/wp-content\/uploads\/2013\/12\/GMS.png","width":1936,"height":1040},{"@type":"BreadcrumbList","@id":"https:\/\/www.geostru.eu\/ro\/shop\/software-ro\/geomecanica\/proiectii-stereografice-de-mecanica-a-rocilor\/#breadcrumb","itemListElement":[{"@type":"ListItem","position":1,"name":"Home","item":"https:\/\/www.geostru.eu\/ro\/"},{"@type":"ListItem","position":2,"name":"Shop","item":"https:\/\/www.geostru.eu\/shop\/?lang=ro"},{"@type":"ListItem","position":3,"name":"Proiec\u021bii stereografice de mecanic\u0103 a rocilor &#8211; GMS"}]},{"@type":"WebSite","@id":"https:\/\/www.geostru.eu\/ro\/#website","url":"https:\/\/www.geostru.eu\/ro\/","name":"GeoStru EU","description":"Professionals at your service","publisher":{"@id":"https:\/\/www.geostru.eu\/ro\/#organization"},"potentialAction":[{"@type":"SearchAction","target":{"@type":"EntryPoint","urlTemplate":"https:\/\/www.geostru.eu\/ro\/?s={search_term_string}"},"query-input":{"@type":"PropertyValueSpecification","valueRequired":true,"valueName":"search_term_string"}}],"inLanguage":"ro-RO"},{"@type":"Organization","@id":"https:\/\/www.geostru.eu\/ro\/#organization","name":"GeoStru EU","url":"https:\/\/www.geostru.eu\/ro\/","logo":{"@type":"ImageObject","inLanguage":"ro-RO","@id":"https:\/\/www.geostru.eu\/ro\/#\/schema\/logo\/image\/","url":"https:\/\/www.geostru.eu\/wp-content\/uploads\/2023\/02\/LOGO_GEOSTRU_educational_banner.png","contentUrl":"https:\/\/www.geostru.eu\/wp-content\/uploads\/2023\/02\/LOGO_GEOSTRU_educational_banner.png","width":363,"height":115,"caption":"GeoStru EU"},"image":{"@id":"https:\/\/www.geostru.eu\/ro\/#\/schema\/logo\/image\/"},"sameAs":["https:\/\/www.facebook.com\/GeoStruSoftware\/","https:\/\/x.com\/geostru","https:\/\/www.linkedin.com\/company\/2462488\/admin\/","https:\/\/www.instagram.com\/geostru\/"]}]},"product_brand":"Geologie","product_price_amount":"290.00","product_price_currency":"EUR","og_availability":"instock","product_availability":"instock","product_retailer_item_id":"52","product_condition":"new"},"_links":{"self":[{"href":"https:\/\/www.geostru.eu\/ro\/wp-json\/wp\/v2\/product\/3664"}],"collection":[{"href":"https:\/\/www.geostru.eu\/ro\/wp-json\/wp\/v2\/product"}],"about":[{"href":"https:\/\/www.geostru.eu\/ro\/wp-json\/wp\/v2\/types\/product"}],"replies":[{"embeddable":true,"href":"https:\/\/www.geostru.eu\/ro\/wp-json\/wp\/v2\/comments?post=3664"}],"wp:featuredmedia":[{"embeddable":true,"href":"https:\/\/www.geostru.eu\/ro\/wp-json\/wp\/v2\/media\/15220"}],"wp:attachment":[{"href":"https:\/\/www.geostru.eu\/ro\/wp-json\/wp\/v2\/media?parent=3664"}],"wp:term":[{"taxonomy":"product_cat","embeddable":true,"href":"https:\/\/www.geostru.eu\/ro\/wp-json\/wp\/v2\/product_cat?post=3664"},{"taxonomy":"product_tag","embeddable":true,"href":"https:\/\/www.geostru.eu\/ro\/wp-json\/wp\/v2\/product_tag?post=3664"}],"curies":[{"name":"wp","href":"https:\/\/api.w.org\/{rel}","templated":true}]}}