{"id":3652,"date":"2022-06-19T19:25:06","date_gmt":"2022-06-19T17:25:06","guid":{"rendered":"https:\/\/www.geostru.eu\/?post_type=product&#038;p=3652"},"modified":"2026-03-22T17:21:11","modified_gmt":"2026-03-22T16:21:11","slug":"georock-3d-simularea-caderilor-de-roci-3d","status":"publish","type":"product","link":"https:\/\/www.geostru.eu\/ro\/shop\/software-ro\/geotehnica-si-geologie\/georock-3d-simularea-caderilor-de-roci-3d\/","title":{"rendered":"Simularea c\u0103derilor de roci 3D &#8211; GeoRock 3D"},"content":{"rendered":"<p><strong>Geometrie versant<\/strong><br \/>\nModelarea versantului se realizeaz\u0103 prin intermediul unui plan cotat ce poate fi importat din diverse formate sau programe externe.<br \/>\nTriangula\u021bia este o component\u0103 foarte important\u0103 a analizei tridimensionale: se recomand\u0103 folosirea tehnicilor de triangula\u021bie de tip <strong>Delaunay Incremental<\/strong> sau <strong>triangula\u021bie anizotopic\u0103<\/strong>.<\/p>\n<p>\u00cen acest scop poate fi folosit programul GeoStru TriSpace dezvoltat cu specifica\u021bii topografice orientate spre studiul versan\u021bilor.<br \/>\nModelul tridimensional poate fi importat direct din cartografii prin intermediul (G.A.A.) Geostru Autocad Application.<\/p>\n<p><strong>Propriet\u0103\u021bile materialului<\/strong><br \/>\nVersantul este discretizat \u00een zone omogene av\u00e2nd acelea\u0219i caracteristici mecanice definite cu ajutorul coeficien\u021bilor de restituire normal \u0219i tangen\u021bial.<\/p>\n<p><strong>Geometria \u0219i propriet\u0103\u021bile blocului<\/strong><br \/>\nBlocul este caracterizat, din punct de vedere geometric, de forma sferic\u0103, cu mi\u0219care de rota\u021bie \u00een jurul baricentrului; din punct de vedere mecanic, este caracterizat de duritate \u0219i de mas\u0103.<\/p>\n<p><strong>Zona de lansare<\/strong><br \/>\nInputul zonei poten\u021bialelor desprinderi poate fi efectuat direct \u00een 3D, definind pentru fiecare posibil\u0103 desprindere viteza de plecare.<\/p>\n<p><strong>Calcul<\/strong><br \/>\nInforma\u021biile furnizate sunt: vizualizare grafic\u0103 tridimensional\u0103 a traiectoriei, viteza \u0219i energia.<\/p>\n<p><strong>Lucr\u0103ri de interven\u021bie<\/strong><br \/>\nLucr\u0103rile de interven\u021bie (protec\u021bie) pot fi inserate direct \u00een 3D, pozi\u021bionarea lor poate fi optimizat\u0103 datorit\u0103 vizualiz\u0103rii 3D a traiectoriei.<\/p>\n<p><strong>Arhiv\u0103 bariere<\/strong><br \/>\nSe poate crea o arhiv\u0103 de bariere pentru st\u00e2nci ce pot fi apoi inserate direct \u00een 3D.<\/p>\n<p><strong>Dimensionare lucr\u0103ri<\/strong><br \/>\nDimensionarea lucr\u0103rilor de interven\u021bie se poate efectua cu B.D. (BARRIER DESIGN), software pentru proiectarea \u0219i verificarea barierelor rigide \u0219i elastice, dezvoltat de GeoStru Software.<\/p>\n<p><strong>Interfa\u021bare<\/strong><br \/>\nProgramul se interfa\u021beaz\u0103 cu programele GeoStru TriSpace \u0219i GeoRock 2D.<\/p>\n","protected":false},"excerpt":{"rendered":"<p style=\"text-align: justify;\"><strong>GeoRock 3D<\/strong> permite efectuarea analizei spa\u021biale pentru c\u0103deri de roci \u0219i proiectarea optimizat\u0103 a lucr\u0103rilor de interven\u021bie folosind un algoritm sofisticat pentru analiza spatial\u0103.<\/p>\n<p style=\"text-align: justify;\">\n","protected":false},"featured_media":15216,"comment_status":"open","ping_status":"closed","template":"","meta":[],"product_cat":[202,85,83],"product_tag":[],"class_list":{"0":"post-3652","1":"product","2":"type-product","3":"status-publish","4":"has-post-thumbnail","6":"product_cat-software-ro","7":"product_cat-geotehnica-si-geologie","8":"product_cat-geomecanica","9":"pa_product-professional-ro-2","10":"pa_product-subscription-1-year1","11":"description-off","13":"first","14":"instock","15":"downloadable","16":"virtual","17":"sold-individually","18":"taxable","19":"purchasable","20":"product-type-licensed"},"yoast_head":"<!-- This site is optimized with the Yoast SEO Premium plugin v25.0 (Yoast SEO v25.0) - https:\/\/yoast.com\/wordpress\/plugins\/seo\/ -->\n<title>Simularea c\u0103derilor de roci 3D - GeoRock 3D - GeoStru EU<\/title>\n<meta name=\"description\" content=\"GeoRock 3D permite efectuarea analizei spatiale pentru caderi de roci si proiectarea optimizat\u00e3 a lucr\u00e3rilor de interventie folosind un algoritm sofisticat pentru analiza spatial\u00e3.\" \/>\n<meta name=\"robots\" content=\"index, follow, max-snippet:-1, max-image-preview:large, max-video-preview:-1\" \/>\n<link rel=\"canonical\" href=\"https:\/\/www.geostru.eu\/ro\/shop\/software-ro\/geotehnica-si-geologie\/georock-3d-simularea-caderilor-de-roci-3d\/\" \/>\n<meta property=\"og:locale\" content=\"ro_RO\" \/>\n<meta property=\"og:type\" content=\"article\" \/>\n<meta property=\"og:title\" content=\"Simularea c\u0103derilor de roci 3D - GeoRock 3D\" \/>\n<meta property=\"og:description\" content=\"GeoRock 3D permite efectuarea analizei spatiale pentru caderi de roci si proiectarea optimizat\u00e3 a lucr\u00e3rilor de interventie folosind un algoritm sofisticat pentru analiza spatial\u00e3.\" \/>\n<meta property=\"og:url\" content=\"https:\/\/www.geostru.eu\/ro\/shop\/software-ro\/geotehnica-si-geologie\/georock-3d-simularea-caderilor-de-roci-3d\/\" \/>\n<meta property=\"og:site_name\" content=\"GeoStru EU\" \/>\n<meta property=\"article:publisher\" content=\"https:\/\/www.facebook.com\/GeoStruSoftware\/\" \/>\n<meta property=\"article:modified_time\" content=\"2026-03-22T16:21:11+00:00\" \/>\n<meta property=\"og:image\" content=\"https:\/\/www.geostru.eu\/wp-content\/uploads\/2022\/06\/georock-3d-social-ro.jpg\" \/>\n\t<meta property=\"og:image:width\" content=\"1200\" \/>\n\t<meta property=\"og:image:height\" content=\"630\" \/>\n\t<meta property=\"og:image:type\" content=\"image\/jpeg\" \/>\n<meta name=\"twitter:card\" content=\"summary_large_image\" \/>\n<meta name=\"twitter:site\" content=\"@geostru\" \/>\n<meta name=\"twitter:label1\" content=\"Pre\u021b\" \/>\n\t<meta name=\"twitter:data1\" content=\"&euro;480.00 f\u0103r\u0103 TVA\" \/>\n\t<meta name=\"twitter:label2\" content=\"Disponibilitate\" \/>\n\t<meta name=\"twitter:data2\" content=\"\u00cen stoc\" \/>\n<script type=\"application\/ld+json\" class=\"yoast-schema-graph\">{\"@context\":\"https:\/\/schema.org\",\"@graph\":[{\"@type\":\"WebPage\",\"@id\":\"https:\/\/www.geostru.eu\/ro\/shop\/software-ro\/geotehnica-si-geologie\/georock-3d-simularea-caderilor-de-roci-3d\/\",\"url\":\"https:\/\/www.geostru.eu\/ro\/shop\/software-ro\/geotehnica-si-geologie\/georock-3d-simularea-caderilor-de-roci-3d\/\",\"name\":\"Simularea c\u0103derilor de roci 3D - GeoRock 3D - GeoStru EU\",\"isPartOf\":{\"@id\":\"https:\/\/www.geostru.eu\/ro\/#website\"},\"primaryImageOfPage\":{\"@id\":\"https:\/\/www.geostru.eu\/ro\/shop\/software-ro\/geotehnica-si-geologie\/georock-3d-simularea-caderilor-de-roci-3d\/#primaryimage\"},\"image\":{\"@id\":\"https:\/\/www.geostru.eu\/ro\/shop\/software-ro\/geotehnica-si-geologie\/georock-3d-simularea-caderilor-de-roci-3d\/#primaryimage\"},\"thumbnailUrl\":\"https:\/\/www.geostru.eu\/wp-content\/uploads\/2013\/12\/Georock_3D.png\",\"datePublished\":\"2022-06-19T17:25:06+00:00\",\"dateModified\":\"2026-03-22T16:21:11+00:00\",\"description\":\"GeoRock 3D permite efectuarea analizei spatiale pentru caderi de roci si proiectarea optimizat\u00e3 a lucr\u00e3rilor de interventie folosind un algoritm sofisticat pentru analiza spatial\u00e3.\",\"breadcrumb\":{\"@id\":\"https:\/\/www.geostru.eu\/ro\/shop\/software-ro\/geotehnica-si-geologie\/georock-3d-simularea-caderilor-de-roci-3d\/#breadcrumb\"},\"inLanguage\":\"ro-RO\",\"potentialAction\":[{\"@type\":\"ReadAction\",\"target\":[\"https:\/\/www.geostru.eu\/ro\/shop\/software-ro\/geotehnica-si-geologie\/georock-3d-simularea-caderilor-de-roci-3d\/\"]}]},{\"@type\":\"ImageObject\",\"inLanguage\":\"ro-RO\",\"@id\":\"https:\/\/www.geostru.eu\/ro\/shop\/software-ro\/geotehnica-si-geologie\/georock-3d-simularea-caderilor-de-roci-3d\/#primaryimage\",\"url\":\"https:\/\/www.geostru.eu\/wp-content\/uploads\/2013\/12\/Georock_3D.png\",\"contentUrl\":\"https:\/\/www.geostru.eu\/wp-content\/uploads\/2013\/12\/Georock_3D.png\",\"width\":1936,\"height\":1040,\"caption\":\"caduta massi 3D georock 3D geostru\"},{\"@type\":\"BreadcrumbList\",\"@id\":\"https:\/\/www.geostru.eu\/ro\/shop\/software-ro\/geotehnica-si-geologie\/georock-3d-simularea-caderilor-de-roci-3d\/#breadcrumb\",\"itemListElement\":[{\"@type\":\"ListItem\",\"position\":1,\"name\":\"Home\",\"item\":\"https:\/\/www.geostru.eu\/ro\/\"},{\"@type\":\"ListItem\",\"position\":2,\"name\":\"Shop\",\"item\":\"https:\/\/www.geostru.eu\/shop\/?lang=ro\"},{\"@type\":\"ListItem\",\"position\":3,\"name\":\"Simularea c\u0103derilor de roci 3D &#8211; GeoRock 3D\"}]},{\"@type\":\"WebSite\",\"@id\":\"https:\/\/www.geostru.eu\/ro\/#website\",\"url\":\"https:\/\/www.geostru.eu\/ro\/\",\"name\":\"GeoStru EU\",\"description\":\"Professionals at your service\",\"publisher\":{\"@id\":\"https:\/\/www.geostru.eu\/ro\/#organization\"},\"potentialAction\":[{\"@type\":\"SearchAction\",\"target\":{\"@type\":\"EntryPoint\",\"urlTemplate\":\"https:\/\/www.geostru.eu\/ro\/?s={search_term_string}\"},\"query-input\":{\"@type\":\"PropertyValueSpecification\",\"valueRequired\":true,\"valueName\":\"search_term_string\"}}],\"inLanguage\":\"ro-RO\"},{\"@type\":\"Organization\",\"@id\":\"https:\/\/www.geostru.eu\/ro\/#organization\",\"name\":\"GeoStru EU\",\"url\":\"https:\/\/www.geostru.eu\/ro\/\",\"logo\":{\"@type\":\"ImageObject\",\"inLanguage\":\"ro-RO\",\"@id\":\"https:\/\/www.geostru.eu\/ro\/#\/schema\/logo\/image\/\",\"url\":\"https:\/\/www.geostru.eu\/wp-content\/uploads\/2023\/02\/LOGO_GEOSTRU_educational_banner.png\",\"contentUrl\":\"https:\/\/www.geostru.eu\/wp-content\/uploads\/2023\/02\/LOGO_GEOSTRU_educational_banner.png\",\"width\":363,\"height\":115,\"caption\":\"GeoStru EU\"},\"image\":{\"@id\":\"https:\/\/www.geostru.eu\/ro\/#\/schema\/logo\/image\/\"},\"sameAs\":[\"https:\/\/www.facebook.com\/GeoStruSoftware\/\",\"https:\/\/x.com\/geostru\",\"https:\/\/www.linkedin.com\/company\/2462488\/admin\/\",\"https:\/\/www.instagram.com\/geostru\/\"]}]}<\/script>\n<meta property=\"product:brand\" content=\"Geotehnic\u0103\" \/>\n<meta property=\"product:price:amount\" content=\"480.00\" \/>\n<meta property=\"product:price:currency\" content=\"EUR\" \/>\n<meta property=\"og:availability\" content=\"instock\" \/>\n<meta property=\"product:availability\" content=\"instock\" \/>\n<meta property=\"product:retailer_item_id\" content=\"16\" \/>\n<meta property=\"product:condition\" content=\"new\" \/>\n<!-- \/ Yoast SEO Premium plugin. -->","yoast_head_json":{"title":"Simularea c\u0103derilor de roci 3D - GeoRock 3D - GeoStru EU","description":"GeoRock 3D permite efectuarea analizei spatiale pentru caderi de roci si proiectarea optimizat\u00e3 a lucr\u00e3rilor de interventie folosind un algoritm sofisticat pentru analiza spatial\u00e3.","robots":{"index":"index","follow":"follow","max-snippet":"max-snippet:-1","max-image-preview":"max-image-preview:large","max-video-preview":"max-video-preview:-1"},"canonical":"https:\/\/www.geostru.eu\/ro\/shop\/software-ro\/geotehnica-si-geologie\/georock-3d-simularea-caderilor-de-roci-3d\/","og_locale":"ro_RO","og_type":"article","og_title":"Simularea c\u0103derilor de roci 3D - GeoRock 3D","og_description":"GeoRock 3D permite efectuarea analizei spatiale pentru caderi de roci si proiectarea optimizat\u00e3 a lucr\u00e3rilor de interventie folosind un algoritm sofisticat pentru analiza spatial\u00e3.","og_url":"https:\/\/www.geostru.eu\/ro\/shop\/software-ro\/geotehnica-si-geologie\/georock-3d-simularea-caderilor-de-roci-3d\/","og_site_name":"GeoStru EU","article_publisher":"https:\/\/www.facebook.com\/GeoStruSoftware\/","article_modified_time":"2026-03-22T16:21:11+00:00","og_image":[{"width":1200,"height":630,"url":"https:\/\/www.geostru.eu\/wp-content\/uploads\/2022\/06\/georock-3d-social-ro.jpg","type":"image\/jpeg"}],"twitter_card":"summary_large_image","twitter_site":"@geostru","twitter_misc":{"Pre\u021b":"&euro;480.00 f\u0103r\u0103 TVA","Disponibilitate":"\u00cen stoc"},"schema":{"@context":"https:\/\/schema.org","@graph":[{"@type":"WebPage","@id":"https:\/\/www.geostru.eu\/ro\/shop\/software-ro\/geotehnica-si-geologie\/georock-3d-simularea-caderilor-de-roci-3d\/","url":"https:\/\/www.geostru.eu\/ro\/shop\/software-ro\/geotehnica-si-geologie\/georock-3d-simularea-caderilor-de-roci-3d\/","name":"Simularea c\u0103derilor de roci 3D - GeoRock 3D - GeoStru EU","isPartOf":{"@id":"https:\/\/www.geostru.eu\/ro\/#website"},"primaryImageOfPage":{"@id":"https:\/\/www.geostru.eu\/ro\/shop\/software-ro\/geotehnica-si-geologie\/georock-3d-simularea-caderilor-de-roci-3d\/#primaryimage"},"image":{"@id":"https:\/\/www.geostru.eu\/ro\/shop\/software-ro\/geotehnica-si-geologie\/georock-3d-simularea-caderilor-de-roci-3d\/#primaryimage"},"thumbnailUrl":"https:\/\/www.geostru.eu\/wp-content\/uploads\/2013\/12\/Georock_3D.png","datePublished":"2022-06-19T17:25:06+00:00","dateModified":"2026-03-22T16:21:11+00:00","description":"GeoRock 3D permite efectuarea analizei spatiale pentru caderi de roci si proiectarea optimizat\u00e3 a lucr\u00e3rilor de interventie folosind un algoritm sofisticat pentru analiza spatial\u00e3.","breadcrumb":{"@id":"https:\/\/www.geostru.eu\/ro\/shop\/software-ro\/geotehnica-si-geologie\/georock-3d-simularea-caderilor-de-roci-3d\/#breadcrumb"},"inLanguage":"ro-RO","potentialAction":[{"@type":"ReadAction","target":["https:\/\/www.geostru.eu\/ro\/shop\/software-ro\/geotehnica-si-geologie\/georock-3d-simularea-caderilor-de-roci-3d\/"]}]},{"@type":"ImageObject","inLanguage":"ro-RO","@id":"https:\/\/www.geostru.eu\/ro\/shop\/software-ro\/geotehnica-si-geologie\/georock-3d-simularea-caderilor-de-roci-3d\/#primaryimage","url":"https:\/\/www.geostru.eu\/wp-content\/uploads\/2013\/12\/Georock_3D.png","contentUrl":"https:\/\/www.geostru.eu\/wp-content\/uploads\/2013\/12\/Georock_3D.png","width":1936,"height":1040,"caption":"caduta massi 3D georock 3D geostru"},{"@type":"BreadcrumbList","@id":"https:\/\/www.geostru.eu\/ro\/shop\/software-ro\/geotehnica-si-geologie\/georock-3d-simularea-caderilor-de-roci-3d\/#breadcrumb","itemListElement":[{"@type":"ListItem","position":1,"name":"Home","item":"https:\/\/www.geostru.eu\/ro\/"},{"@type":"ListItem","position":2,"name":"Shop","item":"https:\/\/www.geostru.eu\/shop\/?lang=ro"},{"@type":"ListItem","position":3,"name":"Simularea c\u0103derilor de roci 3D &#8211; GeoRock 3D"}]},{"@type":"WebSite","@id":"https:\/\/www.geostru.eu\/ro\/#website","url":"https:\/\/www.geostru.eu\/ro\/","name":"GeoStru EU","description":"Professionals at your service","publisher":{"@id":"https:\/\/www.geostru.eu\/ro\/#organization"},"potentialAction":[{"@type":"SearchAction","target":{"@type":"EntryPoint","urlTemplate":"https:\/\/www.geostru.eu\/ro\/?s={search_term_string}"},"query-input":{"@type":"PropertyValueSpecification","valueRequired":true,"valueName":"search_term_string"}}],"inLanguage":"ro-RO"},{"@type":"Organization","@id":"https:\/\/www.geostru.eu\/ro\/#organization","name":"GeoStru EU","url":"https:\/\/www.geostru.eu\/ro\/","logo":{"@type":"ImageObject","inLanguage":"ro-RO","@id":"https:\/\/www.geostru.eu\/ro\/#\/schema\/logo\/image\/","url":"https:\/\/www.geostru.eu\/wp-content\/uploads\/2023\/02\/LOGO_GEOSTRU_educational_banner.png","contentUrl":"https:\/\/www.geostru.eu\/wp-content\/uploads\/2023\/02\/LOGO_GEOSTRU_educational_banner.png","width":363,"height":115,"caption":"GeoStru EU"},"image":{"@id":"https:\/\/www.geostru.eu\/ro\/#\/schema\/logo\/image\/"},"sameAs":["https:\/\/www.facebook.com\/GeoStruSoftware\/","https:\/\/x.com\/geostru","https:\/\/www.linkedin.com\/company\/2462488\/admin\/","https:\/\/www.instagram.com\/geostru\/"]}]},"product_brand":"Geotehnic\u0103","product_price_amount":"480.00","product_price_currency":"EUR","og_availability":"instock","product_availability":"instock","product_retailer_item_id":"16","product_condition":"new"},"_links":{"self":[{"href":"https:\/\/www.geostru.eu\/ro\/wp-json\/wp\/v2\/product\/3652"}],"collection":[{"href":"https:\/\/www.geostru.eu\/ro\/wp-json\/wp\/v2\/product"}],"about":[{"href":"https:\/\/www.geostru.eu\/ro\/wp-json\/wp\/v2\/types\/product"}],"replies":[{"embeddable":true,"href":"https:\/\/www.geostru.eu\/ro\/wp-json\/wp\/v2\/comments?post=3652"}],"wp:featuredmedia":[{"embeddable":true,"href":"https:\/\/www.geostru.eu\/ro\/wp-json\/wp\/v2\/media\/15216"}],"wp:attachment":[{"href":"https:\/\/www.geostru.eu\/ro\/wp-json\/wp\/v2\/media?parent=3652"}],"wp:term":[{"taxonomy":"product_cat","embeddable":true,"href":"https:\/\/www.geostru.eu\/ro\/wp-json\/wp\/v2\/product_cat?post=3652"},{"taxonomy":"product_tag","embeddable":true,"href":"https:\/\/www.geostru.eu\/ro\/wp-json\/wp\/v2\/product_tag?post=3652"}],"curies":[{"name":"wp","href":"https:\/\/api.w.org\/{rel}","templated":true}]}}