{"id":3634,"date":"2022-06-19T18:23:27","date_gmt":"2022-06-19T16:23:27","guid":{"rendered":"https:\/\/www.geostru.eu\/?post_type=product&#038;p=3634"},"modified":"2025-09-19T15:52:18","modified_gmt":"2025-09-19T13:52:18","slug":"gerock-2d-simularea-caderilor-de-roci-2d","status":"publish","type":"product","link":"https:\/\/www.geostru.eu\/ro\/shop\/software-ro\/geomecanica\/gerock-2d-simularea-caderilor-de-roci-2d\/","title":{"rendered":"Simularea c\u0103derilor de roci 2D &#8211; GeoRock 2D"},"content":{"rendered":"<p>Studiul geologic al c\u0103derilor de roci prevede zonalizarea longitudinal\u0103 a traiectoriilor de c\u0103dere subdiviz\u00e2ndu-le \u00een trei zone:<\/p>\n<ul>\n<li>de tranzit \u0219i de oprire a 70% din blocuri<\/li>\n<li>de oprire a 90% din blocuri<\/li>\n<li>de oprire a 100% din blocuri<\/li>\n<li>Acestor zone le sunt apoi desemnate clasele de periculozitate relativ\u0103.<\/li>\n<\/ul>\n<p><strong>INPUT DATE<\/strong><\/p>\n<ul>\n<li>Input grafic cu ajutorul mouse-ului<\/li>\n<li>Input numeric \u00een form\u0103 tabelar\u0103<\/li>\n<li>Citirea datelor din EXCEL<\/li>\n<li>Citirea datelor din fi\u0219iere DXF<\/li>\n<li>Citirea sec\u021biunilor din TRISPACE<\/li>\n<li>Import de imagini raster<\/li>\n<\/ul>\n<p><strong>METODE DE CALCUL<\/strong><\/p>\n<ul>\n<li>Metoda CRSP <em>(Colorado Rockfall Simulation Program)<\/em><\/li>\n<li>Metoda LUMPED MASS<\/li>\n<\/ul>\n<p><strong>LUCR\u0102RI DE INTERVEN\u021aIE<\/strong><\/p>\n<ul>\n<li>Bariere de form\u0103 generic\u0103<\/li>\n<\/ul>\n<p><strong>OP\u021aIUNI DE CALCUL \u0218I OP\u021aIUNI GRAFICE<\/strong><\/p>\n<ul>\n<li>Tipul calculului: statistic, deterministic<\/li>\n<li>Forma blocului: sfer\u0103, cilindru, disc<\/li>\n<li>Func\u021bia st\u00e2ncii prins\u0103 de taluz<\/li>\n<li>Func\u021bia barierei prins\u0103 de taluz<\/li>\n<li>Desprindere punctual\u0103 a unui bloc sau definirea unei zone de desprinderi<\/li>\n<li>Individualizarea automat\u0103 a punctelor de desprindere<\/li>\n<li>Vizualizarea animat\u0103 a impactelor \u0219i salturilor<\/li>\n<li>Vizualizarea tuturor traiectoriilor calculate<\/li>\n<li>Selec\u021bionarea unei traiectorii generice<\/li>\n<li>Informa\u021bii asupra energiei, vitezei, timpului de zbor \u0219i \u00een\u0103l\u021bimii parabolei \u00een orice punct al traiectoriei<\/li>\n<li>Vizualizarea parametrilor cinematici \u00een coresponden\u021b\u0103 cu barierele<\/li>\n<li>Traiectoriile pot fi vizualizate prin intermediul mouse-ului<\/li>\n<\/ul>\n<p>Georock 2D se interfa\u021beaz\u0103 cu Georock 3D pentru analiza tridimensional\u0103 a c\u0103derilor de roci.<\/p>\n","protected":false},"excerpt":{"rendered":"<p style=\"text-align: justify;\">Software pentru simularea c\u0103derilor de roci cu modelele <strong>Lumped Mass<\/strong>\u00a0\u0219i <strong>CRSP<\/strong>.<br \/>\nPentru modelul Lumped Mass ipotezele de calcul sunt: diagrama bidimensional\u0103 \u00een care profilul taluzului este format dintr-un num\u0103r de segmente rectilinii; blocul este considerat punctiform iar rezisten\u021ba aerului neglijabil\u0103.<br \/>\nModelul CRSP (Colorado Rockfall Simulation Program) a fost realizat de c\u0103tre Pfeiffer \u0219i Bowen (1989) cu scopul de a modela miscarea de c\u0103dere a blocurilor de form\u0103 sferic\u0103, cilindric\u0103 sau \u00een form\u0103 de disc, cu sec\u021biune circular\u0103, \u00een planul vertical al mi\u0219c\u0103rii. Exactitatea modelului a fost verificat\u0103 prin intermediul compar\u0103rii rezultatelor numerice \u0219i \u00eencerc\u0103rilor din teren.<br \/>\nProgramul are interfa\u021b\u0103 cu TRISPACE pentru generarea automat\u0103 a sec\u021biunilor plec\u00e2nd de la un plan cotat sau de la imagini raster.<\/p>\n<p style=\"text-align: justify;\">\n","protected":false},"featured_media":3645,"comment_status":"open","ping_status":"closed","template":"","meta":[],"product_cat":[202,83],"product_tag":[],"class_list":{"0":"post-3634","1":"product","2":"type-product","3":"status-publish","4":"has-post-thumbnail","6":"product_cat-software-ro","7":"product_cat-geomecanica","8":"pa_product-professional-ro-2","9":"pa_product-subscription-1-year1","10":"description-off","12":"first","13":"instock","14":"downloadable","15":"virtual","16":"sold-individually","17":"taxable","18":"purchasable","19":"product-type-licensed"},"yoast_head":"<!-- This site is optimized with the Yoast SEO Premium plugin v25.0 (Yoast SEO v25.0) - https:\/\/yoast.com\/wordpress\/plugins\/seo\/ -->\n<title>Simularea c\u0103derilor de roci 2D - GeoRock 2D - GeoStru EU<\/title>\n<meta name=\"description\" content=\"Software pentru calcul si simulare caderi de roci cu modelele Lumped Mass si CRSP.\" \/>\n<meta name=\"robots\" content=\"index, follow, max-snippet:-1, max-image-preview:large, max-video-preview:-1\" \/>\n<link rel=\"canonical\" href=\"https:\/\/www.geostru.eu\/ro\/shop\/software-ro\/geomecanica\/gerock-2d-simularea-caderilor-de-roci-2d\/\" \/>\n<meta property=\"og:locale\" content=\"ro_RO\" \/>\n<meta property=\"og:type\" content=\"article\" \/>\n<meta property=\"og:title\" content=\"Simularea c\u0103derilor de roci 2D - GeoRock 2D\" \/>\n<meta property=\"og:description\" content=\"Software pentru calcul si simulare caderi de roci cu modelele Lumped Mass si CRSP.\" \/>\n<meta property=\"og:url\" content=\"https:\/\/www.geostru.eu\/ro\/shop\/software-ro\/geomecanica\/gerock-2d-simularea-caderilor-de-roci-2d\/\" \/>\n<meta property=\"og:site_name\" content=\"GeoStru EU\" \/>\n<meta property=\"article:publisher\" content=\"https:\/\/www.facebook.com\/GeoStruSoftware\/\" \/>\n<meta property=\"article:modified_time\" content=\"2025-09-19T13:52:18+00:00\" \/>\n<meta property=\"og:image\" content=\"https:\/\/www.geostru.eu\/wp-content\/uploads\/2024\/06\/georock-2d-social-ro.jpg\" \/>\n\t<meta property=\"og:image:width\" content=\"1200\" \/>\n\t<meta property=\"og:image:height\" content=\"630\" \/>\n\t<meta property=\"og:image:type\" content=\"image\/jpeg\" \/>\n<meta name=\"twitter:card\" content=\"summary_large_image\" \/>\n<meta name=\"twitter:site\" content=\"@geostru\" \/>\n<meta name=\"twitter:label1\" content=\"Pre\u021b\" \/>\n\t<meta name=\"twitter:data1\" content=\"&euro;480.00 f\u0103r\u0103 TVA\" \/>\n\t<meta name=\"twitter:label2\" content=\"Disponibilitate\" \/>\n\t<meta name=\"twitter:data2\" content=\"\u00cen stoc\" \/>\n<script type=\"application\/ld+json\" class=\"yoast-schema-graph\">{\"@context\":\"https:\/\/schema.org\",\"@graph\":[{\"@type\":\"WebPage\",\"@id\":\"https:\/\/www.geostru.eu\/ro\/shop\/software-ro\/geomecanica\/gerock-2d-simularea-caderilor-de-roci-2d\/\",\"url\":\"https:\/\/www.geostru.eu\/ro\/shop\/software-ro\/geomecanica\/gerock-2d-simularea-caderilor-de-roci-2d\/\",\"name\":\"Simularea c\u0103derilor de roci 2D - GeoRock 2D - GeoStru EU\",\"isPartOf\":{\"@id\":\"https:\/\/www.geostru.eu\/ro\/#website\"},\"primaryImageOfPage\":{\"@id\":\"https:\/\/www.geostru.eu\/ro\/shop\/software-ro\/geomecanica\/gerock-2d-simularea-caderilor-de-roci-2d\/#primaryimage\"},\"image\":{\"@id\":\"https:\/\/www.geostru.eu\/ro\/shop\/software-ro\/geomecanica\/gerock-2d-simularea-caderilor-de-roci-2d\/#primaryimage\"},\"thumbnailUrl\":\"https:\/\/www.geostru.eu\/wp-content\/uploads\/2013\/12\/georock_2d_1_1800.png\",\"datePublished\":\"2022-06-19T16:23:27+00:00\",\"dateModified\":\"2025-09-19T13:52:18+00:00\",\"description\":\"Software pentru calcul si simulare caderi de roci cu modelele Lumped Mass si CRSP.\",\"breadcrumb\":{\"@id\":\"https:\/\/www.geostru.eu\/ro\/shop\/software-ro\/geomecanica\/gerock-2d-simularea-caderilor-de-roci-2d\/#breadcrumb\"},\"inLanguage\":\"ro-RO\",\"potentialAction\":[{\"@type\":\"ReadAction\",\"target\":[\"https:\/\/www.geostru.eu\/ro\/shop\/software-ro\/geomecanica\/gerock-2d-simularea-caderilor-de-roci-2d\/\"]}]},{\"@type\":\"ImageObject\",\"inLanguage\":\"ro-RO\",\"@id\":\"https:\/\/www.geostru.eu\/ro\/shop\/software-ro\/geomecanica\/gerock-2d-simularea-caderilor-de-roci-2d\/#primaryimage\",\"url\":\"https:\/\/www.geostru.eu\/wp-content\/uploads\/2013\/12\/georock_2d_1_1800.png\",\"contentUrl\":\"https:\/\/www.geostru.eu\/wp-content\/uploads\/2013\/12\/georock_2d_1_1800.png\",\"width\":800,\"height\":433,\"caption\":\"caderi de roci\"},{\"@type\":\"BreadcrumbList\",\"@id\":\"https:\/\/www.geostru.eu\/ro\/shop\/software-ro\/geomecanica\/gerock-2d-simularea-caderilor-de-roci-2d\/#breadcrumb\",\"itemListElement\":[{\"@type\":\"ListItem\",\"position\":1,\"name\":\"Home\",\"item\":\"https:\/\/www.geostru.eu\/ro\/\"},{\"@type\":\"ListItem\",\"position\":2,\"name\":\"Shop\",\"item\":\"https:\/\/www.geostru.eu\/shop\/?lang=ro\"},{\"@type\":\"ListItem\",\"position\":3,\"name\":\"Simularea c\u0103derilor de roci 2D &#8211; GeoRock 2D\"}]},{\"@type\":\"WebSite\",\"@id\":\"https:\/\/www.geostru.eu\/ro\/#website\",\"url\":\"https:\/\/www.geostru.eu\/ro\/\",\"name\":\"GeoStru EU\",\"description\":\"Professionals at your service\",\"publisher\":{\"@id\":\"https:\/\/www.geostru.eu\/ro\/#organization\"},\"potentialAction\":[{\"@type\":\"SearchAction\",\"target\":{\"@type\":\"EntryPoint\",\"urlTemplate\":\"https:\/\/www.geostru.eu\/ro\/?s={search_term_string}\"},\"query-input\":{\"@type\":\"PropertyValueSpecification\",\"valueRequired\":true,\"valueName\":\"search_term_string\"}}],\"inLanguage\":\"ro-RO\"},{\"@type\":\"Organization\",\"@id\":\"https:\/\/www.geostru.eu\/ro\/#organization\",\"name\":\"GeoStru EU\",\"url\":\"https:\/\/www.geostru.eu\/ro\/\",\"logo\":{\"@type\":\"ImageObject\",\"inLanguage\":\"ro-RO\",\"@id\":\"https:\/\/www.geostru.eu\/ro\/#\/schema\/logo\/image\/\",\"url\":\"https:\/\/www.geostru.eu\/wp-content\/uploads\/2023\/02\/LOGO_GEOSTRU_educational_banner.png\",\"contentUrl\":\"https:\/\/www.geostru.eu\/wp-content\/uploads\/2023\/02\/LOGO_GEOSTRU_educational_banner.png\",\"width\":363,\"height\":115,\"caption\":\"GeoStru EU\"},\"image\":{\"@id\":\"https:\/\/www.geostru.eu\/ro\/#\/schema\/logo\/image\/\"},\"sameAs\":[\"https:\/\/www.facebook.com\/GeoStruSoftware\/\",\"https:\/\/x.com\/geostru\",\"https:\/\/www.linkedin.com\/company\/2462488\/admin\/\",\"https:\/\/www.instagram.com\/geostru\/\"]}]}<\/script>\n<meta property=\"product:brand\" content=\"Geomecanic\u0103\" \/>\n<meta property=\"product:price:amount\" content=\"480.00\" \/>\n<meta property=\"product:price:currency\" content=\"EUR\" \/>\n<meta property=\"og:availability\" content=\"instock\" \/>\n<meta property=\"product:availability\" content=\"instock\" \/>\n<meta property=\"product:retailer_item_id\" content=\"15\" \/>\n<meta property=\"product:condition\" content=\"new\" \/>\n<!-- \/ Yoast SEO Premium plugin. -->","yoast_head_json":{"title":"Simularea c\u0103derilor de roci 2D - GeoRock 2D - GeoStru EU","description":"Software pentru calcul si simulare caderi de roci cu modelele Lumped Mass si CRSP.","robots":{"index":"index","follow":"follow","max-snippet":"max-snippet:-1","max-image-preview":"max-image-preview:large","max-video-preview":"max-video-preview:-1"},"canonical":"https:\/\/www.geostru.eu\/ro\/shop\/software-ro\/geomecanica\/gerock-2d-simularea-caderilor-de-roci-2d\/","og_locale":"ro_RO","og_type":"article","og_title":"Simularea c\u0103derilor de roci 2D - GeoRock 2D","og_description":"Software pentru calcul si simulare caderi de roci cu modelele Lumped Mass si CRSP.","og_url":"https:\/\/www.geostru.eu\/ro\/shop\/software-ro\/geomecanica\/gerock-2d-simularea-caderilor-de-roci-2d\/","og_site_name":"GeoStru EU","article_publisher":"https:\/\/www.facebook.com\/GeoStruSoftware\/","article_modified_time":"2025-09-19T13:52:18+00:00","og_image":[{"width":1200,"height":630,"url":"https:\/\/www.geostru.eu\/wp-content\/uploads\/2024\/06\/georock-2d-social-ro.jpg","type":"image\/jpeg"}],"twitter_card":"summary_large_image","twitter_site":"@geostru","twitter_misc":{"Pre\u021b":"&euro;480.00 f\u0103r\u0103 TVA","Disponibilitate":"\u00cen stoc"},"schema":{"@context":"https:\/\/schema.org","@graph":[{"@type":"WebPage","@id":"https:\/\/www.geostru.eu\/ro\/shop\/software-ro\/geomecanica\/gerock-2d-simularea-caderilor-de-roci-2d\/","url":"https:\/\/www.geostru.eu\/ro\/shop\/software-ro\/geomecanica\/gerock-2d-simularea-caderilor-de-roci-2d\/","name":"Simularea c\u0103derilor de roci 2D - GeoRock 2D - GeoStru EU","isPartOf":{"@id":"https:\/\/www.geostru.eu\/ro\/#website"},"primaryImageOfPage":{"@id":"https:\/\/www.geostru.eu\/ro\/shop\/software-ro\/geomecanica\/gerock-2d-simularea-caderilor-de-roci-2d\/#primaryimage"},"image":{"@id":"https:\/\/www.geostru.eu\/ro\/shop\/software-ro\/geomecanica\/gerock-2d-simularea-caderilor-de-roci-2d\/#primaryimage"},"thumbnailUrl":"https:\/\/www.geostru.eu\/wp-content\/uploads\/2013\/12\/georock_2d_1_1800.png","datePublished":"2022-06-19T16:23:27+00:00","dateModified":"2025-09-19T13:52:18+00:00","description":"Software pentru calcul si simulare caderi de roci cu modelele Lumped Mass si CRSP.","breadcrumb":{"@id":"https:\/\/www.geostru.eu\/ro\/shop\/software-ro\/geomecanica\/gerock-2d-simularea-caderilor-de-roci-2d\/#breadcrumb"},"inLanguage":"ro-RO","potentialAction":[{"@type":"ReadAction","target":["https:\/\/www.geostru.eu\/ro\/shop\/software-ro\/geomecanica\/gerock-2d-simularea-caderilor-de-roci-2d\/"]}]},{"@type":"ImageObject","inLanguage":"ro-RO","@id":"https:\/\/www.geostru.eu\/ro\/shop\/software-ro\/geomecanica\/gerock-2d-simularea-caderilor-de-roci-2d\/#primaryimage","url":"https:\/\/www.geostru.eu\/wp-content\/uploads\/2013\/12\/georock_2d_1_1800.png","contentUrl":"https:\/\/www.geostru.eu\/wp-content\/uploads\/2013\/12\/georock_2d_1_1800.png","width":800,"height":433,"caption":"caderi de roci"},{"@type":"BreadcrumbList","@id":"https:\/\/www.geostru.eu\/ro\/shop\/software-ro\/geomecanica\/gerock-2d-simularea-caderilor-de-roci-2d\/#breadcrumb","itemListElement":[{"@type":"ListItem","position":1,"name":"Home","item":"https:\/\/www.geostru.eu\/ro\/"},{"@type":"ListItem","position":2,"name":"Shop","item":"https:\/\/www.geostru.eu\/shop\/?lang=ro"},{"@type":"ListItem","position":3,"name":"Simularea c\u0103derilor de roci 2D &#8211; GeoRock 2D"}]},{"@type":"WebSite","@id":"https:\/\/www.geostru.eu\/ro\/#website","url":"https:\/\/www.geostru.eu\/ro\/","name":"GeoStru EU","description":"Professionals at your service","publisher":{"@id":"https:\/\/www.geostru.eu\/ro\/#organization"},"potentialAction":[{"@type":"SearchAction","target":{"@type":"EntryPoint","urlTemplate":"https:\/\/www.geostru.eu\/ro\/?s={search_term_string}"},"query-input":{"@type":"PropertyValueSpecification","valueRequired":true,"valueName":"search_term_string"}}],"inLanguage":"ro-RO"},{"@type":"Organization","@id":"https:\/\/www.geostru.eu\/ro\/#organization","name":"GeoStru EU","url":"https:\/\/www.geostru.eu\/ro\/","logo":{"@type":"ImageObject","inLanguage":"ro-RO","@id":"https:\/\/www.geostru.eu\/ro\/#\/schema\/logo\/image\/","url":"https:\/\/www.geostru.eu\/wp-content\/uploads\/2023\/02\/LOGO_GEOSTRU_educational_banner.png","contentUrl":"https:\/\/www.geostru.eu\/wp-content\/uploads\/2023\/02\/LOGO_GEOSTRU_educational_banner.png","width":363,"height":115,"caption":"GeoStru EU"},"image":{"@id":"https:\/\/www.geostru.eu\/ro\/#\/schema\/logo\/image\/"},"sameAs":["https:\/\/www.facebook.com\/GeoStruSoftware\/","https:\/\/x.com\/geostru","https:\/\/www.linkedin.com\/company\/2462488\/admin\/","https:\/\/www.instagram.com\/geostru\/"]}]},"product_brand":"Geomecanic\u0103","product_price_amount":"480.00","product_price_currency":"EUR","og_availability":"instock","product_availability":"instock","product_retailer_item_id":"15","product_condition":"new"},"_links":{"self":[{"href":"https:\/\/www.geostru.eu\/ro\/wp-json\/wp\/v2\/product\/3634"}],"collection":[{"href":"https:\/\/www.geostru.eu\/ro\/wp-json\/wp\/v2\/product"}],"about":[{"href":"https:\/\/www.geostru.eu\/ro\/wp-json\/wp\/v2\/types\/product"}],"replies":[{"embeddable":true,"href":"https:\/\/www.geostru.eu\/ro\/wp-json\/wp\/v2\/comments?post=3634"}],"wp:featuredmedia":[{"embeddable":true,"href":"https:\/\/www.geostru.eu\/ro\/wp-json\/wp\/v2\/media\/3645"}],"wp:attachment":[{"href":"https:\/\/www.geostru.eu\/ro\/wp-json\/wp\/v2\/media?parent=3634"}],"wp:term":[{"taxonomy":"product_cat","embeddable":true,"href":"https:\/\/www.geostru.eu\/ro\/wp-json\/wp\/v2\/product_cat?post=3634"},{"taxonomy":"product_tag","embeddable":true,"href":"https:\/\/www.geostru.eu\/ro\/wp-json\/wp\/v2\/product_tag?post=3634"}],"curies":[{"name":"wp","href":"https:\/\/api.w.org\/{rel}","templated":true}]}}