{"id":3626,"date":"2022-06-19T18:08:38","date_gmt":"2022-06-19T16:08:38","guid":{"rendered":"https:\/\/www.geostru.eu\/?post_type=product&#038;p=3626"},"modified":"2026-03-12T16:21:51","modified_gmt":"2026-03-12T15:21:51","slug":"gfas-element-finit-geotehnica","status":"publish","type":"product","link":"https:\/\/www.geostru.eu\/ro\/shop\/software-ro\/geotehnica-si-geologie\/gfas-element-finit-geotehnica\/","title":{"rendered":"Analiza elementelor finite \u00een geotehnic\u0103 &#8211; GFAS"},"content":{"rendered":"<div class=\"wpb-content-wrapper\"><p>[vc_row][vc_column][vc_column_text]<\/p>\n<p style=\"text-align: justify\"><strong>CARACTERISTICI PRINCIPALE<\/strong><\/p>\n<ul>\n<li style=\"list-style-type: none\">\n<ul style=\"text-align: justify\">\n<li>Simplu de utilizat<\/li>\n<li>Solutii rapide<\/li>\n<li>Modelator geometric<\/li>\n<li>Generator sofisticat de\u00a0mesh<\/li>\n<li>\u00cenalta posibilitate de manipulare a modelelor<\/li>\n<li>Generare de raport<\/li>\n<\/ul>\n<\/li>\n<\/ul>\n<p style=\"text-align: justify\"><strong>MODEL DE MATERIALE<\/strong><\/p>\n<ul>\n<li style=\"list-style-type: none\">\n<ul style=\"text-align: justify\">\n<li>Model elastic liniar \u0219i neliniar<\/li>\n<li>Criteriu de ruptur\u0103 Mohr-Coulomb<\/li>\n<\/ul>\n<\/li>\n<\/ul>\n<p style=\"text-align: justify\"><strong>GENERARE AUTOMATA A MESH-ULUI<\/strong><strong><br \/>\n<\/strong>Mesh-ul, generat \u00een mod automat de\u00a0c\u0103tre\u00a0program cu elemente triunghiulare cu trei sau sase noduri, sau elemente patrulatere cu patru sau opt noduri, este\u00a0perfec\u021bionat\u00a0automat \u00een punctele de interes particular, precum: margini, zone de \u00eenc\u0103rc\u0103ri,\u00a0condi\u021bii\u00a0de contur, etc.<\/p>\n<p><strong>CONDITII DE CONTUR<br \/>\n<\/strong>Este posibil\u0103 asignarea\u00a0condi\u021biilor\u00a0de contur at\u00e2t zonelor ce pot suferi deplas\u0103ri c\u00e2t si celor fixe.<\/p>\n<p><strong>\u00ceNC\u0102RC\u0102RI<br \/>\n<\/strong>\u00cenc\u0103rc\u0103rile pot fi\u00a0u\u0219or\u00a0asignate cu mouse-ul \u00een orice nod al\u00a0mesh-ului.<\/p>\n<p><strong>REZULTATE<br \/>\n<\/strong>Rezultatele sunt\u00a0u\u0219or\u00a0de consultat at\u00e2t numeric c\u00e2t \u0219i grafic, put\u00e2nd vizualiza tensiunile \u0219i\u00a0deforma\u021biile.[\/vc_column_text][\/vc_column][\/vc_row]<\/p>\n<\/div>","protected":false},"excerpt":{"rendered":"<p style=\"text-align: justify\">G.F.A.S. (Geotechnical and F.E.M. Analysis System) este un program pentru mecanica terenurilor folosind elemente finite.<br \/>\nEste o solu\u021bie completa care integreaz\u0103 toate func\u021bionalitate necesare pentru analiza problematicilor geotehnice precum:<\/p>\n<ul>\n<li style=\"text-align: justify\">Tunel<\/li>\n<li style=\"text-align: justify\">Stabilitatea versan\u021bilor<\/li>\n<li style=\"text-align: justify\">Excava\u021bii<\/li>\n<li style=\"text-align: justify\">Tas\u0103ri ale rambleelor<\/li>\n<li style=\"text-align: justify\">Tas\u0103ri ale funda\u021biilor<\/li>\n<li style=\"text-align: justify\">Interac\u021biune teren structura<\/li>\n<\/ul>\n","protected":false},"featured_media":17777,"comment_status":"open","ping_status":"closed","template":"","meta":[],"product_cat":[530,89,85],"product_tag":[411],"class_list":{"0":"post-3626","1":"product","2":"type-product","3":"status-publish","4":"has-post-thumbnail","6":"product_cat-software-geologia-ro-2","7":"product_cat-structuri","8":"product_cat-geotehnica-si-geologie","9":"product_tag-gfas-ro","10":"pa_product-professional-ro-2","11":"pa_product-subscription-1-year1","12":"description-off","14":"first","15":"instock","16":"downloadable","17":"virtual","18":"sold-individually","19":"taxable","20":"purchasable","21":"product-type-licensed"},"yoast_head":"<!-- This site is optimized with the Yoast SEO Premium plugin v25.0 (Yoast SEO v25.0) - https:\/\/yoast.com\/wordpress\/plugins\/seo\/ -->\n<title>Analiza elementelor finite \u00een geotehnic\u0103 - GFAS - GeoStru EU<\/title>\n<meta name=\"description\" content=\"G.F.A.S. (Geotechnical and F.E.M. Analysis System) este un program pentru mecanica terenurilor folosind elemente finite.\" \/>\n<meta name=\"robots\" content=\"index, follow, max-snippet:-1, max-image-preview:large, max-video-preview:-1\" \/>\n<link rel=\"canonical\" href=\"https:\/\/www.geostru.eu\/ro\/shop\/software-ro\/geotehnica-si-geologie\/gfas-element-finit-geotehnica\/\" \/>\n<meta property=\"og:locale\" content=\"ro_RO\" \/>\n<meta property=\"og:type\" content=\"article\" \/>\n<meta property=\"og:title\" content=\"Analiza elementelor finite \u00een geotehnic\u0103 - GFAS\" \/>\n<meta property=\"og:description\" content=\"G.F.A.S. (Geotechnical and F.E.M. Analysis System) este un program pentru mecanica terenurilor folosind elemente finite.\" \/>\n<meta property=\"og:url\" content=\"https:\/\/www.geostru.eu\/ro\/shop\/software-ro\/geotehnica-si-geologie\/gfas-element-finit-geotehnica\/\" \/>\n<meta property=\"og:site_name\" content=\"GeoStru EU\" \/>\n<meta property=\"article:publisher\" content=\"https:\/\/www.facebook.com\/GeoStruSoftware\/\" \/>\n<meta property=\"article:modified_time\" content=\"2026-03-12T15:21:51+00:00\" \/>\n<meta property=\"og:image\" content=\"https:\/\/www.geostru.eu\/wp-content\/uploads\/2022\/06\/geostru-gfas-social-ro.jpg\" \/>\n\t<meta property=\"og:image:width\" content=\"1200\" \/>\n\t<meta property=\"og:image:height\" content=\"630\" \/>\n\t<meta property=\"og:image:type\" content=\"image\/jpeg\" \/>\n<meta name=\"twitter:card\" content=\"summary_large_image\" \/>\n<meta name=\"twitter:site\" content=\"@geostru\" \/>\n<meta name=\"twitter:label1\" content=\"Pre\u021b\" \/>\n\t<meta name=\"twitter:data1\" content=\"&euro;790.00 f\u0103r\u0103 TVA\" \/>\n\t<meta name=\"twitter:label2\" content=\"Disponibilitate\" \/>\n\t<meta name=\"twitter:data2\" content=\"\u00cen stoc\" \/>\n<script type=\"application\/ld+json\" class=\"yoast-schema-graph\">{\"@context\":\"https:\/\/schema.org\",\"@graph\":[{\"@type\":\"WebPage\",\"@id\":\"https:\/\/www.geostru.eu\/ro\/shop\/software-ro\/geotehnica-si-geologie\/gfas-element-finit-geotehnica\/\",\"url\":\"https:\/\/www.geostru.eu\/ro\/shop\/software-ro\/geotehnica-si-geologie\/gfas-element-finit-geotehnica\/\",\"name\":\"Analiza elementelor finite \u00een geotehnic\u0103 - GFAS - GeoStru EU\",\"isPartOf\":{\"@id\":\"https:\/\/www.geostru.eu\/ro\/#website\"},\"primaryImageOfPage\":{\"@id\":\"https:\/\/www.geostru.eu\/ro\/shop\/software-ro\/geotehnica-si-geologie\/gfas-element-finit-geotehnica\/#primaryimage\"},\"image\":{\"@id\":\"https:\/\/www.geostru.eu\/ro\/shop\/software-ro\/geotehnica-si-geologie\/gfas-element-finit-geotehnica\/#primaryimage\"},\"thumbnailUrl\":\"https:\/\/www.geostru.eu\/wp-content\/uploads\/2013\/12\/gfas_3.jpg\",\"datePublished\":\"2022-06-19T16:08:38+00:00\",\"dateModified\":\"2026-03-12T15:21:51+00:00\",\"description\":\"G.F.A.S. (Geotechnical and F.E.M. Analysis System) este un program pentru mecanica terenurilor folosind elemente finite.\",\"breadcrumb\":{\"@id\":\"https:\/\/www.geostru.eu\/ro\/shop\/software-ro\/geotehnica-si-geologie\/gfas-element-finit-geotehnica\/#breadcrumb\"},\"inLanguage\":\"ro-RO\",\"potentialAction\":[{\"@type\":\"ReadAction\",\"target\":[\"https:\/\/www.geostru.eu\/ro\/shop\/software-ro\/geotehnica-si-geologie\/gfas-element-finit-geotehnica\/\"]}]},{\"@type\":\"ImageObject\",\"inLanguage\":\"ro-RO\",\"@id\":\"https:\/\/www.geostru.eu\/ro\/shop\/software-ro\/geotehnica-si-geologie\/gfas-element-finit-geotehnica\/#primaryimage\",\"url\":\"https:\/\/www.geostru.eu\/wp-content\/uploads\/2013\/12\/gfas_3.jpg\",\"contentUrl\":\"https:\/\/www.geostru.eu\/wp-content\/uploads\/2013\/12\/gfas_3.jpg\",\"width\":1919,\"height\":1042},{\"@type\":\"BreadcrumbList\",\"@id\":\"https:\/\/www.geostru.eu\/ro\/shop\/software-ro\/geotehnica-si-geologie\/gfas-element-finit-geotehnica\/#breadcrumb\",\"itemListElement\":[{\"@type\":\"ListItem\",\"position\":1,\"name\":\"Home\",\"item\":\"https:\/\/www.geostru.eu\/ro\/\"},{\"@type\":\"ListItem\",\"position\":2,\"name\":\"Shop\",\"item\":\"https:\/\/www.geostru.eu\/shop\/?lang=ro\"},{\"@type\":\"ListItem\",\"position\":3,\"name\":\"Analiza elementelor finite \u00een geotehnic\u0103 &#8211; GFAS\"}]},{\"@type\":\"WebSite\",\"@id\":\"https:\/\/www.geostru.eu\/ro\/#website\",\"url\":\"https:\/\/www.geostru.eu\/ro\/\",\"name\":\"GeoStru EU\",\"description\":\"Professionals at your service\",\"publisher\":{\"@id\":\"https:\/\/www.geostru.eu\/ro\/#organization\"},\"potentialAction\":[{\"@type\":\"SearchAction\",\"target\":{\"@type\":\"EntryPoint\",\"urlTemplate\":\"https:\/\/www.geostru.eu\/ro\/?s={search_term_string}\"},\"query-input\":{\"@type\":\"PropertyValueSpecification\",\"valueRequired\":true,\"valueName\":\"search_term_string\"}}],\"inLanguage\":\"ro-RO\"},{\"@type\":\"Organization\",\"@id\":\"https:\/\/www.geostru.eu\/ro\/#organization\",\"name\":\"GeoStru EU\",\"url\":\"https:\/\/www.geostru.eu\/ro\/\",\"logo\":{\"@type\":\"ImageObject\",\"inLanguage\":\"ro-RO\",\"@id\":\"https:\/\/www.geostru.eu\/ro\/#\/schema\/logo\/image\/\",\"url\":\"https:\/\/www.geostru.eu\/wp-content\/uploads\/2023\/02\/LOGO_GEOSTRU_educational_banner.png\",\"contentUrl\":\"https:\/\/www.geostru.eu\/wp-content\/uploads\/2023\/02\/LOGO_GEOSTRU_educational_banner.png\",\"width\":363,\"height\":115,\"caption\":\"GeoStru EU\"},\"image\":{\"@id\":\"https:\/\/www.geostru.eu\/ro\/#\/schema\/logo\/image\/\"},\"sameAs\":[\"https:\/\/www.facebook.com\/GeoStruSoftware\/\",\"https:\/\/x.com\/geostru\",\"https:\/\/www.linkedin.com\/company\/2462488\/admin\/\",\"https:\/\/www.instagram.com\/geostru\/\"]}]}<\/script>\n<meta property=\"product:brand\" content=\"Geologie\" \/>\n<meta property=\"product:price:amount\" content=\"790.00\" \/>\n<meta property=\"product:price:currency\" content=\"EUR\" \/>\n<meta property=\"og:availability\" content=\"instock\" \/>\n<meta property=\"product:availability\" content=\"instock\" \/>\n<meta property=\"product:retailer_item_id\" content=\"4\" \/>\n<meta property=\"product:condition\" content=\"new\" \/>\n<!-- \/ Yoast SEO Premium plugin. -->","yoast_head_json":{"title":"Analiza elementelor finite \u00een geotehnic\u0103 - GFAS - GeoStru EU","description":"G.F.A.S. (Geotechnical and F.E.M. Analysis System) este un program pentru mecanica terenurilor folosind elemente finite.","robots":{"index":"index","follow":"follow","max-snippet":"max-snippet:-1","max-image-preview":"max-image-preview:large","max-video-preview":"max-video-preview:-1"},"canonical":"https:\/\/www.geostru.eu\/ro\/shop\/software-ro\/geotehnica-si-geologie\/gfas-element-finit-geotehnica\/","og_locale":"ro_RO","og_type":"article","og_title":"Analiza elementelor finite \u00een geotehnic\u0103 - GFAS","og_description":"G.F.A.S. (Geotechnical and F.E.M. Analysis System) este un program pentru mecanica terenurilor folosind elemente finite.","og_url":"https:\/\/www.geostru.eu\/ro\/shop\/software-ro\/geotehnica-si-geologie\/gfas-element-finit-geotehnica\/","og_site_name":"GeoStru EU","article_publisher":"https:\/\/www.facebook.com\/GeoStruSoftware\/","article_modified_time":"2026-03-12T15:21:51+00:00","og_image":[{"width":1200,"height":630,"url":"https:\/\/www.geostru.eu\/wp-content\/uploads\/2022\/06\/geostru-gfas-social-ro.jpg","type":"image\/jpeg"}],"twitter_card":"summary_large_image","twitter_site":"@geostru","twitter_misc":{"Pre\u021b":"&euro;790.00 f\u0103r\u0103 TVA","Disponibilitate":"\u00cen stoc"},"schema":{"@context":"https:\/\/schema.org","@graph":[{"@type":"WebPage","@id":"https:\/\/www.geostru.eu\/ro\/shop\/software-ro\/geotehnica-si-geologie\/gfas-element-finit-geotehnica\/","url":"https:\/\/www.geostru.eu\/ro\/shop\/software-ro\/geotehnica-si-geologie\/gfas-element-finit-geotehnica\/","name":"Analiza elementelor finite \u00een geotehnic\u0103 - GFAS - GeoStru EU","isPartOf":{"@id":"https:\/\/www.geostru.eu\/ro\/#website"},"primaryImageOfPage":{"@id":"https:\/\/www.geostru.eu\/ro\/shop\/software-ro\/geotehnica-si-geologie\/gfas-element-finit-geotehnica\/#primaryimage"},"image":{"@id":"https:\/\/www.geostru.eu\/ro\/shop\/software-ro\/geotehnica-si-geologie\/gfas-element-finit-geotehnica\/#primaryimage"},"thumbnailUrl":"https:\/\/www.geostru.eu\/wp-content\/uploads\/2013\/12\/gfas_3.jpg","datePublished":"2022-06-19T16:08:38+00:00","dateModified":"2026-03-12T15:21:51+00:00","description":"G.F.A.S. (Geotechnical and F.E.M. Analysis System) este un program pentru mecanica terenurilor folosind elemente finite.","breadcrumb":{"@id":"https:\/\/www.geostru.eu\/ro\/shop\/software-ro\/geotehnica-si-geologie\/gfas-element-finit-geotehnica\/#breadcrumb"},"inLanguage":"ro-RO","potentialAction":[{"@type":"ReadAction","target":["https:\/\/www.geostru.eu\/ro\/shop\/software-ro\/geotehnica-si-geologie\/gfas-element-finit-geotehnica\/"]}]},{"@type":"ImageObject","inLanguage":"ro-RO","@id":"https:\/\/www.geostru.eu\/ro\/shop\/software-ro\/geotehnica-si-geologie\/gfas-element-finit-geotehnica\/#primaryimage","url":"https:\/\/www.geostru.eu\/wp-content\/uploads\/2013\/12\/gfas_3.jpg","contentUrl":"https:\/\/www.geostru.eu\/wp-content\/uploads\/2013\/12\/gfas_3.jpg","width":1919,"height":1042},{"@type":"BreadcrumbList","@id":"https:\/\/www.geostru.eu\/ro\/shop\/software-ro\/geotehnica-si-geologie\/gfas-element-finit-geotehnica\/#breadcrumb","itemListElement":[{"@type":"ListItem","position":1,"name":"Home","item":"https:\/\/www.geostru.eu\/ro\/"},{"@type":"ListItem","position":2,"name":"Shop","item":"https:\/\/www.geostru.eu\/shop\/?lang=ro"},{"@type":"ListItem","position":3,"name":"Analiza elementelor finite \u00een geotehnic\u0103 &#8211; GFAS"}]},{"@type":"WebSite","@id":"https:\/\/www.geostru.eu\/ro\/#website","url":"https:\/\/www.geostru.eu\/ro\/","name":"GeoStru EU","description":"Professionals at your service","publisher":{"@id":"https:\/\/www.geostru.eu\/ro\/#organization"},"potentialAction":[{"@type":"SearchAction","target":{"@type":"EntryPoint","urlTemplate":"https:\/\/www.geostru.eu\/ro\/?s={search_term_string}"},"query-input":{"@type":"PropertyValueSpecification","valueRequired":true,"valueName":"search_term_string"}}],"inLanguage":"ro-RO"},{"@type":"Organization","@id":"https:\/\/www.geostru.eu\/ro\/#organization","name":"GeoStru EU","url":"https:\/\/www.geostru.eu\/ro\/","logo":{"@type":"ImageObject","inLanguage":"ro-RO","@id":"https:\/\/www.geostru.eu\/ro\/#\/schema\/logo\/image\/","url":"https:\/\/www.geostru.eu\/wp-content\/uploads\/2023\/02\/LOGO_GEOSTRU_educational_banner.png","contentUrl":"https:\/\/www.geostru.eu\/wp-content\/uploads\/2023\/02\/LOGO_GEOSTRU_educational_banner.png","width":363,"height":115,"caption":"GeoStru EU"},"image":{"@id":"https:\/\/www.geostru.eu\/ro\/#\/schema\/logo\/image\/"},"sameAs":["https:\/\/www.facebook.com\/GeoStruSoftware\/","https:\/\/x.com\/geostru","https:\/\/www.linkedin.com\/company\/2462488\/admin\/","https:\/\/www.instagram.com\/geostru\/"]}]},"product_brand":"Geologie","product_price_amount":"790.00","product_price_currency":"EUR","og_availability":"instock","product_availability":"instock","product_retailer_item_id":"4","product_condition":"new"},"_links":{"self":[{"href":"https:\/\/www.geostru.eu\/ro\/wp-json\/wp\/v2\/product\/3626"}],"collection":[{"href":"https:\/\/www.geostru.eu\/ro\/wp-json\/wp\/v2\/product"}],"about":[{"href":"https:\/\/www.geostru.eu\/ro\/wp-json\/wp\/v2\/types\/product"}],"replies":[{"embeddable":true,"href":"https:\/\/www.geostru.eu\/ro\/wp-json\/wp\/v2\/comments?post=3626"}],"wp:featuredmedia":[{"embeddable":true,"href":"https:\/\/www.geostru.eu\/ro\/wp-json\/wp\/v2\/media\/17777"}],"wp:attachment":[{"href":"https:\/\/www.geostru.eu\/ro\/wp-json\/wp\/v2\/media?parent=3626"}],"wp:term":[{"taxonomy":"product_cat","embeddable":true,"href":"https:\/\/www.geostru.eu\/ro\/wp-json\/wp\/v2\/product_cat?post=3626"},{"taxonomy":"product_tag","embeddable":true,"href":"https:\/\/www.geostru.eu\/ro\/wp-json\/wp\/v2\/product_tag?post=3626"}],"curies":[{"name":"wp","href":"https:\/\/api.w.org\/{rel}","templated":true}]}}