{"id":3574,"date":"2022-06-19T11:44:24","date_gmt":"2022-06-19T09:44:24","guid":{"rendered":"https:\/\/www.geostru.eu\/?post_type=product&#038;p=3574"},"modified":"2026-03-23T16:48:19","modified_gmt":"2026-03-23T15:48:19","slug":"capacitatea-portanta-si-tasari-fundatii","status":"publish","type":"product","link":"https:\/\/www.geostru.eu\/ro\/shop\/software-ro\/geotehnica-si-geologie\/capacitatea-portanta-si-tasari-fundatii\/","title":{"rendered":"Capacitatea portant\u0103 \u0219i tas\u0103ri \u2013 LoadCap"},"content":{"rendered":"<p style=\"text-align: justify\">Capacitatea portant\u0103 \u00een condi\u021bii seismice: SHIKHIEV &amp; JAKOVLEV, RICHARDS,<br \/>\nTas\u0103rile pot fi calculate \u00een orice punct, at\u00e2t interior c\u00e2t \u0219i exterior al funda\u021biei.<br \/>\nConstruc\u021bia graficelor: capacitatea portant\u0103 variaz\u0103 \u00een func\u021bie de baza funda\u021bie, ad\u00e2ncimea planului de fundare \u0219i de \u00eenc\u0103rc\u0103ri. Num\u0103rul de straturi este nelimitat. Programul permite, de asemenea, vizualizarea bulbului tensiunilor \u0219i a zonelor de cedare.<\/p>\n<p style=\"text-align: justify\"><strong>Normative de calcul suportate<\/strong><br \/>\n\u2022 Eurocod 7\/8<br \/>\n\u2022 British Codes<br \/>\n\u2022 NTC \u2013 Circolare 2 Febbraio 2009, n. 617, C.S.L.LPP<br \/>\n\u2022 <span style=\"color: #008000\"><strong>NP 112-2014, SR EN 1997-1, SR EN 1997-2<br \/>\n<\/strong><\/span>\u2022 DESIGN OF SHALLOW FOUNDATIONS ACCORIDING TO: AASHTO \u2013 LRFD BRIDGE DESIGN SPECIFICATIONS \u2013 9<sup>TH<\/sup> EDITION \u2013 2020<\/p>\n<p style=\"text-align: justify\"><strong>DATE INPUT<\/strong><br \/>\n\u2022 Undo \/ Redo pe mai multe nivele<br \/>\n\u2022 Input numeric \u00een form\u0103 tabelara<br \/>\n\u2022 Input grafic<br \/>\n\u2022 Conversie unit\u0103\u021bi de m\u0103sura \u00een mod automat<\/p>\n<p style=\"text-align: justify\"><strong>CARACTERISTICI GENERALE<\/strong><br \/>\n\u2022 Talp\u0103 continu\u0103<br \/>\n\u2022 Funda\u021bie izolat\u0103<br \/>\n\u2022 Radierul general<br \/>\n\u2022 Funda\u021bie circular\u0103<br \/>\n\u2022 Capacitate portant\u0103 dup\u0103: Terzaghi, Meyerhof, Hansen, Brinch-Hansen, Vesic, Zienkiewicz, Metoda Eurocod, Meyerhof and Hanna (1978)<br \/>\n\u2022 Tas\u0103ri elastice; Schmertmann; Burland \u0219i Burbidge \u0219i evolu\u021bia lor \u00een timp<br \/>\n\u2022 Corec\u021bii seismice: SHIKHIEV &amp; JAKOVLEV<br \/>\n\u2022 Prezen\u021ba p\u00e2nzei freatice<br \/>\n\u2022 Analize \u00een termeni de tensiuni totale \u0219i efective<br \/>\n\u2022 Vizualizarea bulbului tensiunilor \u0219i a zonelor de cedare 2D \u0219i 3D<br \/>\n\u2022 Calcularea st\u0103rii de tensiune indus\u0103 de sarcini externe \u00een orice punct<br \/>\n\u2022 Corela\u021bii Nspt cu parametrii geotehnici dup\u0103: Meyerhof, Sanglerat \u0219i Peck, Hansen, Thorburn, Meyerhof<br \/>\n\u2022 Verificare la tranzlatie<br \/>\n\u2022 Analiza planurilor \u00eengropate<br \/>\n\u2022 Citirea automat\u0103 a sondajelor generate de programul Stratigrapher<br \/>\n\u2022 Schimb de date cu Micropiloti \u0219i Pilo\u021bi de funda\u021bie<br \/>\n\u2022 Calculul \u00eenc\u0103rc\u0103rilor pe funda\u021bie \u00een mod automat<br \/>\n\u2022 Calculul tensiunilor cu: Boussinesq, Westergaard<br \/>\n\u2022 Construc\u021bie de grafice interactive<br \/>\n\u2022 Func\u021bie Undo\/Redo pe mai multe nivele<br \/>\n\u2022 Analiz\u0103 terasamentului cu calcularea tasarilor<br \/>\n\u2022 Tas\u0103ri diferen\u021biale 3D<\/p>\n<p style=\"text-align: justify\"><strong>OP\u021aIUNI DE CALCUL<\/strong><br \/>\n\u2022 Calculul capacitate portanta pentru soluri stratificate cu ajutorul mediei ponderate \u0219i verific\u0103rii prin foraj<br \/>\n\u2022 Funda\u021bie pe taluz<br \/>\n\u2022 Funda\u021bia pe suprafa\u021b\u0103 de sprijin inclinat\u0103<br \/>\n\u2022 Funda\u021bie supus\u0103 la sarcini excentrice<br \/>\n\u2022 Generarea tabelului capacit\u0103\u021bii portante care variaz\u0103 \u00een func\u021bie de ad\u00e2ncime \u0219i l\u0103\u021bime, \u0219i care poate fi exportat \u00een Excel sau memorat<br \/>\n\u2022 Construc\u021bie grafice sarcina admisibil\u0103-ad\u00e2ncime<br \/>\n\u2022 Construc\u021bie grafice sarcina admisibil\u0103-l\u0103\u021bime funda\u021bie<br \/>\n\u2022 Diagram\u0103 sarcina-tasare<br \/>\n\u2022 Calcularea constan\u021bei funda\u021biei dup\u0103 modelul lui Terzaghi \u0219i Bowles<br \/>\n\u2022 P\u00e2nz\u0103 freatic\u0103, chiar \u0219i deasupra planului de rezemare<br \/>\n\u2022 Vizualizarea bulbului tensiunilor dup\u0103 teoria lui Boussinesq sau a lui Westergaard \u0219i interpoland st\u0103rile de tensiune prin curbe \u2018spline\u2019<br \/>\n\u2022 Vizualizarea st\u0103rilor de tensiune \u00een oricare punct al terenului de fundare; Vizualizarea zonei de cedare<br \/>\n\u2022 Setarea zonei de influen\u021b\u0103<br \/>\n\u2022 Calculul tas\u0103rilor \u00een oricare punct intern sau extern al funda\u021biei<\/p>\n<p>&nbsp;<\/p>\n<p><strong>RAMBLEU<\/strong><\/p>\n<p>LoadCap permite proiectarea RAMBLEURILOR RUTIERE \u0219i FEROVIARE. Verific\u0103rile efectuate includ: Sarcina limit\u0103, Tas\u0103rile (3D), Tas\u0103rile \u00een timp, Consolidarea cu piloni de pietri\u0219 \u0219i Drenaj. De asemenea, este posibil s\u0103 se consolideze solul cu geosintetice.&#8221;<\/p>\n","protected":false},"excerpt":{"rendered":"<p style=\"text-align: justify\">Software de calcul pentru capacitatea <span style=\"text-decoration: underline\">portant\u0103 \u0219i tas\u0103ri<\/span> dup\u0103 metoda Terzaghi, Meyerhof, Hansen, Vesic, Brinch-Hansen, Richards et al., <a href=\"http:\/\/www.civilfoundationengineering.com\/ultimate-bearing-capacity-of-footings-resting-on-stratified-deposits-of-soil\/\" target=\"_blank\" rel=\"noopener noreferrer\">Meyerhof and Hanna (1978)<\/a> a tas\u0103rilor elastice (Timoshenko \u0219i Goodier), tas\u0103rilor edometrice, Schmertmann, Burland \u0219i Burbidge, lichefierii folosind metoda Seed e Idris (1971).<\/p>\n<p style=\"text-align: justify\">Ultimele implement\u0103ri includ anexa na\u021bionala a EUROCOD 7: SR EN 1997-1\/NB\/2007 (pentru Rom\u00e2nia), oferind astfel posibilitatea verific\u0103rii terenului de fundare conform Anexei na\u021bionale (RO). De asemenea a fost introdusa \u0219i preluarea automata a accelera\u021biei seismice de v\u00e2rf direct de pe harta seismica a Rom\u00e2niei.<\/p>\n<p><b>Loadcap <\/b>analiza a tas\u0103rilor \u0219i capacit\u0103\u021bii portante precum tas\u0103ri 3D \u0219i terasamente.<\/p>\n<p><strong>\u00cencep\u00e2nd cu versiunea 2025,<\/strong> LoadCap permite proiectarea rambleurilor rutiere \u0219i feroviare. Verific\u0103rile efectuate includ: Capacitatea portant\u0103, Tas\u0103rile (3D), Tas\u0103rile \u00een timp, Consolidarea cu piloni de pietri\u0219 \u0219i Drenaj.<\/p>\n<p><a href=\"https:\/\/www.youtube.com\/watch?v=WjhhA0K1e1g&amp;feature=youtu.be\">Video Tutorial<\/a><\/p>\n","protected":false},"featured_media":20130,"comment_status":"open","ping_status":"closed","template":"","meta":[],"product_cat":[530,85],"product_tag":[445],"class_list":{"0":"post-3574","1":"product","2":"type-product","3":"status-publish","4":"has-post-thumbnail","6":"product_cat-software-geologia-ro-2","7":"product_cat-geotehnica-si-geologie","8":"product_tag-capacitate-portanta","9":"pa_product-professional-ro-2","10":"pa_product-subscription-1-year1","11":"description-off","13":"first","14":"instock","15":"downloadable","16":"virtual","17":"sold-individually","18":"taxable","19":"purchasable","20":"product-type-licensed"},"yoast_head":"<!-- This site is optimized with the Yoast SEO Premium plugin v25.0 (Yoast SEO v25.0) - https:\/\/yoast.com\/wordpress\/plugins\/seo\/ -->\n<title>Capacitatea portant\u0103 \u0219i tas\u0103ri \u2013 LoadCap - GeoStru EU<\/title>\n<meta name=\"description\" content=\"Software de calcul capacitate portanta si tasari pentru fundatiile de suprafata\" \/>\n<meta name=\"robots\" content=\"index, follow, max-snippet:-1, max-image-preview:large, max-video-preview:-1\" \/>\n<link rel=\"canonical\" href=\"https:\/\/www.geostru.eu\/ro\/shop\/software-ro\/geotehnica-si-geologie\/capacitatea-portanta-si-tasari-fundatii\/\" \/>\n<meta property=\"og:locale\" content=\"ro_RO\" \/>\n<meta property=\"og:type\" content=\"article\" \/>\n<meta property=\"og:title\" content=\"Capacitatea portant\u0103 \u0219i tas\u0103ri \u2013 LoadCap\" \/>\n<meta property=\"og:description\" content=\"Software de calcul capacitate portanta si tasari pentru fundatiile de suprafata\" \/>\n<meta property=\"og:url\" content=\"https:\/\/www.geostru.eu\/ro\/shop\/software-ro\/geotehnica-si-geologie\/capacitatea-portanta-si-tasari-fundatii\/\" \/>\n<meta property=\"og:site_name\" content=\"GeoStru EU\" \/>\n<meta property=\"article:publisher\" content=\"https:\/\/www.facebook.com\/GeoStruSoftware\/\" \/>\n<meta property=\"article:modified_time\" content=\"2026-03-23T15:48:19+00:00\" \/>\n<meta property=\"og:image\" content=\"https:\/\/www.geostru.eu\/wp-content\/uploads\/2022\/06\/loadcap-ro.jpg\" \/>\n\t<meta property=\"og:image:width\" content=\"1200\" \/>\n\t<meta property=\"og:image:height\" content=\"630\" \/>\n\t<meta property=\"og:image:type\" content=\"image\/jpeg\" \/>\n<meta name=\"twitter:card\" content=\"summary_large_image\" \/>\n<meta name=\"twitter:site\" content=\"@geostru\" \/>\n<meta name=\"twitter:label1\" content=\"Pre\u021b\" \/>\n\t<meta name=\"twitter:data1\" content=\"&euro;390.00 f\u0103r\u0103 TVA\" \/>\n\t<meta name=\"twitter:label2\" content=\"Disponibilitate\" \/>\n\t<meta name=\"twitter:data2\" content=\"\u00cen stoc\" \/>\n<script type=\"application\/ld+json\" class=\"yoast-schema-graph\">{\"@context\":\"https:\/\/schema.org\",\"@graph\":[{\"@type\":\"WebPage\",\"@id\":\"https:\/\/www.geostru.eu\/ro\/shop\/software-ro\/geotehnica-si-geologie\/capacitatea-portanta-si-tasari-fundatii\/\",\"url\":\"https:\/\/www.geostru.eu\/ro\/shop\/software-ro\/geotehnica-si-geologie\/capacitatea-portanta-si-tasari-fundatii\/\",\"name\":\"Capacitatea portant\u0103 \u0219i tas\u0103ri \u2013 LoadCap - GeoStru EU\",\"isPartOf\":{\"@id\":\"https:\/\/www.geostru.eu\/ro\/#website\"},\"primaryImageOfPage\":{\"@id\":\"https:\/\/www.geostru.eu\/ro\/shop\/software-ro\/geotehnica-si-geologie\/capacitatea-portanta-si-tasari-fundatii\/#primaryimage\"},\"image\":{\"@id\":\"https:\/\/www.geostru.eu\/ro\/shop\/software-ro\/geotehnica-si-geologie\/capacitatea-portanta-si-tasari-fundatii\/#primaryimage\"},\"thumbnailUrl\":\"https:\/\/www.geostru.eu\/wp-content\/uploads\/2013\/12\/loadcap-3d.png\",\"datePublished\":\"2022-06-19T09:44:24+00:00\",\"dateModified\":\"2026-03-23T15:48:19+00:00\",\"description\":\"Software de calcul capacitate portanta si tasari pentru fundatiile de suprafata\",\"breadcrumb\":{\"@id\":\"https:\/\/www.geostru.eu\/ro\/shop\/software-ro\/geotehnica-si-geologie\/capacitatea-portanta-si-tasari-fundatii\/#breadcrumb\"},\"inLanguage\":\"ro-RO\",\"potentialAction\":[{\"@type\":\"ReadAction\",\"target\":[\"https:\/\/www.geostru.eu\/ro\/shop\/software-ro\/geotehnica-si-geologie\/capacitatea-portanta-si-tasari-fundatii\/\"]}]},{\"@type\":\"ImageObject\",\"inLanguage\":\"ro-RO\",\"@id\":\"https:\/\/www.geostru.eu\/ro\/shop\/software-ro\/geotehnica-si-geologie\/capacitatea-portanta-si-tasari-fundatii\/#primaryimage\",\"url\":\"https:\/\/www.geostru.eu\/wp-content\/uploads\/2013\/12\/loadcap-3d.png\",\"contentUrl\":\"https:\/\/www.geostru.eu\/wp-content\/uploads\/2013\/12\/loadcap-3d.png\",\"width\":1917,\"height\":1039},{\"@type\":\"BreadcrumbList\",\"@id\":\"https:\/\/www.geostru.eu\/ro\/shop\/software-ro\/geotehnica-si-geologie\/capacitatea-portanta-si-tasari-fundatii\/#breadcrumb\",\"itemListElement\":[{\"@type\":\"ListItem\",\"position\":1,\"name\":\"Home\",\"item\":\"https:\/\/www.geostru.eu\/ro\/\"},{\"@type\":\"ListItem\",\"position\":2,\"name\":\"Shop\",\"item\":\"https:\/\/www.geostru.eu\/shop\/?lang=ro\"},{\"@type\":\"ListItem\",\"position\":3,\"name\":\"Capacitatea portant\u0103 \u0219i tas\u0103ri \u2013 LoadCap\"}]},{\"@type\":\"WebSite\",\"@id\":\"https:\/\/www.geostru.eu\/ro\/#website\",\"url\":\"https:\/\/www.geostru.eu\/ro\/\",\"name\":\"GeoStru EU\",\"description\":\"Professionals at your service\",\"publisher\":{\"@id\":\"https:\/\/www.geostru.eu\/ro\/#organization\"},\"potentialAction\":[{\"@type\":\"SearchAction\",\"target\":{\"@type\":\"EntryPoint\",\"urlTemplate\":\"https:\/\/www.geostru.eu\/ro\/?s={search_term_string}\"},\"query-input\":{\"@type\":\"PropertyValueSpecification\",\"valueRequired\":true,\"valueName\":\"search_term_string\"}}],\"inLanguage\":\"ro-RO\"},{\"@type\":\"Organization\",\"@id\":\"https:\/\/www.geostru.eu\/ro\/#organization\",\"name\":\"GeoStru EU\",\"url\":\"https:\/\/www.geostru.eu\/ro\/\",\"logo\":{\"@type\":\"ImageObject\",\"inLanguage\":\"ro-RO\",\"@id\":\"https:\/\/www.geostru.eu\/ro\/#\/schema\/logo\/image\/\",\"url\":\"https:\/\/www.geostru.eu\/wp-content\/uploads\/2023\/02\/LOGO_GEOSTRU_educational_banner.png\",\"contentUrl\":\"https:\/\/www.geostru.eu\/wp-content\/uploads\/2023\/02\/LOGO_GEOSTRU_educational_banner.png\",\"width\":363,\"height\":115,\"caption\":\"GeoStru EU\"},\"image\":{\"@id\":\"https:\/\/www.geostru.eu\/ro\/#\/schema\/logo\/image\/\"},\"sameAs\":[\"https:\/\/www.facebook.com\/GeoStruSoftware\/\",\"https:\/\/x.com\/geostru\",\"https:\/\/www.linkedin.com\/company\/2462488\/admin\/\",\"https:\/\/www.instagram.com\/geostru\/\"]}]}<\/script>\n<meta property=\"product:brand\" content=\"Geologie\" \/>\n<meta property=\"product:price:amount\" content=\"390.00\" \/>\n<meta property=\"product:price:currency\" content=\"EUR\" \/>\n<meta property=\"og:availability\" content=\"instock\" \/>\n<meta property=\"product:availability\" content=\"instock\" \/>\n<meta property=\"product:retailer_item_id\" content=\"13\" \/>\n<meta property=\"product:condition\" content=\"new\" \/>\n<!-- \/ Yoast SEO Premium plugin. -->","yoast_head_json":{"title":"Capacitatea portant\u0103 \u0219i tas\u0103ri \u2013 LoadCap - GeoStru EU","description":"Software de calcul capacitate portanta si tasari pentru fundatiile de suprafata","robots":{"index":"index","follow":"follow","max-snippet":"max-snippet:-1","max-image-preview":"max-image-preview:large","max-video-preview":"max-video-preview:-1"},"canonical":"https:\/\/www.geostru.eu\/ro\/shop\/software-ro\/geotehnica-si-geologie\/capacitatea-portanta-si-tasari-fundatii\/","og_locale":"ro_RO","og_type":"article","og_title":"Capacitatea portant\u0103 \u0219i tas\u0103ri \u2013 LoadCap","og_description":"Software de calcul capacitate portanta si tasari pentru fundatiile de suprafata","og_url":"https:\/\/www.geostru.eu\/ro\/shop\/software-ro\/geotehnica-si-geologie\/capacitatea-portanta-si-tasari-fundatii\/","og_site_name":"GeoStru EU","article_publisher":"https:\/\/www.facebook.com\/GeoStruSoftware\/","article_modified_time":"2026-03-23T15:48:19+00:00","og_image":[{"width":1200,"height":630,"url":"https:\/\/www.geostru.eu\/wp-content\/uploads\/2022\/06\/loadcap-ro.jpg","type":"image\/jpeg"}],"twitter_card":"summary_large_image","twitter_site":"@geostru","twitter_misc":{"Pre\u021b":"&euro;390.00 f\u0103r\u0103 TVA","Disponibilitate":"\u00cen stoc"},"schema":{"@context":"https:\/\/schema.org","@graph":[{"@type":"WebPage","@id":"https:\/\/www.geostru.eu\/ro\/shop\/software-ro\/geotehnica-si-geologie\/capacitatea-portanta-si-tasari-fundatii\/","url":"https:\/\/www.geostru.eu\/ro\/shop\/software-ro\/geotehnica-si-geologie\/capacitatea-portanta-si-tasari-fundatii\/","name":"Capacitatea portant\u0103 \u0219i tas\u0103ri \u2013 LoadCap - GeoStru EU","isPartOf":{"@id":"https:\/\/www.geostru.eu\/ro\/#website"},"primaryImageOfPage":{"@id":"https:\/\/www.geostru.eu\/ro\/shop\/software-ro\/geotehnica-si-geologie\/capacitatea-portanta-si-tasari-fundatii\/#primaryimage"},"image":{"@id":"https:\/\/www.geostru.eu\/ro\/shop\/software-ro\/geotehnica-si-geologie\/capacitatea-portanta-si-tasari-fundatii\/#primaryimage"},"thumbnailUrl":"https:\/\/www.geostru.eu\/wp-content\/uploads\/2013\/12\/loadcap-3d.png","datePublished":"2022-06-19T09:44:24+00:00","dateModified":"2026-03-23T15:48:19+00:00","description":"Software de calcul capacitate portanta si tasari pentru fundatiile de suprafata","breadcrumb":{"@id":"https:\/\/www.geostru.eu\/ro\/shop\/software-ro\/geotehnica-si-geologie\/capacitatea-portanta-si-tasari-fundatii\/#breadcrumb"},"inLanguage":"ro-RO","potentialAction":[{"@type":"ReadAction","target":["https:\/\/www.geostru.eu\/ro\/shop\/software-ro\/geotehnica-si-geologie\/capacitatea-portanta-si-tasari-fundatii\/"]}]},{"@type":"ImageObject","inLanguage":"ro-RO","@id":"https:\/\/www.geostru.eu\/ro\/shop\/software-ro\/geotehnica-si-geologie\/capacitatea-portanta-si-tasari-fundatii\/#primaryimage","url":"https:\/\/www.geostru.eu\/wp-content\/uploads\/2013\/12\/loadcap-3d.png","contentUrl":"https:\/\/www.geostru.eu\/wp-content\/uploads\/2013\/12\/loadcap-3d.png","width":1917,"height":1039},{"@type":"BreadcrumbList","@id":"https:\/\/www.geostru.eu\/ro\/shop\/software-ro\/geotehnica-si-geologie\/capacitatea-portanta-si-tasari-fundatii\/#breadcrumb","itemListElement":[{"@type":"ListItem","position":1,"name":"Home","item":"https:\/\/www.geostru.eu\/ro\/"},{"@type":"ListItem","position":2,"name":"Shop","item":"https:\/\/www.geostru.eu\/shop\/?lang=ro"},{"@type":"ListItem","position":3,"name":"Capacitatea portant\u0103 \u0219i tas\u0103ri \u2013 LoadCap"}]},{"@type":"WebSite","@id":"https:\/\/www.geostru.eu\/ro\/#website","url":"https:\/\/www.geostru.eu\/ro\/","name":"GeoStru EU","description":"Professionals at your service","publisher":{"@id":"https:\/\/www.geostru.eu\/ro\/#organization"},"potentialAction":[{"@type":"SearchAction","target":{"@type":"EntryPoint","urlTemplate":"https:\/\/www.geostru.eu\/ro\/?s={search_term_string}"},"query-input":{"@type":"PropertyValueSpecification","valueRequired":true,"valueName":"search_term_string"}}],"inLanguage":"ro-RO"},{"@type":"Organization","@id":"https:\/\/www.geostru.eu\/ro\/#organization","name":"GeoStru EU","url":"https:\/\/www.geostru.eu\/ro\/","logo":{"@type":"ImageObject","inLanguage":"ro-RO","@id":"https:\/\/www.geostru.eu\/ro\/#\/schema\/logo\/image\/","url":"https:\/\/www.geostru.eu\/wp-content\/uploads\/2023\/02\/LOGO_GEOSTRU_educational_banner.png","contentUrl":"https:\/\/www.geostru.eu\/wp-content\/uploads\/2023\/02\/LOGO_GEOSTRU_educational_banner.png","width":363,"height":115,"caption":"GeoStru EU"},"image":{"@id":"https:\/\/www.geostru.eu\/ro\/#\/schema\/logo\/image\/"},"sameAs":["https:\/\/www.facebook.com\/GeoStruSoftware\/","https:\/\/x.com\/geostru","https:\/\/www.linkedin.com\/company\/2462488\/admin\/","https:\/\/www.instagram.com\/geostru\/"]}]},"product_brand":"Geologie","product_price_amount":"390.00","product_price_currency":"EUR","og_availability":"instock","product_availability":"instock","product_retailer_item_id":"13","product_condition":"new"},"_links":{"self":[{"href":"https:\/\/www.geostru.eu\/ro\/wp-json\/wp\/v2\/product\/3574"}],"collection":[{"href":"https:\/\/www.geostru.eu\/ro\/wp-json\/wp\/v2\/product"}],"about":[{"href":"https:\/\/www.geostru.eu\/ro\/wp-json\/wp\/v2\/types\/product"}],"replies":[{"embeddable":true,"href":"https:\/\/www.geostru.eu\/ro\/wp-json\/wp\/v2\/comments?post=3574"}],"wp:featuredmedia":[{"embeddable":true,"href":"https:\/\/www.geostru.eu\/ro\/wp-json\/wp\/v2\/media\/20130"}],"wp:attachment":[{"href":"https:\/\/www.geostru.eu\/ro\/wp-json\/wp\/v2\/media?parent=3574"}],"wp:term":[{"taxonomy":"product_cat","embeddable":true,"href":"https:\/\/www.geostru.eu\/ro\/wp-json\/wp\/v2\/product_cat?post=3574"},{"taxonomy":"product_tag","embeddable":true,"href":"https:\/\/www.geostru.eu\/ro\/wp-json\/wp\/v2\/product_tag?post=3574"}],"curies":[{"name":"wp","href":"https:\/\/api.w.org\/{rel}","templated":true}]}}