{"id":3558,"date":"2022-06-18T17:58:07","date_gmt":"2022-06-18T15:58:07","guid":{"rendered":"https:\/\/www.geostru.eu\/?post_type=product&#038;p=3558"},"modified":"2026-04-11T07:24:05","modified_gmt":"2026-04-11T05:24:05","slug":"ziduri-de-sprijin","status":"publish","type":"product","link":"https:\/\/www.geostru.eu\/ro\/shop\/software-ro\/geotehnica-si-geologie\/ziduri-de-sprijin\/","title":{"rendered":"Ziduri de sprijin &#8211; MDC"},"content":{"rendered":"<p><strong>Normative de calcul suportate<\/strong><br \/>\n\u2022 Eurocod 7\/8<br \/>\n\u2022 NTC<br \/>\n\u2022 STAS<br \/>\n\u2022 British Codes BS8004\/BS8110<br \/>\n\u2022 SR EN 1997-1 Anexa RO \/ EC2: SR EN 1992-1-1 \/ Normativul pentru proiectarea lucr\u0103rilor de sus\u021binere (Anexa A)<\/p>\n<p>Caracteristica unica a acestui program este simplitatea cu care se pot gestiona diverse combina\u021bii de sarcini \u0219i \u00eenc\u0103rc\u0103ri rezum\u00e2nd \u00eentr-o singura faza at\u00e2t condi\u021biile cat \u0219i calculul.<\/p>\n<p>Datorita numeroaselor sale op\u021biuni, programul permite analiza zidurilor din b.a. \u0219i de greutate dintr-un larg spectru de cazuri:<br \/>\n\u2022 Ziduri din b.a.<br \/>\n\u2022 Ziduri de greutate<br \/>\n\u2022 Ziduri de gabioane<br \/>\n\u2022 Ziduri de blocuri<br \/>\n\u2022 Ziduri pe pilo\u021bi sau micropilo\u021bi<br \/>\n\u2022 Ziduri cu ancoraje<br \/>\n\u2022 Pinten de funda\u021bie<br \/>\n\u2022 Ziduri cu consola pe latura amonte<br \/>\n\u2022 Zid \u00een trepte pe latura amonte<br \/>\n\u2022 Zid cu funda\u021bie obelisc \u00een amonte \u0219i \u00een aval<br \/>\n\u2022 Forte ce ac\u021bioneaz\u0103 asupra zidului FX, FY, MZ \u00een n puncte<br \/>\n\u2022 Teren stratificat<br \/>\n\u2022 Rambleu<br \/>\n\u2022 Sarcini pe rambleu<br \/>\n\u2022 Prezenta p\u00e2nzei freatice sau a apei subterane captive intre doua strate impermeabile<br \/>\n\u2022 Posibilitatea introducerii drenajului amonte<br \/>\n\u2022 Ziduri de \u00eenchidere<br \/>\n\u2022 Diagramele tensiunilor<br \/>\n\u2022 Analiza stabilit\u0103\u021bii globale cu metodele: Fellenius, Bishop, Janbu, Bell, Sarma, Morgenstern&amp;Price, D.E.M., Zeng Liang<\/p>\n<p><strong>Stratigrafia<\/strong><br \/>\nModul foarte simplu de introducere a stratelor permite utilizatorului modelarea stratelor din amonte \u0219i aval de zid, cu inclina\u021bii individuale. Programul permite modificarea grosimii \u0219i inclina\u021biei stratelor cu ajutorul mouse-ului. Fiec\u0103rui strat ii sunt atribui\u021bi parametrii geotehnici necesari calculului \u0219i o culoare \u0219i\/sau o textura. Programul de\u021bine, de asemenea, o baza de date interna de terenuri, pe care utilizatorul o poate folosi \u0219i modifica.<\/p>\n<p><strong>Calcul<\/strong><br \/>\nUtilizatorul poate alege metoda Coulomb, Rankine sau Mononobe &amp; Okabe pentru calcularea \u00eempingerii. Este, de asemenea, posibila alegerea efectu\u0103rii calculului consider\u00e2nd \u00eempingerea \u00een repaus \u0219i, pentru elementele supuse \u00eempingerii pasive, specificarea procentului de \u00eempingere efectiv implicata.<br \/>\nCalculul structural poate fi realizat, la alegerea utilizatorului, cu metoda st\u0103rilor limita sau a tensiunilor admisibile.<\/p>\n","protected":false},"excerpt":{"rendered":"<p style=\"text-align: justify;\"><strong>Ziduri de sprijin, MDC<\/strong>: este un produs software destinat proiect\u0103rii \u0219i analizei zidurilor de sprijin din beton armat, ziduri de gabioane, ziduri de blocuri, ziduri gravita\u021bionale cu funda\u021bii directe sau pe pilo\u021bi, \u0219i, op\u021bional, \u00een prezenta ancorajelor.<br \/>\nProgramul realizeaz\u0103 calculul geotehnic folosind, la alegerea utilizatorului, teoriile adoptate \u00een general \u00een geotehnica, efectu\u00e2nd toate verific\u0103rile impuse de normativa aleasa, printre care aceea a stabilit\u0103\u021bii globale, chiar \u0219i \u00een condi\u021bii seismice.<br \/>\nCalculul structural realizeaz\u0103 dimensionarea \u0219i verificarea armaturilor, folosind metoda St\u0103rilor Limita Ultime sau a Tensiunilor Admisibile.<\/p>\n<table style=\"border-collapse: collapse; width: 100%;\">\n<tbody>\n<tr>\n<td style=\"width: 100%;\"><strong><a href=\"https:\/\/youtu.be\/44CwoyPwMn4\">Video Tutorial<\/a><\/strong><\/td>\n<\/tr>\n<\/tbody>\n<\/table>\n","protected":false},"featured_media":24570,"comment_status":"open","ping_status":"closed","template":"","meta":[],"product_cat":[530,89,85],"product_tag":[441],"class_list":{"0":"post-3558","1":"product","2":"type-product","3":"status-publish","4":"has-post-thumbnail","6":"product_cat-software-geologia-ro-2","7":"product_cat-structuri","8":"product_cat-geotehnica-si-geologie","9":"product_tag-ziduri-de-sprijin","10":"description-off","12":"first","13":"instock","14":"sale","15":"downloadable","16":"virtual","17":"sold-individually","18":"taxable","19":"purchasable","20":"product-type-licensed"},"yoast_head":"<!-- This site is optimized with the Yoast SEO Premium plugin v25.0 (Yoast SEO v25.0) - https:\/\/yoast.com\/wordpress\/plugins\/seo\/ -->\n<title>Ziduri de sprijin - MDC - GeoStru EU<\/title>\n<meta name=\"description\" content=\"Software pentru proiectare si analiza ziduri de sprijin, SR EN 1997-1 Anexa RO \/ EC2: SR EN 1992-1-1\" \/>\n<meta name=\"robots\" content=\"index, follow, max-snippet:-1, max-image-preview:large, max-video-preview:-1\" \/>\n<link rel=\"canonical\" href=\"https:\/\/www.geostru.eu\/ro\/shop\/software-ro\/geotehnica-si-geologie\/ziduri-de-sprijin\/\" \/>\n<meta property=\"og:locale\" content=\"ro_RO\" \/>\n<meta property=\"og:type\" content=\"article\" \/>\n<meta property=\"og:title\" content=\"Ziduri de sprijin - MDC\" \/>\n<meta property=\"og:description\" content=\"Software pentru proiectare si analiza ziduri de sprijin, SR EN 1997-1 Anexa RO \/ EC2: SR EN 1992-1-1\" \/>\n<meta property=\"og:url\" content=\"https:\/\/www.geostru.eu\/ro\/shop\/software-ro\/geotehnica-si-geologie\/ziduri-de-sprijin\/\" \/>\n<meta property=\"og:site_name\" content=\"GeoStru EU\" \/>\n<meta property=\"article:publisher\" content=\"https:\/\/www.facebook.com\/GeoStruSoftware\/\" \/>\n<meta property=\"article:modified_time\" content=\"2026-04-11T05:24:05+00:00\" \/>\n<meta property=\"og:image\" content=\"https:\/\/www.geostru.eu\/wp-content\/uploads\/2014\/11\/MDC_ro_001.png\" \/>\n\t<meta property=\"og:image:width\" content=\"1914\" \/>\n\t<meta property=\"og:image:height\" content=\"1027\" \/>\n\t<meta property=\"og:image:type\" content=\"image\/png\" \/>\n<meta name=\"twitter:card\" content=\"summary_large_image\" \/>\n<meta name=\"twitter:site\" content=\"@geostru\" \/>\n<meta name=\"twitter:label1\" content=\"Pre\u021b\" \/>\n\t<meta name=\"twitter:data1\" content=\"&euro;390.00 f\u0103r\u0103 TVA\" \/>\n\t<meta name=\"twitter:label2\" content=\"Disponibilitate\" \/>\n\t<meta name=\"twitter:data2\" content=\"\u00cen stoc\" \/>\n<script type=\"application\/ld+json\" class=\"yoast-schema-graph\">{\"@context\":\"https:\/\/schema.org\",\"@graph\":[{\"@type\":\"WebPage\",\"@id\":\"https:\/\/www.geostru.eu\/ro\/shop\/software-ro\/geotehnica-si-geologie\/ziduri-de-sprijin\/\",\"url\":\"https:\/\/www.geostru.eu\/ro\/shop\/software-ro\/geotehnica-si-geologie\/ziduri-de-sprijin\/\",\"name\":\"Ziduri de sprijin - MDC - GeoStru EU\",\"isPartOf\":{\"@id\":\"https:\/\/www.geostru.eu\/ro\/#website\"},\"primaryImageOfPage\":{\"@id\":\"https:\/\/www.geostru.eu\/ro\/shop\/software-ro\/geotehnica-si-geologie\/ziduri-de-sprijin\/#primaryimage\"},\"image\":{\"@id\":\"https:\/\/www.geostru.eu\/ro\/shop\/software-ro\/geotehnica-si-geologie\/ziduri-de-sprijin\/#primaryimage\"},\"thumbnailUrl\":\"https:\/\/www.geostru.eu\/wp-content\/uploads\/2014\/11\/MDC_ro_001.png\",\"datePublished\":\"2022-06-18T15:58:07+00:00\",\"dateModified\":\"2026-04-11T05:24:05+00:00\",\"description\":\"Software pentru proiectare si analiza ziduri de sprijin, SR EN 1997-1 Anexa RO \/ EC2: SR EN 1992-1-1\",\"breadcrumb\":{\"@id\":\"https:\/\/www.geostru.eu\/ro\/shop\/software-ro\/geotehnica-si-geologie\/ziduri-de-sprijin\/#breadcrumb\"},\"inLanguage\":\"ro-RO\",\"potentialAction\":[{\"@type\":\"ReadAction\",\"target\":[\"https:\/\/www.geostru.eu\/ro\/shop\/software-ro\/geotehnica-si-geologie\/ziduri-de-sprijin\/\"]}]},{\"@type\":\"ImageObject\",\"inLanguage\":\"ro-RO\",\"@id\":\"https:\/\/www.geostru.eu\/ro\/shop\/software-ro\/geotehnica-si-geologie\/ziduri-de-sprijin\/#primaryimage\",\"url\":\"https:\/\/www.geostru.eu\/wp-content\/uploads\/2014\/11\/MDC_ro_001.png\",\"contentUrl\":\"https:\/\/www.geostru.eu\/wp-content\/uploads\/2014\/11\/MDC_ro_001.png\",\"width\":1914,\"height\":1027,\"caption\":\"zidurilor de sprijin geostru\"},{\"@type\":\"BreadcrumbList\",\"@id\":\"https:\/\/www.geostru.eu\/ro\/shop\/software-ro\/geotehnica-si-geologie\/ziduri-de-sprijin\/#breadcrumb\",\"itemListElement\":[{\"@type\":\"ListItem\",\"position\":1,\"name\":\"Home\",\"item\":\"https:\/\/www.geostru.eu\/ro\/\"},{\"@type\":\"ListItem\",\"position\":2,\"name\":\"Shop\",\"item\":\"https:\/\/www.geostru.eu\/shop\/?lang=ro\"},{\"@type\":\"ListItem\",\"position\":3,\"name\":\"Ziduri de sprijin &#8211; MDC\"}]},{\"@type\":\"WebSite\",\"@id\":\"https:\/\/www.geostru.eu\/ro\/#website\",\"url\":\"https:\/\/www.geostru.eu\/ro\/\",\"name\":\"GeoStru EU\",\"description\":\"Professionals at your service\",\"publisher\":{\"@id\":\"https:\/\/www.geostru.eu\/ro\/#organization\"},\"potentialAction\":[{\"@type\":\"SearchAction\",\"target\":{\"@type\":\"EntryPoint\",\"urlTemplate\":\"https:\/\/www.geostru.eu\/ro\/?s={search_term_string}\"},\"query-input\":{\"@type\":\"PropertyValueSpecification\",\"valueRequired\":true,\"valueName\":\"search_term_string\"}}],\"inLanguage\":\"ro-RO\"},{\"@type\":\"Organization\",\"@id\":\"https:\/\/www.geostru.eu\/ro\/#organization\",\"name\":\"GeoStru EU\",\"url\":\"https:\/\/www.geostru.eu\/ro\/\",\"logo\":{\"@type\":\"ImageObject\",\"inLanguage\":\"ro-RO\",\"@id\":\"https:\/\/www.geostru.eu\/ro\/#\/schema\/logo\/image\/\",\"url\":\"https:\/\/www.geostru.eu\/wp-content\/uploads\/2023\/02\/LOGO_GEOSTRU_educational_banner.png\",\"contentUrl\":\"https:\/\/www.geostru.eu\/wp-content\/uploads\/2023\/02\/LOGO_GEOSTRU_educational_banner.png\",\"width\":363,\"height\":115,\"caption\":\"GeoStru EU\"},\"image\":{\"@id\":\"https:\/\/www.geostru.eu\/ro\/#\/schema\/logo\/image\/\"},\"sameAs\":[\"https:\/\/www.facebook.com\/GeoStruSoftware\/\",\"https:\/\/x.com\/geostru\",\"https:\/\/www.linkedin.com\/company\/2462488\/admin\/\",\"https:\/\/www.instagram.com\/geostru\/\"]}]}<\/script>\n<meta property=\"product:brand\" content=\"Geologie\" \/>\n<meta property=\"product:price:amount\" content=\"390.00\" \/>\n<meta property=\"product:price:currency\" content=\"EUR\" \/>\n<meta property=\"og:availability\" content=\"instock\" \/>\n<meta property=\"product:availability\" content=\"instock\" \/>\n<meta property=\"product:retailer_item_id\" content=\"6\" \/>\n<meta property=\"product:condition\" content=\"new\" \/>\n<!-- \/ Yoast SEO Premium plugin. -->","yoast_head_json":{"title":"Ziduri de sprijin - MDC - GeoStru EU","description":"Software pentru proiectare si analiza ziduri de sprijin, SR EN 1997-1 Anexa RO \/ EC2: SR EN 1992-1-1","robots":{"index":"index","follow":"follow","max-snippet":"max-snippet:-1","max-image-preview":"max-image-preview:large","max-video-preview":"max-video-preview:-1"},"canonical":"https:\/\/www.geostru.eu\/ro\/shop\/software-ro\/geotehnica-si-geologie\/ziduri-de-sprijin\/","og_locale":"ro_RO","og_type":"article","og_title":"Ziduri de sprijin - MDC","og_description":"Software pentru proiectare si analiza ziduri de sprijin, SR EN 1997-1 Anexa RO \/ EC2: SR EN 1992-1-1","og_url":"https:\/\/www.geostru.eu\/ro\/shop\/software-ro\/geotehnica-si-geologie\/ziduri-de-sprijin\/","og_site_name":"GeoStru EU","article_publisher":"https:\/\/www.facebook.com\/GeoStruSoftware\/","article_modified_time":"2026-04-11T05:24:05+00:00","og_image":[{"width":1914,"height":1027,"url":"https:\/\/www.geostru.eu\/wp-content\/uploads\/2014\/11\/MDC_ro_001.png","type":"image\/png"}],"twitter_card":"summary_large_image","twitter_site":"@geostru","twitter_misc":{"Pre\u021b":"&euro;390.00 f\u0103r\u0103 TVA","Disponibilitate":"\u00cen stoc"},"schema":{"@context":"https:\/\/schema.org","@graph":[{"@type":"WebPage","@id":"https:\/\/www.geostru.eu\/ro\/shop\/software-ro\/geotehnica-si-geologie\/ziduri-de-sprijin\/","url":"https:\/\/www.geostru.eu\/ro\/shop\/software-ro\/geotehnica-si-geologie\/ziduri-de-sprijin\/","name":"Ziduri de sprijin - MDC - GeoStru EU","isPartOf":{"@id":"https:\/\/www.geostru.eu\/ro\/#website"},"primaryImageOfPage":{"@id":"https:\/\/www.geostru.eu\/ro\/shop\/software-ro\/geotehnica-si-geologie\/ziduri-de-sprijin\/#primaryimage"},"image":{"@id":"https:\/\/www.geostru.eu\/ro\/shop\/software-ro\/geotehnica-si-geologie\/ziduri-de-sprijin\/#primaryimage"},"thumbnailUrl":"https:\/\/www.geostru.eu\/wp-content\/uploads\/2014\/11\/MDC_ro_001.png","datePublished":"2022-06-18T15:58:07+00:00","dateModified":"2026-04-11T05:24:05+00:00","description":"Software pentru proiectare si analiza ziduri de sprijin, SR EN 1997-1 Anexa RO \/ EC2: SR EN 1992-1-1","breadcrumb":{"@id":"https:\/\/www.geostru.eu\/ro\/shop\/software-ro\/geotehnica-si-geologie\/ziduri-de-sprijin\/#breadcrumb"},"inLanguage":"ro-RO","potentialAction":[{"@type":"ReadAction","target":["https:\/\/www.geostru.eu\/ro\/shop\/software-ro\/geotehnica-si-geologie\/ziduri-de-sprijin\/"]}]},{"@type":"ImageObject","inLanguage":"ro-RO","@id":"https:\/\/www.geostru.eu\/ro\/shop\/software-ro\/geotehnica-si-geologie\/ziduri-de-sprijin\/#primaryimage","url":"https:\/\/www.geostru.eu\/wp-content\/uploads\/2014\/11\/MDC_ro_001.png","contentUrl":"https:\/\/www.geostru.eu\/wp-content\/uploads\/2014\/11\/MDC_ro_001.png","width":1914,"height":1027,"caption":"zidurilor de sprijin geostru"},{"@type":"BreadcrumbList","@id":"https:\/\/www.geostru.eu\/ro\/shop\/software-ro\/geotehnica-si-geologie\/ziduri-de-sprijin\/#breadcrumb","itemListElement":[{"@type":"ListItem","position":1,"name":"Home","item":"https:\/\/www.geostru.eu\/ro\/"},{"@type":"ListItem","position":2,"name":"Shop","item":"https:\/\/www.geostru.eu\/shop\/?lang=ro"},{"@type":"ListItem","position":3,"name":"Ziduri de sprijin &#8211; MDC"}]},{"@type":"WebSite","@id":"https:\/\/www.geostru.eu\/ro\/#website","url":"https:\/\/www.geostru.eu\/ro\/","name":"GeoStru EU","description":"Professionals at your service","publisher":{"@id":"https:\/\/www.geostru.eu\/ro\/#organization"},"potentialAction":[{"@type":"SearchAction","target":{"@type":"EntryPoint","urlTemplate":"https:\/\/www.geostru.eu\/ro\/?s={search_term_string}"},"query-input":{"@type":"PropertyValueSpecification","valueRequired":true,"valueName":"search_term_string"}}],"inLanguage":"ro-RO"},{"@type":"Organization","@id":"https:\/\/www.geostru.eu\/ro\/#organization","name":"GeoStru EU","url":"https:\/\/www.geostru.eu\/ro\/","logo":{"@type":"ImageObject","inLanguage":"ro-RO","@id":"https:\/\/www.geostru.eu\/ro\/#\/schema\/logo\/image\/","url":"https:\/\/www.geostru.eu\/wp-content\/uploads\/2023\/02\/LOGO_GEOSTRU_educational_banner.png","contentUrl":"https:\/\/www.geostru.eu\/wp-content\/uploads\/2023\/02\/LOGO_GEOSTRU_educational_banner.png","width":363,"height":115,"caption":"GeoStru EU"},"image":{"@id":"https:\/\/www.geostru.eu\/ro\/#\/schema\/logo\/image\/"},"sameAs":["https:\/\/www.facebook.com\/GeoStruSoftware\/","https:\/\/x.com\/geostru","https:\/\/www.linkedin.com\/company\/2462488\/admin\/","https:\/\/www.instagram.com\/geostru\/"]}]},"product_brand":"Geologie","product_price_amount":"390.00","product_price_currency":"EUR","og_availability":"instock","product_availability":"instock","product_retailer_item_id":"6","product_condition":"new"},"_links":{"self":[{"href":"https:\/\/www.geostru.eu\/ro\/wp-json\/wp\/v2\/product\/3558"}],"collection":[{"href":"https:\/\/www.geostru.eu\/ro\/wp-json\/wp\/v2\/product"}],"about":[{"href":"https:\/\/www.geostru.eu\/ro\/wp-json\/wp\/v2\/types\/product"}],"replies":[{"embeddable":true,"href":"https:\/\/www.geostru.eu\/ro\/wp-json\/wp\/v2\/comments?post=3558"}],"wp:featuredmedia":[{"embeddable":true,"href":"https:\/\/www.geostru.eu\/ro\/wp-json\/wp\/v2\/media\/24570"}],"wp:attachment":[{"href":"https:\/\/www.geostru.eu\/ro\/wp-json\/wp\/v2\/media?parent=3558"}],"wp:term":[{"taxonomy":"product_cat","embeddable":true,"href":"https:\/\/www.geostru.eu\/ro\/wp-json\/wp\/v2\/product_cat?post=3558"},{"taxonomy":"product_tag","embeddable":true,"href":"https:\/\/www.geostru.eu\/ro\/wp-json\/wp\/v2\/product_tag?post=3558"}],"curies":[{"name":"wp","href":"https:\/\/api.w.org\/{rel}","templated":true}]}}