{"id":3549,"date":"2022-06-18T17:35:48","date_gmt":"2022-06-18T15:35:48","guid":{"rendered":"https:\/\/www.geostru.eu\/?post_type=product&#038;p=3549"},"modified":"2025-05-07T18:21:11","modified_gmt":"2025-05-07T16:21:11","slug":"gabioane-si-praguri-de-fund","status":"publish","type":"product","link":"https:\/\/www.geostru.eu\/ro\/shop\/software-ro\/geotehnica-si-geologie\/gabioane-si-praguri-de-fund\/","title":{"rendered":"Gabioane \u0219i praguri de fund  &#8211; GDW"},"content":{"rendered":"<p>Verific\u0103rile de siguran\u021ba sunt executate pentru combina\u021bii de sarcini definite de utilizator, \u00een conformitate cu directivele impuse de noile normative.<\/p>\n<p><strong>FACTORI DE SIGURANTA<\/strong>:<br \/>\n\u2022 Factor de siguran\u021ba la r\u0103sturnare<br \/>\n\u2022 Factor de siguran\u021ba la alunecare<br \/>\n\u2022 Factor de siguran\u021ba la sarcina limita<br \/>\n\u2022 Factor de siguran\u021ba la stabilitate globala<br \/>\n\u2022 Factor de siguran\u021ba la sifonare\/infiltra\u021bie<\/p>\n<p>In ceea ce prive\u0219te zidurile din GABIOANE, sunt prevazute verific\u0103ri de siguran\u021ba ulterioare, \u00een special:<br \/>\n\u2022 Verificare de siguran\u021ba la alunecare la interfa\u021ba gabion-gabion<br \/>\n\u2022 Verificare de siguran\u021ba la sf\u0103r\u00e2mare la interfa\u021ba gabion-gabion<\/p>\n<p><strong>Dimensionare hidraulica:<\/strong><br \/>\n\u2022 Inclina\u021bia de compensare. Inclina\u021bia de compensare este inclina\u021bia albiei la care are loc sedimentarea materialului \u00een spatele pragului, iar pentru un debit de proiectare fixat, corpurile inerte sunt \u00een echilibru<br \/>\n\u2022 \u00cen\u0103l\u021bimea deversorului<br \/>\n\u2022 Excavarea maxima \u00een avalul pragului, dup\u0103 ce s-au calculat \u00een\u0103l\u021bimile curentului aval \u0219i amonte de acesta<br \/>\n\u2022 Factorul de siguran\u021ba la sifonare\/infiltra\u021bie, calculat cu metoda elementelor finite specifica problemei infiltr\u0103rii \u00een mediu poros<br \/>\n\u2022 Ad\u00e2ncimea de maxima excavare calculata cu formula lui Schoklitsch<br \/>\n\u2022 C\u00e2nd este prezent un prag disipator se determina \u00een\u0103l\u021bimea minima a acestuia, lungimea minima a bazinului de disipare \u00een amonte de acesta, \u00een\u0103l\u021bimea curentului corespunz\u0103tor pragului disipator<\/p>\n<p><strong>Output:<\/strong><br \/>\nRapoarte de calcul text \u0219i grafice foarte detaliate, \u00een format DXF, RTF.<\/p>\n","protected":false},"excerpt":{"rendered":"<p style=\"text-align: justify;\"><strong>GDW<\/strong> realizeaz\u0103 analiza zidurilor din gabioane, a pragurilor de fund din beton simplu \u0219i a celor din gabioane, \u00een condi\u021bii statice \u0219i seismice.<br \/>\n<strong>GDW<\/strong> beneficiaz\u0103 de func\u021bionalit\u0103\u021bi grafice avansate precum vizualiz\u0103ri tridimensionale ce permit examinarea detaliata a proiectului.<\/p>\n<p style=\"text-align: justify;\">Analiza de stabilitate globala este efectuata cu <a href=\"https:\/\/www.geostru.eu\/shop\/software-extensions\/global-stability-analysis-gsa\/\">GSA &#8211; Global Stability analysis<\/a>.<\/p>\n<p style=\"text-align: justify;\"><a href=\"https:\/\/www.youtube.com\/watch?v=GAXSAcM3u_0\">Video tutorial<\/a><\/p>\n<p style=\"text-align: justify;\">\n","protected":false},"featured_media":15437,"comment_status":"open","ping_status":"closed","template":"","meta":[],"product_cat":[530,89,85],"product_tag":[412],"class_list":{"0":"post-3549","1":"product","2":"type-product","3":"status-publish","4":"has-post-thumbnail","6":"product_cat-software-geologia-ro-2","7":"product_cat-structuri","8":"product_cat-geotehnica-si-geologie","9":"product_tag-gdw-ro","10":"pa_product-professional-ro-2","11":"pa_product-subscription-1-year1","12":"description-off","14":"first","15":"instock","16":"sale","17":"downloadable","18":"virtual","19":"sold-individually","20":"taxable","21":"purchasable","22":"product-type-licensed"},"yoast_head":"<!-- This site is optimized with the Yoast SEO Premium plugin v25.0 (Yoast SEO v25.0) - https:\/\/yoast.com\/wordpress\/plugins\/seo\/ -->\n<title>Gabioane \u0219i praguri de fund - GDW - GeoStru EU<\/title>\n<meta name=\"description\" content=\"Software pentru calcul gabioane si praguri de fund\" \/>\n<meta name=\"robots\" content=\"index, follow, max-snippet:-1, max-image-preview:large, max-video-preview:-1\" \/>\n<link rel=\"canonical\" href=\"https:\/\/www.geostru.eu\/ro\/shop\/software-ro\/geotehnica-si-geologie\/gabioane-si-praguri-de-fund\/\" \/>\n<meta property=\"og:locale\" content=\"ro_RO\" \/>\n<meta property=\"og:type\" content=\"article\" \/>\n<meta property=\"og:title\" content=\"Gabioane \u0219i praguri de fund - GDW\" \/>\n<meta property=\"og:description\" content=\"Software pentru calcul gabioane si praguri de fund\" \/>\n<meta property=\"og:url\" content=\"https:\/\/www.geostru.eu\/ro\/shop\/software-ro\/geotehnica-si-geologie\/gabioane-si-praguri-de-fund\/\" \/>\n<meta property=\"og:site_name\" content=\"GeoStru EU\" \/>\n<meta property=\"article:publisher\" content=\"https:\/\/www.facebook.com\/GeoStruSoftware\/\" \/>\n<meta property=\"article:modified_time\" content=\"2025-05-07T16:21:11+00:00\" \/>\n<meta property=\"og:image\" content=\"https:\/\/www.geostru.eu\/wp-content\/uploads\/2015\/08\/gdw_moduli.png\" \/>\n\t<meta property=\"og:image:width\" content=\"1925\" \/>\n\t<meta property=\"og:image:height\" content=\"1039\" \/>\n\t<meta property=\"og:image:type\" content=\"image\/png\" \/>\n<meta name=\"twitter:card\" content=\"summary_large_image\" \/>\n<meta name=\"twitter:site\" content=\"@geostru\" \/>\n<meta name=\"twitter:label1\" content=\"Pre\u021b\" \/>\n\t<meta name=\"twitter:data1\" content=\"&euro;390.00 f\u0103r\u0103 TVA\" \/>\n\t<meta name=\"twitter:label2\" content=\"Disponibilitate\" \/>\n\t<meta name=\"twitter:data2\" content=\"\u00cen stoc\" \/>\n<script type=\"application\/ld+json\" class=\"yoast-schema-graph\">{\"@context\":\"https:\/\/schema.org\",\"@graph\":[{\"@type\":\"WebPage\",\"@id\":\"https:\/\/www.geostru.eu\/ro\/shop\/software-ro\/geotehnica-si-geologie\/gabioane-si-praguri-de-fund\/\",\"url\":\"https:\/\/www.geostru.eu\/ro\/shop\/software-ro\/geotehnica-si-geologie\/gabioane-si-praguri-de-fund\/\",\"name\":\"Gabioane \u0219i praguri de fund - GDW - GeoStru EU\",\"isPartOf\":{\"@id\":\"https:\/\/www.geostru.eu\/ro\/#website\"},\"primaryImageOfPage\":{\"@id\":\"https:\/\/www.geostru.eu\/ro\/shop\/software-ro\/geotehnica-si-geologie\/gabioane-si-praguri-de-fund\/#primaryimage\"},\"image\":{\"@id\":\"https:\/\/www.geostru.eu\/ro\/shop\/software-ro\/geotehnica-si-geologie\/gabioane-si-praguri-de-fund\/#primaryimage\"},\"thumbnailUrl\":\"https:\/\/www.geostru.eu\/wp-content\/uploads\/2015\/08\/gdw_moduli.png\",\"datePublished\":\"2022-06-18T15:35:48+00:00\",\"dateModified\":\"2025-05-07T16:21:11+00:00\",\"description\":\"Software pentru calcul gabioane si praguri de fund\",\"breadcrumb\":{\"@id\":\"https:\/\/www.geostru.eu\/ro\/shop\/software-ro\/geotehnica-si-geologie\/gabioane-si-praguri-de-fund\/#breadcrumb\"},\"inLanguage\":\"ro-RO\",\"potentialAction\":[{\"@type\":\"ReadAction\",\"target\":[\"https:\/\/www.geostru.eu\/ro\/shop\/software-ro\/geotehnica-si-geologie\/gabioane-si-praguri-de-fund\/\"]}]},{\"@type\":\"ImageObject\",\"inLanguage\":\"ro-RO\",\"@id\":\"https:\/\/www.geostru.eu\/ro\/shop\/software-ro\/geotehnica-si-geologie\/gabioane-si-praguri-de-fund\/#primaryimage\",\"url\":\"https:\/\/www.geostru.eu\/wp-content\/uploads\/2015\/08\/gdw_moduli.png\",\"contentUrl\":\"https:\/\/www.geostru.eu\/wp-content\/uploads\/2015\/08\/gdw_moduli.png\",\"width\":1925,\"height\":1039,\"caption\":\"briglie gdw\"},{\"@type\":\"BreadcrumbList\",\"@id\":\"https:\/\/www.geostru.eu\/ro\/shop\/software-ro\/geotehnica-si-geologie\/gabioane-si-praguri-de-fund\/#breadcrumb\",\"itemListElement\":[{\"@type\":\"ListItem\",\"position\":1,\"name\":\"Home\",\"item\":\"https:\/\/www.geostru.eu\/ro\/\"},{\"@type\":\"ListItem\",\"position\":2,\"name\":\"Shop\",\"item\":\"https:\/\/www.geostru.eu\/shop\/?lang=ro\"},{\"@type\":\"ListItem\",\"position\":3,\"name\":\"Gabioane \u0219i praguri de fund &#8211; GDW\"}]},{\"@type\":\"WebSite\",\"@id\":\"https:\/\/www.geostru.eu\/ro\/#website\",\"url\":\"https:\/\/www.geostru.eu\/ro\/\",\"name\":\"GeoStru EU\",\"description\":\"Professionals at your service\",\"publisher\":{\"@id\":\"https:\/\/www.geostru.eu\/ro\/#organization\"},\"potentialAction\":[{\"@type\":\"SearchAction\",\"target\":{\"@type\":\"EntryPoint\",\"urlTemplate\":\"https:\/\/www.geostru.eu\/ro\/?s={search_term_string}\"},\"query-input\":{\"@type\":\"PropertyValueSpecification\",\"valueRequired\":true,\"valueName\":\"search_term_string\"}}],\"inLanguage\":\"ro-RO\"},{\"@type\":\"Organization\",\"@id\":\"https:\/\/www.geostru.eu\/ro\/#organization\",\"name\":\"GeoStru EU\",\"url\":\"https:\/\/www.geostru.eu\/ro\/\",\"logo\":{\"@type\":\"ImageObject\",\"inLanguage\":\"ro-RO\",\"@id\":\"https:\/\/www.geostru.eu\/ro\/#\/schema\/logo\/image\/\",\"url\":\"https:\/\/www.geostru.eu\/wp-content\/uploads\/2023\/02\/LOGO_GEOSTRU_educational_banner.png\",\"contentUrl\":\"https:\/\/www.geostru.eu\/wp-content\/uploads\/2023\/02\/LOGO_GEOSTRU_educational_banner.png\",\"width\":363,\"height\":115,\"caption\":\"GeoStru EU\"},\"image\":{\"@id\":\"https:\/\/www.geostru.eu\/ro\/#\/schema\/logo\/image\/\"},\"sameAs\":[\"https:\/\/www.facebook.com\/GeoStruSoftware\/\",\"https:\/\/x.com\/geostru\",\"https:\/\/www.linkedin.com\/company\/2462488\/admin\/\",\"https:\/\/www.instagram.com\/geostru\/\"]}]}<\/script>\n<meta property=\"product:brand\" content=\"Geologie\" \/>\n<meta property=\"product:price:amount\" content=\"390.00\" \/>\n<meta property=\"product:price:currency\" content=\"EUR\" \/>\n<meta property=\"og:availability\" content=\"instock\" \/>\n<meta property=\"product:availability\" content=\"instock\" \/>\n<meta property=\"product:retailer_item_id\" content=\"7\" \/>\n<meta property=\"product:condition\" content=\"new\" \/>\n<!-- \/ Yoast SEO Premium plugin. -->","yoast_head_json":{"title":"Gabioane \u0219i praguri de fund - GDW - GeoStru EU","description":"Software pentru calcul gabioane si praguri de fund","robots":{"index":"index","follow":"follow","max-snippet":"max-snippet:-1","max-image-preview":"max-image-preview:large","max-video-preview":"max-video-preview:-1"},"canonical":"https:\/\/www.geostru.eu\/ro\/shop\/software-ro\/geotehnica-si-geologie\/gabioane-si-praguri-de-fund\/","og_locale":"ro_RO","og_type":"article","og_title":"Gabioane \u0219i praguri de fund - GDW","og_description":"Software pentru calcul gabioane si praguri de fund","og_url":"https:\/\/www.geostru.eu\/ro\/shop\/software-ro\/geotehnica-si-geologie\/gabioane-si-praguri-de-fund\/","og_site_name":"GeoStru EU","article_publisher":"https:\/\/www.facebook.com\/GeoStruSoftware\/","article_modified_time":"2025-05-07T16:21:11+00:00","og_image":[{"width":1925,"height":1039,"url":"https:\/\/www.geostru.eu\/wp-content\/uploads\/2015\/08\/gdw_moduli.png","type":"image\/png"}],"twitter_card":"summary_large_image","twitter_site":"@geostru","twitter_misc":{"Pre\u021b":"&euro;390.00 f\u0103r\u0103 TVA","Disponibilitate":"\u00cen stoc"},"schema":{"@context":"https:\/\/schema.org","@graph":[{"@type":"WebPage","@id":"https:\/\/www.geostru.eu\/ro\/shop\/software-ro\/geotehnica-si-geologie\/gabioane-si-praguri-de-fund\/","url":"https:\/\/www.geostru.eu\/ro\/shop\/software-ro\/geotehnica-si-geologie\/gabioane-si-praguri-de-fund\/","name":"Gabioane \u0219i praguri de fund - GDW - GeoStru EU","isPartOf":{"@id":"https:\/\/www.geostru.eu\/ro\/#website"},"primaryImageOfPage":{"@id":"https:\/\/www.geostru.eu\/ro\/shop\/software-ro\/geotehnica-si-geologie\/gabioane-si-praguri-de-fund\/#primaryimage"},"image":{"@id":"https:\/\/www.geostru.eu\/ro\/shop\/software-ro\/geotehnica-si-geologie\/gabioane-si-praguri-de-fund\/#primaryimage"},"thumbnailUrl":"https:\/\/www.geostru.eu\/wp-content\/uploads\/2015\/08\/gdw_moduli.png","datePublished":"2022-06-18T15:35:48+00:00","dateModified":"2025-05-07T16:21:11+00:00","description":"Software pentru calcul gabioane si praguri de fund","breadcrumb":{"@id":"https:\/\/www.geostru.eu\/ro\/shop\/software-ro\/geotehnica-si-geologie\/gabioane-si-praguri-de-fund\/#breadcrumb"},"inLanguage":"ro-RO","potentialAction":[{"@type":"ReadAction","target":["https:\/\/www.geostru.eu\/ro\/shop\/software-ro\/geotehnica-si-geologie\/gabioane-si-praguri-de-fund\/"]}]},{"@type":"ImageObject","inLanguage":"ro-RO","@id":"https:\/\/www.geostru.eu\/ro\/shop\/software-ro\/geotehnica-si-geologie\/gabioane-si-praguri-de-fund\/#primaryimage","url":"https:\/\/www.geostru.eu\/wp-content\/uploads\/2015\/08\/gdw_moduli.png","contentUrl":"https:\/\/www.geostru.eu\/wp-content\/uploads\/2015\/08\/gdw_moduli.png","width":1925,"height":1039,"caption":"briglie gdw"},{"@type":"BreadcrumbList","@id":"https:\/\/www.geostru.eu\/ro\/shop\/software-ro\/geotehnica-si-geologie\/gabioane-si-praguri-de-fund\/#breadcrumb","itemListElement":[{"@type":"ListItem","position":1,"name":"Home","item":"https:\/\/www.geostru.eu\/ro\/"},{"@type":"ListItem","position":2,"name":"Shop","item":"https:\/\/www.geostru.eu\/shop\/?lang=ro"},{"@type":"ListItem","position":3,"name":"Gabioane \u0219i praguri de fund &#8211; GDW"}]},{"@type":"WebSite","@id":"https:\/\/www.geostru.eu\/ro\/#website","url":"https:\/\/www.geostru.eu\/ro\/","name":"GeoStru EU","description":"Professionals at your service","publisher":{"@id":"https:\/\/www.geostru.eu\/ro\/#organization"},"potentialAction":[{"@type":"SearchAction","target":{"@type":"EntryPoint","urlTemplate":"https:\/\/www.geostru.eu\/ro\/?s={search_term_string}"},"query-input":{"@type":"PropertyValueSpecification","valueRequired":true,"valueName":"search_term_string"}}],"inLanguage":"ro-RO"},{"@type":"Organization","@id":"https:\/\/www.geostru.eu\/ro\/#organization","name":"GeoStru EU","url":"https:\/\/www.geostru.eu\/ro\/","logo":{"@type":"ImageObject","inLanguage":"ro-RO","@id":"https:\/\/www.geostru.eu\/ro\/#\/schema\/logo\/image\/","url":"https:\/\/www.geostru.eu\/wp-content\/uploads\/2023\/02\/LOGO_GEOSTRU_educational_banner.png","contentUrl":"https:\/\/www.geostru.eu\/wp-content\/uploads\/2023\/02\/LOGO_GEOSTRU_educational_banner.png","width":363,"height":115,"caption":"GeoStru EU"},"image":{"@id":"https:\/\/www.geostru.eu\/ro\/#\/schema\/logo\/image\/"},"sameAs":["https:\/\/www.facebook.com\/GeoStruSoftware\/","https:\/\/x.com\/geostru","https:\/\/www.linkedin.com\/company\/2462488\/admin\/","https:\/\/www.instagram.com\/geostru\/"]}]},"product_brand":"Geologie","product_price_amount":"390.00","product_price_currency":"EUR","og_availability":"instock","product_availability":"instock","product_retailer_item_id":"7","product_condition":"new"},"_links":{"self":[{"href":"https:\/\/www.geostru.eu\/ro\/wp-json\/wp\/v2\/product\/3549"}],"collection":[{"href":"https:\/\/www.geostru.eu\/ro\/wp-json\/wp\/v2\/product"}],"about":[{"href":"https:\/\/www.geostru.eu\/ro\/wp-json\/wp\/v2\/types\/product"}],"replies":[{"embeddable":true,"href":"https:\/\/www.geostru.eu\/ro\/wp-json\/wp\/v2\/comments?post=3549"}],"wp:featuredmedia":[{"embeddable":true,"href":"https:\/\/www.geostru.eu\/ro\/wp-json\/wp\/v2\/media\/15437"}],"wp:attachment":[{"href":"https:\/\/www.geostru.eu\/ro\/wp-json\/wp\/v2\/media?parent=3549"}],"wp:term":[{"taxonomy":"product_cat","embeddable":true,"href":"https:\/\/www.geostru.eu\/ro\/wp-json\/wp\/v2\/product_cat?post=3549"},{"taxonomy":"product_tag","embeddable":true,"href":"https:\/\/www.geostru.eu\/ro\/wp-json\/wp\/v2\/product_tag?post=3549"}],"curies":[{"name":"wp","href":"https:\/\/api.w.org\/{rel}","templated":true}]}}