{"id":30279,"date":"2017-05-16T16:22:08","date_gmt":"2017-05-16T14:22:08","guid":{"rendered":"https:\/\/www.geostru.eu\/shop\/uncategorized\/earth-small-dams-esd\/"},"modified":"2025-05-13T18:21:10","modified_gmt":"2025-05-13T16:21:10","slug":"diguri-din-pamant-earth-small-dams-esd","status":"publish","type":"product","link":"https:\/\/www.geostru.eu\/ro\/shop\/software-ro\/diguri-din-pamant-earth-small-dams-esd\/","title":{"rendered":"Diguri din p\u0103m\u00e2nt &#8211; ESD"},"content":{"rendered":"<p>Software de verificare pentru diguri din p\u0103m\u00e2nt \u00een condi\u021bii statice \u0219i dinamice.<\/p>\n<p>Verific\u0103ri la: rezervor gol, rezervor plin, rezervor golit rapid.<br \/>\nVerificare la sifonare hidraulica, determinarea infiltra\u021biilor, lungimea infiltra\u021biilor \u0219i tendin\u021ba liniei de satura\u021bie.<\/p>\n<p>Localizarea pe harta a digului.<\/p>\n<p>Reprezentarea sec\u021biunii rambleului \u0219i a liniei de satura\u021bie.<\/p>\n<p>Raport de calcul incluz\u00e2nd note teoretice.<\/p>\n<p>Export \u00een format dxf \u0219i imagine.<\/p>\n","protected":false},"excerpt":{"rendered":"<p style=\"text-align: justify;\">Software de verificare pentru diguri din p\u0103m\u00e2nt \u00een condi\u021bii statice \u0219i dinamice.<\/p>\n<p style=\"text-align: justify;\">Verific\u0103ri la: rezervor gol, rezervor plin, rezervor golit rapid..<br \/>\nVerificare la sifonare hidraulica, determinarea infiltra\u021biilor, lungimea infiltra\u021biilor \u0219i tendin\u021ba liniei de satura\u021bie.<\/p>\n<p style=\"text-align: justify;\"><a href=\"https:\/\/www.youtube.com\/watch?v=a_-6wgNWXwU&amp;index=8&amp;list=PL1eCa1OxJalLlFPQ1tY4fP2Z545k3uDWh\">VIDEO&#8230;<\/a><\/p>\n","protected":false},"featured_media":29719,"comment_status":"open","ping_status":"closed","template":"","meta":[],"product_cat":[202,530,85,86],"product_tag":[759],"class_list":{"0":"post-30279","1":"product","2":"type-product","3":"status-publish","4":"has-post-thumbnail","6":"product_cat-software-ro","7":"product_cat-software-geologia-ro-2","8":"product_cat-geotehnica-si-geologie","9":"product_cat-hidrologie-si-hidraulica","10":"product_tag-earth-small-dams-ro","11":"description-off","13":"first","14":"instock","15":"featured","16":"downloadable","17":"virtual","18":"sold-individually","19":"taxable","20":"purchasable","21":"product-type-licensed"},"yoast_head":"<!-- This site is optimized with the Yoast SEO Premium plugin v25.0 (Yoast SEO v25.0) - https:\/\/yoast.com\/wordpress\/plugins\/seo\/ -->\n<title>Diguri din pamant - Earth Small Dams - ESD - GeoStru<\/title>\n<meta name=\"description\" content=\"Software de verificare pentru diguri din pamant in conditii statice si dinamice. Verificari la: rezervor gol, rezervor plin, rezervor golit rapid.\" \/>\n<meta name=\"robots\" content=\"index, follow, max-snippet:-1, max-image-preview:large, max-video-preview:-1\" \/>\n<link rel=\"canonical\" href=\"https:\/\/www.geostru.eu\/ro\/shop\/software-ro\/diguri-din-pamant-earth-small-dams-esd\/\" \/>\n<meta property=\"og:locale\" content=\"ro_RO\" \/>\n<meta property=\"og:type\" content=\"article\" \/>\n<meta property=\"og:title\" content=\"Diguri din p\u0103m\u00e2nt - ESD\" \/>\n<meta property=\"og:description\" content=\"Software de verificare pentru diguri din pamant in conditii statice si dinamice. Verificari la: rezervor gol, rezervor plin, rezervor golit rapid.\" \/>\n<meta property=\"og:url\" content=\"https:\/\/www.geostru.eu\/ro\/shop\/software-ro\/diguri-din-pamant-earth-small-dams-esd\/\" \/>\n<meta property=\"og:site_name\" content=\"GeoStru EU\" \/>\n<meta property=\"article:publisher\" content=\"https:\/\/www.facebook.com\/GeoStruSoftware\/\" \/>\n<meta property=\"article:modified_time\" content=\"2025-05-13T16:21:10+00:00\" \/>\n<meta property=\"og:image\" content=\"https:\/\/www.geostru.eu\/wp-content\/uploads\/2017\/05\/edd_22.jpg\" \/>\n\t<meta property=\"og:image:width\" content=\"570\" \/>\n\t<meta property=\"og:image:height\" content=\"307\" \/>\n\t<meta property=\"og:image:type\" content=\"image\/jpeg\" \/>\n<meta name=\"twitter:card\" content=\"summary_large_image\" \/>\n<meta name=\"twitter:site\" content=\"@geostru\" \/>\n<meta name=\"twitter:label1\" content=\"Pre\u021b\" \/>\n\t<meta name=\"twitter:data1\" content=\"&euro;450.00 f\u0103r\u0103 TVA\" \/>\n\t<meta name=\"twitter:label2\" content=\"Disponibilitate\" \/>\n\t<meta name=\"twitter:data2\" content=\"\u00cen stoc\" \/>\n<script type=\"application\/ld+json\" class=\"yoast-schema-graph\">{\"@context\":\"https:\/\/schema.org\",\"@graph\":[{\"@type\":\"WebPage\",\"@id\":\"https:\/\/www.geostru.eu\/ro\/shop\/software-ro\/diguri-din-pamant-earth-small-dams-esd\/\",\"url\":\"https:\/\/www.geostru.eu\/ro\/shop\/software-ro\/diguri-din-pamant-earth-small-dams-esd\/\",\"name\":\"Diguri din pamant - Earth Small Dams - ESD - GeoStru\",\"isPartOf\":{\"@id\":\"https:\/\/www.geostru.eu\/ro\/#website\"},\"primaryImageOfPage\":{\"@id\":\"https:\/\/www.geostru.eu\/ro\/shop\/software-ro\/diguri-din-pamant-earth-small-dams-esd\/#primaryimage\"},\"image\":{\"@id\":\"https:\/\/www.geostru.eu\/ro\/shop\/software-ro\/diguri-din-pamant-earth-small-dams-esd\/#primaryimage\"},\"thumbnailUrl\":\"https:\/\/www.geostru.eu\/wp-content\/uploads\/2017\/05\/edd_22.jpg\",\"datePublished\":\"2017-05-16T14:22:08+00:00\",\"dateModified\":\"2025-05-13T16:21:10+00:00\",\"description\":\"Software de verificare pentru diguri din pamant in conditii statice si dinamice. Verificari la: rezervor gol, rezervor plin, rezervor golit rapid.\",\"breadcrumb\":{\"@id\":\"https:\/\/www.geostru.eu\/ro\/shop\/software-ro\/diguri-din-pamant-earth-small-dams-esd\/#breadcrumb\"},\"inLanguage\":\"ro-RO\",\"potentialAction\":[{\"@type\":\"ReadAction\",\"target\":[\"https:\/\/www.geostru.eu\/ro\/shop\/software-ro\/diguri-din-pamant-earth-small-dams-esd\/\"]}]},{\"@type\":\"ImageObject\",\"inLanguage\":\"ro-RO\",\"@id\":\"https:\/\/www.geostru.eu\/ro\/shop\/software-ro\/diguri-din-pamant-earth-small-dams-esd\/#primaryimage\",\"url\":\"https:\/\/www.geostru.eu\/wp-content\/uploads\/2017\/05\/edd_22.jpg\",\"contentUrl\":\"https:\/\/www.geostru.eu\/wp-content\/uploads\/2017\/05\/edd_22.jpg\",\"width\":570,\"height\":307,\"caption\":\"Diguri din pamant\"},{\"@type\":\"BreadcrumbList\",\"@id\":\"https:\/\/www.geostru.eu\/ro\/shop\/software-ro\/diguri-din-pamant-earth-small-dams-esd\/#breadcrumb\",\"itemListElement\":[{\"@type\":\"ListItem\",\"position\":1,\"name\":\"Home\",\"item\":\"https:\/\/www.geostru.eu\/ro\/\"},{\"@type\":\"ListItem\",\"position\":2,\"name\":\"Shop\",\"item\":\"https:\/\/www.geostru.eu\/shop\/?lang=ro\"},{\"@type\":\"ListItem\",\"position\":3,\"name\":\"Diguri din p\u0103m\u00e2nt &#8211; ESD\"}]},{\"@type\":\"WebSite\",\"@id\":\"https:\/\/www.geostru.eu\/ro\/#website\",\"url\":\"https:\/\/www.geostru.eu\/ro\/\",\"name\":\"GeoStru EU\",\"description\":\"Professionals at your service\",\"publisher\":{\"@id\":\"https:\/\/www.geostru.eu\/ro\/#organization\"},\"potentialAction\":[{\"@type\":\"SearchAction\",\"target\":{\"@type\":\"EntryPoint\",\"urlTemplate\":\"https:\/\/www.geostru.eu\/ro\/?s={search_term_string}\"},\"query-input\":{\"@type\":\"PropertyValueSpecification\",\"valueRequired\":true,\"valueName\":\"search_term_string\"}}],\"inLanguage\":\"ro-RO\"},{\"@type\":\"Organization\",\"@id\":\"https:\/\/www.geostru.eu\/ro\/#organization\",\"name\":\"GeoStru EU\",\"url\":\"https:\/\/www.geostru.eu\/ro\/\",\"logo\":{\"@type\":\"ImageObject\",\"inLanguage\":\"ro-RO\",\"@id\":\"https:\/\/www.geostru.eu\/ro\/#\/schema\/logo\/image\/\",\"url\":\"https:\/\/www.geostru.eu\/wp-content\/uploads\/2023\/02\/LOGO_GEOSTRU_educational_banner.png\",\"contentUrl\":\"https:\/\/www.geostru.eu\/wp-content\/uploads\/2023\/02\/LOGO_GEOSTRU_educational_banner.png\",\"width\":363,\"height\":115,\"caption\":\"GeoStru EU\"},\"image\":{\"@id\":\"https:\/\/www.geostru.eu\/ro\/#\/schema\/logo\/image\/\"},\"sameAs\":[\"https:\/\/www.facebook.com\/GeoStruSoftware\/\",\"https:\/\/x.com\/geostru\",\"https:\/\/www.linkedin.com\/company\/2462488\/admin\/\",\"https:\/\/www.instagram.com\/geostru\/\"]}]}<\/script>\n<meta property=\"product:brand\" content=\"Software\" \/>\n<meta property=\"product:price:amount\" content=\"450.00\" \/>\n<meta property=\"product:price:currency\" content=\"EUR\" \/>\n<meta property=\"og:availability\" content=\"instock\" \/>\n<meta property=\"product:availability\" content=\"instock\" \/>\n<meta property=\"product:retailer_item_id\" content=\"54\" \/>\n<meta property=\"product:condition\" content=\"new\" \/>\n<!-- \/ Yoast SEO Premium plugin. -->","yoast_head_json":{"title":"Diguri din pamant - Earth Small Dams - ESD - GeoStru","description":"Software de verificare pentru diguri din pamant in conditii statice si dinamice. Verificari la: rezervor gol, rezervor plin, rezervor golit rapid.","robots":{"index":"index","follow":"follow","max-snippet":"max-snippet:-1","max-image-preview":"max-image-preview:large","max-video-preview":"max-video-preview:-1"},"canonical":"https:\/\/www.geostru.eu\/ro\/shop\/software-ro\/diguri-din-pamant-earth-small-dams-esd\/","og_locale":"ro_RO","og_type":"article","og_title":"Diguri din p\u0103m\u00e2nt - ESD","og_description":"Software de verificare pentru diguri din pamant in conditii statice si dinamice. Verificari la: rezervor gol, rezervor plin, rezervor golit rapid.","og_url":"https:\/\/www.geostru.eu\/ro\/shop\/software-ro\/diguri-din-pamant-earth-small-dams-esd\/","og_site_name":"GeoStru EU","article_publisher":"https:\/\/www.facebook.com\/GeoStruSoftware\/","article_modified_time":"2025-05-13T16:21:10+00:00","og_image":[{"width":570,"height":307,"url":"https:\/\/www.geostru.eu\/wp-content\/uploads\/2017\/05\/edd_22.jpg","type":"image\/jpeg"}],"twitter_card":"summary_large_image","twitter_site":"@geostru","twitter_misc":{"Pre\u021b":"&euro;450.00 f\u0103r\u0103 TVA","Disponibilitate":"\u00cen stoc"},"schema":{"@context":"https:\/\/schema.org","@graph":[{"@type":"WebPage","@id":"https:\/\/www.geostru.eu\/ro\/shop\/software-ro\/diguri-din-pamant-earth-small-dams-esd\/","url":"https:\/\/www.geostru.eu\/ro\/shop\/software-ro\/diguri-din-pamant-earth-small-dams-esd\/","name":"Diguri din pamant - Earth Small Dams - ESD - GeoStru","isPartOf":{"@id":"https:\/\/www.geostru.eu\/ro\/#website"},"primaryImageOfPage":{"@id":"https:\/\/www.geostru.eu\/ro\/shop\/software-ro\/diguri-din-pamant-earth-small-dams-esd\/#primaryimage"},"image":{"@id":"https:\/\/www.geostru.eu\/ro\/shop\/software-ro\/diguri-din-pamant-earth-small-dams-esd\/#primaryimage"},"thumbnailUrl":"https:\/\/www.geostru.eu\/wp-content\/uploads\/2017\/05\/edd_22.jpg","datePublished":"2017-05-16T14:22:08+00:00","dateModified":"2025-05-13T16:21:10+00:00","description":"Software de verificare pentru diguri din pamant in conditii statice si dinamice. Verificari la: rezervor gol, rezervor plin, rezervor golit rapid.","breadcrumb":{"@id":"https:\/\/www.geostru.eu\/ro\/shop\/software-ro\/diguri-din-pamant-earth-small-dams-esd\/#breadcrumb"},"inLanguage":"ro-RO","potentialAction":[{"@type":"ReadAction","target":["https:\/\/www.geostru.eu\/ro\/shop\/software-ro\/diguri-din-pamant-earth-small-dams-esd\/"]}]},{"@type":"ImageObject","inLanguage":"ro-RO","@id":"https:\/\/www.geostru.eu\/ro\/shop\/software-ro\/diguri-din-pamant-earth-small-dams-esd\/#primaryimage","url":"https:\/\/www.geostru.eu\/wp-content\/uploads\/2017\/05\/edd_22.jpg","contentUrl":"https:\/\/www.geostru.eu\/wp-content\/uploads\/2017\/05\/edd_22.jpg","width":570,"height":307,"caption":"Diguri din pamant"},{"@type":"BreadcrumbList","@id":"https:\/\/www.geostru.eu\/ro\/shop\/software-ro\/diguri-din-pamant-earth-small-dams-esd\/#breadcrumb","itemListElement":[{"@type":"ListItem","position":1,"name":"Home","item":"https:\/\/www.geostru.eu\/ro\/"},{"@type":"ListItem","position":2,"name":"Shop","item":"https:\/\/www.geostru.eu\/shop\/?lang=ro"},{"@type":"ListItem","position":3,"name":"Diguri din p\u0103m\u00e2nt &#8211; ESD"}]},{"@type":"WebSite","@id":"https:\/\/www.geostru.eu\/ro\/#website","url":"https:\/\/www.geostru.eu\/ro\/","name":"GeoStru EU","description":"Professionals at your service","publisher":{"@id":"https:\/\/www.geostru.eu\/ro\/#organization"},"potentialAction":[{"@type":"SearchAction","target":{"@type":"EntryPoint","urlTemplate":"https:\/\/www.geostru.eu\/ro\/?s={search_term_string}"},"query-input":{"@type":"PropertyValueSpecification","valueRequired":true,"valueName":"search_term_string"}}],"inLanguage":"ro-RO"},{"@type":"Organization","@id":"https:\/\/www.geostru.eu\/ro\/#organization","name":"GeoStru EU","url":"https:\/\/www.geostru.eu\/ro\/","logo":{"@type":"ImageObject","inLanguage":"ro-RO","@id":"https:\/\/www.geostru.eu\/ro\/#\/schema\/logo\/image\/","url":"https:\/\/www.geostru.eu\/wp-content\/uploads\/2023\/02\/LOGO_GEOSTRU_educational_banner.png","contentUrl":"https:\/\/www.geostru.eu\/wp-content\/uploads\/2023\/02\/LOGO_GEOSTRU_educational_banner.png","width":363,"height":115,"caption":"GeoStru EU"},"image":{"@id":"https:\/\/www.geostru.eu\/ro\/#\/schema\/logo\/image\/"},"sameAs":["https:\/\/www.facebook.com\/GeoStruSoftware\/","https:\/\/x.com\/geostru","https:\/\/www.linkedin.com\/company\/2462488\/admin\/","https:\/\/www.instagram.com\/geostru\/"]}]},"product_brand":"Software","product_price_amount":"450.00","product_price_currency":"EUR","og_availability":"instock","product_availability":"instock","product_retailer_item_id":"54","product_condition":"new"},"_links":{"self":[{"href":"https:\/\/www.geostru.eu\/ro\/wp-json\/wp\/v2\/product\/30279"}],"collection":[{"href":"https:\/\/www.geostru.eu\/ro\/wp-json\/wp\/v2\/product"}],"about":[{"href":"https:\/\/www.geostru.eu\/ro\/wp-json\/wp\/v2\/types\/product"}],"replies":[{"embeddable":true,"href":"https:\/\/www.geostru.eu\/ro\/wp-json\/wp\/v2\/comments?post=30279"}],"wp:featuredmedia":[{"embeddable":true,"href":"https:\/\/www.geostru.eu\/ro\/wp-json\/wp\/v2\/media\/29719"}],"wp:attachment":[{"href":"https:\/\/www.geostru.eu\/ro\/wp-json\/wp\/v2\/media?parent=30279"}],"wp:term":[{"taxonomy":"product_cat","embeddable":true,"href":"https:\/\/www.geostru.eu\/ro\/wp-json\/wp\/v2\/product_cat?post=30279"},{"taxonomy":"product_tag","embeddable":true,"href":"https:\/\/www.geostru.eu\/ro\/wp-json\/wp\/v2\/product_tag?post=30279"}],"curies":[{"name":"wp","href":"https:\/\/api.w.org\/{rel}","templated":true}]}}