{"id":28195,"date":"2022-02-15T16:34:24","date_gmt":"2022-02-15T15:34:24","guid":{"rendered":"https:\/\/www.geostru.eu\/ro\/shop\/uncategorized\/topographic-sections-autocad-auto-cross-section\/"},"modified":"2025-11-09T17:21:07","modified_gmt":"2025-11-09T16:21:07","slug":"topographic-sections-autocad-auto-cross-section","status":"publish","type":"product","link":"https:\/\/www.geostru.eu\/ro\/shop\/autocad-ro\/topographic-sections-autocad-auto-cross-section\/","title":{"rendered":"Sec\u021biuni topografice \u00een AutoCAD: Auto Cross Section"},"content":{"rendered":"<p>Macro pentru AutoCAD, creeaz\u0103 sec\u021biuni topografice \u0219i profile ale terenului. Datele de input pot fi: DTM cu mesh triunghiular, linii \u0219i polilinii, chiar \u0219i 3D.Pentru a trasa o sec\u021biune, trasa\u021bi 2 puncte pe planul cartografic. Cu ajutorul meniului Settings pute\u021bi seta: scara \u00een\u0103l\u021bimilor \u0219i distan\u021belor, dimensiunea textelor, cote \u0219i distan\u021be. Pentru a trasa sec\u021biuni se pot de asemenea indica entit\u0103\u021bile de considerat: poliline 2D cu eleva\u021bie, polilinie 3D. Sec\u021biunile topografice pot fi exportate \u00een format *.sec \u0219i apoi importate \u00een diverse programe Geostru precum: Slope, GeoRock 2D sau 3D, etc.<\/p>\n<p>Folosind aceea\u0219i macro: tras\u00e2nd o polilinie \u00eenchis\u0103 se pot genera bazine hidrografice care pot fi apoi importate \u00een programul Hydrologic Risk pentru analiza hidrologica \u0219i hidraulica.<\/p>\n<p style=\"text-align: justify;\"><a href=\"https:\/\/youtu.be\/pA5zBsPSMLE\" target=\"_blank\" rel=\"noopener noreferrer\">Scurt video pentru instalarea si folosirea acestei macro.<\/a><\/p>\n<p>&nbsp;<\/p>\n","protected":false},"excerpt":{"rendered":"<p style=\"text-align: justify\">Macro pentru AutoCAD (2010-2021), creeaz\u0103 sec\u021biuni topografice \u0219i profile ale terenului. Datele de input pot fi: DTM cu mesh triunghiular, linii \u0219i polilinii, chiar \u0219i 3D. Pentru a trasa o sec\u021biune, trasa\u021bi 2 puncte pe planul cartografic. Cu ajutorul meniului Settings pute\u021bi seta: scara \u00een\u0103l\u021bimilor\u00a0\u0219i distan\u021belor, dimensiunea textelor, cote \u0219i distan\u021be. Pentru a trasa sec\u021biuni se pot de asemenea indica entit\u0103\u021bile de considerat: poliline 2D cu eleva\u021bie, polilinie 3D. Sec\u021biunile topografice pot fi exportate \u00een format *.sec \u0219i apoi importate \u00een diverse programe Geostru precum: Slope, GeoRock 2D sau 3D, etc.c.<\/p>\n<p>&nbsp;<\/p>\n<p>&nbsp;<\/p>\n","protected":false},"featured_media":27469,"comment_status":"open","ping_status":"closed","template":"","meta":[],"product_cat":[724,684,201,90],"product_tag":[],"class_list":{"0":"post-28195","1":"product","2":"type-product","3":"status-publish","4":"has-post-thumbnail","6":"product_cat-autocad-ro","7":"product_cat-plugin-ro","8":"product_cat-free-ro","9":"product_cat-topografie","10":"description-off","12":"first","13":"instock","14":"downloadable","15":"virtual","16":"sold-individually","17":"taxable","18":"purchasable","19":"product-type-licensed"},"yoast_head":"<!-- This site is optimized with the Yoast SEO Premium plugin v25.0 (Yoast SEO v25.0) - https:\/\/yoast.com\/wordpress\/plugins\/seo\/ -->\n<title>Sec\u021biuni topografice \u00een AutoCAD: Auto Cross Section - GeoStru EU<\/title>\n<meta name=\"robots\" content=\"index, follow, max-snippet:-1, max-image-preview:large, max-video-preview:-1\" \/>\n<link rel=\"canonical\" href=\"https:\/\/www.geostru.eu\/ro\/shop\/autocad-ro\/topographic-sections-autocad-auto-cross-section\/\" \/>\n<meta property=\"og:locale\" content=\"ro_RO\" \/>\n<meta property=\"og:type\" content=\"article\" \/>\n<meta property=\"og:title\" content=\"Sec\u021biuni topografice \u00een AutoCAD: Auto Cross Section\" \/>\n<meta property=\"og:description\" content=\"Macro pentru AutoCAD (2010-2021), creeaz\u0103 sec\u021biuni topografice \u0219i profile ale terenului. Datele de input pot fi: DTM cu mesh triunghiular, linii \u0219i polilinii, chiar \u0219i 3D. Pentru a trasa o sec\u021biune, trasa\u021bi 2 puncte pe planul cartografic. Cu ajutorul meniului Settings pute\u021bi seta: scara \u00een\u0103l\u021bimilor\u00a0\u0219i distan\u021belor, dimensiunea textelor, cote \u0219i distan\u021be. Pentru a trasa sec\u021biuni se pot de asemenea indica entit\u0103\u021bile de considerat: poliline 2D cu eleva\u021bie, polilinie 3D. Sec\u021biunile topografice pot fi exportate \u00een format *.sec \u0219i apoi importate \u00een diverse programe Geostru precum: Slope, GeoRock 2D sau 3D, etc.c. &nbsp;  &nbsp;\" \/>\n<meta property=\"og:url\" content=\"https:\/\/www.geostru.eu\/ro\/shop\/autocad-ro\/topographic-sections-autocad-auto-cross-section\/\" \/>\n<meta property=\"og:site_name\" content=\"GeoStru EU\" \/>\n<meta property=\"article:publisher\" content=\"https:\/\/www.facebook.com\/GeoStruSoftware\/\" \/>\n<meta property=\"article:modified_time\" content=\"2025-11-09T16:21:07+00:00\" \/>\n<meta property=\"og:image\" content=\"https:\/\/www.geostru.eu\/wp-content\/uploads\/2017\/01\/geostru-autocad-cross-section.jpg\" \/>\n\t<meta property=\"og:image:width\" content=\"1200\" \/>\n\t<meta property=\"og:image:height\" content=\"670\" \/>\n\t<meta property=\"og:image:type\" content=\"image\/jpeg\" \/>\n<meta name=\"twitter:card\" content=\"summary_large_image\" \/>\n<meta name=\"twitter:site\" content=\"@geostru\" \/>\n<meta name=\"twitter:label1\" content=\"Pre\u021b\" \/>\n\t<meta name=\"twitter:data1\" content=\"&euro;90.00 f\u0103r\u0103 TVA\" \/>\n\t<meta name=\"twitter:label2\" content=\"Disponibilitate\" \/>\n\t<meta name=\"twitter:data2\" content=\"\u00cen stoc\" \/>\n<script type=\"application\/ld+json\" class=\"yoast-schema-graph\">{\"@context\":\"https:\/\/schema.org\",\"@graph\":[{\"@type\":\"WebPage\",\"@id\":\"https:\/\/www.geostru.eu\/ro\/shop\/autocad-ro\/topographic-sections-autocad-auto-cross-section\/\",\"url\":\"https:\/\/www.geostru.eu\/ro\/shop\/autocad-ro\/topographic-sections-autocad-auto-cross-section\/\",\"name\":\"Sec\u021biuni topografice \u00een AutoCAD: Auto Cross Section - GeoStru EU\",\"isPartOf\":{\"@id\":\"https:\/\/www.geostru.eu\/ro\/#website\"},\"primaryImageOfPage\":{\"@id\":\"https:\/\/www.geostru.eu\/ro\/shop\/autocad-ro\/topographic-sections-autocad-auto-cross-section\/#primaryimage\"},\"image\":{\"@id\":\"https:\/\/www.geostru.eu\/ro\/shop\/autocad-ro\/topographic-sections-autocad-auto-cross-section\/#primaryimage\"},\"thumbnailUrl\":\"https:\/\/www.geostru.eu\/wp-content\/uploads\/2017\/01\/geostru-autocad-cross-section.jpg\",\"datePublished\":\"2022-02-15T15:34:24+00:00\",\"dateModified\":\"2025-11-09T16:21:07+00:00\",\"breadcrumb\":{\"@id\":\"https:\/\/www.geostru.eu\/ro\/shop\/autocad-ro\/topographic-sections-autocad-auto-cross-section\/#breadcrumb\"},\"inLanguage\":\"ro-RO\",\"potentialAction\":[{\"@type\":\"ReadAction\",\"target\":[\"https:\/\/www.geostru.eu\/ro\/shop\/autocad-ro\/topographic-sections-autocad-auto-cross-section\/\"]}]},{\"@type\":\"ImageObject\",\"inLanguage\":\"ro-RO\",\"@id\":\"https:\/\/www.geostru.eu\/ro\/shop\/autocad-ro\/topographic-sections-autocad-auto-cross-section\/#primaryimage\",\"url\":\"https:\/\/www.geostru.eu\/wp-content\/uploads\/2017\/01\/geostru-autocad-cross-section.jpg\",\"contentUrl\":\"https:\/\/www.geostru.eu\/wp-content\/uploads\/2017\/01\/geostru-autocad-cross-section.jpg\",\"width\":1200,\"height\":670,\"caption\":\"Profili topografici in autocad: auto\"},{\"@type\":\"BreadcrumbList\",\"@id\":\"https:\/\/www.geostru.eu\/ro\/shop\/autocad-ro\/topographic-sections-autocad-auto-cross-section\/#breadcrumb\",\"itemListElement\":[{\"@type\":\"ListItem\",\"position\":1,\"name\":\"Home\",\"item\":\"https:\/\/www.geostru.eu\/ro\/\"},{\"@type\":\"ListItem\",\"position\":2,\"name\":\"Shop\",\"item\":\"https:\/\/www.geostru.eu\/shop\/?lang=ro\"},{\"@type\":\"ListItem\",\"position\":3,\"name\":\"Sec\u021biuni topografice \u00een AutoCAD: Auto Cross Section\"}]},{\"@type\":\"WebSite\",\"@id\":\"https:\/\/www.geostru.eu\/ro\/#website\",\"url\":\"https:\/\/www.geostru.eu\/ro\/\",\"name\":\"GeoStru EU\",\"description\":\"Professionals at your service\",\"publisher\":{\"@id\":\"https:\/\/www.geostru.eu\/ro\/#organization\"},\"potentialAction\":[{\"@type\":\"SearchAction\",\"target\":{\"@type\":\"EntryPoint\",\"urlTemplate\":\"https:\/\/www.geostru.eu\/ro\/?s={search_term_string}\"},\"query-input\":{\"@type\":\"PropertyValueSpecification\",\"valueRequired\":true,\"valueName\":\"search_term_string\"}}],\"inLanguage\":\"ro-RO\"},{\"@type\":\"Organization\",\"@id\":\"https:\/\/www.geostru.eu\/ro\/#organization\",\"name\":\"GeoStru EU\",\"url\":\"https:\/\/www.geostru.eu\/ro\/\",\"logo\":{\"@type\":\"ImageObject\",\"inLanguage\":\"ro-RO\",\"@id\":\"https:\/\/www.geostru.eu\/ro\/#\/schema\/logo\/image\/\",\"url\":\"https:\/\/www.geostru.eu\/wp-content\/uploads\/2023\/02\/LOGO_GEOSTRU_educational_banner.png\",\"contentUrl\":\"https:\/\/www.geostru.eu\/wp-content\/uploads\/2023\/02\/LOGO_GEOSTRU_educational_banner.png\",\"width\":363,\"height\":115,\"caption\":\"GeoStru EU\"},\"image\":{\"@id\":\"https:\/\/www.geostru.eu\/ro\/#\/schema\/logo\/image\/\"},\"sameAs\":[\"https:\/\/www.facebook.com\/GeoStruSoftware\/\",\"https:\/\/x.com\/geostru\",\"https:\/\/www.linkedin.com\/company\/2462488\/admin\/\",\"https:\/\/www.instagram.com\/geostru\/\"]}]}<\/script>\n<meta property=\"product:brand\" content=\"Autocad\" \/>\n<meta property=\"product:price:amount\" content=\"90.00\" \/>\n<meta property=\"product:price:currency\" content=\"EUR\" \/>\n<meta property=\"og:availability\" content=\"instock\" \/>\n<meta property=\"product:availability\" content=\"instock\" \/>\n<meta property=\"product:retailer_item_id\" content=\"49\" \/>\n<meta property=\"product:condition\" content=\"new\" \/>\n<!-- \/ Yoast SEO Premium plugin. -->","yoast_head_json":{"title":"Sec\u021biuni topografice \u00een AutoCAD: Auto Cross Section - GeoStru EU","robots":{"index":"index","follow":"follow","max-snippet":"max-snippet:-1","max-image-preview":"max-image-preview:large","max-video-preview":"max-video-preview:-1"},"canonical":"https:\/\/www.geostru.eu\/ro\/shop\/autocad-ro\/topographic-sections-autocad-auto-cross-section\/","og_locale":"ro_RO","og_type":"article","og_title":"Sec\u021biuni topografice \u00een AutoCAD: Auto Cross Section","og_description":"Macro pentru AutoCAD (2010-2021), creeaz\u0103 sec\u021biuni topografice \u0219i profile ale terenului. Datele de input pot fi: DTM cu mesh triunghiular, linii \u0219i polilinii, chiar \u0219i 3D. Pentru a trasa o sec\u021biune, trasa\u021bi 2 puncte pe planul cartografic. Cu ajutorul meniului Settings pute\u021bi seta: scara \u00een\u0103l\u021bimilor\u00a0\u0219i distan\u021belor, dimensiunea textelor, cote \u0219i distan\u021be. Pentru a trasa sec\u021biuni se pot de asemenea indica entit\u0103\u021bile de considerat: poliline 2D cu eleva\u021bie, polilinie 3D. Sec\u021biunile topografice pot fi exportate \u00een format *.sec \u0219i apoi importate \u00een diverse programe Geostru precum: Slope, GeoRock 2D sau 3D, etc.c. &nbsp;  &nbsp;","og_url":"https:\/\/www.geostru.eu\/ro\/shop\/autocad-ro\/topographic-sections-autocad-auto-cross-section\/","og_site_name":"GeoStru EU","article_publisher":"https:\/\/www.facebook.com\/GeoStruSoftware\/","article_modified_time":"2025-11-09T16:21:07+00:00","og_image":[{"width":1200,"height":670,"url":"https:\/\/www.geostru.eu\/wp-content\/uploads\/2017\/01\/geostru-autocad-cross-section.jpg","type":"image\/jpeg"}],"twitter_card":"summary_large_image","twitter_site":"@geostru","twitter_misc":{"Pre\u021b":"&euro;90.00 f\u0103r\u0103 TVA","Disponibilitate":"\u00cen stoc"},"schema":{"@context":"https:\/\/schema.org","@graph":[{"@type":"WebPage","@id":"https:\/\/www.geostru.eu\/ro\/shop\/autocad-ro\/topographic-sections-autocad-auto-cross-section\/","url":"https:\/\/www.geostru.eu\/ro\/shop\/autocad-ro\/topographic-sections-autocad-auto-cross-section\/","name":"Sec\u021biuni topografice \u00een AutoCAD: Auto Cross Section - GeoStru EU","isPartOf":{"@id":"https:\/\/www.geostru.eu\/ro\/#website"},"primaryImageOfPage":{"@id":"https:\/\/www.geostru.eu\/ro\/shop\/autocad-ro\/topographic-sections-autocad-auto-cross-section\/#primaryimage"},"image":{"@id":"https:\/\/www.geostru.eu\/ro\/shop\/autocad-ro\/topographic-sections-autocad-auto-cross-section\/#primaryimage"},"thumbnailUrl":"https:\/\/www.geostru.eu\/wp-content\/uploads\/2017\/01\/geostru-autocad-cross-section.jpg","datePublished":"2022-02-15T15:34:24+00:00","dateModified":"2025-11-09T16:21:07+00:00","breadcrumb":{"@id":"https:\/\/www.geostru.eu\/ro\/shop\/autocad-ro\/topographic-sections-autocad-auto-cross-section\/#breadcrumb"},"inLanguage":"ro-RO","potentialAction":[{"@type":"ReadAction","target":["https:\/\/www.geostru.eu\/ro\/shop\/autocad-ro\/topographic-sections-autocad-auto-cross-section\/"]}]},{"@type":"ImageObject","inLanguage":"ro-RO","@id":"https:\/\/www.geostru.eu\/ro\/shop\/autocad-ro\/topographic-sections-autocad-auto-cross-section\/#primaryimage","url":"https:\/\/www.geostru.eu\/wp-content\/uploads\/2017\/01\/geostru-autocad-cross-section.jpg","contentUrl":"https:\/\/www.geostru.eu\/wp-content\/uploads\/2017\/01\/geostru-autocad-cross-section.jpg","width":1200,"height":670,"caption":"Profili topografici in autocad: auto"},{"@type":"BreadcrumbList","@id":"https:\/\/www.geostru.eu\/ro\/shop\/autocad-ro\/topographic-sections-autocad-auto-cross-section\/#breadcrumb","itemListElement":[{"@type":"ListItem","position":1,"name":"Home","item":"https:\/\/www.geostru.eu\/ro\/"},{"@type":"ListItem","position":2,"name":"Shop","item":"https:\/\/www.geostru.eu\/shop\/?lang=ro"},{"@type":"ListItem","position":3,"name":"Sec\u021biuni topografice \u00een AutoCAD: Auto Cross Section"}]},{"@type":"WebSite","@id":"https:\/\/www.geostru.eu\/ro\/#website","url":"https:\/\/www.geostru.eu\/ro\/","name":"GeoStru EU","description":"Professionals at your service","publisher":{"@id":"https:\/\/www.geostru.eu\/ro\/#organization"},"potentialAction":[{"@type":"SearchAction","target":{"@type":"EntryPoint","urlTemplate":"https:\/\/www.geostru.eu\/ro\/?s={search_term_string}"},"query-input":{"@type":"PropertyValueSpecification","valueRequired":true,"valueName":"search_term_string"}}],"inLanguage":"ro-RO"},{"@type":"Organization","@id":"https:\/\/www.geostru.eu\/ro\/#organization","name":"GeoStru EU","url":"https:\/\/www.geostru.eu\/ro\/","logo":{"@type":"ImageObject","inLanguage":"ro-RO","@id":"https:\/\/www.geostru.eu\/ro\/#\/schema\/logo\/image\/","url":"https:\/\/www.geostru.eu\/wp-content\/uploads\/2023\/02\/LOGO_GEOSTRU_educational_banner.png","contentUrl":"https:\/\/www.geostru.eu\/wp-content\/uploads\/2023\/02\/LOGO_GEOSTRU_educational_banner.png","width":363,"height":115,"caption":"GeoStru EU"},"image":{"@id":"https:\/\/www.geostru.eu\/ro\/#\/schema\/logo\/image\/"},"sameAs":["https:\/\/www.facebook.com\/GeoStruSoftware\/","https:\/\/x.com\/geostru","https:\/\/www.linkedin.com\/company\/2462488\/admin\/","https:\/\/www.instagram.com\/geostru\/"]}]},"product_brand":"Autocad","product_price_amount":"90.00","product_price_currency":"EUR","og_availability":"instock","product_availability":"instock","product_retailer_item_id":"49","product_condition":"new"},"_links":{"self":[{"href":"https:\/\/www.geostru.eu\/ro\/wp-json\/wp\/v2\/product\/28195"}],"collection":[{"href":"https:\/\/www.geostru.eu\/ro\/wp-json\/wp\/v2\/product"}],"about":[{"href":"https:\/\/www.geostru.eu\/ro\/wp-json\/wp\/v2\/types\/product"}],"replies":[{"embeddable":true,"href":"https:\/\/www.geostru.eu\/ro\/wp-json\/wp\/v2\/comments?post=28195"}],"wp:featuredmedia":[{"embeddable":true,"href":"https:\/\/www.geostru.eu\/ro\/wp-json\/wp\/v2\/media\/27469"}],"wp:attachment":[{"href":"https:\/\/www.geostru.eu\/ro\/wp-json\/wp\/v2\/media?parent=28195"}],"wp:term":[{"taxonomy":"product_cat","embeddable":true,"href":"https:\/\/www.geostru.eu\/ro\/wp-json\/wp\/v2\/product_cat?post=28195"},{"taxonomy":"product_tag","embeddable":true,"href":"https:\/\/www.geostru.eu\/ro\/wp-json\/wp\/v2\/product_tag?post=28195"}],"curies":[{"name":"wp","href":"https:\/\/api.w.org\/{rel}","templated":true}]}}