{"id":26782,"date":"2022-06-04T18:23:39","date_gmt":"2022-06-04T16:23:39","guid":{"rendered":"https:\/\/www.geostru.eu\/ro\/shop\/uncategorized\/ground-investigation-testing-git\/"},"modified":"2026-03-02T15:26:02","modified_gmt":"2026-03-02T14:26:02","slug":"recomandari-privind-amplasarea-punctelor-de-investigare-geotehnica","status":"publish","type":"product","link":"https:\/\/www.geostru.eu\/ro\/shop\/software-ro\/software-geologia-ro-2\/recomandari-privind-amplasarea-punctelor-de-investigare-geotehnica\/","title":{"rendered":"Recomandari privind amplasarea punctelor de investigare geotehnica &#8211; GIT"},"content":{"rendered":"<p style=\"text-align: justify\">Investiga\u021biile geotehnice trebuie planificate \u00een func\u021bie de tipul de lucrare \u0219i \/ sau interven\u021bie, acestea trebuie s\u0103 se refere la volumul geotehnic semnificativ. Prin volum semnificativ de teren \u00een\u021belegem partea din subsol influen\u021bat\u0103 direct sau indirect de construc\u021bia cl\u0103dirii \u0219i care afecteaz\u0103 cl\u0103direa \u00een sine. Sondajele trebuie s\u0103 permit\u0103 definirea modelelor geotehnice ale terenului necesare proiect\u0103rii. <strong>Proiectantul este persoana responsabil\u0103 pentru planul de investigare (realizarea sondajelor), caracterizare \u0219i modelarea geotehnic\u0103.<\/strong><\/p>\n<p style=\"text-align: justify\">GIT este software-ul care v\u0103 permite s\u0103 calcula\u021bi estimarea volumului geotehnic semnificativ \u00een conformitate cu: Lancellotta \u0219i Calavera, Eurocod 7.<\/p>\n<p style=\"text-align: justify\">Volumul semnificativ de investigat const\u0103 \u00een masa de teren \u00een care se resimt efectele interven\u021biei.<\/p>\n<p style=\"text-align: justify\"><strong>Acestea pot fi:<\/strong><\/p>\n<ol style=\"text-align: justify\">\n<li>Modific\u0103ri ale st\u0103rii de solicitare din cauza cre\u0219terii presiunii (de ex. Funda\u021bii) sau a desc\u0103rc\u0103rilor solicit\u0103rilor (s\u0103p\u0103turi);<\/li>\n<li>Modific\u0103ri ale regimului apelor subterane pentru drenaje sau impermeabiliz\u0103ri determinate de lucr\u0103ri;<\/li>\n<li>Poluarea direct\u0103 sau indus\u0103 de interven\u021bii;<\/li>\n<li>Modific\u0103ri ale condi\u021biilor de stabilitate ale versan\u021bilor datorate varia\u021biilor de altitudine (plan-altimetrice ) sau modific\u0103rilor regimului apei;<\/li>\n<li>Modific\u0103ri de mediu datorate deschiderii carierelor de acumul\u0103ri de materiale provenite din excava\u021bii \u0219i s\u0103p\u0103turi.<\/li>\n<\/ol>\n<p style=\"text-align: justify\">De asemenea, este posibil s\u0103 se ob\u021bin\u0103 ad\u00e2ncimea investiga\u021biei prin graficul distribu\u021biei tensiunilor \u00een subsol. Ad\u00e2ncimea investiga\u021biei exprimat\u0103 \u00een metri este afi\u0219at\u0103 pe ordonate, iar tensiunile exprimate \u00een kPa pe abscise: prin intersectarea curbei de tensiune a solului litostatic (albastru) \u0219i curba de tensiune a \u00eenc\u0103rc\u0103turii plasate la suprafa\u021b\u0103 (Boussinesq &#8211; curba portocalie), se ob\u021bine punctul care indic\u0103 ad\u00e2ncimea p\u00e2n\u0103 la care trebuie s\u0103 ajung\u0103 investiga\u021bia, exprimat\u0103, de asemenea, \u00een metri.<\/p>\n<p style=\"text-align: justify\"><strong>Referin\u021be (trimiteri) la normative:<\/strong><\/p>\n<p style=\"text-align: justify\">Lancellotta e Calavera<br \/>\nConform pct. B3 din Anexa B a standardului SR EN 1997-2:2007<br \/>\nEurocode 7 \u2013 Part 2 \u2013\u00a0\u00a0<a href=\"https:\/\/www.geostru.eu\/wp-content\/uploads\/2017\/01\/EN1997_7.pdf#page=47\">\u00a7 6 (Ground investigation report)<\/a><\/p>\n","protected":false},"excerpt":{"rendered":"<p style=\"text-align: justify\">RECOMANDARI PRIVIND AMPLASAREA PUNCTELOR DE INVESTIGARE GEOTEHNICA<br \/>\nVizualizarea grafic\u0103 a distribu\u021biei tensiunilor \u00een sol, cu identificarea profunzimii investiga\u021biei (sondajului). Imprimare rapoarte \u00een *.docx<\/p>\n<p>Conform pct. B3 din Anexa B a standardului SR EN 1997-2:2007<br \/>\nEurocode 7 \u2013 Part 2 \u2013\u00a0\u00a0<a href=\"https:\/\/www.geostru.eu\/wp-content\/uploads\/2017\/01\/EN1997_7.pdf#page=47\">\u00a7 6 (Ground investigation report)<\/a><\/p>\n<blockquote><p>GIT este acum disponibil ca aplica\u021bie web pe platforma <b data-path-to-node=\"5\" data-index-in-node=\"56\"><a class=\"ng-star-inserted\" href=\"https:\/\/geoapp.geostru.eu\" target=\"_blank\" rel=\"noopener\">https:\/\/geoapp.geostru.eu<\/a><\/b>, garant\u00e2nd acces imediat de pe orice dispozitiv, f\u0103r\u0103 instalare. Versiunea desktop nu mai este distribuit\u0103.<\/p><\/blockquote>\n","protected":false},"featured_media":141759,"comment_status":"open","ping_status":"closed","template":"","meta":[],"product_cat":[530,85,83,87,84],"product_tag":[693],"class_list":{"0":"post-26782","1":"product","2":"type-product","3":"status-publish","4":"has-post-thumbnail","6":"product_cat-software-geologia-ro-2","7":"product_cat-geotehnica-si-geologie","8":"product_cat-geomecanica","9":"product_cat-incercari-in-situ","10":"product_cat-geofizica","11":"product_tag-ground-investigation-testing-ro","12":"description-off","14":"first","15":"instock","16":"taxable","17":"shipping-taxable","18":"product-type-external"},"yoast_head":"<!-- This site is optimized with the Yoast SEO Premium plugin v25.0 (Yoast SEO v25.0) - https:\/\/yoast.com\/wordpress\/plugins\/seo\/ -->\n<title>Recomandari privind amplasarea punctelor de investigare geotehnica - GIT - GeoStru EU<\/title>\n<meta name=\"description\" content=\"Recomandari privind amplasarea punctelor de investigare geotehnica - GIT\" \/>\n<meta name=\"robots\" content=\"index, follow, max-snippet:-1, max-image-preview:large, max-video-preview:-1\" \/>\n<link rel=\"canonical\" href=\"https:\/\/www.geostru.eu\/ro\/shop\/software-ro\/software-geologia-ro-2\/recomandari-privind-amplasarea-punctelor-de-investigare-geotehnica\/\" \/>\n<meta property=\"og:locale\" content=\"ro_RO\" \/>\n<meta property=\"og:type\" content=\"article\" \/>\n<meta property=\"og:title\" content=\"Recomandari privind amplasarea punctelor de investigare geotehnica - GIT\" \/>\n<meta property=\"og:description\" content=\"Recomandari privind amplasarea punctelor de investigare geotehnica - GIT\" \/>\n<meta property=\"og:url\" content=\"https:\/\/www.geostru.eu\/ro\/shop\/software-ro\/software-geologia-ro-2\/recomandari-privind-amplasarea-punctelor-de-investigare-geotehnica\/\" \/>\n<meta property=\"og:site_name\" content=\"GeoStru EU\" \/>\n<meta property=\"article:publisher\" content=\"https:\/\/www.facebook.com\/GeoStruSoftware\/\" \/>\n<meta property=\"article:modified_time\" content=\"2026-03-02T14:26:02+00:00\" \/>\n<meta property=\"og:image\" content=\"https:\/\/www.geostru.eu\/wp-content\/uploads\/2022\/06\/git-geostru-ro-1030x579.gif\" \/>\n\t<meta property=\"og:image:width\" content=\"1030\" \/>\n\t<meta property=\"og:image:height\" content=\"579\" \/>\n\t<meta property=\"og:image:type\" content=\"image\/gif\" \/>\n<meta name=\"twitter:card\" content=\"summary_large_image\" \/>\n<meta name=\"twitter:site\" content=\"@geostru\" \/>\n<meta name=\"twitter:label1\" content=\"Pre\u021b\" \/>\n\t<meta name=\"twitter:data1\" content=\"\" \/>\n\t<meta name=\"twitter:label2\" content=\"Disponibilitate\" \/>\n\t<meta name=\"twitter:data2\" content=\"\u00cen stoc\" \/>\n<script type=\"application\/ld+json\" class=\"yoast-schema-graph\">{\"@context\":\"https:\/\/schema.org\",\"@graph\":[{\"@type\":\"WebPage\",\"@id\":\"https:\/\/www.geostru.eu\/ro\/shop\/software-ro\/software-geologia-ro-2\/recomandari-privind-amplasarea-punctelor-de-investigare-geotehnica\/\",\"url\":\"https:\/\/www.geostru.eu\/ro\/shop\/software-ro\/software-geologia-ro-2\/recomandari-privind-amplasarea-punctelor-de-investigare-geotehnica\/\",\"name\":\"Recomandari privind amplasarea punctelor de investigare geotehnica - GIT - GeoStru EU\",\"isPartOf\":{\"@id\":\"https:\/\/www.geostru.eu\/ro\/#website\"},\"primaryImageOfPage\":{\"@id\":\"https:\/\/www.geostru.eu\/ro\/shop\/software-ro\/software-geologia-ro-2\/recomandari-privind-amplasarea-punctelor-de-investigare-geotehnica\/#primaryimage\"},\"image\":{\"@id\":\"https:\/\/www.geostru.eu\/ro\/shop\/software-ro\/software-geologia-ro-2\/recomandari-privind-amplasarea-punctelor-de-investigare-geotehnica\/#primaryimage\"},\"thumbnailUrl\":\"https:\/\/www.geostru.eu\/wp-content\/uploads\/2022\/06\/git-geostru-ro.gif\",\"datePublished\":\"2022-06-04T16:23:39+00:00\",\"dateModified\":\"2026-03-02T14:26:02+00:00\",\"description\":\"Recomandari privind amplasarea punctelor de investigare geotehnica - GIT\",\"breadcrumb\":{\"@id\":\"https:\/\/www.geostru.eu\/ro\/shop\/software-ro\/software-geologia-ro-2\/recomandari-privind-amplasarea-punctelor-de-investigare-geotehnica\/#breadcrumb\"},\"inLanguage\":\"ro-RO\",\"potentialAction\":[{\"@type\":\"ReadAction\",\"target\":[\"https:\/\/www.geostru.eu\/ro\/shop\/software-ro\/software-geologia-ro-2\/recomandari-privind-amplasarea-punctelor-de-investigare-geotehnica\/\"]}]},{\"@type\":\"ImageObject\",\"inLanguage\":\"ro-RO\",\"@id\":\"https:\/\/www.geostru.eu\/ro\/shop\/software-ro\/software-geologia-ro-2\/recomandari-privind-amplasarea-punctelor-de-investigare-geotehnica\/#primaryimage\",\"url\":\"https:\/\/www.geostru.eu\/wp-content\/uploads\/2022\/06\/git-geostru-ro.gif\",\"contentUrl\":\"https:\/\/www.geostru.eu\/wp-content\/uploads\/2022\/06\/git-geostru-ro.gif\",\"width\":1920,\"height\":1080,\"caption\":\"git geostru ro\"},{\"@type\":\"BreadcrumbList\",\"@id\":\"https:\/\/www.geostru.eu\/ro\/shop\/software-ro\/software-geologia-ro-2\/recomandari-privind-amplasarea-punctelor-de-investigare-geotehnica\/#breadcrumb\",\"itemListElement\":[{\"@type\":\"ListItem\",\"position\":1,\"name\":\"Home\",\"item\":\"https:\/\/www.geostru.eu\/ro\/\"},{\"@type\":\"ListItem\",\"position\":2,\"name\":\"Shop\",\"item\":\"https:\/\/www.geostru.eu\/shop\/?lang=ro\"},{\"@type\":\"ListItem\",\"position\":3,\"name\":\"Recomandari privind amplasarea punctelor de investigare geotehnica &#8211; GIT\"}]},{\"@type\":\"WebSite\",\"@id\":\"https:\/\/www.geostru.eu\/ro\/#website\",\"url\":\"https:\/\/www.geostru.eu\/ro\/\",\"name\":\"GeoStru EU\",\"description\":\"Professionals at your service\",\"publisher\":{\"@id\":\"https:\/\/www.geostru.eu\/ro\/#organization\"},\"potentialAction\":[{\"@type\":\"SearchAction\",\"target\":{\"@type\":\"EntryPoint\",\"urlTemplate\":\"https:\/\/www.geostru.eu\/ro\/?s={search_term_string}\"},\"query-input\":{\"@type\":\"PropertyValueSpecification\",\"valueRequired\":true,\"valueName\":\"search_term_string\"}}],\"inLanguage\":\"ro-RO\"},{\"@type\":\"Organization\",\"@id\":\"https:\/\/www.geostru.eu\/ro\/#organization\",\"name\":\"GeoStru EU\",\"url\":\"https:\/\/www.geostru.eu\/ro\/\",\"logo\":{\"@type\":\"ImageObject\",\"inLanguage\":\"ro-RO\",\"@id\":\"https:\/\/www.geostru.eu\/ro\/#\/schema\/logo\/image\/\",\"url\":\"https:\/\/www.geostru.eu\/wp-content\/uploads\/2023\/02\/LOGO_GEOSTRU_educational_banner.png\",\"contentUrl\":\"https:\/\/www.geostru.eu\/wp-content\/uploads\/2023\/02\/LOGO_GEOSTRU_educational_banner.png\",\"width\":363,\"height\":115,\"caption\":\"GeoStru EU\"},\"image\":{\"@id\":\"https:\/\/www.geostru.eu\/ro\/#\/schema\/logo\/image\/\"},\"sameAs\":[\"https:\/\/www.facebook.com\/GeoStruSoftware\/\",\"https:\/\/x.com\/geostru\",\"https:\/\/www.linkedin.com\/company\/2462488\/admin\/\",\"https:\/\/www.instagram.com\/geostru\/\"]}]}<\/script>\n<meta property=\"product:brand\" content=\"Geologie\" \/>\n<meta property=\"product:price:amount\" content=\"0.00\" \/>\n<meta property=\"product:price:currency\" content=\"EUR\" \/>\n<meta property=\"og:availability\" content=\"instock\" \/>\n<meta property=\"product:availability\" content=\"instock\" \/>\n<meta property=\"product:retailer_item_id\" content=\"80\" \/>\n<meta property=\"product:condition\" content=\"new\" \/>\n<!-- \/ Yoast SEO Premium plugin. -->","yoast_head_json":{"title":"Recomandari privind amplasarea punctelor de investigare geotehnica - GIT - GeoStru EU","description":"Recomandari privind amplasarea punctelor de investigare geotehnica - GIT","robots":{"index":"index","follow":"follow","max-snippet":"max-snippet:-1","max-image-preview":"max-image-preview:large","max-video-preview":"max-video-preview:-1"},"canonical":"https:\/\/www.geostru.eu\/ro\/shop\/software-ro\/software-geologia-ro-2\/recomandari-privind-amplasarea-punctelor-de-investigare-geotehnica\/","og_locale":"ro_RO","og_type":"article","og_title":"Recomandari privind amplasarea punctelor de investigare geotehnica - GIT","og_description":"Recomandari privind amplasarea punctelor de investigare geotehnica - GIT","og_url":"https:\/\/www.geostru.eu\/ro\/shop\/software-ro\/software-geologia-ro-2\/recomandari-privind-amplasarea-punctelor-de-investigare-geotehnica\/","og_site_name":"GeoStru EU","article_publisher":"https:\/\/www.facebook.com\/GeoStruSoftware\/","article_modified_time":"2026-03-02T14:26:02+00:00","og_image":[{"width":1030,"height":579,"url":"https:\/\/www.geostru.eu\/wp-content\/uploads\/2022\/06\/git-geostru-ro-1030x579.gif","type":"image\/gif"}],"twitter_card":"summary_large_image","twitter_site":"@geostru","twitter_misc":{"Pre\u021b":"","Disponibilitate":"\u00cen stoc"},"schema":{"@context":"https:\/\/schema.org","@graph":[{"@type":"WebPage","@id":"https:\/\/www.geostru.eu\/ro\/shop\/software-ro\/software-geologia-ro-2\/recomandari-privind-amplasarea-punctelor-de-investigare-geotehnica\/","url":"https:\/\/www.geostru.eu\/ro\/shop\/software-ro\/software-geologia-ro-2\/recomandari-privind-amplasarea-punctelor-de-investigare-geotehnica\/","name":"Recomandari privind amplasarea punctelor de investigare geotehnica - GIT - GeoStru EU","isPartOf":{"@id":"https:\/\/www.geostru.eu\/ro\/#website"},"primaryImageOfPage":{"@id":"https:\/\/www.geostru.eu\/ro\/shop\/software-ro\/software-geologia-ro-2\/recomandari-privind-amplasarea-punctelor-de-investigare-geotehnica\/#primaryimage"},"image":{"@id":"https:\/\/www.geostru.eu\/ro\/shop\/software-ro\/software-geologia-ro-2\/recomandari-privind-amplasarea-punctelor-de-investigare-geotehnica\/#primaryimage"},"thumbnailUrl":"https:\/\/www.geostru.eu\/wp-content\/uploads\/2022\/06\/git-geostru-ro.gif","datePublished":"2022-06-04T16:23:39+00:00","dateModified":"2026-03-02T14:26:02+00:00","description":"Recomandari privind amplasarea punctelor de investigare geotehnica - GIT","breadcrumb":{"@id":"https:\/\/www.geostru.eu\/ro\/shop\/software-ro\/software-geologia-ro-2\/recomandari-privind-amplasarea-punctelor-de-investigare-geotehnica\/#breadcrumb"},"inLanguage":"ro-RO","potentialAction":[{"@type":"ReadAction","target":["https:\/\/www.geostru.eu\/ro\/shop\/software-ro\/software-geologia-ro-2\/recomandari-privind-amplasarea-punctelor-de-investigare-geotehnica\/"]}]},{"@type":"ImageObject","inLanguage":"ro-RO","@id":"https:\/\/www.geostru.eu\/ro\/shop\/software-ro\/software-geologia-ro-2\/recomandari-privind-amplasarea-punctelor-de-investigare-geotehnica\/#primaryimage","url":"https:\/\/www.geostru.eu\/wp-content\/uploads\/2022\/06\/git-geostru-ro.gif","contentUrl":"https:\/\/www.geostru.eu\/wp-content\/uploads\/2022\/06\/git-geostru-ro.gif","width":1920,"height":1080,"caption":"git geostru ro"},{"@type":"BreadcrumbList","@id":"https:\/\/www.geostru.eu\/ro\/shop\/software-ro\/software-geologia-ro-2\/recomandari-privind-amplasarea-punctelor-de-investigare-geotehnica\/#breadcrumb","itemListElement":[{"@type":"ListItem","position":1,"name":"Home","item":"https:\/\/www.geostru.eu\/ro\/"},{"@type":"ListItem","position":2,"name":"Shop","item":"https:\/\/www.geostru.eu\/shop\/?lang=ro"},{"@type":"ListItem","position":3,"name":"Recomandari privind amplasarea punctelor de investigare geotehnica &#8211; GIT"}]},{"@type":"WebSite","@id":"https:\/\/www.geostru.eu\/ro\/#website","url":"https:\/\/www.geostru.eu\/ro\/","name":"GeoStru EU","description":"Professionals at your service","publisher":{"@id":"https:\/\/www.geostru.eu\/ro\/#organization"},"potentialAction":[{"@type":"SearchAction","target":{"@type":"EntryPoint","urlTemplate":"https:\/\/www.geostru.eu\/ro\/?s={search_term_string}"},"query-input":{"@type":"PropertyValueSpecification","valueRequired":true,"valueName":"search_term_string"}}],"inLanguage":"ro-RO"},{"@type":"Organization","@id":"https:\/\/www.geostru.eu\/ro\/#organization","name":"GeoStru EU","url":"https:\/\/www.geostru.eu\/ro\/","logo":{"@type":"ImageObject","inLanguage":"ro-RO","@id":"https:\/\/www.geostru.eu\/ro\/#\/schema\/logo\/image\/","url":"https:\/\/www.geostru.eu\/wp-content\/uploads\/2023\/02\/LOGO_GEOSTRU_educational_banner.png","contentUrl":"https:\/\/www.geostru.eu\/wp-content\/uploads\/2023\/02\/LOGO_GEOSTRU_educational_banner.png","width":363,"height":115,"caption":"GeoStru EU"},"image":{"@id":"https:\/\/www.geostru.eu\/ro\/#\/schema\/logo\/image\/"},"sameAs":["https:\/\/www.facebook.com\/GeoStruSoftware\/","https:\/\/x.com\/geostru","https:\/\/www.linkedin.com\/company\/2462488\/admin\/","https:\/\/www.instagram.com\/geostru\/"]}]},"product_brand":"Geologie","product_price_amount":"0.00","product_price_currency":"EUR","og_availability":"instock","product_availability":"instock","product_retailer_item_id":"80","product_condition":"new"},"_links":{"self":[{"href":"https:\/\/www.geostru.eu\/ro\/wp-json\/wp\/v2\/product\/26782"}],"collection":[{"href":"https:\/\/www.geostru.eu\/ro\/wp-json\/wp\/v2\/product"}],"about":[{"href":"https:\/\/www.geostru.eu\/ro\/wp-json\/wp\/v2\/types\/product"}],"replies":[{"embeddable":true,"href":"https:\/\/www.geostru.eu\/ro\/wp-json\/wp\/v2\/comments?post=26782"}],"wp:featuredmedia":[{"embeddable":true,"href":"https:\/\/www.geostru.eu\/ro\/wp-json\/wp\/v2\/media\/141759"}],"wp:attachment":[{"href":"https:\/\/www.geostru.eu\/ro\/wp-json\/wp\/v2\/media?parent=26782"}],"wp:term":[{"taxonomy":"product_cat","embeddable":true,"href":"https:\/\/www.geostru.eu\/ro\/wp-json\/wp\/v2\/product_cat?post=26782"},{"taxonomy":"product_tag","embeddable":true,"href":"https:\/\/www.geostru.eu\/ro\/wp-json\/wp\/v2\/product_tag?post=26782"}],"curies":[{"name":"wp","href":"https:\/\/api.w.org\/{rel}","templated":true}]}}