{"id":26586,"date":"2022-06-24T18:28:25","date_gmt":"2022-06-24T16:28:25","guid":{"rendered":"https:\/\/www.geostru.eu\/ro\/shop\/uncategorized\/embankment-settlement\/"},"modified":"2026-02-17T08:25:24","modified_gmt":"2026-02-17T07:25:24","slug":"terasamente-de-asezare","status":"publish","type":"product","link":"https:\/\/www.geostru.eu\/ro\/shop\/plugin-ro\/terasamente-de-asezare\/","title":{"rendered":"Terasamente de a\u0219ezare"},"content":{"rendered":"<div class=\"wpb-content-wrapper\"><p>[vc_row][vc_column][vc_column_text]<\/p>\n<p style=\"text-align: justify;\"><strong>Calcul tas\u0103ri terasamente<\/strong><\/p>\n<p style=\"text-align: justify;\">Calculeaz\u0103 tasarea terasamentelor rutiere sau feroviare (sarcini statice \u0219i dinamice), de tip trapezoidal \u00een puncte semnificative: axa, margine \u0219i picior.<\/p>\n<p style=\"text-align: justify;\">Distribu\u021bia \u00eenc\u0103rc\u0103rilor este determinat\u0103 cu ajutorul teoriei elasticit\u0103\u021bii, lu\u00e2nd \u00een considerare suprapunerea sarcinilor rectangulare \u0219i triunghiulare.<\/p>\n<p style=\"text-align: justify;\">Tasarea este calculat\u0103 pentru fiecare strat prin \u00eemp\u0103r\u021birea stratului \u00een substraturi pentru a cre\u0219te acurate\u021bea calculului tas\u0103rilor.<\/p>\n<p>[\/vc_column_text][\/vc_column][\/vc_row]<\/p>\n<\/div>","protected":false},"excerpt":{"rendered":"<p style=\"text-align: justify;\"><strong>Calcul tas\u0103ri terasamente<\/strong><\/p>\n<p style=\"text-align: justify;\">Calculeaz\u0103 tasarea terasamentelor rutiere sau feroviare (sarcini statice \u0219i dinamice), de tip trapezoidal \u00een puncte semnificative: axa, margine \u0219i picior.\u00a0Distribu\u021bia \u00eenc\u0103rc\u0103rilor este determinat\u0103 cu ajutorul teoriei elasticit\u0103\u021bii, lu\u00e2nd \u00een considerare suprapunerea sarcinilor rectangulare \u0219i triunghiulare.\u00a0Tasarea este calculat\u0103 pentru fiecare strat prin \u00eemp\u0103r\u021birea stratului \u00een substraturi pentru a cre\u0219te acurate\u021bea calculului tas\u0103rilor.<\/p>\n<p>Acest software, disponibil anterior ca aplica\u021bie Windows, a fost complet migrat pe tehnologie web. \u00cen prezent este disponibil ca Web App, cu toate func\u021bionalit\u0103\u021bile versiunii desktop, accesibil online f\u0103r\u0103 instalare prin platforma <strong>GeoApp de la GeoStru<\/strong>.<\/p>\n","protected":false},"featured_media":25693,"comment_status":"open","ping_status":"closed","template":"","meta":[],"product_cat":[684],"product_tag":[],"class_list":{"0":"post-26586","1":"product","2":"type-product","3":"status-publish","4":"has-post-thumbnail","6":"product_cat-plugin-ro","7":"description-off","9":"first","10":"instock","11":"taxable","12":"shipping-taxable","13":"product-type-external"},"yoast_head":"<!-- This site is optimized with the Yoast SEO Premium plugin v25.0 (Yoast SEO v25.0) - https:\/\/yoast.com\/wordpress\/plugins\/seo\/ -->\n<title>Terasamente de a\u0219ezare - GeoStru EU<\/title>\n<meta name=\"description\" content=\"Calculeaz\u0103 tasarea terasamentelor rutiere sau feroviare (sarcini statice \u0219i dinamice), de tip trapezoidal \u00een puncte semnificative: axa, margine \u0219i picior.\" \/>\n<meta name=\"robots\" content=\"index, follow, max-snippet:-1, max-image-preview:large, max-video-preview:-1\" \/>\n<link rel=\"canonical\" href=\"https:\/\/www.geostru.eu\/ro\/shop\/plugin-ro\/terasamente-de-asezare\/\" \/>\n<meta property=\"og:locale\" content=\"ro_RO\" \/>\n<meta property=\"og:type\" content=\"article\" \/>\n<meta property=\"og:title\" content=\"Terasamente de a\u0219ezare\" \/>\n<meta property=\"og:description\" content=\"Calculeaz\u0103 tasarea terasamentelor rutiere sau feroviare (sarcini statice \u0219i dinamice), de tip trapezoidal \u00een puncte semnificative: axa, margine \u0219i picior.\" \/>\n<meta property=\"og:url\" content=\"https:\/\/www.geostru.eu\/ro\/shop\/plugin-ro\/terasamente-de-asezare\/\" \/>\n<meta property=\"og:site_name\" content=\"GeoStru EU\" \/>\n<meta property=\"article:publisher\" content=\"https:\/\/www.facebook.com\/GeoStruSoftware\/\" \/>\n<meta property=\"article:modified_time\" content=\"2026-02-17T07:25:24+00:00\" \/>\n<meta property=\"og:image\" content=\"https:\/\/www.geostru.eu\/wp-content\/uploads\/2016\/12\/embakment_geostru.jpg\" \/>\n<meta name=\"twitter:card\" content=\"summary_large_image\" \/>\n<meta name=\"twitter:site\" content=\"@geostru\" \/>\n<meta name=\"twitter:label1\" content=\"Pre\u021b\" \/>\n\t<meta name=\"twitter:data1\" content=\"\" \/>\n\t<meta name=\"twitter:label2\" content=\"Disponibilitate\" \/>\n\t<meta name=\"twitter:data2\" content=\"\u00cen stoc\" \/>\n<script type=\"application\/ld+json\" class=\"yoast-schema-graph\">{\"@context\":\"https:\/\/schema.org\",\"@graph\":[{\"@type\":\"WebPage\",\"@id\":\"https:\/\/www.geostru.eu\/ro\/shop\/plugin-ro\/terasamente-de-asezare\/\",\"url\":\"https:\/\/www.geostru.eu\/ro\/shop\/plugin-ro\/terasamente-de-asezare\/\",\"name\":\"Terasamente de a\u0219ezare - GeoStru EU\",\"isPartOf\":{\"@id\":\"https:\/\/www.geostru.eu\/ro\/#website\"},\"primaryImageOfPage\":{\"@id\":\"https:\/\/www.geostru.eu\/ro\/shop\/plugin-ro\/terasamente-de-asezare\/#primaryimage\"},\"image\":{\"@id\":\"https:\/\/www.geostru.eu\/ro\/shop\/plugin-ro\/terasamente-de-asezare\/#primaryimage\"},\"thumbnailUrl\":\"https:\/\/www.geostru.eu\/wp-content\/uploads\/2016\/11\/EMBANK_EN.jpg\",\"datePublished\":\"2022-06-24T16:28:25+00:00\",\"dateModified\":\"2026-02-17T07:25:24+00:00\",\"description\":\"Calculeaz\u0103 tasarea terasamentelor rutiere sau feroviare (sarcini statice \u0219i dinamice), de tip trapezoidal \u00een puncte semnificative: axa, margine \u0219i picior.\",\"breadcrumb\":{\"@id\":\"https:\/\/www.geostru.eu\/ro\/shop\/plugin-ro\/terasamente-de-asezare\/#breadcrumb\"},\"inLanguage\":\"ro-RO\",\"potentialAction\":[{\"@type\":\"ReadAction\",\"target\":[\"https:\/\/www.geostru.eu\/ro\/shop\/plugin-ro\/terasamente-de-asezare\/\"]}]},{\"@type\":\"ImageObject\",\"inLanguage\":\"ro-RO\",\"@id\":\"https:\/\/www.geostru.eu\/ro\/shop\/plugin-ro\/terasamente-de-asezare\/#primaryimage\",\"url\":\"https:\/\/www.geostru.eu\/wp-content\/uploads\/2016\/11\/EMBANK_EN.jpg\",\"contentUrl\":\"https:\/\/www.geostru.eu\/wp-content\/uploads\/2016\/11\/EMBANK_EN.jpg\",\"width\":700,\"height\":481,\"caption\":\"Cedimenti rilevati - geostru\"},{\"@type\":\"BreadcrumbList\",\"@id\":\"https:\/\/www.geostru.eu\/ro\/shop\/plugin-ro\/terasamente-de-asezare\/#breadcrumb\",\"itemListElement\":[{\"@type\":\"ListItem\",\"position\":1,\"name\":\"Home\",\"item\":\"https:\/\/www.geostru.eu\/ro\/\"},{\"@type\":\"ListItem\",\"position\":2,\"name\":\"Shop\",\"item\":\"https:\/\/www.geostru.eu\/shop\/?lang=ro\"},{\"@type\":\"ListItem\",\"position\":3,\"name\":\"Terasamente de a\u0219ezare\"}]},{\"@type\":\"WebSite\",\"@id\":\"https:\/\/www.geostru.eu\/ro\/#website\",\"url\":\"https:\/\/www.geostru.eu\/ro\/\",\"name\":\"GeoStru EU\",\"description\":\"Professionals at your service\",\"publisher\":{\"@id\":\"https:\/\/www.geostru.eu\/ro\/#organization\"},\"potentialAction\":[{\"@type\":\"SearchAction\",\"target\":{\"@type\":\"EntryPoint\",\"urlTemplate\":\"https:\/\/www.geostru.eu\/ro\/?s={search_term_string}\"},\"query-input\":{\"@type\":\"PropertyValueSpecification\",\"valueRequired\":true,\"valueName\":\"search_term_string\"}}],\"inLanguage\":\"ro-RO\"},{\"@type\":\"Organization\",\"@id\":\"https:\/\/www.geostru.eu\/ro\/#organization\",\"name\":\"GeoStru EU\",\"url\":\"https:\/\/www.geostru.eu\/ro\/\",\"logo\":{\"@type\":\"ImageObject\",\"inLanguage\":\"ro-RO\",\"@id\":\"https:\/\/www.geostru.eu\/ro\/#\/schema\/logo\/image\/\",\"url\":\"https:\/\/www.geostru.eu\/wp-content\/uploads\/2023\/02\/LOGO_GEOSTRU_educational_banner.png\",\"contentUrl\":\"https:\/\/www.geostru.eu\/wp-content\/uploads\/2023\/02\/LOGO_GEOSTRU_educational_banner.png\",\"width\":363,\"height\":115,\"caption\":\"GeoStru EU\"},\"image\":{\"@id\":\"https:\/\/www.geostru.eu\/ro\/#\/schema\/logo\/image\/\"},\"sameAs\":[\"https:\/\/www.facebook.com\/GeoStruSoftware\/\",\"https:\/\/x.com\/geostru\",\"https:\/\/www.linkedin.com\/company\/2462488\/admin\/\",\"https:\/\/www.instagram.com\/geostru\/\"]}]}<\/script>\n<meta property=\"product:brand\" content=\"Plugin\" \/>\n<meta property=\"product:price:amount\" content=\"0.00\" \/>\n<meta property=\"product:price:currency\" content=\"EUR\" \/>\n<meta property=\"og:availability\" content=\"instock\" \/>\n<meta property=\"product:availability\" content=\"instock\" \/>\n<meta property=\"product:retailer_item_id\" content=\"431\" \/>\n<meta property=\"product:condition\" content=\"new\" \/>\n<!-- \/ Yoast SEO Premium plugin. -->","yoast_head_json":{"title":"Terasamente de a\u0219ezare - GeoStru EU","description":"Calculeaz\u0103 tasarea terasamentelor rutiere sau feroviare (sarcini statice \u0219i dinamice), de tip trapezoidal \u00een puncte semnificative: axa, margine \u0219i picior.","robots":{"index":"index","follow":"follow","max-snippet":"max-snippet:-1","max-image-preview":"max-image-preview:large","max-video-preview":"max-video-preview:-1"},"canonical":"https:\/\/www.geostru.eu\/ro\/shop\/plugin-ro\/terasamente-de-asezare\/","og_locale":"ro_RO","og_type":"article","og_title":"Terasamente de a\u0219ezare","og_description":"Calculeaz\u0103 tasarea terasamentelor rutiere sau feroviare (sarcini statice \u0219i dinamice), de tip trapezoidal \u00een puncte semnificative: axa, margine \u0219i picior.","og_url":"https:\/\/www.geostru.eu\/ro\/shop\/plugin-ro\/terasamente-de-asezare\/","og_site_name":"GeoStru EU","article_publisher":"https:\/\/www.facebook.com\/GeoStruSoftware\/","article_modified_time":"2026-02-17T07:25:24+00:00","og_image":[{"url":"https:\/\/www.geostru.eu\/wp-content\/uploads\/2016\/12\/embakment_geostru.jpg","type":"","width":"","height":""}],"twitter_card":"summary_large_image","twitter_site":"@geostru","twitter_misc":{"Pre\u021b":"","Disponibilitate":"\u00cen stoc"},"schema":{"@context":"https:\/\/schema.org","@graph":[{"@type":"WebPage","@id":"https:\/\/www.geostru.eu\/ro\/shop\/plugin-ro\/terasamente-de-asezare\/","url":"https:\/\/www.geostru.eu\/ro\/shop\/plugin-ro\/terasamente-de-asezare\/","name":"Terasamente de a\u0219ezare - GeoStru EU","isPartOf":{"@id":"https:\/\/www.geostru.eu\/ro\/#website"},"primaryImageOfPage":{"@id":"https:\/\/www.geostru.eu\/ro\/shop\/plugin-ro\/terasamente-de-asezare\/#primaryimage"},"image":{"@id":"https:\/\/www.geostru.eu\/ro\/shop\/plugin-ro\/terasamente-de-asezare\/#primaryimage"},"thumbnailUrl":"https:\/\/www.geostru.eu\/wp-content\/uploads\/2016\/11\/EMBANK_EN.jpg","datePublished":"2022-06-24T16:28:25+00:00","dateModified":"2026-02-17T07:25:24+00:00","description":"Calculeaz\u0103 tasarea terasamentelor rutiere sau feroviare (sarcini statice \u0219i dinamice), de tip trapezoidal \u00een puncte semnificative: axa, margine \u0219i picior.","breadcrumb":{"@id":"https:\/\/www.geostru.eu\/ro\/shop\/plugin-ro\/terasamente-de-asezare\/#breadcrumb"},"inLanguage":"ro-RO","potentialAction":[{"@type":"ReadAction","target":["https:\/\/www.geostru.eu\/ro\/shop\/plugin-ro\/terasamente-de-asezare\/"]}]},{"@type":"ImageObject","inLanguage":"ro-RO","@id":"https:\/\/www.geostru.eu\/ro\/shop\/plugin-ro\/terasamente-de-asezare\/#primaryimage","url":"https:\/\/www.geostru.eu\/wp-content\/uploads\/2016\/11\/EMBANK_EN.jpg","contentUrl":"https:\/\/www.geostru.eu\/wp-content\/uploads\/2016\/11\/EMBANK_EN.jpg","width":700,"height":481,"caption":"Cedimenti rilevati - geostru"},{"@type":"BreadcrumbList","@id":"https:\/\/www.geostru.eu\/ro\/shop\/plugin-ro\/terasamente-de-asezare\/#breadcrumb","itemListElement":[{"@type":"ListItem","position":1,"name":"Home","item":"https:\/\/www.geostru.eu\/ro\/"},{"@type":"ListItem","position":2,"name":"Shop","item":"https:\/\/www.geostru.eu\/shop\/?lang=ro"},{"@type":"ListItem","position":3,"name":"Terasamente de a\u0219ezare"}]},{"@type":"WebSite","@id":"https:\/\/www.geostru.eu\/ro\/#website","url":"https:\/\/www.geostru.eu\/ro\/","name":"GeoStru EU","description":"Professionals at your service","publisher":{"@id":"https:\/\/www.geostru.eu\/ro\/#organization"},"potentialAction":[{"@type":"SearchAction","target":{"@type":"EntryPoint","urlTemplate":"https:\/\/www.geostru.eu\/ro\/?s={search_term_string}"},"query-input":{"@type":"PropertyValueSpecification","valueRequired":true,"valueName":"search_term_string"}}],"inLanguage":"ro-RO"},{"@type":"Organization","@id":"https:\/\/www.geostru.eu\/ro\/#organization","name":"GeoStru EU","url":"https:\/\/www.geostru.eu\/ro\/","logo":{"@type":"ImageObject","inLanguage":"ro-RO","@id":"https:\/\/www.geostru.eu\/ro\/#\/schema\/logo\/image\/","url":"https:\/\/www.geostru.eu\/wp-content\/uploads\/2023\/02\/LOGO_GEOSTRU_educational_banner.png","contentUrl":"https:\/\/www.geostru.eu\/wp-content\/uploads\/2023\/02\/LOGO_GEOSTRU_educational_banner.png","width":363,"height":115,"caption":"GeoStru EU"},"image":{"@id":"https:\/\/www.geostru.eu\/ro\/#\/schema\/logo\/image\/"},"sameAs":["https:\/\/www.facebook.com\/GeoStruSoftware\/","https:\/\/x.com\/geostru","https:\/\/www.linkedin.com\/company\/2462488\/admin\/","https:\/\/www.instagram.com\/geostru\/"]}]},"product_brand":"Plugin","product_price_amount":"0.00","product_price_currency":"EUR","og_availability":"instock","product_availability":"instock","product_retailer_item_id":"431","product_condition":"new"},"_links":{"self":[{"href":"https:\/\/www.geostru.eu\/ro\/wp-json\/wp\/v2\/product\/26586"}],"collection":[{"href":"https:\/\/www.geostru.eu\/ro\/wp-json\/wp\/v2\/product"}],"about":[{"href":"https:\/\/www.geostru.eu\/ro\/wp-json\/wp\/v2\/types\/product"}],"replies":[{"embeddable":true,"href":"https:\/\/www.geostru.eu\/ro\/wp-json\/wp\/v2\/comments?post=26586"}],"wp:featuredmedia":[{"embeddable":true,"href":"https:\/\/www.geostru.eu\/ro\/wp-json\/wp\/v2\/media\/25693"}],"wp:attachment":[{"href":"https:\/\/www.geostru.eu\/ro\/wp-json\/wp\/v2\/media?parent=26586"}],"wp:term":[{"taxonomy":"product_cat","embeddable":true,"href":"https:\/\/www.geostru.eu\/ro\/wp-json\/wp\/v2\/product_cat?post=26586"},{"taxonomy":"product_tag","embeddable":true,"href":"https:\/\/www.geostru.eu\/ro\/wp-json\/wp\/v2\/product_tag?post=26586"}],"curies":[{"name":"wp","href":"https:\/\/api.w.org\/{rel}","templated":true}]}}