{"id":155384,"date":"2024-12-18T10:05:28","date_gmt":"2024-12-18T09:05:28","guid":{"rendered":"https:\/\/www.geostru.eu\/shop\/fara-categorie\/geostru-artificial-intelligence-gila\/"},"modified":"2025-01-23T16:21:50","modified_gmt":"2025-01-23T15:21:50","slug":"geostru-artificial-intelligence-gila","status":"publish","type":"product","link":"https:\/\/www.geostru.eu\/ro\/shop\/software-ro\/geostru-artificial-intelligence-gila\/","title":{"rendered":"GeoStru Artificial Intelligence &#8211; GILA"},"content":{"rendered":"<p style=\"text-align: justify\"><strong>GeoStru Artificial Intelligence &#8211; GILA<\/strong> permite instruirea local\u0103 a modelelor de Machine Learning pentru estimarea parametrilor geotehnici. Machine Learning este un subset al Inteligen\u021bei Artificiale care permite modelelor s\u0103 \u00eenve\u021be din date.<\/p>\n<p style=\"text-align: justify\">Programul creeaz\u0103 un model pentru fiecare parametru \u0219i \u00eencearc\u0103 s\u0103 \u00eenve\u021be corela\u021biile cel mai frecvent utilizate din datele testelor de penetrare care vor fi furnizate ca intrare.<\/p>\n<p style=\"text-align: justify\">Software-ul permite instruirea modelelor de Machine Learning direct din fi\u0219iere .dip sau .dipx, care pot fi generate cu software-ul Dynamic Probing. Alternativ, modelele pot fi instruite pornind de la un fi\u0219ier .csv.<\/p>\n<p style=\"text-align: justify\">\u00cen plus, programul permite:<\/p>\n<ul>\n<li style=\"text-align: justify\">Asocierea unei clasific\u0103ri litologice pentru fiecare tip de sol prezent \u00een fi\u0219ierele de intrare.<\/li>\n<li style=\"text-align: justify\">Efectuarea de estim\u0103ri pentru fiecare parametru utiliz\u00e2nd modelele instruite.<\/li>\n<li style=\"text-align: justify\">Salvarea local\u0103 a modelelor deja instruite pentru reutilizare ulterioar\u0103.<\/li>\n<li style=\"text-align: justify\">Realizarea de analize cantitative \u0219i grafice ale performan\u021bei modelelor instruite.<\/li>\n<\/ul>\n","protected":false},"excerpt":{"rendered":"<p>GeoStru Artificial Intelligence &#8211; GILA permite instruirea local\u0103 a modelelor de Machine Learning pentru estimarea parametrilor geotehnici. Machine Learning este un subset al Inteligen\u021bei Artificiale care permite modelelor s\u0103 \u00eenve\u021be din date.<\/p>\n<p>Programul creeaz\u0103 un model pentru fiecare parametru \u0219i \u00eencearc\u0103 s\u0103 \u00eenve\u021be corela\u021biile cel mai frecvent utilizate \u00een testele de penetrare care vor fi furnizate ca intrare.<\/p>\n<blockquote><p><span style=\"color: #008000\">Produsul va fi disponibil \u00eencep\u00e2nd cu data de 10 ianuarie 2025 \u0219i exclusiv pentru clien\u021bii GeoStru.<\/span><\/p><\/blockquote>\n<p>&nbsp;<\/p>\n","protected":false},"featured_media":155833,"comment_status":"closed","ping_status":"closed","template":"","meta":[],"product_cat":[13321,202,530,85,87,84],"product_tag":[13536],"class_list":{"0":"post-155384","1":"product","2":"type-product","3":"status-publish","4":"has-post-thumbnail","6":"product_cat-pachet-software-ro","7":"product_cat-software-ro","8":"product_cat-software-geologia-ro-2","9":"product_cat-geotehnica-si-geologie","10":"product_cat-incercari-in-situ","11":"product_cat-geofizica","12":"product_tag-geostru-artificial-intelligence-ro","13":"description-off","15":"first","16":"outofstock","17":"downloadable","18":"virtual","19":"sold-individually","20":"taxable","21":"purchasable","22":"product-type-licensed"},"yoast_head":"<!-- This site is optimized with the Yoast SEO Premium plugin v25.0 (Yoast SEO v25.0) - https:\/\/yoast.com\/wordpress\/plugins\/seo\/ -->\n<title>GeoStru Artificial Intelligence - GILA - GeoStru EU<\/title>\n<meta name=\"description\" content=\"GeoStru Artificial Intelligence - GILA permite instruirea local\u0103 a modelelor de Machine Learning pentru estimarea parametrilor geotehnici\" \/>\n<meta name=\"robots\" content=\"index, follow, max-snippet:-1, max-image-preview:large, max-video-preview:-1\" \/>\n<link rel=\"canonical\" href=\"https:\/\/www.geostru.eu\/ro\/shop\/software-ro\/geostru-artificial-intelligence-gila\/\" \/>\n<meta property=\"og:locale\" content=\"ro_RO\" \/>\n<meta property=\"og:type\" content=\"article\" \/>\n<meta property=\"og:title\" content=\"GeoStru Artificial Intelligence - GILA\" \/>\n<meta property=\"og:description\" content=\"GeoStru Artificial Intelligence - GILA permite instruirea local\u0103 a modelelor de Machine Learning pentru estimarea parametrilor geotehnici\" \/>\n<meta property=\"og:url\" content=\"https:\/\/www.geostru.eu\/ro\/shop\/software-ro\/geostru-artificial-intelligence-gila\/\" \/>\n<meta property=\"og:site_name\" content=\"GeoStru EU\" \/>\n<meta property=\"article:publisher\" content=\"https:\/\/www.facebook.com\/GeoStruSoftware\/\" \/>\n<meta property=\"article:modified_time\" content=\"2025-01-23T15:21:50+00:00\" \/>\n<meta property=\"og:image\" content=\"https:\/\/www.geostru.eu\/wp-content\/uploads\/2024\/12\/gila-geostru-ro.jpg\" \/>\n\t<meta property=\"og:image:width\" content=\"1200\" \/>\n\t<meta property=\"og:image:height\" content=\"630\" \/>\n\t<meta property=\"og:image:type\" content=\"image\/jpeg\" \/>\n<meta name=\"twitter:card\" content=\"summary_large_image\" \/>\n<meta name=\"twitter:site\" content=\"@geostru\" \/>\n<meta name=\"twitter:label1\" content=\"Pre\u021b\" \/>\n\t<meta name=\"twitter:data1\" content=\"&euro;499.00 f\u0103r\u0103 TVA\" \/>\n\t<meta name=\"twitter:label2\" content=\"Disponibilitate\" \/>\n\t<meta name=\"twitter:data2\" content=\"Stoc epuizat\" \/>\n<script type=\"application\/ld+json\" class=\"yoast-schema-graph\">{\"@context\":\"https:\/\/schema.org\",\"@graph\":[{\"@type\":\"WebPage\",\"@id\":\"https:\/\/www.geostru.eu\/ro\/shop\/software-ro\/geostru-artificial-intelligence-gila\/\",\"url\":\"https:\/\/www.geostru.eu\/ro\/shop\/software-ro\/geostru-artificial-intelligence-gila\/\",\"name\":\"GeoStru Artificial Intelligence - GILA - GeoStru EU\",\"isPartOf\":{\"@id\":\"https:\/\/www.geostru.eu\/ro\/#website\"},\"primaryImageOfPage\":{\"@id\":\"https:\/\/www.geostru.eu\/ro\/shop\/software-ro\/geostru-artificial-intelligence-gila\/#primaryimage\"},\"image\":{\"@id\":\"https:\/\/www.geostru.eu\/ro\/shop\/software-ro\/geostru-artificial-intelligence-gila\/#primaryimage\"},\"thumbnailUrl\":\"https:\/\/www.geostru.eu\/wp-content\/uploads\/2024\/12\/GILA2-2.png\",\"datePublished\":\"2024-12-18T09:05:28+00:00\",\"dateModified\":\"2025-01-23T15:21:50+00:00\",\"description\":\"GeoStru Artificial Intelligence - GILA permite instruirea local\u0103 a modelelor de Machine Learning pentru estimarea parametrilor geotehnici\",\"breadcrumb\":{\"@id\":\"https:\/\/www.geostru.eu\/ro\/shop\/software-ro\/geostru-artificial-intelligence-gila\/#breadcrumb\"},\"inLanguage\":\"ro-RO\",\"potentialAction\":[{\"@type\":\"ReadAction\",\"target\":[\"https:\/\/www.geostru.eu\/ro\/shop\/software-ro\/geostru-artificial-intelligence-gila\/\"]}]},{\"@type\":\"ImageObject\",\"inLanguage\":\"ro-RO\",\"@id\":\"https:\/\/www.geostru.eu\/ro\/shop\/software-ro\/geostru-artificial-intelligence-gila\/#primaryimage\",\"url\":\"https:\/\/www.geostru.eu\/wp-content\/uploads\/2024\/12\/GILA2-2.png\",\"contentUrl\":\"https:\/\/www.geostru.eu\/wp-content\/uploads\/2024\/12\/GILA2-2.png\",\"width\":1000,\"height\":692},{\"@type\":\"BreadcrumbList\",\"@id\":\"https:\/\/www.geostru.eu\/ro\/shop\/software-ro\/geostru-artificial-intelligence-gila\/#breadcrumb\",\"itemListElement\":[{\"@type\":\"ListItem\",\"position\":1,\"name\":\"Home\",\"item\":\"https:\/\/www.geostru.eu\/ro\/\"},{\"@type\":\"ListItem\",\"position\":2,\"name\":\"Shop\",\"item\":\"https:\/\/www.geostru.eu\/shop\/?lang=ro\"},{\"@type\":\"ListItem\",\"position\":3,\"name\":\"GeoStru Artificial Intelligence &#8211; GILA\"}]},{\"@type\":\"WebSite\",\"@id\":\"https:\/\/www.geostru.eu\/ro\/#website\",\"url\":\"https:\/\/www.geostru.eu\/ro\/\",\"name\":\"GeoStru EU\",\"description\":\"Professionals at your service\",\"publisher\":{\"@id\":\"https:\/\/www.geostru.eu\/ro\/#organization\"},\"potentialAction\":[{\"@type\":\"SearchAction\",\"target\":{\"@type\":\"EntryPoint\",\"urlTemplate\":\"https:\/\/www.geostru.eu\/ro\/?s={search_term_string}\"},\"query-input\":{\"@type\":\"PropertyValueSpecification\",\"valueRequired\":true,\"valueName\":\"search_term_string\"}}],\"inLanguage\":\"ro-RO\"},{\"@type\":\"Organization\",\"@id\":\"https:\/\/www.geostru.eu\/ro\/#organization\",\"name\":\"GeoStru EU\",\"url\":\"https:\/\/www.geostru.eu\/ro\/\",\"logo\":{\"@type\":\"ImageObject\",\"inLanguage\":\"ro-RO\",\"@id\":\"https:\/\/www.geostru.eu\/ro\/#\/schema\/logo\/image\/\",\"url\":\"https:\/\/www.geostru.eu\/wp-content\/uploads\/2023\/02\/LOGO_GEOSTRU_educational_banner.png\",\"contentUrl\":\"https:\/\/www.geostru.eu\/wp-content\/uploads\/2023\/02\/LOGO_GEOSTRU_educational_banner.png\",\"width\":363,\"height\":115,\"caption\":\"GeoStru EU\"},\"image\":{\"@id\":\"https:\/\/www.geostru.eu\/ro\/#\/schema\/logo\/image\/\"},\"sameAs\":[\"https:\/\/www.facebook.com\/GeoStruSoftware\/\",\"https:\/\/x.com\/geostru\",\"https:\/\/www.linkedin.com\/company\/2462488\/admin\/\",\"https:\/\/www.instagram.com\/geostru\/\"]}]}<\/script>\n<meta property=\"product:brand\" content=\"Software\" \/>\n<meta property=\"product:price:amount\" content=\"499.00\" \/>\n<meta property=\"product:price:currency\" content=\"EUR\" \/>\n<meta property=\"og:availability\" content=\"out of stock\" \/>\n<meta property=\"product:availability\" content=\"out of stock\" \/>\n<meta property=\"product:retailer_item_id\" content=\"108\" \/>\n<meta property=\"product:condition\" content=\"new\" \/>\n<!-- \/ Yoast SEO Premium plugin. -->","yoast_head_json":{"title":"GeoStru Artificial Intelligence - GILA - GeoStru EU","description":"GeoStru Artificial Intelligence - GILA permite instruirea local\u0103 a modelelor de Machine Learning pentru estimarea parametrilor geotehnici","robots":{"index":"index","follow":"follow","max-snippet":"max-snippet:-1","max-image-preview":"max-image-preview:large","max-video-preview":"max-video-preview:-1"},"canonical":"https:\/\/www.geostru.eu\/ro\/shop\/software-ro\/geostru-artificial-intelligence-gila\/","og_locale":"ro_RO","og_type":"article","og_title":"GeoStru Artificial Intelligence - GILA","og_description":"GeoStru Artificial Intelligence - GILA permite instruirea local\u0103 a modelelor de Machine Learning pentru estimarea parametrilor geotehnici","og_url":"https:\/\/www.geostru.eu\/ro\/shop\/software-ro\/geostru-artificial-intelligence-gila\/","og_site_name":"GeoStru EU","article_publisher":"https:\/\/www.facebook.com\/GeoStruSoftware\/","article_modified_time":"2025-01-23T15:21:50+00:00","og_image":[{"width":1200,"height":630,"url":"https:\/\/www.geostru.eu\/wp-content\/uploads\/2024\/12\/gila-geostru-ro.jpg","type":"image\/jpeg"}],"twitter_card":"summary_large_image","twitter_site":"@geostru","twitter_misc":{"Pre\u021b":"&euro;499.00 f\u0103r\u0103 TVA","Disponibilitate":"Stoc epuizat"},"schema":{"@context":"https:\/\/schema.org","@graph":[{"@type":"WebPage","@id":"https:\/\/www.geostru.eu\/ro\/shop\/software-ro\/geostru-artificial-intelligence-gila\/","url":"https:\/\/www.geostru.eu\/ro\/shop\/software-ro\/geostru-artificial-intelligence-gila\/","name":"GeoStru Artificial Intelligence - GILA - GeoStru EU","isPartOf":{"@id":"https:\/\/www.geostru.eu\/ro\/#website"},"primaryImageOfPage":{"@id":"https:\/\/www.geostru.eu\/ro\/shop\/software-ro\/geostru-artificial-intelligence-gila\/#primaryimage"},"image":{"@id":"https:\/\/www.geostru.eu\/ro\/shop\/software-ro\/geostru-artificial-intelligence-gila\/#primaryimage"},"thumbnailUrl":"https:\/\/www.geostru.eu\/wp-content\/uploads\/2024\/12\/GILA2-2.png","datePublished":"2024-12-18T09:05:28+00:00","dateModified":"2025-01-23T15:21:50+00:00","description":"GeoStru Artificial Intelligence - GILA permite instruirea local\u0103 a modelelor de Machine Learning pentru estimarea parametrilor geotehnici","breadcrumb":{"@id":"https:\/\/www.geostru.eu\/ro\/shop\/software-ro\/geostru-artificial-intelligence-gila\/#breadcrumb"},"inLanguage":"ro-RO","potentialAction":[{"@type":"ReadAction","target":["https:\/\/www.geostru.eu\/ro\/shop\/software-ro\/geostru-artificial-intelligence-gila\/"]}]},{"@type":"ImageObject","inLanguage":"ro-RO","@id":"https:\/\/www.geostru.eu\/ro\/shop\/software-ro\/geostru-artificial-intelligence-gila\/#primaryimage","url":"https:\/\/www.geostru.eu\/wp-content\/uploads\/2024\/12\/GILA2-2.png","contentUrl":"https:\/\/www.geostru.eu\/wp-content\/uploads\/2024\/12\/GILA2-2.png","width":1000,"height":692},{"@type":"BreadcrumbList","@id":"https:\/\/www.geostru.eu\/ro\/shop\/software-ro\/geostru-artificial-intelligence-gila\/#breadcrumb","itemListElement":[{"@type":"ListItem","position":1,"name":"Home","item":"https:\/\/www.geostru.eu\/ro\/"},{"@type":"ListItem","position":2,"name":"Shop","item":"https:\/\/www.geostru.eu\/shop\/?lang=ro"},{"@type":"ListItem","position":3,"name":"GeoStru Artificial Intelligence &#8211; GILA"}]},{"@type":"WebSite","@id":"https:\/\/www.geostru.eu\/ro\/#website","url":"https:\/\/www.geostru.eu\/ro\/","name":"GeoStru EU","description":"Professionals at your service","publisher":{"@id":"https:\/\/www.geostru.eu\/ro\/#organization"},"potentialAction":[{"@type":"SearchAction","target":{"@type":"EntryPoint","urlTemplate":"https:\/\/www.geostru.eu\/ro\/?s={search_term_string}"},"query-input":{"@type":"PropertyValueSpecification","valueRequired":true,"valueName":"search_term_string"}}],"inLanguage":"ro-RO"},{"@type":"Organization","@id":"https:\/\/www.geostru.eu\/ro\/#organization","name":"GeoStru EU","url":"https:\/\/www.geostru.eu\/ro\/","logo":{"@type":"ImageObject","inLanguage":"ro-RO","@id":"https:\/\/www.geostru.eu\/ro\/#\/schema\/logo\/image\/","url":"https:\/\/www.geostru.eu\/wp-content\/uploads\/2023\/02\/LOGO_GEOSTRU_educational_banner.png","contentUrl":"https:\/\/www.geostru.eu\/wp-content\/uploads\/2023\/02\/LOGO_GEOSTRU_educational_banner.png","width":363,"height":115,"caption":"GeoStru EU"},"image":{"@id":"https:\/\/www.geostru.eu\/ro\/#\/schema\/logo\/image\/"},"sameAs":["https:\/\/www.facebook.com\/GeoStruSoftware\/","https:\/\/x.com\/geostru","https:\/\/www.linkedin.com\/company\/2462488\/admin\/","https:\/\/www.instagram.com\/geostru\/"]}]},"product_brand":"Software","product_price_amount":"499.00","product_price_currency":"EUR","og_availability":"out of stock","product_availability":"out of stock","product_retailer_item_id":"108","product_condition":"new"},"_links":{"self":[{"href":"https:\/\/www.geostru.eu\/ro\/wp-json\/wp\/v2\/product\/155384"}],"collection":[{"href":"https:\/\/www.geostru.eu\/ro\/wp-json\/wp\/v2\/product"}],"about":[{"href":"https:\/\/www.geostru.eu\/ro\/wp-json\/wp\/v2\/types\/product"}],"replies":[{"embeddable":true,"href":"https:\/\/www.geostru.eu\/ro\/wp-json\/wp\/v2\/comments?post=155384"}],"wp:featuredmedia":[{"embeddable":true,"href":"https:\/\/www.geostru.eu\/ro\/wp-json\/wp\/v2\/media\/155833"}],"wp:attachment":[{"href":"https:\/\/www.geostru.eu\/ro\/wp-json\/wp\/v2\/media?parent=155384"}],"wp:term":[{"taxonomy":"product_cat","embeddable":true,"href":"https:\/\/www.geostru.eu\/ro\/wp-json\/wp\/v2\/product_cat?post=155384"},{"taxonomy":"product_tag","embeddable":true,"href":"https:\/\/www.geostru.eu\/ro\/wp-json\/wp\/v2\/product_tag?post=155384"}],"curies":[{"name":"wp","href":"https:\/\/api.w.org\/{rel}","templated":true}]}}