{"id":147809,"date":"2024-02-28T11:50:00","date_gmt":"2024-02-28T10:50:00","guid":{"rendered":"https:\/\/www.geostru.eu\/shop\/fara-categorie\/hydrogeo\/"},"modified":"2024-03-15T16:27:06","modified_gmt":"2024-03-15T15:27:06","slug":"hydrogeo","status":"publish","type":"product","link":"https:\/\/www.geostru.eu\/ro\/shop\/software-ro\/hidrologie-si-hidraulica\/hydrogeo\/","title":{"rendered":"HYDROGEO"},"content":{"rendered":"<p>Aplica\u021bie de consultare pe hart\u0103 a datelor pluviometrice istorice ale diferitelor sta\u021bii din teritoriul italian. Odat\u0103 ce sta\u021bia de interes este selectat\u0103, este posibil s\u0103 vizualiza\u021bi seria istoric\u0103 disponibil\u0103 \u0219i s\u0103 o solicita\u021bi sub form\u0103 de fi\u0219ier text.<\/p>\n<p>\u00cen prezent, serviciul este activ doar pentru teritoriul italian, dar dac\u0103 sunte\u021bi interesa\u021bi s\u0103 extinde\u021bi acest serviciu, v\u0103 rug\u0103m s\u0103 ne contacta\u021bi. Sistemul nostru este preg\u0103tit s\u0103 gestioneze diferite na\u021bionalit\u0103\u021bi.<\/p>\n","protected":false},"excerpt":{"rendered":"<p>Aplica\u021bie de consultare pe hart\u0103 a datelor pluviometrice istorice ale diferitelor sta\u021bii din teritoriul italian. Odat\u0103 ce sta\u021bia de interes este selectat\u0103, este posibil s\u0103 vizualiza\u021bi seria istoric\u0103 disponibil\u0103 \u0219i s\u0103 o solicita\u021bi sub form\u0103 de fi\u0219ier text.<\/p>\n<p>\u00cen prezent, serviciul este activ doar pentru teritoriul italian, dar dac\u0103 sunte\u021bi interesa\u021bi s\u0103 extinde\u021bi acest serviciu, v\u0103 rug\u0103m s\u0103 ne contacta\u021bi. Sistemul nostru este preg\u0103tit s\u0103 gestioneze diferite na\u021bionalit\u0103\u021bi.<\/p>\n","protected":false},"featured_media":147806,"comment_status":"closed","ping_status":"closed","template":"","meta":[],"product_cat":[86],"product_tag":[],"class_list":{"0":"post-147809","1":"product","2":"type-product","3":"status-publish","4":"has-post-thumbnail","6":"product_cat-hidrologie-si-hidraulica","7":"description-off","9":"first","10":"instock","11":"taxable","12":"shipping-taxable","13":"product-type-external"},"yoast_head":"<!-- This site is optimized with the Yoast SEO Premium plugin v25.0 (Yoast SEO v25.0) - https:\/\/yoast.com\/wordpress\/plugins\/seo\/ -->\n<title>HYDROGEO - GeoStru EU<\/title>\n<meta name=\"description\" content=\"Aplica\u021bie de consultare pe hart\u0103 a datelor pluviometrice istorice ale diferitelor sta\u021bii din teritoriul italian. Odat\u0103 ce sta\u021bia de interes este selectat\u0103, este posibil s\u0103 vizualiza\u021bi seria istoric\u0103 disponibil\u0103 \u0219i s\u0103 o solicita\u021bi sub form\u0103 de fi\u0219ier text.\u00cen prezent, serviciul este activ doar pentru teritoriul italian, dar dac\u0103 sunte\u021bi interesa\u021bi s\u0103 extinde\u021bi acest serviciu, v\u0103 rug\u0103m s\u0103 ne contacta\u021bi. Sistemul nostru este preg\u0103tit s\u0103 gestioneze diferite na\u021bionalit\u0103\u021bi.\" \/>\n<meta name=\"robots\" content=\"index, follow, max-snippet:-1, max-image-preview:large, max-video-preview:-1\" \/>\n<link rel=\"canonical\" href=\"https:\/\/www.geostru.eu\/ro\/shop\/software-ro\/hidrologie-si-hidraulica\/hydrogeo\/\" \/>\n<meta property=\"og:locale\" content=\"ro_RO\" \/>\n<meta property=\"og:type\" content=\"article\" \/>\n<meta property=\"og:title\" content=\"HYDROGEO\" \/>\n<meta property=\"og:description\" content=\"Aplica\u021bie de consultare pe hart\u0103 a datelor pluviometrice istorice ale diferitelor sta\u021bii din teritoriul italian. Odat\u0103 ce sta\u021bia de interes este selectat\u0103, este posibil s\u0103 vizualiza\u021bi seria istoric\u0103 disponibil\u0103 \u0219i s\u0103 o solicita\u021bi sub form\u0103 de fi\u0219ier text.\u00cen prezent, serviciul este activ doar pentru teritoriul italian, dar dac\u0103 sunte\u021bi interesa\u021bi s\u0103 extinde\u021bi acest serviciu, v\u0103 rug\u0103m s\u0103 ne contacta\u021bi. Sistemul nostru este preg\u0103tit s\u0103 gestioneze diferite na\u021bionalit\u0103\u021bi.\" \/>\n<meta property=\"og:url\" content=\"https:\/\/www.geostru.eu\/ro\/shop\/software-ro\/hidrologie-si-hidraulica\/hydrogeo\/\" \/>\n<meta property=\"og:site_name\" content=\"GeoStru EU\" \/>\n<meta property=\"article:publisher\" content=\"https:\/\/www.facebook.com\/GeoStruSoftware\/\" \/>\n<meta property=\"article:modified_time\" content=\"2024-03-15T15:27:06+00:00\" \/>\n<meta property=\"og:image\" content=\"https:\/\/www.geostru.eu\/wp-content\/uploads\/2024\/02\/HYDROGEO-GEOSTRU.png\" \/>\n\t<meta property=\"og:image:width\" content=\"1198\" \/>\n\t<meta property=\"og:image:height\" content=\"814\" \/>\n\t<meta property=\"og:image:type\" content=\"image\/png\" \/>\n<meta name=\"twitter:card\" content=\"summary_large_image\" \/>\n<meta name=\"twitter:site\" content=\"@geostru\" \/>\n<meta name=\"twitter:label1\" content=\"Pre\u021b\" \/>\n\t<meta name=\"twitter:data1\" content=\"\" \/>\n\t<meta name=\"twitter:label2\" content=\"Disponibilitate\" \/>\n\t<meta name=\"twitter:data2\" content=\"\u00cen stoc\" \/>\n<script type=\"application\/ld+json\" class=\"yoast-schema-graph\">{\"@context\":\"https:\/\/schema.org\",\"@graph\":[{\"@type\":\"WebPage\",\"@id\":\"https:\/\/www.geostru.eu\/ro\/shop\/software-ro\/hidrologie-si-hidraulica\/hydrogeo\/\",\"url\":\"https:\/\/www.geostru.eu\/ro\/shop\/software-ro\/hidrologie-si-hidraulica\/hydrogeo\/\",\"name\":\"HYDROGEO - GeoStru EU\",\"isPartOf\":{\"@id\":\"https:\/\/www.geostru.eu\/ro\/#website\"},\"primaryImageOfPage\":{\"@id\":\"https:\/\/www.geostru.eu\/ro\/shop\/software-ro\/hidrologie-si-hidraulica\/hydrogeo\/#primaryimage\"},\"image\":{\"@id\":\"https:\/\/www.geostru.eu\/ro\/shop\/software-ro\/hidrologie-si-hidraulica\/hydrogeo\/#primaryimage\"},\"thumbnailUrl\":\"https:\/\/www.geostru.eu\/wp-content\/uploads\/2024\/02\/HYDROGEO-GEOSTRU.png\",\"datePublished\":\"2024-02-28T10:50:00+00:00\",\"dateModified\":\"2024-03-15T15:27:06+00:00\",\"description\":\"Aplica\u021bie de consultare pe hart\u0103 a datelor pluviometrice istorice ale diferitelor sta\u021bii din teritoriul italian. Odat\u0103 ce sta\u021bia de interes este selectat\u0103, este posibil s\u0103 vizualiza\u021bi seria istoric\u0103 disponibil\u0103 \u0219i s\u0103 o solicita\u021bi sub form\u0103 de fi\u0219ier text.\u00cen prezent, serviciul este activ doar pentru teritoriul italian, dar dac\u0103 sunte\u021bi interesa\u021bi s\u0103 extinde\u021bi acest serviciu, v\u0103 rug\u0103m s\u0103 ne contacta\u021bi. Sistemul nostru este preg\u0103tit s\u0103 gestioneze diferite na\u021bionalit\u0103\u021bi.\",\"breadcrumb\":{\"@id\":\"https:\/\/www.geostru.eu\/ro\/shop\/software-ro\/hidrologie-si-hidraulica\/hydrogeo\/#breadcrumb\"},\"inLanguage\":\"ro-RO\",\"potentialAction\":[{\"@type\":\"ReadAction\",\"target\":[\"https:\/\/www.geostru.eu\/ro\/shop\/software-ro\/hidrologie-si-hidraulica\/hydrogeo\/\"]}]},{\"@type\":\"ImageObject\",\"inLanguage\":\"ro-RO\",\"@id\":\"https:\/\/www.geostru.eu\/ro\/shop\/software-ro\/hidrologie-si-hidraulica\/hydrogeo\/#primaryimage\",\"url\":\"https:\/\/www.geostru.eu\/wp-content\/uploads\/2024\/02\/HYDROGEO-GEOSTRU.png\",\"contentUrl\":\"https:\/\/www.geostru.eu\/wp-content\/uploads\/2024\/02\/HYDROGEO-GEOSTRU.png\",\"width\":1198,\"height\":814,\"caption\":\"HYDROGEO\"},{\"@type\":\"BreadcrumbList\",\"@id\":\"https:\/\/www.geostru.eu\/ro\/shop\/software-ro\/hidrologie-si-hidraulica\/hydrogeo\/#breadcrumb\",\"itemListElement\":[{\"@type\":\"ListItem\",\"position\":1,\"name\":\"Home\",\"item\":\"https:\/\/www.geostru.eu\/ro\/\"},{\"@type\":\"ListItem\",\"position\":2,\"name\":\"Shop\",\"item\":\"https:\/\/www.geostru.eu\/shop\/?lang=ro\"},{\"@type\":\"ListItem\",\"position\":3,\"name\":\"HYDROGEO\"}]},{\"@type\":\"WebSite\",\"@id\":\"https:\/\/www.geostru.eu\/ro\/#website\",\"url\":\"https:\/\/www.geostru.eu\/ro\/\",\"name\":\"GeoStru EU\",\"description\":\"Professionals at your service\",\"publisher\":{\"@id\":\"https:\/\/www.geostru.eu\/ro\/#organization\"},\"potentialAction\":[{\"@type\":\"SearchAction\",\"target\":{\"@type\":\"EntryPoint\",\"urlTemplate\":\"https:\/\/www.geostru.eu\/ro\/?s={search_term_string}\"},\"query-input\":{\"@type\":\"PropertyValueSpecification\",\"valueRequired\":true,\"valueName\":\"search_term_string\"}}],\"inLanguage\":\"ro-RO\"},{\"@type\":\"Organization\",\"@id\":\"https:\/\/www.geostru.eu\/ro\/#organization\",\"name\":\"GeoStru EU\",\"url\":\"https:\/\/www.geostru.eu\/ro\/\",\"logo\":{\"@type\":\"ImageObject\",\"inLanguage\":\"ro-RO\",\"@id\":\"https:\/\/www.geostru.eu\/ro\/#\/schema\/logo\/image\/\",\"url\":\"https:\/\/www.geostru.eu\/wp-content\/uploads\/2023\/02\/LOGO_GEOSTRU_educational_banner.png\",\"contentUrl\":\"https:\/\/www.geostru.eu\/wp-content\/uploads\/2023\/02\/LOGO_GEOSTRU_educational_banner.png\",\"width\":363,\"height\":115,\"caption\":\"GeoStru EU\"},\"image\":{\"@id\":\"https:\/\/www.geostru.eu\/ro\/#\/schema\/logo\/image\/\"},\"sameAs\":[\"https:\/\/www.facebook.com\/GeoStruSoftware\/\",\"https:\/\/x.com\/geostru\",\"https:\/\/www.linkedin.com\/company\/2462488\/admin\/\",\"https:\/\/www.instagram.com\/geostru\/\"]}]}<\/script>\n<meta property=\"product:brand\" content=\"Hidrologie \u015fi hidraulic\u0103\" \/>\n<meta property=\"product:price:amount\" content=\"0.00\" \/>\n<meta property=\"product:price:currency\" content=\"EUR\" \/>\n<meta property=\"og:availability\" content=\"instock\" \/>\n<meta property=\"product:availability\" content=\"instock\" \/>\n<meta property=\"product:retailer_item_id\" content=\"76\" \/>\n<meta property=\"product:condition\" content=\"new\" \/>\n<!-- \/ Yoast SEO Premium plugin. -->","yoast_head_json":{"title":"HYDROGEO - GeoStru EU","description":"Aplica\u021bie de consultare pe hart\u0103 a datelor pluviometrice istorice ale diferitelor sta\u021bii din teritoriul italian. Odat\u0103 ce sta\u021bia de interes este selectat\u0103, este posibil s\u0103 vizualiza\u021bi seria istoric\u0103 disponibil\u0103 \u0219i s\u0103 o solicita\u021bi sub form\u0103 de fi\u0219ier text.\u00cen prezent, serviciul este activ doar pentru teritoriul italian, dar dac\u0103 sunte\u021bi interesa\u021bi s\u0103 extinde\u021bi acest serviciu, v\u0103 rug\u0103m s\u0103 ne contacta\u021bi. Sistemul nostru este preg\u0103tit s\u0103 gestioneze diferite na\u021bionalit\u0103\u021bi.","robots":{"index":"index","follow":"follow","max-snippet":"max-snippet:-1","max-image-preview":"max-image-preview:large","max-video-preview":"max-video-preview:-1"},"canonical":"https:\/\/www.geostru.eu\/ro\/shop\/software-ro\/hidrologie-si-hidraulica\/hydrogeo\/","og_locale":"ro_RO","og_type":"article","og_title":"HYDROGEO","og_description":"Aplica\u021bie de consultare pe hart\u0103 a datelor pluviometrice istorice ale diferitelor sta\u021bii din teritoriul italian. Odat\u0103 ce sta\u021bia de interes este selectat\u0103, este posibil s\u0103 vizualiza\u021bi seria istoric\u0103 disponibil\u0103 \u0219i s\u0103 o solicita\u021bi sub form\u0103 de fi\u0219ier text.\u00cen prezent, serviciul este activ doar pentru teritoriul italian, dar dac\u0103 sunte\u021bi interesa\u021bi s\u0103 extinde\u021bi acest serviciu, v\u0103 rug\u0103m s\u0103 ne contacta\u021bi. Sistemul nostru este preg\u0103tit s\u0103 gestioneze diferite na\u021bionalit\u0103\u021bi.","og_url":"https:\/\/www.geostru.eu\/ro\/shop\/software-ro\/hidrologie-si-hidraulica\/hydrogeo\/","og_site_name":"GeoStru EU","article_publisher":"https:\/\/www.facebook.com\/GeoStruSoftware\/","article_modified_time":"2024-03-15T15:27:06+00:00","og_image":[{"width":1198,"height":814,"url":"https:\/\/www.geostru.eu\/wp-content\/uploads\/2024\/02\/HYDROGEO-GEOSTRU.png","type":"image\/png"}],"twitter_card":"summary_large_image","twitter_site":"@geostru","twitter_misc":{"Pre\u021b":"","Disponibilitate":"\u00cen stoc"},"schema":{"@context":"https:\/\/schema.org","@graph":[{"@type":"WebPage","@id":"https:\/\/www.geostru.eu\/ro\/shop\/software-ro\/hidrologie-si-hidraulica\/hydrogeo\/","url":"https:\/\/www.geostru.eu\/ro\/shop\/software-ro\/hidrologie-si-hidraulica\/hydrogeo\/","name":"HYDROGEO - GeoStru EU","isPartOf":{"@id":"https:\/\/www.geostru.eu\/ro\/#website"},"primaryImageOfPage":{"@id":"https:\/\/www.geostru.eu\/ro\/shop\/software-ro\/hidrologie-si-hidraulica\/hydrogeo\/#primaryimage"},"image":{"@id":"https:\/\/www.geostru.eu\/ro\/shop\/software-ro\/hidrologie-si-hidraulica\/hydrogeo\/#primaryimage"},"thumbnailUrl":"https:\/\/www.geostru.eu\/wp-content\/uploads\/2024\/02\/HYDROGEO-GEOSTRU.png","datePublished":"2024-02-28T10:50:00+00:00","dateModified":"2024-03-15T15:27:06+00:00","description":"Aplica\u021bie de consultare pe hart\u0103 a datelor pluviometrice istorice ale diferitelor sta\u021bii din teritoriul italian. Odat\u0103 ce sta\u021bia de interes este selectat\u0103, este posibil s\u0103 vizualiza\u021bi seria istoric\u0103 disponibil\u0103 \u0219i s\u0103 o solicita\u021bi sub form\u0103 de fi\u0219ier text.\u00cen prezent, serviciul este activ doar pentru teritoriul italian, dar dac\u0103 sunte\u021bi interesa\u021bi s\u0103 extinde\u021bi acest serviciu, v\u0103 rug\u0103m s\u0103 ne contacta\u021bi. Sistemul nostru este preg\u0103tit s\u0103 gestioneze diferite na\u021bionalit\u0103\u021bi.","breadcrumb":{"@id":"https:\/\/www.geostru.eu\/ro\/shop\/software-ro\/hidrologie-si-hidraulica\/hydrogeo\/#breadcrumb"},"inLanguage":"ro-RO","potentialAction":[{"@type":"ReadAction","target":["https:\/\/www.geostru.eu\/ro\/shop\/software-ro\/hidrologie-si-hidraulica\/hydrogeo\/"]}]},{"@type":"ImageObject","inLanguage":"ro-RO","@id":"https:\/\/www.geostru.eu\/ro\/shop\/software-ro\/hidrologie-si-hidraulica\/hydrogeo\/#primaryimage","url":"https:\/\/www.geostru.eu\/wp-content\/uploads\/2024\/02\/HYDROGEO-GEOSTRU.png","contentUrl":"https:\/\/www.geostru.eu\/wp-content\/uploads\/2024\/02\/HYDROGEO-GEOSTRU.png","width":1198,"height":814,"caption":"HYDROGEO"},{"@type":"BreadcrumbList","@id":"https:\/\/www.geostru.eu\/ro\/shop\/software-ro\/hidrologie-si-hidraulica\/hydrogeo\/#breadcrumb","itemListElement":[{"@type":"ListItem","position":1,"name":"Home","item":"https:\/\/www.geostru.eu\/ro\/"},{"@type":"ListItem","position":2,"name":"Shop","item":"https:\/\/www.geostru.eu\/shop\/?lang=ro"},{"@type":"ListItem","position":3,"name":"HYDROGEO"}]},{"@type":"WebSite","@id":"https:\/\/www.geostru.eu\/ro\/#website","url":"https:\/\/www.geostru.eu\/ro\/","name":"GeoStru EU","description":"Professionals at your service","publisher":{"@id":"https:\/\/www.geostru.eu\/ro\/#organization"},"potentialAction":[{"@type":"SearchAction","target":{"@type":"EntryPoint","urlTemplate":"https:\/\/www.geostru.eu\/ro\/?s={search_term_string}"},"query-input":{"@type":"PropertyValueSpecification","valueRequired":true,"valueName":"search_term_string"}}],"inLanguage":"ro-RO"},{"@type":"Organization","@id":"https:\/\/www.geostru.eu\/ro\/#organization","name":"GeoStru EU","url":"https:\/\/www.geostru.eu\/ro\/","logo":{"@type":"ImageObject","inLanguage":"ro-RO","@id":"https:\/\/www.geostru.eu\/ro\/#\/schema\/logo\/image\/","url":"https:\/\/www.geostru.eu\/wp-content\/uploads\/2023\/02\/LOGO_GEOSTRU_educational_banner.png","contentUrl":"https:\/\/www.geostru.eu\/wp-content\/uploads\/2023\/02\/LOGO_GEOSTRU_educational_banner.png","width":363,"height":115,"caption":"GeoStru EU"},"image":{"@id":"https:\/\/www.geostru.eu\/ro\/#\/schema\/logo\/image\/"},"sameAs":["https:\/\/www.facebook.com\/GeoStruSoftware\/","https:\/\/x.com\/geostru","https:\/\/www.linkedin.com\/company\/2462488\/admin\/","https:\/\/www.instagram.com\/geostru\/"]}]},"product_brand":"Hidrologie \u015fi hidraulic\u0103","product_price_amount":"0.00","product_price_currency":"EUR","og_availability":"instock","product_availability":"instock","product_retailer_item_id":"76","product_condition":"new"},"_links":{"self":[{"href":"https:\/\/www.geostru.eu\/ro\/wp-json\/wp\/v2\/product\/147809"}],"collection":[{"href":"https:\/\/www.geostru.eu\/ro\/wp-json\/wp\/v2\/product"}],"about":[{"href":"https:\/\/www.geostru.eu\/ro\/wp-json\/wp\/v2\/types\/product"}],"replies":[{"embeddable":true,"href":"https:\/\/www.geostru.eu\/ro\/wp-json\/wp\/v2\/comments?post=147809"}],"wp:featuredmedia":[{"embeddable":true,"href":"https:\/\/www.geostru.eu\/ro\/wp-json\/wp\/v2\/media\/147806"}],"wp:attachment":[{"href":"https:\/\/www.geostru.eu\/ro\/wp-json\/wp\/v2\/media?parent=147809"}],"wp:term":[{"taxonomy":"product_cat","embeddable":true,"href":"https:\/\/www.geostru.eu\/ro\/wp-json\/wp\/v2\/product_cat?post=147809"},{"taxonomy":"product_tag","embeddable":true,"href":"https:\/\/www.geostru.eu\/ro\/wp-json\/wp\/v2\/product_tag?post=147809"}],"curies":[{"name":"wp","href":"https:\/\/api.w.org\/{rel}","templated":true}]}}