{"id":147543,"date":"2024-02-17T12:28:13","date_gmt":"2024-02-17T11:28:13","guid":{"rendered":"https:\/\/www.geostru.eu\/shop\/fara-categorie\/stratigrapher-lt\/"},"modified":"2026-02-26T09:41:18","modified_gmt":"2026-02-26T08:41:18","slug":"stratigrapher-lt","status":"publish","type":"product","link":"https:\/\/www.geostru.eu\/ro\/shop\/software-ro\/stratigrapher-lt\/","title":{"rendered":"Stratigrapher LT"},"content":{"rendered":"<p><strong>Stratigrapher LT &#8211; Software per il disegno di stratigrafie secondo:<\/strong><\/p>\n<ol>\n<li><strong>EN ISO 14688:<\/strong> &#8222;Geotechnical investigation and testing &#8211; Identification and classification of soil &#8211; Part 1: Identification and description&#8221; &#8211; Questa norma tratta l&#8217;identificazione e la classificazione del terreno, ma non dettaglia specificamente le propriet\u00e0 geotecniche come peso specifico, indice dei vuoti, ecc.<\/li>\n<li><strong>EN ISO 17892:<\/strong> &#8222;Geotechnical investigation and testing &#8211; Laboratory testing of soil&#8221; &#8211; Questa serie di norme tratta i metodi di prova di laboratorio per vari parametri geotecnici, inclusi quelli che potrebbero essere utilizzati per determinare il peso specifico, l&#8217;indice dei vuoti e il contenuto di acqua.<\/li>\n<\/ol>\n<p><strong>Nel modello stratigrafico e&#8217; possibile riportare:<\/strong><\/p>\n<ol>\n<li style=\"list-style-type: none;\">\n<ol>\n<li><strong>Spessore Strato:<\/strong> assegnato lo spessore le quote sono calcolate inn automatico<\/li>\n<li><strong>Litologia e Simboli Personalizzati:<\/strong> Una litologia specifica a ciascuno strato e utilizza simboli personalizzati per evidenziare caratteristiche geologiche uniche.<\/li>\n<li><strong>Simbolo:<\/strong> Associazione simbolo allo strato<\/li>\n<li><strong>Descrizione<\/strong>: Descrizione dello strato<\/li>\n<li>Profondit\u00e0 della prova: Profondit\u00e0 alla quale e&#8217; stata eseguita un prova specifica<\/li>\n<li>Quantit\u00e0 di argilla: 0.002-0.005<\/li>\n<li>Limo: 0.005-0.05<\/li>\n<li>Sabbia: 0.5-2<\/li>\n<li>Ghiaia: 2&gt;<\/li>\n<li><b>Umidit\u00e0 naturale: W(%)<\/b><\/li>\n<li>Limite liquido: Wl (%)<\/li>\n<li>Limite Plastico: Wp(%)<\/li>\n<li>Indice di plasticita: Ip(%)<\/li>\n<li>Indice di consistenza: Ic<\/li>\n<li>Peso volume naturale<\/li>\n<li>Peso volume asciutto<\/li>\n<li>Porosit\u00e0: n(%)<\/li>\n<li>Indice dei vuoti: e<\/li>\n<li>Grado di saturazione: Sr (%)<\/li>\n<li>Deformazione: Epslon (%)<\/li>\n<li>Modulo di compressibilit\u00e0<\/li>\n<\/ol>\n<\/li>\n<\/ol>\n<p>&nbsp;<\/p>\n","protected":false},"excerpt":{"rendered":"<p><strong>Stratigrapher LT &#8211; Software per il disegno di stratigrafie secondo:<\/strong><\/p>\n<ol>\n<li><strong>EN ISO 14688:<\/strong> &#8222;Geotechnical investigation and testing &#8211; Identification and classification of soil &#8211; Part 1: Identification and description&#8221; &#8211; Questa norma tratta l&#8217;identificazione e la classificazione del terreno, ma non dettaglia specificamente le propriet\u00e0 geotecniche come peso specifico, indice dei vuoti, ecc.<\/li>\n<li><strong>EN ISO 17892:<\/strong> &#8222;Geotechnical investigation and testing &#8211; Laboratory testing of soil&#8221; &#8211; Questa serie di norme tratta i metodi di prova di laboratorio per vari parametri geotecnici, inclusi quelli che potrebbero essere utilizzati per determinare il peso specifico, l&#8217;indice dei vuoti e il contenuto di acqua.<\/li>\n<\/ol>\n<p>Stratigrapher LT este disponibil ast\u0103zi ca aplica\u021bie web pe platforma <a class=\"decorated-link\" href=\"https:\/\/geoapp.geostru.eu\" target=\"_new\" rel=\"noopener\" data-start=\"313\" data-end=\"338\">https:\/\/geoapp.geostru.eu<\/a>, asigur\u00e2nd acces imediat de pe orice dispozitiv, f\u0103r\u0103 instalare. Versiunea desktop nu mai este distribuit\u0103.<\/p>\n","protected":false},"featured_media":147539,"comment_status":"closed","ping_status":"closed","template":"","meta":[],"product_cat":[13321,202,530,85,87,84],"product_tag":[],"class_list":{"0":"post-147543","1":"product","2":"type-product","3":"status-publish","4":"has-post-thumbnail","6":"product_cat-pachet-software-ro","7":"product_cat-software-ro","8":"product_cat-software-geologia-ro-2","9":"product_cat-geotehnica-si-geologie","10":"product_cat-incercari-in-situ","11":"product_cat-geofizica","12":"description-off","14":"first","15":"instock","16":"taxable","17":"shipping-taxable","18":"product-type-external"},"yoast_head":"<!-- This site is optimized with the Yoast SEO Premium plugin v25.0 (Yoast SEO v25.0) - https:\/\/yoast.com\/wordpress\/plugins\/seo\/ -->\n<title>Stratigrapher LT - GeoStru EU<\/title>\n<meta name=\"robots\" content=\"index, follow, max-snippet:-1, max-image-preview:large, max-video-preview:-1\" \/>\n<link rel=\"canonical\" href=\"https:\/\/www.geostru.eu\/ro\/shop\/software-ro\/stratigrapher-lt\/\" \/>\n<meta property=\"og:locale\" content=\"ro_RO\" \/>\n<meta property=\"og:type\" content=\"article\" \/>\n<meta property=\"og:title\" content=\"Stratigrapher LT\" \/>\n<meta property=\"og:description\" content=\"Stratigrapher LT - Software per il disegno di stratigrafie secondo:   EN ISO 14688: &quot;Geotechnical investigation and testing - Identification and classification of soil - Part 1: Identification and description&quot; - Questa norma tratta l&#039;identificazione e la classificazione del terreno, ma non dettaglia specificamente le propriet\u00e0 geotecniche come peso specifico, indice dei vuoti, ecc.  EN ISO 17892: &quot;Geotechnical investigation and testing - Laboratory testing of soil&quot; - Questa serie di norme tratta i metodi di prova di laboratorio per vari parametri geotecnici, inclusi quelli che potrebbero essere utilizzati per determinare il peso specifico, l&#039;indice dei vuoti e il contenuto di acqua.  Stratigrapher LT este disponibil ast\u0103zi ca aplica\u021bie web pe platforma https:\/\/geoapp.geostru.eu, asigur\u00e2nd acces imediat de pe orice dispozitiv, f\u0103r\u0103 instalare. Versiunea desktop nu mai este distribuit\u0103.\" \/>\n<meta property=\"og:url\" content=\"https:\/\/www.geostru.eu\/ro\/shop\/software-ro\/stratigrapher-lt\/\" \/>\n<meta property=\"og:site_name\" content=\"GeoStru EU\" \/>\n<meta property=\"article:publisher\" content=\"https:\/\/www.facebook.com\/GeoStruSoftware\/\" \/>\n<meta property=\"article:modified_time\" content=\"2026-02-26T08:41:18+00:00\" \/>\n<meta property=\"og:image\" content=\"https:\/\/www.geostru.eu\/wp-content\/uploads\/2024\/02\/STRATIGRAPHER-lt.png\" \/>\n\t<meta property=\"og:image:width\" content=\"1910\" \/>\n\t<meta property=\"og:image:height\" content=\"1020\" \/>\n\t<meta property=\"og:image:type\" content=\"image\/png\" \/>\n<meta name=\"twitter:card\" content=\"summary_large_image\" \/>\n<meta name=\"twitter:site\" content=\"@geostru\" \/>\n<meta name=\"twitter:label1\" content=\"Pre\u021b\" \/>\n\t<meta name=\"twitter:data1\" content=\"\" \/>\n\t<meta name=\"twitter:label2\" content=\"Disponibilitate\" \/>\n\t<meta name=\"twitter:data2\" content=\"\u00cen stoc\" \/>\n<script type=\"application\/ld+json\" class=\"yoast-schema-graph\">{\"@context\":\"https:\/\/schema.org\",\"@graph\":[{\"@type\":\"WebPage\",\"@id\":\"https:\/\/www.geostru.eu\/ro\/shop\/software-ro\/stratigrapher-lt\/\",\"url\":\"https:\/\/www.geostru.eu\/ro\/shop\/software-ro\/stratigrapher-lt\/\",\"name\":\"Stratigrapher LT - GeoStru EU\",\"isPartOf\":{\"@id\":\"https:\/\/www.geostru.eu\/ro\/#website\"},\"primaryImageOfPage\":{\"@id\":\"https:\/\/www.geostru.eu\/ro\/shop\/software-ro\/stratigrapher-lt\/#primaryimage\"},\"image\":{\"@id\":\"https:\/\/www.geostru.eu\/ro\/shop\/software-ro\/stratigrapher-lt\/#primaryimage\"},\"thumbnailUrl\":\"https:\/\/www.geostru.eu\/wp-content\/uploads\/2024\/02\/STRATIGRAPHER-lt.png\",\"datePublished\":\"2024-02-17T11:28:13+00:00\",\"dateModified\":\"2026-02-26T08:41:18+00:00\",\"breadcrumb\":{\"@id\":\"https:\/\/www.geostru.eu\/ro\/shop\/software-ro\/stratigrapher-lt\/#breadcrumb\"},\"inLanguage\":\"ro-RO\",\"potentialAction\":[{\"@type\":\"ReadAction\",\"target\":[\"https:\/\/www.geostru.eu\/ro\/shop\/software-ro\/stratigrapher-lt\/\"]}]},{\"@type\":\"ImageObject\",\"inLanguage\":\"ro-RO\",\"@id\":\"https:\/\/www.geostru.eu\/ro\/shop\/software-ro\/stratigrapher-lt\/#primaryimage\",\"url\":\"https:\/\/www.geostru.eu\/wp-content\/uploads\/2024\/02\/STRATIGRAPHER-lt.png\",\"contentUrl\":\"https:\/\/www.geostru.eu\/wp-content\/uploads\/2024\/02\/STRATIGRAPHER-lt.png\",\"width\":1910,\"height\":1020},{\"@type\":\"BreadcrumbList\",\"@id\":\"https:\/\/www.geostru.eu\/ro\/shop\/software-ro\/stratigrapher-lt\/#breadcrumb\",\"itemListElement\":[{\"@type\":\"ListItem\",\"position\":1,\"name\":\"Home\",\"item\":\"https:\/\/www.geostru.eu\/ro\/\"},{\"@type\":\"ListItem\",\"position\":2,\"name\":\"Shop\",\"item\":\"https:\/\/www.geostru.eu\/shop\/?lang=ro\"},{\"@type\":\"ListItem\",\"position\":3,\"name\":\"Stratigrapher LT\"}]},{\"@type\":\"WebSite\",\"@id\":\"https:\/\/www.geostru.eu\/ro\/#website\",\"url\":\"https:\/\/www.geostru.eu\/ro\/\",\"name\":\"GeoStru EU\",\"description\":\"Professionals at your service\",\"publisher\":{\"@id\":\"https:\/\/www.geostru.eu\/ro\/#organization\"},\"potentialAction\":[{\"@type\":\"SearchAction\",\"target\":{\"@type\":\"EntryPoint\",\"urlTemplate\":\"https:\/\/www.geostru.eu\/ro\/?s={search_term_string}\"},\"query-input\":{\"@type\":\"PropertyValueSpecification\",\"valueRequired\":true,\"valueName\":\"search_term_string\"}}],\"inLanguage\":\"ro-RO\"},{\"@type\":\"Organization\",\"@id\":\"https:\/\/www.geostru.eu\/ro\/#organization\",\"name\":\"GeoStru EU\",\"url\":\"https:\/\/www.geostru.eu\/ro\/\",\"logo\":{\"@type\":\"ImageObject\",\"inLanguage\":\"ro-RO\",\"@id\":\"https:\/\/www.geostru.eu\/ro\/#\/schema\/logo\/image\/\",\"url\":\"https:\/\/www.geostru.eu\/wp-content\/uploads\/2023\/02\/LOGO_GEOSTRU_educational_banner.png\",\"contentUrl\":\"https:\/\/www.geostru.eu\/wp-content\/uploads\/2023\/02\/LOGO_GEOSTRU_educational_banner.png\",\"width\":363,\"height\":115,\"caption\":\"GeoStru EU\"},\"image\":{\"@id\":\"https:\/\/www.geostru.eu\/ro\/#\/schema\/logo\/image\/\"},\"sameAs\":[\"https:\/\/www.facebook.com\/GeoStruSoftware\/\",\"https:\/\/x.com\/geostru\",\"https:\/\/www.linkedin.com\/company\/2462488\/admin\/\",\"https:\/\/www.instagram.com\/geostru\/\"]}]}<\/script>\n<meta property=\"product:brand\" content=\"Software\" \/>\n<meta property=\"product:price:amount\" content=\"0.00\" \/>\n<meta property=\"product:price:currency\" content=\"EUR\" \/>\n<meta property=\"og:availability\" content=\"instock\" \/>\n<meta property=\"product:availability\" content=\"instock\" \/>\n<meta property=\"product:condition\" content=\"new\" \/>\n<!-- \/ Yoast SEO Premium plugin. -->","yoast_head_json":{"title":"Stratigrapher LT - GeoStru EU","robots":{"index":"index","follow":"follow","max-snippet":"max-snippet:-1","max-image-preview":"max-image-preview:large","max-video-preview":"max-video-preview:-1"},"canonical":"https:\/\/www.geostru.eu\/ro\/shop\/software-ro\/stratigrapher-lt\/","og_locale":"ro_RO","og_type":"article","og_title":"Stratigrapher LT","og_description":"Stratigrapher LT - Software per il disegno di stratigrafie secondo:   EN ISO 14688: \"Geotechnical investigation and testing - Identification and classification of soil - Part 1: Identification and description\" - Questa norma tratta l'identificazione e la classificazione del terreno, ma non dettaglia specificamente le propriet\u00e0 geotecniche come peso specifico, indice dei vuoti, ecc.  EN ISO 17892: \"Geotechnical investigation and testing - Laboratory testing of soil\" - Questa serie di norme tratta i metodi di prova di laboratorio per vari parametri geotecnici, inclusi quelli che potrebbero essere utilizzati per determinare il peso specifico, l'indice dei vuoti e il contenuto di acqua.  Stratigrapher LT este disponibil ast\u0103zi ca aplica\u021bie web pe platforma https:\/\/geoapp.geostru.eu, asigur\u00e2nd acces imediat de pe orice dispozitiv, f\u0103r\u0103 instalare. Versiunea desktop nu mai este distribuit\u0103.","og_url":"https:\/\/www.geostru.eu\/ro\/shop\/software-ro\/stratigrapher-lt\/","og_site_name":"GeoStru EU","article_publisher":"https:\/\/www.facebook.com\/GeoStruSoftware\/","article_modified_time":"2026-02-26T08:41:18+00:00","og_image":[{"width":1910,"height":1020,"url":"https:\/\/www.geostru.eu\/wp-content\/uploads\/2024\/02\/STRATIGRAPHER-lt.png","type":"image\/png"}],"twitter_card":"summary_large_image","twitter_site":"@geostru","twitter_misc":{"Pre\u021b":"","Disponibilitate":"\u00cen stoc"},"schema":{"@context":"https:\/\/schema.org","@graph":[{"@type":"WebPage","@id":"https:\/\/www.geostru.eu\/ro\/shop\/software-ro\/stratigrapher-lt\/","url":"https:\/\/www.geostru.eu\/ro\/shop\/software-ro\/stratigrapher-lt\/","name":"Stratigrapher LT - GeoStru EU","isPartOf":{"@id":"https:\/\/www.geostru.eu\/ro\/#website"},"primaryImageOfPage":{"@id":"https:\/\/www.geostru.eu\/ro\/shop\/software-ro\/stratigrapher-lt\/#primaryimage"},"image":{"@id":"https:\/\/www.geostru.eu\/ro\/shop\/software-ro\/stratigrapher-lt\/#primaryimage"},"thumbnailUrl":"https:\/\/www.geostru.eu\/wp-content\/uploads\/2024\/02\/STRATIGRAPHER-lt.png","datePublished":"2024-02-17T11:28:13+00:00","dateModified":"2026-02-26T08:41:18+00:00","breadcrumb":{"@id":"https:\/\/www.geostru.eu\/ro\/shop\/software-ro\/stratigrapher-lt\/#breadcrumb"},"inLanguage":"ro-RO","potentialAction":[{"@type":"ReadAction","target":["https:\/\/www.geostru.eu\/ro\/shop\/software-ro\/stratigrapher-lt\/"]}]},{"@type":"ImageObject","inLanguage":"ro-RO","@id":"https:\/\/www.geostru.eu\/ro\/shop\/software-ro\/stratigrapher-lt\/#primaryimage","url":"https:\/\/www.geostru.eu\/wp-content\/uploads\/2024\/02\/STRATIGRAPHER-lt.png","contentUrl":"https:\/\/www.geostru.eu\/wp-content\/uploads\/2024\/02\/STRATIGRAPHER-lt.png","width":1910,"height":1020},{"@type":"BreadcrumbList","@id":"https:\/\/www.geostru.eu\/ro\/shop\/software-ro\/stratigrapher-lt\/#breadcrumb","itemListElement":[{"@type":"ListItem","position":1,"name":"Home","item":"https:\/\/www.geostru.eu\/ro\/"},{"@type":"ListItem","position":2,"name":"Shop","item":"https:\/\/www.geostru.eu\/shop\/?lang=ro"},{"@type":"ListItem","position":3,"name":"Stratigrapher LT"}]},{"@type":"WebSite","@id":"https:\/\/www.geostru.eu\/ro\/#website","url":"https:\/\/www.geostru.eu\/ro\/","name":"GeoStru EU","description":"Professionals at your service","publisher":{"@id":"https:\/\/www.geostru.eu\/ro\/#organization"},"potentialAction":[{"@type":"SearchAction","target":{"@type":"EntryPoint","urlTemplate":"https:\/\/www.geostru.eu\/ro\/?s={search_term_string}"},"query-input":{"@type":"PropertyValueSpecification","valueRequired":true,"valueName":"search_term_string"}}],"inLanguage":"ro-RO"},{"@type":"Organization","@id":"https:\/\/www.geostru.eu\/ro\/#organization","name":"GeoStru EU","url":"https:\/\/www.geostru.eu\/ro\/","logo":{"@type":"ImageObject","inLanguage":"ro-RO","@id":"https:\/\/www.geostru.eu\/ro\/#\/schema\/logo\/image\/","url":"https:\/\/www.geostru.eu\/wp-content\/uploads\/2023\/02\/LOGO_GEOSTRU_educational_banner.png","contentUrl":"https:\/\/www.geostru.eu\/wp-content\/uploads\/2023\/02\/LOGO_GEOSTRU_educational_banner.png","width":363,"height":115,"caption":"GeoStru EU"},"image":{"@id":"https:\/\/www.geostru.eu\/ro\/#\/schema\/logo\/image\/"},"sameAs":["https:\/\/www.facebook.com\/GeoStruSoftware\/","https:\/\/x.com\/geostru","https:\/\/www.linkedin.com\/company\/2462488\/admin\/","https:\/\/www.instagram.com\/geostru\/"]}]},"product_brand":"Software","product_price_amount":"0.00","product_price_currency":"EUR","og_availability":"instock","product_availability":"instock","product_condition":"new"},"_links":{"self":[{"href":"https:\/\/www.geostru.eu\/ro\/wp-json\/wp\/v2\/product\/147543"}],"collection":[{"href":"https:\/\/www.geostru.eu\/ro\/wp-json\/wp\/v2\/product"}],"about":[{"href":"https:\/\/www.geostru.eu\/ro\/wp-json\/wp\/v2\/types\/product"}],"replies":[{"embeddable":true,"href":"https:\/\/www.geostru.eu\/ro\/wp-json\/wp\/v2\/comments?post=147543"}],"wp:featuredmedia":[{"embeddable":true,"href":"https:\/\/www.geostru.eu\/ro\/wp-json\/wp\/v2\/media\/147539"}],"wp:attachment":[{"href":"https:\/\/www.geostru.eu\/ro\/wp-json\/wp\/v2\/media?parent=147543"}],"wp:term":[{"taxonomy":"product_cat","embeddable":true,"href":"https:\/\/www.geostru.eu\/ro\/wp-json\/wp\/v2\/product_cat?post=147543"},{"taxonomy":"product_tag","embeddable":true,"href":"https:\/\/www.geostru.eu\/ro\/wp-json\/wp\/v2\/product_tag?post=147543"}],"curies":[{"name":"wp","href":"https:\/\/api.w.org\/{rel}","templated":true}]}}