{"id":147498,"date":"2024-02-16T17:40:13","date_gmt":"2024-02-16T16:40:13","guid":{"rendered":"https:\/\/www.geostru.eu\/shop\/fara-categorie\/fattore-di-amplificazione-topografica-in-presenza-di-scarpate-e-creste-o-cucuzzoli\/"},"modified":"2026-02-17T09:13:26","modified_gmt":"2026-02-17T08:13:26","slug":"factorul-de-amplificare-topografica-in-prezenta-versantilor-si-a-crestei-sau-varfurilor","status":"publish","type":"product","link":"https:\/\/www.geostru.eu\/ro\/shop\/plugin-ro\/factorul-de-amplificare-topografica-in-prezenta-versantilor-si-a-crestei-sau-varfurilor\/","title":{"rendered":"Factorul de amplificare topografic\u0103 \u00een prezen\u021ba versan\u021bilor \u0219i a crestei sau v\u00e2rfurilor."},"content":{"rendered":"<h2>Factorul de amplificare topografic\u0103 \u00een prezen\u021ba versan\u021bilor \u0219i a crestei sau v\u00e2rfurilor.<\/h2>\n<p style=\"text-align: justify;\">Morfologia superficial\u0103 are o importan\u021b\u0103 determinant\u0103 \u00een amplificarea seismic\u0103 a unui sit, a\u0219a cum o demonstreaz\u0103 daunele structurale semnificative observate \u00een zona elementelor morfologice precum culmile, versan\u021bii sau canioanele. Din perspectiva ingineriei, amplificarea topografic\u0103 a mi\u0219c\u0103rii seismice este relevant\u0103 pentru evaluarea riscului seismic al numeroaselor centre istorice construite pe \u00een\u0103l\u021bimi, structuri din p\u0103m\u00e2nt (culmi, diguri \u0219i baraje), lucr\u0103ri importante precum poduri \u0219i baraje, precum \u0219i pentru pantele naturale \u0219i artificiale. Se pot distinge trei configura\u021bii de interes: creasta, versantul \u0219i canionul. Situa\u021bia tipic\u0103 a unui deal cu extinderi mici ale l\u0103\u021bimii \u00een creast\u0103 poate fi asociat\u0103 cazului de \u00een\u0103l\u021bime izolat\u0103, \u00een timp ce pentru l\u0103\u021bimi mai mari tinde c\u0103tre cazul limit\u0103 al versantului.<\/p>\n","protected":false},"excerpt":{"rendered":"<p style=\"text-align: justify;\">Morfologia superficial\u0103 are o importan\u021b\u0103 determinant\u0103 \u00een amplificarea seismic\u0103 a unui sit, a\u0219a cum o demonstreaz\u0103 daunele structurale semnificative observate \u00een zona elementelor morfologice precum culmile, versan\u021bii sau canioanele. Din perspectiva ingineriei, amplificarea topografic\u0103 a mi\u0219c\u0103rii seismice este relevant\u0103 pentru evaluarea riscului seismic al numeroaselor centre istorice construite pe \u00een\u0103l\u021bimi, structuri din p\u0103m\u00e2nt (culmi, diguri \u0219i baraje), lucr\u0103ri importante precum poduri \u0219i baraje, precum \u0219i pentru pantele naturale \u0219i artificiale. Se pot distinge trei configura\u021bii de interes: creasta, versantul \u0219i canionul. Situa\u021bia tipic\u0103 a unui deal cu extinderi mici ale l\u0103\u021bimii \u00een creast\u0103 poate fi asociat\u0103 cazului de \u00een\u0103l\u021bime izolat\u0103, \u00een timp ce pentru l\u0103\u021bimi mai mari tinde c\u0103tre cazul limit\u0103 al versantului.<\/p>\n<blockquote>\n<p style=\"text-align: justify;\">Acest software, disponibil anterior ca aplica\u021bie Windows, a fost complet migrat pe tehnologie web. \u00cen prezent este disponibil ca Web App, cu toate func\u021bionalit\u0103\u021bile versiunii desktop, accesibil online f\u0103r\u0103 instalare prin platforma GeoApp de la GeoStru.<\/p>\n<\/blockquote>\n","protected":false},"featured_media":29027,"comment_status":"closed","ping_status":"closed","template":"","meta":[],"product_cat":[684],"product_tag":[],"class_list":{"0":"post-147498","1":"product","2":"type-product","3":"status-publish","4":"has-post-thumbnail","6":"product_cat-plugin-ro","7":"description-off","9":"first","10":"instock","11":"taxable","12":"shipping-taxable","13":"product-type-external"},"yoast_head":"<!-- This site is optimized with the Yoast SEO Premium plugin v25.0 (Yoast SEO v25.0) - https:\/\/yoast.com\/wordpress\/plugins\/seo\/ -->\n<title>Factorul de amplificare topografic\u0103 \u00een prezen\u021ba versan\u021bilor \u0219i a crestei sau v\u00e2rfurilor. - GeoStru EU<\/title>\n<meta name=\"robots\" content=\"index, follow, max-snippet:-1, max-image-preview:large, max-video-preview:-1\" \/>\n<link rel=\"canonical\" href=\"https:\/\/www.geostru.eu\/ro\/shop\/plugin-ro\/factorul-de-amplificare-topografica-in-prezenta-versantilor-si-a-crestei-sau-varfurilor\/\" \/>\n<meta property=\"og:locale\" content=\"ro_RO\" \/>\n<meta property=\"og:type\" content=\"article\" \/>\n<meta property=\"og:title\" content=\"Factorul de amplificare topografic\u0103 \u00een prezen\u021ba versan\u021bilor \u0219i a crestei sau v\u00e2rfurilor.\" \/>\n<meta property=\"og:description\" content=\"Morfologia superficial\u0103 are o importan\u021b\u0103 determinant\u0103 \u00een amplificarea seismic\u0103 a unui sit, a\u0219a cum o demonstreaz\u0103 daunele structurale semnificative observate \u00een zona elementelor morfologice precum culmile, versan\u021bii sau canioanele. Din perspectiva ingineriei, amplificarea topografic\u0103 a mi\u0219c\u0103rii seismice este relevant\u0103 pentru evaluarea riscului seismic al numeroaselor centre istorice construite pe \u00een\u0103l\u021bimi, structuri din p\u0103m\u00e2nt (culmi, diguri \u0219i baraje), lucr\u0103ri importante precum poduri \u0219i baraje, precum \u0219i pentru pantele naturale \u0219i artificiale. Se pot distinge trei configura\u021bii de interes: creasta, versantul \u0219i canionul. Situa\u021bia tipic\u0103 a unui deal cu extinderi mici ale l\u0103\u021bimii \u00een creast\u0103 poate fi asociat\u0103 cazului de \u00een\u0103l\u021bime izolat\u0103, \u00een timp ce pentru l\u0103\u021bimi mai mari tinde c\u0103tre cazul limit\u0103 al versantului.   Acest software, disponibil anterior ca aplica\u021bie Windows, a fost complet migrat pe tehnologie web. \u00cen prezent este disponibil ca Web App, cu toate func\u021bionalit\u0103\u021bile versiunii desktop, accesibil online f\u0103r\u0103 instalare prin platforma GeoApp de la GeoStru.\" \/>\n<meta property=\"og:url\" content=\"https:\/\/www.geostru.eu\/ro\/shop\/plugin-ro\/factorul-de-amplificare-topografica-in-prezenta-versantilor-si-a-crestei-sau-varfurilor\/\" \/>\n<meta property=\"og:site_name\" content=\"GeoStru EU\" \/>\n<meta property=\"article:publisher\" content=\"https:\/\/www.facebook.com\/GeoStruSoftware\/\" \/>\n<meta property=\"article:modified_time\" content=\"2026-02-17T08:13:26+00:00\" \/>\n<meta property=\"og:image\" content=\"https:\/\/www.geostru.eu\/wp-content\/uploads\/2017\/03\/Profilo-topografico-schematico-rappresentativo-degli-effetti-di-rifrazione-delle.jpg\" \/>\n\t<meta property=\"og:image:width\" content=\"628\" \/>\n\t<meta property=\"og:image:height\" content=\"278\" \/>\n\t<meta property=\"og:image:type\" content=\"image\/jpeg\" \/>\n<meta name=\"twitter:card\" content=\"summary_large_image\" \/>\n<meta name=\"twitter:site\" content=\"@geostru\" \/>\n<meta name=\"twitter:label1\" content=\"Pre\u021b\" \/>\n\t<meta name=\"twitter:data1\" content=\"\" \/>\n\t<meta name=\"twitter:label2\" content=\"Disponibilitate\" \/>\n\t<meta name=\"twitter:data2\" content=\"\u00cen stoc\" \/>\n<script type=\"application\/ld+json\" class=\"yoast-schema-graph\">{\"@context\":\"https:\/\/schema.org\",\"@graph\":[{\"@type\":\"WebPage\",\"@id\":\"https:\/\/www.geostru.eu\/ro\/shop\/plugin-ro\/factorul-de-amplificare-topografica-in-prezenta-versantilor-si-a-crestei-sau-varfurilor\/\",\"url\":\"https:\/\/www.geostru.eu\/ro\/shop\/plugin-ro\/factorul-de-amplificare-topografica-in-prezenta-versantilor-si-a-crestei-sau-varfurilor\/\",\"name\":\"Factorul de amplificare topografic\u0103 \u00een prezen\u021ba versan\u021bilor \u0219i a crestei sau v\u00e2rfurilor. - GeoStru EU\",\"isPartOf\":{\"@id\":\"https:\/\/www.geostru.eu\/ro\/#website\"},\"primaryImageOfPage\":{\"@id\":\"https:\/\/www.geostru.eu\/ro\/shop\/plugin-ro\/factorul-de-amplificare-topografica-in-prezenta-versantilor-si-a-crestei-sau-varfurilor\/#primaryimage\"},\"image\":{\"@id\":\"https:\/\/www.geostru.eu\/ro\/shop\/plugin-ro\/factorul-de-amplificare-topografica-in-prezenta-versantilor-si-a-crestei-sau-varfurilor\/#primaryimage\"},\"thumbnailUrl\":\"https:\/\/www.geostru.eu\/wp-content\/uploads\/2017\/03\/Profilo-topografico-schematico-rappresentativo-degli-effetti-di-rifrazione-delle.jpg\",\"datePublished\":\"2024-02-16T16:40:13+00:00\",\"dateModified\":\"2026-02-17T08:13:26+00:00\",\"breadcrumb\":{\"@id\":\"https:\/\/www.geostru.eu\/ro\/shop\/plugin-ro\/factorul-de-amplificare-topografica-in-prezenta-versantilor-si-a-crestei-sau-varfurilor\/#breadcrumb\"},\"inLanguage\":\"ro-RO\",\"potentialAction\":[{\"@type\":\"ReadAction\",\"target\":[\"https:\/\/www.geostru.eu\/ro\/shop\/plugin-ro\/factorul-de-amplificare-topografica-in-prezenta-versantilor-si-a-crestei-sau-varfurilor\/\"]}]},{\"@type\":\"ImageObject\",\"inLanguage\":\"ro-RO\",\"@id\":\"https:\/\/www.geostru.eu\/ro\/shop\/plugin-ro\/factorul-de-amplificare-topografica-in-prezenta-versantilor-si-a-crestei-sau-varfurilor\/#primaryimage\",\"url\":\"https:\/\/www.geostru.eu\/wp-content\/uploads\/2017\/03\/Profilo-topografico-schematico-rappresentativo-degli-effetti-di-rifrazione-delle.jpg\",\"contentUrl\":\"https:\/\/www.geostru.eu\/wp-content\/uploads\/2017\/03\/Profilo-topografico-schematico-rappresentativo-degli-effetti-di-rifrazione-delle.jpg\",\"width\":628,\"height\":278},{\"@type\":\"BreadcrumbList\",\"@id\":\"https:\/\/www.geostru.eu\/ro\/shop\/plugin-ro\/factorul-de-amplificare-topografica-in-prezenta-versantilor-si-a-crestei-sau-varfurilor\/#breadcrumb\",\"itemListElement\":[{\"@type\":\"ListItem\",\"position\":1,\"name\":\"Home\",\"item\":\"https:\/\/www.geostru.eu\/ro\/\"},{\"@type\":\"ListItem\",\"position\":2,\"name\":\"Shop\",\"item\":\"https:\/\/www.geostru.eu\/shop\/?lang=ro\"},{\"@type\":\"ListItem\",\"position\":3,\"name\":\"Factorul de amplificare topografic\u0103 \u00een prezen\u021ba versan\u021bilor \u0219i a crestei sau v\u00e2rfurilor.\"}]},{\"@type\":\"WebSite\",\"@id\":\"https:\/\/www.geostru.eu\/ro\/#website\",\"url\":\"https:\/\/www.geostru.eu\/ro\/\",\"name\":\"GeoStru EU\",\"description\":\"Professionals at your service\",\"publisher\":{\"@id\":\"https:\/\/www.geostru.eu\/ro\/#organization\"},\"potentialAction\":[{\"@type\":\"SearchAction\",\"target\":{\"@type\":\"EntryPoint\",\"urlTemplate\":\"https:\/\/www.geostru.eu\/ro\/?s={search_term_string}\"},\"query-input\":{\"@type\":\"PropertyValueSpecification\",\"valueRequired\":true,\"valueName\":\"search_term_string\"}}],\"inLanguage\":\"ro-RO\"},{\"@type\":\"Organization\",\"@id\":\"https:\/\/www.geostru.eu\/ro\/#organization\",\"name\":\"GeoStru EU\",\"url\":\"https:\/\/www.geostru.eu\/ro\/\",\"logo\":{\"@type\":\"ImageObject\",\"inLanguage\":\"ro-RO\",\"@id\":\"https:\/\/www.geostru.eu\/ro\/#\/schema\/logo\/image\/\",\"url\":\"https:\/\/www.geostru.eu\/wp-content\/uploads\/2023\/02\/LOGO_GEOSTRU_educational_banner.png\",\"contentUrl\":\"https:\/\/www.geostru.eu\/wp-content\/uploads\/2023\/02\/LOGO_GEOSTRU_educational_banner.png\",\"width\":363,\"height\":115,\"caption\":\"GeoStru EU\"},\"image\":{\"@id\":\"https:\/\/www.geostru.eu\/ro\/#\/schema\/logo\/image\/\"},\"sameAs\":[\"https:\/\/www.facebook.com\/GeoStruSoftware\/\",\"https:\/\/x.com\/geostru\",\"https:\/\/www.linkedin.com\/company\/2462488\/admin\/\",\"https:\/\/www.instagram.com\/geostru\/\"]}]}<\/script>\n<meta property=\"product:brand\" content=\"Plugin\" \/>\n<meta property=\"product:price:amount\" content=\"0.00\" \/>\n<meta property=\"product:price:currency\" content=\"EUR\" \/>\n<meta property=\"og:availability\" content=\"instock\" \/>\n<meta property=\"product:availability\" content=\"instock\" \/>\n<meta property=\"product:condition\" content=\"new\" \/>\n<!-- \/ Yoast SEO Premium plugin. -->","yoast_head_json":{"title":"Factorul de amplificare topografic\u0103 \u00een prezen\u021ba versan\u021bilor \u0219i a crestei sau v\u00e2rfurilor. - GeoStru EU","robots":{"index":"index","follow":"follow","max-snippet":"max-snippet:-1","max-image-preview":"max-image-preview:large","max-video-preview":"max-video-preview:-1"},"canonical":"https:\/\/www.geostru.eu\/ro\/shop\/plugin-ro\/factorul-de-amplificare-topografica-in-prezenta-versantilor-si-a-crestei-sau-varfurilor\/","og_locale":"ro_RO","og_type":"article","og_title":"Factorul de amplificare topografic\u0103 \u00een prezen\u021ba versan\u021bilor \u0219i a crestei sau v\u00e2rfurilor.","og_description":"Morfologia superficial\u0103 are o importan\u021b\u0103 determinant\u0103 \u00een amplificarea seismic\u0103 a unui sit, a\u0219a cum o demonstreaz\u0103 daunele structurale semnificative observate \u00een zona elementelor morfologice precum culmile, versan\u021bii sau canioanele. Din perspectiva ingineriei, amplificarea topografic\u0103 a mi\u0219c\u0103rii seismice este relevant\u0103 pentru evaluarea riscului seismic al numeroaselor centre istorice construite pe \u00een\u0103l\u021bimi, structuri din p\u0103m\u00e2nt (culmi, diguri \u0219i baraje), lucr\u0103ri importante precum poduri \u0219i baraje, precum \u0219i pentru pantele naturale \u0219i artificiale. Se pot distinge trei configura\u021bii de interes: creasta, versantul \u0219i canionul. Situa\u021bia tipic\u0103 a unui deal cu extinderi mici ale l\u0103\u021bimii \u00een creast\u0103 poate fi asociat\u0103 cazului de \u00een\u0103l\u021bime izolat\u0103, \u00een timp ce pentru l\u0103\u021bimi mai mari tinde c\u0103tre cazul limit\u0103 al versantului.   Acest software, disponibil anterior ca aplica\u021bie Windows, a fost complet migrat pe tehnologie web. \u00cen prezent este disponibil ca Web App, cu toate func\u021bionalit\u0103\u021bile versiunii desktop, accesibil online f\u0103r\u0103 instalare prin platforma GeoApp de la GeoStru.","og_url":"https:\/\/www.geostru.eu\/ro\/shop\/plugin-ro\/factorul-de-amplificare-topografica-in-prezenta-versantilor-si-a-crestei-sau-varfurilor\/","og_site_name":"GeoStru EU","article_publisher":"https:\/\/www.facebook.com\/GeoStruSoftware\/","article_modified_time":"2026-02-17T08:13:26+00:00","og_image":[{"width":628,"height":278,"url":"https:\/\/www.geostru.eu\/wp-content\/uploads\/2017\/03\/Profilo-topografico-schematico-rappresentativo-degli-effetti-di-rifrazione-delle.jpg","type":"image\/jpeg"}],"twitter_card":"summary_large_image","twitter_site":"@geostru","twitter_misc":{"Pre\u021b":"","Disponibilitate":"\u00cen stoc"},"schema":{"@context":"https:\/\/schema.org","@graph":[{"@type":"WebPage","@id":"https:\/\/www.geostru.eu\/ro\/shop\/plugin-ro\/factorul-de-amplificare-topografica-in-prezenta-versantilor-si-a-crestei-sau-varfurilor\/","url":"https:\/\/www.geostru.eu\/ro\/shop\/plugin-ro\/factorul-de-amplificare-topografica-in-prezenta-versantilor-si-a-crestei-sau-varfurilor\/","name":"Factorul de amplificare topografic\u0103 \u00een prezen\u021ba versan\u021bilor \u0219i a crestei sau v\u00e2rfurilor. - GeoStru EU","isPartOf":{"@id":"https:\/\/www.geostru.eu\/ro\/#website"},"primaryImageOfPage":{"@id":"https:\/\/www.geostru.eu\/ro\/shop\/plugin-ro\/factorul-de-amplificare-topografica-in-prezenta-versantilor-si-a-crestei-sau-varfurilor\/#primaryimage"},"image":{"@id":"https:\/\/www.geostru.eu\/ro\/shop\/plugin-ro\/factorul-de-amplificare-topografica-in-prezenta-versantilor-si-a-crestei-sau-varfurilor\/#primaryimage"},"thumbnailUrl":"https:\/\/www.geostru.eu\/wp-content\/uploads\/2017\/03\/Profilo-topografico-schematico-rappresentativo-degli-effetti-di-rifrazione-delle.jpg","datePublished":"2024-02-16T16:40:13+00:00","dateModified":"2026-02-17T08:13:26+00:00","breadcrumb":{"@id":"https:\/\/www.geostru.eu\/ro\/shop\/plugin-ro\/factorul-de-amplificare-topografica-in-prezenta-versantilor-si-a-crestei-sau-varfurilor\/#breadcrumb"},"inLanguage":"ro-RO","potentialAction":[{"@type":"ReadAction","target":["https:\/\/www.geostru.eu\/ro\/shop\/plugin-ro\/factorul-de-amplificare-topografica-in-prezenta-versantilor-si-a-crestei-sau-varfurilor\/"]}]},{"@type":"ImageObject","inLanguage":"ro-RO","@id":"https:\/\/www.geostru.eu\/ro\/shop\/plugin-ro\/factorul-de-amplificare-topografica-in-prezenta-versantilor-si-a-crestei-sau-varfurilor\/#primaryimage","url":"https:\/\/www.geostru.eu\/wp-content\/uploads\/2017\/03\/Profilo-topografico-schematico-rappresentativo-degli-effetti-di-rifrazione-delle.jpg","contentUrl":"https:\/\/www.geostru.eu\/wp-content\/uploads\/2017\/03\/Profilo-topografico-schematico-rappresentativo-degli-effetti-di-rifrazione-delle.jpg","width":628,"height":278},{"@type":"BreadcrumbList","@id":"https:\/\/www.geostru.eu\/ro\/shop\/plugin-ro\/factorul-de-amplificare-topografica-in-prezenta-versantilor-si-a-crestei-sau-varfurilor\/#breadcrumb","itemListElement":[{"@type":"ListItem","position":1,"name":"Home","item":"https:\/\/www.geostru.eu\/ro\/"},{"@type":"ListItem","position":2,"name":"Shop","item":"https:\/\/www.geostru.eu\/shop\/?lang=ro"},{"@type":"ListItem","position":3,"name":"Factorul de amplificare topografic\u0103 \u00een prezen\u021ba versan\u021bilor \u0219i a crestei sau v\u00e2rfurilor."}]},{"@type":"WebSite","@id":"https:\/\/www.geostru.eu\/ro\/#website","url":"https:\/\/www.geostru.eu\/ro\/","name":"GeoStru EU","description":"Professionals at your service","publisher":{"@id":"https:\/\/www.geostru.eu\/ro\/#organization"},"potentialAction":[{"@type":"SearchAction","target":{"@type":"EntryPoint","urlTemplate":"https:\/\/www.geostru.eu\/ro\/?s={search_term_string}"},"query-input":{"@type":"PropertyValueSpecification","valueRequired":true,"valueName":"search_term_string"}}],"inLanguage":"ro-RO"},{"@type":"Organization","@id":"https:\/\/www.geostru.eu\/ro\/#organization","name":"GeoStru EU","url":"https:\/\/www.geostru.eu\/ro\/","logo":{"@type":"ImageObject","inLanguage":"ro-RO","@id":"https:\/\/www.geostru.eu\/ro\/#\/schema\/logo\/image\/","url":"https:\/\/www.geostru.eu\/wp-content\/uploads\/2023\/02\/LOGO_GEOSTRU_educational_banner.png","contentUrl":"https:\/\/www.geostru.eu\/wp-content\/uploads\/2023\/02\/LOGO_GEOSTRU_educational_banner.png","width":363,"height":115,"caption":"GeoStru EU"},"image":{"@id":"https:\/\/www.geostru.eu\/ro\/#\/schema\/logo\/image\/"},"sameAs":["https:\/\/www.facebook.com\/GeoStruSoftware\/","https:\/\/x.com\/geostru","https:\/\/www.linkedin.com\/company\/2462488\/admin\/","https:\/\/www.instagram.com\/geostru\/"]}]},"product_brand":"Plugin","product_price_amount":"0.00","product_price_currency":"EUR","og_availability":"instock","product_availability":"instock","product_condition":"new"},"_links":{"self":[{"href":"https:\/\/www.geostru.eu\/ro\/wp-json\/wp\/v2\/product\/147498"}],"collection":[{"href":"https:\/\/www.geostru.eu\/ro\/wp-json\/wp\/v2\/product"}],"about":[{"href":"https:\/\/www.geostru.eu\/ro\/wp-json\/wp\/v2\/types\/product"}],"replies":[{"embeddable":true,"href":"https:\/\/www.geostru.eu\/ro\/wp-json\/wp\/v2\/comments?post=147498"}],"wp:featuredmedia":[{"embeddable":true,"href":"https:\/\/www.geostru.eu\/ro\/wp-json\/wp\/v2\/media\/29027"}],"wp:attachment":[{"href":"https:\/\/www.geostru.eu\/ro\/wp-json\/wp\/v2\/media?parent=147498"}],"wp:term":[{"taxonomy":"product_cat","embeddable":true,"href":"https:\/\/www.geostru.eu\/ro\/wp-json\/wp\/v2\/product_cat?post=147498"},{"taxonomy":"product_tag","embeddable":true,"href":"https:\/\/www.geostru.eu\/ro\/wp-json\/wp\/v2\/product_tag?post=147498"}],"curies":[{"name":"wp","href":"https:\/\/api.w.org\/{rel}","templated":true}]}}