{"id":147469,"date":"2024-02-15T17:23:16","date_gmt":"2024-02-15T16:23:16","guid":{"rendered":"https:\/\/www.geostru.eu\/shop\/fara-categorie\/geodropbox\/"},"modified":"2024-02-28T17:30:04","modified_gmt":"2024-02-28T16:30:04","slug":"geodropbox","status":"publish","type":"product","link":"https:\/\/www.geostru.eu\/ro\/shop\/affiliate-ro\/geodropbox\/","title":{"rendered":"Geodropbox"},"content":{"rendered":"<p translate=\"\"><a href=\"https:\/\/geodropbox.com\/home\" target=\"_blank\" rel=\"noopener\">Geodropbox<\/a> Platforma cloud pentru gestionarea si arhivarea documentatiei, care permite unirea informatiilor geografice cu orice tip de document in format electronic. \u00cen plus, \u00een Geodropbox va fi posibil s\u0103 se deseneze coloane stratigrafice, s\u0103 se gestioneze teste de penetra\u021bie statice \u0219i dinamice, teste geofizice, pu\u021buri, analize de laborator \u0219i teste. Vizualizarea \u0219i gestionarea fi\u0219ierelor BIM IFC.<\/p>\n<table style=\"border-collapse: collapse; width: 100%;\">\n<tbody>\n<tr>\n<td style=\"width: 25%;\"><img loading=\"lazy\" decoding=\"async\" class=\"bd-placeholder-img rounded-circle\" role=\"img\" src=\"https:\/\/geodropbox.com\/assets\/images\/homeImages\/icons8-mappa-con-segnaposto-100.png\" width=\"140\" height=\"140\" \/><\/td>\n<td style=\"width: 25%;\"><img loading=\"lazy\" decoding=\"async\" class=\"bd-placeholder-img rounded-circle\" role=\"img\" src=\"https:\/\/geodropbox.com\/assets\/images\/homeImages\/icons8-carica-su-cloud-100.png\" width=\"140\" height=\"140\" \/><\/td>\n<td style=\"width: 25%;\"><img loading=\"lazy\" decoding=\"async\" class=\"bd-placeholder-img\" role=\"img\" src=\"https:\/\/geodropbox.com\/assets\/images\/homeImages\/icons8-ricercaiet.png\" width=\"140\" height=\"140\" \/><\/td>\n<td style=\"width: 25%;\"><img loading=\"lazy\" decoding=\"async\" class=\"bd-placeholder-img rounded-circle\" role=\"img\" src=\"https:\/\/geodropbox.com\/assets\/images\/homeImages\/icons8-condividi-100.png\" width=\"140\" height=\"140\" \/><\/td>\n<\/tr>\n<tr>\n<td style=\"width: 25%;\">\n<h2 translate=\"\">Locatie<\/h2>\n<p translate=\"\">Localizati zona de lucru cu ajutorul hartii prin satelit, chiar si de pe dispozitive mobile.<\/p>\n<\/td>\n<td style=\"width: 25%;\">\n<h2 translate=\"\">Upload<\/h2>\n<p translate=\"\">Upload elaborari sau orice alt fisier in format electronic (doc, pdf, dxf, dwg, png, jpg etc..).<\/p>\n<\/td>\n<td style=\"width: 25%;\">\n<h2 translate=\"\">Organizare<\/h2>\n<p translate=\"\">Cautati si vizualizati toate tipurile de informatii in arhivele dvs. organizate dinamic.<\/p>\n<\/td>\n<td style=\"width: 25%;\">\n<h2 translate=\"\">Partajare<\/h2>\n<p translate=\"\">Partajati fisiere si foldere pentru a optimiza munca intre colegi.<\/p>\n<\/td>\n<\/tr>\n<\/tbody>\n<\/table>\n<div><\/div>\n<div>\n<h2 class=\"featurette-heading\" translate=\"\">Despre ce e vorba?<\/h2>\n<p class=\"lead\" translate=\"\">Geodropbox extinde potentialul Cloud-ului (onedrive, google drive, dropbox etc.) cu GIS si arhivare dinamica a documentelor.<\/p>\n<\/div>\n<h2 class=\"featurette-heading\" translate=\"\">Un exemplu poate clarifica mai bine\u00a0<span class=\"text-muted\" translate=\"\">ce este.<\/span><\/h2>\n<p class=\"lead\" translate=\"\">Imaginati-va ca ati arhivat sute de lucrari in Geodropbox, veti putea: sa le vizualizati pe o hart\u0103 geografica, sa le cauta\u021bi grafic, sa accesati informatiile despre o lucrare cu un simplu clic, sa cautati un document sau un raport, sa partajati un document cu colegii sau sa descarcati de pe dispozitivul mobil.<\/p>\n<h4 class=\"featurette-heading\" translate=\"\">Serviciul nu include niciun cost de activare<\/h4>\n<div><\/div>\n<div><\/div>\n","protected":false},"excerpt":{"rendered":"<p style=\"text-align: justify;\"><a href=\"https:\/\/geodropbox.com\/home\" target=\"_blank\" rel=\"noopener\">Geodropbox<\/a> Platforma cloud pentru gestionarea si arhivarea documentatiei, care permite unirea informatiilor geografice cu orice tip de document in format electronic. \u00cen plus, \u00een Geodropbox va fi posibil s\u0103 se deseneze coloane stratigrafice, s\u0103 se gestioneze teste de penetra\u021bie statice \u0219i dinamice, teste geofizice, pu\u021buri, analize de laborator \u0219i teste. Vizualizarea \u0219i gestionarea fi\u0219ierelor BIM IFC.<\/p>\n<p style=\"text-align: justify;\"><strong>Confiden\u021bialitate \u0219i Securitatea Datelor:<br \/>\n<\/strong>Suntem dedica\u021bi s\u0103 asigur\u0103m cea mai mare protec\u021bie a confiden\u021bialit\u0103\u021bii utilizatorilor \u0219i a securit\u0103\u021bii datelor. \u00cen conformitate cu reglement\u0103rile interna\u021bionale privind protec\u021bia datelor, cum ar fi Regulamentul General privind Protec\u021bia Datelor (GDPR) al Uniunii Europene \u0219i alte legi na\u021bionale \u0219i sectoriale aplicabile, implement\u0103m m\u0103suri stricte pentru gestionarea datelor stocate \u00een cloud. Respect\u0103m standardele de securitate precum ISO\/IEC 27001 \u0219i urm\u0103m ghidurile NIST Cybersecurity Framework pentru a asigura cel mai \u00eenalt nivel de securitate a informa\u021biilor. Politica noastr\u0103 include criptarea datelor, restric\u021bii de acces \u0219i practici de notificare a \u00eenc\u0103lc\u0103rilor, toate cu scopul de a proteja confiden\u021bialitatea datelor dumneavoastr\u0103. Pentru mai multe detalii despre politica noastr\u0103 privind confiden\u021bialitatea \u0219i m\u0103surile de securitate adoptate, v\u0103 rug\u0103m s\u0103 consulta\u021bi Politica noastr\u0103 de Confiden\u021bialitate.<\/p>\n","protected":false},"featured_media":147466,"comment_status":"closed","ping_status":"closed","template":"","meta":[],"product_cat":[13436],"product_tag":[13437],"class_list":{"0":"post-147469","1":"product","2":"type-product","3":"status-publish","4":"has-post-thumbnail","6":"product_cat-affiliate-ro","7":"product_tag-geodropbox-ro","8":"description-off","10":"first","11":"instock","12":"taxable","13":"shipping-taxable","14":"product-type-external"},"yoast_head":"<!-- This site is optimized with the Yoast SEO Premium plugin v25.0 (Yoast SEO v25.0) - https:\/\/yoast.com\/wordpress\/plugins\/seo\/ -->\n<title>Geodropbox: Platforma cloud - GeoStru EU<\/title>\n<meta name=\"description\" content=\"Platforma cloud pentru gestionarea si arhivarea documentatiei, care permite unirea informatiilor geografice cu orice tip de document in format electronic\" \/>\n<meta name=\"robots\" content=\"index, follow, max-snippet:-1, max-image-preview:large, max-video-preview:-1\" \/>\n<link rel=\"canonical\" href=\"https:\/\/www.geostru.eu\/ro\/shop\/affiliate-ro\/geodropbox\/\" \/>\n<meta property=\"og:locale\" content=\"ro_RO\" \/>\n<meta property=\"og:type\" content=\"article\" \/>\n<meta property=\"og:title\" content=\"Geodropbox\" \/>\n<meta property=\"og:description\" content=\"Platforma cloud pentru gestionarea si arhivarea documentatiei, care permite unirea informatiilor geografice cu orice tip de document in format electronic\" \/>\n<meta property=\"og:url\" content=\"https:\/\/www.geostru.eu\/ro\/shop\/affiliate-ro\/geodropbox\/\" \/>\n<meta property=\"og:site_name\" content=\"GeoStru EU\" \/>\n<meta property=\"article:publisher\" content=\"https:\/\/www.facebook.com\/GeoStruSoftware\/\" \/>\n<meta property=\"article:modified_time\" content=\"2024-02-28T16:30:04+00:00\" \/>\n<meta property=\"og:image\" content=\"https:\/\/www.geostru.eu\/wp-content\/uploads\/2024\/02\/geodropbox-home.png\" \/>\n\t<meta property=\"og:image:width\" content=\"1912\" \/>\n\t<meta property=\"og:image:height\" content=\"979\" \/>\n\t<meta property=\"og:image:type\" content=\"image\/png\" \/>\n<meta name=\"twitter:card\" content=\"summary_large_image\" \/>\n<meta name=\"twitter:site\" content=\"@geostru\" \/>\n<meta name=\"twitter:label1\" content=\"Pre\u021b\" \/>\n\t<meta name=\"twitter:data1\" content=\"\" \/>\n\t<meta name=\"twitter:label2\" content=\"Disponibilitate\" \/>\n\t<meta name=\"twitter:data2\" content=\"\u00cen stoc\" \/>\n<script type=\"application\/ld+json\" class=\"yoast-schema-graph\">{\"@context\":\"https:\/\/schema.org\",\"@graph\":[{\"@type\":\"WebPage\",\"@id\":\"https:\/\/www.geostru.eu\/ro\/shop\/affiliate-ro\/geodropbox\/\",\"url\":\"https:\/\/www.geostru.eu\/ro\/shop\/affiliate-ro\/geodropbox\/\",\"name\":\"Geodropbox: Platforma cloud - GeoStru EU\",\"isPartOf\":{\"@id\":\"https:\/\/www.geostru.eu\/ro\/#website\"},\"primaryImageOfPage\":{\"@id\":\"https:\/\/www.geostru.eu\/ro\/shop\/affiliate-ro\/geodropbox\/#primaryimage\"},\"image\":{\"@id\":\"https:\/\/www.geostru.eu\/ro\/shop\/affiliate-ro\/geodropbox\/#primaryimage\"},\"thumbnailUrl\":\"https:\/\/www.geostru.eu\/wp-content\/uploads\/2024\/02\/geodropbox-home.png\",\"datePublished\":\"2024-02-15T16:23:16+00:00\",\"dateModified\":\"2024-02-28T16:30:04+00:00\",\"description\":\"Platforma cloud pentru gestionarea si arhivarea documentatiei, care permite unirea informatiilor geografice cu orice tip de document in format electronic\",\"breadcrumb\":{\"@id\":\"https:\/\/www.geostru.eu\/ro\/shop\/affiliate-ro\/geodropbox\/#breadcrumb\"},\"inLanguage\":\"ro-RO\",\"potentialAction\":[{\"@type\":\"ReadAction\",\"target\":[\"https:\/\/www.geostru.eu\/ro\/shop\/affiliate-ro\/geodropbox\/\"]}]},{\"@type\":\"ImageObject\",\"inLanguage\":\"ro-RO\",\"@id\":\"https:\/\/www.geostru.eu\/ro\/shop\/affiliate-ro\/geodropbox\/#primaryimage\",\"url\":\"https:\/\/www.geostru.eu\/wp-content\/uploads\/2024\/02\/geodropbox-home.png\",\"contentUrl\":\"https:\/\/www.geostru.eu\/wp-content\/uploads\/2024\/02\/geodropbox-home.png\",\"width\":1912,\"height\":979},{\"@type\":\"BreadcrumbList\",\"@id\":\"https:\/\/www.geostru.eu\/ro\/shop\/affiliate-ro\/geodropbox\/#breadcrumb\",\"itemListElement\":[{\"@type\":\"ListItem\",\"position\":1,\"name\":\"Home\",\"item\":\"https:\/\/www.geostru.eu\/ro\/\"},{\"@type\":\"ListItem\",\"position\":2,\"name\":\"Shop\",\"item\":\"https:\/\/www.geostru.eu\/shop\/?lang=ro\"},{\"@type\":\"ListItem\",\"position\":3,\"name\":\"Geodropbox\"}]},{\"@type\":\"WebSite\",\"@id\":\"https:\/\/www.geostru.eu\/ro\/#website\",\"url\":\"https:\/\/www.geostru.eu\/ro\/\",\"name\":\"GeoStru EU\",\"description\":\"Professionals at your service\",\"publisher\":{\"@id\":\"https:\/\/www.geostru.eu\/ro\/#organization\"},\"potentialAction\":[{\"@type\":\"SearchAction\",\"target\":{\"@type\":\"EntryPoint\",\"urlTemplate\":\"https:\/\/www.geostru.eu\/ro\/?s={search_term_string}\"},\"query-input\":{\"@type\":\"PropertyValueSpecification\",\"valueRequired\":true,\"valueName\":\"search_term_string\"}}],\"inLanguage\":\"ro-RO\"},{\"@type\":\"Organization\",\"@id\":\"https:\/\/www.geostru.eu\/ro\/#organization\",\"name\":\"GeoStru EU\",\"url\":\"https:\/\/www.geostru.eu\/ro\/\",\"logo\":{\"@type\":\"ImageObject\",\"inLanguage\":\"ro-RO\",\"@id\":\"https:\/\/www.geostru.eu\/ro\/#\/schema\/logo\/image\/\",\"url\":\"https:\/\/www.geostru.eu\/wp-content\/uploads\/2023\/02\/LOGO_GEOSTRU_educational_banner.png\",\"contentUrl\":\"https:\/\/www.geostru.eu\/wp-content\/uploads\/2023\/02\/LOGO_GEOSTRU_educational_banner.png\",\"width\":363,\"height\":115,\"caption\":\"GeoStru EU\"},\"image\":{\"@id\":\"https:\/\/www.geostru.eu\/ro\/#\/schema\/logo\/image\/\"},\"sameAs\":[\"https:\/\/www.facebook.com\/GeoStruSoftware\/\",\"https:\/\/x.com\/geostru\",\"https:\/\/www.linkedin.com\/company\/2462488\/admin\/\",\"https:\/\/www.instagram.com\/geostru\/\"]}]}<\/script>\n<meta property=\"product:brand\" content=\"Affiliate\" \/>\n<meta property=\"product:price:amount\" content=\"0.00\" \/>\n<meta property=\"product:price:currency\" content=\"EUR\" \/>\n<meta property=\"og:availability\" content=\"instock\" \/>\n<meta property=\"product:availability\" content=\"instock\" \/>\n<meta property=\"product:condition\" content=\"new\" \/>\n<!-- \/ Yoast SEO Premium plugin. -->","yoast_head_json":{"title":"Geodropbox: Platforma cloud - GeoStru EU","description":"Platforma cloud pentru gestionarea si arhivarea documentatiei, care permite unirea informatiilor geografice cu orice tip de document in format electronic","robots":{"index":"index","follow":"follow","max-snippet":"max-snippet:-1","max-image-preview":"max-image-preview:large","max-video-preview":"max-video-preview:-1"},"canonical":"https:\/\/www.geostru.eu\/ro\/shop\/affiliate-ro\/geodropbox\/","og_locale":"ro_RO","og_type":"article","og_title":"Geodropbox","og_description":"Platforma cloud pentru gestionarea si arhivarea documentatiei, care permite unirea informatiilor geografice cu orice tip de document in format electronic","og_url":"https:\/\/www.geostru.eu\/ro\/shop\/affiliate-ro\/geodropbox\/","og_site_name":"GeoStru EU","article_publisher":"https:\/\/www.facebook.com\/GeoStruSoftware\/","article_modified_time":"2024-02-28T16:30:04+00:00","og_image":[{"width":1912,"height":979,"url":"https:\/\/www.geostru.eu\/wp-content\/uploads\/2024\/02\/geodropbox-home.png","type":"image\/png"}],"twitter_card":"summary_large_image","twitter_site":"@geostru","twitter_misc":{"Pre\u021b":"","Disponibilitate":"\u00cen stoc"},"schema":{"@context":"https:\/\/schema.org","@graph":[{"@type":"WebPage","@id":"https:\/\/www.geostru.eu\/ro\/shop\/affiliate-ro\/geodropbox\/","url":"https:\/\/www.geostru.eu\/ro\/shop\/affiliate-ro\/geodropbox\/","name":"Geodropbox: Platforma cloud - GeoStru EU","isPartOf":{"@id":"https:\/\/www.geostru.eu\/ro\/#website"},"primaryImageOfPage":{"@id":"https:\/\/www.geostru.eu\/ro\/shop\/affiliate-ro\/geodropbox\/#primaryimage"},"image":{"@id":"https:\/\/www.geostru.eu\/ro\/shop\/affiliate-ro\/geodropbox\/#primaryimage"},"thumbnailUrl":"https:\/\/www.geostru.eu\/wp-content\/uploads\/2024\/02\/geodropbox-home.png","datePublished":"2024-02-15T16:23:16+00:00","dateModified":"2024-02-28T16:30:04+00:00","description":"Platforma cloud pentru gestionarea si arhivarea documentatiei, care permite unirea informatiilor geografice cu orice tip de document in format electronic","breadcrumb":{"@id":"https:\/\/www.geostru.eu\/ro\/shop\/affiliate-ro\/geodropbox\/#breadcrumb"},"inLanguage":"ro-RO","potentialAction":[{"@type":"ReadAction","target":["https:\/\/www.geostru.eu\/ro\/shop\/affiliate-ro\/geodropbox\/"]}]},{"@type":"ImageObject","inLanguage":"ro-RO","@id":"https:\/\/www.geostru.eu\/ro\/shop\/affiliate-ro\/geodropbox\/#primaryimage","url":"https:\/\/www.geostru.eu\/wp-content\/uploads\/2024\/02\/geodropbox-home.png","contentUrl":"https:\/\/www.geostru.eu\/wp-content\/uploads\/2024\/02\/geodropbox-home.png","width":1912,"height":979},{"@type":"BreadcrumbList","@id":"https:\/\/www.geostru.eu\/ro\/shop\/affiliate-ro\/geodropbox\/#breadcrumb","itemListElement":[{"@type":"ListItem","position":1,"name":"Home","item":"https:\/\/www.geostru.eu\/ro\/"},{"@type":"ListItem","position":2,"name":"Shop","item":"https:\/\/www.geostru.eu\/shop\/?lang=ro"},{"@type":"ListItem","position":3,"name":"Geodropbox"}]},{"@type":"WebSite","@id":"https:\/\/www.geostru.eu\/ro\/#website","url":"https:\/\/www.geostru.eu\/ro\/","name":"GeoStru EU","description":"Professionals at your service","publisher":{"@id":"https:\/\/www.geostru.eu\/ro\/#organization"},"potentialAction":[{"@type":"SearchAction","target":{"@type":"EntryPoint","urlTemplate":"https:\/\/www.geostru.eu\/ro\/?s={search_term_string}"},"query-input":{"@type":"PropertyValueSpecification","valueRequired":true,"valueName":"search_term_string"}}],"inLanguage":"ro-RO"},{"@type":"Organization","@id":"https:\/\/www.geostru.eu\/ro\/#organization","name":"GeoStru EU","url":"https:\/\/www.geostru.eu\/ro\/","logo":{"@type":"ImageObject","inLanguage":"ro-RO","@id":"https:\/\/www.geostru.eu\/ro\/#\/schema\/logo\/image\/","url":"https:\/\/www.geostru.eu\/wp-content\/uploads\/2023\/02\/LOGO_GEOSTRU_educational_banner.png","contentUrl":"https:\/\/www.geostru.eu\/wp-content\/uploads\/2023\/02\/LOGO_GEOSTRU_educational_banner.png","width":363,"height":115,"caption":"GeoStru EU"},"image":{"@id":"https:\/\/www.geostru.eu\/ro\/#\/schema\/logo\/image\/"},"sameAs":["https:\/\/www.facebook.com\/GeoStruSoftware\/","https:\/\/x.com\/geostru","https:\/\/www.linkedin.com\/company\/2462488\/admin\/","https:\/\/www.instagram.com\/geostru\/"]}]},"product_brand":"Affiliate","product_price_amount":"0.00","product_price_currency":"EUR","og_availability":"instock","product_availability":"instock","product_condition":"new"},"_links":{"self":[{"href":"https:\/\/www.geostru.eu\/ro\/wp-json\/wp\/v2\/product\/147469"}],"collection":[{"href":"https:\/\/www.geostru.eu\/ro\/wp-json\/wp\/v2\/product"}],"about":[{"href":"https:\/\/www.geostru.eu\/ro\/wp-json\/wp\/v2\/types\/product"}],"replies":[{"embeddable":true,"href":"https:\/\/www.geostru.eu\/ro\/wp-json\/wp\/v2\/comments?post=147469"}],"wp:featuredmedia":[{"embeddable":true,"href":"https:\/\/www.geostru.eu\/ro\/wp-json\/wp\/v2\/media\/147466"}],"wp:attachment":[{"href":"https:\/\/www.geostru.eu\/ro\/wp-json\/wp\/v2\/media?parent=147469"}],"wp:term":[{"taxonomy":"product_cat","embeddable":true,"href":"https:\/\/www.geostru.eu\/ro\/wp-json\/wp\/v2\/product_cat?post=147469"},{"taxonomy":"product_tag","embeddable":true,"href":"https:\/\/www.geostru.eu\/ro\/wp-json\/wp\/v2\/product_tag?post=147469"}],"curies":[{"name":"wp","href":"https:\/\/api.w.org\/{rel}","templated":true}]}}