{"id":145037,"date":"2023-10-25T08:06:02","date_gmt":"2023-10-25T06:06:02","guid":{"rendered":"https:\/\/www.geostru.eu\/shop\/fara-categorie\/soil-nailing-design-snd\/"},"modified":"2025-07-27T15:09:39","modified_gmt":"2025-07-27T13:09:39","slug":"software-pentru-analiza-pantelor-sau-fetelor-de-excavatie","status":"publish","type":"product","link":"https:\/\/www.geostru.eu\/ro\/shop\/software-ro\/software-pentru-analiza-pantelor-sau-fetelor-de-excavatie\/","title":{"rendered":"Soil Nailing Analysis SNL"},"content":{"rendered":"<p><strong>Soil Nailing Analysis SNL<\/strong>: software pentru analiza pantelor sau fe\u021belor de excava\u021bie \u00eent\u0103rite cu tehnica de \u021bintuire a solului. Permite efectuarea tuturor verific\u0103rilor \u021bin\u00e2nd cont de diferitele etape de excava\u021bie, conform standardelor aplicabile.<\/p>\n<p>Soil Nailing Analysis SNL este un software destinat proiect\u0103rii \u0219i calculului pantelor sau fe\u021belor de excava\u021bie \u00eent\u0103rite cu tehnica de \u021bintuire a solului. Este posibil s\u0103 se \u021bin\u0103 cont de cuie cu caracteristici variabile de-a lungul zidului, at\u00e2t \u00een condi\u021bii statice, c\u00e2t \u0219i pseudo-statice, \u00een prezen\u021ba p\u00e2nzei freatice \u0219i pentru soluri eterogene.<\/p>\n<p>Este posibil s\u0103 efectua\u021bi toate verific\u0103rile, \u021bin\u00e2nd cont de diferitele etape de excava\u021bie, conform standardelor aplicabile.<\/p>\n<p><strong>CARACTERISTICI GENERALE<\/strong><\/p>\n<p>Principalele caracteristici ale software-ului sunt enumerate mai jos:<\/p>\n<p>Orice cui poate fi caracterizat printr-un diametru, o lungime \u0219i o \u00eenclinare, variabile de-a lungul \u00een\u0103l\u021bimii verticale a zidului;<br \/>\nDistan\u021ba vertical\u0103 \u00eentre cuie poate fi variabil\u0103;<br \/>\nEste posibil s\u0103 se analizeze condi\u021bia de stabilitate a zidului, \u021bin\u00e2nd cont de diferitele etape de excava\u021bie;<br \/>\nSolul poate fi stratificat;<br \/>\nEste posibil s\u0103 se \u021bin\u0103 cont de prezen\u021ba p\u00e2nzei freatice;<br \/>\n\u00cenc\u0103rc\u0103rile aplicate \u00een partea superioar\u0103 a zidului pot fi uniforme, liniare sau sub form\u0103 de benzi;<br \/>\nSoftware-ul efectueaz\u0103 analiza at\u00e2t \u00een condi\u021bii statice, c\u00e2t \u0219i pseudo-statice;<br \/>\nEste posibil s\u0103 se utilizeze abordarea standardelor (de exemplu, Eurocoduri), utiliz\u00e2nd coeficien\u021bii defini\u021bi de standardele specifice.<\/p>\n<p><strong>REZULTATE<\/strong><\/p>\n<p>Soil Nailing Analysis SNL furnizeaz\u0103 urm\u0103toarele rezultate:<\/p>\n<p>For\u021ba exercitat\u0103 pe orice cui;<br \/>\nVerific\u0103ri interne;<br \/>\nVerificare la smulgere;<br \/>\nVerificarea cedarii structurale ale cuielor;<br \/>\nVerificare la alunecare;<br \/>\n<strong>Verificare global\u0103 (\u00een interoperabilitate cu software-ul SLOPE);<\/strong><br \/>\nFor\u021ba t\u0103ietoare \u0219i momentul \u00eencovoietor pentru peretele frontal.<\/p>\n","protected":false},"excerpt":{"rendered":"<p style=\"text-align: justify\"><strong>Soil Nailing Analysis SNL<\/strong>: software pentru analiza pantelor sau fe\u021belor de excava\u021bie \u00eent\u0103rite cu tehnica de \u021bintuire a solului. Permite efectuarea tuturor verific\u0103rilor \u021bin\u00e2nd cont de diferitele etape de excava\u021bie, conform standardelor aplicabile.<\/p>\n<p style=\"text-align: justify\">Soil Nailing Analysis SNL este un software destinat proiect\u0103rii \u0219i calculului pantelor sau fe\u021belor de excava\u021bie \u00eent\u0103rite cu tehnica de \u021bintuire a solului. Este posibil s\u0103 se \u021bin\u0103 cont de cuie cu caracteristici variabile de-a lungul zidului, at\u00e2t \u00een condi\u021bii statice, c\u00e2t \u0219i pseudo-statice, \u00een prezen\u021ba p\u00e2nzei freatice \u0219i pentru soluri eterogene.<\/p>\n<p style=\"text-align: justify\">Este posibil s\u0103 efectua\u021bi toate verific\u0103rile, \u021bin\u00e2nd cont de diferitele etape de excava\u021bie, conform standardelor aplicabile.<\/p>\n","protected":false},"featured_media":145060,"comment_status":"open","ping_status":"closed","template":"","meta":[],"product_cat":[202,85],"product_tag":[13400],"class_list":{"0":"post-145037","1":"product","2":"type-product","3":"status-publish","4":"has-post-thumbnail","6":"product_cat-software-ro","7":"product_cat-geotehnica-si-geologie","8":"product_tag-soil-nailing-design-ro","9":"description-off","11":"first","12":"instock","13":"downloadable","14":"virtual","15":"sold-individually","16":"taxable","17":"purchasable","18":"product-type-licensed"},"yoast_head":"<!-- This site is optimized with the Yoast SEO Premium plugin v25.0 (Yoast SEO v25.0) - https:\/\/yoast.com\/wordpress\/plugins\/seo\/ -->\n<title>Soil Nailing Analysis SNL - GeoStru EU<\/title>\n<meta name=\"description\" content=\"Soil Nailing Analysis SNL: software pentru analiza pantelor sau fe\u021belor de excava\u021bie \u00eent\u0103rite cu tehnica de \u021bintuire a solului. Permite efectuarea tuturor verific\u0103rilor \u021bin\u00e2nd cont de diferitele etape de excava\u021bie, conform standardelor aplicabile.\" \/>\n<meta name=\"robots\" content=\"index, follow, max-snippet:-1, max-image-preview:large, max-video-preview:-1\" \/>\n<link rel=\"canonical\" href=\"https:\/\/www.geostru.eu\/ro\/shop\/software-ro\/software-pentru-analiza-pantelor-sau-fetelor-de-excavatie\/\" \/>\n<meta property=\"og:locale\" content=\"ro_RO\" \/>\n<meta property=\"og:type\" content=\"article\" \/>\n<meta property=\"og:title\" content=\"Soil Nailing Analysis SNL\" \/>\n<meta property=\"og:description\" content=\"Soil Nailing Analysis SNL: software pentru analiza pantelor sau fe\u021belor de excava\u021bie \u00eent\u0103rite cu tehnica de \u021bintuire a solului. Permite efectuarea tuturor verific\u0103rilor \u021bin\u00e2nd cont de diferitele etape de excava\u021bie, conform standardelor aplicabile.\" \/>\n<meta property=\"og:url\" content=\"https:\/\/www.geostru.eu\/ro\/shop\/software-ro\/software-pentru-analiza-pantelor-sau-fetelor-de-excavatie\/\" \/>\n<meta property=\"og:site_name\" content=\"GeoStru EU\" \/>\n<meta property=\"article:publisher\" content=\"https:\/\/www.facebook.com\/GeoStruSoftware\/\" \/>\n<meta property=\"article:modified_time\" content=\"2025-07-27T13:09:39+00:00\" \/>\n<meta property=\"og:image\" content=\"https:\/\/www.geostru.eu\/wp-content\/uploads\/2023\/10\/soil-nailing-geostru.jpg\" \/>\n\t<meta property=\"og:image:width\" content=\"1600\" \/>\n\t<meta property=\"og:image:height\" content=\"860\" \/>\n\t<meta property=\"og:image:type\" content=\"image\/jpeg\" \/>\n<meta name=\"twitter:card\" content=\"summary_large_image\" \/>\n<meta name=\"twitter:site\" content=\"@geostru\" \/>\n<meta name=\"twitter:label1\" content=\"Pre\u021b\" \/>\n\t<meta name=\"twitter:data1\" content=\"&euro;490.00 f\u0103r\u0103 TVA\" \/>\n\t<meta name=\"twitter:label2\" content=\"Disponibilitate\" \/>\n\t<meta name=\"twitter:data2\" content=\"\u00cen stoc\" \/>\n<script type=\"application\/ld+json\" class=\"yoast-schema-graph\">{\"@context\":\"https:\/\/schema.org\",\"@graph\":[{\"@type\":\"WebPage\",\"@id\":\"https:\/\/www.geostru.eu\/ro\/shop\/software-ro\/software-pentru-analiza-pantelor-sau-fetelor-de-excavatie\/\",\"url\":\"https:\/\/www.geostru.eu\/ro\/shop\/software-ro\/software-pentru-analiza-pantelor-sau-fetelor-de-excavatie\/\",\"name\":\"Soil Nailing Analysis SNL - GeoStru EU\",\"isPartOf\":{\"@id\":\"https:\/\/www.geostru.eu\/ro\/#website\"},\"primaryImageOfPage\":{\"@id\":\"https:\/\/www.geostru.eu\/ro\/shop\/software-ro\/software-pentru-analiza-pantelor-sau-fetelor-de-excavatie\/#primaryimage\"},\"image\":{\"@id\":\"https:\/\/www.geostru.eu\/ro\/shop\/software-ro\/software-pentru-analiza-pantelor-sau-fetelor-de-excavatie\/#primaryimage\"},\"thumbnailUrl\":\"https:\/\/www.geostru.eu\/wp-content\/uploads\/2023\/10\/soil-nailing-geostru.jpg\",\"datePublished\":\"2023-10-25T06:06:02+00:00\",\"dateModified\":\"2025-07-27T13:09:39+00:00\",\"description\":\"Soil Nailing Analysis SNL: software pentru analiza pantelor sau fe\u021belor de excava\u021bie \u00eent\u0103rite cu tehnica de \u021bintuire a solului. Permite efectuarea tuturor verific\u0103rilor \u021bin\u00e2nd cont de diferitele etape de excava\u021bie, conform standardelor aplicabile.\",\"breadcrumb\":{\"@id\":\"https:\/\/www.geostru.eu\/ro\/shop\/software-ro\/software-pentru-analiza-pantelor-sau-fetelor-de-excavatie\/#breadcrumb\"},\"inLanguage\":\"ro-RO\",\"potentialAction\":[{\"@type\":\"ReadAction\",\"target\":[\"https:\/\/www.geostru.eu\/ro\/shop\/software-ro\/software-pentru-analiza-pantelor-sau-fetelor-de-excavatie\/\"]}]},{\"@type\":\"ImageObject\",\"inLanguage\":\"ro-RO\",\"@id\":\"https:\/\/www.geostru.eu\/ro\/shop\/software-ro\/software-pentru-analiza-pantelor-sau-fetelor-de-excavatie\/#primaryimage\",\"url\":\"https:\/\/www.geostru.eu\/wp-content\/uploads\/2023\/10\/soil-nailing-geostru.jpg\",\"contentUrl\":\"https:\/\/www.geostru.eu\/wp-content\/uploads\/2023\/10\/soil-nailing-geostru.jpg\",\"width\":1600,\"height\":860},{\"@type\":\"BreadcrumbList\",\"@id\":\"https:\/\/www.geostru.eu\/ro\/shop\/software-ro\/software-pentru-analiza-pantelor-sau-fetelor-de-excavatie\/#breadcrumb\",\"itemListElement\":[{\"@type\":\"ListItem\",\"position\":1,\"name\":\"Home\",\"item\":\"https:\/\/www.geostru.eu\/ro\/\"},{\"@type\":\"ListItem\",\"position\":2,\"name\":\"Shop\",\"item\":\"https:\/\/www.geostru.eu\/shop\/?lang=ro\"},{\"@type\":\"ListItem\",\"position\":3,\"name\":\"Soil Nailing Analysis SNL\"}]},{\"@type\":\"WebSite\",\"@id\":\"https:\/\/www.geostru.eu\/ro\/#website\",\"url\":\"https:\/\/www.geostru.eu\/ro\/\",\"name\":\"GeoStru EU\",\"description\":\"Professionals at your service\",\"publisher\":{\"@id\":\"https:\/\/www.geostru.eu\/ro\/#organization\"},\"potentialAction\":[{\"@type\":\"SearchAction\",\"target\":{\"@type\":\"EntryPoint\",\"urlTemplate\":\"https:\/\/www.geostru.eu\/ro\/?s={search_term_string}\"},\"query-input\":{\"@type\":\"PropertyValueSpecification\",\"valueRequired\":true,\"valueName\":\"search_term_string\"}}],\"inLanguage\":\"ro-RO\"},{\"@type\":\"Organization\",\"@id\":\"https:\/\/www.geostru.eu\/ro\/#organization\",\"name\":\"GeoStru EU\",\"url\":\"https:\/\/www.geostru.eu\/ro\/\",\"logo\":{\"@type\":\"ImageObject\",\"inLanguage\":\"ro-RO\",\"@id\":\"https:\/\/www.geostru.eu\/ro\/#\/schema\/logo\/image\/\",\"url\":\"https:\/\/www.geostru.eu\/wp-content\/uploads\/2023\/02\/LOGO_GEOSTRU_educational_banner.png\",\"contentUrl\":\"https:\/\/www.geostru.eu\/wp-content\/uploads\/2023\/02\/LOGO_GEOSTRU_educational_banner.png\",\"width\":363,\"height\":115,\"caption\":\"GeoStru EU\"},\"image\":{\"@id\":\"https:\/\/www.geostru.eu\/ro\/#\/schema\/logo\/image\/\"},\"sameAs\":[\"https:\/\/www.facebook.com\/GeoStruSoftware\/\",\"https:\/\/x.com\/geostru\",\"https:\/\/www.linkedin.com\/company\/2462488\/admin\/\",\"https:\/\/www.instagram.com\/geostru\/\"]}]}<\/script>\n<meta property=\"product:brand\" content=\"Software\" \/>\n<meta property=\"product:price:amount\" content=\"490.00\" \/>\n<meta property=\"product:price:currency\" content=\"EUR\" \/>\n<meta property=\"og:availability\" content=\"instock\" \/>\n<meta property=\"product:availability\" content=\"instock\" \/>\n<meta property=\"product:retailer_item_id\" content=\"106\" \/>\n<meta property=\"product:condition\" content=\"new\" \/>\n<!-- \/ Yoast SEO Premium plugin. -->","yoast_head_json":{"title":"Soil Nailing Analysis SNL - GeoStru EU","description":"Soil Nailing Analysis SNL: software pentru analiza pantelor sau fe\u021belor de excava\u021bie \u00eent\u0103rite cu tehnica de \u021bintuire a solului. Permite efectuarea tuturor verific\u0103rilor \u021bin\u00e2nd cont de diferitele etape de excava\u021bie, conform standardelor aplicabile.","robots":{"index":"index","follow":"follow","max-snippet":"max-snippet:-1","max-image-preview":"max-image-preview:large","max-video-preview":"max-video-preview:-1"},"canonical":"https:\/\/www.geostru.eu\/ro\/shop\/software-ro\/software-pentru-analiza-pantelor-sau-fetelor-de-excavatie\/","og_locale":"ro_RO","og_type":"article","og_title":"Soil Nailing Analysis SNL","og_description":"Soil Nailing Analysis SNL: software pentru analiza pantelor sau fe\u021belor de excava\u021bie \u00eent\u0103rite cu tehnica de \u021bintuire a solului. Permite efectuarea tuturor verific\u0103rilor \u021bin\u00e2nd cont de diferitele etape de excava\u021bie, conform standardelor aplicabile.","og_url":"https:\/\/www.geostru.eu\/ro\/shop\/software-ro\/software-pentru-analiza-pantelor-sau-fetelor-de-excavatie\/","og_site_name":"GeoStru EU","article_publisher":"https:\/\/www.facebook.com\/GeoStruSoftware\/","article_modified_time":"2025-07-27T13:09:39+00:00","og_image":[{"width":1600,"height":860,"url":"https:\/\/www.geostru.eu\/wp-content\/uploads\/2023\/10\/soil-nailing-geostru.jpg","type":"image\/jpeg"}],"twitter_card":"summary_large_image","twitter_site":"@geostru","twitter_misc":{"Pre\u021b":"&euro;490.00 f\u0103r\u0103 TVA","Disponibilitate":"\u00cen stoc"},"schema":{"@context":"https:\/\/schema.org","@graph":[{"@type":"WebPage","@id":"https:\/\/www.geostru.eu\/ro\/shop\/software-ro\/software-pentru-analiza-pantelor-sau-fetelor-de-excavatie\/","url":"https:\/\/www.geostru.eu\/ro\/shop\/software-ro\/software-pentru-analiza-pantelor-sau-fetelor-de-excavatie\/","name":"Soil Nailing Analysis SNL - GeoStru EU","isPartOf":{"@id":"https:\/\/www.geostru.eu\/ro\/#website"},"primaryImageOfPage":{"@id":"https:\/\/www.geostru.eu\/ro\/shop\/software-ro\/software-pentru-analiza-pantelor-sau-fetelor-de-excavatie\/#primaryimage"},"image":{"@id":"https:\/\/www.geostru.eu\/ro\/shop\/software-ro\/software-pentru-analiza-pantelor-sau-fetelor-de-excavatie\/#primaryimage"},"thumbnailUrl":"https:\/\/www.geostru.eu\/wp-content\/uploads\/2023\/10\/soil-nailing-geostru.jpg","datePublished":"2023-10-25T06:06:02+00:00","dateModified":"2025-07-27T13:09:39+00:00","description":"Soil Nailing Analysis SNL: software pentru analiza pantelor sau fe\u021belor de excava\u021bie \u00eent\u0103rite cu tehnica de \u021bintuire a solului. Permite efectuarea tuturor verific\u0103rilor \u021bin\u00e2nd cont de diferitele etape de excava\u021bie, conform standardelor aplicabile.","breadcrumb":{"@id":"https:\/\/www.geostru.eu\/ro\/shop\/software-ro\/software-pentru-analiza-pantelor-sau-fetelor-de-excavatie\/#breadcrumb"},"inLanguage":"ro-RO","potentialAction":[{"@type":"ReadAction","target":["https:\/\/www.geostru.eu\/ro\/shop\/software-ro\/software-pentru-analiza-pantelor-sau-fetelor-de-excavatie\/"]}]},{"@type":"ImageObject","inLanguage":"ro-RO","@id":"https:\/\/www.geostru.eu\/ro\/shop\/software-ro\/software-pentru-analiza-pantelor-sau-fetelor-de-excavatie\/#primaryimage","url":"https:\/\/www.geostru.eu\/wp-content\/uploads\/2023\/10\/soil-nailing-geostru.jpg","contentUrl":"https:\/\/www.geostru.eu\/wp-content\/uploads\/2023\/10\/soil-nailing-geostru.jpg","width":1600,"height":860},{"@type":"BreadcrumbList","@id":"https:\/\/www.geostru.eu\/ro\/shop\/software-ro\/software-pentru-analiza-pantelor-sau-fetelor-de-excavatie\/#breadcrumb","itemListElement":[{"@type":"ListItem","position":1,"name":"Home","item":"https:\/\/www.geostru.eu\/ro\/"},{"@type":"ListItem","position":2,"name":"Shop","item":"https:\/\/www.geostru.eu\/shop\/?lang=ro"},{"@type":"ListItem","position":3,"name":"Soil Nailing Analysis SNL"}]},{"@type":"WebSite","@id":"https:\/\/www.geostru.eu\/ro\/#website","url":"https:\/\/www.geostru.eu\/ro\/","name":"GeoStru EU","description":"Professionals at your service","publisher":{"@id":"https:\/\/www.geostru.eu\/ro\/#organization"},"potentialAction":[{"@type":"SearchAction","target":{"@type":"EntryPoint","urlTemplate":"https:\/\/www.geostru.eu\/ro\/?s={search_term_string}"},"query-input":{"@type":"PropertyValueSpecification","valueRequired":true,"valueName":"search_term_string"}}],"inLanguage":"ro-RO"},{"@type":"Organization","@id":"https:\/\/www.geostru.eu\/ro\/#organization","name":"GeoStru EU","url":"https:\/\/www.geostru.eu\/ro\/","logo":{"@type":"ImageObject","inLanguage":"ro-RO","@id":"https:\/\/www.geostru.eu\/ro\/#\/schema\/logo\/image\/","url":"https:\/\/www.geostru.eu\/wp-content\/uploads\/2023\/02\/LOGO_GEOSTRU_educational_banner.png","contentUrl":"https:\/\/www.geostru.eu\/wp-content\/uploads\/2023\/02\/LOGO_GEOSTRU_educational_banner.png","width":363,"height":115,"caption":"GeoStru EU"},"image":{"@id":"https:\/\/www.geostru.eu\/ro\/#\/schema\/logo\/image\/"},"sameAs":["https:\/\/www.facebook.com\/GeoStruSoftware\/","https:\/\/x.com\/geostru","https:\/\/www.linkedin.com\/company\/2462488\/admin\/","https:\/\/www.instagram.com\/geostru\/"]}]},"product_brand":"Software","product_price_amount":"490.00","product_price_currency":"EUR","og_availability":"instock","product_availability":"instock","product_retailer_item_id":"106","product_condition":"new"},"_links":{"self":[{"href":"https:\/\/www.geostru.eu\/ro\/wp-json\/wp\/v2\/product\/145037"}],"collection":[{"href":"https:\/\/www.geostru.eu\/ro\/wp-json\/wp\/v2\/product"}],"about":[{"href":"https:\/\/www.geostru.eu\/ro\/wp-json\/wp\/v2\/types\/product"}],"replies":[{"embeddable":true,"href":"https:\/\/www.geostru.eu\/ro\/wp-json\/wp\/v2\/comments?post=145037"}],"wp:featuredmedia":[{"embeddable":true,"href":"https:\/\/www.geostru.eu\/ro\/wp-json\/wp\/v2\/media\/145060"}],"wp:attachment":[{"href":"https:\/\/www.geostru.eu\/ro\/wp-json\/wp\/v2\/media?parent=145037"}],"wp:term":[{"taxonomy":"product_cat","embeddable":true,"href":"https:\/\/www.geostru.eu\/ro\/wp-json\/wp\/v2\/product_cat?post=145037"},{"taxonomy":"product_tag","embeddable":true,"href":"https:\/\/www.geostru.eu\/ro\/wp-json\/wp\/v2\/product_tag?post=145037"}],"curies":[{"name":"wp","href":"https:\/\/api.w.org\/{rel}","templated":true}]}}