{"id":128926,"date":"2021-07-21T18:28:44","date_gmt":"2021-07-21T16:28:44","guid":{"rendered":"https:\/\/www.geostru.eu\/shop\/fara-categorie\/analisi-dinamica-in-geotecnica-qsim\/"},"modified":"2022-11-15T15:22:06","modified_gmt":"2022-11-15T14:22:06","slug":"analiza-dinamica-in-geotehnica-qsim","status":"publish","type":"product","link":"https:\/\/www.geostru.eu\/ro\/shop\/software-ro\/analiza-dinamica-in-geotehnica-qsim\/","title":{"rendered":"Analiza dinamic\u0103 \u00een geotehnic\u0103 \u2013 QSIM"},"content":{"rendered":"<p class=\"p_desc\" style=\"text-align: justify\">Metoda Newmark modeleaz\u0103 o alunecare de teren ca un bloc rigid care alunec\u0103 pe un plan \u00eenclinat; mi\u0219carea are loc atunci c\u00e2nd accelera\u021bia orizontal\u0103 dep\u0103\u0219e\u0219te valoarea critic\u0103 kc care este calculat\u0103 printr-o analiz\u0103 pseudo-static\u0103. C\u00e2nd accelera\u021bia la sol scade sub aceast\u0103 valoare, mi\u0219carea continu\u0103 cu accelera\u021bia zero.<\/p>\n<p class=\"p_desc\" style=\"text-align: justify\">\u00cen plus, software-ul permite:<\/p>\n<ul style=\"text-align: justify\">\n<li>Importarea accelerogramelor din orice fi\u0219ier extern.<\/li>\n<li>Integrarea \u00een generarea automat\u0103 de accelerograme de proiectare.<\/li>\n<li>Calculul spectrului de r\u0103spuns al accelerogramei de proiectare.<\/li>\n<li>Calcularea spectrelor de r\u0103spuns conform normativei pentru starea limit\u0103 final\u0103 SLU, pentru starea limit\u0103 de deteriorare SLD \u0219i pentru starea limit\u0103 elastic\u0103, orizontal\u0103 \u0219i vertical\u0103.<\/li>\n<li>Suprapunerea spectrului de r\u0103spuns al accelorogramei de proiectare \u0219i a spectrului conform normativei pentru a stabili compatibilitatea.<\/li>\n<li>Furnizarea diagramelor de accelera\u021bie, vitez\u0103 \u0219i deplasare.<\/li>\n<li>Posibilitatea tip\u0103ririi \u0219i exportul tuturor graficelor.<\/li>\n<\/ul>\n<p style=\"text-align: justify\"><a href=\"https:\/\/help.geostru.eu\/slope\/ro\/modello_moto_sismico.htm\" target=\"_blank\" rel=\"noopener\">A se vedea, de asemenea, generarea accelerogramei<\/a><\/p>\n","protected":false},"excerpt":{"rendered":"<p style=\"text-align: justify\">QSIM permite efecturea analizei \u00een condi\u021bii dinamice cu metoda Newmark.<\/p>\n<p style=\"text-align: justify\">Software-ul permite ob\u021binerea tendin\u021bei de deplasare \u0219i viteza \u00een timpul fazei seismice \u0219i deplasarea permanent\u0103 maxim\u0103, de asemenea, este posibil s\u0103 se genereze accelerograme artificiale de proiect.<\/p>\n<blockquote><p><a href=\"https:\/\/youtu.be\/9dm_wqz-dsk\" target=\"_blank\" rel=\"noopener\">Video Tutorial<\/a><\/p><\/blockquote>\n","protected":false},"featured_media":128670,"comment_status":"closed","ping_status":"closed","template":"","meta":[],"product_cat":[202,530,85,83],"product_tag":[],"class_list":{"0":"post-128926","1":"product","2":"type-product","3":"status-publish","4":"has-post-thumbnail","6":"product_cat-software-ro","7":"product_cat-software-geologia-ro-2","8":"product_cat-geotehnica-si-geologie","9":"product_cat-geomecanica","10":"description-off","12":"first","13":"instock","14":"sale","15":"downloadable","16":"virtual","17":"sold-individually","18":"taxable","19":"purchasable","20":"product-type-licensed"},"yoast_head":"<!-- This site is optimized with the Yoast SEO Premium plugin v25.0 (Yoast SEO v25.0) - https:\/\/yoast.com\/wordpress\/plugins\/seo\/ -->\n<title>Analiza dinamic\u0103 \u00een geotehnic\u0103 \u2013 QSIM - GeoStru EU<\/title>\n<meta name=\"description\" content=\"QSIM permite efecturea analizei \u00een condi\u021bii dinamice cu metoda Newmark.\" \/>\n<meta name=\"robots\" content=\"index, follow, max-snippet:-1, max-image-preview:large, max-video-preview:-1\" \/>\n<link rel=\"canonical\" href=\"https:\/\/www.geostru.eu\/ro\/shop\/software-ro\/analiza-dinamica-in-geotehnica-qsim\/\" \/>\n<meta property=\"og:locale\" content=\"ro_RO\" \/>\n<meta property=\"og:type\" content=\"article\" \/>\n<meta property=\"og:title\" content=\"Analiza dinamic\u0103 \u00een geotehnic\u0103 \u2013 QSIM\" \/>\n<meta property=\"og:description\" content=\"QSIM permite efecturea analizei \u00een condi\u021bii dinamice cu metoda Newmark.\" \/>\n<meta property=\"og:url\" content=\"https:\/\/www.geostru.eu\/ro\/shop\/software-ro\/analiza-dinamica-in-geotehnica-qsim\/\" \/>\n<meta property=\"og:site_name\" content=\"GeoStru EU\" \/>\n<meta property=\"article:publisher\" content=\"https:\/\/www.facebook.com\/GeoStruSoftware\/\" \/>\n<meta property=\"article:modified_time\" content=\"2022-11-15T14:22:06+00:00\" \/>\n<meta property=\"og:image\" content=\"https:\/\/www.geostru.eu\/wp-content\/uploads\/2021\/07\/Risorsa-179.png\" \/>\n\t<meta property=\"og:image:width\" content=\"1200\" \/>\n\t<meta property=\"og:image:height\" content=\"630\" \/>\n\t<meta property=\"og:image:type\" content=\"image\/png\" \/>\n<meta name=\"twitter:card\" content=\"summary_large_image\" \/>\n<meta name=\"twitter:site\" content=\"@geostru\" \/>\n<meta name=\"twitter:label1\" content=\"Pre\u021b\" \/>\n\t<meta name=\"twitter:data1\" content=\"&euro;99.00 f\u0103r\u0103 TVA\" \/>\n\t<meta name=\"twitter:label2\" content=\"Disponibilitate\" \/>\n\t<meta name=\"twitter:data2\" content=\"\u00cen stoc\" \/>\n<script type=\"application\/ld+json\" class=\"yoast-schema-graph\">{\"@context\":\"https:\/\/schema.org\",\"@graph\":[{\"@type\":\"WebPage\",\"@id\":\"https:\/\/www.geostru.eu\/ro\/shop\/software-ro\/analiza-dinamica-in-geotehnica-qsim\/\",\"url\":\"https:\/\/www.geostru.eu\/ro\/shop\/software-ro\/analiza-dinamica-in-geotehnica-qsim\/\",\"name\":\"Analiza dinamic\u0103 \u00een geotehnic\u0103 \u2013 QSIM - GeoStru EU\",\"isPartOf\":{\"@id\":\"https:\/\/www.geostru.eu\/ro\/#website\"},\"primaryImageOfPage\":{\"@id\":\"https:\/\/www.geostru.eu\/ro\/shop\/software-ro\/analiza-dinamica-in-geotehnica-qsim\/#primaryimage\"},\"image\":{\"@id\":\"https:\/\/www.geostru.eu\/ro\/shop\/software-ro\/analiza-dinamica-in-geotehnica-qsim\/#primaryimage\"},\"thumbnailUrl\":\"https:\/\/www.geostru.eu\/wp-content\/uploads\/2021\/07\/qsim.gif\",\"datePublished\":\"2021-07-21T16:28:44+00:00\",\"dateModified\":\"2022-11-15T14:22:06+00:00\",\"description\":\"QSIM permite efecturea analizei \u00een condi\u021bii dinamice cu metoda Newmark.\",\"breadcrumb\":{\"@id\":\"https:\/\/www.geostru.eu\/ro\/shop\/software-ro\/analiza-dinamica-in-geotehnica-qsim\/#breadcrumb\"},\"inLanguage\":\"ro-RO\",\"potentialAction\":[{\"@type\":\"ReadAction\",\"target\":[\"https:\/\/www.geostru.eu\/ro\/shop\/software-ro\/analiza-dinamica-in-geotehnica-qsim\/\"]}]},{\"@type\":\"ImageObject\",\"inLanguage\":\"ro-RO\",\"@id\":\"https:\/\/www.geostru.eu\/ro\/shop\/software-ro\/analiza-dinamica-in-geotehnica-qsim\/#primaryimage\",\"url\":\"https:\/\/www.geostru.eu\/wp-content\/uploads\/2021\/07\/qsim.gif\",\"contentUrl\":\"https:\/\/www.geostru.eu\/wp-content\/uploads\/2021\/07\/qsim.gif\",\"width\":1920,\"height\":1028,\"caption\":\"Qsim -\"},{\"@type\":\"BreadcrumbList\",\"@id\":\"https:\/\/www.geostru.eu\/ro\/shop\/software-ro\/analiza-dinamica-in-geotehnica-qsim\/#breadcrumb\",\"itemListElement\":[{\"@type\":\"ListItem\",\"position\":1,\"name\":\"Home\",\"item\":\"https:\/\/www.geostru.eu\/ro\/\"},{\"@type\":\"ListItem\",\"position\":2,\"name\":\"Shop\",\"item\":\"https:\/\/www.geostru.eu\/shop\/?lang=ro\"},{\"@type\":\"ListItem\",\"position\":3,\"name\":\"Analiza dinamic\u0103 \u00een geotehnic\u0103 \u2013 QSIM\"}]},{\"@type\":\"WebSite\",\"@id\":\"https:\/\/www.geostru.eu\/ro\/#website\",\"url\":\"https:\/\/www.geostru.eu\/ro\/\",\"name\":\"GeoStru EU\",\"description\":\"Professionals at your service\",\"publisher\":{\"@id\":\"https:\/\/www.geostru.eu\/ro\/#organization\"},\"potentialAction\":[{\"@type\":\"SearchAction\",\"target\":{\"@type\":\"EntryPoint\",\"urlTemplate\":\"https:\/\/www.geostru.eu\/ro\/?s={search_term_string}\"},\"query-input\":{\"@type\":\"PropertyValueSpecification\",\"valueRequired\":true,\"valueName\":\"search_term_string\"}}],\"inLanguage\":\"ro-RO\"},{\"@type\":\"Organization\",\"@id\":\"https:\/\/www.geostru.eu\/ro\/#organization\",\"name\":\"GeoStru EU\",\"url\":\"https:\/\/www.geostru.eu\/ro\/\",\"logo\":{\"@type\":\"ImageObject\",\"inLanguage\":\"ro-RO\",\"@id\":\"https:\/\/www.geostru.eu\/ro\/#\/schema\/logo\/image\/\",\"url\":\"https:\/\/www.geostru.eu\/wp-content\/uploads\/2023\/02\/LOGO_GEOSTRU_educational_banner.png\",\"contentUrl\":\"https:\/\/www.geostru.eu\/wp-content\/uploads\/2023\/02\/LOGO_GEOSTRU_educational_banner.png\",\"width\":363,\"height\":115,\"caption\":\"GeoStru EU\"},\"image\":{\"@id\":\"https:\/\/www.geostru.eu\/ro\/#\/schema\/logo\/image\/\"},\"sameAs\":[\"https:\/\/www.facebook.com\/GeoStruSoftware\/\",\"https:\/\/x.com\/geostru\",\"https:\/\/www.linkedin.com\/company\/2462488\/admin\/\",\"https:\/\/www.instagram.com\/geostru\/\"]}]}<\/script>\n<meta property=\"product:brand\" content=\"Software\" \/>\n<meta property=\"product:price:amount\" content=\"99.00\" \/>\n<meta property=\"product:price:currency\" content=\"EUR\" \/>\n<meta property=\"og:availability\" content=\"instock\" \/>\n<meta property=\"product:availability\" content=\"instock\" \/>\n<meta property=\"product:retailer_item_id\" content=\"72\" \/>\n<meta property=\"product:condition\" content=\"new\" \/>\n<!-- \/ Yoast SEO Premium plugin. -->","yoast_head_json":{"title":"Analiza dinamic\u0103 \u00een geotehnic\u0103 \u2013 QSIM - GeoStru EU","description":"QSIM permite efecturea analizei \u00een condi\u021bii dinamice cu metoda Newmark.","robots":{"index":"index","follow":"follow","max-snippet":"max-snippet:-1","max-image-preview":"max-image-preview:large","max-video-preview":"max-video-preview:-1"},"canonical":"https:\/\/www.geostru.eu\/ro\/shop\/software-ro\/analiza-dinamica-in-geotehnica-qsim\/","og_locale":"ro_RO","og_type":"article","og_title":"Analiza dinamic\u0103 \u00een geotehnic\u0103 \u2013 QSIM","og_description":"QSIM permite efecturea analizei \u00een condi\u021bii dinamice cu metoda Newmark.","og_url":"https:\/\/www.geostru.eu\/ro\/shop\/software-ro\/analiza-dinamica-in-geotehnica-qsim\/","og_site_name":"GeoStru EU","article_publisher":"https:\/\/www.facebook.com\/GeoStruSoftware\/","article_modified_time":"2022-11-15T14:22:06+00:00","og_image":[{"width":1200,"height":630,"url":"https:\/\/www.geostru.eu\/wp-content\/uploads\/2021\/07\/Risorsa-179.png","type":"image\/png"}],"twitter_card":"summary_large_image","twitter_site":"@geostru","twitter_misc":{"Pre\u021b":"&euro;99.00 f\u0103r\u0103 TVA","Disponibilitate":"\u00cen stoc"},"schema":{"@context":"https:\/\/schema.org","@graph":[{"@type":"WebPage","@id":"https:\/\/www.geostru.eu\/ro\/shop\/software-ro\/analiza-dinamica-in-geotehnica-qsim\/","url":"https:\/\/www.geostru.eu\/ro\/shop\/software-ro\/analiza-dinamica-in-geotehnica-qsim\/","name":"Analiza dinamic\u0103 \u00een geotehnic\u0103 \u2013 QSIM - GeoStru EU","isPartOf":{"@id":"https:\/\/www.geostru.eu\/ro\/#website"},"primaryImageOfPage":{"@id":"https:\/\/www.geostru.eu\/ro\/shop\/software-ro\/analiza-dinamica-in-geotehnica-qsim\/#primaryimage"},"image":{"@id":"https:\/\/www.geostru.eu\/ro\/shop\/software-ro\/analiza-dinamica-in-geotehnica-qsim\/#primaryimage"},"thumbnailUrl":"https:\/\/www.geostru.eu\/wp-content\/uploads\/2021\/07\/qsim.gif","datePublished":"2021-07-21T16:28:44+00:00","dateModified":"2022-11-15T14:22:06+00:00","description":"QSIM permite efecturea analizei \u00een condi\u021bii dinamice cu metoda Newmark.","breadcrumb":{"@id":"https:\/\/www.geostru.eu\/ro\/shop\/software-ro\/analiza-dinamica-in-geotehnica-qsim\/#breadcrumb"},"inLanguage":"ro-RO","potentialAction":[{"@type":"ReadAction","target":["https:\/\/www.geostru.eu\/ro\/shop\/software-ro\/analiza-dinamica-in-geotehnica-qsim\/"]}]},{"@type":"ImageObject","inLanguage":"ro-RO","@id":"https:\/\/www.geostru.eu\/ro\/shop\/software-ro\/analiza-dinamica-in-geotehnica-qsim\/#primaryimage","url":"https:\/\/www.geostru.eu\/wp-content\/uploads\/2021\/07\/qsim.gif","contentUrl":"https:\/\/www.geostru.eu\/wp-content\/uploads\/2021\/07\/qsim.gif","width":1920,"height":1028,"caption":"Qsim -"},{"@type":"BreadcrumbList","@id":"https:\/\/www.geostru.eu\/ro\/shop\/software-ro\/analiza-dinamica-in-geotehnica-qsim\/#breadcrumb","itemListElement":[{"@type":"ListItem","position":1,"name":"Home","item":"https:\/\/www.geostru.eu\/ro\/"},{"@type":"ListItem","position":2,"name":"Shop","item":"https:\/\/www.geostru.eu\/shop\/?lang=ro"},{"@type":"ListItem","position":3,"name":"Analiza dinamic\u0103 \u00een geotehnic\u0103 \u2013 QSIM"}]},{"@type":"WebSite","@id":"https:\/\/www.geostru.eu\/ro\/#website","url":"https:\/\/www.geostru.eu\/ro\/","name":"GeoStru EU","description":"Professionals at your service","publisher":{"@id":"https:\/\/www.geostru.eu\/ro\/#organization"},"potentialAction":[{"@type":"SearchAction","target":{"@type":"EntryPoint","urlTemplate":"https:\/\/www.geostru.eu\/ro\/?s={search_term_string}"},"query-input":{"@type":"PropertyValueSpecification","valueRequired":true,"valueName":"search_term_string"}}],"inLanguage":"ro-RO"},{"@type":"Organization","@id":"https:\/\/www.geostru.eu\/ro\/#organization","name":"GeoStru EU","url":"https:\/\/www.geostru.eu\/ro\/","logo":{"@type":"ImageObject","inLanguage":"ro-RO","@id":"https:\/\/www.geostru.eu\/ro\/#\/schema\/logo\/image\/","url":"https:\/\/www.geostru.eu\/wp-content\/uploads\/2023\/02\/LOGO_GEOSTRU_educational_banner.png","contentUrl":"https:\/\/www.geostru.eu\/wp-content\/uploads\/2023\/02\/LOGO_GEOSTRU_educational_banner.png","width":363,"height":115,"caption":"GeoStru EU"},"image":{"@id":"https:\/\/www.geostru.eu\/ro\/#\/schema\/logo\/image\/"},"sameAs":["https:\/\/www.facebook.com\/GeoStruSoftware\/","https:\/\/x.com\/geostru","https:\/\/www.linkedin.com\/company\/2462488\/admin\/","https:\/\/www.instagram.com\/geostru\/"]}]},"product_brand":"Software","product_price_amount":"99.00","product_price_currency":"EUR","og_availability":"instock","product_availability":"instock","product_retailer_item_id":"72","product_condition":"new"},"_links":{"self":[{"href":"https:\/\/www.geostru.eu\/ro\/wp-json\/wp\/v2\/product\/128926"}],"collection":[{"href":"https:\/\/www.geostru.eu\/ro\/wp-json\/wp\/v2\/product"}],"about":[{"href":"https:\/\/www.geostru.eu\/ro\/wp-json\/wp\/v2\/types\/product"}],"replies":[{"embeddable":true,"href":"https:\/\/www.geostru.eu\/ro\/wp-json\/wp\/v2\/comments?post=128926"}],"wp:featuredmedia":[{"embeddable":true,"href":"https:\/\/www.geostru.eu\/ro\/wp-json\/wp\/v2\/media\/128670"}],"wp:attachment":[{"href":"https:\/\/www.geostru.eu\/ro\/wp-json\/wp\/v2\/media?parent=128926"}],"wp:term":[{"taxonomy":"product_cat","embeddable":true,"href":"https:\/\/www.geostru.eu\/ro\/wp-json\/wp\/v2\/product_cat?post=128926"},{"taxonomy":"product_tag","embeddable":true,"href":"https:\/\/www.geostru.eu\/ro\/wp-json\/wp\/v2\/product_tag?post=128926"}],"curies":[{"name":"wp","href":"https:\/\/api.w.org\/{rel}","templated":true}]}}