{"id":128066,"date":"2021-06-18T17:46:03","date_gmt":"2021-06-18T15:46:03","guid":{"rendered":"https:\/\/www.geostru.eu\/shop\/fara-categorie\/assistenza-gold\/"},"modified":"2023-09-20T08:27:48","modified_gmt":"2023-09-20T06:27:48","slug":"assistenza-gold","status":"publish","type":"product","link":"https:\/\/www.geostru.eu\/ro\/shop\/suport-ro\/assistenza-gold\/","title":{"rendered":"Asisten\u021ba GOLD"},"content":{"rendered":"<p style=\"text-align: justify;\">Suportul de baz\u0103 (furnizat prin intermediul tichetelor cu notific\u0103ri prin e-mail) este inclus \u00een pre\u021bul tuturor software-urilor GEOSTRU.\u00a0Pentru a contacta Serviciul de Asisten\u021b\u0103 GEOSTRU \u0219i pentru a primi asisten\u021b\u0103 tehnic\u0103 gratuit\u0103, v\u0103 rug\u0103m s\u0103 accesa\u021bi aceast\u0103 sec\u021biune, s\u0103 selecta\u021bi op\u021biunea &#8222;Trimite\u021bi un Tichet&#8221; \u0219i s\u0103 completa\u021bi toate p\u0103r\u021bile solicit\u0103rii.<\/p>\n<p style=\"text-align: justify;\">Timpul de r\u0103spuns a\u0219teptat: aproximativ 3 zile lucr\u0103toare de la trimiterea solicit\u0103rii. Serviciul de asisten\u021b\u0103 este rezervat pentru rezolvarea problemelor tehnice legate de programe. Pentru mai multe informa\u021bii, face\u021bi clic aici.<\/p>\n<p style=\"text-align: justify;\">ASISTEN\u021aA AVANSAT\u0102 CONTRACOST<\/p>\n<p style=\"text-align: justify;\">Serviciul de asisten\u021b\u0103 dedicat PROFESIONI\u0218TILOR care solicit\u0103 asisten\u021b\u0103 tehnic\u0103 cu privire la produsele noastre, crearea de intr\u0103ri, clarificarea rezultatelor \u0219i dezvoltarea \u00eentregilor proiecte. Aceast\u0103 asisten\u021b\u0103 implic\u0103 un angajament la nivel de proiect \u0219i consultan\u021b\u0103 mai detaliat\u0103. Va fi gestionat\u0103 de personalul nostru tehnic, \u0219i, \u00een cazul \u00een care este necesar, se va propune o cot\u0103. Pentru a gestiona mai bine solicitarea dvs., v\u0103 rug\u0103m s\u0103 trimite\u021bi o scurt\u0103 descriere a nevoilor dvs. la adresa <a href=\"mailto:info@geostru.eu\" target=\"_new\" rel=\"noopener\">info@geostru.eu<\/a>, astfel \u00eenc\u00e2t s\u0103 putem activa resursa intern\u0103 cea mai potrivit\u0103 \u0219i s\u0103 stabilim intervalul de timp necesar pentru a finaliza solicitarea.<\/p>\n<p>Pentru evaluare:<\/p>\n<p>\u00cen primul r\u00e2nd, personalul nostru va prelua solicitarea dvs. \u0219i va evalua tipul de asisten\u021b\u0103 necesar. Doar dup\u0103 evaluarea solicit\u0103rii, v\u0103 vom trimite o confirmare prin e-mail a costului suportului de baz\u0103 sau v\u0103 vom propune suma de asisten\u021b\u0103 corespunz\u0103toare \u00eentreb\u0103rii tehnice depuse. Pentru \u00eentreb\u0103ri, v\u0103 rug\u0103m s\u0103 ne trimite\u021bi un e-mail la <a href=\"mailto:info@geostru.eu\" target=\"_new\" rel=\"noopener\">info@geostru.eu<\/a>.<\/p>\n","protected":false},"excerpt":{"rendered":"<p style=\"text-align: justify;\">Suportul de baz\u0103 (furnizat prin intermediul tichetelor cu notific\u0103ri prin e-mail) este inclus \u00een pre\u021bul tuturor software-urilor GEOSTRU.\u00a0Pentru a contacta Serviciul de Asisten\u021b\u0103 GEOSTRU \u0219i pentru a primi asisten\u021b\u0103 tehnic\u0103 gratuit\u0103, v\u0103 rug\u0103m s\u0103 accesa\u021bi aceast\u0103 sec\u021biune, s\u0103 selecta\u021bi op\u021biunea &#8222;Trimite\u021bi un Tichet&#8221; \u0219i s\u0103 completa\u021bi toate p\u0103r\u021bile solicit\u0103rii.<\/p>\n<p style=\"text-align: justify;\">Timpul de r\u0103spuns a\u0219teptat: aproximativ 3 zile lucr\u0103toare de la trimiterea solicit\u0103rii. Serviciul de asisten\u021b\u0103 este rezervat pentru rezolvarea problemelor tehnice legate de programe. Pentru mai multe informa\u021bii, face\u021bi clic aici.<\/p>\n<p style=\"text-align: justify;\">ASISTEN\u021aA AVANSAT\u0102 CONTRACOST<\/p>\n<p style=\"text-align: justify;\">Serviciul de asisten\u021b\u0103 dedicat PROFESIONI\u0218TILOR care solicit\u0103 asisten\u021b\u0103 tehnic\u0103 cu privire la produsele noastre, crearea de intr\u0103ri, clarificarea rezultatelor \u0219i dezvoltarea \u00eentregilor proiecte. Aceast\u0103 asisten\u021b\u0103 implic\u0103 un angajament la nivel de proiect \u0219i consultan\u021b\u0103 mai detaliat\u0103. Va fi gestionat\u0103 de personalul nostru tehnic, \u0219i, \u00een cazul \u00een care este necesar, se va propune o cot\u0103. Pentru a gestiona mai bine solicitarea dvs., v\u0103 rug\u0103m s\u0103 trimite\u021bi o scurt\u0103 descriere a nevoilor dvs. la adresa <a href=\"mailto:info@geostru.eu\" target=\"_new\" rel=\"noopener\">info@geostru.eu<\/a>, astfel \u00eenc\u00e2t s\u0103 putem activa resursa intern\u0103 cea mai potrivit\u0103 \u0219i s\u0103 stabilim intervalul de timp necesar pentru a finaliza solicitarea.<\/p>\n<p>Pentru evaluare:<\/p>\n<p>\u00cen primul r\u00e2nd, personalul nostru va prelua solicitarea dvs. \u0219i va evalua tipul de asisten\u021b\u0103 necesar. Doar dup\u0103 evaluarea solicit\u0103rii, v\u0103 vom trimite o confirmare prin e-mail a costului suportului de baz\u0103 sau v\u0103 vom propune suma de asisten\u021b\u0103 corespunz\u0103toare \u00eentreb\u0103rii tehnice depuse. Pentru \u00eentreb\u0103ri, v\u0103 rug\u0103m s\u0103 ne trimite\u021bi un e-mail la <a href=\"mailto:info@geostru.eu\" target=\"_new\" rel=\"noopener\">info@geostru.eu<\/a>.<\/p>\n","protected":false},"featured_media":139047,"comment_status":"closed","ping_status":"closed","template":"","meta":[],"product_cat":[13277],"product_tag":[13278],"class_list":{"0":"post-128066","1":"product","2":"type-product","3":"status-publish","4":"has-post-thumbnail","6":"product_cat-suport-ro","7":"product_tag-assistenza-gold-ro","8":"description-off","10":"first","11":"instock","12":"taxable","13":"shipping-taxable","14":"product-type-external"},"yoast_head":"<!-- This site is optimized with the Yoast SEO Premium plugin v25.0 (Yoast SEO v25.0) - https:\/\/yoast.com\/wordpress\/plugins\/seo\/ -->\n<title>Asisten\u021ba GOLD - GeoStru EU<\/title>\n<meta name=\"description\" content=\"Serviciul de asisten\u021b\u0103 dedicat PROFESIONISTULUI care are nevoie de asisten\u021b\u0103 tehnic\u0103 privind produsele \u0219i clarificarea rezultatelor\" \/>\n<meta name=\"robots\" content=\"index, follow, max-snippet:-1, max-image-preview:large, max-video-preview:-1\" \/>\n<link rel=\"canonical\" href=\"https:\/\/www.geostru.eu\/ro\/shop\/suport-ro\/assistenza-gold\/\" \/>\n<meta property=\"og:locale\" content=\"ro_RO\" \/>\n<meta property=\"og:type\" content=\"article\" \/>\n<meta property=\"og:title\" content=\"Asisten\u021ba GOLD\" \/>\n<meta property=\"og:description\" content=\"Serviciul de asisten\u021b\u0103 dedicat PROFESIONISTULUI care are nevoie de asisten\u021b\u0103 tehnic\u0103 privind produsele \u0219i clarificarea rezultatelor\" \/>\n<meta property=\"og:url\" content=\"https:\/\/www.geostru.eu\/ro\/shop\/suport-ro\/assistenza-gold\/\" \/>\n<meta property=\"og:site_name\" content=\"GeoStru EU\" \/>\n<meta property=\"article:publisher\" content=\"https:\/\/www.facebook.com\/GeoStruSoftware\/\" \/>\n<meta property=\"article:modified_time\" content=\"2023-09-20T06:27:48+00:00\" \/>\n<meta property=\"og:image\" content=\"https:\/\/www.geostru.eu\/wp-content\/uploads\/2021\/06\/support-gold.png\" \/>\n\t<meta property=\"og:image:width\" content=\"750\" \/>\n\t<meta property=\"og:image:height\" content=\"400\" \/>\n\t<meta property=\"og:image:type\" content=\"image\/png\" \/>\n<meta name=\"twitter:card\" content=\"summary_large_image\" \/>\n<meta name=\"twitter:site\" content=\"@geostru\" \/>\n<meta name=\"twitter:label1\" content=\"Pre\u021b\" \/>\n\t<meta name=\"twitter:data1\" content=\"\" \/>\n\t<meta name=\"twitter:label2\" content=\"Disponibilitate\" \/>\n\t<meta name=\"twitter:data2\" content=\"\u00cen stoc\" \/>\n<script type=\"application\/ld+json\" class=\"yoast-schema-graph\">{\"@context\":\"https:\/\/schema.org\",\"@graph\":[{\"@type\":\"WebPage\",\"@id\":\"https:\/\/www.geostru.eu\/ro\/shop\/suport-ro\/assistenza-gold\/\",\"url\":\"https:\/\/www.geostru.eu\/ro\/shop\/suport-ro\/assistenza-gold\/\",\"name\":\"Asisten\u021ba GOLD - GeoStru EU\",\"isPartOf\":{\"@id\":\"https:\/\/www.geostru.eu\/ro\/#website\"},\"primaryImageOfPage\":{\"@id\":\"https:\/\/www.geostru.eu\/ro\/shop\/suport-ro\/assistenza-gold\/#primaryimage\"},\"image\":{\"@id\":\"https:\/\/www.geostru.eu\/ro\/shop\/suport-ro\/assistenza-gold\/#primaryimage\"},\"thumbnailUrl\":\"https:\/\/www.geostru.eu\/wp-content\/uploads\/2021\/06\/support-gold.png\",\"datePublished\":\"2021-06-18T15:46:03+00:00\",\"dateModified\":\"2023-09-20T06:27:48+00:00\",\"description\":\"Serviciul de asisten\u021b\u0103 dedicat PROFESIONISTULUI care are nevoie de asisten\u021b\u0103 tehnic\u0103 privind produsele \u0219i clarificarea rezultatelor\",\"breadcrumb\":{\"@id\":\"https:\/\/www.geostru.eu\/ro\/shop\/suport-ro\/assistenza-gold\/#breadcrumb\"},\"inLanguage\":\"ro-RO\",\"potentialAction\":[{\"@type\":\"ReadAction\",\"target\":[\"https:\/\/www.geostru.eu\/ro\/shop\/suport-ro\/assistenza-gold\/\"]}]},{\"@type\":\"ImageObject\",\"inLanguage\":\"ro-RO\",\"@id\":\"https:\/\/www.geostru.eu\/ro\/shop\/suport-ro\/assistenza-gold\/#primaryimage\",\"url\":\"https:\/\/www.geostru.eu\/wp-content\/uploads\/2021\/06\/support-gold.png\",\"contentUrl\":\"https:\/\/www.geostru.eu\/wp-content\/uploads\/2021\/06\/support-gold.png\",\"width\":750,\"height\":400},{\"@type\":\"BreadcrumbList\",\"@id\":\"https:\/\/www.geostru.eu\/ro\/shop\/suport-ro\/assistenza-gold\/#breadcrumb\",\"itemListElement\":[{\"@type\":\"ListItem\",\"position\":1,\"name\":\"Home\",\"item\":\"https:\/\/www.geostru.eu\/ro\/\"},{\"@type\":\"ListItem\",\"position\":2,\"name\":\"Shop\",\"item\":\"https:\/\/www.geostru.eu\/shop\/?lang=ro\"},{\"@type\":\"ListItem\",\"position\":3,\"name\":\"Asisten\u021ba GOLD\"}]},{\"@type\":\"WebSite\",\"@id\":\"https:\/\/www.geostru.eu\/ro\/#website\",\"url\":\"https:\/\/www.geostru.eu\/ro\/\",\"name\":\"GeoStru EU\",\"description\":\"Professionals at your service\",\"publisher\":{\"@id\":\"https:\/\/www.geostru.eu\/ro\/#organization\"},\"potentialAction\":[{\"@type\":\"SearchAction\",\"target\":{\"@type\":\"EntryPoint\",\"urlTemplate\":\"https:\/\/www.geostru.eu\/ro\/?s={search_term_string}\"},\"query-input\":{\"@type\":\"PropertyValueSpecification\",\"valueRequired\":true,\"valueName\":\"search_term_string\"}}],\"inLanguage\":\"ro-RO\"},{\"@type\":\"Organization\",\"@id\":\"https:\/\/www.geostru.eu\/ro\/#organization\",\"name\":\"GeoStru EU\",\"url\":\"https:\/\/www.geostru.eu\/ro\/\",\"logo\":{\"@type\":\"ImageObject\",\"inLanguage\":\"ro-RO\",\"@id\":\"https:\/\/www.geostru.eu\/ro\/#\/schema\/logo\/image\/\",\"url\":\"https:\/\/www.geostru.eu\/wp-content\/uploads\/2023\/02\/LOGO_GEOSTRU_educational_banner.png\",\"contentUrl\":\"https:\/\/www.geostru.eu\/wp-content\/uploads\/2023\/02\/LOGO_GEOSTRU_educational_banner.png\",\"width\":363,\"height\":115,\"caption\":\"GeoStru EU\"},\"image\":{\"@id\":\"https:\/\/www.geostru.eu\/ro\/#\/schema\/logo\/image\/\"},\"sameAs\":[\"https:\/\/www.facebook.com\/GeoStruSoftware\/\",\"https:\/\/x.com\/geostru\",\"https:\/\/www.linkedin.com\/company\/2462488\/admin\/\",\"https:\/\/www.instagram.com\/geostru\/\"]}]}<\/script>\n<meta property=\"product:brand\" content=\"Suport\" \/>\n<meta property=\"product:price:amount\" content=\"0.00\" \/>\n<meta property=\"product:price:currency\" content=\"EUR\" \/>\n<meta property=\"og:availability\" content=\"instock\" \/>\n<meta property=\"product:availability\" content=\"instock\" \/>\n<meta property=\"product:retailer_item_id\" content=\"71\" \/>\n<meta property=\"product:condition\" content=\"new\" \/>\n<!-- \/ Yoast SEO Premium plugin. -->","yoast_head_json":{"title":"Asisten\u021ba GOLD - GeoStru EU","description":"Serviciul de asisten\u021b\u0103 dedicat PROFESIONISTULUI care are nevoie de asisten\u021b\u0103 tehnic\u0103 privind produsele \u0219i clarificarea rezultatelor","robots":{"index":"index","follow":"follow","max-snippet":"max-snippet:-1","max-image-preview":"max-image-preview:large","max-video-preview":"max-video-preview:-1"},"canonical":"https:\/\/www.geostru.eu\/ro\/shop\/suport-ro\/assistenza-gold\/","og_locale":"ro_RO","og_type":"article","og_title":"Asisten\u021ba GOLD","og_description":"Serviciul de asisten\u021b\u0103 dedicat PROFESIONISTULUI care are nevoie de asisten\u021b\u0103 tehnic\u0103 privind produsele \u0219i clarificarea rezultatelor","og_url":"https:\/\/www.geostru.eu\/ro\/shop\/suport-ro\/assistenza-gold\/","og_site_name":"GeoStru EU","article_publisher":"https:\/\/www.facebook.com\/GeoStruSoftware\/","article_modified_time":"2023-09-20T06:27:48+00:00","og_image":[{"width":750,"height":400,"url":"https:\/\/www.geostru.eu\/wp-content\/uploads\/2021\/06\/support-gold.png","type":"image\/png"}],"twitter_card":"summary_large_image","twitter_site":"@geostru","twitter_misc":{"Pre\u021b":"","Disponibilitate":"\u00cen stoc"},"schema":{"@context":"https:\/\/schema.org","@graph":[{"@type":"WebPage","@id":"https:\/\/www.geostru.eu\/ro\/shop\/suport-ro\/assistenza-gold\/","url":"https:\/\/www.geostru.eu\/ro\/shop\/suport-ro\/assistenza-gold\/","name":"Asisten\u021ba GOLD - GeoStru EU","isPartOf":{"@id":"https:\/\/www.geostru.eu\/ro\/#website"},"primaryImageOfPage":{"@id":"https:\/\/www.geostru.eu\/ro\/shop\/suport-ro\/assistenza-gold\/#primaryimage"},"image":{"@id":"https:\/\/www.geostru.eu\/ro\/shop\/suport-ro\/assistenza-gold\/#primaryimage"},"thumbnailUrl":"https:\/\/www.geostru.eu\/wp-content\/uploads\/2021\/06\/support-gold.png","datePublished":"2021-06-18T15:46:03+00:00","dateModified":"2023-09-20T06:27:48+00:00","description":"Serviciul de asisten\u021b\u0103 dedicat PROFESIONISTULUI care are nevoie de asisten\u021b\u0103 tehnic\u0103 privind produsele \u0219i clarificarea rezultatelor","breadcrumb":{"@id":"https:\/\/www.geostru.eu\/ro\/shop\/suport-ro\/assistenza-gold\/#breadcrumb"},"inLanguage":"ro-RO","potentialAction":[{"@type":"ReadAction","target":["https:\/\/www.geostru.eu\/ro\/shop\/suport-ro\/assistenza-gold\/"]}]},{"@type":"ImageObject","inLanguage":"ro-RO","@id":"https:\/\/www.geostru.eu\/ro\/shop\/suport-ro\/assistenza-gold\/#primaryimage","url":"https:\/\/www.geostru.eu\/wp-content\/uploads\/2021\/06\/support-gold.png","contentUrl":"https:\/\/www.geostru.eu\/wp-content\/uploads\/2021\/06\/support-gold.png","width":750,"height":400},{"@type":"BreadcrumbList","@id":"https:\/\/www.geostru.eu\/ro\/shop\/suport-ro\/assistenza-gold\/#breadcrumb","itemListElement":[{"@type":"ListItem","position":1,"name":"Home","item":"https:\/\/www.geostru.eu\/ro\/"},{"@type":"ListItem","position":2,"name":"Shop","item":"https:\/\/www.geostru.eu\/shop\/?lang=ro"},{"@type":"ListItem","position":3,"name":"Asisten\u021ba GOLD"}]},{"@type":"WebSite","@id":"https:\/\/www.geostru.eu\/ro\/#website","url":"https:\/\/www.geostru.eu\/ro\/","name":"GeoStru EU","description":"Professionals at your service","publisher":{"@id":"https:\/\/www.geostru.eu\/ro\/#organization"},"potentialAction":[{"@type":"SearchAction","target":{"@type":"EntryPoint","urlTemplate":"https:\/\/www.geostru.eu\/ro\/?s={search_term_string}"},"query-input":{"@type":"PropertyValueSpecification","valueRequired":true,"valueName":"search_term_string"}}],"inLanguage":"ro-RO"},{"@type":"Organization","@id":"https:\/\/www.geostru.eu\/ro\/#organization","name":"GeoStru EU","url":"https:\/\/www.geostru.eu\/ro\/","logo":{"@type":"ImageObject","inLanguage":"ro-RO","@id":"https:\/\/www.geostru.eu\/ro\/#\/schema\/logo\/image\/","url":"https:\/\/www.geostru.eu\/wp-content\/uploads\/2023\/02\/LOGO_GEOSTRU_educational_banner.png","contentUrl":"https:\/\/www.geostru.eu\/wp-content\/uploads\/2023\/02\/LOGO_GEOSTRU_educational_banner.png","width":363,"height":115,"caption":"GeoStru EU"},"image":{"@id":"https:\/\/www.geostru.eu\/ro\/#\/schema\/logo\/image\/"},"sameAs":["https:\/\/www.facebook.com\/GeoStruSoftware\/","https:\/\/x.com\/geostru","https:\/\/www.linkedin.com\/company\/2462488\/admin\/","https:\/\/www.instagram.com\/geostru\/"]}]},"product_brand":"Suport","product_price_amount":"0.00","product_price_currency":"EUR","og_availability":"instock","product_availability":"instock","product_retailer_item_id":"71","product_condition":"new"},"_links":{"self":[{"href":"https:\/\/www.geostru.eu\/ro\/wp-json\/wp\/v2\/product\/128066"}],"collection":[{"href":"https:\/\/www.geostru.eu\/ro\/wp-json\/wp\/v2\/product"}],"about":[{"href":"https:\/\/www.geostru.eu\/ro\/wp-json\/wp\/v2\/types\/product"}],"replies":[{"embeddable":true,"href":"https:\/\/www.geostru.eu\/ro\/wp-json\/wp\/v2\/comments?post=128066"}],"wp:featuredmedia":[{"embeddable":true,"href":"https:\/\/www.geostru.eu\/ro\/wp-json\/wp\/v2\/media\/139047"}],"wp:attachment":[{"href":"https:\/\/www.geostru.eu\/ro\/wp-json\/wp\/v2\/media?parent=128066"}],"wp:term":[{"taxonomy":"product_cat","embeddable":true,"href":"https:\/\/www.geostru.eu\/ro\/wp-json\/wp\/v2\/product_cat?post=128066"},{"taxonomy":"product_tag","embeddable":true,"href":"https:\/\/www.geostru.eu\/ro\/wp-json\/wp\/v2\/product_tag?post=128066"}],"curies":[{"name":"wp","href":"https:\/\/api.w.org\/{rel}","templated":true}]}}