{"id":123452,"date":"2020-11-11T16:03:55","date_gmt":"2020-11-11T15:03:55","guid":{"rendered":"https:\/\/www.geostru.eu\/shop\/fara-categorie\/well-foundation\/"},"modified":"2023-01-25T08:30:49","modified_gmt":"2023-01-25T07:30:49","slug":"well-foundation","status":"publish","type":"product","link":"https:\/\/www.geostru.eu\/ro\/shop\/software-ro\/well-foundation\/","title":{"rendered":"Pu\u021buri structurale &#8211; Well Foundation"},"content":{"rendered":"<div class=\"wpb-content-wrapper\"><p>[vc_row][vc_column][vc_column_text]<\/p>\n<p style=\"text-align: justify\"><strong>Pu\u021buri structurale<\/strong> &#8211; Well Foundation: Efectueaz\u0103 calculul unui pu\u021b de sec\u021biune (circular\u0103 sau dreptunghiular\u0103) \u0219i lungime predeterminat\u0103, solicitat de un sistem definit de for\u021be externe care ac\u021bioneaz\u0103 la capul pu\u021bului, \u0219i de reac\u021biile solului de-a lungul tulpinii \u0219i la baz\u0103.<\/p>\n<p style=\"text-align: justify\">Algoritmul de calcul utilizeaz\u0103 o schem\u0103 de interac\u021biune Winkler, care este capabil\u0103 s\u0103 ia \u00een considerare non-liniaritatea comportamentului solului.<\/p>\n<p style=\"text-align: justify\">Calculul poate fi efectuat pentru pu\u021buri cufundate \u00een soluri omogene \u0219i \u00een soluri stratificate, at\u00e2t ca o lucrare de funda\u021bie de picior de poduri \u0219i viaducte, c\u00e2t \u0219i ca o lucrare de sprijin \u0219i stabilizare a unui versant, iar pentru ultima condi\u021bie este posibil s\u0103 se \u021bin\u0103 seama de diferite tipuri de tiran\u021bi.<\/p>\n<p style=\"text-align: justify\">Cu Well Foundation este posibil\u0103 realizarea dimension\u0103rii lucr\u0103rilor de sus\u021binere, a excav\u0103rii, \u0219i a verific\u0103rilor structurale ale componentelor aferente.<\/p>\n<p style=\"text-align: justify\">\u00cen plus, pentru pu\u021buri construite sub p\u00e2nza freatic\u0103, se realizeaz\u0103 dimensionarea pl\u0103cii inferioare pentru contrastul subtrac\u021biunii hidraulice.<\/p>\n<ul style=\"text-align: justify\">\n<li>Dimensionarea lucr\u0103rilor de sprijin pentru excavare;<\/li>\n<li>Deplasarea orizontal\u0103 a pu\u021bului;<\/li>\n<li>Distribu\u021bia solicit\u0103rilor interne;<\/li>\n<li>Reac\u021biile solului, de-a lungul tulpinii \u0219i la baz\u0103;<\/li>\n<li>Rota\u021bia \u0219i tasarea bazei pu\u021bului;<\/li>\n<li>Dimensionarea bufferului inferior;<\/li>\n<li>Verificarea flotabilit\u0103\u021bii;<\/li>\n<li>Verificarea capacit\u0103\u021bii portante;<\/li>\n<li>Verifica\u021bi prezen\u021ba nervurilor de contrast;<\/li>\n<li>Verificarea micropilo\u021bilor.<\/li>\n<\/ul>\n<p style=\"text-align: justify\">Printre func\u021biile Well Foundation se afl\u0103 localizarea \u0219i importul automat al parametrilor seismici, de asemenea, este posibil\u0103 realizarea unui raport de calcul detaliat.<\/p>\n<p>[\/vc_column_text][\/vc_column][\/vc_row]<\/p>\n<\/div>","protected":false},"excerpt":{"rendered":"<p style=\"text-align: justify\">Software pentru proiectarea \u0219i calculul de pu\u021buri structurale \u00een conformitate cu NTC \u0219i Eurocode.<\/p>\n<p style=\"text-align: justify\">Calculeaz\u0103 starea de solicitare care ac\u021bioneaz\u0103 asupra pu\u021bului, rota\u021bia \u0219i deplas\u0103rile \u0219i reac\u021biile solului de-a lungul tulpinii \u0219i la baz\u0103, efectueaz\u0103, de asemenea, realizeaz\u0103 dimensionarea lucr\u0103rilor de sus\u021binere pentru excavare \u0219i a tamponului de funda\u021bie \u0219i efectueaz\u0103 toate verific\u0103rile cerute de legisla\u021bia actual\u0103, \u00een condi\u021bii statice \u0219i seismice.<\/p>\n","protected":false},"featured_media":123448,"comment_status":"open","ping_status":"closed","template":"","meta":[],"product_cat":[202,530,89,85],"product_tag":[13242],"class_list":{"0":"post-123452","1":"product","2":"type-product","3":"status-publish","4":"has-post-thumbnail","6":"product_cat-software-ro","7":"product_cat-software-geologia-ro-2","8":"product_cat-structuri","9":"product_cat-geotehnica-si-geologie","10":"product_tag-well-foundation-ro","11":"description-off","13":"first","14":"instock","15":"downloadable","16":"virtual","17":"sold-individually","18":"taxable","19":"purchasable","20":"product-type-licensed"},"yoast_head":"<!-- This site is optimized with the Yoast SEO Premium plugin v25.0 (Yoast SEO v25.0) - https:\/\/yoast.com\/wordpress\/plugins\/seo\/ -->\n<title>Pu\u021buri structurale - Well Foundation - GeoStru EU<\/title>\n<meta name=\"description\" content=\"Pu\u021buri structurale - Well Foundation: Software pentru proiectarea \u0219i calculul de pu\u021buri structurale \u00een conformitate cu NTC \u0219i Eurocode.\" \/>\n<meta name=\"robots\" content=\"index, follow, max-snippet:-1, max-image-preview:large, max-video-preview:-1\" \/>\n<link rel=\"canonical\" href=\"https:\/\/www.geostru.eu\/ro\/shop\/software-ro\/well-foundation\/\" \/>\n<meta property=\"og:locale\" content=\"ro_RO\" \/>\n<meta property=\"og:type\" content=\"article\" \/>\n<meta property=\"og:title\" content=\"Pu\u021buri structurale - Well Foundation\" \/>\n<meta property=\"og:description\" content=\"Pu\u021buri structurale - Well Foundation: Software pentru proiectarea \u0219i calculul de pu\u021buri structurale \u00een conformitate cu NTC \u0219i Eurocode.\" \/>\n<meta property=\"og:url\" content=\"https:\/\/www.geostru.eu\/ro\/shop\/software-ro\/well-foundation\/\" \/>\n<meta property=\"og:site_name\" content=\"GeoStru EU\" \/>\n<meta property=\"article:publisher\" content=\"https:\/\/www.facebook.com\/GeoStruSoftware\/\" \/>\n<meta property=\"article:modified_time\" content=\"2023-01-25T07:30:49+00:00\" \/>\n<meta property=\"og:image\" content=\"https:\/\/www.geostru.eu\/wp-content\/uploads\/2020\/11\/Well-Foundation-Pozzi-Strutturali-Geostru.gif\" \/>\n\t<meta property=\"og:image:width\" content=\"500\" \/>\n\t<meta property=\"og:image:height\" content=\"269\" \/>\n\t<meta property=\"og:image:type\" content=\"image\/gif\" \/>\n<meta name=\"twitter:card\" content=\"summary_large_image\" \/>\n<meta name=\"twitter:site\" content=\"@geostru\" \/>\n<meta name=\"twitter:label1\" content=\"Pre\u021b\" \/>\n\t<meta name=\"twitter:data1\" content=\"&euro;490.00 f\u0103r\u0103 TVA\" \/>\n\t<meta name=\"twitter:label2\" content=\"Disponibilitate\" \/>\n\t<meta name=\"twitter:data2\" content=\"\u00cen stoc\" \/>\n<script type=\"application\/ld+json\" class=\"yoast-schema-graph\">{\"@context\":\"https:\/\/schema.org\",\"@graph\":[{\"@type\":\"WebPage\",\"@id\":\"https:\/\/www.geostru.eu\/ro\/shop\/software-ro\/well-foundation\/\",\"url\":\"https:\/\/www.geostru.eu\/ro\/shop\/software-ro\/well-foundation\/\",\"name\":\"Pu\u021buri structurale - Well Foundation - GeoStru EU\",\"isPartOf\":{\"@id\":\"https:\/\/www.geostru.eu\/ro\/#website\"},\"primaryImageOfPage\":{\"@id\":\"https:\/\/www.geostru.eu\/ro\/shop\/software-ro\/well-foundation\/#primaryimage\"},\"image\":{\"@id\":\"https:\/\/www.geostru.eu\/ro\/shop\/software-ro\/well-foundation\/#primaryimage\"},\"thumbnailUrl\":\"https:\/\/www.geostru.eu\/wp-content\/uploads\/2020\/11\/Well-Foundation-Pozzi-Strutturali-Geostru.gif\",\"datePublished\":\"2020-11-11T15:03:55+00:00\",\"dateModified\":\"2023-01-25T07:30:49+00:00\",\"description\":\"Pu\u021buri structurale - Well Foundation: Software pentru proiectarea \u0219i calculul de pu\u021buri structurale \u00een conformitate cu NTC \u0219i Eurocode.\",\"breadcrumb\":{\"@id\":\"https:\/\/www.geostru.eu\/ro\/shop\/software-ro\/well-foundation\/#breadcrumb\"},\"inLanguage\":\"ro-RO\",\"potentialAction\":[{\"@type\":\"ReadAction\",\"target\":[\"https:\/\/www.geostru.eu\/ro\/shop\/software-ro\/well-foundation\/\"]}]},{\"@type\":\"ImageObject\",\"inLanguage\":\"ro-RO\",\"@id\":\"https:\/\/www.geostru.eu\/ro\/shop\/software-ro\/well-foundation\/#primaryimage\",\"url\":\"https:\/\/www.geostru.eu\/wp-content\/uploads\/2020\/11\/Well-Foundation-Pozzi-Strutturali-Geostru.gif\",\"contentUrl\":\"https:\/\/www.geostru.eu\/wp-content\/uploads\/2020\/11\/Well-Foundation-Pozzi-Strutturali-Geostru.gif\",\"width\":500,\"height\":269,\"caption\":\"pozzi strutturali\"},{\"@type\":\"BreadcrumbList\",\"@id\":\"https:\/\/www.geostru.eu\/ro\/shop\/software-ro\/well-foundation\/#breadcrumb\",\"itemListElement\":[{\"@type\":\"ListItem\",\"position\":1,\"name\":\"Home\",\"item\":\"https:\/\/www.geostru.eu\/ro\/\"},{\"@type\":\"ListItem\",\"position\":2,\"name\":\"Shop\",\"item\":\"https:\/\/www.geostru.eu\/shop\/?lang=ro\"},{\"@type\":\"ListItem\",\"position\":3,\"name\":\"Pu\u021buri structurale &#8211; Well Foundation\"}]},{\"@type\":\"WebSite\",\"@id\":\"https:\/\/www.geostru.eu\/ro\/#website\",\"url\":\"https:\/\/www.geostru.eu\/ro\/\",\"name\":\"GeoStru EU\",\"description\":\"Professionals at your service\",\"publisher\":{\"@id\":\"https:\/\/www.geostru.eu\/ro\/#organization\"},\"potentialAction\":[{\"@type\":\"SearchAction\",\"target\":{\"@type\":\"EntryPoint\",\"urlTemplate\":\"https:\/\/www.geostru.eu\/ro\/?s={search_term_string}\"},\"query-input\":{\"@type\":\"PropertyValueSpecification\",\"valueRequired\":true,\"valueName\":\"search_term_string\"}}],\"inLanguage\":\"ro-RO\"},{\"@type\":\"Organization\",\"@id\":\"https:\/\/www.geostru.eu\/ro\/#organization\",\"name\":\"GeoStru EU\",\"url\":\"https:\/\/www.geostru.eu\/ro\/\",\"logo\":{\"@type\":\"ImageObject\",\"inLanguage\":\"ro-RO\",\"@id\":\"https:\/\/www.geostru.eu\/ro\/#\/schema\/logo\/image\/\",\"url\":\"https:\/\/www.geostru.eu\/wp-content\/uploads\/2023\/02\/LOGO_GEOSTRU_educational_banner.png\",\"contentUrl\":\"https:\/\/www.geostru.eu\/wp-content\/uploads\/2023\/02\/LOGO_GEOSTRU_educational_banner.png\",\"width\":363,\"height\":115,\"caption\":\"GeoStru EU\"},\"image\":{\"@id\":\"https:\/\/www.geostru.eu\/ro\/#\/schema\/logo\/image\/\"},\"sameAs\":[\"https:\/\/www.facebook.com\/GeoStruSoftware\/\",\"https:\/\/x.com\/geostru\",\"https:\/\/www.linkedin.com\/company\/2462488\/admin\/\",\"https:\/\/www.instagram.com\/geostru\/\"]}]}<\/script>\n<meta property=\"product:brand\" content=\"Software\" \/>\n<meta property=\"product:price:amount\" content=\"490.00\" \/>\n<meta property=\"product:price:currency\" content=\"EUR\" \/>\n<meta property=\"og:availability\" content=\"instock\" \/>\n<meta property=\"product:availability\" content=\"instock\" \/>\n<meta property=\"product:retailer_item_id\" content=\"90\" \/>\n<meta property=\"product:condition\" content=\"new\" \/>\n<!-- \/ Yoast SEO Premium plugin. -->","yoast_head_json":{"title":"Pu\u021buri structurale - Well Foundation - GeoStru EU","description":"Pu\u021buri structurale - Well Foundation: Software pentru proiectarea \u0219i calculul de pu\u021buri structurale \u00een conformitate cu NTC \u0219i Eurocode.","robots":{"index":"index","follow":"follow","max-snippet":"max-snippet:-1","max-image-preview":"max-image-preview:large","max-video-preview":"max-video-preview:-1"},"canonical":"https:\/\/www.geostru.eu\/ro\/shop\/software-ro\/well-foundation\/","og_locale":"ro_RO","og_type":"article","og_title":"Pu\u021buri structurale - Well Foundation","og_description":"Pu\u021buri structurale - Well Foundation: Software pentru proiectarea \u0219i calculul de pu\u021buri structurale \u00een conformitate cu NTC \u0219i Eurocode.","og_url":"https:\/\/www.geostru.eu\/ro\/shop\/software-ro\/well-foundation\/","og_site_name":"GeoStru EU","article_publisher":"https:\/\/www.facebook.com\/GeoStruSoftware\/","article_modified_time":"2023-01-25T07:30:49+00:00","og_image":[{"width":500,"height":269,"url":"https:\/\/www.geostru.eu\/wp-content\/uploads\/2020\/11\/Well-Foundation-Pozzi-Strutturali-Geostru.gif","type":"image\/gif"}],"twitter_card":"summary_large_image","twitter_site":"@geostru","twitter_misc":{"Pre\u021b":"&euro;490.00 f\u0103r\u0103 TVA","Disponibilitate":"\u00cen stoc"},"schema":{"@context":"https:\/\/schema.org","@graph":[{"@type":"WebPage","@id":"https:\/\/www.geostru.eu\/ro\/shop\/software-ro\/well-foundation\/","url":"https:\/\/www.geostru.eu\/ro\/shop\/software-ro\/well-foundation\/","name":"Pu\u021buri structurale - Well Foundation - GeoStru EU","isPartOf":{"@id":"https:\/\/www.geostru.eu\/ro\/#website"},"primaryImageOfPage":{"@id":"https:\/\/www.geostru.eu\/ro\/shop\/software-ro\/well-foundation\/#primaryimage"},"image":{"@id":"https:\/\/www.geostru.eu\/ro\/shop\/software-ro\/well-foundation\/#primaryimage"},"thumbnailUrl":"https:\/\/www.geostru.eu\/wp-content\/uploads\/2020\/11\/Well-Foundation-Pozzi-Strutturali-Geostru.gif","datePublished":"2020-11-11T15:03:55+00:00","dateModified":"2023-01-25T07:30:49+00:00","description":"Pu\u021buri structurale - Well Foundation: Software pentru proiectarea \u0219i calculul de pu\u021buri structurale \u00een conformitate cu NTC \u0219i Eurocode.","breadcrumb":{"@id":"https:\/\/www.geostru.eu\/ro\/shop\/software-ro\/well-foundation\/#breadcrumb"},"inLanguage":"ro-RO","potentialAction":[{"@type":"ReadAction","target":["https:\/\/www.geostru.eu\/ro\/shop\/software-ro\/well-foundation\/"]}]},{"@type":"ImageObject","inLanguage":"ro-RO","@id":"https:\/\/www.geostru.eu\/ro\/shop\/software-ro\/well-foundation\/#primaryimage","url":"https:\/\/www.geostru.eu\/wp-content\/uploads\/2020\/11\/Well-Foundation-Pozzi-Strutturali-Geostru.gif","contentUrl":"https:\/\/www.geostru.eu\/wp-content\/uploads\/2020\/11\/Well-Foundation-Pozzi-Strutturali-Geostru.gif","width":500,"height":269,"caption":"pozzi strutturali"},{"@type":"BreadcrumbList","@id":"https:\/\/www.geostru.eu\/ro\/shop\/software-ro\/well-foundation\/#breadcrumb","itemListElement":[{"@type":"ListItem","position":1,"name":"Home","item":"https:\/\/www.geostru.eu\/ro\/"},{"@type":"ListItem","position":2,"name":"Shop","item":"https:\/\/www.geostru.eu\/shop\/?lang=ro"},{"@type":"ListItem","position":3,"name":"Pu\u021buri structurale &#8211; Well Foundation"}]},{"@type":"WebSite","@id":"https:\/\/www.geostru.eu\/ro\/#website","url":"https:\/\/www.geostru.eu\/ro\/","name":"GeoStru EU","description":"Professionals at your service","publisher":{"@id":"https:\/\/www.geostru.eu\/ro\/#organization"},"potentialAction":[{"@type":"SearchAction","target":{"@type":"EntryPoint","urlTemplate":"https:\/\/www.geostru.eu\/ro\/?s={search_term_string}"},"query-input":{"@type":"PropertyValueSpecification","valueRequired":true,"valueName":"search_term_string"}}],"inLanguage":"ro-RO"},{"@type":"Organization","@id":"https:\/\/www.geostru.eu\/ro\/#organization","name":"GeoStru EU","url":"https:\/\/www.geostru.eu\/ro\/","logo":{"@type":"ImageObject","inLanguage":"ro-RO","@id":"https:\/\/www.geostru.eu\/ro\/#\/schema\/logo\/image\/","url":"https:\/\/www.geostru.eu\/wp-content\/uploads\/2023\/02\/LOGO_GEOSTRU_educational_banner.png","contentUrl":"https:\/\/www.geostru.eu\/wp-content\/uploads\/2023\/02\/LOGO_GEOSTRU_educational_banner.png","width":363,"height":115,"caption":"GeoStru EU"},"image":{"@id":"https:\/\/www.geostru.eu\/ro\/#\/schema\/logo\/image\/"},"sameAs":["https:\/\/www.facebook.com\/GeoStruSoftware\/","https:\/\/x.com\/geostru","https:\/\/www.linkedin.com\/company\/2462488\/admin\/","https:\/\/www.instagram.com\/geostru\/"]}]},"product_brand":"Software","product_price_amount":"490.00","product_price_currency":"EUR","og_availability":"instock","product_availability":"instock","product_retailer_item_id":"90","product_condition":"new"},"_links":{"self":[{"href":"https:\/\/www.geostru.eu\/ro\/wp-json\/wp\/v2\/product\/123452"}],"collection":[{"href":"https:\/\/www.geostru.eu\/ro\/wp-json\/wp\/v2\/product"}],"about":[{"href":"https:\/\/www.geostru.eu\/ro\/wp-json\/wp\/v2\/types\/product"}],"replies":[{"embeddable":true,"href":"https:\/\/www.geostru.eu\/ro\/wp-json\/wp\/v2\/comments?post=123452"}],"wp:featuredmedia":[{"embeddable":true,"href":"https:\/\/www.geostru.eu\/ro\/wp-json\/wp\/v2\/media\/123448"}],"wp:attachment":[{"href":"https:\/\/www.geostru.eu\/ro\/wp-json\/wp\/v2\/media?parent=123452"}],"wp:term":[{"taxonomy":"product_cat","embeddable":true,"href":"https:\/\/www.geostru.eu\/ro\/wp-json\/wp\/v2\/product_cat?post=123452"},{"taxonomy":"product_tag","embeddable":true,"href":"https:\/\/www.geostru.eu\/ro\/wp-json\/wp\/v2\/product_tag?post=123452"}],"curies":[{"name":"wp","href":"https:\/\/api.w.org\/{rel}","templated":true}]}}