{"id":117711,"date":"2020-03-10T16:52:08","date_gmt":"2020-03-10T15:52:08","guid":{"rendered":"https:\/\/www.geostru.eu\/?post_type=product&#038;p=117711"},"modified":"2025-02-22T17:21:21","modified_gmt":"2025-02-22T16:21:21","slug":"geopix","status":"publish","type":"product","link":"https:\/\/www.geostru.eu\/ro\/shop\/android-ro\/geopix\/","title":{"rendered":"Geopix"},"content":{"rendered":"<ul>\n<li style=\"text-align: justify\"><strong>Cloud<\/strong>: prin \u00eenregistrare, ve\u021bi avea un spa\u021biu \u00een cloud pentru a v\u0103 stoca proiectele;<\/li>\n<li><strong>Filma\u021bi \u0219i geoloca\u021bi:<\/strong> scatto dface\u021bi fotografii direct pe \u0219antier de pe propriul smartphone \u0219i stoca\u021bi loca\u021bia;<\/li>\n<li><strong>Project Manager: <\/strong>\u00eemp\u0103r\u021birea eficient\u0103 a activit\u0103\u021bii \u00een proiecte;<\/li>\n<li><strong>Precizie ridicat\u0103 de geolocalizare:<\/strong> algoritmul puternic implementat permite ob\u021binerea unei precizii ridicate a pozi\u021biei \u00een compara\u021bie cu alte aplica\u021bii;<\/li>\n<li><strong>Web<\/strong>: posibilitatea de a continua lucrul pe platforma Web prin conectarea cu numele de utilizator \u0219i parola;<\/li>\n<li><strong>Rapoarte fotografice privind \u0219antierele:<\/strong> elaborare rapid\u0103 \u0219i precis\u0103 a rapoartelor fotografice privind \u0219antierele.<\/li>\n<\/ul>\n<p>&nbsp;<\/p>\n<p><img loading=\"lazy\" decoding=\"async\" class=\"wp-image-117383 alignnone\" style=\"text-align: center\" src=\"https:\/\/www.geostru.eu\/wp-content\/uploads\/2020\/03\/smartphone_geopix2-174x300.png\" alt=\"\" width=\"164\" height=\"283\" srcset=\"https:\/\/www.geostru.eu\/wp-content\/uploads\/2020\/03\/smartphone_geopix2-174x300.png 174w, https:\/\/www.geostru.eu\/wp-content\/uploads\/2020\/03\/smartphone_geopix2-500x861.png 500w, https:\/\/www.geostru.eu\/wp-content\/uploads\/2020\/03\/smartphone_geopix2-598x1030.png 598w, https:\/\/www.geostru.eu\/wp-content\/uploads\/2020\/03\/smartphone_geopix2-768x1322.png 768w, https:\/\/www.geostru.eu\/wp-content\/uploads\/2020\/03\/smartphone_geopix2-892x1536.png 892w, https:\/\/www.geostru.eu\/wp-content\/uploads\/2020\/03\/smartphone_geopix2.png 1023w\" sizes=\"(max-width: 164px) 100vw, 164px\" \/>\u00a0 \u00a0 \u00a0 \u00a0 \u00a0 \u00a0 \u00a0 \u00a0 \u00a0 \u00a0 \u00a0\u00a0\u00a0 \u00a0 \u00a0 \u00a0\u00a0\u00a0 \u00a0 \u00a0\u00a0<img loading=\"lazy\" decoding=\"async\" class=\"wp-image-117343 alignnone\" src=\"https:\/\/www.geostru.eu\/wp-content\/uploads\/2020\/03\/maschera_dispositivo_2-300x175.png\" alt=\"\" width=\"439\" height=\"256\" srcset=\"https:\/\/www.geostru.eu\/wp-content\/uploads\/2020\/03\/maschera_dispositivo_2-300x175.png 300w, https:\/\/www.geostru.eu\/wp-content\/uploads\/2020\/03\/maschera_dispositivo_2-500x291.png 500w, https:\/\/www.geostru.eu\/wp-content\/uploads\/2020\/03\/maschera_dispositivo_2.png 560w\" sizes=\"(max-width: 439px) 100vw, 439px\" \/>\u00a0<span style=\"background-color: #ffffff\">\u00a0 \u00a0 \u00a0 \u00a0 \u00a0 \u00a0 \u00a0 \u00a0\u00a0 \u00a0 \u00a0 \u00a0 <\/span>\u00a0 <img loading=\"lazy\" decoding=\"async\" class=\" wp-image-117379 alignnone\" src=\"https:\/\/www.geostru.eu\/wp-content\/uploads\/2020\/03\/smartphone_geopix1-174x300.png\" alt=\"\" width=\"161\" height=\"278\" srcset=\"https:\/\/www.geostru.eu\/wp-content\/uploads\/2020\/03\/smartphone_geopix1-174x300.png 174w, https:\/\/www.geostru.eu\/wp-content\/uploads\/2020\/03\/smartphone_geopix1-500x861.png 500w, https:\/\/www.geostru.eu\/wp-content\/uploads\/2020\/03\/smartphone_geopix1-598x1030.png 598w, https:\/\/www.geostru.eu\/wp-content\/uploads\/2020\/03\/smartphone_geopix1-768x1322.png 768w, https:\/\/www.geostru.eu\/wp-content\/uploads\/2020\/03\/smartphone_geopix1-892x1536.png 892w, https:\/\/www.geostru.eu\/wp-content\/uploads\/2020\/03\/smartphone_geopix1.png 1023w\" sizes=\"(max-width: 161px) 100vw, 161px\" \/><\/p>\n<h4>Cum se utilizeaz\u0103 GeoPix:<\/h4>\n<p>&nbsp;<\/p>\n<p style=\"text-align: center\"><strong>1 &#8211; Preluarea fotografiei \u00een \u0219antier de pe smartphone<\/strong><\/p>\n<p style=\"text-align: center\"><img loading=\"lazy\" decoding=\"async\" class=\"wp-image-117395 aligncenter\" style=\"text-align: center\" src=\"https:\/\/www.geostru.eu\/wp-content\/uploads\/2020\/03\/smartphone_geopix5-174x300.png\" alt=\"\" width=\"211\" height=\"364\" srcset=\"https:\/\/www.geostru.eu\/wp-content\/uploads\/2020\/03\/smartphone_geopix5-174x300.png 174w, https:\/\/www.geostru.eu\/wp-content\/uploads\/2020\/03\/smartphone_geopix5-500x861.png 500w, https:\/\/www.geostru.eu\/wp-content\/uploads\/2020\/03\/smartphone_geopix5-598x1030.png 598w, https:\/\/www.geostru.eu\/wp-content\/uploads\/2020\/03\/smartphone_geopix5-768x1322.png 768w, https:\/\/www.geostru.eu\/wp-content\/uploads\/2020\/03\/smartphone_geopix5-892x1536.png 892w, https:\/\/www.geostru.eu\/wp-content\/uploads\/2020\/03\/smartphone_geopix5.png 1023w\" sizes=\"(max-width: 211px) 100vw, 211px\" \/><strong>\u00a0 \u00a0 \u00a0 \u00a0 \u00a0 \u00a0 \u00a0 \u00a0 \u00a0 \u00a0 \u00a0 \u00a0 \u00a0 \u00a0 \u00a0 \u00a0 \u00a0 \u00a0 \u00a0 \u00a0 \u00a0 \u00a0 \u00a0 \u00a0 \u00a0 \u00a0 \u00a0 \u00a0 \u00a0\u00a0<\/strong><\/p>\n<p style=\"text-align: center\"><strong>2 -Geolocalizarea pozi\u021biei de fotografiere:<\/strong>cu o precizie mai mare datorit\u0103 algoritmului nostru puternic<\/p>\n<p style=\"text-align: center\"><img loading=\"lazy\" decoding=\"async\" class=\"wp-image-117387 aligncenter\" style=\"text-align: center\" src=\"https:\/\/www.geostru.eu\/wp-content\/uploads\/2020\/03\/smartphone_geopix3-174x300.png\" alt=\"\" width=\"208\" height=\"359\" srcset=\"https:\/\/www.geostru.eu\/wp-content\/uploads\/2020\/03\/smartphone_geopix3-174x300.png 174w, https:\/\/www.geostru.eu\/wp-content\/uploads\/2020\/03\/smartphone_geopix3-500x861.png 500w, https:\/\/www.geostru.eu\/wp-content\/uploads\/2020\/03\/smartphone_geopix3-598x1030.png 598w, https:\/\/www.geostru.eu\/wp-content\/uploads\/2020\/03\/smartphone_geopix3-768x1322.png 768w, https:\/\/www.geostru.eu\/wp-content\/uploads\/2020\/03\/smartphone_geopix3-892x1536.png 892w, https:\/\/www.geostru.eu\/wp-content\/uploads\/2020\/03\/smartphone_geopix3.png 1023w\" sizes=\"(max-width: 208px) 100vw, 208px\" \/><\/p>\n<p style=\"text-align: center\"><strong>3 &#8211; \u00cenc\u0103rcare imediat\u0103 \u00een cloud-ul personal<\/strong><\/p>\n<p><img loading=\"lazy\" decoding=\"async\" class=\"wp-image-117399 aligncenter\" src=\"https:\/\/www.geostru.eu\/wp-content\/uploads\/2020\/03\/smartphone_geopix6-174x300.png\" alt=\"\" width=\"221\" height=\"381\" srcset=\"https:\/\/www.geostru.eu\/wp-content\/uploads\/2020\/03\/smartphone_geopix6-174x300.png 174w, https:\/\/www.geostru.eu\/wp-content\/uploads\/2020\/03\/smartphone_geopix6-500x861.png 500w, https:\/\/www.geostru.eu\/wp-content\/uploads\/2020\/03\/smartphone_geopix6-598x1030.png 598w, https:\/\/www.geostru.eu\/wp-content\/uploads\/2020\/03\/smartphone_geopix6-768x1322.png 768w, https:\/\/www.geostru.eu\/wp-content\/uploads\/2020\/03\/smartphone_geopix6-892x1536.png 892w, https:\/\/www.geostru.eu\/wp-content\/uploads\/2020\/03\/smartphone_geopix6.png 1023w\" sizes=\"(max-width: 221px) 100vw, 221px\" \/><\/p>\n<p style=\"text-align: center\"><strong>4 &#8211; Managementul proiectelor, de asemenea de pe site-ul web al <a href=\"https:\/\/dashboard.geopix.eu\/\">platformei<\/a> <\/strong><\/p>\n<p style=\"text-align: center\"><img loading=\"lazy\" decoding=\"async\" class=\"wp-image-117570 aligncenter\" src=\"https:\/\/www.geostru.eu\/wp-content\/uploads\/2020\/03\/geopix_web_3-1-300x171.png\" alt=\"\" width=\"637\" height=\"363\" srcset=\"https:\/\/www.geostru.eu\/wp-content\/uploads\/2020\/03\/geopix_web_3-1-300x171.png 300w, https:\/\/www.geostru.eu\/wp-content\/uploads\/2020\/03\/geopix_web_3-1-500x286.png 500w, https:\/\/www.geostru.eu\/wp-content\/uploads\/2020\/03\/geopix_web_3-1-1030x588.png 1030w, https:\/\/www.geostru.eu\/wp-content\/uploads\/2020\/03\/geopix_web_3-1-768x439.png 768w, https:\/\/www.geostru.eu\/wp-content\/uploads\/2020\/03\/geopix_web_3-1.png 1187w\" sizes=\"(max-width: 637px) 100vw, 637px\" \/><\/p>\n","protected":false},"excerpt":{"rendered":"<p style=\"text-align: justify\"><strong>Geopix<\/strong> este o aplica\u021bie pentru dispozitive mobile, tablete sau smartphone cu sistem de operare Android, dezvoltat\u0103 special pentru geologi, ingineri \u0219i tehnicieni \u00een general, care permite crearea de documenta\u021bie fotografic\u0103 geolocalizat\u0103 \u00een cloud. Este format\u0103 din:<\/p>\n<ol>\n<li>Aplica\u021bie pentru dispozitive mobile;<\/li>\n<li>Un <a href=\"https:\/\/dashboard.geopix.eu\/\">dashboard web<\/a> din care utilizatorul poate vizualiza fotografii geolocalizate.<\/li>\n<\/ol>\n<div id=\"gtx-trans\">\n<div class=\"gtx-trans-icon\"><\/div>\n<\/div>\n","protected":false},"featured_media":117640,"comment_status":"open","ping_status":"closed","template":"","meta":[],"product_cat":[81,201],"product_tag":[],"class_list":{"0":"post-117711","1":"product","2":"type-product","3":"status-publish","4":"has-post-thumbnail","6":"product_cat-android-ro","7":"product_cat-free-ro","8":"description-off","10":"first","11":"instock","12":"sale","13":"downloadable","14":"virtual","15":"taxable","16":"purchasable","17":"product-type-simple"},"yoast_head":"<!-- This site is optimized with the Yoast SEO Premium plugin v25.0 (Yoast SEO v25.0) - https:\/\/yoast.com\/wordpress\/plugins\/seo\/ -->\n<title>Geopix - GeoStru EU<\/title>\n<meta name=\"robots\" content=\"index, follow, max-snippet:-1, max-image-preview:large, max-video-preview:-1\" \/>\n<link rel=\"canonical\" href=\"https:\/\/www.geostru.eu\/ro\/shop\/android-ro\/geopix\/\" \/>\n<meta property=\"og:locale\" content=\"ro_RO\" \/>\n<meta property=\"og:type\" content=\"article\" \/>\n<meta property=\"og:title\" content=\"Geopix\" \/>\n<meta property=\"og:description\" content=\"Geopix este o aplica\u021bie pentru dispozitive mobile, tablete sau smartphone cu sistem de operare Android, dezvoltat\u0103 special pentru geologi, ingineri \u0219i tehnicieni \u00een general, care permite crearea de documenta\u021bie fotografic\u0103 geolocalizat\u0103 \u00een cloud. Este format\u0103 din:    Aplica\u021bie pentru dispozitive mobile;  Un dashboard web din care utilizatorul poate vizualiza fotografii geolocalizate.\" \/>\n<meta property=\"og:url\" content=\"https:\/\/www.geostru.eu\/ro\/shop\/android-ro\/geopix\/\" \/>\n<meta property=\"og:site_name\" content=\"GeoStru EU\" \/>\n<meta property=\"article:publisher\" content=\"https:\/\/www.facebook.com\/GeoStruSoftware\/\" \/>\n<meta property=\"article:modified_time\" content=\"2025-02-22T16:21:21+00:00\" \/>\n<meta property=\"og:image\" content=\"https:\/\/www.geostru.eu\/wp-content\/uploads\/2020\/03\/immagine_android-2.png\" \/>\n\t<meta property=\"og:image:width\" content=\"716\" \/>\n\t<meta property=\"og:image:height\" content=\"559\" \/>\n\t<meta property=\"og:image:type\" content=\"image\/png\" \/>\n<meta name=\"twitter:card\" content=\"summary_large_image\" \/>\n<meta name=\"twitter:site\" content=\"@geostru\" \/>\n<meta name=\"twitter:label1\" content=\"Pre\u021b\" \/>\n\t<meta name=\"twitter:data1\" content=\"&euro;0.00 f\u0103r\u0103 TVA\" \/>\n\t<meta name=\"twitter:label2\" content=\"Disponibilitate\" \/>\n\t<meta name=\"twitter:data2\" content=\"\u00cen stoc\" \/>\n<script type=\"application\/ld+json\" class=\"yoast-schema-graph\">{\"@context\":\"https:\/\/schema.org\",\"@graph\":[{\"@type\":\"WebPage\",\"@id\":\"https:\/\/www.geostru.eu\/ro\/shop\/android-ro\/geopix\/\",\"url\":\"https:\/\/www.geostru.eu\/ro\/shop\/android-ro\/geopix\/\",\"name\":\"Geopix - GeoStru EU\",\"isPartOf\":{\"@id\":\"https:\/\/www.geostru.eu\/ro\/#website\"},\"primaryImageOfPage\":{\"@id\":\"https:\/\/www.geostru.eu\/ro\/shop\/android-ro\/geopix\/#primaryimage\"},\"image\":{\"@id\":\"https:\/\/www.geostru.eu\/ro\/shop\/android-ro\/geopix\/#primaryimage\"},\"thumbnailUrl\":\"https:\/\/www.geostru.eu\/wp-content\/uploads\/2020\/03\/immagine_android-2.png\",\"datePublished\":\"2020-03-10T15:52:08+00:00\",\"dateModified\":\"2025-02-22T16:21:21+00:00\",\"breadcrumb\":{\"@id\":\"https:\/\/www.geostru.eu\/ro\/shop\/android-ro\/geopix\/#breadcrumb\"},\"inLanguage\":\"ro-RO\",\"potentialAction\":[{\"@type\":\"ReadAction\",\"target\":[\"https:\/\/www.geostru.eu\/ro\/shop\/android-ro\/geopix\/\"]}]},{\"@type\":\"ImageObject\",\"inLanguage\":\"ro-RO\",\"@id\":\"https:\/\/www.geostru.eu\/ro\/shop\/android-ro\/geopix\/#primaryimage\",\"url\":\"https:\/\/www.geostru.eu\/wp-content\/uploads\/2020\/03\/immagine_android-2.png\",\"contentUrl\":\"https:\/\/www.geostru.eu\/wp-content\/uploads\/2020\/03\/immagine_android-2.png\",\"width\":716,\"height\":559,\"caption\":\"geopix geostru\"},{\"@type\":\"BreadcrumbList\",\"@id\":\"https:\/\/www.geostru.eu\/ro\/shop\/android-ro\/geopix\/#breadcrumb\",\"itemListElement\":[{\"@type\":\"ListItem\",\"position\":1,\"name\":\"Home\",\"item\":\"https:\/\/www.geostru.eu\/ro\/\"},{\"@type\":\"ListItem\",\"position\":2,\"name\":\"Shop\",\"item\":\"https:\/\/www.geostru.eu\/shop\/?lang=ro\"},{\"@type\":\"ListItem\",\"position\":3,\"name\":\"Geopix\"}]},{\"@type\":\"WebSite\",\"@id\":\"https:\/\/www.geostru.eu\/ro\/#website\",\"url\":\"https:\/\/www.geostru.eu\/ro\/\",\"name\":\"GeoStru EU\",\"description\":\"Professionals at your service\",\"publisher\":{\"@id\":\"https:\/\/www.geostru.eu\/ro\/#organization\"},\"potentialAction\":[{\"@type\":\"SearchAction\",\"target\":{\"@type\":\"EntryPoint\",\"urlTemplate\":\"https:\/\/www.geostru.eu\/ro\/?s={search_term_string}\"},\"query-input\":{\"@type\":\"PropertyValueSpecification\",\"valueRequired\":true,\"valueName\":\"search_term_string\"}}],\"inLanguage\":\"ro-RO\"},{\"@type\":\"Organization\",\"@id\":\"https:\/\/www.geostru.eu\/ro\/#organization\",\"name\":\"GeoStru EU\",\"url\":\"https:\/\/www.geostru.eu\/ro\/\",\"logo\":{\"@type\":\"ImageObject\",\"inLanguage\":\"ro-RO\",\"@id\":\"https:\/\/www.geostru.eu\/ro\/#\/schema\/logo\/image\/\",\"url\":\"https:\/\/www.geostru.eu\/wp-content\/uploads\/2023\/02\/LOGO_GEOSTRU_educational_banner.png\",\"contentUrl\":\"https:\/\/www.geostru.eu\/wp-content\/uploads\/2023\/02\/LOGO_GEOSTRU_educational_banner.png\",\"width\":363,\"height\":115,\"caption\":\"GeoStru EU\"},\"image\":{\"@id\":\"https:\/\/www.geostru.eu\/ro\/#\/schema\/logo\/image\/\"},\"sameAs\":[\"https:\/\/www.facebook.com\/GeoStruSoftware\/\",\"https:\/\/x.com\/geostru\",\"https:\/\/www.linkedin.com\/company\/2462488\/admin\/\",\"https:\/\/www.instagram.com\/geostru\/\"]}]}<\/script>\n<meta property=\"product:brand\" content=\"Android\" \/>\n<meta property=\"product:price:amount\" content=\"0.00\" \/>\n<meta property=\"product:price:currency\" content=\"EUR\" \/>\n<meta property=\"og:availability\" content=\"instock\" \/>\n<meta property=\"product:availability\" content=\"instock\" \/>\n<meta property=\"product:retailer_item_id\" content=\"69\" \/>\n<meta property=\"product:condition\" content=\"new\" \/>\n<!-- \/ Yoast SEO Premium plugin. -->","yoast_head_json":{"title":"Geopix - GeoStru EU","robots":{"index":"index","follow":"follow","max-snippet":"max-snippet:-1","max-image-preview":"max-image-preview:large","max-video-preview":"max-video-preview:-1"},"canonical":"https:\/\/www.geostru.eu\/ro\/shop\/android-ro\/geopix\/","og_locale":"ro_RO","og_type":"article","og_title":"Geopix","og_description":"Geopix este o aplica\u021bie pentru dispozitive mobile, tablete sau smartphone cu sistem de operare Android, dezvoltat\u0103 special pentru geologi, ingineri \u0219i tehnicieni \u00een general, care permite crearea de documenta\u021bie fotografic\u0103 geolocalizat\u0103 \u00een cloud. Este format\u0103 din:    Aplica\u021bie pentru dispozitive mobile;  Un dashboard web din care utilizatorul poate vizualiza fotografii geolocalizate.","og_url":"https:\/\/www.geostru.eu\/ro\/shop\/android-ro\/geopix\/","og_site_name":"GeoStru EU","article_publisher":"https:\/\/www.facebook.com\/GeoStruSoftware\/","article_modified_time":"2025-02-22T16:21:21+00:00","og_image":[{"width":716,"height":559,"url":"https:\/\/www.geostru.eu\/wp-content\/uploads\/2020\/03\/immagine_android-2.png","type":"image\/png"}],"twitter_card":"summary_large_image","twitter_site":"@geostru","twitter_misc":{"Pre\u021b":"&euro;0.00 f\u0103r\u0103 TVA","Disponibilitate":"\u00cen stoc"},"schema":{"@context":"https:\/\/schema.org","@graph":[{"@type":"WebPage","@id":"https:\/\/www.geostru.eu\/ro\/shop\/android-ro\/geopix\/","url":"https:\/\/www.geostru.eu\/ro\/shop\/android-ro\/geopix\/","name":"Geopix - GeoStru EU","isPartOf":{"@id":"https:\/\/www.geostru.eu\/ro\/#website"},"primaryImageOfPage":{"@id":"https:\/\/www.geostru.eu\/ro\/shop\/android-ro\/geopix\/#primaryimage"},"image":{"@id":"https:\/\/www.geostru.eu\/ro\/shop\/android-ro\/geopix\/#primaryimage"},"thumbnailUrl":"https:\/\/www.geostru.eu\/wp-content\/uploads\/2020\/03\/immagine_android-2.png","datePublished":"2020-03-10T15:52:08+00:00","dateModified":"2025-02-22T16:21:21+00:00","breadcrumb":{"@id":"https:\/\/www.geostru.eu\/ro\/shop\/android-ro\/geopix\/#breadcrumb"},"inLanguage":"ro-RO","potentialAction":[{"@type":"ReadAction","target":["https:\/\/www.geostru.eu\/ro\/shop\/android-ro\/geopix\/"]}]},{"@type":"ImageObject","inLanguage":"ro-RO","@id":"https:\/\/www.geostru.eu\/ro\/shop\/android-ro\/geopix\/#primaryimage","url":"https:\/\/www.geostru.eu\/wp-content\/uploads\/2020\/03\/immagine_android-2.png","contentUrl":"https:\/\/www.geostru.eu\/wp-content\/uploads\/2020\/03\/immagine_android-2.png","width":716,"height":559,"caption":"geopix geostru"},{"@type":"BreadcrumbList","@id":"https:\/\/www.geostru.eu\/ro\/shop\/android-ro\/geopix\/#breadcrumb","itemListElement":[{"@type":"ListItem","position":1,"name":"Home","item":"https:\/\/www.geostru.eu\/ro\/"},{"@type":"ListItem","position":2,"name":"Shop","item":"https:\/\/www.geostru.eu\/shop\/?lang=ro"},{"@type":"ListItem","position":3,"name":"Geopix"}]},{"@type":"WebSite","@id":"https:\/\/www.geostru.eu\/ro\/#website","url":"https:\/\/www.geostru.eu\/ro\/","name":"GeoStru EU","description":"Professionals at your service","publisher":{"@id":"https:\/\/www.geostru.eu\/ro\/#organization"},"potentialAction":[{"@type":"SearchAction","target":{"@type":"EntryPoint","urlTemplate":"https:\/\/www.geostru.eu\/ro\/?s={search_term_string}"},"query-input":{"@type":"PropertyValueSpecification","valueRequired":true,"valueName":"search_term_string"}}],"inLanguage":"ro-RO"},{"@type":"Organization","@id":"https:\/\/www.geostru.eu\/ro\/#organization","name":"GeoStru EU","url":"https:\/\/www.geostru.eu\/ro\/","logo":{"@type":"ImageObject","inLanguage":"ro-RO","@id":"https:\/\/www.geostru.eu\/ro\/#\/schema\/logo\/image\/","url":"https:\/\/www.geostru.eu\/wp-content\/uploads\/2023\/02\/LOGO_GEOSTRU_educational_banner.png","contentUrl":"https:\/\/www.geostru.eu\/wp-content\/uploads\/2023\/02\/LOGO_GEOSTRU_educational_banner.png","width":363,"height":115,"caption":"GeoStru EU"},"image":{"@id":"https:\/\/www.geostru.eu\/ro\/#\/schema\/logo\/image\/"},"sameAs":["https:\/\/www.facebook.com\/GeoStruSoftware\/","https:\/\/x.com\/geostru","https:\/\/www.linkedin.com\/company\/2462488\/admin\/","https:\/\/www.instagram.com\/geostru\/"]}]},"product_brand":"Android","product_price_amount":"0.00","product_price_currency":"EUR","og_availability":"instock","product_availability":"instock","product_retailer_item_id":"69","product_condition":"new"},"_links":{"self":[{"href":"https:\/\/www.geostru.eu\/ro\/wp-json\/wp\/v2\/product\/117711"}],"collection":[{"href":"https:\/\/www.geostru.eu\/ro\/wp-json\/wp\/v2\/product"}],"about":[{"href":"https:\/\/www.geostru.eu\/ro\/wp-json\/wp\/v2\/types\/product"}],"replies":[{"embeddable":true,"href":"https:\/\/www.geostru.eu\/ro\/wp-json\/wp\/v2\/comments?post=117711"}],"wp:featuredmedia":[{"embeddable":true,"href":"https:\/\/www.geostru.eu\/ro\/wp-json\/wp\/v2\/media\/117640"}],"wp:attachment":[{"href":"https:\/\/www.geostru.eu\/ro\/wp-json\/wp\/v2\/media?parent=117711"}],"wp:term":[{"taxonomy":"product_cat","embeddable":true,"href":"https:\/\/www.geostru.eu\/ro\/wp-json\/wp\/v2\/product_cat?post=117711"},{"taxonomy":"product_tag","embeddable":true,"href":"https:\/\/www.geostru.eu\/ro\/wp-json\/wp\/v2\/product_tag?post=117711"}],"curies":[{"name":"wp","href":"https:\/\/api.w.org\/{rel}","templated":true}]}}