{"id":112664,"date":"2022-06-03T08:02:20","date_gmt":"2022-06-03T06:02:20","guid":{"rendered":"https:\/\/www.geostru.eu\/shop\/fara-categorie\/rock-mechanics-meccanica-delle-rocce-2\/"},"modified":"2025-02-20T14:35:07","modified_gmt":"2025-02-20T13:35:07","slug":"rock-mechanics-meccanica-delle-rocce-2","status":"publish","type":"product","link":"https:\/\/www.geostru.eu\/ro\/shop\/software-ro\/software-geologia-ro-2\/rock-mechanics-meccanica-delle-rocce-2\/","title":{"rendered":"Mecanica rocilor \u2013 Rock Mechanics"},"content":{"rendered":"<div class=\"wpb-content-wrapper\"><p>[vc_row][vc_column][vc_column_text]<\/p>\n<p style=\"text-align: justify;\"><strong>SISTEMUL BARTON Q<\/strong><br \/>\nDup\u0103 introducerea valorilor indicilor RQD (Rock Quality Designation), Jr (Joint Roughness Number), Jn (Joint Set Number), Ja (Joint Alteration Number), Jw (Joint Water Number), SRF (Stress Reduction Factor) \u0219i a rezisten\u021bei la compresiune uniaxial\u0103, programul calculeaz\u0103 indicele Q, clasa \u0219i calitatea masei de roc\u0103, indicele Q normalizat, componenta atritiv\u0103 FC, componenta de coeziune CC \u0219i modulul de deformare static\u0103.<\/p>\n<p style=\"text-align: justify;\"><strong>CLASIFICAREA GEOMECANIC\u0102 BENIAWSKI \u0218I ROMANA<\/strong><br \/>\nSe introduc valorile numerice A1, A2, A3, A4, A5 derivate din rezisten\u021ba rocii, din indicele RQD, din distan\u021ba dintre discontinuit\u0103\u021bi, din condi\u021biile de discontinuitate \u0219i hidraulice \u0219i se introduce coeficientul A6, care este indicele pentru dispunerea discontinuit\u0103\u021bilor, programul, folosind metoda Beniawski, calculeaz\u0103 RMRbase, RMRcorectat, clasa \u0219i calitatea masei de roc\u0103, modulul de deformare, indicele GSI (Geological Strenght index), coeziunea \u0219i unghiul de frecare al masei, at\u00e2t de v\u00e2rf, c\u00e2t \u0219i rezidual. \u00cen plus, prin introducerea valorilor factorilor F1 (care depinde de paralelismul dintre imersiunea frontala \u0219i imersiunea de joint), F2 (referitor la inclina\u021bia lui joint), F3 (care raporteaz\u0103 inclina\u021bia frontului la inclina\u021bia lui joint), F4 (referitor la metoda de excavare), programul, folosind metoda Romana, calculeaz\u0103 SMR, clasa \u0219i calitatea masei de roc\u0103, stabilitatea versantului, modul de rupere \u0219i tipul de lucr\u0103ri de stabilizare.<\/p>\n<p style=\"text-align: justify;\"><strong>CLASIFICAREA RMR MODIFICAT\u0102<\/strong><br \/>\nModificare efectuat\u0103 de Sen et all. la determinarea RMR f\u0103r\u0103 a schimba \u00een vreun fel clasificarea maselor de roc\u0103. Metoda propune calcularea RMR corectat\u0103 cu ajutorul unei ecua\u021bii simplificate care utilizeaz\u0103 valorile RQD, rezisten\u021ba rocilor, distan\u021ba dintre joints, condi\u021biile hidraulice exprimate ca func\u021bie de debitul \u0219i coeficien\u021bii numerici pentru discontinuitatea \u0219i orientarea a joint. \u00cen absen\u021ba sondajelor, \u00een loc de RQD, se introduce valoarea num\u0103rului mediu de joints. Dup\u0103 calcularea valorii RMR corectate, se ob\u021bin valorile clasei \u0219i calit\u0103\u021bii rocilor, coeziunea \u0219i unghiul de frecare.<\/p>\n<p style=\"text-align: justify;\"><strong>CLASIFICAREA ROBERTSON<\/strong><br \/>\nAceast\u0103 metod\u0103, cunoscut\u0103 sub numele de SRMR (Slope Rock Mass Rating), este derivat\u0103 din RMR-ul lui Beniawski \u0219i se aplic\u0103 numai la stabilitatea versan\u021bilor st\u00e2nco\u0219i cu valori SRMR &lt; 40. Valoarea SRMR se calculeaz\u0103 prin suma primilor patru parametri utiliza\u021bi \u00een calculul RMR. Dup\u0103 ce a fost calculat\u0103 valoarea SRMR, programul calculeaz\u0103 clasa \u0219i calitatea, coeziunea \u0219i unghiul de frecare a masivelor de roc\u0103.<\/p>\n<p style=\"text-align: justify;\"><strong>CLASIFICAREA SING &amp; GOEL<\/strong><br \/>\nDerivat din clasificarea Q a lui Barton, pentru aplicarea \u00een domeniul tunelurilor, prin inserarea valorilor indicilor RQD (Rock Quality Designation), Jr (Joint Roughness Number), Jn (Joint Set Number), Ja (Joint Alteration Number), Jw (Joint Water Number), se calculeaz\u0103 valoarea lui N (Rock Mass Number) \u0219i RCR (Rock Condition Rating). Odat\u0103 ob\u021binu\u021bi ace\u0219ti doi parametri \u0219i ad\u0103ugate valorile coeficien\u021bilor numerici A1 \u0219i A6 legate de rezisten\u021ba la compresiune a rocii intacte \u0219i, respectiv, de orientarea discontinuit\u0103\u021bilor, se calculeaz\u0103 RMR, Q \u0219i to\u021bi parametrii care deriv\u0103 din ace\u0219tia.<\/p>\n<p style=\"text-align: justify;\"><strong>CLASIFICAREA JASAREVIC &amp; KOVACEVIC<\/strong><br \/>\nDezvoltat pe forma\u021biunile carbonatice din Croa\u021bia, este derivat din sistemele RMR \u0219i Q. Sistemul de clasificare se bazeaz\u0103 pe atribuirea a cel pu\u021bin trei coeficien\u021bi numerici privind propriet\u0103\u021bile geomecanice \u0219i a cel pu\u021bin al\u021bi trei coeficien\u021bi privind propriet\u0103\u021bile geologice-inginere\u0219ti. Fiec\u0103ruia dintre ace\u0219ti parametri i se atribuie valori din care se ob\u021bine indicele n, RMR corectat, clasa, calitatea, coeziunea, unghiul de frecare \u0219i modulul de deformabilitate al masei de roc\u0103.<\/p>\n<p style=\"text-align: justify;\"><strong>STABILITATEA PENEI 2D \u0218I 3D<\/strong><br \/>\nSe efectueaz\u0103 o analiz\u0103 a condi\u021biilor de stabilitate a unui bloc separat de o discontinuitate cu o \u00eenclina\u021bie mai mic\u0103 dec\u00e2t cea a frontului. Analiza se efectueaz\u0103 prin c\u0103utarea condi\u021biilor de echilibru numai a for\u021belor care ac\u021bioneaz\u0103 \u0219i neglij\u00e2nd echilibrul momentelor. Calculul se efectueaz\u0103 \u00een absen\u021ba sau \u00een prezen\u021ba unei fracturi de trac\u021biune deschise \u00een partea superioar\u0103 a versantului, \u00een absen\u021ba sau \u00een prezen\u021ba unui cutremur, \u00een absen\u021ba sau \u00een prezen\u021ba apei \u0219i \u00een absen\u021ba sau \u00een prezen\u021ba for\u021belor externe. \u00cen plus, programul efectueaz\u0103 verificarea at\u00e2t pe fronturi cu partea superioar\u0103 plan\u0103, c\u00e2t \u0219i pe fronturi cu partea superioar\u0103 \u00eenclinat\u0103.<\/p>\n<p>[\/vc_column_text][\/vc_column][\/vc_row]<\/p>\n<\/div>","protected":false},"excerpt":{"rendered":"<p style=\"text-align: justify;\"><strong>Rock Mechanics<\/strong> este o colec\u021bie de 10 software pentru mecanica rocilor, care const\u0103 \u00een:<\/p>\n<ul style=\"text-align: justify;\">\n<li>Clasificare geomecanic\u0103: Barton, Bieniawki, la care e asociat\u0103 clasificarea Romana, Sen, Robertson, Sing &amp; Goel, Jasarevic &amp; Kovacevic.<\/li>\n<li>Analiza stabilit\u0103\u021bii: alunecare plan\u0103, alunecare tridimensional\u0103, evaluarea for\u021bei de impact a unui bolovan, predic\u021bia fenomenului de pr\u0103bu\u0219ire \u00een caz de cutremur.<\/li>\n<\/ul>\n<p style=\"text-align: justify;\">Softul se interfa\u021beaz\u0103 cu alte softuri Geostru de mecanic\u0103 a rocilor: <strong>Georock 2D, Georock 3D, Rocklab, G.M.S.<\/strong> (<em>GeoMechanical Survey<\/em>) \u0219i <strong>EgeoCompass<\/strong> (<em>Digital Compass<\/em>),\u00a0<strong><a href=\"http:\/\/maps.geoapp.eu\">Geostru MAPS<\/a>.<\/strong><\/p>\n","protected":false},"featured_media":15189,"comment_status":"closed","ping_status":"closed","template":"","meta":[],"product_cat":[530,85,83],"product_tag":[8597],"class_list":{"0":"post-112664","1":"product","2":"type-product","3":"status-publish","4":"has-post-thumbnail","6":"product_cat-software-geologia-ro-2","7":"product_cat-geotehnica-si-geologie","8":"product_cat-geomecanica","9":"product_tag-rock-mechanics-ro","10":"description-off","12":"first","13":"instock","14":"downloadable","15":"virtual","16":"sold-individually","17":"taxable","18":"purchasable","19":"product-type-licensed"},"yoast_head":"<!-- This site is optimized with the Yoast SEO Premium plugin v25.0 (Yoast SEO v25.0) - https:\/\/yoast.com\/wordpress\/plugins\/seo\/ -->\n<title>Mecanica rocilor \u2013 Rock Mechanics - GeoStru EU<\/title>\n<meta name=\"description\" content=\"Rock Mechanics \u00e8 una suite di 10 software per la meccanica delle rocce. Il software si interfaccia con altri software Geostru per la meccanica delle rocce.\" \/>\n<meta name=\"robots\" content=\"index, follow, max-snippet:-1, max-image-preview:large, max-video-preview:-1\" \/>\n<link rel=\"canonical\" href=\"https:\/\/www.geostru.eu\/ro\/shop\/software-ro\/software-geologia-ro-2\/rock-mechanics-meccanica-delle-rocce-2\/\" \/>\n<meta property=\"og:locale\" content=\"ro_RO\" \/>\n<meta property=\"og:type\" content=\"article\" \/>\n<meta property=\"og:title\" content=\"Mecanica rocilor \u2013 Rock Mechanics\" \/>\n<meta property=\"og:description\" content=\"Rock Mechanics \u00e8 una suite di 10 software per la meccanica delle rocce. Il software si interfaccia con altri software Geostru per la meccanica delle rocce.\" \/>\n<meta property=\"og:url\" content=\"https:\/\/www.geostru.eu\/ro\/shop\/software-ro\/software-geologia-ro-2\/rock-mechanics-meccanica-delle-rocce-2\/\" \/>\n<meta property=\"og:site_name\" content=\"GeoStru EU\" \/>\n<meta property=\"article:publisher\" content=\"https:\/\/www.facebook.com\/GeoStruSoftware\/\" \/>\n<meta property=\"article:modified_time\" content=\"2025-02-20T13:35:07+00:00\" \/>\n<meta property=\"og:image\" content=\"https:\/\/www.geostru.eu\/wp-content\/uploads\/2015\/06\/Rock_mecc.png\" \/>\n\t<meta property=\"og:image:width\" content=\"1936\" \/>\n\t<meta property=\"og:image:height\" content=\"1040\" \/>\n\t<meta property=\"og:image:type\" content=\"image\/png\" \/>\n<meta name=\"twitter:card\" content=\"summary_large_image\" \/>\n<meta name=\"twitter:site\" content=\"@geostru\" \/>\n<meta name=\"twitter:label1\" content=\"Pre\u021b\" \/>\n\t<meta name=\"twitter:data1\" content=\"&euro;390.00 f\u0103r\u0103 TVA\" \/>\n\t<meta name=\"twitter:label2\" content=\"Disponibilitate\" \/>\n\t<meta name=\"twitter:data2\" content=\"\u00cen stoc\" \/>\n<script type=\"application\/ld+json\" class=\"yoast-schema-graph\">{\"@context\":\"https:\/\/schema.org\",\"@graph\":[{\"@type\":\"WebPage\",\"@id\":\"https:\/\/www.geostru.eu\/ro\/shop\/software-ro\/software-geologia-ro-2\/rock-mechanics-meccanica-delle-rocce-2\/\",\"url\":\"https:\/\/www.geostru.eu\/ro\/shop\/software-ro\/software-geologia-ro-2\/rock-mechanics-meccanica-delle-rocce-2\/\",\"name\":\"Mecanica rocilor \u2013 Rock Mechanics - GeoStru EU\",\"isPartOf\":{\"@id\":\"https:\/\/www.geostru.eu\/ro\/#website\"},\"primaryImageOfPage\":{\"@id\":\"https:\/\/www.geostru.eu\/ro\/shop\/software-ro\/software-geologia-ro-2\/rock-mechanics-meccanica-delle-rocce-2\/#primaryimage\"},\"image\":{\"@id\":\"https:\/\/www.geostru.eu\/ro\/shop\/software-ro\/software-geologia-ro-2\/rock-mechanics-meccanica-delle-rocce-2\/#primaryimage\"},\"thumbnailUrl\":\"https:\/\/www.geostru.eu\/wp-content\/uploads\/2015\/06\/Rock_mecc.png\",\"datePublished\":\"2022-06-03T06:02:20+00:00\",\"dateModified\":\"2025-02-20T13:35:07+00:00\",\"description\":\"Rock Mechanics \u00e8 una suite di 10 software per la meccanica delle rocce. Il software si interfaccia con altri software Geostru per la meccanica delle rocce.\",\"breadcrumb\":{\"@id\":\"https:\/\/www.geostru.eu\/ro\/shop\/software-ro\/software-geologia-ro-2\/rock-mechanics-meccanica-delle-rocce-2\/#breadcrumb\"},\"inLanguage\":\"ro-RO\",\"potentialAction\":[{\"@type\":\"ReadAction\",\"target\":[\"https:\/\/www.geostru.eu\/ro\/shop\/software-ro\/software-geologia-ro-2\/rock-mechanics-meccanica-delle-rocce-2\/\"]}]},{\"@type\":\"ImageObject\",\"inLanguage\":\"ro-RO\",\"@id\":\"https:\/\/www.geostru.eu\/ro\/shop\/software-ro\/software-geologia-ro-2\/rock-mechanics-meccanica-delle-rocce-2\/#primaryimage\",\"url\":\"https:\/\/www.geostru.eu\/wp-content\/uploads\/2015\/06\/Rock_mecc.png\",\"contentUrl\":\"https:\/\/www.geostru.eu\/wp-content\/uploads\/2015\/06\/Rock_mecc.png\",\"width\":1936,\"height\":1040},{\"@type\":\"BreadcrumbList\",\"@id\":\"https:\/\/www.geostru.eu\/ro\/shop\/software-ro\/software-geologia-ro-2\/rock-mechanics-meccanica-delle-rocce-2\/#breadcrumb\",\"itemListElement\":[{\"@type\":\"ListItem\",\"position\":1,\"name\":\"Home\",\"item\":\"https:\/\/www.geostru.eu\/ro\/\"},{\"@type\":\"ListItem\",\"position\":2,\"name\":\"Shop\",\"item\":\"https:\/\/www.geostru.eu\/shop\/?lang=ro\"},{\"@type\":\"ListItem\",\"position\":3,\"name\":\"Mecanica rocilor \u2013 Rock Mechanics\"}]},{\"@type\":\"WebSite\",\"@id\":\"https:\/\/www.geostru.eu\/ro\/#website\",\"url\":\"https:\/\/www.geostru.eu\/ro\/\",\"name\":\"GeoStru EU\",\"description\":\"Professionals at your service\",\"publisher\":{\"@id\":\"https:\/\/www.geostru.eu\/ro\/#organization\"},\"potentialAction\":[{\"@type\":\"SearchAction\",\"target\":{\"@type\":\"EntryPoint\",\"urlTemplate\":\"https:\/\/www.geostru.eu\/ro\/?s={search_term_string}\"},\"query-input\":{\"@type\":\"PropertyValueSpecification\",\"valueRequired\":true,\"valueName\":\"search_term_string\"}}],\"inLanguage\":\"ro-RO\"},{\"@type\":\"Organization\",\"@id\":\"https:\/\/www.geostru.eu\/ro\/#organization\",\"name\":\"GeoStru EU\",\"url\":\"https:\/\/www.geostru.eu\/ro\/\",\"logo\":{\"@type\":\"ImageObject\",\"inLanguage\":\"ro-RO\",\"@id\":\"https:\/\/www.geostru.eu\/ro\/#\/schema\/logo\/image\/\",\"url\":\"https:\/\/www.geostru.eu\/wp-content\/uploads\/2023\/02\/LOGO_GEOSTRU_educational_banner.png\",\"contentUrl\":\"https:\/\/www.geostru.eu\/wp-content\/uploads\/2023\/02\/LOGO_GEOSTRU_educational_banner.png\",\"width\":363,\"height\":115,\"caption\":\"GeoStru EU\"},\"image\":{\"@id\":\"https:\/\/www.geostru.eu\/ro\/#\/schema\/logo\/image\/\"},\"sameAs\":[\"https:\/\/www.facebook.com\/GeoStruSoftware\/\",\"https:\/\/x.com\/geostru\",\"https:\/\/www.linkedin.com\/company\/2462488\/admin\/\",\"https:\/\/www.instagram.com\/geostru\/\"]}]}<\/script>\n<meta property=\"product:brand\" content=\"Geologie\" \/>\n<meta property=\"product:price:amount\" content=\"390.00\" \/>\n<meta property=\"product:price:currency\" content=\"EUR\" \/>\n<meta property=\"og:availability\" content=\"instock\" \/>\n<meta property=\"product:availability\" content=\"instock\" \/>\n<meta property=\"product:retailer_item_id\" content=\"18\" \/>\n<meta property=\"product:condition\" content=\"new\" \/>\n<!-- \/ Yoast SEO Premium plugin. -->","yoast_head_json":{"title":"Mecanica rocilor \u2013 Rock Mechanics - GeoStru EU","description":"Rock Mechanics \u00e8 una suite di 10 software per la meccanica delle rocce. Il software si interfaccia con altri software Geostru per la meccanica delle rocce.","robots":{"index":"index","follow":"follow","max-snippet":"max-snippet:-1","max-image-preview":"max-image-preview:large","max-video-preview":"max-video-preview:-1"},"canonical":"https:\/\/www.geostru.eu\/ro\/shop\/software-ro\/software-geologia-ro-2\/rock-mechanics-meccanica-delle-rocce-2\/","og_locale":"ro_RO","og_type":"article","og_title":"Mecanica rocilor \u2013 Rock Mechanics","og_description":"Rock Mechanics \u00e8 una suite di 10 software per la meccanica delle rocce. Il software si interfaccia con altri software Geostru per la meccanica delle rocce.","og_url":"https:\/\/www.geostru.eu\/ro\/shop\/software-ro\/software-geologia-ro-2\/rock-mechanics-meccanica-delle-rocce-2\/","og_site_name":"GeoStru EU","article_publisher":"https:\/\/www.facebook.com\/GeoStruSoftware\/","article_modified_time":"2025-02-20T13:35:07+00:00","og_image":[{"width":1936,"height":1040,"url":"https:\/\/www.geostru.eu\/wp-content\/uploads\/2015\/06\/Rock_mecc.png","type":"image\/png"}],"twitter_card":"summary_large_image","twitter_site":"@geostru","twitter_misc":{"Pre\u021b":"&euro;390.00 f\u0103r\u0103 TVA","Disponibilitate":"\u00cen stoc"},"schema":{"@context":"https:\/\/schema.org","@graph":[{"@type":"WebPage","@id":"https:\/\/www.geostru.eu\/ro\/shop\/software-ro\/software-geologia-ro-2\/rock-mechanics-meccanica-delle-rocce-2\/","url":"https:\/\/www.geostru.eu\/ro\/shop\/software-ro\/software-geologia-ro-2\/rock-mechanics-meccanica-delle-rocce-2\/","name":"Mecanica rocilor \u2013 Rock Mechanics - GeoStru EU","isPartOf":{"@id":"https:\/\/www.geostru.eu\/ro\/#website"},"primaryImageOfPage":{"@id":"https:\/\/www.geostru.eu\/ro\/shop\/software-ro\/software-geologia-ro-2\/rock-mechanics-meccanica-delle-rocce-2\/#primaryimage"},"image":{"@id":"https:\/\/www.geostru.eu\/ro\/shop\/software-ro\/software-geologia-ro-2\/rock-mechanics-meccanica-delle-rocce-2\/#primaryimage"},"thumbnailUrl":"https:\/\/www.geostru.eu\/wp-content\/uploads\/2015\/06\/Rock_mecc.png","datePublished":"2022-06-03T06:02:20+00:00","dateModified":"2025-02-20T13:35:07+00:00","description":"Rock Mechanics \u00e8 una suite di 10 software per la meccanica delle rocce. Il software si interfaccia con altri software Geostru per la meccanica delle rocce.","breadcrumb":{"@id":"https:\/\/www.geostru.eu\/ro\/shop\/software-ro\/software-geologia-ro-2\/rock-mechanics-meccanica-delle-rocce-2\/#breadcrumb"},"inLanguage":"ro-RO","potentialAction":[{"@type":"ReadAction","target":["https:\/\/www.geostru.eu\/ro\/shop\/software-ro\/software-geologia-ro-2\/rock-mechanics-meccanica-delle-rocce-2\/"]}]},{"@type":"ImageObject","inLanguage":"ro-RO","@id":"https:\/\/www.geostru.eu\/ro\/shop\/software-ro\/software-geologia-ro-2\/rock-mechanics-meccanica-delle-rocce-2\/#primaryimage","url":"https:\/\/www.geostru.eu\/wp-content\/uploads\/2015\/06\/Rock_mecc.png","contentUrl":"https:\/\/www.geostru.eu\/wp-content\/uploads\/2015\/06\/Rock_mecc.png","width":1936,"height":1040},{"@type":"BreadcrumbList","@id":"https:\/\/www.geostru.eu\/ro\/shop\/software-ro\/software-geologia-ro-2\/rock-mechanics-meccanica-delle-rocce-2\/#breadcrumb","itemListElement":[{"@type":"ListItem","position":1,"name":"Home","item":"https:\/\/www.geostru.eu\/ro\/"},{"@type":"ListItem","position":2,"name":"Shop","item":"https:\/\/www.geostru.eu\/shop\/?lang=ro"},{"@type":"ListItem","position":3,"name":"Mecanica rocilor \u2013 Rock Mechanics"}]},{"@type":"WebSite","@id":"https:\/\/www.geostru.eu\/ro\/#website","url":"https:\/\/www.geostru.eu\/ro\/","name":"GeoStru EU","description":"Professionals at your service","publisher":{"@id":"https:\/\/www.geostru.eu\/ro\/#organization"},"potentialAction":[{"@type":"SearchAction","target":{"@type":"EntryPoint","urlTemplate":"https:\/\/www.geostru.eu\/ro\/?s={search_term_string}"},"query-input":{"@type":"PropertyValueSpecification","valueRequired":true,"valueName":"search_term_string"}}],"inLanguage":"ro-RO"},{"@type":"Organization","@id":"https:\/\/www.geostru.eu\/ro\/#organization","name":"GeoStru EU","url":"https:\/\/www.geostru.eu\/ro\/","logo":{"@type":"ImageObject","inLanguage":"ro-RO","@id":"https:\/\/www.geostru.eu\/ro\/#\/schema\/logo\/image\/","url":"https:\/\/www.geostru.eu\/wp-content\/uploads\/2023\/02\/LOGO_GEOSTRU_educational_banner.png","contentUrl":"https:\/\/www.geostru.eu\/wp-content\/uploads\/2023\/02\/LOGO_GEOSTRU_educational_banner.png","width":363,"height":115,"caption":"GeoStru EU"},"image":{"@id":"https:\/\/www.geostru.eu\/ro\/#\/schema\/logo\/image\/"},"sameAs":["https:\/\/www.facebook.com\/GeoStruSoftware\/","https:\/\/x.com\/geostru","https:\/\/www.linkedin.com\/company\/2462488\/admin\/","https:\/\/www.instagram.com\/geostru\/"]}]},"product_brand":"Geologie","product_price_amount":"390.00","product_price_currency":"EUR","og_availability":"instock","product_availability":"instock","product_retailer_item_id":"18","product_condition":"new"},"_links":{"self":[{"href":"https:\/\/www.geostru.eu\/ro\/wp-json\/wp\/v2\/product\/112664"}],"collection":[{"href":"https:\/\/www.geostru.eu\/ro\/wp-json\/wp\/v2\/product"}],"about":[{"href":"https:\/\/www.geostru.eu\/ro\/wp-json\/wp\/v2\/types\/product"}],"replies":[{"embeddable":true,"href":"https:\/\/www.geostru.eu\/ro\/wp-json\/wp\/v2\/comments?post=112664"}],"wp:featuredmedia":[{"embeddable":true,"href":"https:\/\/www.geostru.eu\/ro\/wp-json\/wp\/v2\/media\/15189"}],"wp:attachment":[{"href":"https:\/\/www.geostru.eu\/ro\/wp-json\/wp\/v2\/media?parent=112664"}],"wp:term":[{"taxonomy":"product_cat","embeddable":true,"href":"https:\/\/www.geostru.eu\/ro\/wp-json\/wp\/v2\/product_cat?post=112664"},{"taxonomy":"product_tag","embeddable":true,"href":"https:\/\/www.geostru.eu\/ro\/wp-json\/wp\/v2\/product_tag?post=112664"}],"curies":[{"name":"wp","href":"https:\/\/api.w.org\/{rel}","templated":true}]}}