{"id":82827,"date":"2017-09-18T12:05:08","date_gmt":"2017-09-18T10:05:08","guid":{"rendered":"https:\/\/www.geostru.eu\/privacy-policy\/"},"modified":"2022-11-30T14:13:24","modified_gmt":"2022-11-30T13:13:24","slug":"privacy-policy","status":"publish","type":"page","link":"https:\/\/www.geostru.eu\/ro\/privacy-policy\/","title":{"rendered":"Politica de confiden\u021bialitate"},"content":{"rendered":"<div class=\"wpb-content-wrapper\"><p>[vc_row][vc_column][vc_column_text]<\/p>\n<h3 style=\"text-align: justify\">Urm\u0103toarele informa\u021bii sunt furnizate conform Regulamentului European (UE) 2016\/679 privind protec\u021bia datelor cu caracter personal.<\/h3>\n<p style=\"text-align: justify\"><strong><br \/>\nControlor de date<\/strong><br \/>\nEngSoft S.R.L. cu sediul \u00een Cluj-Napoca, Uniunea European\u0103, Rom\u00e2nia &#8211; TVA RO30277934 &#8211; info@geostru.eu<\/p>\n<p style=\"text-align: justify\"><strong><br \/>\nModul de tratare<\/strong><br \/>\nTitularul folose\u0219te datele personale ale utilizatorilor, \u00een deplin\u0103 conformitate cu dispozi\u021biile Regulamentului\u00a0<strong>2016\/679 Regulamentul UE<\/strong>\u00a0\/ Aspecte generale privind protec\u021bia datelor (GDPR), noile reguli \u0219i explica\u021bii ale UE \u00een ceea ce prive\u0219te protec\u021bia datelor cu caracter personal, cu care Uniunea European\u0103 are a introdus noi norme privind protec\u021bia datelor cu caracter personal, prin adoptarea unor m\u0103suri de securitate adecvate pentru a preveni accesul neautorizat, divulgarea, modificarea sau distrugerea datelor cu caracter personal. Procesarea se realizeaz\u0103 utiliz\u00e2nd instrumente informatice \u0219i \/ sau telematice, cu metode organiza\u021bionale \u0219i cu logic\u0103 strict legat\u0103 de scopurile indicate. \u00cen plus fa\u021b\u0103 de datele, \u00een unele cazuri, acestea pot avea acces la categorii de date personalului implicat \u00een Site (administrativ, comercial, de marketing, juridic, administratorii de sistem) sau p\u0103r\u021bi externe (cum ar fi serviciile tehnice ter\u021b\u0103 parte, operatorii de transport e-mail, furnizori de hosting, companii IT, agen\u021bii de comunicare). Natur\u0103 furniz\u0103rii de date este op\u021bional\u0103. Refuzul de a r\u0103spunde implic\u0103 imposibilitatea furniz\u0103rii serviciului solicitat.<br \/>\nDetalii privind prelucrarea datelor cu caracter personal<br \/>\nDatele personale sunt colectate \u00een urm\u0103toarele scopuri \u0219i utiliz\u00e2nd urm\u0103toarele servicii:<\/p>\n<p style=\"text-align: justify\"><strong><br \/>\nList\u0103 de coresponden\u021b\u0103 sau buletin informativ<\/strong><br \/>\nPrin \u00eenregistrarea la lista de e-mail sau buletinul informativ, adresa de e-mail a utilizatorului este ad\u0103ugat \u00een mod automat la o list\u0103 de contacte care pot fi transmise mesajele de e-mail care con\u021b\u00een informa\u021bii de natur\u0103 comercial\u0103 sau de promovare. Adresa de e-mail a Utilizatorului ar putea fi, de asemenea, ad\u0103ugat\u0103 la aceast\u0103 list\u0103 c\u0103 urmare a \u00eenregistr\u0103rii \u00een aceast\u0103 aplica\u021bie sau dup\u0103 efectuarea unei achizi\u021bii.<br \/>\nDatele personale colectate: Nume, Email, Nume, Num\u0103r de telefon \u0219i Profesie.<\/p>\n<p style=\"text-align: justify\"><strong><br \/>\nFormular de contact<\/strong><br \/>\nComplet\u00e2nd formularul de contact cu datele lor, utilizatorul consimte la utilizarea lor pentru a r\u0103spunde cererilor de informa\u021bii, citate sau orice alt tip indicat de antetul de formular.<br \/>\nDatele personale colectate: Nume, Email, Nume, Num\u0103r de telefon \u0219i Profesie.<\/p>\n<p style=\"text-align: justify\"><strong><br \/>\nInterac\u021biunea cu re\u021belele sociale \u0219i platformele externe<\/strong><br \/>\nAceste servicii v\u0103 permit s\u0103 face\u021bi interac\u021biuni cu re\u021belele sociale sau alte platforme externe direct din paginile acestei aplica\u021bii. Interac\u021biunile \u0219i informa\u021biile ob\u021binute prin aceast\u0103 aplica\u021bie sunt, \u00een orice caz, supuse set\u0103rilor de confiden\u021bialitate ale utilizatorului legate de fiecare re\u021bea social\u0103.<br \/>\nDac\u0103 este instalat un serviciu de interac\u021biune cu re\u021belele sociale, este posibil c\u0103, chiar dac\u0103 utilizatorii nu utilizeaz\u0103 serviciul, acelea\u0219i date de colectare a traficului referitoare la paginile \u00een care acesta este instalat.<\/p>\n<p>&nbsp;<\/p>\n<p style=\"text-align: justify\"><strong>C\u0103 butoane \u0219i widget-uri sociale Facebook (Facebook, Inc.)<\/strong><br \/>\nButonul &#8222;Caut&#8221; \u0219i widgeturile sociale Facebook sunt servicii de interac\u021biune cu re\u021beaua social\u0103 Facebook, furnizat\u0103 de Facebook, Inc.<br \/>\nDatele personale colectate: cookie-urile \u0219i datele de utilizare.<br \/>\nLocul de procesare: SUA &#8211; Politic\u0103 de confiden\u021bialitate<\/p>\n<p style=\"text-align: justify\"><strong><br \/>\nButonul +1 \u0219i widgeturile sociale Google+ (Google Inc.)<\/strong><br \/>\nButonul +1 \u0219i widgeturile sociale Google+ sunt servicii pentru a interac\u021biona cu re\u021beaua social\u0103 Google+ furnizat\u0103 de Google Inc.<br \/>\nDatele personale colectate: cookie-urile \u0219i datele de utilizare.<br \/>\nLocul de procesare: SUA &#8211; Politic\u0103 de confiden\u021bialitate<\/p>\n<p style=\"text-align: justify\"><strong><br \/>\nStatistic\u0103<\/strong><br \/>\nServiciile con\u021binute \u00een aceast\u0103 sec\u021biune permit Controlorului de date s\u0103 monitorizeze \u0219i s\u0103 analizeze datele de trafic \u0219i sunt folosite pentru a urm\u0103ri comportamentul utilizatorilor.<\/p>\n<p style=\"text-align: justify\"><strong><br \/>\nGoogle Analytics (Google Inc.)<\/strong><br \/>\nGoogle Analytics este un serviciu de analiz\u0103 web furnizat de Google Inc. (&#8222;Google&#8221;). Google utilizeaz\u0103 datele personale colectate pentru a urm\u0103ri \u0219i examina utilizarea acestei aplica\u021bii, compilarea de rapoarte \u0219i partajarea acestora cu alte servicii dezvoltate de Google.<br \/>\nGoogle poate utiliza datele personale pentru a contextualiza \u0219i personaliza anun\u021burile re\u021belei sale de publicitate.<br \/>\nDatele personale colectate: cookie-urile \u0219i datele de utilizare.<br \/>\nLocul de procesare: SUA &#8211; Politic\u0103 de confiden\u021bialitate &#8211; Opri\u021bi<\/p>\n<p style=\"text-align: justify\"><strong><br \/>\nWidgetul Google Maps (Google Inc.)<\/strong><br \/>\nH\u0103r\u021bi Google este un serviciu de vizualizare a h\u0103r\u021bilor gestionat de Google Inc. care permite acestei aplica\u021bii s\u0103 integreze astfel de con\u021binut \u00een paginile sale.<br \/>\nDatele personale colectate: cookie-urile \u0219i datele de utilizare.<br \/>\nLocul de procesare: SUA &#8211; Politic\u0103 de confiden\u021bialitate<\/p>\n<p style=\"text-align: justify\"><strong><br \/>\nYouTube<\/strong><br \/>\nYouTube este o platform\u0103 pentru partajarea \u0219i afi\u0219area videoclipurilor \u00eenc\u0103rcate de autori.<br \/>\nDatele personale colectate: cookie-urile \u0219i datele de utilizare.<br \/>\nLocul de procesare: SUA &#8211; Politic\u0103 de confiden\u021bialitate<\/p>\n<p style=\"text-align: justify\"><strong><br \/>\nLogare sistem \u0219i \u00eentre\u021binere<\/strong><br \/>\nPentru nevoile legate de operare \u0219i \u00eentre\u021binere, aceast\u0103 aplica\u021bie \u0219i orice servicii ale ter\u021bilor utilizate de aceast\u0103 pot colecta jurnale de sistem, care sunt fi\u0219iere care \u00eenregistreaz\u0103 interac\u021biunile \u0219i care pot con\u021bine, de asemenea, date personale, cum ar fi adresa IP a utilizatorului<\/p>\n<p>[\/vc_column_text][\/vc_column][\/vc_row]<\/p>\n<\/div>","protected":false},"excerpt":{"rendered":"<p>[vc_row][vc_column][vc_column_text] Urm\u0103toarele informa\u021bii sunt furnizate conform Regulamentului European (UE) 2016\/679 privind protec\u021bia datelor cu caracter personal. Controlor de date EngSoft S.R.L. cu sediul \u00een Cluj-Napoca, Uniunea European\u0103, Rom\u00e2nia &#8211; TVA RO30277934 &#8211; info@geostru.eu Modul de tratare Titularul folose\u0219te datele personale ale utilizatorilor, \u00een deplin\u0103 conformitate cu dispozi\u021biile Regulamentului\u00a02016\/679 Regulamentul UE\u00a0\/ Aspecte generale privind protec\u021bia datelor&hellip;<\/p>\n","protected":false},"author":216,"featured_media":0,"parent":0,"menu_order":0,"comment_status":"closed","ping_status":"closed","template":"","meta":{"footnotes":""},"class_list":["post-82827","page","type-page","status-publish","hentry","description-off"],"yoast_head":"<!-- This site is optimized with the Yoast SEO Premium plugin v25.0 (Yoast SEO v25.0) - https:\/\/yoast.com\/wordpress\/plugins\/seo\/ -->\n<title>Politica de confiden\u021bialitate - GeoStru EU<\/title>\n<meta name=\"robots\" content=\"index, follow, max-snippet:-1, max-image-preview:large, max-video-preview:-1\" \/>\n<link rel=\"canonical\" href=\"https:\/\/www.geostru.eu\/ro\/privacy-policy\/\" \/>\n<meta property=\"og:locale\" content=\"ro_RO\" \/>\n<meta property=\"og:type\" content=\"article\" \/>\n<meta property=\"og:title\" content=\"Politica de confiden\u021bialitate\" \/>\n<meta property=\"og:description\" content=\"[vc_row][vc_column][vc_column_text] Urm\u0103toarele informa\u021bii sunt furnizate conform Regulamentului European (UE) 2016\/679 privind protec\u021bia datelor cu caracter personal. Controlor de date EngSoft S.R.L. cu sediul \u00een Cluj-Napoca, Uniunea European\u0103, Rom\u00e2nia &#8211; TVA RO30277934 &#8211; info@geostru.eu Modul de tratare Titularul folose\u0219te datele personale ale utilizatorilor, \u00een deplin\u0103 conformitate cu dispozi\u021biile Regulamentului\u00a02016\/679 Regulamentul UE\u00a0\/ Aspecte generale privind protec\u021bia datelor&hellip;\" \/>\n<meta property=\"og:url\" content=\"https:\/\/www.geostru.eu\/ro\/privacy-policy\/\" \/>\n<meta property=\"og:site_name\" content=\"GeoStru EU\" \/>\n<meta property=\"article:publisher\" content=\"https:\/\/www.facebook.com\/GeoStruSoftware\/\" \/>\n<meta property=\"article:modified_time\" content=\"2022-11-30T13:13:24+00:00\" \/>\n<meta name=\"twitter:card\" content=\"summary_large_image\" \/>\n<meta name=\"twitter:site\" content=\"@geostru\" \/>\n<meta name=\"twitter:label1\" content=\"Timp estimat pentru citire\" \/>\n\t<meta name=\"twitter:data1\" content=\"4 minute\" \/>\n<script type=\"application\/ld+json\" class=\"yoast-schema-graph\">{\"@context\":\"https:\/\/schema.org\",\"@graph\":[{\"@type\":\"WebPage\",\"@id\":\"https:\/\/www.geostru.eu\/ro\/privacy-policy\/\",\"url\":\"https:\/\/www.geostru.eu\/ro\/privacy-policy\/\",\"name\":\"Politica de confiden\u021bialitate - GeoStru EU\",\"isPartOf\":{\"@id\":\"https:\/\/www.geostru.eu\/ro\/#website\"},\"datePublished\":\"2017-09-18T10:05:08+00:00\",\"dateModified\":\"2022-11-30T13:13:24+00:00\",\"breadcrumb\":{\"@id\":\"https:\/\/www.geostru.eu\/ro\/privacy-policy\/#breadcrumb\"},\"inLanguage\":\"ro-RO\",\"potentialAction\":[{\"@type\":\"ReadAction\",\"target\":[\"https:\/\/www.geostru.eu\/ro\/privacy-policy\/\"]}]},{\"@type\":\"BreadcrumbList\",\"@id\":\"https:\/\/www.geostru.eu\/ro\/privacy-policy\/#breadcrumb\",\"itemListElement\":[{\"@type\":\"ListItem\",\"position\":1,\"name\":\"Home\",\"item\":\"https:\/\/www.geostru.eu\/ro\/\"},{\"@type\":\"ListItem\",\"position\":2,\"name\":\"Politica de confiden\u021bialitate\"}]},{\"@type\":\"WebSite\",\"@id\":\"https:\/\/www.geostru.eu\/ro\/#website\",\"url\":\"https:\/\/www.geostru.eu\/ro\/\",\"name\":\"GeoStru EU\",\"description\":\"Professionals at your service\",\"publisher\":{\"@id\":\"https:\/\/www.geostru.eu\/ro\/#organization\"},\"potentialAction\":[{\"@type\":\"SearchAction\",\"target\":{\"@type\":\"EntryPoint\",\"urlTemplate\":\"https:\/\/www.geostru.eu\/ro\/?s={search_term_string}\"},\"query-input\":{\"@type\":\"PropertyValueSpecification\",\"valueRequired\":true,\"valueName\":\"search_term_string\"}}],\"inLanguage\":\"ro-RO\"},{\"@type\":\"Organization\",\"@id\":\"https:\/\/www.geostru.eu\/ro\/#organization\",\"name\":\"GeoStru EU\",\"url\":\"https:\/\/www.geostru.eu\/ro\/\",\"logo\":{\"@type\":\"ImageObject\",\"inLanguage\":\"ro-RO\",\"@id\":\"https:\/\/www.geostru.eu\/ro\/#\/schema\/logo\/image\/\",\"url\":\"https:\/\/www.geostru.eu\/wp-content\/uploads\/2023\/02\/LOGO_GEOSTRU_educational_banner.png\",\"contentUrl\":\"https:\/\/www.geostru.eu\/wp-content\/uploads\/2023\/02\/LOGO_GEOSTRU_educational_banner.png\",\"width\":363,\"height\":115,\"caption\":\"GeoStru EU\"},\"image\":{\"@id\":\"https:\/\/www.geostru.eu\/ro\/#\/schema\/logo\/image\/\"},\"sameAs\":[\"https:\/\/www.facebook.com\/GeoStruSoftware\/\",\"https:\/\/x.com\/geostru\",\"https:\/\/www.linkedin.com\/company\/2462488\/admin\/\",\"https:\/\/www.instagram.com\/geostru\/\"]}]}<\/script>\n<!-- \/ Yoast SEO Premium plugin. -->","yoast_head_json":{"title":"Politica de confiden\u021bialitate - GeoStru EU","robots":{"index":"index","follow":"follow","max-snippet":"max-snippet:-1","max-image-preview":"max-image-preview:large","max-video-preview":"max-video-preview:-1"},"canonical":"https:\/\/www.geostru.eu\/ro\/privacy-policy\/","og_locale":"ro_RO","og_type":"article","og_title":"Politica de confiden\u021bialitate","og_description":"[vc_row][vc_column][vc_column_text] Urm\u0103toarele informa\u021bii sunt furnizate conform Regulamentului European (UE) 2016\/679 privind protec\u021bia datelor cu caracter personal. Controlor de date EngSoft S.R.L. cu sediul \u00een Cluj-Napoca, Uniunea European\u0103, Rom\u00e2nia &#8211; TVA RO30277934 &#8211; info@geostru.eu Modul de tratare Titularul folose\u0219te datele personale ale utilizatorilor, \u00een deplin\u0103 conformitate cu dispozi\u021biile Regulamentului\u00a02016\/679 Regulamentul UE\u00a0\/ Aspecte generale privind protec\u021bia datelor&hellip;","og_url":"https:\/\/www.geostru.eu\/ro\/privacy-policy\/","og_site_name":"GeoStru EU","article_publisher":"https:\/\/www.facebook.com\/GeoStruSoftware\/","article_modified_time":"2022-11-30T13:13:24+00:00","twitter_card":"summary_large_image","twitter_site":"@geostru","twitter_misc":{"Timp estimat pentru citire":"4 minute"},"schema":{"@context":"https:\/\/schema.org","@graph":[{"@type":"WebPage","@id":"https:\/\/www.geostru.eu\/ro\/privacy-policy\/","url":"https:\/\/www.geostru.eu\/ro\/privacy-policy\/","name":"Politica de confiden\u021bialitate - GeoStru EU","isPartOf":{"@id":"https:\/\/www.geostru.eu\/ro\/#website"},"datePublished":"2017-09-18T10:05:08+00:00","dateModified":"2022-11-30T13:13:24+00:00","breadcrumb":{"@id":"https:\/\/www.geostru.eu\/ro\/privacy-policy\/#breadcrumb"},"inLanguage":"ro-RO","potentialAction":[{"@type":"ReadAction","target":["https:\/\/www.geostru.eu\/ro\/privacy-policy\/"]}]},{"@type":"BreadcrumbList","@id":"https:\/\/www.geostru.eu\/ro\/privacy-policy\/#breadcrumb","itemListElement":[{"@type":"ListItem","position":1,"name":"Home","item":"https:\/\/www.geostru.eu\/ro\/"},{"@type":"ListItem","position":2,"name":"Politica de confiden\u021bialitate"}]},{"@type":"WebSite","@id":"https:\/\/www.geostru.eu\/ro\/#website","url":"https:\/\/www.geostru.eu\/ro\/","name":"GeoStru EU","description":"Professionals at your service","publisher":{"@id":"https:\/\/www.geostru.eu\/ro\/#organization"},"potentialAction":[{"@type":"SearchAction","target":{"@type":"EntryPoint","urlTemplate":"https:\/\/www.geostru.eu\/ro\/?s={search_term_string}"},"query-input":{"@type":"PropertyValueSpecification","valueRequired":true,"valueName":"search_term_string"}}],"inLanguage":"ro-RO"},{"@type":"Organization","@id":"https:\/\/www.geostru.eu\/ro\/#organization","name":"GeoStru EU","url":"https:\/\/www.geostru.eu\/ro\/","logo":{"@type":"ImageObject","inLanguage":"ro-RO","@id":"https:\/\/www.geostru.eu\/ro\/#\/schema\/logo\/image\/","url":"https:\/\/www.geostru.eu\/wp-content\/uploads\/2023\/02\/LOGO_GEOSTRU_educational_banner.png","contentUrl":"https:\/\/www.geostru.eu\/wp-content\/uploads\/2023\/02\/LOGO_GEOSTRU_educational_banner.png","width":363,"height":115,"caption":"GeoStru EU"},"image":{"@id":"https:\/\/www.geostru.eu\/ro\/#\/schema\/logo\/image\/"},"sameAs":["https:\/\/www.facebook.com\/GeoStruSoftware\/","https:\/\/x.com\/geostru","https:\/\/www.linkedin.com\/company\/2462488\/admin\/","https:\/\/www.instagram.com\/geostru\/"]}]}},"_links":{"self":[{"href":"https:\/\/www.geostru.eu\/ro\/wp-json\/wp\/v2\/pages\/82827"}],"collection":[{"href":"https:\/\/www.geostru.eu\/ro\/wp-json\/wp\/v2\/pages"}],"about":[{"href":"https:\/\/www.geostru.eu\/ro\/wp-json\/wp\/v2\/types\/page"}],"author":[{"embeddable":true,"href":"https:\/\/www.geostru.eu\/ro\/wp-json\/wp\/v2\/users\/216"}],"replies":[{"embeddable":true,"href":"https:\/\/www.geostru.eu\/ro\/wp-json\/wp\/v2\/comments?post=82827"}],"version-history":[{"count":3,"href":"https:\/\/www.geostru.eu\/ro\/wp-json\/wp\/v2\/pages\/82827\/revisions"}],"predecessor-version":[{"id":138227,"href":"https:\/\/www.geostru.eu\/ro\/wp-json\/wp\/v2\/pages\/82827\/revisions\/138227"}],"wp:attachment":[{"href":"https:\/\/www.geostru.eu\/ro\/wp-json\/wp\/v2\/media?parent=82827"}],"curies":[{"name":"wp","href":"https:\/\/api.w.org\/{rel}","templated":true}]}}