{"id":58915,"date":"2015-05-25T13:38:29","date_gmt":"2015-05-25T13:38:29","guid":{"rendered":"https:\/\/www.geostru.eu\/work-with-us-geostru\/"},"modified":"2022-11-29T09:59:03","modified_gmt":"2022-11-29T08:59:03","slug":"work-with-us-geostru","status":"publish","type":"page","link":"https:\/\/www.geostru.eu\/ro\/work-with-us-geostru\/","title":{"rendered":"Lucreaz\u0103 cu noi"},"content":{"rendered":"<div class=\"wpb-content-wrapper\"><p>[vc_row margin_top=&#8221;30&#8243;][vc_column][vc_column_text]<\/p>\n<p style=\"text-align: justify;\">Compania noastr\u0103 este lider mondial \u00een produc\u021bia de software profesional pentru: inginerie \u00een construc\u021bii, geologie, geofizic\u0103, hidraulic\u0103, sectorul energetic.<\/p>\n<p style=\"text-align: justify;\">Biroul nostru de dezvoltare este situat \u00een Cluj-Napoca, Rom\u00e2nia.<\/p>\n<p>[\/vc_column_text][\/vc_column][\/vc_row][vc_row margin_top=&#8221;30&#8243;][vc_column][vc_column_text]<\/p>\n<h3 style=\"text-align: justify;\">Posturi disponibile<\/h3>\n<p style=\"text-align: justify;\"><strong>Software developer<\/strong><\/p>\n<p style=\"text-align: justify;\">Se ocup\u0103 de programarea object oriented \u0219i lucreaz\u0103 la dezvoltarea de aplica\u021bii de dimensiuni medii \u0219i mari utilizate la scar\u0103 global\u0103.<\/p>\n<p style=\"text-align: justify;\"><strong>Cerin\u021be<\/strong><\/p>\n<p style=\"text-align: justify;\">Licen\u021b\u0103 \u00een informatic\u0103 sau \u00een domenii conexe sau experien\u021b\u0103 echivalent\u0103;<br \/>\nCuno\u0219tin\u021be \u0219i experien\u021b\u0103 cu limbaje de programare, cum ar fi: C#, VB.NET, Java, Javascript, Go, Python sau altele;<br \/>\nCunoa\u0219terea conceptelor fundamentale ale program\u0103rii object oriented;<br \/>\nAbilitatea de a optimiza codul din punct de vedere al performan\u021bei\/ocup\u0103rii memoriei;<br \/>\nCapacitate de a lucra \u00een echip\u0103 \u0219i cu obiective, sim\u021b al responsabilit\u0103\u021bii;<br \/>\nAbilit\u0103\u021bi organizatorice, bune abilit\u0103\u021bi interpersonale, flexibilitate;<br \/>\nBuna cunoa\u0219tere a limbii engleze.<\/p>\n<p>[\/vc_column_text]<a href=\"mailto:info@geostru.tu\" class=\"btn-shortcode dt-btn-s dt-btn default-btn-color default-btn-hover-color default-btn-bg-color default-btn-bg-hover-color\" id=\"dt-btn-1\"><span>Trimite CV-ul<\/span><\/a>[vc_column_text]<strong>Analist<\/strong><\/p>\n<p style=\"text-align: justify;\">Analistul de cercetare face parte din echipa care dezvolt\u0103 solu\u021bii software \u0219tiin\u021bifice \u0219i tehnice. Acesta opereaz\u0103 \u00een mai multe domenii \u0219i r\u0103spunde nevoilor echipei de dezvoltare \u00een func\u021bie de expertiza sa tehnic\u0103, \u00eendepline\u0219te, de asemenea, func\u021bii de testare \u0219i verificare a cerin\u021belor de dezvoltare \u0219i de utilizare a software-ului.<\/p>\n<p><strong>Cerin\u021be<\/strong><\/p>\n<p style=\"text-align: justify;\">Licen\u021b\u0103 \u00een inginerie sau geologie;<br \/>\nCuno\u0219tin\u021be tehnice \u0219i IT adecvate;<br \/>\nCapacitate de a lucra \u00een echip\u0103 \u0219i cu obiective, sim\u021b al responsabilit\u0103\u021bii, motiva\u021bie \u0219i proactivitate Abilit\u0103\u021bi organizatorice de rezolvare a problemelor, bune abilit\u0103\u021bi interpersonale, flexibilitate;<br \/>\nBuna cunoa\u0219tere a limbii engleze.<\/p>\n<p>[\/vc_column_text]<a href=\"mailto:info@geostru.tu\" class=\"btn-shortcode dt-btn-s dt-btn default-btn-color default-btn-hover-color default-btn-bg-color default-btn-bg-hover-color\" id=\"dt-btn-2\"><span>Trimite CV-ul<\/span><\/a>[vc_column_text]<\/p>\n<p style=\"text-align: justify;\"><strong>Web Marketing<\/strong><\/p>\n<p style=\"text-align: justify;\">Specialistul \u00een marketing web lucreaz\u0103 la dezvoltarea \u0219i implementarea strategiilor digitale pentru promovarea \u0219i v\u00e2nzarea de produse \u0219i servicii.<\/p>\n<p><strong>Cerin\u021be<\/strong><\/p>\n<p style=\"text-align: justify;\">Licen\u021b\u0103 \u00een marketing, psihologie sau sociologie, \u0219tiin\u021bele comunic\u0103rii, \u0219tiin\u021be politice;<br \/>\nCompeten\u021be de redactare \u0219i Web Copywriting;<br \/>\nNo\u021biuni de baz\u0103 de programare web, user-experience \u0219i web usability design;<br \/>\nCunoa\u0219terea \u0219i experien\u021ba principalelor CMS-uri \u0219i proiectarea de interfe\u021be web, landing pages;<br \/>\nCunoa\u0219terea tehnicilor de Direct E-mail Marketing;<br \/>\nExperien\u021b\u0103 \u00een gestionarea campaniilor de Video, Content \u0219i Social Media Marketing;<br \/>\nExperien\u021b\u0103 \u00een utilizarea tehnicilor SEO \u0219i SEM;<br \/>\nExperien\u021b\u0103 \u00een utilizarea Google AdWords, Google Analytics \u0219i a altor aplica\u021bii de analiz\u0103 web;<br \/>\nExperien\u021b\u0103 \u00een utilizarea CRO (Conversion Rate Optimisation);<br \/>\nExperien\u021b\u0103 \u00een tehnicile de analiz\u0103 critic\u0103 \u0219i de monitorizare a datelor de pia\u021b\u0103 \u0219i a campaniilor de marketing. Capacitate de a lucra \u00een echip\u0103 \u0219i cu obiective, sim\u021b al responsabilit\u0103\u021bii, motiva\u021bie \u0219i proactivitate;<br \/>\nAbilit\u0103\u021bi organizatorice excelente, bune abilit\u0103\u021bi interpersonale, flexibilitate;<br \/>\nCunoa\u0219terea excelent\u0103 a limbii engleze.<\/p>\n<p>[\/vc_column_text]<a href=\"mailto:info@geostru.tu\" class=\"btn-shortcode dt-btn-s dt-btn default-btn-color default-btn-hover-color default-btn-bg-color default-btn-bg-hover-color\" id=\"dt-btn-3\"><span>Trimite CV-ul<\/span><\/a>[vc_column_text]<\/p>\n<p style=\"text-align: justify;\"><strong>Asistent tehnic pentru pie\u021bele externe<\/strong><\/p>\n<p style=\"text-align: justify;\">Asistentul tehnic face parte din echipa de asisten\u021b\u0103 pentru clien\u021bi. R\u0103spunde cu competen\u021b\u0103 \u0219i profesonalism la nevoile clientului. De asemenea, acesta efectueaz\u0103 testarea \u0219i verificarea cerin\u021belor de dezvoltare \u0219i utilizare a software-ului.<\/p>\n<p><strong>Cerin\u021be<\/strong><\/p>\n<p style=\"text-align: justify;\">Licen\u021b\u0103 \u00een inginerie sau geologie;<br \/>\nCompeten\u021be lingvistice solide (nivel C2 sau limba matern\u0103) \u00een una sau mai multe limbi str\u0103ine (\u00een special englez\u0103, francez\u0103, spaniol\u0103, german\u0103 \u0219i portughez\u0103), inclusiv \u00een ceea ce prive\u0219te limbajul tehnic \u0219i de specialitate al sectoarelor de referin\u021b\u0103 pentru companie;<br \/>\nOrientare c\u0103tre client;<br \/>\nAbilit\u0103\u021bi de rezolvare a problemelor;<br \/>\nCompeten\u021be tehnice \u0219i informatice;<br \/>\nAbilit\u0103\u021bi interpersonale bine dezvoltate.<\/p>\n<p>[\/vc_column_text]<a href=\"mailto:info@geostru.tu\" class=\"btn-shortcode dt-btn-s dt-btn default-btn-color default-btn-hover-color default-btn-bg-color default-btn-bg-hover-color\" id=\"dt-btn-4\"><span>Trimite CV-ul<\/span><\/a>[vc_column_text]<\/p>\n<p style=\"text-align: justify;\"><strong>Developer APP<\/strong><\/p>\n<p style=\"text-align: justify;\">Dezvolt\u0103 aplica\u021bii mobile pentru mediile iOS \u0219i Android.<\/p>\n<p><strong>Cerin\u021be<\/strong><\/p>\n<p style=\"text-align: justify;\">Licen\u021b\u0103 \u00een informatic\u0103 sau experien\u021b\u0103 echivalent\u0103;<br \/>\nExperien\u021b\u0103 \u00een dezvoltarea de aplica\u021bii iOS \u0219i Android;<br \/>\nConstituie un plus cuno\u0219tin\u021be \u0219i experien\u021b\u0103 \u00een utilizarea unor framework-uri precum Ionic, React Native, Xamarin sau altele;<br \/>\nAbilit\u0103\u021bi organizatorice, bune abilit\u0103\u021bi interpersonale, flexibilitate;<br \/>\nBuna cunoa\u0219tere a limbii engleze.<\/p>\n<p>[\/vc_column_text]<a href=\"mailto:info@geostru.tu\" class=\"btn-shortcode dt-btn-s dt-btn default-btn-color default-btn-hover-color default-btn-bg-color default-btn-bg-hover-color\" id=\"dt-btn-5\"><span>Trimite CV-ul<\/span><\/a>[vc_column_text]<\/p>\n<p style=\"text-align: justify;\"><strong>Back-End \u0219i Front-End Developer<\/strong><\/p>\n<p style=\"text-align: justify;\">Dezvoltarea de aplica\u021bii web.<\/p>\n<p><strong>Cerin\u021be<\/strong><\/p>\n<p style=\"text-align: justify;\">Licen\u021b\u0103 \u00een informatic\u0103 sau experien\u021b\u0103 echivalent\u0103;<br \/>\nCuno\u0219tin\u021be \u0219i experien\u021b\u0103 \u00een HTML5\/CSS3;<br \/>\nCuno\u0219tin\u021be aprofundate \u0219i experien\u021b\u0103 \u00een JavaScript (ES5 \/ES6) , Typescript;<br \/>\nCuno\u0219tin\u021be \u0219i experien\u021b\u0103, chiar \u0219i de baz\u0103, \u00een utilizarea unor framework-uri front-end moderne, cum ar fi Angular, React, Vue, Bootstrap sau altele;<br \/>\nFamiliaritate cu cele mai bune practici UI\/UX;<br \/>\nExperien\u021b\u0103 cu SQL;<br \/>\nExperien\u021b\u0103 \u00een utilizarea bazelor de date rela\u021bionale, cum ar fi PostgreSQL, MySQL, Microsoft SQL Server, Oracle sau altele;<br \/>\nExperien\u021b\u0103 de dezvoltare REST API;<br \/>\nExperien\u021b\u0103 \u00een medii server Linux sau Windows;<br \/>\nConstituie un plus cuno\u0219tin\u021be \u0219i experien\u021b\u0103 \u00een utilizarea cloud-urilor publice, cum ar fi AWS, Azure sau GCP;<br \/>\nCapacitate de a lucra \u00een echip\u0103 \u0219i cu obiective, sim\u021b al responsabilit\u0103\u021bii;<br \/>\nAbilit\u0103\u021bi organizatorice, bune abilit\u0103\u021bi interpersonale, flexibilitate;<br \/>\nBuna cunoa\u0219tere a limbii engleze.<\/p>\n<p>[\/vc_column_text]<a href=\"mailto:info@geostru.tu\" class=\"btn-shortcode dt-btn-s dt-btn default-btn-color default-btn-hover-color default-btn-bg-color default-btn-bg-hover-color\" id=\"dt-btn-6\"><span>Trimite CV-ul<\/span><\/a>[vc_column_text]<\/p>\n<p style=\"text-align: justify\"><strong>AI O IDEE PENTRU UN START-UP \u0218I DORE\u0218TI S\u0102 O REALIZEZI<\/strong><\/p>\n<p style=\"text-align: justify\">Nu este u\u0219or s\u0103 \u00ee\u021bi transforma\u021bi ideile \u00een realitate. Te putem sprijini \u00een realizarea lor cu asisten\u021b\u0103 360\u00b0 \u0219i sprijin financiar. Ajutorul nostru va face ca demararea \u0219i cre\u0219terea ideilor tale s\u0103 fie mai rapid\u0103. Contacteaz\u0103-ne pentru a ne trimite ideea ta, nu neap\u0103rat \u00een sectorul software.<\/p>\n<p>[\/vc_column_text][\/vc_column][\/vc_row][vc_row][vc_column][vc_column_text]<strong>CV-ul \u0219i orice documente pot fi trimise \u00een format zip la: info(at)geostru.eu<\/strong>[\/vc_column_text][\/vc_column][\/vc_row]<\/p>\n<\/div>","protected":false},"excerpt":{"rendered":"<p>[vc_row margin_top=&#8221;30&#8243;][vc_column][vc_column_text] Compania noastr\u0103 este lider mondial \u00een produc\u021bia de software profesional pentru: inginerie \u00een construc\u021bii, geologie, geofizic\u0103, hidraulic\u0103, sectorul energetic. Biroul nostru de dezvoltare este situat \u00een Cluj-Napoca, Rom\u00e2nia. [\/vc_column_text][\/vc_column][\/vc_row][vc_row margin_top=&#8221;30&#8243;][vc_column][vc_column_text] Posturi disponibile Software developer Se ocup\u0103 de programarea object oriented \u0219i lucreaz\u0103 la dezvoltarea de aplica\u021bii de dimensiuni medii \u0219i mari utilizate la&hellip;<\/p>\n","protected":false},"author":216,"featured_media":0,"parent":0,"menu_order":0,"comment_status":"closed","ping_status":"closed","template":"","meta":{"footnotes":""},"class_list":["post-58915","page","type-page","status-publish","hentry","description-off"],"yoast_head":"<!-- This site is optimized with the Yoast SEO Premium plugin v25.0 (Yoast SEO v25.0) - https:\/\/yoast.com\/wordpress\/plugins\/seo\/ -->\n<title>Work with us GEOSTRU<\/title>\n<meta name=\"description\" content=\"FOR OUR HEADQUARTERS IN CLUJ-NAPOCA WE ARE LOOKING FOR: SOFTWARE DEVELOPER, CIVIL ENGINEER, MARKETING SPECIALIST, STARTUP IDEA AND NEED SOME SUPPORT\" \/>\n<meta name=\"robots\" content=\"index, follow, max-snippet:-1, max-image-preview:large, max-video-preview:-1\" \/>\n<link rel=\"canonical\" href=\"https:\/\/www.geostru.eu\/ro\/work-with-us-geostru\/\" \/>\n<meta property=\"og:locale\" content=\"ro_RO\" \/>\n<meta property=\"og:type\" content=\"article\" \/>\n<meta property=\"og:title\" content=\"Lucreaz\u0103 cu noi\" \/>\n<meta property=\"og:description\" content=\"FOR OUR HEADQUARTERS IN CLUJ-NAPOCA WE ARE LOOKING FOR: SOFTWARE DEVELOPER, CIVIL ENGINEER, MARKETING SPECIALIST, STARTUP IDEA AND NEED SOME SUPPORT\" \/>\n<meta property=\"og:url\" content=\"https:\/\/www.geostru.eu\/ro\/work-with-us-geostru\/\" \/>\n<meta property=\"og:site_name\" content=\"GeoStru EU\" \/>\n<meta property=\"article:publisher\" content=\"https:\/\/www.facebook.com\/GeoStruSoftware\/\" \/>\n<meta property=\"article:modified_time\" content=\"2022-11-29T08:59:03+00:00\" \/>\n<meta property=\"og:image\" content=\"https:\/\/www.geostru.eu\/wp-content\/uploads\/2020\/05\/developer.jpg\" \/>\n<meta name=\"twitter:card\" content=\"summary_large_image\" \/>\n<meta name=\"twitter:site\" content=\"@geostru\" \/>\n<meta name=\"twitter:label1\" content=\"Timp estimat pentru citire\" \/>\n\t<meta name=\"twitter:data1\" content=\"5 minute\" \/>\n<script type=\"application\/ld+json\" class=\"yoast-schema-graph\">{\"@context\":\"https:\/\/schema.org\",\"@graph\":[{\"@type\":\"WebPage\",\"@id\":\"https:\/\/www.geostru.eu\/ro\/work-with-us-geostru\/\",\"url\":\"https:\/\/www.geostru.eu\/ro\/work-with-us-geostru\/\",\"name\":\"Work with us GEOSTRU\",\"isPartOf\":{\"@id\":\"https:\/\/www.geostru.eu\/ro\/#website\"},\"datePublished\":\"2015-05-25T13:38:29+00:00\",\"dateModified\":\"2022-11-29T08:59:03+00:00\",\"description\":\"FOR OUR HEADQUARTERS IN CLUJ-NAPOCA WE ARE LOOKING FOR: SOFTWARE DEVELOPER, CIVIL ENGINEER, MARKETING SPECIALIST, STARTUP IDEA AND NEED SOME SUPPORT\",\"breadcrumb\":{\"@id\":\"https:\/\/www.geostru.eu\/ro\/work-with-us-geostru\/#breadcrumb\"},\"inLanguage\":\"ro-RO\",\"potentialAction\":[{\"@type\":\"ReadAction\",\"target\":[\"https:\/\/www.geostru.eu\/ro\/work-with-us-geostru\/\"]}]},{\"@type\":\"BreadcrumbList\",\"@id\":\"https:\/\/www.geostru.eu\/ro\/work-with-us-geostru\/#breadcrumb\",\"itemListElement\":[{\"@type\":\"ListItem\",\"position\":1,\"name\":\"Home\",\"item\":\"https:\/\/www.geostru.eu\/ro\/\"},{\"@type\":\"ListItem\",\"position\":2,\"name\":\"Lucreaz\u0103 cu noi\"}]},{\"@type\":\"WebSite\",\"@id\":\"https:\/\/www.geostru.eu\/ro\/#website\",\"url\":\"https:\/\/www.geostru.eu\/ro\/\",\"name\":\"GeoStru EU\",\"description\":\"Professionals at your service\",\"publisher\":{\"@id\":\"https:\/\/www.geostru.eu\/ro\/#organization\"},\"potentialAction\":[{\"@type\":\"SearchAction\",\"target\":{\"@type\":\"EntryPoint\",\"urlTemplate\":\"https:\/\/www.geostru.eu\/ro\/?s={search_term_string}\"},\"query-input\":{\"@type\":\"PropertyValueSpecification\",\"valueRequired\":true,\"valueName\":\"search_term_string\"}}],\"inLanguage\":\"ro-RO\"},{\"@type\":\"Organization\",\"@id\":\"https:\/\/www.geostru.eu\/ro\/#organization\",\"name\":\"GeoStru EU\",\"url\":\"https:\/\/www.geostru.eu\/ro\/\",\"logo\":{\"@type\":\"ImageObject\",\"inLanguage\":\"ro-RO\",\"@id\":\"https:\/\/www.geostru.eu\/ro\/#\/schema\/logo\/image\/\",\"url\":\"https:\/\/www.geostru.eu\/wp-content\/uploads\/2023\/02\/LOGO_GEOSTRU_educational_banner.png\",\"contentUrl\":\"https:\/\/www.geostru.eu\/wp-content\/uploads\/2023\/02\/LOGO_GEOSTRU_educational_banner.png\",\"width\":363,\"height\":115,\"caption\":\"GeoStru EU\"},\"image\":{\"@id\":\"https:\/\/www.geostru.eu\/ro\/#\/schema\/logo\/image\/\"},\"sameAs\":[\"https:\/\/www.facebook.com\/GeoStruSoftware\/\",\"https:\/\/x.com\/geostru\",\"https:\/\/www.linkedin.com\/company\/2462488\/admin\/\",\"https:\/\/www.instagram.com\/geostru\/\"]}]}<\/script>\n<!-- \/ Yoast SEO Premium plugin. -->","yoast_head_json":{"title":"Work with us GEOSTRU","description":"FOR OUR HEADQUARTERS IN CLUJ-NAPOCA WE ARE LOOKING FOR: SOFTWARE DEVELOPER, CIVIL ENGINEER, MARKETING SPECIALIST, STARTUP IDEA AND NEED SOME SUPPORT","robots":{"index":"index","follow":"follow","max-snippet":"max-snippet:-1","max-image-preview":"max-image-preview:large","max-video-preview":"max-video-preview:-1"},"canonical":"https:\/\/www.geostru.eu\/ro\/work-with-us-geostru\/","og_locale":"ro_RO","og_type":"article","og_title":"Lucreaz\u0103 cu noi","og_description":"FOR OUR HEADQUARTERS IN CLUJ-NAPOCA WE ARE LOOKING FOR: SOFTWARE DEVELOPER, CIVIL ENGINEER, MARKETING SPECIALIST, STARTUP IDEA AND NEED SOME SUPPORT","og_url":"https:\/\/www.geostru.eu\/ro\/work-with-us-geostru\/","og_site_name":"GeoStru EU","article_publisher":"https:\/\/www.facebook.com\/GeoStruSoftware\/","article_modified_time":"2022-11-29T08:59:03+00:00","og_image":[{"url":"https:\/\/www.geostru.eu\/wp-content\/uploads\/2020\/05\/developer.jpg","type":"","width":"","height":""}],"twitter_card":"summary_large_image","twitter_site":"@geostru","twitter_misc":{"Timp estimat pentru citire":"5 minute"},"schema":{"@context":"https:\/\/schema.org","@graph":[{"@type":"WebPage","@id":"https:\/\/www.geostru.eu\/ro\/work-with-us-geostru\/","url":"https:\/\/www.geostru.eu\/ro\/work-with-us-geostru\/","name":"Work with us GEOSTRU","isPartOf":{"@id":"https:\/\/www.geostru.eu\/ro\/#website"},"datePublished":"2015-05-25T13:38:29+00:00","dateModified":"2022-11-29T08:59:03+00:00","description":"FOR OUR HEADQUARTERS IN CLUJ-NAPOCA WE ARE LOOKING FOR: SOFTWARE DEVELOPER, CIVIL ENGINEER, MARKETING SPECIALIST, STARTUP IDEA AND NEED SOME SUPPORT","breadcrumb":{"@id":"https:\/\/www.geostru.eu\/ro\/work-with-us-geostru\/#breadcrumb"},"inLanguage":"ro-RO","potentialAction":[{"@type":"ReadAction","target":["https:\/\/www.geostru.eu\/ro\/work-with-us-geostru\/"]}]},{"@type":"BreadcrumbList","@id":"https:\/\/www.geostru.eu\/ro\/work-with-us-geostru\/#breadcrumb","itemListElement":[{"@type":"ListItem","position":1,"name":"Home","item":"https:\/\/www.geostru.eu\/ro\/"},{"@type":"ListItem","position":2,"name":"Lucreaz\u0103 cu noi"}]},{"@type":"WebSite","@id":"https:\/\/www.geostru.eu\/ro\/#website","url":"https:\/\/www.geostru.eu\/ro\/","name":"GeoStru EU","description":"Professionals at your service","publisher":{"@id":"https:\/\/www.geostru.eu\/ro\/#organization"},"potentialAction":[{"@type":"SearchAction","target":{"@type":"EntryPoint","urlTemplate":"https:\/\/www.geostru.eu\/ro\/?s={search_term_string}"},"query-input":{"@type":"PropertyValueSpecification","valueRequired":true,"valueName":"search_term_string"}}],"inLanguage":"ro-RO"},{"@type":"Organization","@id":"https:\/\/www.geostru.eu\/ro\/#organization","name":"GeoStru EU","url":"https:\/\/www.geostru.eu\/ro\/","logo":{"@type":"ImageObject","inLanguage":"ro-RO","@id":"https:\/\/www.geostru.eu\/ro\/#\/schema\/logo\/image\/","url":"https:\/\/www.geostru.eu\/wp-content\/uploads\/2023\/02\/LOGO_GEOSTRU_educational_banner.png","contentUrl":"https:\/\/www.geostru.eu\/wp-content\/uploads\/2023\/02\/LOGO_GEOSTRU_educational_banner.png","width":363,"height":115,"caption":"GeoStru EU"},"image":{"@id":"https:\/\/www.geostru.eu\/ro\/#\/schema\/logo\/image\/"},"sameAs":["https:\/\/www.facebook.com\/GeoStruSoftware\/","https:\/\/x.com\/geostru","https:\/\/www.linkedin.com\/company\/2462488\/admin\/","https:\/\/www.instagram.com\/geostru\/"]}]}},"_links":{"self":[{"href":"https:\/\/www.geostru.eu\/ro\/wp-json\/wp\/v2\/pages\/58915"}],"collection":[{"href":"https:\/\/www.geostru.eu\/ro\/wp-json\/wp\/v2\/pages"}],"about":[{"href":"https:\/\/www.geostru.eu\/ro\/wp-json\/wp\/v2\/types\/page"}],"author":[{"embeddable":true,"href":"https:\/\/www.geostru.eu\/ro\/wp-json\/wp\/v2\/users\/216"}],"replies":[{"embeddable":true,"href":"https:\/\/www.geostru.eu\/ro\/wp-json\/wp\/v2\/comments?post=58915"}],"version-history":[{"count":1,"href":"https:\/\/www.geostru.eu\/ro\/wp-json\/wp\/v2\/pages\/58915\/revisions"}],"predecessor-version":[{"id":138138,"href":"https:\/\/www.geostru.eu\/ro\/wp-json\/wp\/v2\/pages\/58915\/revisions\/138138"}],"wp:attachment":[{"href":"https:\/\/www.geostru.eu\/ro\/wp-json\/wp\/v2\/media?parent=58915"}],"curies":[{"name":"wp","href":"https:\/\/api.w.org\/{rel}","templated":true}]}}