{"id":3463,"date":"2013-12-18T13:25:39","date_gmt":"2013-12-18T13:25:39","guid":{"rendered":"https:\/\/www.geostru.eu\/my-account-2\/"},"modified":"2022-11-30T09:38:29","modified_gmt":"2022-11-30T08:38:29","slug":"my-account","status":"publish","type":"page","link":"https:\/\/www.geostru.eu\/ro\/my-account\/","title":{"rendered":"Contul meu"},"content":{"rendered":"<div class=\"wpb-content-wrapper\"><p>[vc_row][vc_column][vc_column_text]<\/p>\n<h3 style=\"text-align: justify;\">Bun venit \u00een contul T\u0102U!<\/h3>\n<p>&nbsp;<\/p>\n<p>&nbsp;<\/p>\n<p style=\"text-align: justify;\"><img loading=\"lazy\" decoding=\"async\" class=\"size-full wp-image-27898 alignleft\" src=\"https:\/\/www.geostru.eu\/wp-content\/uploads\/2013\/12\/safe-open-1.png\" alt=\"safe open\" width=\"78\" height=\"74\" \/><\/p>\n<p style=\"text-align: justify;\"><span style=\"font-size: 14px; font-weight: normal;\">P\u0103streaz\u0103-\u021bi numele de utilizator \u0219i parol\u0103 \u00een siguran\u021b\u0103. <\/span><\/p>\n<p style=\"text-align: justify;\"><span style=\"font-size: 14px; font-weight: normal;\">Sistemul automat de licen\u021biere verific\u0103 pozi\u021bia geografic\u0103 \u00een care se face activarea licen\u021belor tale, \u00een cazul \u00een care sunt detectate activ\u0103ri multiple \u00een loca\u021bii diferite, licen\u021b\u0103 este suspendat\u0103.<\/span><\/p>\n<p>&nbsp;[\/vc_column_text][vc_column_text]<div class=\"woocommerce\"><\/div>[\/vc_column_text][vc_column_text]<strong><span style=\"color: #333333;\">Pentru a vedea fotografia profilului t\u0103u pe<\/span> <a href=\"https:\/\/www.geostru.eu\">geostru.eu<\/a><span style=\"color: #333333;\"> \u00eenregistreaz\u0103-te pe<\/span> <a href=\"http:\/\/en.gravatar.com\/\" target=\"_blank\" rel=\"noopener noreferrer\">gravatar.com<\/a><span style=\"color: #333333;\"> folosind aceea\u0219i adresa de e-mail pe care ai folosit-o pentru contul t\u0103u <\/span><a href=\"https:\/\/www.geostru.eu\">geostru.eu<\/a><\/strong>[\/vc_column_text][\/vc_column][\/vc_row][vc_row][vc_column][vc_empty_space height=&#8221;30px&#8221;][\/vc_column][\/vc_row][vc_row][vc_column][\/vc_column][\/vc_row][vc_row][vc_column][\/vc_column][\/vc_row]<\/p>\n<\/div>","protected":false},"excerpt":{"rendered":"<p>[vc_row][vc_column][vc_column_text] Bun venit \u00een contul T\u0102U! &nbsp; &nbsp; P\u0103streaz\u0103-\u021bi numele de utilizator \u0219i parol\u0103 \u00een siguran\u021b\u0103. Sistemul automat de licen\u021biere verific\u0103 pozi\u021bia geografic\u0103 \u00een care se face activarea licen\u021belor tale, \u00een cazul \u00een care sunt detectate activ\u0103ri multiple \u00een loca\u021bii diferite, licen\u021b\u0103 este suspendat\u0103. &nbsp;[\/vc_column_text][vc_column_text][\/vc_column_text][vc_column_text]Pentru a vedea fotografia profilului t\u0103u pe geostru.eu \u00eenregistreaz\u0103-te pe gravatar.com&hellip;<\/p>\n","protected":false},"author":216,"featured_media":0,"parent":0,"menu_order":4,"comment_status":"closed","ping_status":"closed","template":"","meta":{"footnotes":""},"class_list":["post-3463","page","type-page","status-publish","hentry","description-off"],"yoast_head":"<!-- This site is optimized with the Yoast SEO Premium plugin v25.0 (Yoast SEO v25.0) - https:\/\/yoast.com\/wordpress\/plugins\/seo\/ -->\n<title>Contul meu - GeoStru EU<\/title>\n<meta name=\"robots\" content=\"index, follow, max-snippet:-1, max-image-preview:large, max-video-preview:-1\" \/>\n<link rel=\"canonical\" href=\"https:\/\/www.geostru.eu\/ro\/my-account\/\" \/>\n<meta property=\"og:locale\" content=\"ro_RO\" \/>\n<meta property=\"og:type\" content=\"article\" \/>\n<meta property=\"og:title\" content=\"Contul meu\" \/>\n<meta property=\"og:description\" content=\"[vc_row][vc_column][vc_column_text] Bun venit \u00een contul T\u0102U! &nbsp; &nbsp; P\u0103streaz\u0103-\u021bi numele de utilizator \u0219i parol\u0103 \u00een siguran\u021b\u0103. Sistemul automat de licen\u021biere verific\u0103 pozi\u021bia geografic\u0103 \u00een care se face activarea licen\u021belor tale, \u00een cazul \u00een care sunt detectate activ\u0103ri multiple \u00een loca\u021bii diferite, licen\u021b\u0103 este suspendat\u0103. &nbsp;[\/vc_column_text][vc_column_text][\/vc_column_text][vc_column_text]Pentru a vedea fotografia profilului t\u0103u pe geostru.eu \u00eenregistreaz\u0103-te pe gravatar.com&hellip;\" \/>\n<meta property=\"og:url\" content=\"https:\/\/www.geostru.eu\/ro\/my-account\/\" \/>\n<meta property=\"og:site_name\" content=\"GeoStru EU\" \/>\n<meta property=\"article:publisher\" content=\"https:\/\/www.facebook.com\/GeoStruSoftware\/\" \/>\n<meta property=\"article:modified_time\" content=\"2022-11-30T08:38:29+00:00\" \/>\n<meta property=\"og:image\" content=\"https:\/\/www.geostru.eu\/wp-content\/uploads\/2013\/12\/safe-open-1.png\" \/>\n<meta name=\"twitter:card\" content=\"summary_large_image\" \/>\n<meta name=\"twitter:site\" content=\"@geostru\" \/>\n<meta name=\"twitter:label1\" content=\"Timp estimat pentru citire\" \/>\n\t<meta name=\"twitter:data1\" content=\"1 minut\" \/>\n<script type=\"application\/ld+json\" class=\"yoast-schema-graph\">{\"@context\":\"https:\/\/schema.org\",\"@graph\":[{\"@type\":\"WebPage\",\"@id\":\"https:\/\/www.geostru.eu\/ro\/my-account\/\",\"url\":\"https:\/\/www.geostru.eu\/ro\/my-account\/\",\"name\":\"Contul meu - GeoStru EU\",\"isPartOf\":{\"@id\":\"https:\/\/www.geostru.eu\/ro\/#website\"},\"primaryImageOfPage\":{\"@id\":\"https:\/\/www.geostru.eu\/ro\/my-account\/#primaryimage\"},\"image\":{\"@id\":\"https:\/\/www.geostru.eu\/ro\/my-account\/#primaryimage\"},\"thumbnailUrl\":\"https:\/\/www.geostru.eu\/wp-content\/uploads\/2013\/12\/safe-open-1.png\",\"datePublished\":\"2013-12-18T13:25:39+00:00\",\"dateModified\":\"2022-11-30T08:38:29+00:00\",\"breadcrumb\":{\"@id\":\"https:\/\/www.geostru.eu\/ro\/my-account\/#breadcrumb\"},\"inLanguage\":\"ro-RO\",\"potentialAction\":[{\"@type\":\"ReadAction\",\"target\":[\"https:\/\/www.geostru.eu\/ro\/my-account\/\"]}]},{\"@type\":\"ImageObject\",\"inLanguage\":\"ro-RO\",\"@id\":\"https:\/\/www.geostru.eu\/ro\/my-account\/#primaryimage\",\"url\":\"https:\/\/www.geostru.eu\/wp-content\/uploads\/2013\/12\/safe-open-1.png\",\"contentUrl\":\"https:\/\/www.geostru.eu\/wp-content\/uploads\/2013\/12\/safe-open-1.png\"},{\"@type\":\"BreadcrumbList\",\"@id\":\"https:\/\/www.geostru.eu\/ro\/my-account\/#breadcrumb\",\"itemListElement\":[{\"@type\":\"ListItem\",\"position\":1,\"name\":\"Home\",\"item\":\"https:\/\/www.geostru.eu\/ro\/\"},{\"@type\":\"ListItem\",\"position\":2,\"name\":\"Contul meu\"}]},{\"@type\":\"WebSite\",\"@id\":\"https:\/\/www.geostru.eu\/ro\/#website\",\"url\":\"https:\/\/www.geostru.eu\/ro\/\",\"name\":\"GeoStru EU\",\"description\":\"Professionals at your service\",\"publisher\":{\"@id\":\"https:\/\/www.geostru.eu\/ro\/#organization\"},\"potentialAction\":[{\"@type\":\"SearchAction\",\"target\":{\"@type\":\"EntryPoint\",\"urlTemplate\":\"https:\/\/www.geostru.eu\/ro\/?s={search_term_string}\"},\"query-input\":{\"@type\":\"PropertyValueSpecification\",\"valueRequired\":true,\"valueName\":\"search_term_string\"}}],\"inLanguage\":\"ro-RO\"},{\"@type\":\"Organization\",\"@id\":\"https:\/\/www.geostru.eu\/ro\/#organization\",\"name\":\"GeoStru EU\",\"url\":\"https:\/\/www.geostru.eu\/ro\/\",\"logo\":{\"@type\":\"ImageObject\",\"inLanguage\":\"ro-RO\",\"@id\":\"https:\/\/www.geostru.eu\/ro\/#\/schema\/logo\/image\/\",\"url\":\"https:\/\/www.geostru.eu\/wp-content\/uploads\/2023\/02\/LOGO_GEOSTRU_educational_banner.png\",\"contentUrl\":\"https:\/\/www.geostru.eu\/wp-content\/uploads\/2023\/02\/LOGO_GEOSTRU_educational_banner.png\",\"width\":363,\"height\":115,\"caption\":\"GeoStru EU\"},\"image\":{\"@id\":\"https:\/\/www.geostru.eu\/ro\/#\/schema\/logo\/image\/\"},\"sameAs\":[\"https:\/\/www.facebook.com\/GeoStruSoftware\/\",\"https:\/\/x.com\/geostru\",\"https:\/\/www.linkedin.com\/company\/2462488\/admin\/\",\"https:\/\/www.instagram.com\/geostru\/\"]}]}<\/script>\n<!-- \/ Yoast SEO Premium plugin. -->","yoast_head_json":{"title":"Contul meu - GeoStru EU","robots":{"index":"index","follow":"follow","max-snippet":"max-snippet:-1","max-image-preview":"max-image-preview:large","max-video-preview":"max-video-preview:-1"},"canonical":"https:\/\/www.geostru.eu\/ro\/my-account\/","og_locale":"ro_RO","og_type":"article","og_title":"Contul meu","og_description":"[vc_row][vc_column][vc_column_text] Bun venit \u00een contul T\u0102U! &nbsp; &nbsp; P\u0103streaz\u0103-\u021bi numele de utilizator \u0219i parol\u0103 \u00een siguran\u021b\u0103. Sistemul automat de licen\u021biere verific\u0103 pozi\u021bia geografic\u0103 \u00een care se face activarea licen\u021belor tale, \u00een cazul \u00een care sunt detectate activ\u0103ri multiple \u00een loca\u021bii diferite, licen\u021b\u0103 este suspendat\u0103. &nbsp;[\/vc_column_text][vc_column_text][\/vc_column_text][vc_column_text]Pentru a vedea fotografia profilului t\u0103u pe geostru.eu \u00eenregistreaz\u0103-te pe gravatar.com&hellip;","og_url":"https:\/\/www.geostru.eu\/ro\/my-account\/","og_site_name":"GeoStru EU","article_publisher":"https:\/\/www.facebook.com\/GeoStruSoftware\/","article_modified_time":"2022-11-30T08:38:29+00:00","og_image":[{"url":"https:\/\/www.geostru.eu\/wp-content\/uploads\/2013\/12\/safe-open-1.png","type":"","width":"","height":""}],"twitter_card":"summary_large_image","twitter_site":"@geostru","twitter_misc":{"Timp estimat pentru citire":"1 minut"},"schema":{"@context":"https:\/\/schema.org","@graph":[{"@type":"WebPage","@id":"https:\/\/www.geostru.eu\/ro\/my-account\/","url":"https:\/\/www.geostru.eu\/ro\/my-account\/","name":"Contul meu - GeoStru EU","isPartOf":{"@id":"https:\/\/www.geostru.eu\/ro\/#website"},"primaryImageOfPage":{"@id":"https:\/\/www.geostru.eu\/ro\/my-account\/#primaryimage"},"image":{"@id":"https:\/\/www.geostru.eu\/ro\/my-account\/#primaryimage"},"thumbnailUrl":"https:\/\/www.geostru.eu\/wp-content\/uploads\/2013\/12\/safe-open-1.png","datePublished":"2013-12-18T13:25:39+00:00","dateModified":"2022-11-30T08:38:29+00:00","breadcrumb":{"@id":"https:\/\/www.geostru.eu\/ro\/my-account\/#breadcrumb"},"inLanguage":"ro-RO","potentialAction":[{"@type":"ReadAction","target":["https:\/\/www.geostru.eu\/ro\/my-account\/"]}]},{"@type":"ImageObject","inLanguage":"ro-RO","@id":"https:\/\/www.geostru.eu\/ro\/my-account\/#primaryimage","url":"https:\/\/www.geostru.eu\/wp-content\/uploads\/2013\/12\/safe-open-1.png","contentUrl":"https:\/\/www.geostru.eu\/wp-content\/uploads\/2013\/12\/safe-open-1.png"},{"@type":"BreadcrumbList","@id":"https:\/\/www.geostru.eu\/ro\/my-account\/#breadcrumb","itemListElement":[{"@type":"ListItem","position":1,"name":"Home","item":"https:\/\/www.geostru.eu\/ro\/"},{"@type":"ListItem","position":2,"name":"Contul meu"}]},{"@type":"WebSite","@id":"https:\/\/www.geostru.eu\/ro\/#website","url":"https:\/\/www.geostru.eu\/ro\/","name":"GeoStru EU","description":"Professionals at your service","publisher":{"@id":"https:\/\/www.geostru.eu\/ro\/#organization"},"potentialAction":[{"@type":"SearchAction","target":{"@type":"EntryPoint","urlTemplate":"https:\/\/www.geostru.eu\/ro\/?s={search_term_string}"},"query-input":{"@type":"PropertyValueSpecification","valueRequired":true,"valueName":"search_term_string"}}],"inLanguage":"ro-RO"},{"@type":"Organization","@id":"https:\/\/www.geostru.eu\/ro\/#organization","name":"GeoStru EU","url":"https:\/\/www.geostru.eu\/ro\/","logo":{"@type":"ImageObject","inLanguage":"ro-RO","@id":"https:\/\/www.geostru.eu\/ro\/#\/schema\/logo\/image\/","url":"https:\/\/www.geostru.eu\/wp-content\/uploads\/2023\/02\/LOGO_GEOSTRU_educational_banner.png","contentUrl":"https:\/\/www.geostru.eu\/wp-content\/uploads\/2023\/02\/LOGO_GEOSTRU_educational_banner.png","width":363,"height":115,"caption":"GeoStru EU"},"image":{"@id":"https:\/\/www.geostru.eu\/ro\/#\/schema\/logo\/image\/"},"sameAs":["https:\/\/www.facebook.com\/GeoStruSoftware\/","https:\/\/x.com\/geostru","https:\/\/www.linkedin.com\/company\/2462488\/admin\/","https:\/\/www.instagram.com\/geostru\/"]}]}},"_links":{"self":[{"href":"https:\/\/www.geostru.eu\/ro\/wp-json\/wp\/v2\/pages\/3463"}],"collection":[{"href":"https:\/\/www.geostru.eu\/ro\/wp-json\/wp\/v2\/pages"}],"about":[{"href":"https:\/\/www.geostru.eu\/ro\/wp-json\/wp\/v2\/types\/page"}],"author":[{"embeddable":true,"href":"https:\/\/www.geostru.eu\/ro\/wp-json\/wp\/v2\/users\/216"}],"replies":[{"embeddable":true,"href":"https:\/\/www.geostru.eu\/ro\/wp-json\/wp\/v2\/comments?post=3463"}],"version-history":[{"count":3,"href":"https:\/\/www.geostru.eu\/ro\/wp-json\/wp\/v2\/pages\/3463\/revisions"}],"predecessor-version":[{"id":138193,"href":"https:\/\/www.geostru.eu\/ro\/wp-json\/wp\/v2\/pages\/3463\/revisions\/138193"}],"wp:attachment":[{"href":"https:\/\/www.geostru.eu\/ro\/wp-json\/wp\/v2\/media?parent=3463"}],"curies":[{"name":"wp","href":"https:\/\/api.w.org\/{rel}","templated":true}]}}