{"id":29404,"date":"2017-04-28T09:43:35","date_gmt":"2017-04-28T07:43:35","guid":{"rendered":"https:\/\/www.geostru.eu\/ro\/recensisci-un-articolo\/"},"modified":"2022-12-02T09:22:42","modified_gmt":"2022-12-02T08:22:42","slug":"review-produse","status":"publish","type":"page","link":"https:\/\/www.geostru.eu\/ro\/review-produse\/","title":{"rendered":"Review produse"},"content":{"rendered":"<div class=\"wpb-content-wrapper\"><p>[vc_row][vc_column width=&#8221;2\/3&#8243;][vc_column_text]<\/p>\n<p style=\"text-align: justify;\">Acum po\u021bi \u00eemp\u0103rt\u0103\u0219i experien\u021ba\u00a0ta cu produsele Geostru printr-un review la produsul pe care \u00eel folose\u0219ti.<\/p>\n<p style=\"text-align: justify;\">Dac\u0103 vrei s\u0103 publici o recenzie trebuie s\u0103 ai un cont Geostru \u0219i cel pu\u021bin un produs achizi\u021bionat.<\/p>\n<p style=\"text-align: justify;\">Pentru a public\u0103 un review:<\/p>\n<ol>\n<li style=\"list-style-type: none;\">\n<ol id=\"GUID-9D6B1D30-C2F0-4B10-9134-761C206F674E__GUID-2A2A0D9E-1705-4D4E-8AC2-C1AE4F94646F\">\n<li style=\"text-align: justify;\"><span id=\"GUID-9D6B1D30-C2F0-4B10-9134-761C206F674E__STEP_6D08D12E84C34B2A9408785E4F18B3D1\" class=\"a-list-item\">Deschide pagina produsului dorit \u0219i mergi \u00een sec\u021biunea <strong>Detalii<\/strong> a acesteia;<\/span><\/li>\n<li style=\"text-align: justify;\"><span id=\"GUID-9D6B1D30-C2F0-4B10-9134-761C206F674E__STEP_04B026EFAB9341728A1F97D1198892E9\" class=\"a-list-item\">Click pe <strong>Recenzii<\/strong> (sec\u021biunea aflat\u0103 sub imaginea produsului);<\/span><\/li>\n<li style=\"text-align: justify;\">Pentru a l\u0103sa un review trebuie s\u0103 fii un utilizator al programului logat cu datele contului t\u0103u.<\/li>\n<\/ol>\n<\/li>\n<\/ol>\n<p>[\/vc_column_text][\/vc_column][vc_column width=&#8221;1\/3&#8243;][vc_wp_recentcomments number=&#8221;5&#8243;][\/vc_column][\/vc_row]<\/p>\n<\/div>","protected":false},"excerpt":{"rendered":"<p>[vc_row][vc_column width=&#8221;2\/3&#8243;][vc_column_text] Acum po\u021bi \u00eemp\u0103rt\u0103\u0219i experien\u021ba\u00a0ta cu produsele Geostru printr-un review la produsul pe care \u00eel folose\u0219ti. Dac\u0103 vrei s\u0103 publici o recenzie trebuie s\u0103 ai un cont Geostru \u0219i cel pu\u021bin un produs achizi\u021bionat. Pentru a public\u0103 un review: Deschide pagina produsului dorit \u0219i mergi \u00een sec\u021biunea Detalii a acesteia; Click pe Recenzii (sec\u021biunea&hellip;<\/p>\n","protected":false},"author":216,"featured_media":0,"parent":0,"menu_order":0,"comment_status":"closed","ping_status":"closed","template":"","meta":{"footnotes":""},"class_list":["post-29404","page","type-page","status-publish","hentry","description-off"],"yoast_head":"<!-- This site is optimized with the Yoast SEO Premium plugin v25.0 (Yoast SEO v25.0) - https:\/\/yoast.com\/wordpress\/plugins\/seo\/ -->\n<title>Review produse - GeoStru EU<\/title>\n<meta name=\"robots\" content=\"index, follow, max-snippet:-1, max-image-preview:large, max-video-preview:-1\" \/>\n<link rel=\"canonical\" href=\"https:\/\/www.geostru.eu\/ro\/review-produse\/\" \/>\n<meta property=\"og:locale\" content=\"ro_RO\" \/>\n<meta property=\"og:type\" content=\"article\" \/>\n<meta property=\"og:title\" content=\"Review produse\" \/>\n<meta property=\"og:description\" content=\"[vc_row][vc_column width=&#8221;2\/3&#8243;][vc_column_text] Acum po\u021bi \u00eemp\u0103rt\u0103\u0219i experien\u021ba\u00a0ta cu produsele Geostru printr-un review la produsul pe care \u00eel folose\u0219ti. Dac\u0103 vrei s\u0103 publici o recenzie trebuie s\u0103 ai un cont Geostru \u0219i cel pu\u021bin un produs achizi\u021bionat. Pentru a public\u0103 un review: Deschide pagina produsului dorit \u0219i mergi \u00een sec\u021biunea Detalii a acesteia; Click pe Recenzii (sec\u021biunea&hellip;\" \/>\n<meta property=\"og:url\" content=\"https:\/\/www.geostru.eu\/ro\/review-produse\/\" \/>\n<meta property=\"og:site_name\" content=\"GeoStru EU\" \/>\n<meta property=\"article:publisher\" content=\"https:\/\/www.facebook.com\/GeoStruSoftware\/\" \/>\n<meta property=\"article:modified_time\" content=\"2022-12-02T08:22:42+00:00\" \/>\n<meta name=\"twitter:card\" content=\"summary_large_image\" \/>\n<meta name=\"twitter:site\" content=\"@geostru\" \/>\n<meta name=\"twitter:label1\" content=\"Timp estimat pentru citire\" \/>\n\t<meta name=\"twitter:data1\" content=\"1 minut\" \/>\n<script type=\"application\/ld+json\" class=\"yoast-schema-graph\">{\"@context\":\"https:\/\/schema.org\",\"@graph\":[{\"@type\":\"WebPage\",\"@id\":\"https:\/\/www.geostru.eu\/ro\/review-produse\/\",\"url\":\"https:\/\/www.geostru.eu\/ro\/review-produse\/\",\"name\":\"Review produse - GeoStru EU\",\"isPartOf\":{\"@id\":\"https:\/\/www.geostru.eu\/ro\/#website\"},\"datePublished\":\"2017-04-28T07:43:35+00:00\",\"dateModified\":\"2022-12-02T08:22:42+00:00\",\"breadcrumb\":{\"@id\":\"https:\/\/www.geostru.eu\/ro\/review-produse\/#breadcrumb\"},\"inLanguage\":\"ro-RO\",\"potentialAction\":[{\"@type\":\"ReadAction\",\"target\":[\"https:\/\/www.geostru.eu\/ro\/review-produse\/\"]}]},{\"@type\":\"BreadcrumbList\",\"@id\":\"https:\/\/www.geostru.eu\/ro\/review-produse\/#breadcrumb\",\"itemListElement\":[{\"@type\":\"ListItem\",\"position\":1,\"name\":\"Home\",\"item\":\"https:\/\/www.geostru.eu\/ro\/\"},{\"@type\":\"ListItem\",\"position\":2,\"name\":\"Review produse\"}]},{\"@type\":\"WebSite\",\"@id\":\"https:\/\/www.geostru.eu\/ro\/#website\",\"url\":\"https:\/\/www.geostru.eu\/ro\/\",\"name\":\"GeoStru EU\",\"description\":\"Professionals at your service\",\"publisher\":{\"@id\":\"https:\/\/www.geostru.eu\/ro\/#organization\"},\"potentialAction\":[{\"@type\":\"SearchAction\",\"target\":{\"@type\":\"EntryPoint\",\"urlTemplate\":\"https:\/\/www.geostru.eu\/ro\/?s={search_term_string}\"},\"query-input\":{\"@type\":\"PropertyValueSpecification\",\"valueRequired\":true,\"valueName\":\"search_term_string\"}}],\"inLanguage\":\"ro-RO\"},{\"@type\":\"Organization\",\"@id\":\"https:\/\/www.geostru.eu\/ro\/#organization\",\"name\":\"GeoStru EU\",\"url\":\"https:\/\/www.geostru.eu\/ro\/\",\"logo\":{\"@type\":\"ImageObject\",\"inLanguage\":\"ro-RO\",\"@id\":\"https:\/\/www.geostru.eu\/ro\/#\/schema\/logo\/image\/\",\"url\":\"https:\/\/www.geostru.eu\/wp-content\/uploads\/2023\/02\/LOGO_GEOSTRU_educational_banner.png\",\"contentUrl\":\"https:\/\/www.geostru.eu\/wp-content\/uploads\/2023\/02\/LOGO_GEOSTRU_educational_banner.png\",\"width\":363,\"height\":115,\"caption\":\"GeoStru EU\"},\"image\":{\"@id\":\"https:\/\/www.geostru.eu\/ro\/#\/schema\/logo\/image\/\"},\"sameAs\":[\"https:\/\/www.facebook.com\/GeoStruSoftware\/\",\"https:\/\/x.com\/geostru\",\"https:\/\/www.linkedin.com\/company\/2462488\/admin\/\",\"https:\/\/www.instagram.com\/geostru\/\"]}]}<\/script>\n<!-- \/ Yoast SEO Premium plugin. -->","yoast_head_json":{"title":"Review produse - GeoStru EU","robots":{"index":"index","follow":"follow","max-snippet":"max-snippet:-1","max-image-preview":"max-image-preview:large","max-video-preview":"max-video-preview:-1"},"canonical":"https:\/\/www.geostru.eu\/ro\/review-produse\/","og_locale":"ro_RO","og_type":"article","og_title":"Review produse","og_description":"[vc_row][vc_column width=&#8221;2\/3&#8243;][vc_column_text] Acum po\u021bi \u00eemp\u0103rt\u0103\u0219i experien\u021ba\u00a0ta cu produsele Geostru printr-un review la produsul pe care \u00eel folose\u0219ti. Dac\u0103 vrei s\u0103 publici o recenzie trebuie s\u0103 ai un cont Geostru \u0219i cel pu\u021bin un produs achizi\u021bionat. Pentru a public\u0103 un review: Deschide pagina produsului dorit \u0219i mergi \u00een sec\u021biunea Detalii a acesteia; Click pe Recenzii (sec\u021biunea&hellip;","og_url":"https:\/\/www.geostru.eu\/ro\/review-produse\/","og_site_name":"GeoStru EU","article_publisher":"https:\/\/www.facebook.com\/GeoStruSoftware\/","article_modified_time":"2022-12-02T08:22:42+00:00","twitter_card":"summary_large_image","twitter_site":"@geostru","twitter_misc":{"Timp estimat pentru citire":"1 minut"},"schema":{"@context":"https:\/\/schema.org","@graph":[{"@type":"WebPage","@id":"https:\/\/www.geostru.eu\/ro\/review-produse\/","url":"https:\/\/www.geostru.eu\/ro\/review-produse\/","name":"Review produse - GeoStru EU","isPartOf":{"@id":"https:\/\/www.geostru.eu\/ro\/#website"},"datePublished":"2017-04-28T07:43:35+00:00","dateModified":"2022-12-02T08:22:42+00:00","breadcrumb":{"@id":"https:\/\/www.geostru.eu\/ro\/review-produse\/#breadcrumb"},"inLanguage":"ro-RO","potentialAction":[{"@type":"ReadAction","target":["https:\/\/www.geostru.eu\/ro\/review-produse\/"]}]},{"@type":"BreadcrumbList","@id":"https:\/\/www.geostru.eu\/ro\/review-produse\/#breadcrumb","itemListElement":[{"@type":"ListItem","position":1,"name":"Home","item":"https:\/\/www.geostru.eu\/ro\/"},{"@type":"ListItem","position":2,"name":"Review produse"}]},{"@type":"WebSite","@id":"https:\/\/www.geostru.eu\/ro\/#website","url":"https:\/\/www.geostru.eu\/ro\/","name":"GeoStru EU","description":"Professionals at your service","publisher":{"@id":"https:\/\/www.geostru.eu\/ro\/#organization"},"potentialAction":[{"@type":"SearchAction","target":{"@type":"EntryPoint","urlTemplate":"https:\/\/www.geostru.eu\/ro\/?s={search_term_string}"},"query-input":{"@type":"PropertyValueSpecification","valueRequired":true,"valueName":"search_term_string"}}],"inLanguage":"ro-RO"},{"@type":"Organization","@id":"https:\/\/www.geostru.eu\/ro\/#organization","name":"GeoStru EU","url":"https:\/\/www.geostru.eu\/ro\/","logo":{"@type":"ImageObject","inLanguage":"ro-RO","@id":"https:\/\/www.geostru.eu\/ro\/#\/schema\/logo\/image\/","url":"https:\/\/www.geostru.eu\/wp-content\/uploads\/2023\/02\/LOGO_GEOSTRU_educational_banner.png","contentUrl":"https:\/\/www.geostru.eu\/wp-content\/uploads\/2023\/02\/LOGO_GEOSTRU_educational_banner.png","width":363,"height":115,"caption":"GeoStru EU"},"image":{"@id":"https:\/\/www.geostru.eu\/ro\/#\/schema\/logo\/image\/"},"sameAs":["https:\/\/www.facebook.com\/GeoStruSoftware\/","https:\/\/x.com\/geostru","https:\/\/www.linkedin.com\/company\/2462488\/admin\/","https:\/\/www.instagram.com\/geostru\/"]}]}},"_links":{"self":[{"href":"https:\/\/www.geostru.eu\/ro\/wp-json\/wp\/v2\/pages\/29404"}],"collection":[{"href":"https:\/\/www.geostru.eu\/ro\/wp-json\/wp\/v2\/pages"}],"about":[{"href":"https:\/\/www.geostru.eu\/ro\/wp-json\/wp\/v2\/types\/page"}],"author":[{"embeddable":true,"href":"https:\/\/www.geostru.eu\/ro\/wp-json\/wp\/v2\/users\/216"}],"replies":[{"embeddable":true,"href":"https:\/\/www.geostru.eu\/ro\/wp-json\/wp\/v2\/comments?post=29404"}],"version-history":[{"count":2,"href":"https:\/\/www.geostru.eu\/ro\/wp-json\/wp\/v2\/pages\/29404\/revisions"}],"predecessor-version":[{"id":138291,"href":"https:\/\/www.geostru.eu\/ro\/wp-json\/wp\/v2\/pages\/29404\/revisions\/138291"}],"wp:attachment":[{"href":"https:\/\/www.geostru.eu\/ro\/wp-json\/wp\/v2\/media?parent=29404"}],"curies":[{"name":"wp","href":"https:\/\/api.w.org\/{rel}","templated":true}]}}