{"id":28777,"date":"2017-03-10T19:20:56","date_gmt":"2017-03-10T17:20:56","guid":{"rendered":"https:\/\/www.geostru.eu\/ro\/?page_id=28777"},"modified":"2022-11-30T09:56:05","modified_gmt":"2022-11-30T08:56:05","slug":"video-construct-expo-2017","status":"publish","type":"page","link":"https:\/\/www.geostru.eu\/ro\/video-construct-expo-2017\/","title":{"rendered":"Video Construct Expo 2017"},"content":{"rendered":"<div class=\"wpb-content-wrapper\"><p>[vc_row][vc_column][vc_column_text][ww-shortcode-gap height=&#8221;30&#8243;][\/vc_column_text][\/vc_column][\/vc_row][vc_row][vc_column width=&#8221;2\/3&#8243;][vc_column_text]<\/p>\n<h2><b>NU RATA ACESTE TUTORIALE<\/b><\/h2>\n<p style=\"text-align: justify;\">Aceste scurte tutoriale gratuite \u00ee\u021bi arat\u0103 cum \u00ee\u021bi po\u021bi \u00eembun\u0103t\u0103\u021bi munca de proiectare \u0219i productivitatea folosind programele GEOSTRU\u00ae<\/p>\n<p style=\"text-align: justify;\">Completeaz\u0103 c\u00e2mpurile de mai jos \u0219i \u00ee\u021bi trimitem toate informa\u021biile pe email ca s\u0103 te convingi c\u0103 GEOSTRU\u00ae este cea mai bun\u0103 solu\u021bie!<\/p>\n<p>&nbsp;<\/p>\n<style id='mailster-form-default' type='text\/css'>.mailster-embeded-form body{background:0;padding:0;margin:0}.mailster-embeded-form .mailster-form-body{padding:5px !important;margin:auto !important}.mailster-form-wrap{max-width:100%;max-height:95%;min-width:100px;-webkit-overflow-scrolling:touch}.mailster-form{margin-bottom:20px;position:relative}.mailster-form:before{content:'';position:absolute;display:block;height:100%;width:100%;z-index:1;background-repeat:no-repeat;background-position:center center;background-size:20px 20px;background-image:url('https:\/\/www.geostru.eu\/wp-content\/plugins\/mailster\/assets\/css\/..\/img\/loading.gif');visibility:hidden;opacity:0;transition:opacity .15s ease-in-out}.mailster-form.loading:before{opacity:1;visibility:visible}@media only screen and (-webkit-min-device-pixel-ratio:2),only screen and (min-resolution:192dpi){.mailster-form:before{background-image:url('https:\/\/www.geostru.eu\/wp-content\/plugins\/mailster\/assets\/css\/..\/img\/loading_2x.gif')}}.mailster-form:after,.mailster-form-fields:after{content:'.';visibility:hidden;display:block;height:0;clear:both}.mailster-form .mailster-form-fields{transition:all .15s ease-in-out}.mailster-form.completed .mailster-form-fields{height:0;min-height:0;opacity:0;overflow:hidden}.mailster-form,.mailster-form .input,.mailster-form .mailster-form-info{width:100%;box-sizing:border-box}.mailster-embeded-form .mailster-form{margin-bottom:3px}.mailster-form .mailster-wrapper{position:relative;margin-bottom:2px;transition:opacity .15s ease-in-out}.mailster-form.loading .mailster-wrapper{opacity:.2}.mailster-form textarea.input{resize:vertical;height:150px}.mailster-form li{list-style:none !important;margin-left:0;padding-left:0}span.mailster-required{font-size:120%;font-weight:700;color:#bf4d4d}.mailster-lists-wrapper ul{list-style:none;margin-left:0;padding-left:0}.mailster-lists-wrapper ul li{margin-left:0}.mailster-list-description{color:inherit;display:block;margin-left:25px;font-size:.8em}.mailster-form-info{height:0;border-radius:2px;padding:5px;margin-bottom:4px;color:#fff;padding:9px 16px;transition:all .2s;-webkit-transform:scale(0);-moz-transform:scale(0);-ms-transform:scale(0);transform:scale(0)}.mailster-form.loading .mailster-form-info{opacity:0}.mailster-form-info a{color:#fff}.mailster-form-info.success,.mailster-form-info.error{display:block;height:100%;-webkit-transform:scale(1);-moz-transform:scale(1);-ms-transform:scale(1);transform:scale(1)}.mailster-form .error input,.mailster-form .error select,.mailster-form .error textarea{outline:2px solid #bf4d4d;outline-offset:0}.mailster-form-info.error{background:#bf4d4d}.mailster-form-info.success{background-color:#6fbf4d;text-align:center}.mailster-form-info ul,.mailster-form .mailster-form-info p{margin:0;padding:0;max-width:initial}.mailster-form-info ul li{color:inherit;margin-left:0}.mailster-submit-wrapper{margin-top:6px}.mailster-form .submit-button{cursor:pointer}.mailster-form .submit-button:focus{outline:0}<\/style><style type=\"text\/css\" media=\"screen\" class=\"mailster-custom-form-css\">\n.mailster-form.mailster-form-3 .mailster-wrapper label{color:FFFFFF;}\n.mailster-form.mailster-form-3 .mailster-wrapper .input{color:FFFFFF;background-color:FFFFFF;}\n.mailster-form.mailster-form-3 .mailster-wrapper .input:focus{background-color:FFFFFF;}\n.mailster-form.mailster-form-3 label span.mailster-required{color:FFFFFF;}\n.mailster-form.mailster-form-3 .submit-button{background-color:FFFFFF;color:FFFFFF;}\n.mailster-form.mailster-form-3 .submit-button:hover{background-color:FFFFFF;color:FFFFFF;}\n.mailster-form.mailster-form-3 .mailster-email-wrapper label{color:FFFFFF;}\n.mailster-form.mailster-form-3 .mailster-email-wrapper .input{color:#000000;background-color:FFFFFF;}\n.mailster-form.mailster-form-3 .mailster-firstname-wrapper label{color:FFFFFF;}\n.mailster-form.mailster-form-3 .mailster-firstname-wrapper .input{color:#000000;background-color:FFFFFF;}\n.mailster-form.mailster-form-3 .mailster-lastname-wrapper label{color:FFFFFF;}\n.mailster-form.mailster-form-3 .mailster-lastname-wrapper .input{color:#000000;background-color:FFFFFF;}\n.mailster-form.mailster-form-3 .mailster-profession-wrapper label{color:FFFFFF;}\n.mailster-form.mailster-form-3 .mailster-profession-wrapper .input{color:#000000;background-color:FFFFFF;}\n.mailster-form.mailster-form-3 .mailster-form-info.success{color:FFFFFF;background-color:FFFFFF;}\n.mailster-form.mailster-form-3 .mailster-form-info.error{color:FFFFFF;background-color:FFFFFF;}\n<\/style>\n<form action=\"https:\/\/www.geostru.eu\/ro\/mailster\/subscribe\/\" method=\"post\" class=\"mailster-form mailster-form-submit mailster-ajax-form mailster-form-3\" novalidate><input name=\"_action\" type=\"hidden\" value=\"subscribe\">\n<input name=\"_timestamp\" type=\"hidden\" value=\"1777673560\">\n<input name=\"_referer\" type=\"hidden\" value=\"https:\/\/www.geostru.eu\/ro\/wp-json\/wp\/v2\/pages\/28777\">\n<input name=\"_nonce\" type=\"hidden\" value=\"a8b5d81ecf\">\n<input name=\"formid\" type=\"hidden\" value=\"3\">\n<div class=\"mailster-form-fields\">\n<div class=\"mailster-wrapper mailster-email-wrapper\"><input id=\"mailster-email-3\" name=\"email\" type=\"email\" value=\"\" placeholder=\"Email \" class=\"input mailster-email mailster-required\" aria-required=\"true\" aria-label=\"Email \" spellcheck=\"false\"><\/div>\n<div class=\"mailster-wrapper mailster-firstname-wrapper\"><input id=\"mailster-firstname-3\" name=\"firstname\" type=\"text\" value=\"\" placeholder=\"First Name\" class=\"input mailster-firstname\" aria-required=\"false\" aria-label=\"First Name\"><\/div>\n<div class=\"mailster-wrapper mailster-lastname-wrapper\"><input id=\"mailster-lastname-3\" name=\"lastname\" type=\"text\" value=\"\" placeholder=\"Last Name\" class=\"input mailster-lastname\" aria-required=\"false\" aria-label=\"Last Name\"><\/div>\n<div class=\"mailster-wrapper mailster-birthday-wrapper\"><input id=\"mailster-birthday-3\" name=\"birthday\" type=\"text\" value=\"\" placeholder=\"Birthday: day-month-year\" class=\"input input-date datepicker mailster-birthday\" aria-required=\"false\" aria-label=\"Birthday: day-month-year\"><\/div>\n<div class=\"mailster-wrapper mailster-profession-wrapper\"><label for=\"mailster-profession-3\">Profession<\/label><select id=\"mailster-profession-3\" name=\"profession\" class=\"input mailster-profession\" aria-required=\"false\" aria-label=\"Profession\"><option value=\"Engineer\" >Engineer<\/option><option value=\"Geologist\" >Geologist<\/option><option value=\"Architect\" >Architect<\/option><option value=\"Other\" >Other<\/option><\/select><\/div>\n<div class=\"mailster-wrapper mailster-submit-wrapper form-submit\"><input name=\"submit\" type=\"submit\" value=\"Subscribe\" class=\"submit-button button\" aria-label=\"Subscribe\"><\/div>\n<\/div>\n<\/form>\n\n<p>&nbsp;<\/p>\n<p style=\"text-align: justify;\">Dac\u0103 ai un cont pe site-ul nostru scrie-ne la office@geostru.eu \u0219i \u00ee\u021bi trimitem tutorialele \u00een cel mai scurt timp!<\/p>\n<p>&nbsp;[\/vc_column_text][\/vc_column][vc_column width=&#8221;1\/3&#8243;][vc_single_image image=&#8221;28796&#8243; img_size=&#8221;full&#8221;][\/vc_column][\/vc_row][vc_row][vc_column][vc_column_text][ww-shortcode-gap height=&#8221;30&#8243;][\/vc_column_text][\/vc_column][\/vc_row]<\/p>\n<\/div>","protected":false},"excerpt":{"rendered":"<p>[vc_row][vc_column][vc_column_text][ww-shortcode-gap height=&#8221;30&#8243;][\/vc_column_text][\/vc_column][\/vc_row][vc_row][vc_column width=&#8221;2\/3&#8243;][vc_column_text] NU RATA ACESTE TUTORIALE Aceste scurte tutoriale gratuite \u00ee\u021bi arat\u0103 cum \u00ee\u021bi po\u021bi \u00eembun\u0103t\u0103\u021bi munca de proiectare \u0219i productivitatea folosind programele GEOSTRU\u00ae Completeaz\u0103 c\u00e2mpurile de mai jos \u0219i \u00ee\u021bi trimitem toate informa\u021biile pe email ca s\u0103 te convingi c\u0103 GEOSTRU\u00ae este cea mai bun\u0103 solu\u021bie! &nbsp; &nbsp; Dac\u0103 ai un cont pe&hellip;<\/p>\n","protected":false},"author":10361,"featured_media":0,"parent":0,"menu_order":0,"comment_status":"closed","ping_status":"closed","template":"","meta":{"footnotes":""},"class_list":["post-28777","page","type-page","status-publish","hentry","description-off"],"yoast_head":"<!-- This site is optimized with the Yoast SEO Premium plugin v25.0 (Yoast SEO v25.0) - https:\/\/yoast.com\/wordpress\/plugins\/seo\/ -->\n<title>Video Construct Expo 2017 - GeoStru EU<\/title>\n<meta name=\"robots\" content=\"index, follow, max-snippet:-1, max-image-preview:large, max-video-preview:-1\" \/>\n<link rel=\"canonical\" href=\"https:\/\/www.geostru.eu\/ro\/video-construct-expo-2017\/\" \/>\n<meta property=\"og:locale\" content=\"ro_RO\" \/>\n<meta property=\"og:type\" content=\"article\" \/>\n<meta property=\"og:title\" content=\"Video Construct Expo 2017\" \/>\n<meta property=\"og:description\" content=\"[vc_row][vc_column][vc_column_text][ww-shortcode-gap height=&#8221;30&#8243;][\/vc_column_text][\/vc_column][\/vc_row][vc_row][vc_column width=&#8221;2\/3&#8243;][vc_column_text] NU RATA ACESTE TUTORIALE Aceste scurte tutoriale gratuite \u00ee\u021bi arat\u0103 cum \u00ee\u021bi po\u021bi \u00eembun\u0103t\u0103\u021bi munca de proiectare \u0219i productivitatea folosind programele GEOSTRU\u00ae Completeaz\u0103 c\u00e2mpurile de mai jos \u0219i \u00ee\u021bi trimitem toate informa\u021biile pe email ca s\u0103 te convingi c\u0103 GEOSTRU\u00ae este cea mai bun\u0103 solu\u021bie! &nbsp; &nbsp; Dac\u0103 ai un cont pe&hellip;\" \/>\n<meta property=\"og:url\" content=\"https:\/\/www.geostru.eu\/ro\/video-construct-expo-2017\/\" \/>\n<meta property=\"og:site_name\" content=\"GeoStru EU\" \/>\n<meta property=\"article:publisher\" content=\"https:\/\/www.facebook.com\/GeoStruSoftware\/\" \/>\n<meta property=\"article:modified_time\" content=\"2022-11-30T08:56:05+00:00\" \/>\n<meta name=\"twitter:card\" content=\"summary_large_image\" \/>\n<meta name=\"twitter:site\" content=\"@geostru\" \/>\n<meta name=\"twitter:label1\" content=\"Timp estimat pentru citire\" \/>\n\t<meta name=\"twitter:data1\" content=\"1 minut\" \/>\n<script type=\"application\/ld+json\" class=\"yoast-schema-graph\">{\"@context\":\"https:\/\/schema.org\",\"@graph\":[{\"@type\":\"WebPage\",\"@id\":\"https:\/\/www.geostru.eu\/ro\/video-construct-expo-2017\/\",\"url\":\"https:\/\/www.geostru.eu\/ro\/video-construct-expo-2017\/\",\"name\":\"Video Construct Expo 2017 - GeoStru EU\",\"isPartOf\":{\"@id\":\"https:\/\/www.geostru.eu\/ro\/#website\"},\"datePublished\":\"2017-03-10T17:20:56+00:00\",\"dateModified\":\"2022-11-30T08:56:05+00:00\",\"breadcrumb\":{\"@id\":\"https:\/\/www.geostru.eu\/ro\/video-construct-expo-2017\/#breadcrumb\"},\"inLanguage\":\"ro-RO\",\"potentialAction\":[{\"@type\":\"ReadAction\",\"target\":[\"https:\/\/www.geostru.eu\/ro\/video-construct-expo-2017\/\"]}]},{\"@type\":\"BreadcrumbList\",\"@id\":\"https:\/\/www.geostru.eu\/ro\/video-construct-expo-2017\/#breadcrumb\",\"itemListElement\":[{\"@type\":\"ListItem\",\"position\":1,\"name\":\"Home\",\"item\":\"https:\/\/www.geostru.eu\/ro\/\"},{\"@type\":\"ListItem\",\"position\":2,\"name\":\"Video Construct Expo 2017\"}]},{\"@type\":\"WebSite\",\"@id\":\"https:\/\/www.geostru.eu\/ro\/#website\",\"url\":\"https:\/\/www.geostru.eu\/ro\/\",\"name\":\"GeoStru EU\",\"description\":\"Professionals at your service\",\"publisher\":{\"@id\":\"https:\/\/www.geostru.eu\/ro\/#organization\"},\"potentialAction\":[{\"@type\":\"SearchAction\",\"target\":{\"@type\":\"EntryPoint\",\"urlTemplate\":\"https:\/\/www.geostru.eu\/ro\/?s={search_term_string}\"},\"query-input\":{\"@type\":\"PropertyValueSpecification\",\"valueRequired\":true,\"valueName\":\"search_term_string\"}}],\"inLanguage\":\"ro-RO\"},{\"@type\":\"Organization\",\"@id\":\"https:\/\/www.geostru.eu\/ro\/#organization\",\"name\":\"GeoStru EU\",\"url\":\"https:\/\/www.geostru.eu\/ro\/\",\"logo\":{\"@type\":\"ImageObject\",\"inLanguage\":\"ro-RO\",\"@id\":\"https:\/\/www.geostru.eu\/ro\/#\/schema\/logo\/image\/\",\"url\":\"https:\/\/www.geostru.eu\/wp-content\/uploads\/2023\/02\/LOGO_GEOSTRU_educational_banner.png\",\"contentUrl\":\"https:\/\/www.geostru.eu\/wp-content\/uploads\/2023\/02\/LOGO_GEOSTRU_educational_banner.png\",\"width\":363,\"height\":115,\"caption\":\"GeoStru EU\"},\"image\":{\"@id\":\"https:\/\/www.geostru.eu\/ro\/#\/schema\/logo\/image\/\"},\"sameAs\":[\"https:\/\/www.facebook.com\/GeoStruSoftware\/\",\"https:\/\/x.com\/geostru\",\"https:\/\/www.linkedin.com\/company\/2462488\/admin\/\",\"https:\/\/www.instagram.com\/geostru\/\"]}]}<\/script>\n<!-- \/ Yoast SEO Premium plugin. -->","yoast_head_json":{"title":"Video Construct Expo 2017 - GeoStru EU","robots":{"index":"index","follow":"follow","max-snippet":"max-snippet:-1","max-image-preview":"max-image-preview:large","max-video-preview":"max-video-preview:-1"},"canonical":"https:\/\/www.geostru.eu\/ro\/video-construct-expo-2017\/","og_locale":"ro_RO","og_type":"article","og_title":"Video Construct Expo 2017","og_description":"[vc_row][vc_column][vc_column_text][ww-shortcode-gap height=&#8221;30&#8243;][\/vc_column_text][\/vc_column][\/vc_row][vc_row][vc_column width=&#8221;2\/3&#8243;][vc_column_text] NU RATA ACESTE TUTORIALE Aceste scurte tutoriale gratuite \u00ee\u021bi arat\u0103 cum \u00ee\u021bi po\u021bi \u00eembun\u0103t\u0103\u021bi munca de proiectare \u0219i productivitatea folosind programele GEOSTRU\u00ae Completeaz\u0103 c\u00e2mpurile de mai jos \u0219i \u00ee\u021bi trimitem toate informa\u021biile pe email ca s\u0103 te convingi c\u0103 GEOSTRU\u00ae este cea mai bun\u0103 solu\u021bie! &nbsp; &nbsp; Dac\u0103 ai un cont pe&hellip;","og_url":"https:\/\/www.geostru.eu\/ro\/video-construct-expo-2017\/","og_site_name":"GeoStru EU","article_publisher":"https:\/\/www.facebook.com\/GeoStruSoftware\/","article_modified_time":"2022-11-30T08:56:05+00:00","twitter_card":"summary_large_image","twitter_site":"@geostru","twitter_misc":{"Timp estimat pentru citire":"1 minut"},"schema":{"@context":"https:\/\/schema.org","@graph":[{"@type":"WebPage","@id":"https:\/\/www.geostru.eu\/ro\/video-construct-expo-2017\/","url":"https:\/\/www.geostru.eu\/ro\/video-construct-expo-2017\/","name":"Video Construct Expo 2017 - GeoStru EU","isPartOf":{"@id":"https:\/\/www.geostru.eu\/ro\/#website"},"datePublished":"2017-03-10T17:20:56+00:00","dateModified":"2022-11-30T08:56:05+00:00","breadcrumb":{"@id":"https:\/\/www.geostru.eu\/ro\/video-construct-expo-2017\/#breadcrumb"},"inLanguage":"ro-RO","potentialAction":[{"@type":"ReadAction","target":["https:\/\/www.geostru.eu\/ro\/video-construct-expo-2017\/"]}]},{"@type":"BreadcrumbList","@id":"https:\/\/www.geostru.eu\/ro\/video-construct-expo-2017\/#breadcrumb","itemListElement":[{"@type":"ListItem","position":1,"name":"Home","item":"https:\/\/www.geostru.eu\/ro\/"},{"@type":"ListItem","position":2,"name":"Video Construct Expo 2017"}]},{"@type":"WebSite","@id":"https:\/\/www.geostru.eu\/ro\/#website","url":"https:\/\/www.geostru.eu\/ro\/","name":"GeoStru EU","description":"Professionals at your service","publisher":{"@id":"https:\/\/www.geostru.eu\/ro\/#organization"},"potentialAction":[{"@type":"SearchAction","target":{"@type":"EntryPoint","urlTemplate":"https:\/\/www.geostru.eu\/ro\/?s={search_term_string}"},"query-input":{"@type":"PropertyValueSpecification","valueRequired":true,"valueName":"search_term_string"}}],"inLanguage":"ro-RO"},{"@type":"Organization","@id":"https:\/\/www.geostru.eu\/ro\/#organization","name":"GeoStru EU","url":"https:\/\/www.geostru.eu\/ro\/","logo":{"@type":"ImageObject","inLanguage":"ro-RO","@id":"https:\/\/www.geostru.eu\/ro\/#\/schema\/logo\/image\/","url":"https:\/\/www.geostru.eu\/wp-content\/uploads\/2023\/02\/LOGO_GEOSTRU_educational_banner.png","contentUrl":"https:\/\/www.geostru.eu\/wp-content\/uploads\/2023\/02\/LOGO_GEOSTRU_educational_banner.png","width":363,"height":115,"caption":"GeoStru EU"},"image":{"@id":"https:\/\/www.geostru.eu\/ro\/#\/schema\/logo\/image\/"},"sameAs":["https:\/\/www.facebook.com\/GeoStruSoftware\/","https:\/\/x.com\/geostru","https:\/\/www.linkedin.com\/company\/2462488\/admin\/","https:\/\/www.instagram.com\/geostru\/"]}]}},"_links":{"self":[{"href":"https:\/\/www.geostru.eu\/ro\/wp-json\/wp\/v2\/pages\/28777"}],"collection":[{"href":"https:\/\/www.geostru.eu\/ro\/wp-json\/wp\/v2\/pages"}],"about":[{"href":"https:\/\/www.geostru.eu\/ro\/wp-json\/wp\/v2\/types\/page"}],"author":[{"embeddable":true,"href":"https:\/\/www.geostru.eu\/ro\/wp-json\/wp\/v2\/users\/10361"}],"replies":[{"embeddable":true,"href":"https:\/\/www.geostru.eu\/ro\/wp-json\/wp\/v2\/comments?post=28777"}],"version-history":[{"count":1,"href":"https:\/\/www.geostru.eu\/ro\/wp-json\/wp\/v2\/pages\/28777\/revisions"}],"predecessor-version":[{"id":138195,"href":"https:\/\/www.geostru.eu\/ro\/wp-json\/wp\/v2\/pages\/28777\/revisions\/138195"}],"wp:attachment":[{"href":"https:\/\/www.geostru.eu\/ro\/wp-json\/wp\/v2\/media?parent=28777"}],"curies":[{"name":"wp","href":"https:\/\/api.w.org\/{rel}","templated":true}]}}