{"id":27056,"date":"2015-05-23T14:33:56","date_gmt":"2015-05-23T14:33:56","guid":{"rendered":"https:\/\/www.geostru.eu\/ro\/promozioni-esclusive-geostru\/"},"modified":"2024-03-25T09:18:25","modified_gmt":"2024-03-25T08:18:25","slug":"promotii-exclusive-2","status":"publish","type":"page","link":"https:\/\/www.geostru.eu\/ro\/promotii-exclusive-2\/","title":{"rendered":"Promo\u021bii exclusive"},"content":{"rendered":"<div class=\"wpb-content-wrapper\"><p>[vc_row][vc_column][vc_column_text]<\/p>\n<h4 style=\"text-align: center;\">Calitatea programelor noastre este asigurat\u0103 de mai mult de 50.000 de instal\u0103ri \u00een peste 135 de \u021b\u0103ri din \u00eentreaga lume.<\/h4>\n<p style=\"text-align: justify;\">Colaborarea cu universit\u0103\u021bi tehnice din \u00eentreaga lume face ca produsele noastre s\u0103 fie printre cele mai avansate la nivel mondial. Ne-am dovedit \u00een timp aprecierea fa\u021b\u0103 de clien\u021bii no\u0219tri \u0219i ne propunem s\u0103 men\u021binem pre\u021buri competitive, ad\u0103ug\u00e2nd \u00een mod constant calitate produselor noastre. Cel mai bun raport calitate\/pre\u021b de pe pia\u021b\u0103, \u00eempreun\u0103 cu serviciile oferite, fac din GeoStru una dintre cele mai importante m\u0103rci din domeniu la nivel mondial.<\/p>\n<p>[\/vc_column_text][vc_row_inner][vc_column_inner][vc_column_text]<\/p>\n<h4 style=\"text-align: center;\">Verifica\u021bi ofertele noastre speciale, face\u021bi cump\u0103r\u0103turile \u0219i economisi\u021bi!<\/h4>\n<p>[\/vc_column_text][\/vc_column_inner][\/vc_row_inner][\/vc_column][\/vc_row][vc_row disable_element=&#8221;yes&#8221;][vc_column][vc_single_image image=&#8221;132017&#8243; img_size=&#8221;full&#8221; alignment=&#8221;center&#8221; style=&#8221;vc_box_shadow_3d&#8221; css_animation=&#8221;fadeIn&#8221;][vc_single_image image=&#8221;132021&#8243; img_size=&#8221;full&#8221; alignment=&#8221;center&#8221; style=&#8221;vc_box_shadow_3d&#8221; css_animation=&#8221;fadeIn&#8221;][vc_single_image image=&#8221;132025&#8243; img_size=&#8221;full&#8221; alignment=&#8221;center&#8221; style=&#8221;vc_box_shadow_3d&#8221; css_animation=&#8221;fadeIn&#8221;][vc_single_image image=&#8221;132025&#8243; img_size=&#8221;full&#8221; alignment=&#8221;center&#8221; style=&#8221;vc_box_shadow_3d&#8221; css_animation=&#8221;fadeIn&#8221;][vc_single_image image=&#8221;132029&#8243; img_size=&#8221;full&#8221; alignment=&#8221;center&#8221; style=&#8221;vc_box_shadow_3d&#8221; css_animation=&#8221;fadeIn&#8221;][vc_single_image image=&#8221;132256&#8243; img_size=&#8221;full&#8221; alignment=&#8221;center&#8221; style=&#8221;vc_box_shadow_3d&#8221; css_animation=&#8221;fadeIn&#8221;][\/vc_column][\/vc_row][vc_row disable_element=&#8221;yes&#8221;][vc_column][vc_column_text]<\/p>\n<h3 style=\"text-align: justify;\">Oferim reduceri suplimentare pentru toate programele noastre, chiar dac\u0103 nu sunt incluse \u00een pachetele de mai sus:<\/h3>\n<ul>\n<li>\n<h3><strong><span style=\"color: #008000;\">20%<\/span> discount pentru <span style=\"color: #ff0000;\">1<\/span> software<\/strong><\/h3>\n<\/li>\n<li>\n<h3><strong><span style=\"color: #008000;\">25%<\/span> discount pentru <span style=\"color: #ff0000;\">2<\/span> software<\/strong><\/h3>\n<\/li>\n<li>\n<h3><strong><span style=\"color: #008000;\">30%<\/span> discount pentru <span style=\"color: #ff0000;\">3<\/span> software<\/strong><\/h3>\n<\/li>\n<li>\n<h3><strong><span style=\"color: #008000;\">35%<\/span> discount pentru <span style=\"color: #ff0000;\">4<\/span> software<\/strong><\/h3>\n<\/li>\n<\/ul>\n<p>[\/vc_column_text]<div class=\"text-centered\"><a href=\"https:\/\/www.geostru.eu\/contact\/?lang=ro\" class=\"btn-shortcode dt-btn-l dt-btn default-btn-color default-btn-hover-color default-btn-bg-color default-btn-bg-hover-color\" target=\"_blank\" id=\"dt-btn-1\" rel=\"noopener\"><span>Contacta\u021bi-ne!<\/span><\/a><\/div>[\/vc_column][\/vc_row][vc_row][vc_column][vc_empty_space height=&#8221;25px&#8221;][vc_single_image image=&#8221;129001&#8243; img_size=&#8221;full&#8221; alignment=&#8221;center&#8221;][vc_empty_space height=&#8221;40px&#8221;][\/vc_column][\/vc_row][vc_row gap=&#8221;20&#8243; equal_height=&#8221;yes&#8221; same_height=&#8221;true&#8221;][vc_column width=&#8221;1\/3&#8243; column_align=&#8221;&#8221; column_style=&#8221;&#8221; css=&#8221;.vc_custom_1484638898934{background-color: #68c603 !important;border-radius: 10px !important;}&#8221;][vc_icon type=&#8221;material&#8221; icon_material=&#8221;vc-material vc-material-devices_other&#8221; color=&#8221;white&#8221; background_style=&#8221;rounded&#8221; background_color=&#8221;custom&#8221; size=&#8221;lg&#8221; align=&#8221;center&#8221; custom_background_color=&#8221;#f2d357&#8243;][vc_custom_heading text=&#8221;CUMP\u0102RARE PACHETE&#8221; font_container=&#8221;tag:h2|text_align:center|color:%23ffffff&#8221; use_theme_fonts=&#8221;yes&#8221; css=&#8221;.vc_custom_1669715598495{padding-right: 35px !important;padding-left: 35px !important;}&#8221;][vc_column_text css=&#8221;.vc_custom_1669716702572{padding-right: 35px !important;padding-left: 35px !important;}&#8221;]<\/p>\n<p style=\"text-align: center;\"><span style=\"color: #ffffff; font-size: 12pt;\">Pentru achizi\u021bionarea mai multor software, se acord\u0103 o<strong> reducere de 5%<\/strong> pentru fiecare software care urmeaz\u0103 primului. Pe 4 software <strong>-20%.<\/strong><\/span><\/p>\n<p>[\/vc_column_text][vc_btn title=&#8221;Pagina de produs&#8221; style=&#8221;outline&#8221; shape=&#8221;square&#8221; color=&#8221;white&#8221; align=&#8221;center&#8221; css=&#8221;.vc_custom_1709977810665{padding-bottom: 35px !important;}&#8221; link=&#8221;url:http%3A%2F%2Fwww.geostru.eu%2Fit%2Fsoftware-per-ingegneria-geotecnica-geologia-geomeccanica-geofisica-idraulica-idrologia-prove-in-situ-topografia%2F|||&#8221;][\/vc_column][vc_column width=&#8221;1\/3&#8243; column_align=&#8221;&#8221; column_style=&#8221;&#8221; css=&#8221;.vc_custom_1484645973125{background-color: #12a308 !important;border-radius: 10px !important;}&#8221;][vc_icon type=&#8221;material&#8221; icon_material=&#8221;vc-material vc-material-account_balance&#8221; color=&#8221;white&#8221; background_style=&#8221;rounded&#8221; background_color=&#8221;custom&#8221; size=&#8221;lg&#8221; align=&#8221;center&#8221; custom_background_color=&#8221;#f2d357&#8243;][vc_custom_heading text=&#8221;FOLOS<br \/>\nEDUCA\u021aIONAL&#8221; font_container=&#8221;tag:h2|text_align:center|color:%23ffffff&#8221; use_theme_fonts=&#8221;yes&#8221; css=&#8221;.vc_custom_1669717707450{padding-right: 35px !important;padding-left: 35px !important;}&#8221;][vc_column_text css=&#8221;.vc_custom_1669716681511{padding-right: 35px !important;padding-left: 35px !important;}&#8221;]<\/p>\n<p style=\"text-align: center;\"><span style=\"color: #ffffff; font-size: 12pt;\">Dac\u0103 sunte\u021bi profesor, student, elev sau o institu\u021bie de \u00eenv\u0103\u021b\u0103m\u00e2nt, pute\u021bi achizi\u021biona software-ul GeoStru \u00een versiunea educa\u021bional\u0103 cu o <strong>reducere de 50%.<\/strong><\/span><\/p>\n<p>[\/vc_column_text][vc_btn title=&#8221;Contact&#8221; style=&#8221;outline&#8221; shape=&#8221;square&#8221; color=&#8221;white&#8221; align=&#8221;center&#8221; css=&#8221;.vc_custom_1709977826425{padding-bottom: 35px !important;}&#8221; link=&#8221;url:mailto%3A%20info%40geostru.eu||target:%20_blank|&#8221;][\/vc_column][vc_column width=&#8221;1\/3&#8243; column_align=&#8221;&#8221; column_style=&#8221;&#8221; css=&#8221;.vc_custom_1484645894243{background-color: #68c603 !important;border-radius: 10px !important;}&#8221;][vc_icon type=&#8221;material&#8221; icon_material=&#8221;vc-material vc-material-person_outline&#8221; color=&#8221;white&#8221; background_style=&#8221;rounded&#8221; background_color=&#8221;custom&#8221; size=&#8221;lg&#8221; align=&#8221;center&#8221; custom_background_color=&#8221;#f2d357&#8243;][vc_custom_heading text=&#8221;PROASP\u0102T ABSOLVENT&#8221; font_container=&#8221;tag:h2|text_align:center|color:%23ffffff&#8221; use_theme_fonts=&#8221;yes&#8221; css=&#8221;.vc_custom_1669715361331{padding-right: 35px !important;padding-left: 35px !important;}&#8221;][vc_column_text css=&#8221;.vc_custom_1669716666383{padding-right: 35px !important;padding-left: 35px !important;}&#8221;]<\/p>\n<p style=\"text-align: center;\"><span style=\"color: #ffffff; font-size: 12pt;\">E\u0219ti un t\u00e2n\u0103r absolvent (&lt; 4 ani): Geostru \u00eencurajeaz\u0103 achizi\u021bia cu o <strong>reducere ini\u021bial\u0103 de 40% .<\/strong><\/span><\/p>\n<p>[\/vc_column_text][vc_btn title=&#8221;Contact&#8221; style=&#8221;outline&#8221; shape=&#8221;square&#8221; color=&#8221;white&#8221; align=&#8221;center&#8221; css=&#8221;.vc_custom_1709977839122{padding-bottom: 35px !important;}&#8221; link=&#8221;url:mailto%3A%20info%40geostru.eu|||&#8221;][\/vc_column][\/vc_row][vc_row gap=&#8221;20&#8243; equal_height=&#8221;yes&#8221; same_height=&#8221;true&#8221;][vc_column width=&#8221;1\/3&#8243; column_align=&#8221;&#8221; column_style=&#8221;&#8221; css=&#8221;.vc_custom_1484646156699{background-color: #feba39 !important;border-radius: 10px !important;}&#8221;][vc_icon type=&#8221;material&#8221; icon_material=&#8221;vc-material vc-material-local_mall&#8221; color=&#8221;white&#8221; background_style=&#8221;rounded&#8221; background_color=&#8221;custom&#8221; size=&#8221;lg&#8221; align=&#8221;center&#8221; custom_background_color=&#8221;#f2d357&#8243;][vc_custom_heading text=&#8221;UPGRADE CONCUREN\u021aIAL&#8221; font_container=&#8221;tag:h2|text_align:center|color:%23ffffff&#8221; use_theme_fonts=&#8221;yes&#8221; css=&#8221;.vc_custom_1669715656299{padding-right: 35px !important;padding-left: 35px !important;}&#8221;][vc_column_text css=&#8221;.vc_custom_1669716619533{padding-right: 35px !important;padding-left: 35px !important;}&#8221;]<\/p>\n<p style=\"text-align: center;\"><span style=\"color: #ffffff; font-size: 12pt;\">Ave\u021bi un software echivalent cu al nostru, cu o licen\u021b\u0103 de utilizator obi\u0219nuit\u0103: v\u0103 oferim o <strong>reducere de 70%.<\/strong><\/span><\/p>\n<p>[\/vc_column_text][vc_btn title=&#8221;Pagina de produs&#8221; style=&#8221;outline&#8221; shape=&#8221;square&#8221; color=&#8221;white&#8221; align=&#8221;center&#8221; css=&#8221;.vc_custom_1709977864032{padding-bottom: 35px !important;}&#8221; link=&#8221;url:http%3A%2F%2Fwww.geostru.eu%2Fit%2Fsoftware-per-ingegneria-geotecnica-geologia-geomeccanica-geofisica-idraulica-idrologia-prove-in-situ-topografia%2F|||&#8221;][\/vc_column][vc_column width=&#8221;1\/3&#8243; column_align=&#8221;&#8221; column_style=&#8221;&#8221; css=&#8221;.vc_custom_1484646194604{background-color: #ff7200 !important;border-radius: 10px !important;}&#8221;][vc_icon type=&#8221;material&#8221; icon_material=&#8221;vc-material vc-material-access_alarms&#8221; color=&#8221;white&#8221; background_style=&#8221;rounded&#8221; background_color=&#8221;custom&#8221; size=&#8221;lg&#8221; align=&#8221;center&#8221; custom_background_color=&#8221;#f2d357&#8243;][vc_custom_heading text=&#8221;PROMO\u021aIE<br \/>\nFULGER&#8221; font_container=&#8221;tag:h2|text_align:center|color:%23ffffff&#8221; use_theme_fonts=&#8221;yes&#8221; css=&#8221;.vc_custom_1669717801593{padding-right: 35px !important;padding-left: 35px !important;}&#8221;][vc_column_text css=&#8221;.vc_custom_1669716600389{padding-right: 35px !important;padding-left: 35px !important;}&#8221;]<\/p>\n<p style=\"text-align: center;\"><span style=\"color: #ffffff; font-family: arial, helvetica, sans-serif; font-size: 12pt;\">Realiz\u0103m promo\u021bii fulger pentru c\u00e2teva zile din lun\u0103. \u00cen aceast\u0103 lun\u0103, \u0219i doar pentru c\u00e2teva zile, o<strong> reducere de 15%<\/strong>. Cuponul dvs. de reducere: <strong>CTNZBEST15<\/strong>.<\/span><\/p>\n<p>[\/vc_column_text][vc_btn title=&#8221;Contact&#8221; style=&#8221;outline&#8221; shape=&#8221;square&#8221; color=&#8221;white&#8221; align=&#8221;center&#8221; css=&#8221;.vc_custom_1709977880097{padding-bottom: 35px !important;}&#8221; link=&#8221;url:mailto%3A%20info%40geostru.eu||target:%20_blank|&#8221;][\/vc_column][vc_column width=&#8221;1\/3&#8243; column_align=&#8221;&#8221; column_style=&#8221;&#8221; css=&#8221;.vc_custom_1484646171648{background-color: #feba39 !important;border-radius: 10px !important;}&#8221;][vc_icon type=&#8221;material&#8221; icon_material=&#8221;vc-material vc-material-add_location&#8221; color=&#8221;white&#8221; background_style=&#8221;rounded&#8221; background_color=&#8221;custom&#8221; size=&#8221;lg&#8221; align=&#8221;center&#8221; custom_background_color=&#8221;#f2d357&#8243;][vc_custom_heading text=&#8221;CONVEN\u021aII&#8221; font_container=&#8221;tag:h2|text_align:center|color:%23ffffff&#8221; use_theme_fonts=&#8221;yes&#8221; css=&#8221;.vc_custom_1669715787473{padding-right: 35px !important;padding-left: 35px !important;}&#8221;][vc_column_text css=&#8221;.vc_custom_1669716461663{padding-right: 35px !important;padding-left: 35px !important;}&#8221;]<\/p>\n<p style=\"text-align: center;\"><span style=\"color: #ffffff; font-size: 12pt;\">Cu unele comenzi profesionale am \u00eencheiat acorduri de cump\u0103rare de c\u0103tre membri. \u00centreba\u021bi la comanda dvs.<\/span><\/p>\n<p>[\/vc_column_text][vc_btn title=&#8221;Mai multe informa\u021bii&#8221; style=&#8221;outline&#8221; shape=&#8221;square&#8221; color=&#8221;white&#8221; align=&#8221;center&#8221; css=&#8221;.vc_custom_1709977905762{padding-bottom: 35px !important;}&#8221; link=&#8221;url:mailto%3A%20info%40geostru.eu|||&#8221;][\/vc_column][\/vc_row][vc_row][vc_column][vc_zigzag][\/vc_column][\/vc_row][vc_row][vc_column width=&#8221;1\/2&#8243;][vc_video link=&#8221;https:\/\/youtu.be\/uUBoVCMwwSg&#8221; title=&#8221;HydropPack&#8221;]<div class=\"text-centered\"><a href=\"https:\/\/www.geostru.eu\/?apply_coupon=HYDROPACK-EDISPL-30\" class=\"btn-shortcode dt-btn-s dt-btn default-btn-color default-btn-hover-color default-btn-bg-color default-btn-bg-hover-color anchor-link\" id=\"dt-btn-2\"><span>Reducere: -30%<\/span><\/a><\/div>[\/vc_column][vc_column width=&#8221;1\/2&#8243;][vc_video link=&#8221;https:\/\/youtu.be\/8ukodI0a29g&#8221; title=&#8221;Geophisics&#8221;]<div class=\"text-centered\"><a href=\"https:\/\/www.geostru.eu\/?apply_coupon=GEOPHYSICS-VD-30\" class=\"btn-shortcode dt-btn-s dt-btn default-btn-color default-btn-hover-color default-btn-bg-color default-btn-bg-hover-color\" id=\"dt-btn-3\"><span>Reducere: -30%<\/span><\/a><\/div>[\/vc_column][\/vc_row][vc_row][vc_column width=&#8221;1\/2&#8243;][vc_video link=&#8221;https:\/\/youtu.be\/9kbJSSmOftI&#8221; title=&#8221;Geofond&#8221;]<div class=\"text-centered\"><a href=\"https:\/\/www.geostru.eu\/?apply_coupon=GEOFOND-VD-24\" class=\"btn-shortcode dt-btn-s dt-btn default-btn-color default-btn-hover-color default-btn-bg-color default-btn-bg-hover-color\" id=\"dt-btn-4\"><span>Reducere: -24%<\/span><\/a><\/div>[\/vc_column][vc_column width=&#8221;1\/2&#8243;][vc_video link=&#8221;https:\/\/youtu.be\/dCVlGgSpGwg&#8221; title=&#8221;GeoInSitu&#8221;]<div class=\"text-centered\"><a href=\"https:\/\/www.geostru.eu\/?apply_coupon=geoinsitu-vd-30\" class=\"btn-shortcode dt-btn-s dt-btn default-btn-color default-btn-hover-color default-btn-bg-color default-btn-bg-hover-color\" id=\"dt-btn-5\"><span>Reducere: -30%<\/span><\/a><\/div>[\/vc_column][\/vc_row][vc_row][vc_column width=&#8221;1\/2&#8243;][vc_video link=&#8221;https:\/\/youtu.be\/0mmZO3HIs90&#8243; title=&#8221;GeoTech&#8221;]<div class=\"text-centered\"><a href=\"https:\/\/www.geostru.eu\/?apply_coupon=geotech-vd-35\" class=\"btn-shortcode dt-btn-s dt-btn default-btn-color default-btn-hover-color default-btn-bg-color default-btn-bg-hover-color\" id=\"dt-btn-6\"><span>Reducere: -35%<\/span><\/a><\/div>[\/vc_column][vc_column width=&#8221;1\/2&#8243;][vc_video link=&#8221;https:\/\/youtu.be\/9r5Xog_0JVA&#8221; title=&#8221;Geobuild&#8221;]<div class=\"text-centered\"><a href=\"https:\/\/www.geostru.eu\/shop\/software\/geobuild\/\" class=\"btn-shortcode dt-btn-s dt-btn default-btn-color default-btn-hover-color default-btn-bg-color default-btn-bg-hover-color\" id=\"dt-btn-7\"><span>Geobuild<\/span><\/a><\/div>[\/vc_column][\/vc_row][vc_row][vc_column width=&#8221;1\/2&#8243;][vc_video link=&#8221;https:\/\/youtu.be\/X8Is1V8RGlE&#8221; title=&#8221;GeoGeol&#8221;]<div class=\"text-centered\"><a href=\"https:\/\/www.geostru.eu\/?apply_coupon=geogeol-vd-35\" class=\"btn-shortcode dt-btn-s dt-btn default-btn-color default-btn-hover-color default-btn-bg-color default-btn-bg-hover-color\" id=\"dt-btn-8\"><span>Reducere: -35%<\/span><\/a><\/div>[\/vc_column][vc_column width=&#8221;1\/2&#8243;][\/vc_column][\/vc_row]<\/p>\n<\/div>","protected":false},"excerpt":{"rendered":"<p>[vc_row][vc_column][vc_column_text] Calitatea programelor noastre este asigurat\u0103 de mai mult de 50.000 de instal\u0103ri \u00een peste 135 de \u021b\u0103ri din \u00eentreaga lume. Colaborarea cu universit\u0103\u021bi tehnice din \u00eentreaga lume face ca produsele noastre s\u0103 fie printre cele mai avansate la nivel mondial. Ne-am dovedit \u00een timp aprecierea fa\u021b\u0103 de clien\u021bii no\u0219tri \u0219i ne propunem s\u0103 men\u021binem&hellip;<\/p>\n","protected":false},"author":216,"featured_media":0,"parent":0,"menu_order":0,"comment_status":"closed","ping_status":"closed","template":"","meta":{"footnotes":""},"class_list":["post-27056","page","type-page","status-publish","hentry","description-off"],"yoast_head":"<!-- This site is optimized with the Yoast SEO Premium plugin v25.0 (Yoast SEO v25.0) - https:\/\/yoast.com\/wordpress\/plugins\/seo\/ -->\n<title>Promo\u021bii exclusive - GeoStru EU<\/title>\n<meta name=\"robots\" content=\"index, follow, max-snippet:-1, max-image-preview:large, max-video-preview:-1\" \/>\n<link rel=\"canonical\" href=\"https:\/\/www.geostru.eu\/ro\/promotii-exclusive-2\/\" \/>\n<meta property=\"og:locale\" content=\"ro_RO\" \/>\n<meta property=\"og:type\" content=\"article\" \/>\n<meta property=\"og:title\" content=\"Promo\u021bii exclusive\" \/>\n<meta property=\"og:description\" content=\"[vc_row][vc_column][vc_column_text] Calitatea programelor noastre este asigurat\u0103 de mai mult de 50.000 de instal\u0103ri \u00een peste 135 de \u021b\u0103ri din \u00eentreaga lume. Colaborarea cu universit\u0103\u021bi tehnice din \u00eentreaga lume face ca produsele noastre s\u0103 fie printre cele mai avansate la nivel mondial. Ne-am dovedit \u00een timp aprecierea fa\u021b\u0103 de clien\u021bii no\u0219tri \u0219i ne propunem s\u0103 men\u021binem&hellip;\" \/>\n<meta property=\"og:url\" content=\"https:\/\/www.geostru.eu\/ro\/promotii-exclusive-2\/\" \/>\n<meta property=\"og:site_name\" content=\"GeoStru EU\" \/>\n<meta property=\"article:publisher\" content=\"https:\/\/www.facebook.com\/GeoStruSoftware\/\" \/>\n<meta property=\"article:modified_time\" content=\"2024-03-25T08:18:25+00:00\" \/>\n<meta name=\"twitter:card\" content=\"summary_large_image\" \/>\n<meta name=\"twitter:site\" content=\"@geostru\" \/>\n<meta name=\"twitter:label1\" content=\"Timp estimat pentru citire\" \/>\n\t<meta name=\"twitter:data1\" content=\"5 minute\" \/>\n<script type=\"application\/ld+json\" class=\"yoast-schema-graph\">{\"@context\":\"https:\/\/schema.org\",\"@graph\":[{\"@type\":\"WebPage\",\"@id\":\"https:\/\/www.geostru.eu\/ro\/promotii-exclusive-2\/\",\"url\":\"https:\/\/www.geostru.eu\/ro\/promotii-exclusive-2\/\",\"name\":\"Promo\u021bii exclusive - GeoStru EU\",\"isPartOf\":{\"@id\":\"https:\/\/www.geostru.eu\/ro\/#website\"},\"datePublished\":\"2015-05-23T14:33:56+00:00\",\"dateModified\":\"2024-03-25T08:18:25+00:00\",\"breadcrumb\":{\"@id\":\"https:\/\/www.geostru.eu\/ro\/promotii-exclusive-2\/#breadcrumb\"},\"inLanguage\":\"ro-RO\",\"potentialAction\":[{\"@type\":\"ReadAction\",\"target\":[\"https:\/\/www.geostru.eu\/ro\/promotii-exclusive-2\/\"]}]},{\"@type\":\"BreadcrumbList\",\"@id\":\"https:\/\/www.geostru.eu\/ro\/promotii-exclusive-2\/#breadcrumb\",\"itemListElement\":[{\"@type\":\"ListItem\",\"position\":1,\"name\":\"Home\",\"item\":\"https:\/\/www.geostru.eu\/ro\/\"},{\"@type\":\"ListItem\",\"position\":2,\"name\":\"Promo\u021bii exclusive\"}]},{\"@type\":\"WebSite\",\"@id\":\"https:\/\/www.geostru.eu\/ro\/#website\",\"url\":\"https:\/\/www.geostru.eu\/ro\/\",\"name\":\"GeoStru EU\",\"description\":\"Professionals at your service\",\"publisher\":{\"@id\":\"https:\/\/www.geostru.eu\/ro\/#organization\"},\"potentialAction\":[{\"@type\":\"SearchAction\",\"target\":{\"@type\":\"EntryPoint\",\"urlTemplate\":\"https:\/\/www.geostru.eu\/ro\/?s={search_term_string}\"},\"query-input\":{\"@type\":\"PropertyValueSpecification\",\"valueRequired\":true,\"valueName\":\"search_term_string\"}}],\"inLanguage\":\"ro-RO\"},{\"@type\":\"Organization\",\"@id\":\"https:\/\/www.geostru.eu\/ro\/#organization\",\"name\":\"GeoStru EU\",\"url\":\"https:\/\/www.geostru.eu\/ro\/\",\"logo\":{\"@type\":\"ImageObject\",\"inLanguage\":\"ro-RO\",\"@id\":\"https:\/\/www.geostru.eu\/ro\/#\/schema\/logo\/image\/\",\"url\":\"https:\/\/www.geostru.eu\/wp-content\/uploads\/2023\/02\/LOGO_GEOSTRU_educational_banner.png\",\"contentUrl\":\"https:\/\/www.geostru.eu\/wp-content\/uploads\/2023\/02\/LOGO_GEOSTRU_educational_banner.png\",\"width\":363,\"height\":115,\"caption\":\"GeoStru EU\"},\"image\":{\"@id\":\"https:\/\/www.geostru.eu\/ro\/#\/schema\/logo\/image\/\"},\"sameAs\":[\"https:\/\/www.facebook.com\/GeoStruSoftware\/\",\"https:\/\/x.com\/geostru\",\"https:\/\/www.linkedin.com\/company\/2462488\/admin\/\",\"https:\/\/www.instagram.com\/geostru\/\"]}]}<\/script>\n<!-- \/ Yoast SEO Premium plugin. -->","yoast_head_json":{"title":"Promo\u021bii exclusive - GeoStru EU","robots":{"index":"index","follow":"follow","max-snippet":"max-snippet:-1","max-image-preview":"max-image-preview:large","max-video-preview":"max-video-preview:-1"},"canonical":"https:\/\/www.geostru.eu\/ro\/promotii-exclusive-2\/","og_locale":"ro_RO","og_type":"article","og_title":"Promo\u021bii exclusive","og_description":"[vc_row][vc_column][vc_column_text] Calitatea programelor noastre este asigurat\u0103 de mai mult de 50.000 de instal\u0103ri \u00een peste 135 de \u021b\u0103ri din \u00eentreaga lume. Colaborarea cu universit\u0103\u021bi tehnice din \u00eentreaga lume face ca produsele noastre s\u0103 fie printre cele mai avansate la nivel mondial. Ne-am dovedit \u00een timp aprecierea fa\u021b\u0103 de clien\u021bii no\u0219tri \u0219i ne propunem s\u0103 men\u021binem&hellip;","og_url":"https:\/\/www.geostru.eu\/ro\/promotii-exclusive-2\/","og_site_name":"GeoStru EU","article_publisher":"https:\/\/www.facebook.com\/GeoStruSoftware\/","article_modified_time":"2024-03-25T08:18:25+00:00","twitter_card":"summary_large_image","twitter_site":"@geostru","twitter_misc":{"Timp estimat pentru citire":"5 minute"},"schema":{"@context":"https:\/\/schema.org","@graph":[{"@type":"WebPage","@id":"https:\/\/www.geostru.eu\/ro\/promotii-exclusive-2\/","url":"https:\/\/www.geostru.eu\/ro\/promotii-exclusive-2\/","name":"Promo\u021bii exclusive - GeoStru EU","isPartOf":{"@id":"https:\/\/www.geostru.eu\/ro\/#website"},"datePublished":"2015-05-23T14:33:56+00:00","dateModified":"2024-03-25T08:18:25+00:00","breadcrumb":{"@id":"https:\/\/www.geostru.eu\/ro\/promotii-exclusive-2\/#breadcrumb"},"inLanguage":"ro-RO","potentialAction":[{"@type":"ReadAction","target":["https:\/\/www.geostru.eu\/ro\/promotii-exclusive-2\/"]}]},{"@type":"BreadcrumbList","@id":"https:\/\/www.geostru.eu\/ro\/promotii-exclusive-2\/#breadcrumb","itemListElement":[{"@type":"ListItem","position":1,"name":"Home","item":"https:\/\/www.geostru.eu\/ro\/"},{"@type":"ListItem","position":2,"name":"Promo\u021bii exclusive"}]},{"@type":"WebSite","@id":"https:\/\/www.geostru.eu\/ro\/#website","url":"https:\/\/www.geostru.eu\/ro\/","name":"GeoStru EU","description":"Professionals at your service","publisher":{"@id":"https:\/\/www.geostru.eu\/ro\/#organization"},"potentialAction":[{"@type":"SearchAction","target":{"@type":"EntryPoint","urlTemplate":"https:\/\/www.geostru.eu\/ro\/?s={search_term_string}"},"query-input":{"@type":"PropertyValueSpecification","valueRequired":true,"valueName":"search_term_string"}}],"inLanguage":"ro-RO"},{"@type":"Organization","@id":"https:\/\/www.geostru.eu\/ro\/#organization","name":"GeoStru EU","url":"https:\/\/www.geostru.eu\/ro\/","logo":{"@type":"ImageObject","inLanguage":"ro-RO","@id":"https:\/\/www.geostru.eu\/ro\/#\/schema\/logo\/image\/","url":"https:\/\/www.geostru.eu\/wp-content\/uploads\/2023\/02\/LOGO_GEOSTRU_educational_banner.png","contentUrl":"https:\/\/www.geostru.eu\/wp-content\/uploads\/2023\/02\/LOGO_GEOSTRU_educational_banner.png","width":363,"height":115,"caption":"GeoStru EU"},"image":{"@id":"https:\/\/www.geostru.eu\/ro\/#\/schema\/logo\/image\/"},"sameAs":["https:\/\/www.facebook.com\/GeoStruSoftware\/","https:\/\/x.com\/geostru","https:\/\/www.linkedin.com\/company\/2462488\/admin\/","https:\/\/www.instagram.com\/geostru\/"]}]}},"_links":{"self":[{"href":"https:\/\/www.geostru.eu\/ro\/wp-json\/wp\/v2\/pages\/27056"}],"collection":[{"href":"https:\/\/www.geostru.eu\/ro\/wp-json\/wp\/v2\/pages"}],"about":[{"href":"https:\/\/www.geostru.eu\/ro\/wp-json\/wp\/v2\/types\/page"}],"author":[{"embeddable":true,"href":"https:\/\/www.geostru.eu\/ro\/wp-json\/wp\/v2\/users\/216"}],"replies":[{"embeddable":true,"href":"https:\/\/www.geostru.eu\/ro\/wp-json\/wp\/v2\/comments?post=27056"}],"version-history":[{"count":4,"href":"https:\/\/www.geostru.eu\/ro\/wp-json\/wp\/v2\/pages\/27056\/revisions"}],"predecessor-version":[{"id":148874,"href":"https:\/\/www.geostru.eu\/ro\/wp-json\/wp\/v2\/pages\/27056\/revisions\/148874"}],"wp:attachment":[{"href":"https:\/\/www.geostru.eu\/ro\/wp-json\/wp\/v2\/media?parent=27056"}],"curies":[{"name":"wp","href":"https:\/\/api.w.org\/{rel}","templated":true}]}}