{"id":25333,"date":"2016-11-09T20:17:00","date_gmt":"2016-11-09T19:17:00","guid":{"rendered":"https:\/\/www.geostru.eu\/ro\/free-resources\/"},"modified":"2024-01-29T11:58:07","modified_gmt":"2024-01-29T10:58:07","slug":"free-resources","status":"publish","type":"page","link":"https:\/\/www.geostru.eu\/ro\/free-resources\/","title":{"rendered":"Resurse gratuite"},"content":{"rendered":"<div class=\"wpb-content-wrapper\"><p>[vc_row][vc_column][vc_column_text]<a href=\"https:\/\/download.geostru.eu\/deploy\/amt\/publish.htm\" target=\"_blank\" rel=\"noopener\">Factorul de amplificare topografic\u0103<\/a> \u00een prezen\u021ba pantelor \u0219i crestei sau v\u00e2rfurilor[\/vc_column_text][vc_empty_space height=&#8221;30px&#8221;][\/vc_column][\/vc_row][vc_row][vc_column width=&#8221;1\/2&#8243;][vc_single_image image=&#8221;28597&#8243; img_size=&#8221;full&#8221; alignment=&#8221;center&#8221;][vc_column_text]<\/p>\n<p style=\"text-align: justify;\"><span id=\"result_box\" class=\"\" lang=\"en\"><a href=\"https:\/\/download.geostru.eu\/deploy\/plugin\/converter\/geostru_converter.htm\" target=\"_blank\" rel=\"noopener\"><strong>Geostru Converter<\/strong><\/a>: Noi unit\u0103\u021bi de conversie simultan\u0103 \u00een mai multe unit\u0103\u021bi \u0219i multe alte func\u021bionalit\u0103\u021bi. <\/span><\/p>\n<p>[\/vc_column_text][\/vc_column][vc_column width=&#8221;1\/2&#8243;][vc_single_image image=&#8221;8009&#8243; img_size=&#8221;full&#8221; alignment=&#8221;center&#8221;][vc_column_text]<\/p>\n<p style=\"text-align: justify;\"><strong>Texturi<\/strong>: Biblioteca de texturi ale solului este \u00eemp\u0103r\u021bit\u0103 \u00een soluri necoezive, soluri coezive, roci \u0219i altele. <a href=\"http:\/\/download.geostru.eu\/2021\/textures_geostru.exe\">Descarc\u0103<\/a><\/p>\n<p>[\/vc_column_text][\/vc_column][\/vc_row][vc_row][vc_column][vc_empty_space height=&#8221;30px&#8221;][\/vc_column][\/vc_row]<\/p>\n<\/div>","protected":false},"excerpt":{"rendered":"<p>[vc_row][vc_column][vc_column_text]Factorul de amplificare topografic\u0103 \u00een prezen\u021ba pantelor \u0219i crestei sau v\u00e2rfurilor[\/vc_column_text][vc_empty_space height=&#8221;30px&#8221;][\/vc_column][\/vc_row][vc_row][vc_column width=&#8221;1\/2&#8243;][vc_single_image image=&#8221;28597&#8243; img_size=&#8221;full&#8221; alignment=&#8221;center&#8221;][vc_column_text] Geostru Converter: Noi unit\u0103\u021bi de conversie simultan\u0103 \u00een mai multe unit\u0103\u021bi \u0219i multe alte func\u021bionalit\u0103\u021bi. [\/vc_column_text][\/vc_column][vc_column width=&#8221;1\/2&#8243;][vc_single_image image=&#8221;8009&#8243; img_size=&#8221;full&#8221; alignment=&#8221;center&#8221;][vc_column_text] Texturi: Biblioteca de texturi ale solului este \u00eemp\u0103r\u021bit\u0103 \u00een soluri necoezive, soluri coezive, roci \u0219i altele. Descarc\u0103 [\/vc_column_text][\/vc_column][\/vc_row][vc_row][vc_column][vc_empty_space height=&#8221;30px&#8221;][\/vc_column][\/vc_row]<\/p>\n","protected":false},"author":216,"featured_media":19800,"parent":0,"menu_order":0,"comment_status":"closed","ping_status":"closed","template":"","meta":{"footnotes":""},"class_list":["post-25333","page","type-page","status-publish","has-post-thumbnail","hentry","description-off"],"yoast_head":"<!-- This site is optimized with the Yoast SEO Premium plugin v25.0 (Yoast SEO v25.0) - https:\/\/yoast.com\/wordpress\/plugins\/seo\/ -->\n<title>Free resource for Geotechnical, engineering, geology<\/title>\n<meta name=\"description\" content=\"Free resource for Geotechnical, engineering, geology\" \/>\n<meta name=\"robots\" content=\"index, follow, max-snippet:-1, max-image-preview:large, max-video-preview:-1\" \/>\n<link rel=\"canonical\" href=\"https:\/\/www.geostru.eu\/ro\/free-resources\/\" \/>\n<meta property=\"og:locale\" content=\"ro_RO\" \/>\n<meta property=\"og:type\" content=\"article\" \/>\n<meta property=\"og:title\" content=\"Resurse gratuite\" \/>\n<meta property=\"og:description\" content=\"Free resource for Geotechnical, engineering, geology\" \/>\n<meta property=\"og:url\" content=\"https:\/\/www.geostru.eu\/ro\/free-resources\/\" \/>\n<meta property=\"og:site_name\" content=\"GeoStru EU\" \/>\n<meta property=\"article:publisher\" content=\"https:\/\/www.facebook.com\/GeoStruSoftware\/\" \/>\n<meta property=\"article:modified_time\" content=\"2024-01-29T10:58:07+00:00\" \/>\n<meta name=\"twitter:card\" content=\"summary_large_image\" \/>\n<meta name=\"twitter:site\" content=\"@geostru\" \/>\n<meta name=\"twitter:label1\" content=\"Timp estimat pentru citire\" \/>\n\t<meta name=\"twitter:data1\" content=\"1 minut\" \/>\n<script type=\"application\/ld+json\" class=\"yoast-schema-graph\">{\"@context\":\"https:\/\/schema.org\",\"@graph\":[{\"@type\":\"WebPage\",\"@id\":\"https:\/\/www.geostru.eu\/ro\/free-resources\/\",\"url\":\"https:\/\/www.geostru.eu\/ro\/free-resources\/\",\"name\":\"Free resource for Geotechnical, engineering, geology\",\"isPartOf\":{\"@id\":\"https:\/\/www.geostru.eu\/ro\/#website\"},\"primaryImageOfPage\":{\"@id\":\"https:\/\/www.geostru.eu\/ro\/free-resources\/#primaryimage\"},\"image\":{\"@id\":\"https:\/\/www.geostru.eu\/ro\/free-resources\/#primaryimage\"},\"thumbnailUrl\":\"https:\/\/www.geostru.eu\/wp-content\/uploads\/2015\/09\/Risorse-gratuite-per-la-geotecnica-e-geologia-geostru.jpg\",\"datePublished\":\"2016-11-09T19:17:00+00:00\",\"dateModified\":\"2024-01-29T10:58:07+00:00\",\"description\":\"Free resource for Geotechnical, engineering, geology\",\"breadcrumb\":{\"@id\":\"https:\/\/www.geostru.eu\/ro\/free-resources\/#breadcrumb\"},\"inLanguage\":\"ro-RO\",\"potentialAction\":[{\"@type\":\"ReadAction\",\"target\":[\"https:\/\/www.geostru.eu\/ro\/free-resources\/\"]}]},{\"@type\":\"ImageObject\",\"inLanguage\":\"ro-RO\",\"@id\":\"https:\/\/www.geostru.eu\/ro\/free-resources\/#primaryimage\",\"url\":\"https:\/\/www.geostru.eu\/wp-content\/uploads\/2015\/09\/Risorse-gratuite-per-la-geotecnica-e-geologia-geostru.jpg\",\"contentUrl\":\"https:\/\/www.geostru.eu\/wp-content\/uploads\/2015\/09\/Risorse-gratuite-per-la-geotecnica-e-geologia-geostru.jpg\",\"width\":305,\"height\":165},{\"@type\":\"BreadcrumbList\",\"@id\":\"https:\/\/www.geostru.eu\/ro\/free-resources\/#breadcrumb\",\"itemListElement\":[{\"@type\":\"ListItem\",\"position\":1,\"name\":\"Home\",\"item\":\"https:\/\/www.geostru.eu\/ro\/\"},{\"@type\":\"ListItem\",\"position\":2,\"name\":\"Resurse gratuite\"}]},{\"@type\":\"WebSite\",\"@id\":\"https:\/\/www.geostru.eu\/ro\/#website\",\"url\":\"https:\/\/www.geostru.eu\/ro\/\",\"name\":\"GeoStru EU\",\"description\":\"Professionals at your service\",\"publisher\":{\"@id\":\"https:\/\/www.geostru.eu\/ro\/#organization\"},\"potentialAction\":[{\"@type\":\"SearchAction\",\"target\":{\"@type\":\"EntryPoint\",\"urlTemplate\":\"https:\/\/www.geostru.eu\/ro\/?s={search_term_string}\"},\"query-input\":{\"@type\":\"PropertyValueSpecification\",\"valueRequired\":true,\"valueName\":\"search_term_string\"}}],\"inLanguage\":\"ro-RO\"},{\"@type\":\"Organization\",\"@id\":\"https:\/\/www.geostru.eu\/ro\/#organization\",\"name\":\"GeoStru EU\",\"url\":\"https:\/\/www.geostru.eu\/ro\/\",\"logo\":{\"@type\":\"ImageObject\",\"inLanguage\":\"ro-RO\",\"@id\":\"https:\/\/www.geostru.eu\/ro\/#\/schema\/logo\/image\/\",\"url\":\"https:\/\/www.geostru.eu\/wp-content\/uploads\/2023\/02\/LOGO_GEOSTRU_educational_banner.png\",\"contentUrl\":\"https:\/\/www.geostru.eu\/wp-content\/uploads\/2023\/02\/LOGO_GEOSTRU_educational_banner.png\",\"width\":363,\"height\":115,\"caption\":\"GeoStru EU\"},\"image\":{\"@id\":\"https:\/\/www.geostru.eu\/ro\/#\/schema\/logo\/image\/\"},\"sameAs\":[\"https:\/\/www.facebook.com\/GeoStruSoftware\/\",\"https:\/\/x.com\/geostru\",\"https:\/\/www.linkedin.com\/company\/2462488\/admin\/\",\"https:\/\/www.instagram.com\/geostru\/\"]}]}<\/script>\n<!-- \/ Yoast SEO Premium plugin. -->","yoast_head_json":{"title":"Free resource for Geotechnical, engineering, geology","description":"Free resource for Geotechnical, engineering, geology","robots":{"index":"index","follow":"follow","max-snippet":"max-snippet:-1","max-image-preview":"max-image-preview:large","max-video-preview":"max-video-preview:-1"},"canonical":"https:\/\/www.geostru.eu\/ro\/free-resources\/","og_locale":"ro_RO","og_type":"article","og_title":"Resurse gratuite","og_description":"Free resource for Geotechnical, engineering, geology","og_url":"https:\/\/www.geostru.eu\/ro\/free-resources\/","og_site_name":"GeoStru EU","article_publisher":"https:\/\/www.facebook.com\/GeoStruSoftware\/","article_modified_time":"2024-01-29T10:58:07+00:00","twitter_card":"summary_large_image","twitter_site":"@geostru","twitter_misc":{"Timp estimat pentru citire":"1 minut"},"schema":{"@context":"https:\/\/schema.org","@graph":[{"@type":"WebPage","@id":"https:\/\/www.geostru.eu\/ro\/free-resources\/","url":"https:\/\/www.geostru.eu\/ro\/free-resources\/","name":"Free resource for Geotechnical, engineering, geology","isPartOf":{"@id":"https:\/\/www.geostru.eu\/ro\/#website"},"primaryImageOfPage":{"@id":"https:\/\/www.geostru.eu\/ro\/free-resources\/#primaryimage"},"image":{"@id":"https:\/\/www.geostru.eu\/ro\/free-resources\/#primaryimage"},"thumbnailUrl":"https:\/\/www.geostru.eu\/wp-content\/uploads\/2015\/09\/Risorse-gratuite-per-la-geotecnica-e-geologia-geostru.jpg","datePublished":"2016-11-09T19:17:00+00:00","dateModified":"2024-01-29T10:58:07+00:00","description":"Free resource for Geotechnical, engineering, geology","breadcrumb":{"@id":"https:\/\/www.geostru.eu\/ro\/free-resources\/#breadcrumb"},"inLanguage":"ro-RO","potentialAction":[{"@type":"ReadAction","target":["https:\/\/www.geostru.eu\/ro\/free-resources\/"]}]},{"@type":"ImageObject","inLanguage":"ro-RO","@id":"https:\/\/www.geostru.eu\/ro\/free-resources\/#primaryimage","url":"https:\/\/www.geostru.eu\/wp-content\/uploads\/2015\/09\/Risorse-gratuite-per-la-geotecnica-e-geologia-geostru.jpg","contentUrl":"https:\/\/www.geostru.eu\/wp-content\/uploads\/2015\/09\/Risorse-gratuite-per-la-geotecnica-e-geologia-geostru.jpg","width":305,"height":165},{"@type":"BreadcrumbList","@id":"https:\/\/www.geostru.eu\/ro\/free-resources\/#breadcrumb","itemListElement":[{"@type":"ListItem","position":1,"name":"Home","item":"https:\/\/www.geostru.eu\/ro\/"},{"@type":"ListItem","position":2,"name":"Resurse gratuite"}]},{"@type":"WebSite","@id":"https:\/\/www.geostru.eu\/ro\/#website","url":"https:\/\/www.geostru.eu\/ro\/","name":"GeoStru EU","description":"Professionals at your service","publisher":{"@id":"https:\/\/www.geostru.eu\/ro\/#organization"},"potentialAction":[{"@type":"SearchAction","target":{"@type":"EntryPoint","urlTemplate":"https:\/\/www.geostru.eu\/ro\/?s={search_term_string}"},"query-input":{"@type":"PropertyValueSpecification","valueRequired":true,"valueName":"search_term_string"}}],"inLanguage":"ro-RO"},{"@type":"Organization","@id":"https:\/\/www.geostru.eu\/ro\/#organization","name":"GeoStru EU","url":"https:\/\/www.geostru.eu\/ro\/","logo":{"@type":"ImageObject","inLanguage":"ro-RO","@id":"https:\/\/www.geostru.eu\/ro\/#\/schema\/logo\/image\/","url":"https:\/\/www.geostru.eu\/wp-content\/uploads\/2023\/02\/LOGO_GEOSTRU_educational_banner.png","contentUrl":"https:\/\/www.geostru.eu\/wp-content\/uploads\/2023\/02\/LOGO_GEOSTRU_educational_banner.png","width":363,"height":115,"caption":"GeoStru EU"},"image":{"@id":"https:\/\/www.geostru.eu\/ro\/#\/schema\/logo\/image\/"},"sameAs":["https:\/\/www.facebook.com\/GeoStruSoftware\/","https:\/\/x.com\/geostru","https:\/\/www.linkedin.com\/company\/2462488\/admin\/","https:\/\/www.instagram.com\/geostru\/"]}]}},"_links":{"self":[{"href":"https:\/\/www.geostru.eu\/ro\/wp-json\/wp\/v2\/pages\/25333"}],"collection":[{"href":"https:\/\/www.geostru.eu\/ro\/wp-json\/wp\/v2\/pages"}],"about":[{"href":"https:\/\/www.geostru.eu\/ro\/wp-json\/wp\/v2\/types\/page"}],"author":[{"embeddable":true,"href":"https:\/\/www.geostru.eu\/ro\/wp-json\/wp\/v2\/users\/216"}],"replies":[{"embeddable":true,"href":"https:\/\/www.geostru.eu\/ro\/wp-json\/wp\/v2\/comments?post=25333"}],"version-history":[{"count":3,"href":"https:\/\/www.geostru.eu\/ro\/wp-json\/wp\/v2\/pages\/25333\/revisions"}],"predecessor-version":[{"id":147143,"href":"https:\/\/www.geostru.eu\/ro\/wp-json\/wp\/v2\/pages\/25333\/revisions\/147143"}],"wp:featuredmedia":[{"embeddable":true,"href":"https:\/\/www.geostru.eu\/ro\/wp-json\/wp\/v2\/media\/19800"}],"wp:attachment":[{"href":"https:\/\/www.geostru.eu\/ro\/wp-json\/wp\/v2\/media?parent=25333"}],"curies":[{"name":"wp","href":"https:\/\/api.w.org\/{rel}","templated":true}]}}