{"id":16712,"date":"2015-10-26T07:02:32","date_gmt":"2015-10-26T06:02:32","guid":{"rendered":"https:\/\/www.geostru.eu\/terms-and-conditions\/?lang=ro"},"modified":"2025-07-29T10:50:16","modified_gmt":"2025-07-29T08:50:16","slug":"termeni-si-conditii","status":"publish","type":"page","link":"https:\/\/www.geostru.eu\/ro\/termeni-si-conditii\/","title":{"rendered":"Termeni \u0219i condi\u021bii"},"content":{"rendered":"<div class=\"wpb-content-wrapper\"><p>[vc_row][vc_column][vc_column_text]<\/p>\n<p style=\"text-align: justify\"><strong>PREMISA<\/strong><\/p>\n<p>Aceste informa\u021bii sunt destinate tuturor celor care viziteaz\u0103 \u0219i interac\u021bioneaz\u0103 cu site-ul <a href=\"https:\/\/www.geostru.eu\/\">www.geostru.eu<\/a>\u00a0\u0219i solicit\u0103 accesul la serviciile furnizate prin intermediul site-ului, inclusiv serviciul de v\u00e2nzare a produselor, prin intermediu web (&#8222;e-commerce&#8221;).<\/p>\n<p style=\"text-align: justify\">Site-ul este de\u021binut de\u00a0<strong>EngSoft S.R.L.<\/strong>\u00a0cu sediul \u00een\u00a0Cluj-Napoca, Rom\u00e2nia &#8211; C.I.F. RO30277934\u00a0care, \u00een conformitate cu obiectivele sale statutare, a creat platforma tehnologic\u0103 a site-ului \u0219i a identificat procedurile tehnice pentru organizarea serviciului de e-commerce.<\/p>\n<p style=\"text-align: justify\">Serviciul de e-commerce este oferit de\u00a0<strong>EngSoft S.R.L.<\/strong>, care proceseaz\u0103 comenzile prin platforma sa, \u00een conformitate cu procedurile tehnice \u0219i organizatorice.<\/p>\n<p style=\"text-align: justify\">Pentru a facilita procesul online, atunci c\u00e2nd se completeaz\u0103 formularul de comand\u0103, utilizatorul va vedea informa\u021biile personale pe care le-a introdus anterior \u00een formularul de \u00eenregistrare \u0219i care sunt necesare pentru a finaliza procesul de furnizare a serviciilor (ex: numele, prenumele, adresa), f\u0103r\u0103 a reintroduce datele \u00een c\u00e2mpurile corespunz\u0103toare a formularului de comand\u0103.<\/p>\n<p style=\"text-align: justify\">Utilizatorul permite\u00a0<strong>EngSoft S.R.L.<\/strong>\u00a0colectarea de date (pe care\u00a0<strong>EngSoft S.R.L.<\/strong> le va trata \u00een conformitate cu Codul de confiden\u021bialitate \u00een func\u021bie de \u021bara clientului) \u0219i adresa de email, necesare procesului de furnizare a serviciilor, date care se vor acord\u0103 EngSoft S.R.L. numai prin selectarea butonului care permite transmiterea comenzii de achizi\u021bie \u0219i nu \u00eenainte.<\/p>\n<p style=\"text-align: justify\"><strong>RENUN\u0162ARE<\/strong><\/p>\n<p style=\"text-align: justify\">V\u00e2nz\u0103rile se realizeaz\u0103 dup\u0103 formul\u0103 restituirii banilor \u00een cazul nemul\u0163umirii clientului, care are dreptul de a returna produsul \u00een termen de 14 zile de la dat\u0103 primirii acestuia sau, \u00een cazul furniz\u0103rii electronice, de la dat\u0103 desc\u0103rc\u0103rii software-ului din serverele noastre. Pentru protejarea software-ului, dreptul de restituire se poate exercit\u0103 numai p\u00e2n\u0103 la comunicarea codurilor de \u00eenregistrare.<br \/>\nPute\u0163i beneficia de acest drept prin cerere scris\u0103, trimis\u0103 biroului nostru c\u0103 recomandat\u0103 sau prin fax .<\/p>\n<p style=\"text-align: justify\"><strong>MODALIT\u0102\u0162I DE PREDARE<\/strong><\/p>\n<p>Furnizarea electronic\u0103 se face prin desc\u0103rcare din zona utilizatorilor, nu presupune niciun cost suplimentar \u015fi permite utilizarea \u00een scurt timp, dup\u0103 activarea software-ului de pe Internet.<br \/>\nDownload: GRATUITO<\/p>\n<p style=\"text-align: justify\"><strong>PRE\u0162URI<\/strong><\/p>\n<p style=\"text-align: justify\">Pre\u0163ul produselor cuprinde manualul sub form\u0103 de fi\u015fier PDF \u015fi este f\u0103r\u0103 TVA, care se aplic\u0103 dup\u0103 normele interna\u0163ionale.<\/p>\n<p style=\"text-align: justify\"><strong>MODALIT\u0102\u0162I DE PLAT\u0102<\/strong><\/p>\n<p>Sunt disponibile urm\u0103toarele modalit\u0103\u0163i de plat\u0103. Pentru unele se poate solicit\u0103 suplimentul indicat \u00een plus fa\u0163\u0103 de cheltuielile de expedi\u0163ie.<\/p>\n<ul>\n<li style=\"list-style-type: none\">\n<ul>\n<li style=\"text-align: justify\">Ordin de plat\u0103;<\/li>\n<li style=\"text-align: justify\">Card de credit;<\/li>\n<li style=\"text-align: justify\">Paypal.<\/li>\n<\/ul>\n<\/li>\n<\/ul>\n<p style=\"text-align: justify\"><strong>ACTUALIZ\u0102RI<\/strong><\/p>\n<p style=\"text-align: justify\">Sunt gratuite timp de 1 an de la dat\u0103 achizi\u0163iei, dup\u0103 care, costul depinde de num\u0103rul de programe posedate \u015fi se calculeaz\u0103 sub form\u0103 de procent din pre\u021bul de list\u0103 actual.<br \/>\nAnun\u0163ul expir\u0103rii licen\u0163ei \u00eei este trimis automat clientului cu aproximativ o lun\u0103 \u00eenainte de dat\u0103 limit\u0103 \u015fi se repet\u0103 s\u0103pt\u0103m\u00e2nal.<br \/>\nClientul poate efectua comand\u0103 de actualizare de la link-ul aflat \u00een e-mail-ul primit sau conect\u00e2ndu-se la contul personal de pe site.<\/p>\n<p style=\"text-align: justify\"><strong>MODALIT\u0102\u0162I DE COMAND\u0102<\/strong><\/p>\n<p style=\"text-align: justify\">Comand\u0103 se poate efectua online, dup\u0103 \u00eenregistrarea pe site-ul nostru, sau telefonic, prin intermediul operatorilor no\u015ftri.<\/p>\n<p style=\"text-align: justify\"><strong>PROTEC\u0162IA \u015eI ACTIVAREA SOFTWARE-ULUI<\/strong><\/p>\n<p style=\"text-align: justify\">Procedura de activare se produce automat, \u00een cazul computerului conectat la Internet.<\/p>\n<p>[\/vc_column_text][\/vc_column][\/vc_row]<\/p>\n<\/div>","protected":false},"excerpt":{"rendered":"<p>[vc_row][vc_column][vc_column_text] PREMISA Aceste informa\u021bii sunt destinate tuturor celor care viziteaz\u0103 \u0219i interac\u021bioneaz\u0103 cu site-ul www.geostru.eu\u00a0\u0219i solicit\u0103 accesul la serviciile furnizate prin intermediul site-ului, inclusiv serviciul de v\u00e2nzare a produselor, prin intermediu web (&#8222;e-commerce&#8221;). Site-ul este de\u021binut de\u00a0EngSoft S.R.L.\u00a0cu sediul \u00een\u00a0Cluj-Napoca, Rom\u00e2nia &#8211; C.I.F. RO30277934\u00a0care, \u00een conformitate cu obiectivele sale statutare, a creat platforma tehnologic\u0103 a&hellip;<\/p>\n","protected":false},"author":216,"featured_media":0,"parent":0,"menu_order":0,"comment_status":"closed","ping_status":"closed","template":"","meta":{"footnotes":""},"class_list":["post-16712","page","type-page","status-publish","hentry","description-off"],"yoast_head":"<!-- This site is optimized with the Yoast SEO Premium plugin v25.0 (Yoast SEO v25.0) - https:\/\/yoast.com\/wordpress\/plugins\/seo\/ -->\n<title>Termeni \u0219i condi\u021bii - GeoStru EU<\/title>\n<meta name=\"robots\" content=\"index, follow, max-snippet:-1, max-image-preview:large, max-video-preview:-1\" \/>\n<link rel=\"canonical\" href=\"https:\/\/www.geostru.eu\/ro\/termeni-si-conditii\/\" \/>\n<meta property=\"og:locale\" content=\"ro_RO\" \/>\n<meta property=\"og:type\" content=\"article\" \/>\n<meta property=\"og:title\" content=\"Termeni \u0219i condi\u021bii\" \/>\n<meta property=\"og:description\" content=\"[vc_row][vc_column][vc_column_text] PREMISA Aceste informa\u021bii sunt destinate tuturor celor care viziteaz\u0103 \u0219i interac\u021bioneaz\u0103 cu site-ul www.geostru.eu\u00a0\u0219i solicit\u0103 accesul la serviciile furnizate prin intermediul site-ului, inclusiv serviciul de v\u00e2nzare a produselor, prin intermediu web (&#8222;e-commerce&#8221;). Site-ul este de\u021binut de\u00a0EngSoft S.R.L.\u00a0cu sediul \u00een\u00a0Cluj-Napoca, Rom\u00e2nia &#8211; C.I.F. RO30277934\u00a0care, \u00een conformitate cu obiectivele sale statutare, a creat platforma tehnologic\u0103 a&hellip;\" \/>\n<meta property=\"og:url\" content=\"https:\/\/www.geostru.eu\/ro\/termeni-si-conditii\/\" \/>\n<meta property=\"og:site_name\" content=\"GeoStru EU\" \/>\n<meta property=\"article:publisher\" content=\"https:\/\/www.facebook.com\/GeoStruSoftware\/\" \/>\n<meta property=\"article:modified_time\" content=\"2025-07-29T08:50:16+00:00\" \/>\n<meta name=\"twitter:card\" content=\"summary_large_image\" \/>\n<meta name=\"twitter:site\" content=\"@geostru\" \/>\n<meta name=\"twitter:label1\" content=\"Timp estimat pentru citire\" \/>\n\t<meta name=\"twitter:data1\" content=\"3 minute\" \/>\n<script type=\"application\/ld+json\" class=\"yoast-schema-graph\">{\"@context\":\"https:\/\/schema.org\",\"@graph\":[{\"@type\":\"WebPage\",\"@id\":\"https:\/\/www.geostru.eu\/ro\/termeni-si-conditii\/\",\"url\":\"https:\/\/www.geostru.eu\/ro\/termeni-si-conditii\/\",\"name\":\"Termeni \u0219i condi\u021bii - GeoStru EU\",\"isPartOf\":{\"@id\":\"https:\/\/www.geostru.eu\/ro\/#website\"},\"datePublished\":\"2015-10-26T06:02:32+00:00\",\"dateModified\":\"2025-07-29T08:50:16+00:00\",\"breadcrumb\":{\"@id\":\"https:\/\/www.geostru.eu\/ro\/termeni-si-conditii\/#breadcrumb\"},\"inLanguage\":\"ro-RO\",\"potentialAction\":[{\"@type\":\"ReadAction\",\"target\":[\"https:\/\/www.geostru.eu\/ro\/termeni-si-conditii\/\"]}]},{\"@type\":\"BreadcrumbList\",\"@id\":\"https:\/\/www.geostru.eu\/ro\/termeni-si-conditii\/#breadcrumb\",\"itemListElement\":[{\"@type\":\"ListItem\",\"position\":1,\"name\":\"Home\",\"item\":\"https:\/\/www.geostru.eu\/ro\/\"},{\"@type\":\"ListItem\",\"position\":2,\"name\":\"Termeni \u0219i condi\u021bii\"}]},{\"@type\":\"WebSite\",\"@id\":\"https:\/\/www.geostru.eu\/ro\/#website\",\"url\":\"https:\/\/www.geostru.eu\/ro\/\",\"name\":\"GeoStru EU\",\"description\":\"Professionals at your service\",\"publisher\":{\"@id\":\"https:\/\/www.geostru.eu\/ro\/#organization\"},\"potentialAction\":[{\"@type\":\"SearchAction\",\"target\":{\"@type\":\"EntryPoint\",\"urlTemplate\":\"https:\/\/www.geostru.eu\/ro\/?s={search_term_string}\"},\"query-input\":{\"@type\":\"PropertyValueSpecification\",\"valueRequired\":true,\"valueName\":\"search_term_string\"}}],\"inLanguage\":\"ro-RO\"},{\"@type\":\"Organization\",\"@id\":\"https:\/\/www.geostru.eu\/ro\/#organization\",\"name\":\"GeoStru EU\",\"url\":\"https:\/\/www.geostru.eu\/ro\/\",\"logo\":{\"@type\":\"ImageObject\",\"inLanguage\":\"ro-RO\",\"@id\":\"https:\/\/www.geostru.eu\/ro\/#\/schema\/logo\/image\/\",\"url\":\"https:\/\/www.geostru.eu\/wp-content\/uploads\/2023\/02\/LOGO_GEOSTRU_educational_banner.png\",\"contentUrl\":\"https:\/\/www.geostru.eu\/wp-content\/uploads\/2023\/02\/LOGO_GEOSTRU_educational_banner.png\",\"width\":363,\"height\":115,\"caption\":\"GeoStru EU\"},\"image\":{\"@id\":\"https:\/\/www.geostru.eu\/ro\/#\/schema\/logo\/image\/\"},\"sameAs\":[\"https:\/\/www.facebook.com\/GeoStruSoftware\/\",\"https:\/\/x.com\/geostru\",\"https:\/\/www.linkedin.com\/company\/2462488\/admin\/\",\"https:\/\/www.instagram.com\/geostru\/\"]}]}<\/script>\n<!-- \/ Yoast SEO Premium plugin. -->","yoast_head_json":{"title":"Termeni \u0219i condi\u021bii - GeoStru EU","robots":{"index":"index","follow":"follow","max-snippet":"max-snippet:-1","max-image-preview":"max-image-preview:large","max-video-preview":"max-video-preview:-1"},"canonical":"https:\/\/www.geostru.eu\/ro\/termeni-si-conditii\/","og_locale":"ro_RO","og_type":"article","og_title":"Termeni \u0219i condi\u021bii","og_description":"[vc_row][vc_column][vc_column_text] PREMISA Aceste informa\u021bii sunt destinate tuturor celor care viziteaz\u0103 \u0219i interac\u021bioneaz\u0103 cu site-ul www.geostru.eu\u00a0\u0219i solicit\u0103 accesul la serviciile furnizate prin intermediul site-ului, inclusiv serviciul de v\u00e2nzare a produselor, prin intermediu web (&#8222;e-commerce&#8221;). Site-ul este de\u021binut de\u00a0EngSoft S.R.L.\u00a0cu sediul \u00een\u00a0Cluj-Napoca, Rom\u00e2nia &#8211; C.I.F. RO30277934\u00a0care, \u00een conformitate cu obiectivele sale statutare, a creat platforma tehnologic\u0103 a&hellip;","og_url":"https:\/\/www.geostru.eu\/ro\/termeni-si-conditii\/","og_site_name":"GeoStru EU","article_publisher":"https:\/\/www.facebook.com\/GeoStruSoftware\/","article_modified_time":"2025-07-29T08:50:16+00:00","twitter_card":"summary_large_image","twitter_site":"@geostru","twitter_misc":{"Timp estimat pentru citire":"3 minute"},"schema":{"@context":"https:\/\/schema.org","@graph":[{"@type":"WebPage","@id":"https:\/\/www.geostru.eu\/ro\/termeni-si-conditii\/","url":"https:\/\/www.geostru.eu\/ro\/termeni-si-conditii\/","name":"Termeni \u0219i condi\u021bii - GeoStru EU","isPartOf":{"@id":"https:\/\/www.geostru.eu\/ro\/#website"},"datePublished":"2015-10-26T06:02:32+00:00","dateModified":"2025-07-29T08:50:16+00:00","breadcrumb":{"@id":"https:\/\/www.geostru.eu\/ro\/termeni-si-conditii\/#breadcrumb"},"inLanguage":"ro-RO","potentialAction":[{"@type":"ReadAction","target":["https:\/\/www.geostru.eu\/ro\/termeni-si-conditii\/"]}]},{"@type":"BreadcrumbList","@id":"https:\/\/www.geostru.eu\/ro\/termeni-si-conditii\/#breadcrumb","itemListElement":[{"@type":"ListItem","position":1,"name":"Home","item":"https:\/\/www.geostru.eu\/ro\/"},{"@type":"ListItem","position":2,"name":"Termeni \u0219i condi\u021bii"}]},{"@type":"WebSite","@id":"https:\/\/www.geostru.eu\/ro\/#website","url":"https:\/\/www.geostru.eu\/ro\/","name":"GeoStru EU","description":"Professionals at your service","publisher":{"@id":"https:\/\/www.geostru.eu\/ro\/#organization"},"potentialAction":[{"@type":"SearchAction","target":{"@type":"EntryPoint","urlTemplate":"https:\/\/www.geostru.eu\/ro\/?s={search_term_string}"},"query-input":{"@type":"PropertyValueSpecification","valueRequired":true,"valueName":"search_term_string"}}],"inLanguage":"ro-RO"},{"@type":"Organization","@id":"https:\/\/www.geostru.eu\/ro\/#organization","name":"GeoStru EU","url":"https:\/\/www.geostru.eu\/ro\/","logo":{"@type":"ImageObject","inLanguage":"ro-RO","@id":"https:\/\/www.geostru.eu\/ro\/#\/schema\/logo\/image\/","url":"https:\/\/www.geostru.eu\/wp-content\/uploads\/2023\/02\/LOGO_GEOSTRU_educational_banner.png","contentUrl":"https:\/\/www.geostru.eu\/wp-content\/uploads\/2023\/02\/LOGO_GEOSTRU_educational_banner.png","width":363,"height":115,"caption":"GeoStru EU"},"image":{"@id":"https:\/\/www.geostru.eu\/ro\/#\/schema\/logo\/image\/"},"sameAs":["https:\/\/www.facebook.com\/GeoStruSoftware\/","https:\/\/x.com\/geostru","https:\/\/www.linkedin.com\/company\/2462488\/admin\/","https:\/\/www.instagram.com\/geostru\/"]}]}},"_links":{"self":[{"href":"https:\/\/www.geostru.eu\/ro\/wp-json\/wp\/v2\/pages\/16712"}],"collection":[{"href":"https:\/\/www.geostru.eu\/ro\/wp-json\/wp\/v2\/pages"}],"about":[{"href":"https:\/\/www.geostru.eu\/ro\/wp-json\/wp\/v2\/types\/page"}],"author":[{"embeddable":true,"href":"https:\/\/www.geostru.eu\/ro\/wp-json\/wp\/v2\/users\/216"}],"replies":[{"embeddable":true,"href":"https:\/\/www.geostru.eu\/ro\/wp-json\/wp\/v2\/comments?post=16712"}],"version-history":[{"count":3,"href":"https:\/\/www.geostru.eu\/ro\/wp-json\/wp\/v2\/pages\/16712\/revisions"}],"predecessor-version":[{"id":160136,"href":"https:\/\/www.geostru.eu\/ro\/wp-json\/wp\/v2\/pages\/16712\/revisions\/160136"}],"wp:attachment":[{"href":"https:\/\/www.geostru.eu\/ro\/wp-json\/wp\/v2\/media?parent=16712"}],"curies":[{"name":"wp","href":"https:\/\/api.w.org\/{rel}","templated":true}]}}