{"id":138906,"date":"2023-01-06T16:19:17","date_gmt":"2023-01-06T15:19:17","guid":{"rendered":"https:\/\/www.geostru.eu\/licenze-educational-geostru\/"},"modified":"2024-10-21T10:01:52","modified_gmt":"2024-10-21T08:01:52","slug":"licenze-educational-geostru","status":"publish","type":"page","link":"https:\/\/www.geostru.eu\/ro\/licenze-educational-geostru\/","title":{"rendered":"Licen\u021be educa\u021bionale GeoStru"},"content":{"rendered":"<div class=\"wpb-content-wrapper\"><p>[vc_row][vc_column][vc_column_text]<\/p>\n<p style=\"text-align: justify\">Licen\u021be educa\u021bionale GeoStru. Suntem convin\u0219i c\u0103 a lucra \u00een mod constructiv pentru a realiza o formare mai bun\u0103, este o sarcin\u0103, dar mai ales o datorie pe care realit\u0103\u021bi ca a noastr\u0103 trebuie s\u0103 \u0219i-o asume \u00een fa\u021ba genera\u021biilor tehnice viitoare.<\/p>\n<p style=\"text-align: justify\">Realizarea de instrumente accesibile care fac subiectul cursului de clas\u0103 aplicabil \u0219i poate chiar mai u\u0219or de \u00een\u021beles face procesul de \u00eenv\u0103\u021bare de c\u0103tre viitorul inginer sau geolog mai eficient.<\/p>\n<p style=\"text-align: justify\">Veterani ai experien\u021belor italiene \u0219i str\u0103ine care confirm\u0103 aceast\u0103 intui\u021bie, vom continua aceast\u0103 activitate \u00een anii urm\u0103tori, \u00een speran\u021ba c\u0103 intui\u021bia noastr\u0103 poate fi \u00eemp\u0103rt\u0103\u0219it\u0103 de un num\u0103r tot mai mare de universit\u0103\u021bi, cu scopul comun de a \u00eembun\u0103t\u0103\u021bi procesul de \u00eenv\u0103\u021bare al genera\u021biilor viitoare.<\/p>\n<p style=\"text-align: justify\">Prin urmare, oferim profesorilor programelor de studii care se ocup\u0103 \u00een mod specific de subiectele programelor noastre, activarea a licen\u021belor educa\u021bionale, pentru a utiliza software-ul nostru \u00een scopuri academice, prelegeri sau exerci\u021bii, cu scopul de a \u00een\u021belege mai bine logica la care se refer\u0103 problema specific\u0103.<\/p>\n<p style=\"text-align: justify\">Pentru a solicita o licen\u021b\u0103 educa\u021bional\u0103 dedicat\u0103 pentru profesori \u0219i institu\u021bii de formare, completa\u021bi formularul de mai jos.<\/p>\n<p><strong><span style=\"color: #008000\">Ata\u0219a\u021bi ca fi\u0219ier zip (\u00een partea de jos a aplica\u021biei) un document de identitate, pe l\u00e2ng\u0103 dovada de predare.<\/span><\/strong><\/p>\n<p>Introduce\u021bi ca subiect al cererii &#8222;GeoStru Educational&#8221;[\/vc_column_text][\/vc_column][\/vc_row][vc_row][vc_column]\n<div class=\"wpcf7 no-js\" id=\"wpcf7-f108058-o1\" lang=\"en-US\" dir=\"ltr\" data-wpcf7-id=\"108058\">\n<div class=\"screen-reader-response\"><p role=\"status\" aria-live=\"polite\" aria-atomic=\"true\"><\/p> <ul><\/ul><\/div>\n<form action=\"\/ro\/wp-json\/wp\/v2\/pages\/138906#wpcf7-f108058-o1\" method=\"post\" class=\"wpcf7-form init\" aria-label=\"Contact form\" novalidate=\"novalidate\" data-status=\"init\">\n<div style=\"display: none;\">\n<input type=\"hidden\" name=\"_wpcf7\" value=\"108058\" \/>\n<input type=\"hidden\" name=\"_wpcf7_version\" value=\"6.0.4\" \/>\n<input type=\"hidden\" name=\"_wpcf7_locale\" value=\"en_US\" \/>\n<input type=\"hidden\" name=\"_wpcf7_unit_tag\" value=\"wpcf7-f108058-o1\" \/>\n<input type=\"hidden\" name=\"_wpcf7_container_post\" value=\"0\" \/>\n<input type=\"hidden\" name=\"_wpcf7_posted_data_hash\" value=\"\" \/>\n<\/div>\n<div class=\"row-fluid\">\n\t<div class=\"two\">\n\t\t<div class=\"column\">\n\t\t\t<dt>\n\t\t\t\t<p>Nume<span class=\"star\"> *<\/span>\n\t\t\t\t<\/p>\n\t\t\t<\/dt>\n\t\t\t<dd>\n\t\t\t\t<p><span class=\"wpcf7-form-control-wrap\" data-name=\"your-name\"><input size=\"40\" maxlength=\"400\" class=\"wpcf7-form-control wpcf7-text\" aria-invalid=\"false\" value=\"\" type=\"text\" name=\"your-name\" \/><\/span>\n\t\t\t\t<\/p>\n\t\t\t<\/dd>\n\t\t<\/div>\n\t\t<div class=\"column\">\n\t\t\t<dt>\n\t\t\t\t<p>Email<span class=\"star\"> *<\/span>\n\t\t\t\t<\/p>\n\t\t\t<\/dt>\n\t\t\t<dd>\n\t\t\t\t<p><span class=\"wpcf7-form-control-wrap\" data-name=\"email-81\"><input size=\"40\" maxlength=\"400\" class=\"wpcf7-form-control wpcf7-email wpcf7-validates-as-required wpcf7-text wpcf7-validates-as-email\" aria-required=\"true\" aria-invalid=\"false\" value=\"\" type=\"email\" name=\"email-81\" \/><\/span>\n\t\t\t\t<\/p>\n\t\t\t<\/dd>\n\t\t<\/div>\n\t<\/div>\n\t<div class=\"two\">\n\t\t<div class=\"column\">\n\t\t\t<dt>\n\t\t\t\t<p>Telefon\n\t\t\t\t<\/p>\n\t\t\t<\/dt>\n\t\t\t<dd>\n\t\t\t\t<p><span class=\"wpcf7-form-control-wrap\" data-name=\"tel-91\"><input size=\"40\" maxlength=\"400\" class=\"wpcf7-form-control wpcf7-tel wpcf7-text wpcf7-validates-as-tel Telephone\" aria-invalid=\"false\" value=\"\" type=\"tel\" name=\"tel-91\" \/><\/span>\n\t\t\t\t<\/p>\n\t\t\t<\/dd>\n\t\t<\/div>\n\t\t<div class=\"column\">\n\t\t\t<dt>\n\t\t\t\t<p>Subiect\n\t\t\t\t<\/p>\n\t\t\t<\/dt>\n\t\t\t<dd>\n\t\t\t\t<p><span class=\"wpcf7-form-control-wrap\" data-name=\"your-subject\"><input size=\"40\" maxlength=\"400\" class=\"wpcf7-form-control wpcf7-text\" aria-invalid=\"false\" value=\"\" type=\"text\" name=\"your-subject\" \/><\/span>\n\t\t\t\t<\/p>\n\t\t\t<\/dd>\n\t\t<\/div>\n\t<\/div>\n\t<div class=\"one\">\n\t\t<dt>\n\t\t\t<p>Modalitate de contact\n\t\t\t<\/p>\n\t\t<\/dt>\n\t\t<dd>\n\t\t\t<p><span class=\"wpcf7-form-control-wrap\" data-name=\"radio-525\"><span class=\"wpcf7-form-control wpcf7-radio radio\"><span class=\"wpcf7-list-item first\"><label><input type=\"radio\" name=\"radio-525\" value=\"Email\" \/><span class=\"wpcf7-list-item-label\">Email<\/span><\/label><\/span><span class=\"wpcf7-list-item last\"><label><input type=\"radio\" name=\"radio-525\" value=\"Telefon\" \/><span class=\"wpcf7-list-item-label\">Telefon<\/span><\/label><\/span><\/span><\/span>\n\t\t\t<\/p>\n\t\t<\/dd>\n\t<\/div>\n\t<div class=\"one\">\n\t\t<dt>\n\t\t\t<p>Mesaj\n\t\t\t<\/p>\n\t\t<\/dt>\n\t\t<dd>\n\t\t\t<p><span class=\"wpcf7-form-control-wrap\" data-name=\"your-message\"><textarea cols=\"40\" rows=\"10\" maxlength=\"2000\" class=\"wpcf7-form-control wpcf7-textarea\" aria-invalid=\"false\" name=\"your-message\"><\/textarea><\/span>\n\t\t\t<\/p>\n\t\t<\/dd>\n\t<\/div>\n\t<div class=\"one\">\n\t\t<p><span class=\"wpcf7-form-control-wrap\" data-name=\"quiz-933\"><label><span class=\"wpcf7-quiz-label\">10+11?<\/span> <input size=\"40\" class=\"wpcf7-form-control wpcf7-quiz\" autocomplete=\"off\" aria-required=\"true\" aria-invalid=\"false\" type=\"text\" name=\"quiz-933\" \/><\/label><input type=\"hidden\" name=\"_wpcf7_quiz_answer_quiz-933\" value=\"8d6af22a102f32ff18c415f5bc619123\" \/><\/span>\n\t\t<\/p>\n\t<\/div>\n\t<p><input class=\"wpcf7-form-control wpcf7-submit has-spinner ww-button large\" type=\"submit\" value=\"Trimite\" \/>\n\t<\/p>\n<\/div><p style=\"display: none !important;\" class=\"akismet-fields-container\" data-prefix=\"_wpcf7_ak_\"><label>&#916;<textarea name=\"_wpcf7_ak_hp_textarea\" cols=\"45\" rows=\"8\" maxlength=\"100\"><\/textarea><\/label><input type=\"hidden\" id=\"ak_js_1\" name=\"_wpcf7_ak_js\" value=\"57\"\/><script>document.getElementById( \"ak_js_1\" ).setAttribute( \"value\", ( new Date() ).getTime() );<\/script><\/p><div class=\"wpcf7-response-output\" aria-hidden=\"true\"><\/div>\n<\/form>\n<\/div>\n[\/vc_column][\/vc_row]<\/p>\n<\/div>","protected":false},"excerpt":{"rendered":"<p>[vc_row][vc_column][vc_column_text] Licen\u021be educa\u021bionale GeoStru. Suntem convin\u0219i c\u0103 a lucra \u00een mod constructiv pentru a realiza o formare mai bun\u0103, este o sarcin\u0103, dar mai ales o datorie pe care realit\u0103\u021bi ca a noastr\u0103 trebuie s\u0103 \u0219i-o asume \u00een fa\u021ba genera\u021biilor tehnice viitoare. Realizarea de instrumente accesibile care fac subiectul cursului de clas\u0103 aplicabil \u0219i poate&hellip;<\/p>\n","protected":false},"author":216,"featured_media":139072,"parent":0,"menu_order":0,"comment_status":"closed","ping_status":"closed","template":"","meta":{"footnotes":""},"class_list":["post-138906","page","type-page","status-publish","has-post-thumbnail","hentry","description-off"],"yoast_head":"<!-- This site is optimized with the Yoast SEO Premium plugin v25.0 (Yoast SEO v25.0) - https:\/\/yoast.com\/wordpress\/plugins\/seo\/ -->\n<title>Licen\u021be educa\u021bionale GeoStru - GeoStru EU<\/title>\n<meta name=\"description\" content=\"Licenze educational Geostru. Siamo convinti che adoperarsi in modo costruttivo affinch\u00e8 si riesca a rendere la formazione migliore, sia un compito ma soprattutto un dovere che realt\u00e0 come la nostra debbano assumersi nei confronti delle generazioni tecniche future.\" \/>\n<meta name=\"robots\" content=\"index, follow, max-snippet:-1, max-image-preview:large, max-video-preview:-1\" \/>\n<link rel=\"canonical\" href=\"https:\/\/www.geostru.eu\/ro\/licenze-educational-geostru\/\" \/>\n<meta property=\"og:locale\" content=\"ro_RO\" \/>\n<meta property=\"og:type\" content=\"article\" \/>\n<meta property=\"og:title\" content=\"Licen\u021be educa\u021bionale GeoStru\" \/>\n<meta property=\"og:description\" content=\"Licenze educational Geostru. Siamo convinti che adoperarsi in modo costruttivo affinch\u00e8 si riesca a rendere la formazione migliore, sia un compito ma soprattutto un dovere che realt\u00e0 come la nostra debbano assumersi nei confronti delle generazioni tecniche future.\" \/>\n<meta property=\"og:url\" content=\"https:\/\/www.geostru.eu\/ro\/licenze-educational-geostru\/\" \/>\n<meta property=\"og:site_name\" content=\"GeoStru EU\" \/>\n<meta property=\"article:publisher\" content=\"https:\/\/www.facebook.com\/GeoStruSoftware\/\" \/>\n<meta property=\"article:modified_time\" content=\"2024-10-21T08:01:52+00:00\" \/>\n<meta property=\"og:image\" content=\"https:\/\/www.geostru.eu\/wp-content\/uploads\/2023\/01\/geostru-educational-IT.png\" \/>\n\t<meta property=\"og:image:width\" content=\"1738\" \/>\n\t<meta property=\"og:image:height\" content=\"662\" \/>\n\t<meta property=\"og:image:type\" content=\"image\/png\" \/>\n<meta name=\"twitter:card\" content=\"summary_large_image\" \/>\n<meta name=\"twitter:site\" content=\"@geostru\" \/>\n<meta name=\"twitter:label1\" content=\"Timp estimat pentru citire\" \/>\n\t<meta name=\"twitter:data1\" content=\"2 minute\" \/>\n<script type=\"application\/ld+json\" class=\"yoast-schema-graph\">{\"@context\":\"https:\/\/schema.org\",\"@graph\":[{\"@type\":\"WebPage\",\"@id\":\"https:\/\/www.geostru.eu\/ro\/licenze-educational-geostru\/\",\"url\":\"https:\/\/www.geostru.eu\/ro\/licenze-educational-geostru\/\",\"name\":\"Licen\u021be educa\u021bionale GeoStru - GeoStru EU\",\"isPartOf\":{\"@id\":\"https:\/\/www.geostru.eu\/ro\/#website\"},\"primaryImageOfPage\":{\"@id\":\"https:\/\/www.geostru.eu\/ro\/licenze-educational-geostru\/#primaryimage\"},\"image\":{\"@id\":\"https:\/\/www.geostru.eu\/ro\/licenze-educational-geostru\/#primaryimage\"},\"thumbnailUrl\":\"https:\/\/www.geostru.eu\/wp-content\/uploads\/2023\/01\/geostru-educational-IT.png\",\"datePublished\":\"2023-01-06T15:19:17+00:00\",\"dateModified\":\"2024-10-21T08:01:52+00:00\",\"description\":\"Licenze educational Geostru. Siamo convinti che adoperarsi in modo costruttivo affinch\u00e8 si riesca a rendere la formazione migliore, sia un compito ma soprattutto un dovere che realt\u00e0 come la nostra debbano assumersi nei confronti delle generazioni tecniche future.\",\"breadcrumb\":{\"@id\":\"https:\/\/www.geostru.eu\/ro\/licenze-educational-geostru\/#breadcrumb\"},\"inLanguage\":\"ro-RO\",\"potentialAction\":[{\"@type\":\"ReadAction\",\"target\":[\"https:\/\/www.geostru.eu\/ro\/licenze-educational-geostru\/\"]}]},{\"@type\":\"ImageObject\",\"inLanguage\":\"ro-RO\",\"@id\":\"https:\/\/www.geostru.eu\/ro\/licenze-educational-geostru\/#primaryimage\",\"url\":\"https:\/\/www.geostru.eu\/wp-content\/uploads\/2023\/01\/geostru-educational-IT.png\",\"contentUrl\":\"https:\/\/www.geostru.eu\/wp-content\/uploads\/2023\/01\/geostru-educational-IT.png\",\"width\":1738,\"height\":662},{\"@type\":\"BreadcrumbList\",\"@id\":\"https:\/\/www.geostru.eu\/ro\/licenze-educational-geostru\/#breadcrumb\",\"itemListElement\":[{\"@type\":\"ListItem\",\"position\":1,\"name\":\"Home\",\"item\":\"https:\/\/www.geostru.eu\/ro\/\"},{\"@type\":\"ListItem\",\"position\":2,\"name\":\"Licen\u021be educa\u021bionale GeoStru\"}]},{\"@type\":\"WebSite\",\"@id\":\"https:\/\/www.geostru.eu\/ro\/#website\",\"url\":\"https:\/\/www.geostru.eu\/ro\/\",\"name\":\"GeoStru EU\",\"description\":\"Professionals at your service\",\"publisher\":{\"@id\":\"https:\/\/www.geostru.eu\/ro\/#organization\"},\"potentialAction\":[{\"@type\":\"SearchAction\",\"target\":{\"@type\":\"EntryPoint\",\"urlTemplate\":\"https:\/\/www.geostru.eu\/ro\/?s={search_term_string}\"},\"query-input\":{\"@type\":\"PropertyValueSpecification\",\"valueRequired\":true,\"valueName\":\"search_term_string\"}}],\"inLanguage\":\"ro-RO\"},{\"@type\":\"Organization\",\"@id\":\"https:\/\/www.geostru.eu\/ro\/#organization\",\"name\":\"GeoStru EU\",\"url\":\"https:\/\/www.geostru.eu\/ro\/\",\"logo\":{\"@type\":\"ImageObject\",\"inLanguage\":\"ro-RO\",\"@id\":\"https:\/\/www.geostru.eu\/ro\/#\/schema\/logo\/image\/\",\"url\":\"https:\/\/www.geostru.eu\/wp-content\/uploads\/2023\/02\/LOGO_GEOSTRU_educational_banner.png\",\"contentUrl\":\"https:\/\/www.geostru.eu\/wp-content\/uploads\/2023\/02\/LOGO_GEOSTRU_educational_banner.png\",\"width\":363,\"height\":115,\"caption\":\"GeoStru EU\"},\"image\":{\"@id\":\"https:\/\/www.geostru.eu\/ro\/#\/schema\/logo\/image\/\"},\"sameAs\":[\"https:\/\/www.facebook.com\/GeoStruSoftware\/\",\"https:\/\/x.com\/geostru\",\"https:\/\/www.linkedin.com\/company\/2462488\/admin\/\",\"https:\/\/www.instagram.com\/geostru\/\"]}]}<\/script>\n<!-- \/ Yoast SEO Premium plugin. -->","yoast_head_json":{"title":"Licen\u021be educa\u021bionale GeoStru - GeoStru EU","description":"Licenze educational Geostru. Siamo convinti che adoperarsi in modo costruttivo affinch\u00e8 si riesca a rendere la formazione migliore, sia un compito ma soprattutto un dovere che realt\u00e0 come la nostra debbano assumersi nei confronti delle generazioni tecniche future.","robots":{"index":"index","follow":"follow","max-snippet":"max-snippet:-1","max-image-preview":"max-image-preview:large","max-video-preview":"max-video-preview:-1"},"canonical":"https:\/\/www.geostru.eu\/ro\/licenze-educational-geostru\/","og_locale":"ro_RO","og_type":"article","og_title":"Licen\u021be educa\u021bionale GeoStru","og_description":"Licenze educational Geostru. Siamo convinti che adoperarsi in modo costruttivo affinch\u00e8 si riesca a rendere la formazione migliore, sia un compito ma soprattutto un dovere che realt\u00e0 come la nostra debbano assumersi nei confronti delle generazioni tecniche future.","og_url":"https:\/\/www.geostru.eu\/ro\/licenze-educational-geostru\/","og_site_name":"GeoStru EU","article_publisher":"https:\/\/www.facebook.com\/GeoStruSoftware\/","article_modified_time":"2024-10-21T08:01:52+00:00","og_image":[{"width":1738,"height":662,"url":"https:\/\/www.geostru.eu\/wp-content\/uploads\/2023\/01\/geostru-educational-IT.png","type":"image\/png"}],"twitter_card":"summary_large_image","twitter_site":"@geostru","twitter_misc":{"Timp estimat pentru citire":"2 minute"},"schema":{"@context":"https:\/\/schema.org","@graph":[{"@type":"WebPage","@id":"https:\/\/www.geostru.eu\/ro\/licenze-educational-geostru\/","url":"https:\/\/www.geostru.eu\/ro\/licenze-educational-geostru\/","name":"Licen\u021be educa\u021bionale GeoStru - GeoStru EU","isPartOf":{"@id":"https:\/\/www.geostru.eu\/ro\/#website"},"primaryImageOfPage":{"@id":"https:\/\/www.geostru.eu\/ro\/licenze-educational-geostru\/#primaryimage"},"image":{"@id":"https:\/\/www.geostru.eu\/ro\/licenze-educational-geostru\/#primaryimage"},"thumbnailUrl":"https:\/\/www.geostru.eu\/wp-content\/uploads\/2023\/01\/geostru-educational-IT.png","datePublished":"2023-01-06T15:19:17+00:00","dateModified":"2024-10-21T08:01:52+00:00","description":"Licenze educational Geostru. Siamo convinti che adoperarsi in modo costruttivo affinch\u00e8 si riesca a rendere la formazione migliore, sia un compito ma soprattutto un dovere che realt\u00e0 come la nostra debbano assumersi nei confronti delle generazioni tecniche future.","breadcrumb":{"@id":"https:\/\/www.geostru.eu\/ro\/licenze-educational-geostru\/#breadcrumb"},"inLanguage":"ro-RO","potentialAction":[{"@type":"ReadAction","target":["https:\/\/www.geostru.eu\/ro\/licenze-educational-geostru\/"]}]},{"@type":"ImageObject","inLanguage":"ro-RO","@id":"https:\/\/www.geostru.eu\/ro\/licenze-educational-geostru\/#primaryimage","url":"https:\/\/www.geostru.eu\/wp-content\/uploads\/2023\/01\/geostru-educational-IT.png","contentUrl":"https:\/\/www.geostru.eu\/wp-content\/uploads\/2023\/01\/geostru-educational-IT.png","width":1738,"height":662},{"@type":"BreadcrumbList","@id":"https:\/\/www.geostru.eu\/ro\/licenze-educational-geostru\/#breadcrumb","itemListElement":[{"@type":"ListItem","position":1,"name":"Home","item":"https:\/\/www.geostru.eu\/ro\/"},{"@type":"ListItem","position":2,"name":"Licen\u021be educa\u021bionale GeoStru"}]},{"@type":"WebSite","@id":"https:\/\/www.geostru.eu\/ro\/#website","url":"https:\/\/www.geostru.eu\/ro\/","name":"GeoStru EU","description":"Professionals at your service","publisher":{"@id":"https:\/\/www.geostru.eu\/ro\/#organization"},"potentialAction":[{"@type":"SearchAction","target":{"@type":"EntryPoint","urlTemplate":"https:\/\/www.geostru.eu\/ro\/?s={search_term_string}"},"query-input":{"@type":"PropertyValueSpecification","valueRequired":true,"valueName":"search_term_string"}}],"inLanguage":"ro-RO"},{"@type":"Organization","@id":"https:\/\/www.geostru.eu\/ro\/#organization","name":"GeoStru EU","url":"https:\/\/www.geostru.eu\/ro\/","logo":{"@type":"ImageObject","inLanguage":"ro-RO","@id":"https:\/\/www.geostru.eu\/ro\/#\/schema\/logo\/image\/","url":"https:\/\/www.geostru.eu\/wp-content\/uploads\/2023\/02\/LOGO_GEOSTRU_educational_banner.png","contentUrl":"https:\/\/www.geostru.eu\/wp-content\/uploads\/2023\/02\/LOGO_GEOSTRU_educational_banner.png","width":363,"height":115,"caption":"GeoStru EU"},"image":{"@id":"https:\/\/www.geostru.eu\/ro\/#\/schema\/logo\/image\/"},"sameAs":["https:\/\/www.facebook.com\/GeoStruSoftware\/","https:\/\/x.com\/geostru","https:\/\/www.linkedin.com\/company\/2462488\/admin\/","https:\/\/www.instagram.com\/geostru\/"]}]}},"_links":{"self":[{"href":"https:\/\/www.geostru.eu\/ro\/wp-json\/wp\/v2\/pages\/138906"}],"collection":[{"href":"https:\/\/www.geostru.eu\/ro\/wp-json\/wp\/v2\/pages"}],"about":[{"href":"https:\/\/www.geostru.eu\/ro\/wp-json\/wp\/v2\/types\/page"}],"author":[{"embeddable":true,"href":"https:\/\/www.geostru.eu\/ro\/wp-json\/wp\/v2\/users\/216"}],"replies":[{"embeddable":true,"href":"https:\/\/www.geostru.eu\/ro\/wp-json\/wp\/v2\/comments?post=138906"}],"version-history":[{"count":3,"href":"https:\/\/www.geostru.eu\/ro\/wp-json\/wp\/v2\/pages\/138906\/revisions"}],"predecessor-version":[{"id":153715,"href":"https:\/\/www.geostru.eu\/ro\/wp-json\/wp\/v2\/pages\/138906\/revisions\/153715"}],"wp:featuredmedia":[{"embeddable":true,"href":"https:\/\/www.geostru.eu\/ro\/wp-json\/wp\/v2\/media\/139072"}],"wp:attachment":[{"href":"https:\/\/www.geostru.eu\/ro\/wp-json\/wp\/v2\/media?parent=138906"}],"curies":[{"name":"wp","href":"https:\/\/api.w.org\/{rel}","templated":true}]}}