{"id":131197,"date":"2021-10-13T11:59:11","date_gmt":"2021-10-13T09:59:11","guid":{"rendered":"https:\/\/www.geostru.eu\/collabora-con-geostru\/programma-di-affiliazione-geostru\/"},"modified":"2021-11-11T14:38:35","modified_gmt":"2021-11-11T13:38:35","slug":"program-de-afiliere-geostru","status":"publish","type":"page","link":"https:\/\/www.geostru.eu\/ro\/devino-partenerul-nosrtu\/program-de-afiliere-geostru\/","title":{"rendered":"PROGRAM DE AFILIERE GEOSTRU"},"content":{"rendered":"<div class=\"wpb-content-wrapper\"><p>[vc_row][vc_column][vc_single_image image=&#8221;130495&#8243; img_size=&#8221;medium&#8221; alignment=&#8221;center&#8221;][vc_column_text]<\/p>\n<h3 style=\"text-align: justify\">Despre programul de afiliere GeoStru<\/h3>\n<p><strong>Beneficiile programului<\/strong><br \/>\nAfilia\u021bii primesc urm\u0103toarele beneficii:<\/p>\n<ul>\n<li>Comision procentual la toate produsele*<\/li>\n<li>Durata de via\u021b\u0103 a cookie-urilor de 60 de zile<\/li>\n<li>Acces la fluxuri complete de date despre produse<\/li>\n<li>Newsletter pentru afilia\u021bi cu actualiz\u0103ri despre noile promo\u021bii, lans\u0103ri de produse \u0219i multe altele<\/li>\n<li>Posibilitatea de a promova produsele \u00een diferite zone geografice<\/li>\n<li>Suportul unui manager de afiliere dedicat<\/li>\n<\/ul>\n<p><em><span style=\"font-size: 8pt\">* pentru noile tranzac\u021bii de v\u00e2nzare, nu pentru re\u00eennoiri<\/span><\/em>[\/vc_column_text][\/vc_column][\/vc_row][vc_row][vc_column][vc_column_text]<\/p>\n<div class=\"heading section\">\n<h3 class=\"wd-bold wd-font-19 wd-mb-8\" style=\"text-align: justify\">Ghidul programului<\/h3>\n<\/div>\n<div class=\"text section\">\n<p class=\"wd-font-16 wd-mv-0\" style=\"text-align: justify\">To\u021bi afilia\u021bii trebuie s\u0103 respecte liniile directoare ale programului. Acestea ofer\u0103 informa\u021bii detaliate despre cum s\u0103 promovezi produsele \u0219i marca GeoStru. Dac\u0103 ai \u00eentreb\u0103ri, te rug\u0103m s\u0103 contacta\u021bezi echipa programului de afiliere.<\/p>\n<\/div>\n<p>[\/vc_column_text][\/vc_column][\/vc_row][vc_row][vc_column][vc_column_text]<\/p>\n<p style=\"text-align: justify\">Completeaz\u0103 formularul de mai jos pentru a trimite cererea ta de colaborare!<br \/>\nTe vom contacta pentru a-\u0163i furniza toate informa\u021biile necesare.<\/p>\n<p>[\/vc_column_text][\/vc_column][\/vc_row][vc_row][vc_column]\n<div class=\"wpcf7 no-js\" id=\"wpcf7-f131215-o1\" lang=\"it-IT\" dir=\"ltr\" data-wpcf7-id=\"131215\">\n<div class=\"screen-reader-response\"><p role=\"status\" aria-live=\"polite\" aria-atomic=\"true\"><\/p> <ul><\/ul><\/div>\n<form action=\"\/ro\/wp-json\/wp\/v2\/pages\/131197#wpcf7-f131215-o1\" method=\"post\" class=\"wpcf7-form init\" aria-label=\"Modulo di contatto\" novalidate=\"novalidate\" data-status=\"init\">\n<div style=\"display: none;\">\n<input type=\"hidden\" name=\"_wpcf7\" value=\"131215\" \/>\n<input type=\"hidden\" name=\"_wpcf7_version\" value=\"6.0.4\" \/>\n<input type=\"hidden\" name=\"_wpcf7_locale\" value=\"it_IT\" \/>\n<input type=\"hidden\" name=\"_wpcf7_unit_tag\" value=\"wpcf7-f131215-o1\" \/>\n<input type=\"hidden\" name=\"_wpcf7_container_post\" value=\"0\" \/>\n<input type=\"hidden\" name=\"_wpcf7_posted_data_hash\" value=\"\" \/>\n<\/div>\n<h4>Datele persoanei care face cererea:\n<\/h4>\n<p><label> Prenume*<br \/>\n<span class=\"wpcf7-form-control-wrap\" data-name=\"your-name\"><input size=\"40\" maxlength=\"400\" class=\"wpcf7-form-control wpcf7-text wpcf7-validates-as-required\" aria-required=\"true\" aria-invalid=\"false\" value=\"\" type=\"text\" name=\"your-name\" \/><\/span> <\/label>\n<\/p>\n<p><label> Nume*<br \/>\n<span class=\"wpcf7-form-control-wrap\" data-name=\"cognome\"><input size=\"40\" maxlength=\"400\" class=\"wpcf7-form-control wpcf7-text wpcf7-validates-as-required\" aria-required=\"true\" aria-invalid=\"false\" value=\"\" type=\"text\" name=\"cognome\" \/><\/span> <\/label>\n<\/p>\n<p><label> Adres\u0103*<br \/>\n<span class=\"wpcf7-form-control-wrap\" data-name=\"indirizzo\"><input size=\"40\" maxlength=\"400\" class=\"wpcf7-form-control wpcf7-text wpcf7-validates-as-required\" aria-required=\"true\" aria-invalid=\"false\" value=\"\" type=\"text\" name=\"indirizzo\" \/><\/span> <\/label>\n<\/p>\n<p><label> Localitate*<br \/>\n<span class=\"wpcf7-form-control-wrap\" data-name=\"citta\"><input size=\"40\" maxlength=\"400\" class=\"wpcf7-form-control wpcf7-text wpcf7-validates-as-required\" aria-required=\"true\" aria-invalid=\"false\" value=\"\" type=\"text\" name=\"citta\" \/><\/span> <\/label>\n<\/p>\n<p><label> Telefon*<br \/>\n<span class=\"wpcf7-form-control-wrap\" data-name=\"telefono\"><input size=\"40\" maxlength=\"400\" class=\"wpcf7-form-control wpcf7-tel wpcf7-validates-as-required wpcf7-text wpcf7-validates-as-tel\" aria-required=\"true\" aria-invalid=\"false\" value=\"\" type=\"tel\" name=\"telefono\" \/><\/span> <\/label>\n<\/p>\n<p><label> Fax<br \/>\n<span class=\"wpcf7-form-control-wrap\" data-name=\"fax\"><input size=\"40\" maxlength=\"400\" class=\"wpcf7-form-control wpcf7-tel wpcf7-text wpcf7-validates-as-tel\" aria-invalid=\"false\" value=\"\" type=\"tel\" name=\"fax\" \/><\/span> <\/label>\n<\/p>\n<p><label> Profesie<br \/>\n<span class=\"wpcf7-form-control-wrap\" data-name=\"professione\"><input size=\"40\" maxlength=\"400\" class=\"wpcf7-form-control wpcf7-text\" aria-invalid=\"false\" value=\"\" type=\"text\" name=\"professione\" \/><\/span> <\/label>\n<\/p>\n<p><label> Cod TVA\/CNP<br \/>\n<span class=\"wpcf7-form-control-wrap\" data-name=\"piva\"><input size=\"40\" maxlength=\"400\" class=\"wpcf7-form-control wpcf7-text\" aria-invalid=\"false\" value=\"\" type=\"text\" name=\"piva\" \/><\/span> <\/label>\n<\/p>\n<p><label> Email*<br \/>\n<span class=\"wpcf7-form-control-wrap\" data-name=\"your-email\"><input size=\"40\" maxlength=\"400\" class=\"wpcf7-form-control wpcf7-email wpcf7-validates-as-required wpcf7-text wpcf7-validates-as-email\" aria-required=\"true\" aria-invalid=\"false\" value=\"\" type=\"email\" name=\"your-email\" \/><\/span> <\/label>\n<\/p>\n<h4>Date firm\u0103\n<\/h4>\n<p><label> Nume firm\u0103*<br \/>\n<span class=\"wpcf7-form-control-wrap\" data-name=\"azienda\"><input size=\"40\" maxlength=\"400\" class=\"wpcf7-form-control wpcf7-text wpcf7-validates-as-required\" aria-required=\"true\" aria-invalid=\"false\" value=\"\" type=\"text\" name=\"azienda\" \/><\/span> <\/label>\n<\/p>\n<p><label> Sector de func\u0163ionare<br \/>\n<span class=\"wpcf7-form-control-wrap\" data-name=\"settore\"><input size=\"40\" maxlength=\"400\" class=\"wpcf7-form-control wpcf7-text\" aria-invalid=\"false\" value=\"\" type=\"text\" name=\"settore\" \/><\/span> <\/label>\n<\/p>\n<p><label> Cod TVA*<br \/>\n<span class=\"wpcf7-form-control-wrap\" data-name=\"pivaazienda\"><input size=\"40\" maxlength=\"400\" class=\"wpcf7-form-control wpcf7-text wpcf7-validates-as-required\" aria-required=\"true\" aria-invalid=\"false\" value=\"\" type=\"text\" name=\"pivaazienda\" \/><\/span> <\/label>\n<\/p>\n<p><label> Adres\u0103 firm\u0103*<br \/>\n<span class=\"wpcf7-form-control-wrap\" data-name=\"indirizzoazienda\"><input size=\"40\" maxlength=\"400\" class=\"wpcf7-form-control wpcf7-text wpcf7-validates-as-required\" aria-required=\"true\" aria-invalid=\"false\" value=\"\" type=\"text\" name=\"indirizzoazienda\" \/><\/span> <\/label>\n<\/p>\n<p><label> Localitate firm\u0103*<br \/>\n<span class=\"wpcf7-form-control-wrap\" data-name=\"cittaazienda\"><input size=\"40\" maxlength=\"400\" class=\"wpcf7-form-control wpcf7-text wpcf7-validates-as-required\" aria-required=\"true\" aria-invalid=\"false\" value=\"\" type=\"text\" name=\"cittaazienda\" \/><\/span> <\/label>\n<\/p>\n<p><label> Telefon firm\u0103*<br \/>\n<span class=\"wpcf7-form-control-wrap\" data-name=\"telazienda\"><input size=\"40\" maxlength=\"400\" class=\"wpcf7-form-control wpcf7-tel wpcf7-validates-as-required wpcf7-text wpcf7-validates-as-tel\" aria-required=\"true\" aria-invalid=\"false\" value=\"\" type=\"tel\" name=\"telazienda\" \/><\/span><\/label>\n<\/p>\n<p><label> Fax firm\u0103<br \/>\n<span class=\"wpcf7-form-control-wrap\" data-name=\"faxazienda\"><input size=\"40\" maxlength=\"400\" class=\"wpcf7-form-control wpcf7-tel wpcf7-text wpcf7-validates-as-tel\" aria-invalid=\"false\" value=\"\" type=\"tel\" name=\"faxazienda\" \/><\/span> <\/label>\n<\/p>\n<p><label> Email firm\u0103*<br \/>\n<span class=\"wpcf7-form-control-wrap\" data-name=\"emailazienda\"><input size=\"40\" maxlength=\"400\" class=\"wpcf7-form-control wpcf7-email wpcf7-validates-as-required wpcf7-text wpcf7-validates-as-email\" aria-required=\"true\" aria-invalid=\"false\" value=\"\" type=\"email\" name=\"emailazienda\" \/><\/span> <\/label>\n<\/p>\n<h4>Alte informa\u0163ii\n<\/h4>\n<p>Aceste date sunt utile pentru evaluarea noastr\u0103\n<\/p>\n<p><label> Sedii<br \/>\n<span class=\"wpcf7-form-control-wrap\" data-name=\"sedi\"><textarea cols=\"40\" rows=\"10\" maxlength=\"2000\" class=\"wpcf7-form-control wpcf7-textarea\" aria-invalid=\"false\" name=\"sedi\"><\/textarea><\/span> <\/label>\n<\/p>\n<p><label> Descriere activitate principal\u0103*<br \/>\n<span class=\"wpcf7-form-control-wrap\" data-name=\"attivita\"><textarea cols=\"40\" rows=\"10\" maxlength=\"2000\" class=\"wpcf7-form-control wpcf7-textarea wpcf7-validates-as-required\" aria-required=\"true\" aria-invalid=\"false\" name=\"attivita\"><\/textarea><\/span> <\/label>\n<\/p>\n<p><label> Anul \u00eenfiin\u0163\u0103rii<br \/>\n<span class=\"wpcf7-form-control-wrap\" data-name=\"annocostituzione\"><input class=\"wpcf7-form-control wpcf7-number wpcf7-validates-as-number\" aria-invalid=\"false\" value=\"\" type=\"number\" name=\"annocostituzione\" \/><\/span> <\/label>\n<\/p>\n<p><label> Num\u0103r Registrul Comer\u0163ului:<br \/>\n<span class=\"wpcf7-form-control-wrap\" data-name=\"numerocc\"><input class=\"wpcf7-form-control wpcf7-number wpcf7-validates-as-number\" aria-invalid=\"false\" value=\"\" type=\"number\" name=\"numerocc\" \/><\/span> <\/label>\n<\/p>\n<p><label> Cifra de afaceri de anul trecut \u20ac*:<br \/>\n<span class=\"wpcf7-form-control-wrap\" data-name=\"fatturato\"><input class=\"wpcf7-form-control wpcf7-number wpcf7-validates-as-required wpcf7-validates-as-number\" aria-required=\"true\" aria-invalid=\"false\" value=\"\" type=\"number\" name=\"fatturato\" \/><\/span> <\/label>\n<\/p>\n<p><label> Responsabil pentru programul de afiliere*:<br \/>\n<span class=\"wpcf7-form-control-wrap\" data-name=\"respaffiliazione\"><input size=\"40\" maxlength=\"400\" class=\"wpcf7-form-control wpcf7-text wpcf7-validates-as-required\" aria-required=\"true\" aria-invalid=\"false\" value=\"\" type=\"text\" name=\"respaffiliazione\" \/><\/span> <\/label>\n<\/p>\n<p>Colabor\u0103ri cu al\u0163i furnizori de software*<br \/>\n<span class=\"wpcf7-form-control-wrap\" data-name=\"altreswhouse\"><span class=\"wpcf7-form-control wpcf7-radio\"><span class=\"wpcf7-list-item first\"><label><input type=\"radio\" name=\"altreswhouse\" value=\"Da\" \/><span class=\"wpcf7-list-item-label\">Da<\/span><\/label><\/span><span class=\"wpcf7-list-item last\"><label><input type=\"radio\" name=\"altreswhouse\" value=\"Nu\" \/><span class=\"wpcf7-list-item-label\">Nu<\/span><\/label><\/span><\/span><\/span>\n<\/p>\n<p><label> Dac\u0103 da, specifica\u021bi care:<br \/>\n<span class=\"wpcf7-form-control-wrap\" data-name=\"swhouse\"><textarea cols=\"40\" rows=\"10\" maxlength=\"2000\" class=\"wpcf7-form-control wpcf7-textarea\" aria-invalid=\"false\" name=\"swhouse\"><\/textarea><\/span> <\/label>\n<\/p>\n<p><label> Volumul de afaceri:<br \/>\n<span class=\"wpcf7-form-control-wrap\" data-name=\"volumeaffari\"><textarea cols=\"40\" rows=\"10\" maxlength=\"2000\" class=\"wpcf7-form-control wpcf7-textarea\" aria-invalid=\"false\" name=\"volumeaffari\"><\/textarea><\/span> <\/label>\n<\/p>\n<p><label> Descrie pe scurt forma de colaborare pe care ai dori s\u0103 o realizezi cu noi*:<br \/>\n<span class=\"wpcf7-form-control-wrap\" data-name=\"collaborazione\"><textarea cols=\"40\" rows=\"10\" maxlength=\"2000\" class=\"wpcf7-form-control wpcf7-textarea wpcf7-validates-as-required\" aria-required=\"true\" aria-invalid=\"false\" name=\"collaborazione\"><\/textarea><\/span> <\/label>\n<\/p>\n<p><label><span class=\"wpcf7-form-control-wrap\" data-name=\"privacy\"><span class=\"wpcf7-form-control wpcf7-acceptance\"><span class=\"wpcf7-list-item\"><label><input type=\"checkbox\" name=\"privacy\" value=\"1\" aria-invalid=\"false\" \/><span class=\"wpcf7-list-item-label\">Declar c\u0103 am citit \u0219i accept \u00een totalitate<a title=\"Privacy Policy GeoStru\" href=\"https:\/\/www.geostru.eu\/privacy-policy\/?lang=ro\" target=\"_blank\">Politica de confiden\u021bialitate.*<\/a>*<\/span><\/label><\/span><\/span><\/span><\/label>\n<\/p>\n<p style=\"font-size: 8pt\">* C\u00e2mpurile marcate cu un asterisc sunt obligatorii. \u00ce\u0163i mul\u021bumim!\n<\/p>\n<p><input class=\"wpcf7-form-control wpcf7-submit has-spinner\" type=\"submit\" value=\"Trimite\" \/>\n<\/p><p style=\"display: none !important;\" class=\"akismet-fields-container\" data-prefix=\"_wpcf7_ak_\"><label>&#916;<textarea name=\"_wpcf7_ak_hp_textarea\" cols=\"45\" rows=\"8\" maxlength=\"100\"><\/textarea><\/label><input type=\"hidden\" id=\"ak_js_1\" name=\"_wpcf7_ak_js\" value=\"122\"\/><script>document.getElementById( \"ak_js_1\" ).setAttribute( \"value\", ( new Date() ).getTime() );<\/script><\/p><div class=\"wpcf7-response-output\" aria-hidden=\"true\"><\/div>\n<\/form>\n<\/div>\n[\/vc_column][\/vc_row]<\/p>\n<\/div>","protected":false},"excerpt":{"rendered":"<p>[vc_row][vc_column][vc_single_image image=&#8221;130495&#8243; img_size=&#8221;medium&#8221; alignment=&#8221;center&#8221;][vc_column_text] Despre programul de afiliere GeoStru Beneficiile programului Afilia\u021bii primesc urm\u0103toarele beneficii: Comision procentual la toate produsele* Durata de via\u021b\u0103 a cookie-urilor de 60 de zile Acces la fluxuri complete de date despre produse Newsletter pentru afilia\u021bi cu actualiz\u0103ri despre noile promo\u021bii, lans\u0103ri de produse \u0219i multe altele Posibilitatea de a promova&hellip;<\/p>\n","protected":false},"author":16658,"featured_media":0,"parent":131191,"menu_order":0,"comment_status":"closed","ping_status":"closed","template":"","meta":{"footnotes":""},"class_list":["post-131197","page","type-page","status-publish","hentry","description-off"],"yoast_head":"<!-- This site is optimized with the Yoast SEO Premium plugin v25.0 (Yoast SEO v25.0) - https:\/\/yoast.com\/wordpress\/plugins\/seo\/ -->\n<title>PROGRAM DE AFILIERE GEOSTRU - GeoStru EU<\/title>\n<meta name=\"robots\" content=\"index, follow, max-snippet:-1, max-image-preview:large, max-video-preview:-1\" \/>\n<link rel=\"canonical\" href=\"https:\/\/www.geostru.eu\/ro\/devino-partenerul-nosrtu\/program-de-afiliere-geostru\/\" \/>\n<meta property=\"og:locale\" content=\"ro_RO\" \/>\n<meta property=\"og:type\" content=\"article\" \/>\n<meta property=\"og:title\" content=\"PROGRAM DE AFILIERE GEOSTRU\" \/>\n<meta property=\"og:description\" content=\"[vc_row][vc_column][vc_single_image image=&#8221;130495&#8243; img_size=&#8221;medium&#8221; alignment=&#8221;center&#8221;][vc_column_text] Despre programul de afiliere GeoStru Beneficiile programului Afilia\u021bii primesc urm\u0103toarele beneficii: Comision procentual la toate produsele* Durata de via\u021b\u0103 a cookie-urilor de 60 de zile Acces la fluxuri complete de date despre produse Newsletter pentru afilia\u021bi cu actualiz\u0103ri despre noile promo\u021bii, lans\u0103ri de produse \u0219i multe altele Posibilitatea de a promova&hellip;\" \/>\n<meta property=\"og:url\" content=\"https:\/\/www.geostru.eu\/ro\/devino-partenerul-nosrtu\/program-de-afiliere-geostru\/\" \/>\n<meta property=\"og:site_name\" content=\"GeoStru EU\" \/>\n<meta property=\"article:publisher\" content=\"https:\/\/www.facebook.com\/GeoStruSoftware\/\" \/>\n<meta property=\"article:modified_time\" content=\"2021-11-11T13:38:35+00:00\" \/>\n<meta name=\"twitter:card\" content=\"summary_large_image\" \/>\n<meta name=\"twitter:site\" content=\"@geostru\" \/>\n<meta name=\"twitter:label1\" content=\"Timp estimat pentru citire\" \/>\n\t<meta name=\"twitter:data1\" content=\"1 minut\" \/>\n<script type=\"application\/ld+json\" class=\"yoast-schema-graph\">{\"@context\":\"https:\/\/schema.org\",\"@graph\":[{\"@type\":\"WebPage\",\"@id\":\"https:\/\/www.geostru.eu\/ro\/devino-partenerul-nosrtu\/program-de-afiliere-geostru\/\",\"url\":\"https:\/\/www.geostru.eu\/ro\/devino-partenerul-nosrtu\/program-de-afiliere-geostru\/\",\"name\":\"PROGRAM DE AFILIERE GEOSTRU - GeoStru EU\",\"isPartOf\":{\"@id\":\"https:\/\/www.geostru.eu\/ro\/#website\"},\"datePublished\":\"2021-10-13T09:59:11+00:00\",\"dateModified\":\"2021-11-11T13:38:35+00:00\",\"breadcrumb\":{\"@id\":\"https:\/\/www.geostru.eu\/ro\/devino-partenerul-nosrtu\/program-de-afiliere-geostru\/#breadcrumb\"},\"inLanguage\":\"ro-RO\",\"potentialAction\":[{\"@type\":\"ReadAction\",\"target\":[\"https:\/\/www.geostru.eu\/ro\/devino-partenerul-nosrtu\/program-de-afiliere-geostru\/\"]}]},{\"@type\":\"BreadcrumbList\",\"@id\":\"https:\/\/www.geostru.eu\/ro\/devino-partenerul-nosrtu\/program-de-afiliere-geostru\/#breadcrumb\",\"itemListElement\":[{\"@type\":\"ListItem\",\"position\":1,\"name\":\"Home\",\"item\":\"https:\/\/www.geostru.eu\/ro\/\"},{\"@type\":\"ListItem\",\"position\":2,\"name\":\"DEVINO PARTENERUL NOSRTU\",\"item\":\"https:\/\/www.geostru.eu\/ro\/devino-partenerul-nosrtu\/?lang=ro\"},{\"@type\":\"ListItem\",\"position\":3,\"name\":\"PROGRAM DE AFILIERE GEOSTRU\"}]},{\"@type\":\"WebSite\",\"@id\":\"https:\/\/www.geostru.eu\/ro\/#website\",\"url\":\"https:\/\/www.geostru.eu\/ro\/\",\"name\":\"GeoStru EU\",\"description\":\"Professionals at your service\",\"publisher\":{\"@id\":\"https:\/\/www.geostru.eu\/ro\/#organization\"},\"potentialAction\":[{\"@type\":\"SearchAction\",\"target\":{\"@type\":\"EntryPoint\",\"urlTemplate\":\"https:\/\/www.geostru.eu\/ro\/?s={search_term_string}\"},\"query-input\":{\"@type\":\"PropertyValueSpecification\",\"valueRequired\":true,\"valueName\":\"search_term_string\"}}],\"inLanguage\":\"ro-RO\"},{\"@type\":\"Organization\",\"@id\":\"https:\/\/www.geostru.eu\/ro\/#organization\",\"name\":\"GeoStru EU\",\"url\":\"https:\/\/www.geostru.eu\/ro\/\",\"logo\":{\"@type\":\"ImageObject\",\"inLanguage\":\"ro-RO\",\"@id\":\"https:\/\/www.geostru.eu\/ro\/#\/schema\/logo\/image\/\",\"url\":\"https:\/\/www.geostru.eu\/wp-content\/uploads\/2023\/02\/LOGO_GEOSTRU_educational_banner.png\",\"contentUrl\":\"https:\/\/www.geostru.eu\/wp-content\/uploads\/2023\/02\/LOGO_GEOSTRU_educational_banner.png\",\"width\":363,\"height\":115,\"caption\":\"GeoStru EU\"},\"image\":{\"@id\":\"https:\/\/www.geostru.eu\/ro\/#\/schema\/logo\/image\/\"},\"sameAs\":[\"https:\/\/www.facebook.com\/GeoStruSoftware\/\",\"https:\/\/x.com\/geostru\",\"https:\/\/www.linkedin.com\/company\/2462488\/admin\/\",\"https:\/\/www.instagram.com\/geostru\/\"]}]}<\/script>\n<!-- \/ Yoast SEO Premium plugin. -->","yoast_head_json":{"title":"PROGRAM DE AFILIERE GEOSTRU - GeoStru EU","robots":{"index":"index","follow":"follow","max-snippet":"max-snippet:-1","max-image-preview":"max-image-preview:large","max-video-preview":"max-video-preview:-1"},"canonical":"https:\/\/www.geostru.eu\/ro\/devino-partenerul-nosrtu\/program-de-afiliere-geostru\/","og_locale":"ro_RO","og_type":"article","og_title":"PROGRAM DE AFILIERE GEOSTRU","og_description":"[vc_row][vc_column][vc_single_image image=&#8221;130495&#8243; img_size=&#8221;medium&#8221; alignment=&#8221;center&#8221;][vc_column_text] Despre programul de afiliere GeoStru Beneficiile programului Afilia\u021bii primesc urm\u0103toarele beneficii: Comision procentual la toate produsele* Durata de via\u021b\u0103 a cookie-urilor de 60 de zile Acces la fluxuri complete de date despre produse Newsletter pentru afilia\u021bi cu actualiz\u0103ri despre noile promo\u021bii, lans\u0103ri de produse \u0219i multe altele Posibilitatea de a promova&hellip;","og_url":"https:\/\/www.geostru.eu\/ro\/devino-partenerul-nosrtu\/program-de-afiliere-geostru\/","og_site_name":"GeoStru EU","article_publisher":"https:\/\/www.facebook.com\/GeoStruSoftware\/","article_modified_time":"2021-11-11T13:38:35+00:00","twitter_card":"summary_large_image","twitter_site":"@geostru","twitter_misc":{"Timp estimat pentru citire":"1 minut"},"schema":{"@context":"https:\/\/schema.org","@graph":[{"@type":"WebPage","@id":"https:\/\/www.geostru.eu\/ro\/devino-partenerul-nosrtu\/program-de-afiliere-geostru\/","url":"https:\/\/www.geostru.eu\/ro\/devino-partenerul-nosrtu\/program-de-afiliere-geostru\/","name":"PROGRAM DE AFILIERE GEOSTRU - GeoStru EU","isPartOf":{"@id":"https:\/\/www.geostru.eu\/ro\/#website"},"datePublished":"2021-10-13T09:59:11+00:00","dateModified":"2021-11-11T13:38:35+00:00","breadcrumb":{"@id":"https:\/\/www.geostru.eu\/ro\/devino-partenerul-nosrtu\/program-de-afiliere-geostru\/#breadcrumb"},"inLanguage":"ro-RO","potentialAction":[{"@type":"ReadAction","target":["https:\/\/www.geostru.eu\/ro\/devino-partenerul-nosrtu\/program-de-afiliere-geostru\/"]}]},{"@type":"BreadcrumbList","@id":"https:\/\/www.geostru.eu\/ro\/devino-partenerul-nosrtu\/program-de-afiliere-geostru\/#breadcrumb","itemListElement":[{"@type":"ListItem","position":1,"name":"Home","item":"https:\/\/www.geostru.eu\/ro\/"},{"@type":"ListItem","position":2,"name":"DEVINO PARTENERUL NOSRTU","item":"https:\/\/www.geostru.eu\/ro\/devino-partenerul-nosrtu\/?lang=ro"},{"@type":"ListItem","position":3,"name":"PROGRAM DE AFILIERE GEOSTRU"}]},{"@type":"WebSite","@id":"https:\/\/www.geostru.eu\/ro\/#website","url":"https:\/\/www.geostru.eu\/ro\/","name":"GeoStru EU","description":"Professionals at your service","publisher":{"@id":"https:\/\/www.geostru.eu\/ro\/#organization"},"potentialAction":[{"@type":"SearchAction","target":{"@type":"EntryPoint","urlTemplate":"https:\/\/www.geostru.eu\/ro\/?s={search_term_string}"},"query-input":{"@type":"PropertyValueSpecification","valueRequired":true,"valueName":"search_term_string"}}],"inLanguage":"ro-RO"},{"@type":"Organization","@id":"https:\/\/www.geostru.eu\/ro\/#organization","name":"GeoStru EU","url":"https:\/\/www.geostru.eu\/ro\/","logo":{"@type":"ImageObject","inLanguage":"ro-RO","@id":"https:\/\/www.geostru.eu\/ro\/#\/schema\/logo\/image\/","url":"https:\/\/www.geostru.eu\/wp-content\/uploads\/2023\/02\/LOGO_GEOSTRU_educational_banner.png","contentUrl":"https:\/\/www.geostru.eu\/wp-content\/uploads\/2023\/02\/LOGO_GEOSTRU_educational_banner.png","width":363,"height":115,"caption":"GeoStru EU"},"image":{"@id":"https:\/\/www.geostru.eu\/ro\/#\/schema\/logo\/image\/"},"sameAs":["https:\/\/www.facebook.com\/GeoStruSoftware\/","https:\/\/x.com\/geostru","https:\/\/www.linkedin.com\/company\/2462488\/admin\/","https:\/\/www.instagram.com\/geostru\/"]}]}},"_links":{"self":[{"href":"https:\/\/www.geostru.eu\/ro\/wp-json\/wp\/v2\/pages\/131197"}],"collection":[{"href":"https:\/\/www.geostru.eu\/ro\/wp-json\/wp\/v2\/pages"}],"about":[{"href":"https:\/\/www.geostru.eu\/ro\/wp-json\/wp\/v2\/types\/page"}],"author":[{"embeddable":true,"href":"https:\/\/www.geostru.eu\/ro\/wp-json\/wp\/v2\/users\/16658"}],"replies":[{"embeddable":true,"href":"https:\/\/www.geostru.eu\/ro\/wp-json\/wp\/v2\/comments?post=131197"}],"version-history":[{"count":0,"href":"https:\/\/www.geostru.eu\/ro\/wp-json\/wp\/v2\/pages\/131197\/revisions"}],"up":[{"embeddable":true,"href":"https:\/\/www.geostru.eu\/ro\/wp-json\/wp\/v2\/pages\/131191"}],"wp:attachment":[{"href":"https:\/\/www.geostru.eu\/ro\/wp-json\/wp\/v2\/media?parent=131197"}],"curies":[{"name":"wp","href":"https:\/\/api.w.org\/{rel}","templated":true}]}}