{"id":131195,"date":"2021-10-16T11:43:41","date_gmt":"2021-10-16T09:43:41","guid":{"rendered":"https:\/\/www.geostru.eu\/domande-frequenti-affiliazione-geostru\/"},"modified":"2021-11-11T13:05:17","modified_gmt":"2021-11-11T12:05:17","slug":"intrebari-frecvente-afiliere-geostru","status":"publish","type":"page","link":"https:\/\/www.geostru.eu\/ro\/devino-partenerul-nosrtu\/program-de-afiliere-geostru\/intrebari-frecvente-afiliere-geostru\/","title":{"rendered":"\u00ceNTREB\u0102RI FRECVENTE AFILIERE GEOSTRU"},"content":{"rendered":"<div class=\"wpb-content-wrapper\"><p>[vc_row][vc_column][vc_column_text]<\/p>\n<h3>FAQ<\/h3>\n<p>[\/vc_column_text][vc_accordion active_tab=&#8221;false&#8221; collapsible=&#8221;yes&#8221; title_size=&#8221;h4&#8243;][vc_accordion_tab title=&#8221;Ce este programul de afiliere GeoStru?&#8221;][vc_column_text]<\/p>\n<p style=\"text-align: justify\">Programul de afiliere GeoStru \u00ee\u0163i permite s\u0103 c\u00e2\u0219tigi bani prin plasarea de link-uri c\u0103tre produsele noastre pe site-ul t\u0103u. Prin intermediul acestor link-uri, vizitatorii pot achizi\u021biona produsele disponibile pe site-ul GeoStru, iar afiliatul prime\u0219te un comision din v\u00e2nzare.<\/p>\n<p>[\/vc_column_text][\/vc_accordion_tab][vc_accordion_tab title=&#8221;Cum pot participa la programul de afiliere GeoStru?&#8221;][vc_column_text]<\/p>\n<p style=\"text-align: justify\">Te rug\u0103m s\u0103 trimite\u021bi o cerere aici. Cererea ta va fi analizat\u0103 iar apoi vei primi un e-mail cu informa\u021bii despre aderare \u0219i instruc\u021biuni despre cum s\u0103 \u00eencepi.<\/p>\n<p>[\/vc_column_text][\/vc_accordion_tab][vc_accordion_tab title=&#8221;Este necesar s\u0103 pl\u0103tesc pentru a deveni un afiliat GeoStru?&#8221;][vc_column_text]<\/p>\n<p style=\"text-align: justify\">Trimiterea unei aplica\u021bii \u0219i participarea la programul de afiliere GeoStru este gratuit\u0103 \u0219i nu are cerin\u021be minime de v\u00e2nz\u0103ri.<\/p>\n<p>[\/vc_column_text][\/vc_accordion_tab][vc_accordion_tab title=&#8221;Pot fi plasate link-uri sau bannere GeoStru oriunde pe site?&#8221;][vc_column_text]<\/p>\n<p class=\"wd-font-16 wd-light wd-mv-0\" style=\"text-align: justify\">Da. Fiecare afiliat cunoa\u0219te modelele de cump\u0103rare \u0219i nevoile clien\u021bilor s\u0103i mult mai bine dec\u00e2t noi. Dup\u0103 ce aprobarea cererii de afiliere po\u021bi plasa link-uri GeoStru oriunde pe site-ul \u0219i blogurile tale. Alegerea unei pozi\u021bii optime este crucial\u0103 pentru a maximiza ratele de clicuri \u0219i v\u00e2nz\u0103rile, astfel \u00eenc\u00e2t s\u0103 po\u021bi c\u00e2\u0219tiga mai multe comisioane.<\/p>\n<p class=\"wd-font-16 wd-light wd-mv-0\" style=\"text-align: justify\">Not\u0103: Pute\u021bi utiliza numai link-uri text, logo-uri, imagini de produse \u0219i bannere furnizate de noi.<\/p>\n<p>[\/vc_column_text][\/vc_accordion_tab][vc_accordion_tab title=&#8221;C\u00e2t de des sunt puse la dispozi\u021bie bannere noi?&#8221;][vc_column_text]<\/p>\n<p class=\"wd-font-16 wd-light wd-mv-0\" style=\"text-align: justify\">GeoStru ofer\u0103 o selec\u021bie de bannere standard \u0219i promo\u021bionale care afi\u0219eaz\u0103 ofertele curente pentru majoritatea produselor software v\u00e2ndute pe site-ul propriu. Bannerele promo\u021bionale sunt actualizate automat. Va fi nevoie doare de copierea unui cod. De asemenea, putem crea bannere personalizate la cerere.<\/p>\n<p>[\/vc_column_text][\/vc_accordion_tab][vc_accordion_tab title=&#8221;Dac\u0103 am mai multe site-uri web, pot participa \u00een continuare la programul de afiliere?&#8221;][vc_column_text]<\/p>\n<p class=\"wd-font-16 wd-light wd-mv-0\" style=\"text-align: justify\">Da, po\u021bi promova produsele noastre pe mai multe site-uri web. Pentru a simplifica procesul, vei avea un cont de afiliat care va include toate site-urile.<\/p>\n<p>[\/vc_column_text][\/vc_accordion_tab][vc_accordion_tab title=&#8221;Dac\u0103 nu am un site web sau un blog, pot totu\u0219i s\u0103 depun o cerere pentru a participa la programul de afiliere?&#8221;][vc_column_text]<\/p>\n<p class=\"wd-font-16 wd-light wd-mv-0\" style=\"text-align: justify\">Da, te rug\u0103m s\u0103 ne comunici metodele tale de promovare atunci c\u00e2nd aplica\u021bi (Social Media, e-mail, etc.).<\/p>\n<p>[\/vc_column_text][\/vc_accordion_tab][vc_accordion_tab title=&#8221;Ce produse GeoStru pot fi v\u00e2ndute de c\u0103tre afilia\u021bi?&#8221;][vc_column_text]<\/p>\n<p class=\"wd-font-16 wd-light wd-mv-0\" style=\"text-align: justify\">Afilia\u021bii pot vinde orice produs disponibil pentru pia\u021ba lor.<\/p>\n<p>[\/vc_column_text][\/vc_accordion_tab][vc_accordion_tab title=&#8221;C\u00e2\u0219tigi un comision pentru taxe diverse?&#8221;][vc_column_text]<\/p>\n<p class=\"wd-font-16 wd-light wd-mv-0\" style=\"text-align: justify\">Nu. C\u00e2\u0219tigi un comision doar pe pre\u021bul net al produsului dup\u0103 aplicarea reducerilor, nu \u015fi pentru taxe.<\/p>\n<p>[\/vc_column_text][\/vc_accordion_tab][\/vc_accordion][\/vc_column][\/vc_row]<\/p>\n<\/div>","protected":false},"excerpt":{"rendered":"<p>[vc_row][vc_column][vc_column_text] FAQ [\/vc_column_text][vc_accordion active_tab=&#8221;false&#8221; collapsible=&#8221;yes&#8221; title_size=&#8221;h4&#8243;][vc_accordion_tab title=&#8221;Ce este programul de afiliere GeoStru?&#8221;][vc_column_text] Programul de afiliere GeoStru \u00ee\u0163i permite s\u0103 c\u00e2\u0219tigi bani prin plasarea de link-uri c\u0103tre produsele noastre pe site-ul t\u0103u. Prin intermediul acestor link-uri, vizitatorii pot achizi\u021biona produsele disponibile pe site-ul GeoStru, iar afiliatul prime\u0219te un comision din v\u00e2nzare. [\/vc_column_text][\/vc_accordion_tab][vc_accordion_tab title=&#8221;Cum pot participa la&hellip;<\/p>\n","protected":false},"author":16658,"featured_media":0,"parent":131197,"menu_order":0,"comment_status":"closed","ping_status":"closed","template":"","meta":{"footnotes":""},"class_list":["post-131195","page","type-page","status-publish","hentry","description-off"],"yoast_head":"<!-- This site is optimized with the Yoast SEO Premium plugin v25.0 (Yoast SEO v25.0) - https:\/\/yoast.com\/wordpress\/plugins\/seo\/ -->\n<title>\u00ceNTREB\u0102RI FRECVENTE AFILIERE GEOSTRU - GeoStru EU<\/title>\n<meta name=\"description\" content=\"Collabora con GeoStru. Domande frequenti per per il programma di affiliazione GeoStru.\" \/>\n<meta name=\"robots\" content=\"index, follow, max-snippet:-1, max-image-preview:large, max-video-preview:-1\" \/>\n<link rel=\"canonical\" href=\"https:\/\/www.geostru.eu\/ro\/devino-partenerul-nosrtu\/program-de-afiliere-geostru\/intrebari-frecvente-afiliere-geostru\/\" \/>\n<meta property=\"og:locale\" content=\"ro_RO\" \/>\n<meta property=\"og:type\" content=\"article\" \/>\n<meta property=\"og:title\" content=\"\u00ceNTREB\u0102RI FRECVENTE AFILIERE GEOSTRU\" \/>\n<meta property=\"og:description\" content=\"Collabora con GeoStru. Domande frequenti per per il programma di affiliazione GeoStru.\" \/>\n<meta property=\"og:url\" content=\"https:\/\/www.geostru.eu\/ro\/devino-partenerul-nosrtu\/program-de-afiliere-geostru\/intrebari-frecvente-afiliere-geostru\/\" \/>\n<meta property=\"og:site_name\" content=\"GeoStru EU\" \/>\n<meta property=\"article:publisher\" content=\"https:\/\/www.facebook.com\/GeoStruSoftware\/\" \/>\n<meta property=\"article:modified_time\" content=\"2021-11-11T12:05:17+00:00\" \/>\n<meta name=\"twitter:card\" content=\"summary_large_image\" \/>\n<meta name=\"twitter:site\" content=\"@geostru\" \/>\n<meta name=\"twitter:label1\" content=\"Timp estimat pentru citire\" \/>\n\t<meta name=\"twitter:data1\" content=\"2 minute\" \/>\n<script type=\"application\/ld+json\" class=\"yoast-schema-graph\">{\"@context\":\"https:\/\/schema.org\",\"@graph\":[{\"@type\":\"WebPage\",\"@id\":\"https:\/\/www.geostru.eu\/ro\/devino-partenerul-nosrtu\/program-de-afiliere-geostru\/intrebari-frecvente-afiliere-geostru\/\",\"url\":\"https:\/\/www.geostru.eu\/ro\/devino-partenerul-nosrtu\/program-de-afiliere-geostru\/intrebari-frecvente-afiliere-geostru\/\",\"name\":\"\u00ceNTREB\u0102RI FRECVENTE AFILIERE GEOSTRU - GeoStru EU\",\"isPartOf\":{\"@id\":\"https:\/\/www.geostru.eu\/ro\/#website\"},\"datePublished\":\"2021-10-16T09:43:41+00:00\",\"dateModified\":\"2021-11-11T12:05:17+00:00\",\"description\":\"Collabora con GeoStru. Domande frequenti per per il programma di affiliazione GeoStru.\",\"breadcrumb\":{\"@id\":\"https:\/\/www.geostru.eu\/ro\/devino-partenerul-nosrtu\/program-de-afiliere-geostru\/intrebari-frecvente-afiliere-geostru\/#breadcrumb\"},\"inLanguage\":\"ro-RO\",\"potentialAction\":[{\"@type\":\"ReadAction\",\"target\":[\"https:\/\/www.geostru.eu\/ro\/devino-partenerul-nosrtu\/program-de-afiliere-geostru\/intrebari-frecvente-afiliere-geostru\/\"]}]},{\"@type\":\"BreadcrumbList\",\"@id\":\"https:\/\/www.geostru.eu\/ro\/devino-partenerul-nosrtu\/program-de-afiliere-geostru\/intrebari-frecvente-afiliere-geostru\/#breadcrumb\",\"itemListElement\":[{\"@type\":\"ListItem\",\"position\":1,\"name\":\"Home\",\"item\":\"https:\/\/www.geostru.eu\/ro\/\"},{\"@type\":\"ListItem\",\"position\":2,\"name\":\"DEVINO PARTENERUL NOSRTU\",\"item\":\"https:\/\/www.geostru.eu\/ro\/devino-partenerul-nosrtu\/?lang=ro\"},{\"@type\":\"ListItem\",\"position\":3,\"name\":\"PROGRAM DE AFILIERE GEOSTRU\",\"item\":\"https:\/\/www.geostru.eu\/ro\/devino-partenerul-nosrtu\/program-de-afiliere-geostru\/?lang=ro\"},{\"@type\":\"ListItem\",\"position\":4,\"name\":\"\u00ceNTREB\u0102RI FRECVENTE AFILIERE GEOSTRU\"}]},{\"@type\":\"WebSite\",\"@id\":\"https:\/\/www.geostru.eu\/ro\/#website\",\"url\":\"https:\/\/www.geostru.eu\/ro\/\",\"name\":\"GeoStru EU\",\"description\":\"Professionals at your service\",\"publisher\":{\"@id\":\"https:\/\/www.geostru.eu\/ro\/#organization\"},\"potentialAction\":[{\"@type\":\"SearchAction\",\"target\":{\"@type\":\"EntryPoint\",\"urlTemplate\":\"https:\/\/www.geostru.eu\/ro\/?s={search_term_string}\"},\"query-input\":{\"@type\":\"PropertyValueSpecification\",\"valueRequired\":true,\"valueName\":\"search_term_string\"}}],\"inLanguage\":\"ro-RO\"},{\"@type\":\"Organization\",\"@id\":\"https:\/\/www.geostru.eu\/ro\/#organization\",\"name\":\"GeoStru EU\",\"url\":\"https:\/\/www.geostru.eu\/ro\/\",\"logo\":{\"@type\":\"ImageObject\",\"inLanguage\":\"ro-RO\",\"@id\":\"https:\/\/www.geostru.eu\/ro\/#\/schema\/logo\/image\/\",\"url\":\"https:\/\/www.geostru.eu\/wp-content\/uploads\/2023\/02\/LOGO_GEOSTRU_educational_banner.png\",\"contentUrl\":\"https:\/\/www.geostru.eu\/wp-content\/uploads\/2023\/02\/LOGO_GEOSTRU_educational_banner.png\",\"width\":363,\"height\":115,\"caption\":\"GeoStru EU\"},\"image\":{\"@id\":\"https:\/\/www.geostru.eu\/ro\/#\/schema\/logo\/image\/\"},\"sameAs\":[\"https:\/\/www.facebook.com\/GeoStruSoftware\/\",\"https:\/\/x.com\/geostru\",\"https:\/\/www.linkedin.com\/company\/2462488\/admin\/\",\"https:\/\/www.instagram.com\/geostru\/\"]}]}<\/script>\n<!-- \/ Yoast SEO Premium plugin. -->","yoast_head_json":{"title":"\u00ceNTREB\u0102RI FRECVENTE AFILIERE GEOSTRU - GeoStru EU","description":"Collabora con GeoStru. Domande frequenti per per il programma di affiliazione GeoStru.","robots":{"index":"index","follow":"follow","max-snippet":"max-snippet:-1","max-image-preview":"max-image-preview:large","max-video-preview":"max-video-preview:-1"},"canonical":"https:\/\/www.geostru.eu\/ro\/devino-partenerul-nosrtu\/program-de-afiliere-geostru\/intrebari-frecvente-afiliere-geostru\/","og_locale":"ro_RO","og_type":"article","og_title":"\u00ceNTREB\u0102RI FRECVENTE AFILIERE GEOSTRU","og_description":"Collabora con GeoStru. Domande frequenti per per il programma di affiliazione GeoStru.","og_url":"https:\/\/www.geostru.eu\/ro\/devino-partenerul-nosrtu\/program-de-afiliere-geostru\/intrebari-frecvente-afiliere-geostru\/","og_site_name":"GeoStru EU","article_publisher":"https:\/\/www.facebook.com\/GeoStruSoftware\/","article_modified_time":"2021-11-11T12:05:17+00:00","twitter_card":"summary_large_image","twitter_site":"@geostru","twitter_misc":{"Timp estimat pentru citire":"2 minute"},"schema":{"@context":"https:\/\/schema.org","@graph":[{"@type":"WebPage","@id":"https:\/\/www.geostru.eu\/ro\/devino-partenerul-nosrtu\/program-de-afiliere-geostru\/intrebari-frecvente-afiliere-geostru\/","url":"https:\/\/www.geostru.eu\/ro\/devino-partenerul-nosrtu\/program-de-afiliere-geostru\/intrebari-frecvente-afiliere-geostru\/","name":"\u00ceNTREB\u0102RI FRECVENTE AFILIERE GEOSTRU - GeoStru EU","isPartOf":{"@id":"https:\/\/www.geostru.eu\/ro\/#website"},"datePublished":"2021-10-16T09:43:41+00:00","dateModified":"2021-11-11T12:05:17+00:00","description":"Collabora con GeoStru. Domande frequenti per per il programma di affiliazione GeoStru.","breadcrumb":{"@id":"https:\/\/www.geostru.eu\/ro\/devino-partenerul-nosrtu\/program-de-afiliere-geostru\/intrebari-frecvente-afiliere-geostru\/#breadcrumb"},"inLanguage":"ro-RO","potentialAction":[{"@type":"ReadAction","target":["https:\/\/www.geostru.eu\/ro\/devino-partenerul-nosrtu\/program-de-afiliere-geostru\/intrebari-frecvente-afiliere-geostru\/"]}]},{"@type":"BreadcrumbList","@id":"https:\/\/www.geostru.eu\/ro\/devino-partenerul-nosrtu\/program-de-afiliere-geostru\/intrebari-frecvente-afiliere-geostru\/#breadcrumb","itemListElement":[{"@type":"ListItem","position":1,"name":"Home","item":"https:\/\/www.geostru.eu\/ro\/"},{"@type":"ListItem","position":2,"name":"DEVINO PARTENERUL NOSRTU","item":"https:\/\/www.geostru.eu\/ro\/devino-partenerul-nosrtu\/?lang=ro"},{"@type":"ListItem","position":3,"name":"PROGRAM DE AFILIERE GEOSTRU","item":"https:\/\/www.geostru.eu\/ro\/devino-partenerul-nosrtu\/program-de-afiliere-geostru\/?lang=ro"},{"@type":"ListItem","position":4,"name":"\u00ceNTREB\u0102RI FRECVENTE AFILIERE GEOSTRU"}]},{"@type":"WebSite","@id":"https:\/\/www.geostru.eu\/ro\/#website","url":"https:\/\/www.geostru.eu\/ro\/","name":"GeoStru EU","description":"Professionals at your service","publisher":{"@id":"https:\/\/www.geostru.eu\/ro\/#organization"},"potentialAction":[{"@type":"SearchAction","target":{"@type":"EntryPoint","urlTemplate":"https:\/\/www.geostru.eu\/ro\/?s={search_term_string}"},"query-input":{"@type":"PropertyValueSpecification","valueRequired":true,"valueName":"search_term_string"}}],"inLanguage":"ro-RO"},{"@type":"Organization","@id":"https:\/\/www.geostru.eu\/ro\/#organization","name":"GeoStru EU","url":"https:\/\/www.geostru.eu\/ro\/","logo":{"@type":"ImageObject","inLanguage":"ro-RO","@id":"https:\/\/www.geostru.eu\/ro\/#\/schema\/logo\/image\/","url":"https:\/\/www.geostru.eu\/wp-content\/uploads\/2023\/02\/LOGO_GEOSTRU_educational_banner.png","contentUrl":"https:\/\/www.geostru.eu\/wp-content\/uploads\/2023\/02\/LOGO_GEOSTRU_educational_banner.png","width":363,"height":115,"caption":"GeoStru EU"},"image":{"@id":"https:\/\/www.geostru.eu\/ro\/#\/schema\/logo\/image\/"},"sameAs":["https:\/\/www.facebook.com\/GeoStruSoftware\/","https:\/\/x.com\/geostru","https:\/\/www.linkedin.com\/company\/2462488\/admin\/","https:\/\/www.instagram.com\/geostru\/"]}]}},"_links":{"self":[{"href":"https:\/\/www.geostru.eu\/ro\/wp-json\/wp\/v2\/pages\/131195"}],"collection":[{"href":"https:\/\/www.geostru.eu\/ro\/wp-json\/wp\/v2\/pages"}],"about":[{"href":"https:\/\/www.geostru.eu\/ro\/wp-json\/wp\/v2\/types\/page"}],"author":[{"embeddable":true,"href":"https:\/\/www.geostru.eu\/ro\/wp-json\/wp\/v2\/users\/16658"}],"replies":[{"embeddable":true,"href":"https:\/\/www.geostru.eu\/ro\/wp-json\/wp\/v2\/comments?post=131195"}],"version-history":[{"count":0,"href":"https:\/\/www.geostru.eu\/ro\/wp-json\/wp\/v2\/pages\/131195\/revisions"}],"up":[{"embeddable":true,"href":"https:\/\/www.geostru.eu\/ro\/wp-json\/wp\/v2\/pages\/131197"}],"wp:attachment":[{"href":"https:\/\/www.geostru.eu\/ro\/wp-json\/wp\/v2\/media?parent=131195"}],"curies":[{"name":"wp","href":"https:\/\/api.w.org\/{rel}","templated":true}]}}