{"id":128878,"date":"2021-07-29T12:08:44","date_gmt":"2021-07-29T10:08:44","guid":{"rendered":"https:\/\/www.geostru.eu\/termeni-si-conditii\/license-agreement-for-the-final-user\/"},"modified":"2025-04-11T09:07:15","modified_gmt":"2025-04-11T07:07:15","slug":"license-agreement-for-the-final-user","status":"publish","type":"page","link":"https:\/\/www.geostru.eu\/ro\/license-agreement-for-the-final-user\/","title":{"rendered":"Acord de licen\u021b\u0103 pentru utilizatorul final"},"content":{"rendered":"<div class=\"wpb-content-wrapper\"><p>[vc_row][vc_column][vc_column_text]<\/p>\n<p style=\"text-align: justify;\"><strong>ANUN\u021a IMPORTANT PENTRU TO\u021aI UTILIZATORII:<\/strong><\/p>\n<p style=\"text-align: justify;\"><strong>CITI\u021aI CU ATEN\u021aIE URM\u0102TORUL ACORD \u00ceNAINTE DE A \u00ceNCEPE FOLOSIREA PROGRAMULUI.<\/strong><\/p>\n<p style=\"text-align: justify;\">Rularea programului software \u0219i confirmarea accept\u0103rii Contractului de licen\u021b\u0103 \u00een timpul instal\u0103rii &#8211; f\u0103c\u00e2nd click pe butonul de confirmare sau prin tastarea caracterelor specifice constituie o acceptare necondi\u021bionat\u0103 a termenilor \u0219i condi\u021biilor prezentului Contract de licen\u021b\u0103. Dac\u0103 nu accepta\u021bi termenii acestui Contract de licen\u021b\u0103 trebuie s\u0103 \u00eentrerupe\u021bi instalarea perogramului \u0219i\/sau s\u0103 \u0219terge\u021bi programul.<\/p>\n<p style=\"text-align: justify;\"><strong>DUP\u0102 CE A\u021aI F\u0102CUT CLICK PE BUTONUL DE ACCEPTARE SAU DUP\u0102 CE A\u021aI INTRODUS SIMBOLURILE CORESPUNZ\u0102TOARE AVE\u021aI DREPTUL DE A UTILIZA PROGRAMUL \u00ceN TERMENII \u0218I CONDI\u021aIILE\u00a0PREZENTE ALE ACESTUI CONTRACT.<\/strong><\/p>\n<ol>\n<li style=\"list-style-type: none;\">\n<ol>\n<li style=\"text-align: justify;\">Prin condi\u0163iile \u00een continuare descrise, GeoStru, ofer\u0103 cump\u0103r\u0103torului pentru orice produs cump\u0103rat, dreptul neexclusiv \u015fi netransferabil de a folosi urm\u0103torul program.<\/li>\n<li style=\"text-align: justify;\">Cump\u0103r\u0103torului \u00eei este acordat\u0103 doar o licen\u0163\u0103 de utilizare a programului. Cump\u0103r\u0103torul recunoa\u015fte c\u0103 GeoStru este proprietar exclusiv \u015fi titular legitim al oric\u0103rui drept de utilizare a programului.<\/li>\n<li style=\"text-align: justify;\">Cump\u0103r\u0103torului nu-i este permis\u0103 cedarea acestei licen\u0163e c\u0103tre ter\u0163i.<\/li>\n<li style=\"text-align: justify;\">Licen\u0163a de utilizare a programului nu acord\u0103 dreptul de ob\u0163inere a acestuia \u00een format surs\u0103 \u0219i nici a documenta\u0163iei logice \u00een cauz\u0103 sau de proiect.<\/li>\n<li style=\"text-align: justify;\">Cump\u0103r\u0103torul se oblig\u0103 s\u0103 nu \u00eendep\u0103rteze, s\u0103 distrug\u0103, sau s\u0103 reproduc\u0103 vreo marc\u0103 sau expresie, nume comercial, vreun num\u0103r sau orice altceva ce ar con\u0163ine programul sau CD-ul.<\/li>\n<li style=\"text-align: justify;\">Intr\u0103 \u00een oblig\u0103\u0163ia \u015fi responsabilitatea cump\u0103r\u0103torului verificarea \u015fi compatibilitatea programului \u00een ob\u0163inerea unor rezultate sigure \u015fi supervizarea, direc\u0163iunea sau controlul folosirii acestuia. GeoStru nu acord\u0103 nicio garan\u0163ie cu privire la program, chiar \u015fi \u00een cazul viciilor, defectelor sau deform\u0103rilor sau o gre\u015fit\u0103 utilizare a acestuia. GeoStru nu \u00ee\u015fi asum\u0103 nicio responsanilitate, iar Cump\u0103r\u0103torul se angajeaz\u0103 s\u0103 scuteasc\u0103 firma GeoStru de orice preten\u0163ie, ac\u0163iune sau daune precum \u015fi orice altceva de orice natur\u0103, ce ar putea ap\u0103rea din partea Cump\u0103r\u0103torului sau a ter\u0163ilor c\u0103 urmare a folosirii programului sau a acestei licen\u0163e de utilizare.<\/li>\n<li style=\"text-align: justify;\">GeoStru garanteaz\u0103 c\u0103 suportul nu prezint\u0103 vicii de fabrica\u0163ie, fiind exclus\u0103 orice alt\u0103 garan\u0163ie. \u00cen cazul \u00een care ar rezult\u0103 c\u0103 suportul digital nu este \u00een conformitate cu garan\u0163ia de mai sus, GeoStru se angajeaz\u0103 c\u0103 \u00een termen de 30 de zile de la dat\u0103 cump\u0103r\u0103rii s\u0103-l \u00eenlocuiasc\u0103 dup\u0103 restituirea suportului digital defect \u00eempreun\u0103 cu o copie a facturii de cump\u0103rare, f\u0103r\u0103 a mai avea vreo alt\u0103 oblig\u0103\u0163ie fa\u0163\u0103 de cump\u0103r\u0103tor. Garan\u0163ia nu are efect \u00een cazul d\u0103un\u0103rii suportului digital din cauza uzurii sau din alte motive. \u00cen acest caz, cump\u0103r\u0103torul va putea ob\u0163ine \u00eenlocuirea, dup\u0103 o prealabil\u0103 restituire a suportului defect \u015fi achitarea cheltuielilor cu privire la material \u015fi la multiplicarea dup\u0103 cum reiese din lista de pre\u0163uri valabil\u0103 \u00een momentul cererii.<\/li>\n<li style=\"text-align: justify;\">\u00cenc\u0103lcarea de c\u0103tre cump\u0103r\u0103tor a unui aspect prev\u0103zut la punctele 3, 4 \u015fi 5, va duce la anularea licen\u0163ei de c\u0103tre GeoStru printr-o simpl\u0103 comunicare scris\u0103 cu excep\u0163ia cazului \u00een care are dreptul la desp\u0103gubire. \u00cen cazul anul\u0103rii licen\u0163ei, cump\u0103r\u0103torul se oblig\u0103 s\u0103 \u00eenceteze folosirea imediat\u0103 a programului, iar GeoStru dup\u0103 op\u0163iunea acesteia, va avea dreptul s\u0103 cear\u0103 distrugerea sau restituirea oric\u0103rei copii a programului care se afl\u0103 \u00een posesia cump\u0103r\u0103torului, precum \u015fi orice alt suport livrat c\u0103tre acesta.<\/li>\n<li>Clientul recunoa\u0219te c\u0103 activarea licen\u021bei software implic\u0103 utilizarea de sisteme informatice \u0219i resurse care implic\u0103 costuri suportate de Furnizor.\u00a0Odat\u0103 activat\u0103 licen\u021ba, Clientul este de acord c\u0103 dreptul de retragere se aplic\u0103 doar \u00een caz de disfunc\u021bionalitate dovedit\u0103 a produsului, documentat\u0103 corespunz\u0103tor \u0219i notificat\u0103 Furnizorului \u00eentr-un termen de 7 zile de la data activ\u0103rii licen\u021bei.\u00a0Clientul \u00een\u021belege c\u0103 disfunc\u021bionalitatea trebuie s\u0103 se bazeze pe defecte intrinseci ale produsului \u0219i nu pe incompatibilitatea cu sistemele sau configura\u021biile Clientului sau pe modific\u0103ri neautorizate aduse software-ului.\u00a0\u00cen cazul exercit\u0103rii dreptului de retragere, Furnizorul \u00ee\u0219i rezerv\u0103 dreptul de a solicita Clientului detalii \u0219i informa\u021bii suplimentare cu privire la disfunc\u021bionalitatea semnalat\u0103, \u00een vederea evalu\u0103rii corespunz\u0103toare a solicit\u0103rii de rambursare.\u00cen cazul \u00een care Furnizorul verific\u0103 c\u0103 solicitarea de retragere este valid\u0103 conform termenilor acestei clauze, Furnizorul se angajeaz\u0103 s\u0103 ramburseze Clientului suma corespunz\u0103toare licen\u021bei software, excluz\u00e2nd orice rambursare legat\u0103 de costurile suportate pentru activarea licen\u021bei.<\/li>\n<li>Utilizarea SERVICIILOR Web \u0219i a DATELOR aferente, inclusiv serviciul de activare a licen\u021bei, este considerat\u0103 furnizat\u0103 pe o durat\u0103 limitat\u0103, cu excep\u021bia cazurilor \u00een care Cump\u0103r\u0103torul are un contract de actualizare activ: \u00een acest caz, SERVICIILE Web sunt garantate pe toat\u0103 durata contractului respectiv. Primul an de acces la SERVICIILE Web este oricum inclus la achizi\u021bionarea licen\u021bei. Prin urmare, licen\u021ba programului nu permite accesul nelimitat \u00een timp la SERVICIILE Web, la DATELE care se afl\u0103 pe serverul Licen\u021biatorului \u0219i nici la serviciul de activare a licen\u021bei, chiar dac\u0103 acestea sunt integrate tehnologic cu programul. Limitarea \u00een timp este valabil\u0103 at\u00e2t pentru func\u021bionalit\u0103\u021bile, serviciile \u0219i datele oferite \u00een mod demonstrativ, deci gratuit, c\u00e2t \u0219i pentru cele complete, adic\u0103 contra cost. \u00cen cazul \u00eencet\u0103rii unui serviciu complet, \u0219i deci contra cost (produs\/serviciu de formare, spa\u021biu disponibil pe server etc.), Cump\u0103r\u0103torul va avea dreptul doar la desp\u0103gubirea pentru perioada de timp din serviciul de care nu a beneficiat \u00eenc\u0103, f\u0103r\u0103 a avea dreptul la nicio alt\u0103 compensa\u021bie suplimentar\u0103 pentru \u00eentreruperea serviciului respectiv.<\/li>\n<\/ol>\n<\/li>\n<\/ol>\n<p>[\/vc_column_text][\/vc_column][\/vc_row]<\/p>\n<\/div>","protected":false},"excerpt":{"rendered":"<p>[vc_row][vc_column][vc_column_text] ANUN\u021a IMPORTANT PENTRU TO\u021aI UTILIZATORII: CITI\u021aI CU ATEN\u021aIE URM\u0102TORUL ACORD \u00ceNAINTE DE A \u00ceNCEPE FOLOSIREA PROGRAMULUI. Rularea programului software \u0219i confirmarea accept\u0103rii Contractului de licen\u021b\u0103 \u00een timpul instal\u0103rii &#8211; f\u0103c\u00e2nd click pe butonul de confirmare sau prin tastarea caracterelor specifice constituie o acceptare necondi\u021bionat\u0103 a termenilor \u0219i condi\u021biilor prezentului Contract de licen\u021b\u0103. Dac\u0103 nu&hellip;<\/p>\n","protected":false},"author":16658,"featured_media":128858,"parent":0,"menu_order":0,"comment_status":"closed","ping_status":"closed","template":"","meta":{"footnotes":""},"class_list":["post-128878","page","type-page","status-publish","has-post-thumbnail","hentry","description-off"],"yoast_head":"<!-- This site is optimized with the Yoast SEO Premium plugin v25.0 (Yoast SEO v25.0) - https:\/\/yoast.com\/wordpress\/plugins\/seo\/ -->\n<title>Acord de licen\u021b\u0103 pentru utilizatorul final - GeoStru EU<\/title>\n<meta name=\"description\" content=\"Rularea programului software si confirmarea acceptarii Contractului de licenta constituie o acceptare neconditionata a termenilor si conditiilor prezentului Contract de licenta\" \/>\n<meta name=\"robots\" content=\"index, follow, max-snippet:-1, max-image-preview:large, max-video-preview:-1\" \/>\n<link rel=\"canonical\" href=\"https:\/\/www.geostru.eu\/ro\/license-agreement-for-the-final-user\/\" \/>\n<meta property=\"og:locale\" content=\"ro_RO\" \/>\n<meta property=\"og:type\" content=\"article\" \/>\n<meta property=\"og:title\" content=\"Acord de licen\u021b\u0103 pentru utilizatorul final\" \/>\n<meta property=\"og:description\" content=\"Rularea programului software si confirmarea acceptarii Contractului de licenta constituie o acceptare neconditionata a termenilor si conditiilor prezentului Contract de licenta\" \/>\n<meta property=\"og:url\" content=\"https:\/\/www.geostru.eu\/ro\/license-agreement-for-the-final-user\/\" \/>\n<meta property=\"og:site_name\" content=\"GeoStru EU\" \/>\n<meta property=\"article:publisher\" content=\"https:\/\/www.facebook.com\/GeoStruSoftware\/\" \/>\n<meta property=\"article:modified_time\" content=\"2025-04-11T07:07:15+00:00\" \/>\n<meta property=\"og:image\" content=\"https:\/\/www.geostru.eu\/wp-content\/uploads\/2021\/07\/icona-contratto-licenza-uso.png\" \/>\n\t<meta property=\"og:image:width\" content=\"600\" \/>\n\t<meta property=\"og:image:height\" content=\"332\" \/>\n\t<meta property=\"og:image:type\" content=\"image\/png\" \/>\n<meta name=\"twitter:card\" content=\"summary_large_image\" \/>\n<meta name=\"twitter:site\" content=\"@geostru\" \/>\n<meta name=\"twitter:label1\" content=\"Timp estimat pentru citire\" \/>\n\t<meta name=\"twitter:data1\" content=\"5 minute\" \/>\n<script type=\"application\/ld+json\" class=\"yoast-schema-graph\">{\"@context\":\"https:\/\/schema.org\",\"@graph\":[{\"@type\":\"WebPage\",\"@id\":\"https:\/\/www.geostru.eu\/ro\/license-agreement-for-the-final-user\/\",\"url\":\"https:\/\/www.geostru.eu\/ro\/license-agreement-for-the-final-user\/\",\"name\":\"Acord de licen\u021b\u0103 pentru utilizatorul final - GeoStru EU\",\"isPartOf\":{\"@id\":\"https:\/\/www.geostru.eu\/ro\/#website\"},\"primaryImageOfPage\":{\"@id\":\"https:\/\/www.geostru.eu\/ro\/license-agreement-for-the-final-user\/#primaryimage\"},\"image\":{\"@id\":\"https:\/\/www.geostru.eu\/ro\/license-agreement-for-the-final-user\/#primaryimage\"},\"thumbnailUrl\":\"https:\/\/www.geostru.eu\/wp-content\/uploads\/2021\/07\/icona-contratto-licenza-uso.png\",\"datePublished\":\"2021-07-29T10:08:44+00:00\",\"dateModified\":\"2025-04-11T07:07:15+00:00\",\"description\":\"Rularea programului software si confirmarea acceptarii Contractului de licenta constituie o acceptare neconditionata a termenilor si conditiilor prezentului Contract de licenta\",\"breadcrumb\":{\"@id\":\"https:\/\/www.geostru.eu\/ro\/license-agreement-for-the-final-user\/#breadcrumb\"},\"inLanguage\":\"ro-RO\",\"potentialAction\":[{\"@type\":\"ReadAction\",\"target\":[\"https:\/\/www.geostru.eu\/ro\/license-agreement-for-the-final-user\/\"]}]},{\"@type\":\"ImageObject\",\"inLanguage\":\"ro-RO\",\"@id\":\"https:\/\/www.geostru.eu\/ro\/license-agreement-for-the-final-user\/#primaryimage\",\"url\":\"https:\/\/www.geostru.eu\/wp-content\/uploads\/2021\/07\/icona-contratto-licenza-uso.png\",\"contentUrl\":\"https:\/\/www.geostru.eu\/wp-content\/uploads\/2021\/07\/icona-contratto-licenza-uso.png\",\"width\":600,\"height\":332,\"caption\":\"contratto licenza uso\"},{\"@type\":\"BreadcrumbList\",\"@id\":\"https:\/\/www.geostru.eu\/ro\/license-agreement-for-the-final-user\/#breadcrumb\",\"itemListElement\":[{\"@type\":\"ListItem\",\"position\":1,\"name\":\"Home\",\"item\":\"https:\/\/www.geostru.eu\/ro\/\"},{\"@type\":\"ListItem\",\"position\":2,\"name\":\"Acord de licen\u021b\u0103 pentru utilizatorul final\"}]},{\"@type\":\"WebSite\",\"@id\":\"https:\/\/www.geostru.eu\/ro\/#website\",\"url\":\"https:\/\/www.geostru.eu\/ro\/\",\"name\":\"GeoStru EU\",\"description\":\"Professionals at your service\",\"publisher\":{\"@id\":\"https:\/\/www.geostru.eu\/ro\/#organization\"},\"potentialAction\":[{\"@type\":\"SearchAction\",\"target\":{\"@type\":\"EntryPoint\",\"urlTemplate\":\"https:\/\/www.geostru.eu\/ro\/?s={search_term_string}\"},\"query-input\":{\"@type\":\"PropertyValueSpecification\",\"valueRequired\":true,\"valueName\":\"search_term_string\"}}],\"inLanguage\":\"ro-RO\"},{\"@type\":\"Organization\",\"@id\":\"https:\/\/www.geostru.eu\/ro\/#organization\",\"name\":\"GeoStru EU\",\"url\":\"https:\/\/www.geostru.eu\/ro\/\",\"logo\":{\"@type\":\"ImageObject\",\"inLanguage\":\"ro-RO\",\"@id\":\"https:\/\/www.geostru.eu\/ro\/#\/schema\/logo\/image\/\",\"url\":\"https:\/\/www.geostru.eu\/wp-content\/uploads\/2023\/02\/LOGO_GEOSTRU_educational_banner.png\",\"contentUrl\":\"https:\/\/www.geostru.eu\/wp-content\/uploads\/2023\/02\/LOGO_GEOSTRU_educational_banner.png\",\"width\":363,\"height\":115,\"caption\":\"GeoStru EU\"},\"image\":{\"@id\":\"https:\/\/www.geostru.eu\/ro\/#\/schema\/logo\/image\/\"},\"sameAs\":[\"https:\/\/www.facebook.com\/GeoStruSoftware\/\",\"https:\/\/x.com\/geostru\",\"https:\/\/www.linkedin.com\/company\/2462488\/admin\/\",\"https:\/\/www.instagram.com\/geostru\/\"]}]}<\/script>\n<!-- \/ Yoast SEO Premium plugin. -->","yoast_head_json":{"title":"Acord de licen\u021b\u0103 pentru utilizatorul final - GeoStru EU","description":"Rularea programului software si confirmarea acceptarii Contractului de licenta constituie o acceptare neconditionata a termenilor si conditiilor prezentului Contract de licenta","robots":{"index":"index","follow":"follow","max-snippet":"max-snippet:-1","max-image-preview":"max-image-preview:large","max-video-preview":"max-video-preview:-1"},"canonical":"https:\/\/www.geostru.eu\/ro\/license-agreement-for-the-final-user\/","og_locale":"ro_RO","og_type":"article","og_title":"Acord de licen\u021b\u0103 pentru utilizatorul final","og_description":"Rularea programului software si confirmarea acceptarii Contractului de licenta constituie o acceptare neconditionata a termenilor si conditiilor prezentului Contract de licenta","og_url":"https:\/\/www.geostru.eu\/ro\/license-agreement-for-the-final-user\/","og_site_name":"GeoStru EU","article_publisher":"https:\/\/www.facebook.com\/GeoStruSoftware\/","article_modified_time":"2025-04-11T07:07:15+00:00","og_image":[{"width":600,"height":332,"url":"https:\/\/www.geostru.eu\/wp-content\/uploads\/2021\/07\/icona-contratto-licenza-uso.png","type":"image\/png"}],"twitter_card":"summary_large_image","twitter_site":"@geostru","twitter_misc":{"Timp estimat pentru citire":"5 minute"},"schema":{"@context":"https:\/\/schema.org","@graph":[{"@type":"WebPage","@id":"https:\/\/www.geostru.eu\/ro\/license-agreement-for-the-final-user\/","url":"https:\/\/www.geostru.eu\/ro\/license-agreement-for-the-final-user\/","name":"Acord de licen\u021b\u0103 pentru utilizatorul final - GeoStru EU","isPartOf":{"@id":"https:\/\/www.geostru.eu\/ro\/#website"},"primaryImageOfPage":{"@id":"https:\/\/www.geostru.eu\/ro\/license-agreement-for-the-final-user\/#primaryimage"},"image":{"@id":"https:\/\/www.geostru.eu\/ro\/license-agreement-for-the-final-user\/#primaryimage"},"thumbnailUrl":"https:\/\/www.geostru.eu\/wp-content\/uploads\/2021\/07\/icona-contratto-licenza-uso.png","datePublished":"2021-07-29T10:08:44+00:00","dateModified":"2025-04-11T07:07:15+00:00","description":"Rularea programului software si confirmarea acceptarii Contractului de licenta constituie o acceptare neconditionata a termenilor si conditiilor prezentului Contract de licenta","breadcrumb":{"@id":"https:\/\/www.geostru.eu\/ro\/license-agreement-for-the-final-user\/#breadcrumb"},"inLanguage":"ro-RO","potentialAction":[{"@type":"ReadAction","target":["https:\/\/www.geostru.eu\/ro\/license-agreement-for-the-final-user\/"]}]},{"@type":"ImageObject","inLanguage":"ro-RO","@id":"https:\/\/www.geostru.eu\/ro\/license-agreement-for-the-final-user\/#primaryimage","url":"https:\/\/www.geostru.eu\/wp-content\/uploads\/2021\/07\/icona-contratto-licenza-uso.png","contentUrl":"https:\/\/www.geostru.eu\/wp-content\/uploads\/2021\/07\/icona-contratto-licenza-uso.png","width":600,"height":332,"caption":"contratto licenza uso"},{"@type":"BreadcrumbList","@id":"https:\/\/www.geostru.eu\/ro\/license-agreement-for-the-final-user\/#breadcrumb","itemListElement":[{"@type":"ListItem","position":1,"name":"Home","item":"https:\/\/www.geostru.eu\/ro\/"},{"@type":"ListItem","position":2,"name":"Acord de licen\u021b\u0103 pentru utilizatorul final"}]},{"@type":"WebSite","@id":"https:\/\/www.geostru.eu\/ro\/#website","url":"https:\/\/www.geostru.eu\/ro\/","name":"GeoStru EU","description":"Professionals at your service","publisher":{"@id":"https:\/\/www.geostru.eu\/ro\/#organization"},"potentialAction":[{"@type":"SearchAction","target":{"@type":"EntryPoint","urlTemplate":"https:\/\/www.geostru.eu\/ro\/?s={search_term_string}"},"query-input":{"@type":"PropertyValueSpecification","valueRequired":true,"valueName":"search_term_string"}}],"inLanguage":"ro-RO"},{"@type":"Organization","@id":"https:\/\/www.geostru.eu\/ro\/#organization","name":"GeoStru EU","url":"https:\/\/www.geostru.eu\/ro\/","logo":{"@type":"ImageObject","inLanguage":"ro-RO","@id":"https:\/\/www.geostru.eu\/ro\/#\/schema\/logo\/image\/","url":"https:\/\/www.geostru.eu\/wp-content\/uploads\/2023\/02\/LOGO_GEOSTRU_educational_banner.png","contentUrl":"https:\/\/www.geostru.eu\/wp-content\/uploads\/2023\/02\/LOGO_GEOSTRU_educational_banner.png","width":363,"height":115,"caption":"GeoStru EU"},"image":{"@id":"https:\/\/www.geostru.eu\/ro\/#\/schema\/logo\/image\/"},"sameAs":["https:\/\/www.facebook.com\/GeoStruSoftware\/","https:\/\/x.com\/geostru","https:\/\/www.linkedin.com\/company\/2462488\/admin\/","https:\/\/www.instagram.com\/geostru\/"]}]}},"_links":{"self":[{"href":"https:\/\/www.geostru.eu\/ro\/wp-json\/wp\/v2\/pages\/128878"}],"collection":[{"href":"https:\/\/www.geostru.eu\/ro\/wp-json\/wp\/v2\/pages"}],"about":[{"href":"https:\/\/www.geostru.eu\/ro\/wp-json\/wp\/v2\/types\/page"}],"author":[{"embeddable":true,"href":"https:\/\/www.geostru.eu\/ro\/wp-json\/wp\/v2\/users\/16658"}],"replies":[{"embeddable":true,"href":"https:\/\/www.geostru.eu\/ro\/wp-json\/wp\/v2\/comments?post=128878"}],"version-history":[{"count":3,"href":"https:\/\/www.geostru.eu\/ro\/wp-json\/wp\/v2\/pages\/128878\/revisions"}],"predecessor-version":[{"id":157942,"href":"https:\/\/www.geostru.eu\/ro\/wp-json\/wp\/v2\/pages\/128878\/revisions\/157942"}],"wp:featuredmedia":[{"embeddable":true,"href":"https:\/\/www.geostru.eu\/ro\/wp-json\/wp\/v2\/media\/128858"}],"wp:attachment":[{"href":"https:\/\/www.geostru.eu\/ro\/wp-json\/wp\/v2\/media?parent=128878"}],"curies":[{"name":"wp","href":"https:\/\/api.w.org\/{rel}","templated":true}]}}