{"id":12240,"date":"2015-03-11T10:25:50","date_gmt":"2015-03-11T10:25:50","guid":{"rendered":"https:\/\/www.geostru.eu\/gs\/?page_id=12240"},"modified":"2017-05-30T14:48:22","modified_gmt":"2017-05-30T12:48:22","slug":"software-ro","status":"publish","type":"page","link":"https:\/\/www.geostru.eu\/ro\/software-ro\/","title":{"rendered":"Software"},"content":{"rendered":"<div class=\"wpb-content-wrapper\"><p>[vc_row][vc_column][vc_empty_space height=&#8221;30px&#8221;][\/vc_column][\/vc_row][vc_row][vc_column][vc_column_text]<\/p>\n<p style=\"text-align: justify;\"><span style=\"color: #eb8305;\"><strong>DE CE\u00a0GEOSTRU<\/strong><\/span><br \/>\nProgramele noastre sunt printre cele mai complete si profesionale la nivel mondial.<br \/>\nPermit rezolvarea oricarei problematici de inginerie geotehnica, geologie, hidrologie, topografie, geofizica, incercari in situ.<br \/>\nOricat de complicata ar fi problema, gasim intotdeauna cea mai buna solutie. Programele noastre au devenit cunoscute pentru usurinta de folosire si rapoartele de calcul complete. Schimbul de date intre programe usureaza si mai mult procesul de proiectare.<\/p>\n<p style=\"text-align: justify;\"><span style=\"color: #00ccff;\"><strong>REFERINTE<\/strong>\u00a0<\/span><br \/>\nCalitatea programelor noastre este asigurata de pentru 30,000 de instalari la nivel global. Colaborarea cu universitati tehnice internationale mentine produsele noastre printre cele mai avansate din lume.<br \/>\nPrintre cei mai prestigiosi clienti si colaboratori se numara:\u00a0Unical (Universit\u00e0 degli Studi della Calabria, Italia) &#8211; Universitat de Girona &#8211; Departamento de Ciencias Ambientales, Universidad Eafit (Juli\u00e1n Vidal; Carlos Hernando), Universitatea Tehnica Cluj-Napoca, Romania, Universitatea Tehnica Bucuresti, Romania, Benemerita Universidad Aut\u00f3noma de Puebla, Dipartimento di Scienze Geologiche Ambientali e Marine, Universidad de Salamanca, Universit\u00e0 degli Studi di Padova, Dip. della Protezione Civile, Autorit\u00e0 di Bacino della Basilicata, Universidad de Costa Rica, Universit\u00e0 degli Studi di Napoli Federico II, Presidenza del Consiglio dei Ministri, Universit\u00e0 Degli Studi di Perugia, Universit\u00e0 Degli Studi di Torino, Baylor University Texas &#8211; U.S.A., Mining and Geology Faculty, University of Belgrade, University of Architecture, Civil Engineering and Geodezy Bulgaria, School of Civil,Urban and Geosystem Engineering, Seoul Korea, Technical University of Crete Greece, University of Nevada, School of Geological Sciences University of KwaZulu-Natal Sud Africa si multe altele.<\/p>\n<p style=\"text-align: justify;\"><span style=\"color: #00ff00;\"><strong>PRETURI<\/strong><\/span><br \/>\nCel mai bun raport valoare\/cost de pe piata &#8211; impreuna cu serviciile oferite fac din GeoStru una din cele mai importante companii din domeniu la nivel international.<\/p>\n<p style=\"text-align: justify;\"><span style=\"color: #ff0000;\"><strong>SUPORT TEHNIC DE PRIMA CLASA<\/strong><\/span><br \/>\nNu suntem doar un call center, oferim asistenta tehnica de prima clasa. Departamentul nostru tehnic este compus din profesionisti capabili sa rezolve orice problema din domeniu. Am dezvoltat, de asemenea, un sistem de stocare a intrebarilor si raspunsurilor. Pentru cazuri deosebite asiguram si asistenta remote.<\/p>\n<p>[\/vc_column_text][\/vc_column][\/vc_row][vc_row][vc_column][vc_empty_space height=&#8221;20px&#8221;][\/vc_column][\/vc_row]<\/p>\n<\/div>","protected":false},"excerpt":{"rendered":"<p>[vc_row][vc_column][vc_empty_space height=&#8221;30px&#8221;][\/vc_column][\/vc_row][vc_row][vc_column][vc_column_text] DE CE\u00a0GEOSTRU Programele noastre sunt printre cele mai complete si profesionale la nivel mondial. Permit rezolvarea oricarei problematici de inginerie geotehnica, geologie, hidrologie, topografie, geofizica, incercari in situ. Oricat de complicata ar fi problema, gasim intotdeauna cea mai buna solutie. Programele noastre au devenit cunoscute pentru usurinta de folosire si rapoartele de calcul&hellip;<\/p>\n","protected":false},"author":12038,"featured_media":0,"parent":0,"menu_order":0,"comment_status":"closed","ping_status":"closed","template":"","meta":{"footnotes":""},"class_list":["post-12240","page","type-page","status-publish","hentry","description-off"],"yoast_head":"<!-- This site is optimized with the Yoast SEO Premium plugin v25.0 (Yoast SEO v25.0) - https:\/\/yoast.com\/wordpress\/plugins\/seo\/ -->\n<title>Software - GeoStru EU<\/title>\n<meta name=\"robots\" content=\"index, follow, max-snippet:-1, max-image-preview:large, max-video-preview:-1\" \/>\n<link rel=\"canonical\" href=\"https:\/\/www.geostru.eu\/ro\/software-ro\/\" \/>\n<meta property=\"og:locale\" content=\"ro_RO\" \/>\n<meta property=\"og:type\" content=\"article\" \/>\n<meta property=\"og:title\" content=\"Software\" \/>\n<meta property=\"og:description\" content=\"[vc_row][vc_column][vc_empty_space height=&#8221;30px&#8221;][\/vc_column][\/vc_row][vc_row][vc_column][vc_column_text] DE CE\u00a0GEOSTRU Programele noastre sunt printre cele mai complete si profesionale la nivel mondial. Permit rezolvarea oricarei problematici de inginerie geotehnica, geologie, hidrologie, topografie, geofizica, incercari in situ. Oricat de complicata ar fi problema, gasim intotdeauna cea mai buna solutie. Programele noastre au devenit cunoscute pentru usurinta de folosire si rapoartele de calcul&hellip;\" \/>\n<meta property=\"og:url\" content=\"https:\/\/www.geostru.eu\/ro\/software-ro\/\" \/>\n<meta property=\"og:site_name\" content=\"GeoStru EU\" \/>\n<meta property=\"article:publisher\" content=\"https:\/\/www.facebook.com\/GeoStruSoftware\/\" \/>\n<meta property=\"article:modified_time\" content=\"2017-05-30T12:48:22+00:00\" \/>\n<meta name=\"twitter:card\" content=\"summary_large_image\" \/>\n<meta name=\"twitter:site\" content=\"@geostru\" \/>\n<meta name=\"twitter:label1\" content=\"Timp estimat pentru citire\" \/>\n\t<meta name=\"twitter:data1\" content=\"2 minute\" \/>\n<script type=\"application\/ld+json\" class=\"yoast-schema-graph\">{\"@context\":\"https:\/\/schema.org\",\"@graph\":[{\"@type\":\"WebPage\",\"@id\":\"https:\/\/www.geostru.eu\/ro\/software-ro\/\",\"url\":\"https:\/\/www.geostru.eu\/ro\/software-ro\/\",\"name\":\"Software - GeoStru EU\",\"isPartOf\":{\"@id\":\"https:\/\/www.geostru.eu\/ro\/#website\"},\"datePublished\":\"2015-03-11T10:25:50+00:00\",\"dateModified\":\"2017-05-30T12:48:22+00:00\",\"breadcrumb\":{\"@id\":\"https:\/\/www.geostru.eu\/ro\/software-ro\/#breadcrumb\"},\"inLanguage\":\"ro-RO\",\"potentialAction\":[{\"@type\":\"ReadAction\",\"target\":[\"https:\/\/www.geostru.eu\/ro\/software-ro\/\"]}]},{\"@type\":\"BreadcrumbList\",\"@id\":\"https:\/\/www.geostru.eu\/ro\/software-ro\/#breadcrumb\",\"itemListElement\":[{\"@type\":\"ListItem\",\"position\":1,\"name\":\"Home\",\"item\":\"https:\/\/www.geostru.eu\/ro\/\"},{\"@type\":\"ListItem\",\"position\":2,\"name\":\"Software\"}]},{\"@type\":\"WebSite\",\"@id\":\"https:\/\/www.geostru.eu\/ro\/#website\",\"url\":\"https:\/\/www.geostru.eu\/ro\/\",\"name\":\"GeoStru EU\",\"description\":\"Professionals at your service\",\"publisher\":{\"@id\":\"https:\/\/www.geostru.eu\/ro\/#organization\"},\"potentialAction\":[{\"@type\":\"SearchAction\",\"target\":{\"@type\":\"EntryPoint\",\"urlTemplate\":\"https:\/\/www.geostru.eu\/ro\/?s={search_term_string}\"},\"query-input\":{\"@type\":\"PropertyValueSpecification\",\"valueRequired\":true,\"valueName\":\"search_term_string\"}}],\"inLanguage\":\"ro-RO\"},{\"@type\":\"Organization\",\"@id\":\"https:\/\/www.geostru.eu\/ro\/#organization\",\"name\":\"GeoStru EU\",\"url\":\"https:\/\/www.geostru.eu\/ro\/\",\"logo\":{\"@type\":\"ImageObject\",\"inLanguage\":\"ro-RO\",\"@id\":\"https:\/\/www.geostru.eu\/ro\/#\/schema\/logo\/image\/\",\"url\":\"https:\/\/www.geostru.eu\/wp-content\/uploads\/2023\/02\/LOGO_GEOSTRU_educational_banner.png\",\"contentUrl\":\"https:\/\/www.geostru.eu\/wp-content\/uploads\/2023\/02\/LOGO_GEOSTRU_educational_banner.png\",\"width\":363,\"height\":115,\"caption\":\"GeoStru EU\"},\"image\":{\"@id\":\"https:\/\/www.geostru.eu\/ro\/#\/schema\/logo\/image\/\"},\"sameAs\":[\"https:\/\/www.facebook.com\/GeoStruSoftware\/\",\"https:\/\/x.com\/geostru\",\"https:\/\/www.linkedin.com\/company\/2462488\/admin\/\",\"https:\/\/www.instagram.com\/geostru\/\"]}]}<\/script>\n<!-- \/ Yoast SEO Premium plugin. -->","yoast_head_json":{"title":"Software - GeoStru EU","robots":{"index":"index","follow":"follow","max-snippet":"max-snippet:-1","max-image-preview":"max-image-preview:large","max-video-preview":"max-video-preview:-1"},"canonical":"https:\/\/www.geostru.eu\/ro\/software-ro\/","og_locale":"ro_RO","og_type":"article","og_title":"Software","og_description":"[vc_row][vc_column][vc_empty_space height=&#8221;30px&#8221;][\/vc_column][\/vc_row][vc_row][vc_column][vc_column_text] DE CE\u00a0GEOSTRU Programele noastre sunt printre cele mai complete si profesionale la nivel mondial. Permit rezolvarea oricarei problematici de inginerie geotehnica, geologie, hidrologie, topografie, geofizica, incercari in situ. Oricat de complicata ar fi problema, gasim intotdeauna cea mai buna solutie. Programele noastre au devenit cunoscute pentru usurinta de folosire si rapoartele de calcul&hellip;","og_url":"https:\/\/www.geostru.eu\/ro\/software-ro\/","og_site_name":"GeoStru EU","article_publisher":"https:\/\/www.facebook.com\/GeoStruSoftware\/","article_modified_time":"2017-05-30T12:48:22+00:00","twitter_card":"summary_large_image","twitter_site":"@geostru","twitter_misc":{"Timp estimat pentru citire":"2 minute"},"schema":{"@context":"https:\/\/schema.org","@graph":[{"@type":"WebPage","@id":"https:\/\/www.geostru.eu\/ro\/software-ro\/","url":"https:\/\/www.geostru.eu\/ro\/software-ro\/","name":"Software - GeoStru EU","isPartOf":{"@id":"https:\/\/www.geostru.eu\/ro\/#website"},"datePublished":"2015-03-11T10:25:50+00:00","dateModified":"2017-05-30T12:48:22+00:00","breadcrumb":{"@id":"https:\/\/www.geostru.eu\/ro\/software-ro\/#breadcrumb"},"inLanguage":"ro-RO","potentialAction":[{"@type":"ReadAction","target":["https:\/\/www.geostru.eu\/ro\/software-ro\/"]}]},{"@type":"BreadcrumbList","@id":"https:\/\/www.geostru.eu\/ro\/software-ro\/#breadcrumb","itemListElement":[{"@type":"ListItem","position":1,"name":"Home","item":"https:\/\/www.geostru.eu\/ro\/"},{"@type":"ListItem","position":2,"name":"Software"}]},{"@type":"WebSite","@id":"https:\/\/www.geostru.eu\/ro\/#website","url":"https:\/\/www.geostru.eu\/ro\/","name":"GeoStru EU","description":"Professionals at your service","publisher":{"@id":"https:\/\/www.geostru.eu\/ro\/#organization"},"potentialAction":[{"@type":"SearchAction","target":{"@type":"EntryPoint","urlTemplate":"https:\/\/www.geostru.eu\/ro\/?s={search_term_string}"},"query-input":{"@type":"PropertyValueSpecification","valueRequired":true,"valueName":"search_term_string"}}],"inLanguage":"ro-RO"},{"@type":"Organization","@id":"https:\/\/www.geostru.eu\/ro\/#organization","name":"GeoStru EU","url":"https:\/\/www.geostru.eu\/ro\/","logo":{"@type":"ImageObject","inLanguage":"ro-RO","@id":"https:\/\/www.geostru.eu\/ro\/#\/schema\/logo\/image\/","url":"https:\/\/www.geostru.eu\/wp-content\/uploads\/2023\/02\/LOGO_GEOSTRU_educational_banner.png","contentUrl":"https:\/\/www.geostru.eu\/wp-content\/uploads\/2023\/02\/LOGO_GEOSTRU_educational_banner.png","width":363,"height":115,"caption":"GeoStru EU"},"image":{"@id":"https:\/\/www.geostru.eu\/ro\/#\/schema\/logo\/image\/"},"sameAs":["https:\/\/www.facebook.com\/GeoStruSoftware\/","https:\/\/x.com\/geostru","https:\/\/www.linkedin.com\/company\/2462488\/admin\/","https:\/\/www.instagram.com\/geostru\/"]}]}},"_links":{"self":[{"href":"https:\/\/www.geostru.eu\/ro\/wp-json\/wp\/v2\/pages\/12240"}],"collection":[{"href":"https:\/\/www.geostru.eu\/ro\/wp-json\/wp\/v2\/pages"}],"about":[{"href":"https:\/\/www.geostru.eu\/ro\/wp-json\/wp\/v2\/types\/page"}],"author":[{"embeddable":true,"href":"https:\/\/www.geostru.eu\/ro\/wp-json\/wp\/v2\/users\/12038"}],"replies":[{"embeddable":true,"href":"https:\/\/www.geostru.eu\/ro\/wp-json\/wp\/v2\/comments?post=12240"}],"version-history":[{"count":0,"href":"https:\/\/www.geostru.eu\/ro\/wp-json\/wp\/v2\/pages\/12240\/revisions"}],"wp:attachment":[{"href":"https:\/\/www.geostru.eu\/ro\/wp-json\/wp\/v2\/media?parent=12240"}],"curies":[{"name":"wp","href":"https:\/\/api.w.org\/{rel}","templated":true}]}}