{"id":12234,"date":"2015-03-11T10:03:48","date_gmt":"2015-03-11T09:03:48","guid":{"rendered":"https:\/\/www.geostru.eu\/gs\/?page_id=12234"},"modified":"2022-11-30T08:55:47","modified_gmt":"2022-11-30T07:55:47","slug":"outsourcing-2","status":"publish","type":"page","link":"https:\/\/www.geostru.eu\/ro\/outsourcing-2\/","title":{"rendered":"Externalizarea"},"content":{"rendered":"<div class=\"wpb-content-wrapper\"><p>[vc_row][vc_column][vc_empty_space height=&#8221;30px&#8221;][\/vc_column][\/vc_row][vc_row][vc_column][vc_column_text]<\/p>\n<p style=\"text-align: justify\"><span class=\"hps\">Serviciile noastre<\/span>\u00a0<span class=\"hps\">profesionale<\/span>\u00a0<span class=\"hps\">includ, de asemenea,<\/span>\u00a0<span class=\"hps\"><span class=\"dia_suggestion w6\">consultan\u021b\u0103<\/span><\/span>,\u00a0<span class=\"hps\">implementarea \u0219i<\/span>\u00a0<span class=\"hps\">reorganizare<\/span><span class=\"hps\">a<\/span>\u00a0<span class=\"hps\">proiectelor<\/span>\u00a0<span class=\"hps\">pentru<\/span>\u00a0<span class=\"hps\">managementul \u0219i supravegherea\u00a0afacerilor<\/span><span class=\"\">.<\/span><\/p>\n<p style=\"text-align: justify\"><span id=\"result_box\" class=\"\" lang=\"ro\"><span class=\"hps\">Experien\u021ba noastr\u0103<\/span>\u00a0<span class=\"hps\">opera\u021bional\u0103<\/span>\u00a0<span class=\"hps\">acoper\u0103<\/span>\u00a0<span class=\"hps\">domenii\u00a0precum:<\/span><\/span><\/p>\n<ul style=\"text-align: justify\">\n<li style=\"list-style-type: none\">\n<ul>\n<li><span class=\"dia_suggestion w23\">Statistic\u0103;<\/span><\/li>\n<li>Mesh Generation;<\/li>\n<li>Metode de\u00a0<span class=\"dia_suggestion w28\">analiz\u0103<\/span>\u00a0<span class=\"dia_suggestion w29\">numeric\u0103<\/span>\u00a0<span class=\"dia_suggestion w30\">bidimensional\u0103<\/span>\u00a0<span class=\"dia_suggestion w8\">\u0219i<\/span>\u00a0<span class=\"dia_suggestion w32\">tridimensional\u0103<\/span>\u00a0(FEM\u00a0<span class=\"dia_suggestion w34\">and<\/span> DEM);<\/li>\n<li><span class=\"dia_suggestion w36\">Baze<\/span> de date;<\/li>\n<li>e-commerce;<\/li>\n<li>Interoperabilitate cu software\u00a0<span class=\"dia_suggestion w44\">ter\u021be<\/span>\u00a0(Excel, AutoCAD,\u00a0<span class=\"dia_suggestion w47\">SAP<\/span>, CSIBridge, Revit, etc.);<\/li>\n<li>Dezvoltare tehnici grafice OpenGL ,DirectX\u00a0<span class=\"dia_suggestion w8\">\u0219i<\/span> GDI+;<\/li>\n<li>Servicii web;<\/li>\n<li><span class=\"dia_suggestion w60\">Aplica\u021bii<\/span> web based;<\/li>\n<li><span class=\"dia_suggestion w60\">Aplica\u021bii<\/span> client-server;<\/li>\n<li>Platforme\u00a0<span class=\"dia_suggestion w67\">independente;<\/span><\/li>\n<li><span class=\"dia_suggestion w60\">Aplica\u021bii<\/span>\u00a0pentru smatphone Android\u00a0<span class=\"dia_suggestion w8\">\u0219i<\/span> Windows.<\/li>\n<\/ul>\n<\/li>\n<\/ul>\n<p style=\"text-align: justify\"><span id=\"result_box\" class=\"\" lang=\"ro\"><span class=\"hps\"><span class=\"dia_suggestion w74\">Folosim<\/span><\/span>\u00a0<span class=\"hps\">cele\u00a0<span class=\"dia_suggestion w76\">mai<\/span>\u00a0avansate instrumente<\/span>\u00a0<span class=\"hps\">disponibile<\/span>\u00a0<span class=\"hps\">\u00een<\/span>\u00a0<span class=\"hps\">domeniul<\/span>\u00a0<span class=\"hps\">informaticii<\/span><span class=\"\">,\u00a0<span class=\"dia_suggestion w83\"><span class=\"dia_suggestion w156\">care<\/span><\/span><\/span>\u00a0<span class=\"hps\">ne permit<\/span>\u00a0<span class=\"hps\">s\u0103<\/span>\u00a0<span class=\"hps\">oferim<\/span>\u00a0<span class=\"hps\">performan\u021b\u0103<\/span>\u00a0<span class=\"hps\">de \u00eenalt\u0103 calitate<\/span>\u00a0<span class=\"hps\">\u0219i<\/span>\u00a0<span class=\"hps\"><span class=\"dia_suggestion w93\">timp<\/span>\u00a0de produc\u021bie<\/span>\u00a0<span class=\"hps\">optimizate pentru<\/span>\u00a0<span class=\"hps\">clien\u021bii no\u0219tri<\/span><span class=\"\">.<\/span><\/span><\/p>\n<p style=\"text-align: justify\"><span id=\"result_box\" class=\"short_text\" lang=\"ro\"><span class=\"hps\"><span class=\"dia_suggestion w100\">Abilit\u0103\u021bile<\/span>\u00a0noastre<\/span>\u00a0<span class=\"hps\">tehnice includ<\/span><\/span>:<\/p>\n<ul style=\"text-align: justify\">\n<li style=\"list-style-type: none\">\n<ul>\n<li>Microsoft .<span class=\"dia_suggestion w105\"><span class=\"dia_suggestion w115\"><span class=\"dia_suggestion w121\"><span class=\"dia_suggestion w123\">NET<\/span><\/span><\/span><\/span>\u00a0Framework\u00a0<span class=\"dia_suggestion w107\">p\u00e2n\u0103<\/span>\u00a0<span class=\"dia_suggestion w108\">la<\/span> v\u00a04.5;<\/li>\n<li>Limbaje de programare\u00a0C#, VB.<span class=\"dia_suggestion w105\"><span class=\"dia_suggestion w115\"><span class=\"dia_suggestion w121\"><span class=\"dia_suggestion w123\">NET;<\/span><\/span><\/span><\/span><\/li>\n<li>Programare web\u00a0HTML 5, Asp, Asp.<span class=\"dia_suggestion w105\"><span class=\"dia_suggestion w115\"><span class=\"dia_suggestion w121\"><span class=\"dia_suggestion w123\">NET<\/span><\/span><\/span><\/span>, Asp.NET Ajax, javascript, php, jsp;<\/li>\n<li>Design Pattern;<\/li>\n<li>Database SQL server, MySql, Oracle, Access.<\/li>\n<\/ul>\n<\/li>\n<\/ul>\n<p style=\"text-align: justify\"><strong><span class=\"dia_suggestion w136\">Adres\u00e2ndu<\/span>&#8211;<span class=\"dia_suggestion w137\"><span class=\"dia_suggestion w157\">v\u0103<\/span><\/span>\u00a0<span class=\"dia_suggestion w138\">ast\u0103zi<\/span>\u00a0<span class=\"dia_suggestion w139\">societ\u0103\u021bii <\/span>GeoStru nu <span class=\"dia_suggestion w142\">\u00eenseamn\u0103 <\/span><\/strong><strong>doar <span class=\"dia_suggestion w86\">s\u0103<\/span>\u00a0<span class=\"dia_suggestion w145\">cump\u0103ra\u021bi<\/span> un software, <span class=\"dia_suggestion w148\">ci<\/span>\u00a0<span class=\"dia_suggestion w144\">s\u0103<\/span>\u00a0<span class=\"dia_suggestion w150\">ave\u021bi<\/span>\u00a0<span class=\"dia_suggestion w151\">al\u0103turi<\/span>\u00a0o\u00a0<span class=\"dia_suggestion w153\">echip\u0103<\/span>\u00a0de\u00a0<span class=\"dia_suggestion w155\">speciali\u0219ti<\/span>\u00a0<span class=\"dia_suggestion w83\"><span class=\"dia_suggestion w156\">care<\/span><\/span> v\u0103 <span class=\"dia_suggestion w158\">\u00eemp\u0103rt\u0103\u0219esc <\/span><span class=\"dia_suggestion w159\">cuno\u0219tin\u021bele<\/span>\u00a0<span class=\"dia_suggestion w8\">\u0219i<\/span>\u00a0<span class=\"dia_suggestion w161\">experien\u021b\u0103<\/span>\u00a0lor pentru rezultate\u00a0<span class=\"dia_suggestion w165\">excelente<\/span>!<\/strong><\/p>\n<p>[\/vc_column_text][\/vc_column][\/vc_row]<\/p>\n<\/div>","protected":false},"excerpt":{"rendered":"<p>[vc_row][vc_column][vc_empty_space height=&#8221;30px&#8221;][\/vc_column][\/vc_row][vc_row][vc_column][vc_column_text] Serviciile noastre\u00a0profesionale\u00a0includ, de asemenea,\u00a0consultan\u021b\u0103,\u00a0implementarea \u0219i\u00a0reorganizarea\u00a0proiectelor\u00a0pentru\u00a0managementul \u0219i supravegherea\u00a0afacerilor. Experien\u021ba noastr\u0103\u00a0opera\u021bional\u0103\u00a0acoper\u0103\u00a0domenii\u00a0precum: Statistic\u0103; Mesh Generation; Metode de\u00a0analiz\u0103\u00a0numeric\u0103\u00a0bidimensional\u0103\u00a0\u0219i\u00a0tridimensional\u0103\u00a0(FEM\u00a0and DEM); Baze de date; e-commerce; Interoperabilitate cu software\u00a0ter\u021be\u00a0(Excel, AutoCAD,\u00a0SAP, CSIBridge, Revit, etc.); Dezvoltare tehnici grafice OpenGL ,DirectX\u00a0\u0219i GDI+; Servicii web; Aplica\u021bii web based; Aplica\u021bii client-server; Platforme\u00a0independente; Aplica\u021bii\u00a0pentru smatphone Android\u00a0\u0219i Windows. Folosim\u00a0cele\u00a0mai\u00a0avansate instrumente\u00a0disponibile\u00a0\u00een\u00a0domeniul\u00a0informaticii,\u00a0care\u00a0ne permit\u00a0s\u0103\u00a0oferim\u00a0performan\u021b\u0103\u00a0de \u00eenalt\u0103 calitate\u00a0\u0219i\u00a0timp\u00a0de produc\u021bie\u00a0optimizate pentru\u00a0clien\u021bii no\u0219tri. Abilit\u0103\u021bile\u00a0noastre\u00a0tehnice&hellip;<\/p>\n","protected":false},"author":12038,"featured_media":0,"parent":0,"menu_order":0,"comment_status":"closed","ping_status":"closed","template":"","meta":{"footnotes":""},"class_list":["post-12234","page","type-page","status-publish","hentry","description-off"],"yoast_head":"<!-- This site is optimized with the Yoast SEO Premium plugin v25.0 (Yoast SEO v25.0) - https:\/\/yoast.com\/wordpress\/plugins\/seo\/ -->\n<title>Externalizarea - GeoStru EU<\/title>\n<meta name=\"robots\" content=\"index, follow, max-snippet:-1, max-image-preview:large, max-video-preview:-1\" \/>\n<link rel=\"canonical\" href=\"https:\/\/www.geostru.eu\/ro\/outsourcing-2\/\" \/>\n<meta property=\"og:locale\" content=\"ro_RO\" \/>\n<meta property=\"og:type\" content=\"article\" \/>\n<meta property=\"og:title\" content=\"Externalizarea\" \/>\n<meta property=\"og:description\" content=\"[vc_row][vc_column][vc_empty_space height=&#8221;30px&#8221;][\/vc_column][\/vc_row][vc_row][vc_column][vc_column_text] Serviciile noastre\u00a0profesionale\u00a0includ, de asemenea,\u00a0consultan\u021b\u0103,\u00a0implementarea \u0219i\u00a0reorganizarea\u00a0proiectelor\u00a0pentru\u00a0managementul \u0219i supravegherea\u00a0afacerilor. Experien\u021ba noastr\u0103\u00a0opera\u021bional\u0103\u00a0acoper\u0103\u00a0domenii\u00a0precum: Statistic\u0103; Mesh Generation; Metode de\u00a0analiz\u0103\u00a0numeric\u0103\u00a0bidimensional\u0103\u00a0\u0219i\u00a0tridimensional\u0103\u00a0(FEM\u00a0and DEM); Baze de date; e-commerce; Interoperabilitate cu software\u00a0ter\u021be\u00a0(Excel, AutoCAD,\u00a0SAP, CSIBridge, Revit, etc.); Dezvoltare tehnici grafice OpenGL ,DirectX\u00a0\u0219i GDI+; Servicii web; Aplica\u021bii web based; Aplica\u021bii client-server; Platforme\u00a0independente; Aplica\u021bii\u00a0pentru smatphone Android\u00a0\u0219i Windows. Folosim\u00a0cele\u00a0mai\u00a0avansate instrumente\u00a0disponibile\u00a0\u00een\u00a0domeniul\u00a0informaticii,\u00a0care\u00a0ne permit\u00a0s\u0103\u00a0oferim\u00a0performan\u021b\u0103\u00a0de \u00eenalt\u0103 calitate\u00a0\u0219i\u00a0timp\u00a0de produc\u021bie\u00a0optimizate pentru\u00a0clien\u021bii no\u0219tri. Abilit\u0103\u021bile\u00a0noastre\u00a0tehnice&hellip;\" \/>\n<meta property=\"og:url\" content=\"https:\/\/www.geostru.eu\/ro\/outsourcing-2\/\" \/>\n<meta property=\"og:site_name\" content=\"GeoStru EU\" \/>\n<meta property=\"article:publisher\" content=\"https:\/\/www.facebook.com\/GeoStruSoftware\/\" \/>\n<meta property=\"article:modified_time\" content=\"2022-11-30T07:55:47+00:00\" \/>\n<meta name=\"twitter:card\" content=\"summary_large_image\" \/>\n<meta name=\"twitter:site\" content=\"@geostru\" \/>\n<meta name=\"twitter:label1\" content=\"Timp estimat pentru citire\" \/>\n\t<meta name=\"twitter:data1\" content=\"1 minut\" \/>\n<script type=\"application\/ld+json\" class=\"yoast-schema-graph\">{\"@context\":\"https:\/\/schema.org\",\"@graph\":[{\"@type\":\"WebPage\",\"@id\":\"https:\/\/www.geostru.eu\/ro\/outsourcing-2\/\",\"url\":\"https:\/\/www.geostru.eu\/ro\/outsourcing-2\/\",\"name\":\"Externalizarea - GeoStru EU\",\"isPartOf\":{\"@id\":\"https:\/\/www.geostru.eu\/ro\/#website\"},\"datePublished\":\"2015-03-11T09:03:48+00:00\",\"dateModified\":\"2022-11-30T07:55:47+00:00\",\"breadcrumb\":{\"@id\":\"https:\/\/www.geostru.eu\/ro\/outsourcing-2\/#breadcrumb\"},\"inLanguage\":\"ro-RO\",\"potentialAction\":[{\"@type\":\"ReadAction\",\"target\":[\"https:\/\/www.geostru.eu\/ro\/outsourcing-2\/\"]}]},{\"@type\":\"BreadcrumbList\",\"@id\":\"https:\/\/www.geostru.eu\/ro\/outsourcing-2\/#breadcrumb\",\"itemListElement\":[{\"@type\":\"ListItem\",\"position\":1,\"name\":\"Home\",\"item\":\"https:\/\/www.geostru.eu\/ro\/\"},{\"@type\":\"ListItem\",\"position\":2,\"name\":\"Externalizarea\"}]},{\"@type\":\"WebSite\",\"@id\":\"https:\/\/www.geostru.eu\/ro\/#website\",\"url\":\"https:\/\/www.geostru.eu\/ro\/\",\"name\":\"GeoStru EU\",\"description\":\"Professionals at your service\",\"publisher\":{\"@id\":\"https:\/\/www.geostru.eu\/ro\/#organization\"},\"potentialAction\":[{\"@type\":\"SearchAction\",\"target\":{\"@type\":\"EntryPoint\",\"urlTemplate\":\"https:\/\/www.geostru.eu\/ro\/?s={search_term_string}\"},\"query-input\":{\"@type\":\"PropertyValueSpecification\",\"valueRequired\":true,\"valueName\":\"search_term_string\"}}],\"inLanguage\":\"ro-RO\"},{\"@type\":\"Organization\",\"@id\":\"https:\/\/www.geostru.eu\/ro\/#organization\",\"name\":\"GeoStru EU\",\"url\":\"https:\/\/www.geostru.eu\/ro\/\",\"logo\":{\"@type\":\"ImageObject\",\"inLanguage\":\"ro-RO\",\"@id\":\"https:\/\/www.geostru.eu\/ro\/#\/schema\/logo\/image\/\",\"url\":\"https:\/\/www.geostru.eu\/wp-content\/uploads\/2023\/02\/LOGO_GEOSTRU_educational_banner.png\",\"contentUrl\":\"https:\/\/www.geostru.eu\/wp-content\/uploads\/2023\/02\/LOGO_GEOSTRU_educational_banner.png\",\"width\":363,\"height\":115,\"caption\":\"GeoStru EU\"},\"image\":{\"@id\":\"https:\/\/www.geostru.eu\/ro\/#\/schema\/logo\/image\/\"},\"sameAs\":[\"https:\/\/www.facebook.com\/GeoStruSoftware\/\",\"https:\/\/x.com\/geostru\",\"https:\/\/www.linkedin.com\/company\/2462488\/admin\/\",\"https:\/\/www.instagram.com\/geostru\/\"]}]}<\/script>\n<!-- \/ Yoast SEO Premium plugin. -->","yoast_head_json":{"title":"Externalizarea - GeoStru EU","robots":{"index":"index","follow":"follow","max-snippet":"max-snippet:-1","max-image-preview":"max-image-preview:large","max-video-preview":"max-video-preview:-1"},"canonical":"https:\/\/www.geostru.eu\/ro\/outsourcing-2\/","og_locale":"ro_RO","og_type":"article","og_title":"Externalizarea","og_description":"[vc_row][vc_column][vc_empty_space height=&#8221;30px&#8221;][\/vc_column][\/vc_row][vc_row][vc_column][vc_column_text] Serviciile noastre\u00a0profesionale\u00a0includ, de asemenea,\u00a0consultan\u021b\u0103,\u00a0implementarea \u0219i\u00a0reorganizarea\u00a0proiectelor\u00a0pentru\u00a0managementul \u0219i supravegherea\u00a0afacerilor. Experien\u021ba noastr\u0103\u00a0opera\u021bional\u0103\u00a0acoper\u0103\u00a0domenii\u00a0precum: Statistic\u0103; Mesh Generation; Metode de\u00a0analiz\u0103\u00a0numeric\u0103\u00a0bidimensional\u0103\u00a0\u0219i\u00a0tridimensional\u0103\u00a0(FEM\u00a0and DEM); Baze de date; e-commerce; Interoperabilitate cu software\u00a0ter\u021be\u00a0(Excel, AutoCAD,\u00a0SAP, CSIBridge, Revit, etc.); Dezvoltare tehnici grafice OpenGL ,DirectX\u00a0\u0219i GDI+; Servicii web; Aplica\u021bii web based; Aplica\u021bii client-server; Platforme\u00a0independente; Aplica\u021bii\u00a0pentru smatphone Android\u00a0\u0219i Windows. Folosim\u00a0cele\u00a0mai\u00a0avansate instrumente\u00a0disponibile\u00a0\u00een\u00a0domeniul\u00a0informaticii,\u00a0care\u00a0ne permit\u00a0s\u0103\u00a0oferim\u00a0performan\u021b\u0103\u00a0de \u00eenalt\u0103 calitate\u00a0\u0219i\u00a0timp\u00a0de produc\u021bie\u00a0optimizate pentru\u00a0clien\u021bii no\u0219tri. Abilit\u0103\u021bile\u00a0noastre\u00a0tehnice&hellip;","og_url":"https:\/\/www.geostru.eu\/ro\/outsourcing-2\/","og_site_name":"GeoStru EU","article_publisher":"https:\/\/www.facebook.com\/GeoStruSoftware\/","article_modified_time":"2022-11-30T07:55:47+00:00","twitter_card":"summary_large_image","twitter_site":"@geostru","twitter_misc":{"Timp estimat pentru citire":"1 minut"},"schema":{"@context":"https:\/\/schema.org","@graph":[{"@type":"WebPage","@id":"https:\/\/www.geostru.eu\/ro\/outsourcing-2\/","url":"https:\/\/www.geostru.eu\/ro\/outsourcing-2\/","name":"Externalizarea - GeoStru EU","isPartOf":{"@id":"https:\/\/www.geostru.eu\/ro\/#website"},"datePublished":"2015-03-11T09:03:48+00:00","dateModified":"2022-11-30T07:55:47+00:00","breadcrumb":{"@id":"https:\/\/www.geostru.eu\/ro\/outsourcing-2\/#breadcrumb"},"inLanguage":"ro-RO","potentialAction":[{"@type":"ReadAction","target":["https:\/\/www.geostru.eu\/ro\/outsourcing-2\/"]}]},{"@type":"BreadcrumbList","@id":"https:\/\/www.geostru.eu\/ro\/outsourcing-2\/#breadcrumb","itemListElement":[{"@type":"ListItem","position":1,"name":"Home","item":"https:\/\/www.geostru.eu\/ro\/"},{"@type":"ListItem","position":2,"name":"Externalizarea"}]},{"@type":"WebSite","@id":"https:\/\/www.geostru.eu\/ro\/#website","url":"https:\/\/www.geostru.eu\/ro\/","name":"GeoStru EU","description":"Professionals at your service","publisher":{"@id":"https:\/\/www.geostru.eu\/ro\/#organization"},"potentialAction":[{"@type":"SearchAction","target":{"@type":"EntryPoint","urlTemplate":"https:\/\/www.geostru.eu\/ro\/?s={search_term_string}"},"query-input":{"@type":"PropertyValueSpecification","valueRequired":true,"valueName":"search_term_string"}}],"inLanguage":"ro-RO"},{"@type":"Organization","@id":"https:\/\/www.geostru.eu\/ro\/#organization","name":"GeoStru EU","url":"https:\/\/www.geostru.eu\/ro\/","logo":{"@type":"ImageObject","inLanguage":"ro-RO","@id":"https:\/\/www.geostru.eu\/ro\/#\/schema\/logo\/image\/","url":"https:\/\/www.geostru.eu\/wp-content\/uploads\/2023\/02\/LOGO_GEOSTRU_educational_banner.png","contentUrl":"https:\/\/www.geostru.eu\/wp-content\/uploads\/2023\/02\/LOGO_GEOSTRU_educational_banner.png","width":363,"height":115,"caption":"GeoStru EU"},"image":{"@id":"https:\/\/www.geostru.eu\/ro\/#\/schema\/logo\/image\/"},"sameAs":["https:\/\/www.facebook.com\/GeoStruSoftware\/","https:\/\/x.com\/geostru","https:\/\/www.linkedin.com\/company\/2462488\/admin\/","https:\/\/www.instagram.com\/geostru\/"]}]}},"_links":{"self":[{"href":"https:\/\/www.geostru.eu\/ro\/wp-json\/wp\/v2\/pages\/12234"}],"collection":[{"href":"https:\/\/www.geostru.eu\/ro\/wp-json\/wp\/v2\/pages"}],"about":[{"href":"https:\/\/www.geostru.eu\/ro\/wp-json\/wp\/v2\/types\/page"}],"author":[{"embeddable":true,"href":"https:\/\/www.geostru.eu\/ro\/wp-json\/wp\/v2\/users\/12038"}],"replies":[{"embeddable":true,"href":"https:\/\/www.geostru.eu\/ro\/wp-json\/wp\/v2\/comments?post=12234"}],"version-history":[{"count":2,"href":"https:\/\/www.geostru.eu\/ro\/wp-json\/wp\/v2\/pages\/12234\/revisions"}],"predecessor-version":[{"id":138187,"href":"https:\/\/www.geostru.eu\/ro\/wp-json\/wp\/v2\/pages\/12234\/revisions\/138187"}],"wp:attachment":[{"href":"https:\/\/www.geostru.eu\/ro\/wp-json\/wp\/v2\/media?parent=12234"}],"curies":[{"name":"wp","href":"https:\/\/api.w.org\/{rel}","templated":true}]}}