{"id":12221,"date":"2015-03-10T10:31:59","date_gmt":"2015-03-10T10:31:59","guid":{"rendered":"https:\/\/www.geostru.eu\/gs\/?page_id=12221"},"modified":"2022-11-29T09:33:46","modified_gmt":"2022-11-29T08:33:46","slug":"despre-noi-geostru","status":"publish","type":"page","link":"https:\/\/www.geostru.eu\/ro\/despre-noi-geostru\/","title":{"rendered":"DESPRE NOI"},"content":{"rendered":"<div class=\"wpb-content-wrapper\"><p>[vc_row full_width=&#8221;stretch_row_content_no_spaces&#8221;][vc_column][vc_single_image image=&#8221;17070&#8243; img_size=&#8221;full&#8221;][\/vc_column][\/vc_row][vc_row][vc_column][vc_empty_space height=&#8221;20px&#8221;][\/vc_column][\/vc_row][vc_row][vc_column][vc_column_text]<\/p>\n<h3 style=\"text-align: justify\">Despre noi<\/h3>\n<p>&nbsp;<\/p>\n<p>GeoStru reune\u0219te o echip\u0103 mare de profesioni\u0219ti cu vast\u0103 experien\u021b\u0103 \u0219i abilit\u0103\u021bi semnificative \u00een domenii precum inginerie structural\u0103, inginerie geotehnic\u0103, geologie, geomecanic\u0103, geofizic\u0103, topografie, hidrologie \u0219i testare a solului.<\/p>\n<p>Aten\u021bia acordat\u0103 clien\u021bilor \u0219i dezvoltarea de software folosind tehnologii moderne ne-au permis s\u0103 devenim una dintre cele mai importante companii din domeniu pe pie\u021bele interna\u021bionale.<\/p>\n<p>Software-ul, tradus \u00een prezent \u00een opt limbi, sunt compatibile cu regulile interna\u021bionale de calcul \u0219i sunt utilizate \u00een peste 100 de \u021b\u0103ri din \u00eentreaga lume.<\/p>\n<p>&nbsp;<\/p>\n<blockquote>\n<p style=\"text-align: center\">Lucrul cu GeoStru este mai mult dec\u00e2t doar achizi\u021bionarea de software,<\/p>\n<p style=\"text-align: center\">\u00eenseamn\u0103 s\u0103 ai al\u0103turi o echip\u0103 de profesioni\u0219ti care sunt gata s\u0103-\u0219i \u00eemp\u0103rt\u0103\u0219easc\u0103 cuno\u0219tin\u021bele \u0219i experien\u021ba pentru a oferi rezultate excelente.<\/p>\n<\/blockquote>\n<p>[\/vc_column_text][\/vc_column][\/vc_row][vc_row][vc_column][vc_empty_space height=&#8221;30px&#8221;][\/vc_column][\/vc_row]<\/p>\n<\/div>","protected":false},"excerpt":{"rendered":"<p>[vc_row full_width=&#8221;stretch_row_content_no_spaces&#8221;][vc_column][vc_single_image image=&#8221;17070&#8243; img_size=&#8221;full&#8221;][\/vc_column][\/vc_row][vc_row][vc_column][vc_empty_space height=&#8221;20px&#8221;][\/vc_column][\/vc_row][vc_row][vc_column][vc_column_text] Despre noi &nbsp; GeoStru reune\u0219te o echip\u0103 mare de profesioni\u0219ti cu vast\u0103 experien\u021b\u0103 \u0219i abilit\u0103\u021bi semnificative \u00een domenii precum inginerie structural\u0103, inginerie geotehnic\u0103, geologie, geomecanic\u0103, geofizic\u0103, topografie, hidrologie \u0219i testare a solului. Aten\u021bia acordat\u0103 clien\u021bilor \u0219i dezvoltarea de software folosind tehnologii moderne ne-au permis s\u0103 devenim una dintre cele mai&hellip;<\/p>\n","protected":false},"author":216,"featured_media":0,"parent":0,"menu_order":0,"comment_status":"closed","ping_status":"closed","template":"","meta":{"footnotes":""},"class_list":["post-12221","page","type-page","status-publish","hentry","description-off"],"yoast_head":"<!-- This site is optimized with the Yoast SEO Premium plugin v25.0 (Yoast SEO v25.0) - https:\/\/yoast.com\/wordpress\/plugins\/seo\/ -->\n<title>DESPRE NOI - GeoStru EU<\/title>\n<meta name=\"description\" content=\"GeoStru produce software pentru inginerie structural\u0103, inginerie geotehnic\u0103, geologie, geofizic\u0103, topografie, hidrologie \u0219i testarea solului.\" \/>\n<meta name=\"robots\" content=\"index, follow, max-snippet:-1, max-image-preview:large, max-video-preview:-1\" \/>\n<link rel=\"canonical\" href=\"https:\/\/www.geostru.eu\/ro\/despre-noi-geostru\/\" \/>\n<meta property=\"og:locale\" content=\"ro_RO\" \/>\n<meta property=\"og:type\" content=\"article\" \/>\n<meta property=\"og:title\" content=\"DESPRE NOI\" \/>\n<meta property=\"og:description\" content=\"GeoStru produce software pentru inginerie structural\u0103, inginerie geotehnic\u0103, geologie, geofizic\u0103, topografie, hidrologie \u0219i testarea solului.\" \/>\n<meta property=\"og:url\" content=\"https:\/\/www.geostru.eu\/ro\/despre-noi-geostru\/\" \/>\n<meta property=\"og:site_name\" content=\"GeoStru EU\" \/>\n<meta property=\"article:publisher\" content=\"https:\/\/www.facebook.com\/GeoStruSoftware\/\" \/>\n<meta property=\"article:modified_time\" content=\"2022-11-29T08:33:46+00:00\" \/>\n<meta name=\"twitter:card\" content=\"summary_large_image\" \/>\n<meta name=\"twitter:site\" content=\"@geostru\" \/>\n<meta name=\"twitter:label1\" content=\"Timp estimat pentru citire\" \/>\n\t<meta name=\"twitter:data1\" content=\"1 minut\" \/>\n<script type=\"application\/ld+json\" class=\"yoast-schema-graph\">{\"@context\":\"https:\/\/schema.org\",\"@graph\":[{\"@type\":\"WebPage\",\"@id\":\"https:\/\/www.geostru.eu\/ro\/despre-noi-geostru\/\",\"url\":\"https:\/\/www.geostru.eu\/ro\/despre-noi-geostru\/\",\"name\":\"DESPRE NOI - GeoStru EU\",\"isPartOf\":{\"@id\":\"https:\/\/www.geostru.eu\/ro\/#website\"},\"datePublished\":\"2015-03-10T10:31:59+00:00\",\"dateModified\":\"2022-11-29T08:33:46+00:00\",\"description\":\"GeoStru produce software pentru inginerie structural\u0103, inginerie geotehnic\u0103, geologie, geofizic\u0103, topografie, hidrologie \u0219i testarea solului.\",\"breadcrumb\":{\"@id\":\"https:\/\/www.geostru.eu\/ro\/despre-noi-geostru\/#breadcrumb\"},\"inLanguage\":\"ro-RO\",\"potentialAction\":[{\"@type\":\"ReadAction\",\"target\":[\"https:\/\/www.geostru.eu\/ro\/despre-noi-geostru\/\"]}]},{\"@type\":\"BreadcrumbList\",\"@id\":\"https:\/\/www.geostru.eu\/ro\/despre-noi-geostru\/#breadcrumb\",\"itemListElement\":[{\"@type\":\"ListItem\",\"position\":1,\"name\":\"Home\",\"item\":\"https:\/\/www.geostru.eu\/ro\/\"},{\"@type\":\"ListItem\",\"position\":2,\"name\":\"DESPRE NOI\"}]},{\"@type\":\"WebSite\",\"@id\":\"https:\/\/www.geostru.eu\/ro\/#website\",\"url\":\"https:\/\/www.geostru.eu\/ro\/\",\"name\":\"GeoStru EU\",\"description\":\"Professionals at your service\",\"publisher\":{\"@id\":\"https:\/\/www.geostru.eu\/ro\/#organization\"},\"potentialAction\":[{\"@type\":\"SearchAction\",\"target\":{\"@type\":\"EntryPoint\",\"urlTemplate\":\"https:\/\/www.geostru.eu\/ro\/?s={search_term_string}\"},\"query-input\":{\"@type\":\"PropertyValueSpecification\",\"valueRequired\":true,\"valueName\":\"search_term_string\"}}],\"inLanguage\":\"ro-RO\"},{\"@type\":\"Organization\",\"@id\":\"https:\/\/www.geostru.eu\/ro\/#organization\",\"name\":\"GeoStru EU\",\"url\":\"https:\/\/www.geostru.eu\/ro\/\",\"logo\":{\"@type\":\"ImageObject\",\"inLanguage\":\"ro-RO\",\"@id\":\"https:\/\/www.geostru.eu\/ro\/#\/schema\/logo\/image\/\",\"url\":\"https:\/\/www.geostru.eu\/wp-content\/uploads\/2023\/02\/LOGO_GEOSTRU_educational_banner.png\",\"contentUrl\":\"https:\/\/www.geostru.eu\/wp-content\/uploads\/2023\/02\/LOGO_GEOSTRU_educational_banner.png\",\"width\":363,\"height\":115,\"caption\":\"GeoStru EU\"},\"image\":{\"@id\":\"https:\/\/www.geostru.eu\/ro\/#\/schema\/logo\/image\/\"},\"sameAs\":[\"https:\/\/www.facebook.com\/GeoStruSoftware\/\",\"https:\/\/x.com\/geostru\",\"https:\/\/www.linkedin.com\/company\/2462488\/admin\/\",\"https:\/\/www.instagram.com\/geostru\/\"]}]}<\/script>\n<!-- \/ Yoast SEO Premium plugin. -->","yoast_head_json":{"title":"DESPRE NOI - GeoStru EU","description":"GeoStru produce software pentru inginerie structural\u0103, inginerie geotehnic\u0103, geologie, geofizic\u0103, topografie, hidrologie \u0219i testarea solului.","robots":{"index":"index","follow":"follow","max-snippet":"max-snippet:-1","max-image-preview":"max-image-preview:large","max-video-preview":"max-video-preview:-1"},"canonical":"https:\/\/www.geostru.eu\/ro\/despre-noi-geostru\/","og_locale":"ro_RO","og_type":"article","og_title":"DESPRE NOI","og_description":"GeoStru produce software pentru inginerie structural\u0103, inginerie geotehnic\u0103, geologie, geofizic\u0103, topografie, hidrologie \u0219i testarea solului.","og_url":"https:\/\/www.geostru.eu\/ro\/despre-noi-geostru\/","og_site_name":"GeoStru EU","article_publisher":"https:\/\/www.facebook.com\/GeoStruSoftware\/","article_modified_time":"2022-11-29T08:33:46+00:00","twitter_card":"summary_large_image","twitter_site":"@geostru","twitter_misc":{"Timp estimat pentru citire":"1 minut"},"schema":{"@context":"https:\/\/schema.org","@graph":[{"@type":"WebPage","@id":"https:\/\/www.geostru.eu\/ro\/despre-noi-geostru\/","url":"https:\/\/www.geostru.eu\/ro\/despre-noi-geostru\/","name":"DESPRE NOI - GeoStru EU","isPartOf":{"@id":"https:\/\/www.geostru.eu\/ro\/#website"},"datePublished":"2015-03-10T10:31:59+00:00","dateModified":"2022-11-29T08:33:46+00:00","description":"GeoStru produce software pentru inginerie structural\u0103, inginerie geotehnic\u0103, geologie, geofizic\u0103, topografie, hidrologie \u0219i testarea solului.","breadcrumb":{"@id":"https:\/\/www.geostru.eu\/ro\/despre-noi-geostru\/#breadcrumb"},"inLanguage":"ro-RO","potentialAction":[{"@type":"ReadAction","target":["https:\/\/www.geostru.eu\/ro\/despre-noi-geostru\/"]}]},{"@type":"BreadcrumbList","@id":"https:\/\/www.geostru.eu\/ro\/despre-noi-geostru\/#breadcrumb","itemListElement":[{"@type":"ListItem","position":1,"name":"Home","item":"https:\/\/www.geostru.eu\/ro\/"},{"@type":"ListItem","position":2,"name":"DESPRE NOI"}]},{"@type":"WebSite","@id":"https:\/\/www.geostru.eu\/ro\/#website","url":"https:\/\/www.geostru.eu\/ro\/","name":"GeoStru EU","description":"Professionals at your service","publisher":{"@id":"https:\/\/www.geostru.eu\/ro\/#organization"},"potentialAction":[{"@type":"SearchAction","target":{"@type":"EntryPoint","urlTemplate":"https:\/\/www.geostru.eu\/ro\/?s={search_term_string}"},"query-input":{"@type":"PropertyValueSpecification","valueRequired":true,"valueName":"search_term_string"}}],"inLanguage":"ro-RO"},{"@type":"Organization","@id":"https:\/\/www.geostru.eu\/ro\/#organization","name":"GeoStru EU","url":"https:\/\/www.geostru.eu\/ro\/","logo":{"@type":"ImageObject","inLanguage":"ro-RO","@id":"https:\/\/www.geostru.eu\/ro\/#\/schema\/logo\/image\/","url":"https:\/\/www.geostru.eu\/wp-content\/uploads\/2023\/02\/LOGO_GEOSTRU_educational_banner.png","contentUrl":"https:\/\/www.geostru.eu\/wp-content\/uploads\/2023\/02\/LOGO_GEOSTRU_educational_banner.png","width":363,"height":115,"caption":"GeoStru EU"},"image":{"@id":"https:\/\/www.geostru.eu\/ro\/#\/schema\/logo\/image\/"},"sameAs":["https:\/\/www.facebook.com\/GeoStruSoftware\/","https:\/\/x.com\/geostru","https:\/\/www.linkedin.com\/company\/2462488\/admin\/","https:\/\/www.instagram.com\/geostru\/"]}]}},"_links":{"self":[{"href":"https:\/\/www.geostru.eu\/ro\/wp-json\/wp\/v2\/pages\/12221"}],"collection":[{"href":"https:\/\/www.geostru.eu\/ro\/wp-json\/wp\/v2\/pages"}],"about":[{"href":"https:\/\/www.geostru.eu\/ro\/wp-json\/wp\/v2\/types\/page"}],"author":[{"embeddable":true,"href":"https:\/\/www.geostru.eu\/ro\/wp-json\/wp\/v2\/users\/216"}],"replies":[{"embeddable":true,"href":"https:\/\/www.geostru.eu\/ro\/wp-json\/wp\/v2\/comments?post=12221"}],"version-history":[{"count":3,"href":"https:\/\/www.geostru.eu\/ro\/wp-json\/wp\/v2\/pages\/12221\/revisions"}],"predecessor-version":[{"id":138039,"href":"https:\/\/www.geostru.eu\/ro\/wp-json\/wp\/v2\/pages\/12221\/revisions\/138039"}],"wp:attachment":[{"href":"https:\/\/www.geostru.eu\/ro\/wp-json\/wp\/v2\/media?parent=12221"}],"curies":[{"name":"wp","href":"https:\/\/api.w.org\/{rel}","templated":true}]}}