{"id":121579,"date":"2020-07-16T09:33:56","date_gmt":"2020-07-16T07:33:56","guid":{"rendered":"https:\/\/www.geostru.eu\/sviluppo-e-ricerca\/"},"modified":"2020-07-24T16:23:19","modified_gmt":"2020-07-24T14:23:19","slug":"sviluppo-e-ricerca","status":"publish","type":"page","link":"https:\/\/www.geostru.eu\/ro\/sviluppo-e-ricerca\/","title":{"rendered":"Dezvoltare \u0219i cercetare"},"content":{"rendered":"<h2>\u00a0<\/h2>\r\n<h3><img loading=\"lazy\" decoding=\"async\" class=\"wp-image-121559 size-large aligncenter\" src=\"https:\/\/www.geostru.eu\/wp-content\/uploads\/2020\/07\/CGT_geostru-1-1030x160.png\" alt=\"\" width=\"1030\" height=\"160\" srcset=\"https:\/\/www.geostru.eu\/wp-content\/uploads\/2020\/07\/CGT_geostru-1-1030x160.png 1030w, https:\/\/www.geostru.eu\/wp-content\/uploads\/2020\/07\/CGT_geostru-1-300x47.png 300w, https:\/\/www.geostru.eu\/wp-content\/uploads\/2020\/07\/CGT_geostru-1-768x119.png 768w, https:\/\/www.geostru.eu\/wp-content\/uploads\/2020\/07\/CGT_geostru-1-500x78.png 500w, https:\/\/www.geostru.eu\/wp-content\/uploads\/2020\/07\/CGT_geostru-1.png 1122w\" sizes=\"(max-width: 1030px) 100vw, 1030px\" \/><\/h3>\r\n<p style=\"text-align: center\"><strong>ACORD-CADRU DE CERCETARE<\/strong><\/p>\r\n<h3 style=\"text-align: center\"><strong>\u00ceNTRE<\/strong><\/h3>\r\n<h3 style=\"text-align: center\">CGT Engineering srl &#8211; Laborator comun pentru geotehnologie aplicat\u0103 a mediului al Universit\u0103\u021bii din Siena<\/h3>\r\n<h3 style=\"text-align: center\">reprezentat de pre\u0219edinte dr. Filippo Bonciani \u0219i directorul tehnic prof. Eros Aiello, cu sediul social pe strada Vezzosi, 15 &#8211; 52100 Arezzo.<\/h3>\r\n<h3 style=\"text-align: center\">\u0218i<\/h3>\r\n<h3 style=\"text-align: center\">S.C. <a href=\"https:\/\/engsoft.eu\" target=\"_blank\" rel=\"noopener noreferrer\">Engsoft SRL<\/a> (proprietar al m\u0103rcii <a href=\"http:\/\/www.geostru.eu\/ro\">GEOSTRU<\/a>)<\/h3>\r\n<h3 style=\"text-align: center\">reprezentat\u0103 de asociatul unic dr. Filippo Catanzariti, cu sediul pe str. Sarmisegetuza, 19-21, Spatiu Com. 1 Cluj Napoca (RO).<\/h3>\r\n<h3>\u00a0<\/h3>\r\n<h3 style=\"text-align: center\">DAT FIIND<\/h3>\r\n<ul>\r\n<li style=\"text-align: justify\">De ani de zile <a href=\"http:\/\/www.geotecnologie.unisi.it\" target=\"_blank\" rel=\"noopener noreferrer\">CGT Engineering srl<\/a> desf\u0103\u0219oar\u0103 studii, cercet\u0103ri \u0219i proiect\u0103ri referitoare la aspectele geologice, geomorfologice, geotehnice, seismice, structurale \u0219i de mediu utiliz\u00e2nd diverse programe software avansate \u00een aceste domenii, conform documentelor diferitelor publica\u021bii \u0219tiin\u021bifice \u0219i lucr\u0103rillor efectuate;<\/li>\r\n<li style=\"text-align: justify\">SC Engsoft SRL a dezvoltat sisteme software avansate \u0219i are un interes primordial \u00een \u00eencurajarea dob\u00e2ndirii de cuno\u0219tin\u021be de geologie, geomorfologie, geotehnic\u0103 \u0219i studii seismice aplicate \u0219i aprofundate \u00een domeniul ingineriei structurale, care vizeaz\u0103 identificarea \u0219i definirea multiplelor tipuri de risc, \u00een raport cu reglement\u0103rile na\u021bionale \u0219i interna\u021bionale \u00een materie de construc\u021bii existente \u0219i viitoare; de asemenea, prin utilizarea software-ului dedicat existent, care urmeaz\u0103 s\u0103 fie actualizat sau extins sau s\u0103 fie proiectate de la zero;<\/li>\r\n<li style=\"text-align: justify\">Desf\u0103\u0219urarea activit\u0103\u021bii care face obiectul prezentului act constituie interesul ambelor p\u0103r\u021bi \u00een func\u021biile pe care le \u00eendeplinesc \u0219i interesele urm\u0103rite, astfel \u00eenc\u00e2t ambele p\u0103r\u021bi s\u0103 aib\u0103 o contribu\u021bie util\u0103, inclusiv \u00een scopuri educa\u021bionale;<\/li>\r\n<\/ul>\r\n<h3 style=\"text-align: center\"><strong>Urm\u0103toarele sunt convenite \u0219i stipulate<\/strong><\/h3>\r\n<h4 style=\"text-align: center\"><strong>Art. 1 = Obiectul Acordului-cadru<\/strong><\/h4>\r\n<p style=\"text-align: justify\"><a href=\"http:\/\/www.geotecnologie.unisi.it\" target=\"_blank\" rel=\"noopener noreferrer\">CGT Engineering srl<\/a> si Engsoft SRL (proprietar al m\u0103rcii <a href=\"http:\/\/www.geostru.eu\/ro\">GEOSTRU<\/a>) ) se angajeaz\u0103 s\u0103 desf\u0103\u0219oare \u00een comun cercet\u0103ri \u00a0pe urm\u0103torul subiect:: \u201edob\u00e2ndirea de cuno\u0219tin\u021be de geologie, geomorfologie, geotehnic\u0103, structurale \u0219i perspective seismice aplicate, menite s\u0103 identifice \u0219i s\u0103 defineasc\u0103 mai multe tipuri risc, \u00een raport cu reglement\u0103rile na\u021bionale \u0219i interna\u021bionale existente \u0219i viitoare \u00een domeniul construc\u021biilor, inclusiv utilizarea programelor software dedicate existente, care urmeaz\u0103 s\u0103 fie actualizate sau extinse sau s\u0103 fie proiectate de la zero. Pe parcursul cercet\u0103rii, \u00a0\u00een raport cu evolu\u021bia aceleia\u0219i activit\u0103\u021bi, pot fi, convenite \u00eentre managerii \u0219tiin\u021bifici, actualiz\u0103ri privind planificarea detaliilor activit\u0103\u021bilor, \u00eentotdeauna \u00een limitele programului de cercetare. Programul de cercetare va fi realizat \u00een comun de personalul CGT Engineering SRL \u0219i Engsoft SRL \u00een vederea atingerii obiectivelor lor comune.<\/p>\r\n<h4 style=\"text-align: center\"><strong>Art. 2 = persoane responsabile<\/strong><\/h4>\r\n<p>Responsabilii de cercetare \u0219tiin\u021bific\u0103 pentru CGT Engineering SRL.<\/p>\r\n<h4 style=\"text-align: center\"><strong>Art. 3 = Produse<\/strong><\/h4>\r\n<p style=\"text-align: justify\">CGT Engineering SRL \u0219i Engsoft SRL la sf\u00e2r\u0219itul cercet\u0103rii, care poate fi confirmat\u0103 tacit de la an la an, vor dezvolta \u00eempreun\u0103 publica\u021bii \u0219tiin\u021bifice gratuite<\/p>\r\n<h4 style=\"text-align: center\"><strong>Art. 4 = proprietatea asupra rezultatelor<\/strong><\/h4>\r\n<p>Rezultatele cercet\u0103rilor sunt de\u021binute \u00een comun de CGT Engineering SRL \u0219i Engsoft SRL \u00een scopul cercet\u0103rii \u0219tiin\u021bifice, care va fi prezentat\u0103 \u00een reviste na\u021bionale sau interna\u021bionale, conferin\u021be, seminarii sau similare; cit\u00e2nd \u00een mod explicit acordul \u00een temeiul c\u0103ruia s-a desf\u0103\u0219urat activitatea de cercetare.<br \/>De asemenea, \u00een cadrul cercet\u0103rii, este necesar\u0103 confiden\u021bialitatea datelor, informa\u021biilor, schi\u021belor \u0219i a altor desene de\u021binute de Engsoft SRL, eventual puse la dispozi\u021bia CGT Engineering SRL pentru desf\u0103\u0219urarea acestei cercet\u0103ri.<\/p>\r\n<h4 style=\"text-align: center\"><strong>Art. 5 = Durata contractului<\/strong><\/h4>\r\n<p>Cercetarea va avea durata\u2026<\/p>\r\n<h4 style=\"text-align: center\"><strong>Art. 6 = Taxe<\/strong><\/h4>\r\n<p>\u00cen ceea ce prive\u0219te dezvoltarea complet\u0103 a cercet\u0103rii \u0219i \u00een cadrul particip\u0103rii colaborative, cu un scop comun, la fel, p\u0103r\u021bile \u00ee\u0219i vor suporta fiecare costurile proprii. \u00cen cazul evenimentelor, cum ar fi conferin\u021be \u0219i \/ sau congrese, se va face un acord de la caz la caz.<\/p>\r\n<h4 style=\"text-align: center\"><strong>Art. 7 = Mobilitatea personalului \u00eentre contractan\u021bi<\/strong><\/h4>\r\n<p>Cu excep\u021bia cazurilor \u2026<\/p>\r\n<p style=\"text-align: justify\">\u00a0<\/p>","protected":false},"excerpt":{"rendered":"<p>\u00a0 ACORD-CADRU DE CERCETARE \u00ceNTRE CGT Engineering srl &#8211; Laborator comun pentru geotehnologie aplicat\u0103 a mediului al Universit\u0103\u021bii din Siena reprezentat de pre\u0219edinte dr. Filippo Bonciani \u0219i directorul tehnic prof. Eros Aiello, cu sediul social pe strada Vezzosi, 15 &#8211; 52100 Arezzo. \u0218i S.C. Engsoft SRL (proprietar al m\u0103rcii GEOSTRU) reprezentat\u0103 de asociatul unic dr.&hellip;<\/p>\n","protected":false},"author":216,"featured_media":121500,"parent":0,"menu_order":0,"comment_status":"closed","ping_status":"closed","template":"","meta":{"footnotes":""},"class_list":["post-121579","page","type-page","status-publish","has-post-thumbnail","hentry","description-off"],"yoast_head":"<!-- This site is optimized with the Yoast SEO Premium plugin v25.0 (Yoast SEO v25.0) - https:\/\/yoast.com\/wordpress\/plugins\/seo\/ -->\n<title>Dezvoltare \u0219i cercetare - GeoStru EU<\/title>\n<meta name=\"robots\" content=\"index, follow, max-snippet:-1, max-image-preview:large, max-video-preview:-1\" \/>\n<link rel=\"canonical\" href=\"https:\/\/www.geostru.eu\/ro\/sviluppo-e-ricerca\/\" \/>\n<meta property=\"og:locale\" content=\"ro_RO\" \/>\n<meta property=\"og:type\" content=\"article\" \/>\n<meta property=\"og:title\" content=\"Ricerca geostru\" \/>\n<meta property=\"og:description\" content=\"\u00a0 ACORD-CADRU DE CERCETARE \u00ceNTRE CGT Engineering srl &#8211; Laborator comun pentru geotehnologie aplicat\u0103 a mediului al Universit\u0103\u021bii din Siena reprezentat de pre\u0219edinte dr. Filippo Bonciani \u0219i directorul tehnic prof. Eros Aiello, cu sediul social pe strada Vezzosi, 15 &#8211; 52100 Arezzo. \u0218i S.C. Engsoft SRL (proprietar al m\u0103rcii GEOSTRU) reprezentat\u0103 de asociatul unic dr.&hellip;\" \/>\n<meta property=\"og:url\" content=\"https:\/\/www.geostru.eu\/ro\/sviluppo-e-ricerca\/\" \/>\n<meta property=\"og:site_name\" content=\"GeoStru EU\" \/>\n<meta property=\"article:publisher\" content=\"https:\/\/www.facebook.com\/GeoStruSoftware\/\" \/>\n<meta property=\"article:modified_time\" content=\"2020-07-24T14:23:19+00:00\" \/>\n<meta property=\"og:image\" content=\"https:\/\/www.geostru.eu\/wp-content\/uploads\/2020\/07\/CGT_geostru.jpg\" \/>\n<meta name=\"twitter:card\" content=\"summary_large_image\" \/>\n<meta name=\"twitter:title\" content=\"Dezvoltare \u0219i cercetare\" \/>\n<meta name=\"twitter:site\" content=\"@geostru\" \/>\n<meta name=\"twitter:label1\" content=\"Timp estimat pentru citire\" \/>\n\t<meta name=\"twitter:data1\" content=\"3 minute\" \/>\n<script type=\"application\/ld+json\" class=\"yoast-schema-graph\">{\"@context\":\"https:\/\/schema.org\",\"@graph\":[{\"@type\":\"WebPage\",\"@id\":\"https:\/\/www.geostru.eu\/ro\/sviluppo-e-ricerca\/\",\"url\":\"https:\/\/www.geostru.eu\/ro\/sviluppo-e-ricerca\/\",\"name\":\"Dezvoltare \u0219i cercetare - GeoStru EU\",\"isPartOf\":{\"@id\":\"https:\/\/www.geostru.eu\/ro\/#website\"},\"primaryImageOfPage\":{\"@id\":\"https:\/\/www.geostru.eu\/ro\/sviluppo-e-ricerca\/#primaryimage\"},\"image\":{\"@id\":\"https:\/\/www.geostru.eu\/ro\/sviluppo-e-ricerca\/#primaryimage\"},\"thumbnailUrl\":\"https:\/\/www.geostru.eu\/wp-content\/uploads\/2020\/07\/CGT_geostru.jpg\",\"datePublished\":\"2020-07-16T07:33:56+00:00\",\"dateModified\":\"2020-07-24T14:23:19+00:00\",\"breadcrumb\":{\"@id\":\"https:\/\/www.geostru.eu\/ro\/sviluppo-e-ricerca\/#breadcrumb\"},\"inLanguage\":\"ro-RO\",\"potentialAction\":[{\"@type\":\"ReadAction\",\"target\":[\"https:\/\/www.geostru.eu\/ro\/sviluppo-e-ricerca\/\"]}]},{\"@type\":\"ImageObject\",\"inLanguage\":\"ro-RO\",\"@id\":\"https:\/\/www.geostru.eu\/ro\/sviluppo-e-ricerca\/#primaryimage\",\"url\":\"https:\/\/www.geostru.eu\/wp-content\/uploads\/2020\/07\/CGT_geostru.jpg\",\"contentUrl\":\"https:\/\/www.geostru.eu\/wp-content\/uploads\/2020\/07\/CGT_geostru.jpg\",\"width\":1122,\"height\":500},{\"@type\":\"BreadcrumbList\",\"@id\":\"https:\/\/www.geostru.eu\/ro\/sviluppo-e-ricerca\/#breadcrumb\",\"itemListElement\":[{\"@type\":\"ListItem\",\"position\":1,\"name\":\"Home\",\"item\":\"https:\/\/www.geostru.eu\/ro\/\"},{\"@type\":\"ListItem\",\"position\":2,\"name\":\"Dezvoltare \u0219i cercetare\"}]},{\"@type\":\"WebSite\",\"@id\":\"https:\/\/www.geostru.eu\/ro\/#website\",\"url\":\"https:\/\/www.geostru.eu\/ro\/\",\"name\":\"GeoStru EU\",\"description\":\"Professionals at your service\",\"publisher\":{\"@id\":\"https:\/\/www.geostru.eu\/ro\/#organization\"},\"potentialAction\":[{\"@type\":\"SearchAction\",\"target\":{\"@type\":\"EntryPoint\",\"urlTemplate\":\"https:\/\/www.geostru.eu\/ro\/?s={search_term_string}\"},\"query-input\":{\"@type\":\"PropertyValueSpecification\",\"valueRequired\":true,\"valueName\":\"search_term_string\"}}],\"inLanguage\":\"ro-RO\"},{\"@type\":\"Organization\",\"@id\":\"https:\/\/www.geostru.eu\/ro\/#organization\",\"name\":\"GeoStru EU\",\"url\":\"https:\/\/www.geostru.eu\/ro\/\",\"logo\":{\"@type\":\"ImageObject\",\"inLanguage\":\"ro-RO\",\"@id\":\"https:\/\/www.geostru.eu\/ro\/#\/schema\/logo\/image\/\",\"url\":\"https:\/\/www.geostru.eu\/wp-content\/uploads\/2023\/02\/LOGO_GEOSTRU_educational_banner.png\",\"contentUrl\":\"https:\/\/www.geostru.eu\/wp-content\/uploads\/2023\/02\/LOGO_GEOSTRU_educational_banner.png\",\"width\":363,\"height\":115,\"caption\":\"GeoStru EU\"},\"image\":{\"@id\":\"https:\/\/www.geostru.eu\/ro\/#\/schema\/logo\/image\/\"},\"sameAs\":[\"https:\/\/www.facebook.com\/GeoStruSoftware\/\",\"https:\/\/x.com\/geostru\",\"https:\/\/www.linkedin.com\/company\/2462488\/admin\/\",\"https:\/\/www.instagram.com\/geostru\/\"]}]}<\/script>\n<!-- \/ Yoast SEO Premium plugin. -->","yoast_head_json":{"title":"Dezvoltare \u0219i cercetare - GeoStru EU","robots":{"index":"index","follow":"follow","max-snippet":"max-snippet:-1","max-image-preview":"max-image-preview:large","max-video-preview":"max-video-preview:-1"},"canonical":"https:\/\/www.geostru.eu\/ro\/sviluppo-e-ricerca\/","og_locale":"ro_RO","og_type":"article","og_title":"Ricerca geostru","og_description":"\u00a0 ACORD-CADRU DE CERCETARE \u00ceNTRE CGT Engineering srl &#8211; Laborator comun pentru geotehnologie aplicat\u0103 a mediului al Universit\u0103\u021bii din Siena reprezentat de pre\u0219edinte dr. Filippo Bonciani \u0219i directorul tehnic prof. Eros Aiello, cu sediul social pe strada Vezzosi, 15 &#8211; 52100 Arezzo. \u0218i S.C. Engsoft SRL (proprietar al m\u0103rcii GEOSTRU) reprezentat\u0103 de asociatul unic dr.&hellip;","og_url":"https:\/\/www.geostru.eu\/ro\/sviluppo-e-ricerca\/","og_site_name":"GeoStru EU","article_publisher":"https:\/\/www.facebook.com\/GeoStruSoftware\/","article_modified_time":"2020-07-24T14:23:19+00:00","og_image":[{"url":"https:\/\/www.geostru.eu\/wp-content\/uploads\/2020\/07\/CGT_geostru.jpg","type":"","width":"","height":""}],"twitter_card":"summary_large_image","twitter_title":"Dezvoltare \u0219i cercetare","twitter_site":"@geostru","twitter_misc":{"Timp estimat pentru citire":"3 minute"},"schema":{"@context":"https:\/\/schema.org","@graph":[{"@type":"WebPage","@id":"https:\/\/www.geostru.eu\/ro\/sviluppo-e-ricerca\/","url":"https:\/\/www.geostru.eu\/ro\/sviluppo-e-ricerca\/","name":"Dezvoltare \u0219i cercetare - GeoStru EU","isPartOf":{"@id":"https:\/\/www.geostru.eu\/ro\/#website"},"primaryImageOfPage":{"@id":"https:\/\/www.geostru.eu\/ro\/sviluppo-e-ricerca\/#primaryimage"},"image":{"@id":"https:\/\/www.geostru.eu\/ro\/sviluppo-e-ricerca\/#primaryimage"},"thumbnailUrl":"https:\/\/www.geostru.eu\/wp-content\/uploads\/2020\/07\/CGT_geostru.jpg","datePublished":"2020-07-16T07:33:56+00:00","dateModified":"2020-07-24T14:23:19+00:00","breadcrumb":{"@id":"https:\/\/www.geostru.eu\/ro\/sviluppo-e-ricerca\/#breadcrumb"},"inLanguage":"ro-RO","potentialAction":[{"@type":"ReadAction","target":["https:\/\/www.geostru.eu\/ro\/sviluppo-e-ricerca\/"]}]},{"@type":"ImageObject","inLanguage":"ro-RO","@id":"https:\/\/www.geostru.eu\/ro\/sviluppo-e-ricerca\/#primaryimage","url":"https:\/\/www.geostru.eu\/wp-content\/uploads\/2020\/07\/CGT_geostru.jpg","contentUrl":"https:\/\/www.geostru.eu\/wp-content\/uploads\/2020\/07\/CGT_geostru.jpg","width":1122,"height":500},{"@type":"BreadcrumbList","@id":"https:\/\/www.geostru.eu\/ro\/sviluppo-e-ricerca\/#breadcrumb","itemListElement":[{"@type":"ListItem","position":1,"name":"Home","item":"https:\/\/www.geostru.eu\/ro\/"},{"@type":"ListItem","position":2,"name":"Dezvoltare \u0219i cercetare"}]},{"@type":"WebSite","@id":"https:\/\/www.geostru.eu\/ro\/#website","url":"https:\/\/www.geostru.eu\/ro\/","name":"GeoStru EU","description":"Professionals at your service","publisher":{"@id":"https:\/\/www.geostru.eu\/ro\/#organization"},"potentialAction":[{"@type":"SearchAction","target":{"@type":"EntryPoint","urlTemplate":"https:\/\/www.geostru.eu\/ro\/?s={search_term_string}"},"query-input":{"@type":"PropertyValueSpecification","valueRequired":true,"valueName":"search_term_string"}}],"inLanguage":"ro-RO"},{"@type":"Organization","@id":"https:\/\/www.geostru.eu\/ro\/#organization","name":"GeoStru EU","url":"https:\/\/www.geostru.eu\/ro\/","logo":{"@type":"ImageObject","inLanguage":"ro-RO","@id":"https:\/\/www.geostru.eu\/ro\/#\/schema\/logo\/image\/","url":"https:\/\/www.geostru.eu\/wp-content\/uploads\/2023\/02\/LOGO_GEOSTRU_educational_banner.png","contentUrl":"https:\/\/www.geostru.eu\/wp-content\/uploads\/2023\/02\/LOGO_GEOSTRU_educational_banner.png","width":363,"height":115,"caption":"GeoStru EU"},"image":{"@id":"https:\/\/www.geostru.eu\/ro\/#\/schema\/logo\/image\/"},"sameAs":["https:\/\/www.facebook.com\/GeoStruSoftware\/","https:\/\/x.com\/geostru","https:\/\/www.linkedin.com\/company\/2462488\/admin\/","https:\/\/www.instagram.com\/geostru\/"]}]}},"_links":{"self":[{"href":"https:\/\/www.geostru.eu\/ro\/wp-json\/wp\/v2\/pages\/121579"}],"collection":[{"href":"https:\/\/www.geostru.eu\/ro\/wp-json\/wp\/v2\/pages"}],"about":[{"href":"https:\/\/www.geostru.eu\/ro\/wp-json\/wp\/v2\/types\/page"}],"author":[{"embeddable":true,"href":"https:\/\/www.geostru.eu\/ro\/wp-json\/wp\/v2\/users\/216"}],"replies":[{"embeddable":true,"href":"https:\/\/www.geostru.eu\/ro\/wp-json\/wp\/v2\/comments?post=121579"}],"version-history":[{"count":0,"href":"https:\/\/www.geostru.eu\/ro\/wp-json\/wp\/v2\/pages\/121579\/revisions"}],"wp:featuredmedia":[{"embeddable":true,"href":"https:\/\/www.geostru.eu\/ro\/wp-json\/wp\/v2\/media\/121500"}],"wp:attachment":[{"href":"https:\/\/www.geostru.eu\/ro\/wp-json\/wp\/v2\/media?parent=121579"}],"curies":[{"name":"wp","href":"https:\/\/api.w.org\/{rel}","templated":true}]}}