{"id":12119,"date":"2015-01-16T11:22:46","date_gmt":"2015-01-16T11:22:46","guid":{"rendered":"https:\/\/www.geostru.eu\/gs\/contact-3-3\/"},"modified":"2025-09-16T10:21:08","modified_gmt":"2025-09-16T08:21:08","slug":"contact","status":"publish","type":"page","link":"https:\/\/www.geostru.eu\/ro\/contact\/","title":{"rendered":"Contact"},"content":{"rendered":"<div class=\"wpb-content-wrapper\"><p>[vc_row full_width=&#8221;stretch_row_content&#8221; type=&#8221;ww-header-wrapper&#8221; background_color=&#8221;#00427a&#8221; row_head_color=&#8221;#3087b4&#8243; row_text_color=&#8221;#ffffff&#8221;][vc_column][vc_single_image image=&#8221;14463&#8243; img_size=&#8221;full&#8221;][vc_column_text]<\/p>\n<p style=\"text-align: center;\"><span style=\"font-size: 14pt; color: #000000;\"><strong>CE NE FACE DIFERI\u021aI?<\/strong><\/span><\/p>\n<p style=\"text-align: center;\"><span style=\"font-size: 14pt; color: #333333;\">Lucr\u0103m cu pasiune pentru c\u0103 ne place s\u0103 acord\u0103m aten\u021bie clien\u021bilor no\u0219tri, oferindu-le cel mai bun produs \u0219i suport.<\/span><\/p>\n<p>[\/vc_column_text][\/vc_column][\/vc_row][vc_row][vc_column][vc_empty_space][\/vc_column][\/vc_row][vc_row][vc_column width=&#8221;1\/2&#8243;]<div id=\"ultimate-heading-815969f7170ba0346\" class=\"uvc-heading ult-adjust-bottom-margin ultimate-heading-815969f7170ba0346 uvc-2831  uvc-heading-default-font-sizes\" data-hspacer=\"no_spacer\"  data-halign=\"center\" style=\"text-align:center\"><div class=\"uvc-heading-spacer no_spacer\" style=\"top\"><\/div><div class=\"uvc-main-heading ult-responsive\"  data-ultimate-target='.uvc-heading.ultimate-heading-815969f7170ba0346 h4'  data-responsive-json-new='{\"font-size\":\"\",\"line-height\":\"\"}' ><h4 style=\"--font-weight:theme;\">Date Contact<\/h4><\/div><\/div>[vc_column_text]<\/p>\n<p style=\"text-align: justify;\">Completeaz\u0103 formularul de mai jos \u0219i te vom contacta \u00een cel mai scurt timp posibil.<\/p>\n<p style=\"text-align: justify;\">Specific\u0103 dac\u0103 vrei s\u0103 fii contactat prin telefon sau email, iar dac\u0103 este necesar ata\u0219eaz\u0103 \u0219i un fi\u0219ier.<\/p>\n<p>[\/vc_column_text]\n<div class=\"wpcf7 no-js\" id=\"wpcf7-f108058-o1\" lang=\"en-US\" dir=\"ltr\" data-wpcf7-id=\"108058\">\n<div class=\"screen-reader-response\"><p role=\"status\" aria-live=\"polite\" aria-atomic=\"true\"><\/p> <ul><\/ul><\/div>\n<form action=\"\/ro\/wp-json\/wp\/v2\/pages\/12119#wpcf7-f108058-o1\" method=\"post\" class=\"wpcf7-form init\" aria-label=\"Contact form\" novalidate=\"novalidate\" data-status=\"init\">\n<div style=\"display: none;\">\n<input type=\"hidden\" name=\"_wpcf7\" value=\"108058\" \/>\n<input type=\"hidden\" name=\"_wpcf7_version\" value=\"6.0.4\" \/>\n<input type=\"hidden\" name=\"_wpcf7_locale\" value=\"en_US\" \/>\n<input type=\"hidden\" name=\"_wpcf7_unit_tag\" value=\"wpcf7-f108058-o1\" \/>\n<input type=\"hidden\" name=\"_wpcf7_container_post\" value=\"0\" \/>\n<input type=\"hidden\" name=\"_wpcf7_posted_data_hash\" value=\"\" \/>\n<\/div>\n<div class=\"row-fluid\">\n\t<div class=\"two\">\n\t\t<div class=\"column\">\n\t\t\t<dt>\n\t\t\t\t<p>Nume<span class=\"star\"> *<\/span>\n\t\t\t\t<\/p>\n\t\t\t<\/dt>\n\t\t\t<dd>\n\t\t\t\t<p><span class=\"wpcf7-form-control-wrap\" data-name=\"your-name\"><input size=\"40\" maxlength=\"400\" class=\"wpcf7-form-control wpcf7-text\" aria-invalid=\"false\" value=\"\" type=\"text\" name=\"your-name\" \/><\/span>\n\t\t\t\t<\/p>\n\t\t\t<\/dd>\n\t\t<\/div>\n\t\t<div class=\"column\">\n\t\t\t<dt>\n\t\t\t\t<p>Email<span class=\"star\"> *<\/span>\n\t\t\t\t<\/p>\n\t\t\t<\/dt>\n\t\t\t<dd>\n\t\t\t\t<p><span class=\"wpcf7-form-control-wrap\" data-name=\"email-81\"><input size=\"40\" maxlength=\"400\" class=\"wpcf7-form-control wpcf7-email wpcf7-validates-as-required wpcf7-text wpcf7-validates-as-email\" aria-required=\"true\" aria-invalid=\"false\" value=\"\" type=\"email\" name=\"email-81\" \/><\/span>\n\t\t\t\t<\/p>\n\t\t\t<\/dd>\n\t\t<\/div>\n\t<\/div>\n\t<div class=\"two\">\n\t\t<div class=\"column\">\n\t\t\t<dt>\n\t\t\t\t<p>Telefon\n\t\t\t\t<\/p>\n\t\t\t<\/dt>\n\t\t\t<dd>\n\t\t\t\t<p><span class=\"wpcf7-form-control-wrap\" data-name=\"tel-91\"><input size=\"40\" maxlength=\"400\" class=\"wpcf7-form-control wpcf7-tel wpcf7-text wpcf7-validates-as-tel Telephone\" aria-invalid=\"false\" value=\"\" type=\"tel\" name=\"tel-91\" \/><\/span>\n\t\t\t\t<\/p>\n\t\t\t<\/dd>\n\t\t<\/div>\n\t\t<div class=\"column\">\n\t\t\t<dt>\n\t\t\t\t<p>Subiect\n\t\t\t\t<\/p>\n\t\t\t<\/dt>\n\t\t\t<dd>\n\t\t\t\t<p><span class=\"wpcf7-form-control-wrap\" data-name=\"your-subject\"><input size=\"40\" maxlength=\"400\" class=\"wpcf7-form-control wpcf7-text\" aria-invalid=\"false\" value=\"\" type=\"text\" name=\"your-subject\" \/><\/span>\n\t\t\t\t<\/p>\n\t\t\t<\/dd>\n\t\t<\/div>\n\t<\/div>\n\t<div class=\"one\">\n\t\t<dt>\n\t\t\t<p>Modalitate de contact\n\t\t\t<\/p>\n\t\t<\/dt>\n\t\t<dd>\n\t\t\t<p><span class=\"wpcf7-form-control-wrap\" data-name=\"radio-525\"><span class=\"wpcf7-form-control wpcf7-radio radio\"><span class=\"wpcf7-list-item first\"><label><input type=\"radio\" name=\"radio-525\" value=\"Email\" \/><span class=\"wpcf7-list-item-label\">Email<\/span><\/label><\/span><span class=\"wpcf7-list-item last\"><label><input type=\"radio\" name=\"radio-525\" value=\"Telefon\" \/><span class=\"wpcf7-list-item-label\">Telefon<\/span><\/label><\/span><\/span><\/span>\n\t\t\t<\/p>\n\t\t<\/dd>\n\t<\/div>\n\t<div class=\"one\">\n\t\t<dt>\n\t\t\t<p>Mesaj\n\t\t\t<\/p>\n\t\t<\/dt>\n\t\t<dd>\n\t\t\t<p><span class=\"wpcf7-form-control-wrap\" data-name=\"your-message\"><textarea cols=\"40\" rows=\"10\" maxlength=\"2000\" class=\"wpcf7-form-control wpcf7-textarea\" aria-invalid=\"false\" name=\"your-message\"><\/textarea><\/span>\n\t\t\t<\/p>\n\t\t<\/dd>\n\t<\/div>\n\t<div class=\"one\">\n\t\t<p><span class=\"wpcf7-form-control-wrap\" data-name=\"quiz-933\"><label><span class=\"wpcf7-quiz-label\">10+11?<\/span> <input size=\"40\" class=\"wpcf7-form-control wpcf7-quiz\" autocomplete=\"off\" aria-required=\"true\" aria-invalid=\"false\" type=\"text\" name=\"quiz-933\" \/><\/label><input type=\"hidden\" name=\"_wpcf7_quiz_answer_quiz-933\" value=\"8d6af22a102f32ff18c415f5bc619123\" \/><\/span>\n\t\t<\/p>\n\t<\/div>\n\t<p><input class=\"wpcf7-form-control wpcf7-submit has-spinner ww-button large\" type=\"submit\" value=\"Trimite\" \/>\n\t<\/p>\n<\/div><p style=\"display: none !important;\" class=\"akismet-fields-container\" data-prefix=\"_wpcf7_ak_\"><label>&#916;<textarea name=\"_wpcf7_ak_hp_textarea\" cols=\"45\" rows=\"8\" maxlength=\"100\"><\/textarea><\/label><input type=\"hidden\" id=\"ak_js_1\" name=\"_wpcf7_ak_js\" value=\"37\"\/><script>document.getElementById( \"ak_js_1\" ).setAttribute( \"value\", ( new Date() ).getTime() );<\/script><\/p><div class=\"wpcf7-response-output\" aria-hidden=\"true\"><\/div>\n<\/form>\n<\/div>\n[\/vc_column][vc_column width=&#8221;1\/2&#8243;]<div id=\"ultimate-heading-782669f7170ba8781\" class=\"uvc-heading ult-adjust-bottom-margin ultimate-heading-782669f7170ba8781 uvc-3917  uvc-heading-default-font-sizes\" data-hspacer=\"no_spacer\"  data-halign=\"center\" style=\"text-align:center\"><div class=\"uvc-heading-spacer no_spacer\" style=\"top\"><\/div><div class=\"uvc-main-heading ult-responsive\"  data-ultimate-target='.uvc-heading.ultimate-heading-782669f7170ba8781 h4'  data-responsive-json-new='{\"font-size\":\"\",\"line-height\":\"\"}' ><h4 style=\"--font-weight:theme;\">Google maps<\/h4><\/div><\/div><div id='wrap_map_69f7170ba87f7' class='ultimate-map-wrapper ult-adjust-bottom-margin ' style=' height:550px;'><div id='map_69f7170ba87f7' data-map_override='0' class='ultimate_google_map wpb_content_element 0' style='width:100%;height:550px;'><\/div><\/div><script type='text\/javascript'>\n\t\t\t(function($) {\n  \t\t\t'use strict';\n\t\t\tvar map_map_69f7170ba87f7 = null;\n\t\t\tvar coordinate_map_69f7170ba87f7;\n\t\t\tvar isDraggable = $(document).width() > 641 ? 'true' : 'true';\n\t\t\ttry\n\t\t\t{\n\t\t\t\tvar map_map_69f7170ba87f7 = null;\n\t\t\t\tvar coordinate_map_69f7170ba87f7;\n\t\t\t\tcoordinate_map_69f7170ba87f7 = new google.maps.LatLng(46.77553, 23.62299);\n\t\t\t\tvar mapOptions=\n\t\t\t\t{\n\t\t\t\t\tzoom: 12,\n\t\t\t\t\tcenter: coordinate_map_69f7170ba87f7,\n\t\t\t\t\tscaleControl: true,\n\t\t\t\t\tstreetViewControl: false,\n\t\t\t\t\tmapTypeControl: false,\n\t\t\t\t\tpanControl: false,\n\t\t\t\t\tzoomControl: false,\n\t\t\t\t\tscrollwheel: true,\n\t\t\t\t\tdraggable: isDraggable,\n\t\t\t\t\tzoomControlOptions: {\n\t\t\t\t\t\tposition: google.maps.ControlPosition.right_bottom\n\t\t\t\t\t},mapTypeId: google.maps.MapTypeId.roadmap,};var map_map_69f7170ba87f7 = new google.maps.Map(document.getElementById('map_69f7170ba87f7'),mapOptions);\n\t\t\t\t\t\tvar x = 'infowindow_open_value';\n\t\t\t\t\t\tvar marker_map_69f7170ba87f7 = new google.maps.Marker({\n\t\t\t\t\t\tposition: new google.maps.LatLng('46.77553', '23.62299'),\n\t\t\t\t\t\tanimation:  google.maps.Animation.DROP,\n\t\t\t\t\t\tmap: map_map_69f7170ba87f7,\n\t\t\t\t\t\ticon: ''\n\t\t\t\t\t});\tgoogle.maps.event.addListener(marker_map_69f7170ba87f7, 'click', toggleBounce);}\n\t\t\tcatch(e){};\n\t\t\tjQuery(document).ready(function($){\n\t\t\t\tgoogle.maps.event.trigger(map_map_69f7170ba87f7, 'resize');\n\t\t\t\t$(window).on('resize', function(){\n\t\t\t\t\tgoogle.maps.event.trigger(map_map_69f7170ba87f7, 'resize');\n\t\t\t\t\tif(map_map_69f7170ba87f7!=null)\n\t\t\t\t\t\tmap_map_69f7170ba87f7.setCenter(coordinate_map_69f7170ba87f7);\n\t\t\t\t});\n\t\t\t\t$('.ui-tabs').on('tabsactivate', function(event, ui) {\n\t\t\t\t   if($(this).find('.ultimate-map-wrapper').length > 0)\n\t\t\t\t\t{\n\t\t\t\t\t\tsetTimeout(function(){\n\t\t\t\t\t\t\t$(window).trigger('resize');\n\t\t\t\t\t\t},200);\n\t\t\t\t\t}\n\t\t\t\t});\n\t\t\t\t$('.ui-accordion').on('accordionactivate', function(event, ui) {\n\t\t\t\t   if($(this).find('.ultimate-map-wrapper').length > 0)\n\t\t\t\t\t{\n\t\t\t\t\t\tsetTimeout(function(){\n\t\t\t\t\t\t\t$(window).trigger('resize');\n\t\t\t\t\t\t},200);\n\t\t\t\t\t}\n\t\t\t\t});\n\t\t\t\t$(window).on('load',function(){\n\t\t\t\t\tsetTimeout(function(){\n\t\t\t\t\t\t$(window).trigger('resize');\n\t\t\t\t\t},200);\n\t\t\t\t});\n\t\t\t\t$('.ult_exp_section').on('select', function(){\n\t\t\t\t\tif($(map_map_69f7170ba87f7).parents('.ult_exp_section'))\n\t\t\t\t\t{\n\t\t\t\t\t\tsetTimeout(function(){\n\t\t\t\t\t\t\t$(window).trigger('resize');\n\t\t\t\t\t\t},200);\n\t\t\t\t\t}\n\t\t\t\t});\n\t\t\t\t$(document).on('onUVCModalPopupOpen', function(){\n\t\t\t\t\tif($(map_map_69f7170ba87f7).parents('.ult_modal-content'))\n\t\t\t\t\t{\n\t\t\t\t\t\tsetTimeout(function(){\n\t\t\t\t\t\t\t$(window).trigger('resize');\n\t\t\t\t\t\t},200);\n\t\t\t\t\t}\n\t\t\t\t});\n\t\t\t\t$(document).on('click','.ult_tab_li',function(){\n\t\t\t\t\t$(window).trigger('resize');\n\t\t\t\t\tsetTimeout(function(){\n\t\t\t\t\t\t$(window).trigger('resize');\n\t\t\t\t\t},200);\n\t\t\t\t});\n\t\t\t});\n\t\t\tfunction toggleBounce() {\n\t\t\t  if (marker_map_69f7170ba87f7.getAnimation() != null) {\n\t\t\t\tmarker_map_69f7170ba87f7.setAnimation(null);\n\t\t\t  } else {\n\t\t\t\tmarker_map_69f7170ba87f7.setAnimation(google.maps.Animation.BOUNCE);\n\t\t\t  }\n\t\t\t}\n\t\t\t})(jQuery);\n\t\t\t<\/script>[vc_row_inner][vc_column_inner width=&#8221;1\/2&#8243;]<div class=\"aio-icon-component    style_1\"><div id=\"Info-box-wrap-3353\" class=\"aio-icon-box default-icon\" style=\"\"  ><div class=\"aio-icon-default\"><div class=\"ult-just-icon-wrapper  \"><div class=\"align-icon\" style=\"text-align:center;\">\n<div class=\"aio-icon none \"  style=\"color:#333;font-size:32px;display:inline-block;\">\n\t<i class=\"Defaults-map-marker\"><\/i>\n<\/div><\/div><\/div><\/div><div class=\"aio-icon-header\" ><h3 class=\"aio-icon-title ult-responsive\"  data-ultimate-target='#Info-box-wrap-3353 .aio-icon-title'  data-responsive-json-new='{\"font-size\":\"\",\"line-height\":\"\"}'  style=\"\">ENGSOFT SRL<\/h3><\/div> <!-- header --><div class=\"aio-icon-description ult-responsive\"  data-ultimate-target='#Info-box-wrap-3353 .aio-icon-description'  data-responsive-json-new='{\"font-size\":\"\",\"line-height\":\"\"}'  style=\"\"><\/p>\n<p style=\"text-align: justify;\">S.C. EngSoft S.R.L.<\/p>\n<p style=\"text-align: justify;\">Cluj-Napoca &#8211; ROM\u00c2NIA<\/p>\n<p style=\"text-align: justify;\">RO30277934<\/p>\n<p><\/div> <!-- description --><\/div> <!-- aio-icon-box --><\/div> <!-- aio-icon-component -->[\/vc_column_inner][vc_column_inner width=&#8221;1\/2&#8243;]<div class=\"aio-icon-component    style_1\"><div id=\"Info-box-wrap-9286\" class=\"aio-icon-box default-icon\" style=\"\"  ><div class=\"aio-icon-description ult-responsive\"  data-ultimate-target='#Info-box-wrap-9286 .aio-icon-description'  data-responsive-json-new='{\"font-size\":\"\",\"line-height\":\"\"}'  style=\"\"><\/p>\n<p style=\"text-align: justify;\">Tel.\/Whatsapp: (+40) 737 283 854<\/p>\n<p style=\"text-align: justify;\">Email: <a href=\"mailto:office@geostru.eu\">office@geostru.eu<\/a><\/p>\n<p style=\"text-align: justify;\">Ticket: <a href=\"https:\/\/www.geostru.eu\/ro\/suport-tehnic\/\">suport-tehnic<\/a><\/p>\n<p><\/div> <!-- description --><\/div> <!-- aio-icon-box --><\/div> <!-- aio-icon-component -->[\/vc_column_inner][\/vc_row_inner][vc_column_text]<div class=\"soc-ico\"><a title=\"Facebook page opens in new window\" href=\"https:\/\/www.facebook.com\/GeoStru-Romania-407888289978045\" target=\"_blank\" class=\"facebook\"><span class=\"soc-font-icon\"><\/span><span class=\"screen-reader-text\">Facebook page opens in new window<\/span><\/a><a title=\"YouTube page opens in new window\" href=\"https:\/\/www.youtube.com\/user\/geostru\" target=\"_blank\" class=\"you-tube\"><span class=\"soc-font-icon\"><\/span><span class=\"screen-reader-text\">YouTube page opens in new window<\/span><\/a><a title=\"Linkedin page opens in new window\" href=\"https:\/\/www.linkedin.com\/company\/geostru-software\/\/\" target=\"_blank\" class=\"linkedin\"><span class=\"soc-font-icon\"><\/span><span class=\"screen-reader-text\">Linkedin page opens in new window<\/span><\/a><a title=\"Instagram page opens in new window\" href=\"https:\/\/www.instagram.com\/geostru\/\" target=\"_blank\" class=\"instagram\"><span class=\"soc-font-icon\"><\/span><span class=\"screen-reader-text\">Instagram page opens in new window<\/span><\/a><\/div>\n<div id=\"gtx-trans\">\n<div class=\"gtx-trans-icon\"><\/div>\n<\/div>\n<p>[\/vc_column_text][\/vc_column][\/vc_row]<\/p>\n<\/div>","protected":false},"excerpt":{"rendered":"<p>[vc_row full_width=&#8221;stretch_row_content&#8221; type=&#8221;ww-header-wrapper&#8221; background_color=&#8221;#00427a&#8221; row_head_color=&#8221;#3087b4&#8243; row_text_color=&#8221;#ffffff&#8221;][vc_column][vc_single_image image=&#8221;14463&#8243; img_size=&#8221;full&#8221;][vc_column_text] CE NE FACE DIFERI\u021aI? Lucr\u0103m cu pasiune pentru c\u0103 ne place s\u0103 acord\u0103m aten\u021bie clien\u021bilor no\u0219tri, oferindu-le cel mai bun produs \u0219i suport. [\/vc_column_text][\/vc_column][\/vc_row][vc_row][vc_column][vc_empty_space][\/vc_column][\/vc_row][vc_row][vc_column width=&#8221;1\/2&#8243;][vc_column_text] Completeaz\u0103 formularul de mai jos \u0219i te vom contacta \u00een cel mai scurt timp posibil. Specific\u0103 dac\u0103 vrei s\u0103 fii contactat prin&hellip;<\/p>\n","protected":false},"author":216,"featured_media":0,"parent":0,"menu_order":0,"comment_status":"closed","ping_status":"closed","template":"","meta":{"footnotes":""},"class_list":["post-12119","page","type-page","status-publish","hentry","description-off"],"yoast_head":"<!-- This site is optimized with the Yoast SEO Premium plugin v25.0 (Yoast SEO v25.0) - https:\/\/yoast.com\/wordpress\/plugins\/seo\/ -->\n<title>Contact - GeoStru EU<\/title>\n<meta name=\"robots\" content=\"index, follow, max-snippet:-1, max-image-preview:large, max-video-preview:-1\" \/>\n<link rel=\"canonical\" href=\"https:\/\/www.geostru.eu\/ro\/contact\/\" \/>\n<meta property=\"og:locale\" content=\"ro_RO\" \/>\n<meta property=\"og:type\" content=\"article\" \/>\n<meta property=\"og:title\" content=\"Contact\" \/>\n<meta property=\"og:description\" content=\"[vc_row full_width=&#8221;stretch_row_content&#8221; type=&#8221;ww-header-wrapper&#8221; background_color=&#8221;#00427a&#8221; row_head_color=&#8221;#3087b4&#8243; row_text_color=&#8221;#ffffff&#8221;][vc_column][vc_single_image image=&#8221;14463&#8243; img_size=&#8221;full&#8221;][vc_column_text] CE NE FACE DIFERI\u021aI? Lucr\u0103m cu pasiune pentru c\u0103 ne place s\u0103 acord\u0103m aten\u021bie clien\u021bilor no\u0219tri, oferindu-le cel mai bun produs \u0219i suport. [\/vc_column_text][\/vc_column][\/vc_row][vc_row][vc_column][vc_empty_space][\/vc_column][\/vc_row][vc_row][vc_column width=&#8221;1\/2&#8243;][vc_column_text] Completeaz\u0103 formularul de mai jos \u0219i te vom contacta \u00een cel mai scurt timp posibil. Specific\u0103 dac\u0103 vrei s\u0103 fii contactat prin&hellip;\" \/>\n<meta property=\"og:url\" content=\"https:\/\/www.geostru.eu\/ro\/contact\/\" \/>\n<meta property=\"og:site_name\" content=\"GeoStru EU\" \/>\n<meta property=\"article:publisher\" content=\"https:\/\/www.facebook.com\/GeoStruSoftware\/\" \/>\n<meta property=\"article:modified_time\" content=\"2025-09-16T08:21:08+00:00\" \/>\n<meta name=\"twitter:card\" content=\"summary_large_image\" \/>\n<meta name=\"twitter:site\" content=\"@geostru\" \/>\n<meta name=\"twitter:label1\" content=\"Timp estimat pentru citire\" \/>\n\t<meta name=\"twitter:data1\" content=\"1 minut\" \/>\n<script type=\"application\/ld+json\" class=\"yoast-schema-graph\">{\"@context\":\"https:\/\/schema.org\",\"@graph\":[{\"@type\":\"WebPage\",\"@id\":\"https:\/\/www.geostru.eu\/ro\/contact\/\",\"url\":\"https:\/\/www.geostru.eu\/ro\/contact\/\",\"name\":\"Contact - GeoStru EU\",\"isPartOf\":{\"@id\":\"https:\/\/www.geostru.eu\/ro\/#website\"},\"datePublished\":\"2015-01-16T11:22:46+00:00\",\"dateModified\":\"2025-09-16T08:21:08+00:00\",\"breadcrumb\":{\"@id\":\"https:\/\/www.geostru.eu\/ro\/contact\/#breadcrumb\"},\"inLanguage\":\"ro-RO\",\"potentialAction\":[{\"@type\":\"ReadAction\",\"target\":[\"https:\/\/www.geostru.eu\/ro\/contact\/\"]}]},{\"@type\":\"BreadcrumbList\",\"@id\":\"https:\/\/www.geostru.eu\/ro\/contact\/#breadcrumb\",\"itemListElement\":[{\"@type\":\"ListItem\",\"position\":1,\"name\":\"Home\",\"item\":\"https:\/\/www.geostru.eu\/ro\/\"},{\"@type\":\"ListItem\",\"position\":2,\"name\":\"Contact\"}]},{\"@type\":\"WebSite\",\"@id\":\"https:\/\/www.geostru.eu\/ro\/#website\",\"url\":\"https:\/\/www.geostru.eu\/ro\/\",\"name\":\"GeoStru EU\",\"description\":\"Professionals at your service\",\"publisher\":{\"@id\":\"https:\/\/www.geostru.eu\/ro\/#organization\"},\"potentialAction\":[{\"@type\":\"SearchAction\",\"target\":{\"@type\":\"EntryPoint\",\"urlTemplate\":\"https:\/\/www.geostru.eu\/ro\/?s={search_term_string}\"},\"query-input\":{\"@type\":\"PropertyValueSpecification\",\"valueRequired\":true,\"valueName\":\"search_term_string\"}}],\"inLanguage\":\"ro-RO\"},{\"@type\":\"Organization\",\"@id\":\"https:\/\/www.geostru.eu\/ro\/#organization\",\"name\":\"GeoStru EU\",\"url\":\"https:\/\/www.geostru.eu\/ro\/\",\"logo\":{\"@type\":\"ImageObject\",\"inLanguage\":\"ro-RO\",\"@id\":\"https:\/\/www.geostru.eu\/ro\/#\/schema\/logo\/image\/\",\"url\":\"https:\/\/www.geostru.eu\/wp-content\/uploads\/2023\/02\/LOGO_GEOSTRU_educational_banner.png\",\"contentUrl\":\"https:\/\/www.geostru.eu\/wp-content\/uploads\/2023\/02\/LOGO_GEOSTRU_educational_banner.png\",\"width\":363,\"height\":115,\"caption\":\"GeoStru EU\"},\"image\":{\"@id\":\"https:\/\/www.geostru.eu\/ro\/#\/schema\/logo\/image\/\"},\"sameAs\":[\"https:\/\/www.facebook.com\/GeoStruSoftware\/\",\"https:\/\/x.com\/geostru\",\"https:\/\/www.linkedin.com\/company\/2462488\/admin\/\",\"https:\/\/www.instagram.com\/geostru\/\"]}]}<\/script>\n<!-- \/ Yoast SEO Premium plugin. -->","yoast_head_json":{"title":"Contact - GeoStru EU","robots":{"index":"index","follow":"follow","max-snippet":"max-snippet:-1","max-image-preview":"max-image-preview:large","max-video-preview":"max-video-preview:-1"},"canonical":"https:\/\/www.geostru.eu\/ro\/contact\/","og_locale":"ro_RO","og_type":"article","og_title":"Contact","og_description":"[vc_row full_width=&#8221;stretch_row_content&#8221; type=&#8221;ww-header-wrapper&#8221; background_color=&#8221;#00427a&#8221; row_head_color=&#8221;#3087b4&#8243; row_text_color=&#8221;#ffffff&#8221;][vc_column][vc_single_image image=&#8221;14463&#8243; img_size=&#8221;full&#8221;][vc_column_text] CE NE FACE DIFERI\u021aI? Lucr\u0103m cu pasiune pentru c\u0103 ne place s\u0103 acord\u0103m aten\u021bie clien\u021bilor no\u0219tri, oferindu-le cel mai bun produs \u0219i suport. [\/vc_column_text][\/vc_column][\/vc_row][vc_row][vc_column][vc_empty_space][\/vc_column][\/vc_row][vc_row][vc_column width=&#8221;1\/2&#8243;][vc_column_text] Completeaz\u0103 formularul de mai jos \u0219i te vom contacta \u00een cel mai scurt timp posibil. Specific\u0103 dac\u0103 vrei s\u0103 fii contactat prin&hellip;","og_url":"https:\/\/www.geostru.eu\/ro\/contact\/","og_site_name":"GeoStru EU","article_publisher":"https:\/\/www.facebook.com\/GeoStruSoftware\/","article_modified_time":"2025-09-16T08:21:08+00:00","twitter_card":"summary_large_image","twitter_site":"@geostru","twitter_misc":{"Timp estimat pentru citire":"1 minut"},"schema":{"@context":"https:\/\/schema.org","@graph":[{"@type":"WebPage","@id":"https:\/\/www.geostru.eu\/ro\/contact\/","url":"https:\/\/www.geostru.eu\/ro\/contact\/","name":"Contact - GeoStru EU","isPartOf":{"@id":"https:\/\/www.geostru.eu\/ro\/#website"},"datePublished":"2015-01-16T11:22:46+00:00","dateModified":"2025-09-16T08:21:08+00:00","breadcrumb":{"@id":"https:\/\/www.geostru.eu\/ro\/contact\/#breadcrumb"},"inLanguage":"ro-RO","potentialAction":[{"@type":"ReadAction","target":["https:\/\/www.geostru.eu\/ro\/contact\/"]}]},{"@type":"BreadcrumbList","@id":"https:\/\/www.geostru.eu\/ro\/contact\/#breadcrumb","itemListElement":[{"@type":"ListItem","position":1,"name":"Home","item":"https:\/\/www.geostru.eu\/ro\/"},{"@type":"ListItem","position":2,"name":"Contact"}]},{"@type":"WebSite","@id":"https:\/\/www.geostru.eu\/ro\/#website","url":"https:\/\/www.geostru.eu\/ro\/","name":"GeoStru EU","description":"Professionals at your service","publisher":{"@id":"https:\/\/www.geostru.eu\/ro\/#organization"},"potentialAction":[{"@type":"SearchAction","target":{"@type":"EntryPoint","urlTemplate":"https:\/\/www.geostru.eu\/ro\/?s={search_term_string}"},"query-input":{"@type":"PropertyValueSpecification","valueRequired":true,"valueName":"search_term_string"}}],"inLanguage":"ro-RO"},{"@type":"Organization","@id":"https:\/\/www.geostru.eu\/ro\/#organization","name":"GeoStru EU","url":"https:\/\/www.geostru.eu\/ro\/","logo":{"@type":"ImageObject","inLanguage":"ro-RO","@id":"https:\/\/www.geostru.eu\/ro\/#\/schema\/logo\/image\/","url":"https:\/\/www.geostru.eu\/wp-content\/uploads\/2023\/02\/LOGO_GEOSTRU_educational_banner.png","contentUrl":"https:\/\/www.geostru.eu\/wp-content\/uploads\/2023\/02\/LOGO_GEOSTRU_educational_banner.png","width":363,"height":115,"caption":"GeoStru EU"},"image":{"@id":"https:\/\/www.geostru.eu\/ro\/#\/schema\/logo\/image\/"},"sameAs":["https:\/\/www.facebook.com\/GeoStruSoftware\/","https:\/\/x.com\/geostru","https:\/\/www.linkedin.com\/company\/2462488\/admin\/","https:\/\/www.instagram.com\/geostru\/"]}]}},"_links":{"self":[{"href":"https:\/\/www.geostru.eu\/ro\/wp-json\/wp\/v2\/pages\/12119"}],"collection":[{"href":"https:\/\/www.geostru.eu\/ro\/wp-json\/wp\/v2\/pages"}],"about":[{"href":"https:\/\/www.geostru.eu\/ro\/wp-json\/wp\/v2\/types\/page"}],"author":[{"embeddable":true,"href":"https:\/\/www.geostru.eu\/ro\/wp-json\/wp\/v2\/users\/216"}],"replies":[{"embeddable":true,"href":"https:\/\/www.geostru.eu\/ro\/wp-json\/wp\/v2\/comments?post=12119"}],"version-history":[{"count":3,"href":"https:\/\/www.geostru.eu\/ro\/wp-json\/wp\/v2\/pages\/12119\/revisions"}],"predecessor-version":[{"id":160837,"href":"https:\/\/www.geostru.eu\/ro\/wp-json\/wp\/v2\/pages\/12119\/revisions\/160837"}],"wp:attachment":[{"href":"https:\/\/www.geostru.eu\/ro\/wp-json\/wp\/v2\/media?parent=12119"}],"curies":[{"name":"wp","href":"https:\/\/api.w.org\/{rel}","templated":true}]}}