{"id":117523,"date":"2020-03-07T17:07:06","date_gmt":"2020-03-07T16:07:06","guid":{"rendered":"https:\/\/www.geostru.eu\/?page_id=117523"},"modified":"2022-12-02T14:32:37","modified_gmt":"2022-12-02T13:32:37","slug":"app-mobile-device","status":"publish","type":"page","link":"https:\/\/www.geostru.eu\/ro\/app-mobile-device\/","title":{"rendered":"Aplica\u021bii pentru dispozitivele mobile"},"content":{"rendered":"<div class=\"wpb-content-wrapper\"><p>[vc_row][vc_column]<div id=\"ultimate-heading-928069f4bdd9c5f20\" class=\"uvc-heading ult-adjust-bottom-margin ultimate-heading-928069f4bdd9c5f20 uvc-5782  uvc-heading-default-font-sizes\" data-hspacer=\"no_spacer\"  data-halign=\"center\" style=\"text-align:center\"><div class=\"uvc-heading-spacer no_spacer\" style=\"top\"><\/div><div class=\"uvc-sub-heading ult-responsive\"  data-ultimate-target='.uvc-heading.ultimate-heading-928069f4bdd9c5f20 .uvc-sub-heading '  data-responsive-json-new='{\"font-size\":\"\",\"line-height\":\"\"}'  style=\"font-weight:normal;\"><\/p>\n<h2><strong>Geopix<\/strong><\/h2>\n<p><\/div><\/div>[\/vc_column][\/vc_row][vc_row][vc_column width=&#8221;1\/4&#8243;][vc_single_image image=&#8221;117420&#8243; img_size=&#8221;medium&#8221;][\/vc_column][vc_column width=&#8221;3\/4&#8243;][vc_column_text]<\/p>\n<p style=\"text-align: justify;\">Geopix este o aplica\u021bie pentru dispozitive mobile, tablete sau smartphone-uri cu sistem de operare Android, dezvoltate \u00een special pentru geologi, ingineri \u0219i tehnicieni.<\/p>\n<p style=\"text-align: justify;\">Aceasta v\u0103 permite s\u0103 crea\u021bi documenta\u021bie fotografic\u0103 geolocalizat\u0103 \u00een cloud.<\/p>\n<p>Aplica\u021bia ste format\u0103 din:<\/p>\n<ol>\n<li>Aplica\u021bie pentru dispozitive mobile;<\/li>\n<li>Un <a href=\"https:\/\/dashboard.geopix.eu\/\">tablou de bord<\/a> web din care utilizatorul poate vizualiza fotografii geolocate.<\/li>\n<\/ol>\n<p>[\/vc_column_text]<a href=\"https:\/\/www.geostru.eu\/ro\/shop\/android-ro\/geopix\/\" class=\"btn-shortcode dt-btn-m dt-btn default-btn-color default-btn-hover-color default-btn-bg-color default-btn-bg-hover-color Mai multe informa\u021bii\" target=\"_blank\" id=\"dt-btn-1\" rel=\"noopener\"><span>Mai multe informa\u021bii<\/span><\/a>[\/vc_column][vc_column][vc_empty_space][\/vc_column][\/vc_row][vc_row][vc_column]<div id=\"ultimate-heading-657569f4bdd9c6068\" class=\"uvc-heading ult-adjust-bottom-margin ultimate-heading-657569f4bdd9c6068 uvc-1466  uvc-heading-default-font-sizes\" data-hspacer=\"no_spacer\"  data-halign=\"center\" style=\"text-align:center\"><div class=\"uvc-heading-spacer no_spacer\" style=\"top\"><\/div><div class=\"uvc-sub-heading ult-responsive\"  data-ultimate-target='.uvc-heading.ultimate-heading-657569f4bdd9c6068 .uvc-sub-heading '  data-responsive-json-new='{\"font-size\":\"\",\"line-height\":\"\"}'  style=\"font-weight:normal;\"><\/p>\n<h2><strong>Geoapp Mobile<\/strong><\/h2>\n<p><\/div><\/div>[\/vc_column][\/vc_row][vc_row][vc_column width=&#8221;1\/4&#8243;][vc_single_image image=&#8221;117424&#8243; img_size=&#8221;medium&#8221; alignment=&#8221;center&#8221;][\/vc_column][vc_column width=&#8221;3\/4&#8243;][vc_column_text]<a href=\"https:\/\/geoapp.geostru.eu\/?lang=ro\">Geoapp<\/a> ofer\u0103 gratuit c\u00e2teva caracteristici ale versiunii de abonament \u201e<a href=\"https:\/\/geoapp.geostru.eu\/?lang=ro\">Geoapp<\/a>\u201d, care \u00een schimb poate fi utilizate prin intermediul web.<\/p>\n<p>Momentan, caracteristicile disponibile sunt:<\/p>\n<ul>\n<li style=\"list-style-type: none;\">\n<ul>\n<li>Terenuri armate;<\/li>\n<li>Tije\/Cuie pentru bare pasive.<\/li>\n<\/ul>\n<\/li>\n<\/ul>\n<p>[\/vc_column_text]<a href=\"https:\/\/play.google.com\/store\/apps\/details?id=eu.geostru.geoapp&amp;hl=ro\" class=\"btn-shortcode dt-btn-m dt-btn default-btn-color default-btn-hover-color default-btn-bg-color default-btn-bg-hover-color ico-right-side Descarc\u0103 Mobile Geoapp de pe Google Play\" target=\"_blank\" id=\"dt-btn-2\" rel=\"noopener\"><span>Descarc\u0103 Mobile Geoapp de pe Google Play<\/span><i class=\"fab fa-google-play\"><\/i><\/a>[\/vc_column][vc_column][vc_empty_space][\/vc_column][\/vc_row][vc_row][vc_column]<div id=\"ultimate-heading-308169f4bdd9c61b9\" class=\"uvc-heading ult-adjust-bottom-margin ultimate-heading-308169f4bdd9c61b9 uvc-1037  uvc-heading-default-font-sizes\" data-hspacer=\"no_spacer\"  data-halign=\"center\" style=\"text-align:center\"><div class=\"uvc-heading-spacer no_spacer\" style=\"top\"><\/div><div class=\"uvc-sub-heading ult-responsive\"  data-ultimate-target='.uvc-heading.ultimate-heading-308169f4bdd9c61b9 .uvc-sub-heading '  data-responsive-json-new='{\"font-size\":\"\",\"line-height\":\"\"}'  style=\"font-weight:normal;\"><\/p>\n<h2><strong>Georisk<\/strong><\/h2>\n<p><\/div><\/div>[\/vc_column][\/vc_row][vc_row][vc_column width=&#8221;1\/4&#8243;][vc_single_image image=&#8221;117473&#8243; img_size=&#8221;medium&#8221; alignment=&#8221;center&#8221;][\/vc_column][vc_column width=&#8221;3\/4&#8243;][vc_column_text]<\/p>\n<div class=\"chapter\">\n<p><strong>Georisk &#8211; Verifica\u021bi riscul pozi\u021biei dvs<\/strong>.<\/p>\n<p>Foarte dorit de Ordinul Geologilor \u0219i realizat\u0103 de Geostru \u0219i Geologi.it, noua aplica\u021bie pentru dispozitive mobile v\u0103 permite s\u0103 verifica\u021bi riscul pozi\u021biei dvs. pur \u0219i simplu folosind pozi\u021bionarea GPS a smartphone-ului dvs. \u0219i pute\u021bi constata, de asemenea, pericolul oric\u0103rei locuin\u021be inser\u00e2nd ora\u0219ul, strada \u0219i num\u0103rul casei;<\/p>\n<p>Aplica\u021bia este disponibil\u0103 \u00een magazinul Google Play.<\/p>\n<p>\u201ePentru a cre\u0219te gradul de con\u0219tientizare a riscului &#8211; explic\u0103 pre\u0219edintele <a href=\"http:\/\/www.geologicampania.it\/\">Ordinului Geologilor<\/a>, Egidio Grasso &#8211; ne-am g\u00e2ndit s\u0103 promov\u0103m crearea unei aplica\u021bii care, cu c\u00e2teva opera\u021bii, reu\u0219e\u0219te s\u0103 vizualizeze zonele cu risc hidrogeologic pe \u00eentreg teritoriul na\u021bional.\u2019\u2019<\/p>\n<\/div>\n<p>[\/vc_column_text]<a href=\"https:\/\/play.google.com\/store\/apps\/details?id=com.geostru.georisk&amp;hl=ro\" class=\"btn-shortcode dt-btn-m dt-btn default-btn-color default-btn-hover-color default-btn-bg-color default-btn-bg-hover-color ico-right-side Descarc\u0103 Georisk de pe Google Play\" target=\"_blank\" id=\"dt-btn-3\" rel=\"noopener\"><span>Descarc\u0103 Georisk de pe Google Play<\/span><i class=\"fab fa-google-play\"><\/i><\/a>[\/vc_column][vc_column][vc_empty_space][\/vc_column][\/vc_row][vc_row][vc_column]<div id=\"ultimate-heading-972269f4bdd9c629b\" class=\"uvc-heading ult-adjust-bottom-margin ultimate-heading-972269f4bdd9c629b uvc-4707  uvc-heading-default-font-sizes\" data-hspacer=\"no_spacer\"  data-halign=\"center\" style=\"text-align:center\"><div class=\"uvc-heading-spacer no_spacer\" style=\"top\"><\/div><div class=\"uvc-sub-heading ult-responsive\"  data-ultimate-target='.uvc-heading.ultimate-heading-972269f4bdd9c629b .uvc-sub-heading '  data-responsive-json-new='{\"font-size\":\"\",\"line-height\":\"\"}'  style=\"font-weight:normal;\"><\/p>\n<h2 class=\"AHFaub\">eGEO Compass GS<\/h2>\n<p><\/div><\/div>[\/vc_column][\/vc_row][vc_row][vc_column width=&#8221;1\/4&#8243;][vc_single_image image=&#8221;117477&#8243; img_size=&#8221;medium&#8221; alignment=&#8221;center&#8221;][\/vc_column][vc_column width=&#8221;3\/4&#8243;][vc_column_text]Busola din geologie pentru Android prin GeoStru 2010;<\/p>\n<p>Busol\u0103 digital\u0103 este un instrumentul destinat activit\u0103\u021bilor de cercetare geologic\u0103 de c\u0103tre geologi \u0219i ingineri.<\/p>\n<p>Permite m\u0103surarea dimersiunii \u0219i \u00eenclin\u0103rii oric\u0103rei suprafe\u021be f\u0103r\u0103 a fi nevoie de introducerea \u00een nivel\u0103.<\/p>\n<p>Este suficient s\u0103 a\u0219eza\u021bi telefonul pe suprafa\u021ba de m\u0103surat \u0219i ap\u0103sa\u021bi \u201eSalva\u021bi\u201d.<\/p>\n<p>Caracteristici:<\/p>\n<ul>\n<li style=\"list-style-type: none;\">\n<ul>\n<li>(*) = Necesit\u0103 \u00eenregistrare;<\/li>\n<li>\u00a0Baza de date intern\u0103;<\/li>\n<li>Suport GPS;<\/li>\n<li>Gruparea datelor \u00een func\u021bie de proiect;<\/li>\n<li>A\u0219ezare geologic\u0103 (ap\u0103s\u00e2nd lung butonul \u201eSalvare\u201d);<\/li>\n<li>Vizualizare hart\u0103 (*);<\/li>\n<li>Export \u00een CSV (*).<\/li>\n<\/ul>\n<\/li>\n<\/ul>\n<p>[\/vc_column_text]<a href=\"https:\/\/play.google.com\/store\/apps\/details?id=eu.geostru.android.egeocompassgs&amp;hl=ro\" class=\"btn-shortcode dt-btn-m dt-btn default-btn-color default-btn-hover-color default-btn-bg-color default-btn-bg-hover-color ico-right-side Descarc\u0103 eGEO Compass GS de pe Google Play\" target=\"_blank\" id=\"dt-btn-4\" rel=\"noopener\"><span>Descarc\u0103 eGEO Compass GS de pe Google Play<\/span><i class=\"fab fa-google-play\"><\/i><\/a>[\/vc_column][vc_column][vc_empty_space][\/vc_column][\/vc_row]<\/p>\n<\/div>","protected":false},"excerpt":{"rendered":"<p>[vc_row][vc_column][\/vc_column][\/vc_row][vc_row][vc_column width=&#8221;1\/4&#8243;][vc_single_image image=&#8221;117420&#8243; img_size=&#8221;medium&#8221;][\/vc_column][vc_column width=&#8221;3\/4&#8243;][vc_column_text] Geopix este o aplica\u021bie pentru dispozitive mobile, tablete sau smartphone-uri cu sistem de operare Android, dezvoltate \u00een special pentru geologi, ingineri \u0219i tehnicieni. Aceasta v\u0103 permite s\u0103 crea\u021bi documenta\u021bie fotografic\u0103 geolocalizat\u0103 \u00een cloud. Aplica\u021bia ste format\u0103 din: Aplica\u021bie pentru dispozitive mobile; Un tablou de bord web din care utilizatorul poate&hellip;<\/p>\n","protected":false},"author":16658,"featured_media":117481,"parent":0,"menu_order":0,"comment_status":"closed","ping_status":"closed","template":"","meta":{"footnotes":""},"class_list":["post-117523","page","type-page","status-publish","has-post-thumbnail","hentry","description-off"],"yoast_head":"<!-- This site is optimized with the Yoast SEO Premium plugin v25.0 (Yoast SEO v25.0) - https:\/\/yoast.com\/wordpress\/plugins\/seo\/ -->\n<title>Aplica\u021bii pentru dispozitivele mobile - GeoStru EU<\/title>\n<meta name=\"robots\" content=\"index, follow, max-snippet:-1, max-image-preview:large, max-video-preview:-1\" \/>\n<link rel=\"canonical\" href=\"https:\/\/www.geostru.eu\/ro\/app-mobile-device\/\" \/>\n<meta property=\"og:locale\" content=\"ro_RO\" \/>\n<meta property=\"og:type\" content=\"article\" \/>\n<meta property=\"og:title\" content=\"Aplica\u021bii pentru dispozitivele mobile\" \/>\n<meta property=\"og:description\" content=\"[vc_row][vc_column][\/vc_column][\/vc_row][vc_row][vc_column width=&#8221;1\/4&#8243;][vc_single_image image=&#8221;117420&#8243; img_size=&#8221;medium&#8221;][\/vc_column][vc_column width=&#8221;3\/4&#8243;][vc_column_text] Geopix este o aplica\u021bie pentru dispozitive mobile, tablete sau smartphone-uri cu sistem de operare Android, dezvoltate \u00een special pentru geologi, ingineri \u0219i tehnicieni. Aceasta v\u0103 permite s\u0103 crea\u021bi documenta\u021bie fotografic\u0103 geolocalizat\u0103 \u00een cloud. Aplica\u021bia ste format\u0103 din: Aplica\u021bie pentru dispozitive mobile; Un tablou de bord web din care utilizatorul poate&hellip;\" \/>\n<meta property=\"og:url\" content=\"https:\/\/www.geostru.eu\/ro\/app-mobile-device\/\" \/>\n<meta property=\"og:site_name\" content=\"GeoStru EU\" \/>\n<meta property=\"article:publisher\" content=\"https:\/\/www.facebook.com\/GeoStruSoftware\/\" \/>\n<meta property=\"article:modified_time\" content=\"2022-12-02T13:32:37+00:00\" \/>\n<meta property=\"og:image\" content=\"https:\/\/www.geostru.eu\/wp-content\/uploads\/2020\/03\/logo_app.png\" \/>\n\t<meta property=\"og:image:width\" content=\"372\" \/>\n\t<meta property=\"og:image:height\" content=\"313\" \/>\n\t<meta property=\"og:image:type\" content=\"image\/png\" \/>\n<meta name=\"twitter:card\" content=\"summary_large_image\" \/>\n<meta name=\"twitter:site\" content=\"@geostru\" \/>\n<meta name=\"twitter:label1\" content=\"Timp estimat pentru citire\" \/>\n\t<meta name=\"twitter:data1\" content=\"3 minute\" \/>\n<script type=\"application\/ld+json\" class=\"yoast-schema-graph\">{\"@context\":\"https:\/\/schema.org\",\"@graph\":[{\"@type\":\"WebPage\",\"@id\":\"https:\/\/www.geostru.eu\/ro\/app-mobile-device\/\",\"url\":\"https:\/\/www.geostru.eu\/ro\/app-mobile-device\/\",\"name\":\"Aplica\u021bii pentru dispozitivele mobile - GeoStru EU\",\"isPartOf\":{\"@id\":\"https:\/\/www.geostru.eu\/ro\/#website\"},\"primaryImageOfPage\":{\"@id\":\"https:\/\/www.geostru.eu\/ro\/app-mobile-device\/#primaryimage\"},\"image\":{\"@id\":\"https:\/\/www.geostru.eu\/ro\/app-mobile-device\/#primaryimage\"},\"thumbnailUrl\":\"https:\/\/www.geostru.eu\/wp-content\/uploads\/2020\/03\/logo_app.png\",\"datePublished\":\"2020-03-07T16:07:06+00:00\",\"dateModified\":\"2022-12-02T13:32:37+00:00\",\"breadcrumb\":{\"@id\":\"https:\/\/www.geostru.eu\/ro\/app-mobile-device\/#breadcrumb\"},\"inLanguage\":\"ro-RO\",\"potentialAction\":[{\"@type\":\"ReadAction\",\"target\":[\"https:\/\/www.geostru.eu\/ro\/app-mobile-device\/\"]}]},{\"@type\":\"ImageObject\",\"inLanguage\":\"ro-RO\",\"@id\":\"https:\/\/www.geostru.eu\/ro\/app-mobile-device\/#primaryimage\",\"url\":\"https:\/\/www.geostru.eu\/wp-content\/uploads\/2020\/03\/logo_app.png\",\"contentUrl\":\"https:\/\/www.geostru.eu\/wp-content\/uploads\/2020\/03\/logo_app.png\",\"width\":372,\"height\":313},{\"@type\":\"BreadcrumbList\",\"@id\":\"https:\/\/www.geostru.eu\/ro\/app-mobile-device\/#breadcrumb\",\"itemListElement\":[{\"@type\":\"ListItem\",\"position\":1,\"name\":\"Home\",\"item\":\"https:\/\/www.geostru.eu\/ro\/\"},{\"@type\":\"ListItem\",\"position\":2,\"name\":\"Aplica\u021bii pentru dispozitivele mobile\"}]},{\"@type\":\"WebSite\",\"@id\":\"https:\/\/www.geostru.eu\/ro\/#website\",\"url\":\"https:\/\/www.geostru.eu\/ro\/\",\"name\":\"GeoStru EU\",\"description\":\"Professionals at your service\",\"publisher\":{\"@id\":\"https:\/\/www.geostru.eu\/ro\/#organization\"},\"potentialAction\":[{\"@type\":\"SearchAction\",\"target\":{\"@type\":\"EntryPoint\",\"urlTemplate\":\"https:\/\/www.geostru.eu\/ro\/?s={search_term_string}\"},\"query-input\":{\"@type\":\"PropertyValueSpecification\",\"valueRequired\":true,\"valueName\":\"search_term_string\"}}],\"inLanguage\":\"ro-RO\"},{\"@type\":\"Organization\",\"@id\":\"https:\/\/www.geostru.eu\/ro\/#organization\",\"name\":\"GeoStru EU\",\"url\":\"https:\/\/www.geostru.eu\/ro\/\",\"logo\":{\"@type\":\"ImageObject\",\"inLanguage\":\"ro-RO\",\"@id\":\"https:\/\/www.geostru.eu\/ro\/#\/schema\/logo\/image\/\",\"url\":\"https:\/\/www.geostru.eu\/wp-content\/uploads\/2023\/02\/LOGO_GEOSTRU_educational_banner.png\",\"contentUrl\":\"https:\/\/www.geostru.eu\/wp-content\/uploads\/2023\/02\/LOGO_GEOSTRU_educational_banner.png\",\"width\":363,\"height\":115,\"caption\":\"GeoStru EU\"},\"image\":{\"@id\":\"https:\/\/www.geostru.eu\/ro\/#\/schema\/logo\/image\/\"},\"sameAs\":[\"https:\/\/www.facebook.com\/GeoStruSoftware\/\",\"https:\/\/x.com\/geostru\",\"https:\/\/www.linkedin.com\/company\/2462488\/admin\/\",\"https:\/\/www.instagram.com\/geostru\/\"]}]}<\/script>\n<!-- \/ Yoast SEO Premium plugin. -->","yoast_head_json":{"title":"Aplica\u021bii pentru dispozitivele mobile - GeoStru EU","robots":{"index":"index","follow":"follow","max-snippet":"max-snippet:-1","max-image-preview":"max-image-preview:large","max-video-preview":"max-video-preview:-1"},"canonical":"https:\/\/www.geostru.eu\/ro\/app-mobile-device\/","og_locale":"ro_RO","og_type":"article","og_title":"Aplica\u021bii pentru dispozitivele mobile","og_description":"[vc_row][vc_column][\/vc_column][\/vc_row][vc_row][vc_column width=&#8221;1\/4&#8243;][vc_single_image image=&#8221;117420&#8243; img_size=&#8221;medium&#8221;][\/vc_column][vc_column width=&#8221;3\/4&#8243;][vc_column_text] Geopix este o aplica\u021bie pentru dispozitive mobile, tablete sau smartphone-uri cu sistem de operare Android, dezvoltate \u00een special pentru geologi, ingineri \u0219i tehnicieni. Aceasta v\u0103 permite s\u0103 crea\u021bi documenta\u021bie fotografic\u0103 geolocalizat\u0103 \u00een cloud. Aplica\u021bia ste format\u0103 din: Aplica\u021bie pentru dispozitive mobile; Un tablou de bord web din care utilizatorul poate&hellip;","og_url":"https:\/\/www.geostru.eu\/ro\/app-mobile-device\/","og_site_name":"GeoStru EU","article_publisher":"https:\/\/www.facebook.com\/GeoStruSoftware\/","article_modified_time":"2022-12-02T13:32:37+00:00","og_image":[{"width":372,"height":313,"url":"https:\/\/www.geostru.eu\/wp-content\/uploads\/2020\/03\/logo_app.png","type":"image\/png"}],"twitter_card":"summary_large_image","twitter_site":"@geostru","twitter_misc":{"Timp estimat pentru citire":"3 minute"},"schema":{"@context":"https:\/\/schema.org","@graph":[{"@type":"WebPage","@id":"https:\/\/www.geostru.eu\/ro\/app-mobile-device\/","url":"https:\/\/www.geostru.eu\/ro\/app-mobile-device\/","name":"Aplica\u021bii pentru dispozitivele mobile - GeoStru EU","isPartOf":{"@id":"https:\/\/www.geostru.eu\/ro\/#website"},"primaryImageOfPage":{"@id":"https:\/\/www.geostru.eu\/ro\/app-mobile-device\/#primaryimage"},"image":{"@id":"https:\/\/www.geostru.eu\/ro\/app-mobile-device\/#primaryimage"},"thumbnailUrl":"https:\/\/www.geostru.eu\/wp-content\/uploads\/2020\/03\/logo_app.png","datePublished":"2020-03-07T16:07:06+00:00","dateModified":"2022-12-02T13:32:37+00:00","breadcrumb":{"@id":"https:\/\/www.geostru.eu\/ro\/app-mobile-device\/#breadcrumb"},"inLanguage":"ro-RO","potentialAction":[{"@type":"ReadAction","target":["https:\/\/www.geostru.eu\/ro\/app-mobile-device\/"]}]},{"@type":"ImageObject","inLanguage":"ro-RO","@id":"https:\/\/www.geostru.eu\/ro\/app-mobile-device\/#primaryimage","url":"https:\/\/www.geostru.eu\/wp-content\/uploads\/2020\/03\/logo_app.png","contentUrl":"https:\/\/www.geostru.eu\/wp-content\/uploads\/2020\/03\/logo_app.png","width":372,"height":313},{"@type":"BreadcrumbList","@id":"https:\/\/www.geostru.eu\/ro\/app-mobile-device\/#breadcrumb","itemListElement":[{"@type":"ListItem","position":1,"name":"Home","item":"https:\/\/www.geostru.eu\/ro\/"},{"@type":"ListItem","position":2,"name":"Aplica\u021bii pentru dispozitivele mobile"}]},{"@type":"WebSite","@id":"https:\/\/www.geostru.eu\/ro\/#website","url":"https:\/\/www.geostru.eu\/ro\/","name":"GeoStru EU","description":"Professionals at your service","publisher":{"@id":"https:\/\/www.geostru.eu\/ro\/#organization"},"potentialAction":[{"@type":"SearchAction","target":{"@type":"EntryPoint","urlTemplate":"https:\/\/www.geostru.eu\/ro\/?s={search_term_string}"},"query-input":{"@type":"PropertyValueSpecification","valueRequired":true,"valueName":"search_term_string"}}],"inLanguage":"ro-RO"},{"@type":"Organization","@id":"https:\/\/www.geostru.eu\/ro\/#organization","name":"GeoStru EU","url":"https:\/\/www.geostru.eu\/ro\/","logo":{"@type":"ImageObject","inLanguage":"ro-RO","@id":"https:\/\/www.geostru.eu\/ro\/#\/schema\/logo\/image\/","url":"https:\/\/www.geostru.eu\/wp-content\/uploads\/2023\/02\/LOGO_GEOSTRU_educational_banner.png","contentUrl":"https:\/\/www.geostru.eu\/wp-content\/uploads\/2023\/02\/LOGO_GEOSTRU_educational_banner.png","width":363,"height":115,"caption":"GeoStru EU"},"image":{"@id":"https:\/\/www.geostru.eu\/ro\/#\/schema\/logo\/image\/"},"sameAs":["https:\/\/www.facebook.com\/GeoStruSoftware\/","https:\/\/x.com\/geostru","https:\/\/www.linkedin.com\/company\/2462488\/admin\/","https:\/\/www.instagram.com\/geostru\/"]}]}},"_links":{"self":[{"href":"https:\/\/www.geostru.eu\/ro\/wp-json\/wp\/v2\/pages\/117523"}],"collection":[{"href":"https:\/\/www.geostru.eu\/ro\/wp-json\/wp\/v2\/pages"}],"about":[{"href":"https:\/\/www.geostru.eu\/ro\/wp-json\/wp\/v2\/types\/page"}],"author":[{"embeddable":true,"href":"https:\/\/www.geostru.eu\/ro\/wp-json\/wp\/v2\/users\/16658"}],"replies":[{"embeddable":true,"href":"https:\/\/www.geostru.eu\/ro\/wp-json\/wp\/v2\/comments?post=117523"}],"version-history":[{"count":3,"href":"https:\/\/www.geostru.eu\/ro\/wp-json\/wp\/v2\/pages\/117523\/revisions"}],"predecessor-version":[{"id":138314,"href":"https:\/\/www.geostru.eu\/ro\/wp-json\/wp\/v2\/pages\/117523\/revisions\/138314"}],"wp:featuredmedia":[{"embeddable":true,"href":"https:\/\/www.geostru.eu\/ro\/wp-json\/wp\/v2\/media\/117481"}],"wp:attachment":[{"href":"https:\/\/www.geostru.eu\/ro\/wp-json\/wp\/v2\/media?parent=117523"}],"curies":[{"name":"wp","href":"https:\/\/api.w.org\/{rel}","templated":true}]}}